{"id":118162,"date":"2023-02-16T12:55:15","date_gmt":"2023-02-16T09:55:15","guid":{"rendered":"https:\/\/jv-technoton.com\/galeria-de-instalaciones-de-equipos-technoton\/ac-01\/"},"modified":"2025-04-24T13:30:59","modified_gmt":"2025-04-24T10:30:59","slug":"ac-01","status":"publish","type":"page","link":"https:\/\/jv-technoton.com\/es\/galeria-de-instalaciones-de-equipos-technoton\/ac-01\/","title":{"rendered":"Vag\u00f3n de servicio AC-01"},"content":{"rendered":"<div class=\"wpb-content-wrapper\"><p>[vc_row][vc_column]<div class=\"ult-spacer spacer-69e18dc5d0b23\" data-id=\"69e18dc5d0b23\" data-height=\"22\" data-height-mobile=\"22\" data-height-tab=\"22\" data-height-tab-portrait=\"\" data-height-mobile-landscape=\"\" style=\"clear:both;display:block;\"><\/div><div class=\"ult-spacer spacer-69e18dc5d0b5e\" data-id=\"69e18dc5d0b5e\" data-height=\"10\" data-height-mobile=\"10\" data-height-tab=\"10\" data-height-tab-portrait=\"\" data-height-mobile-landscape=\"\" style=\"clear:both;display:block;\"><\/div><div class=\"ult-spacer spacer-69e18dc5d0b87\" data-id=\"69e18dc5d0b87\" data-height=\"10\" data-height-mobile=\"10\" data-height-tab=\"10\" data-height-tab-portrait=\"\" data-height-mobile-landscape=\"\" style=\"clear:both;display:block;\"><\/div>[vc_column_text css=\u00bb\u00bb]<\/p>\n<h2>Sistema de monitoreo para vag\u00f3n de servicio AC-01<\/h2>\n<p>[\/vc_column_text][\/vc_column][\/vc_row][vc_row bg_type=\u00bbbg_color\u00bb bg_override=\u00bbfull\u00bb bg_color_value=\u00bbrgba(124,173,214,0.11)\u00bb][vc_column width=\u00bb1\/2&#8243;][vc_column_text]<a href=\"https:\/\/jv-technoton.com\/wp-content\/uploads\/2023\/02\/2-1.webp\"><img decoding=\"async\" class=\"alignnone wp-image-89013 size-full\" title=\"Railroad fuel consumption monitoring.\" src=\"https:\/\/jv-technoton.com\/wp-content\/uploads\/2023\/02\/2-1.webp\" alt=\"Railroad telematics system\" width=\"1600\" height=\"1170\" srcset=\"https:\/\/jv-technoton.com\/wp-content\/uploads\/2023\/02\/2-1.webp 1600w, https:\/\/jv-technoton.com\/wp-content\/uploads\/2023\/02\/2-1-300x219.webp 300w, https:\/\/jv-technoton.com\/wp-content\/uploads\/2023\/02\/2-1-1024x749.webp 1024w, https:\/\/jv-technoton.com\/wp-content\/uploads\/2023\/02\/2-1-768x562.webp 768w, https:\/\/jv-technoton.com\/wp-content\/uploads\/2023\/02\/2-1-1536x1123.webp 1536w\" sizes=\"(max-width: 1600px) 100vw, 1600px\" \/><\/a>[\/vc_column_text][\/vc_column][vc_column width=\u00bb1\/2&#8243;][vc_column_text css=\u00bb\u00bb]Productos instalados:<\/p>\n<ul>\n<li><a href=\"https:\/\/jv-technoton.com\/es\/productos\/dfm-d\/\">DFM 500DK<\/a> medidor de flujo de combustible diferencial<\/li>\n<li><a href=\"https:\/\/jv-technoton.com\/es\/productos\/dut-e\/\">DUT-E CAN<\/a> sensor de nivel de combustible<\/li>\n<li><a href=\"https:\/\/jv-technoton.com\/es\/productos\/can-j1939-display\/\">MasterCAN Display35<\/a> pantalla de visualizaci\u00f3n<\/li>\n<\/ul>\n<p>[\/vc_column_text][vc_column_text css=\u00bb\u00bb]Tareas resueltas:<\/p>\n<ul>\n<li><a href=\"https:\/\/jv-technoton.com\/es\/control-del-combustible-en-el-tanque\/\">Control del combustible en el tanque<\/a><\/li>\n<li><a href=\"https:\/\/jv-technoton.com\/es\/control-de-consumo-de-combustible\/\">Control del consumo de combustible<\/a><\/li>\n<li>Monitoreo del tiempo de funcionamiento y rendimiento del motor<\/li>\n<\/ul>\n<p>[\/vc_column_text][\/vc_column][\/vc_row][vc_row][vc_column]<div class=\"ult-spacer spacer-69e18dc5d0ba9\" data-id=\"69e18dc5d0ba9\" data-height=\"22\" data-height-mobile=\"22\" data-height-tab=\"22\" data-height-tab-portrait=\"\" data-height-mobile-landscape=\"\" style=\"clear:both;display:block;\"><\/div>[\/vc_column][\/vc_row][vc_row][vc_column width=\u00bb1\/3&#8243;][vc_column_text]<a href=\"https:\/\/jv-technoton.com\/wp-content\/uploads\/2023\/02\/10-scaled.webp\"><img decoding=\"async\" class=\"alignnone wp-image-89021 size-full\" title=\"DFM installed on railroad car\" src=\"https:\/\/jv-technoton.com\/wp-content\/uploads\/2023\/02\/10-scaled.webp\" alt=\"DFM installed on railroad car\" width=\"2560\" height=\"1920\" srcset=\"https:\/\/jv-technoton.com\/wp-content\/uploads\/2023\/02\/10-scaled.webp 2560w, https:\/\/jv-technoton.com\/wp-content\/uploads\/2023\/02\/10-300x225.webp 300w, https:\/\/jv-technoton.com\/wp-content\/uploads\/2023\/02\/10-1024x768.webp 1024w, https:\/\/jv-technoton.com\/wp-content\/uploads\/2023\/02\/10-768x576.webp 768w, https:\/\/jv-technoton.com\/wp-content\/uploads\/2023\/02\/10-1536x1152.webp 1536w, https:\/\/jv-technoton.com\/wp-content\/uploads\/2023\/02\/10-2048x1536.webp 2048w\" sizes=\"(max-width: 2560px) 100vw, 2560px\" \/><\/a>[\/vc_column_text][vc_column_text css=\u00bb\u00bb]<a href=\"https:\/\/jv-technoton.com\/es\/productos\/dfm-d\/\">DFM 500DK<\/a> est\u00e1 instalado en el sistema de combustible del vag\u00f3n de servicio AC-01.[\/vc_column_text][\/vc_column][vc_column width=\u00bb1\/3&#8243;][vc_column_text]<a href=\"https:\/\/jv-technoton.com\/wp-content\/uploads\/2023\/02\/20-scaled.webp\"><img decoding=\"async\" class=\"alignnone wp-image-89020 size-full\" title=\"MasterCAN Display 35 is installed in the driver\u2019s cab\" src=\"https:\/\/jv-technoton.com\/wp-content\/uploads\/2023\/02\/20-scaled.webp\" alt=\"MasterCAN Display 35 is installed in the driver\u2019s cab\" width=\"2560\" height=\"1920\" srcset=\"https:\/\/jv-technoton.com\/wp-content\/uploads\/2023\/02\/20-scaled.webp 2560w, https:\/\/jv-technoton.com\/wp-content\/uploads\/2023\/02\/20-300x225.webp 300w, https:\/\/jv-technoton.com\/wp-content\/uploads\/2023\/02\/20-1024x768.webp 1024w, https:\/\/jv-technoton.com\/wp-content\/uploads\/2023\/02\/20-768x576.webp 768w, https:\/\/jv-technoton.com\/wp-content\/uploads\/2023\/02\/20-1536x1152.webp 1536w, https:\/\/jv-technoton.com\/wp-content\/uploads\/2023\/02\/20-2048x1536.webp 2048w\" sizes=\"(max-width: 2560px) 100vw, 2560px\" \/><\/a>[\/vc_column_text][vc_column_text css=\u00bb\u00bb]<a href=\"https:\/\/jv-technoton.com\/es\/productos\/can-j1939-display\/\">MasterCAN Display 35<\/a> est\u00e1 instalado en la cabina del conductor, lo que permite visualizar en tiempo real los datos del sensor de nivel <a href=\"https:\/\/jv-technoton.com\/es\/productos\/dut-e\/\">DUT-E CAN<\/a> y del fluj\u00f3metro <a href=\"https:\/\/jv-technoton.com\/es\/productos\/dfm-d\/\">DFM 500DK<\/a>.[\/vc_column_text][\/vc_column][vc_column width=\u00bb1\/3&#8243;][vc_column_text]<a href=\"https:\/\/jv-technoton.com\/wp-content\/uploads\/2023\/02\/30-1-scaled.webp\"><img decoding=\"async\" class=\"alignnone wp-image-89019 size-full\" title=\"MasterCAN Display35 shows parameters\" src=\"https:\/\/jv-technoton.com\/wp-content\/uploads\/2023\/02\/30-1-scaled.webp\" alt=\"average fuel consumption, total fuel consumption\" width=\"2560\" height=\"1920\" srcset=\"https:\/\/jv-technoton.com\/wp-content\/uploads\/2023\/02\/30-1-scaled.webp 2560w, https:\/\/jv-technoton.com\/wp-content\/uploads\/2023\/02\/30-1-300x225.webp 300w, https:\/\/jv-technoton.com\/wp-content\/uploads\/2023\/02\/30-1-1024x768.webp 1024w, https:\/\/jv-technoton.com\/wp-content\/uploads\/2023\/02\/30-1-768x576.webp 768w, https:\/\/jv-technoton.com\/wp-content\/uploads\/2023\/02\/30-1-1536x1152.webp 1536w, https:\/\/jv-technoton.com\/wp-content\/uploads\/2023\/02\/30-1-2048x1536.webp 2048w\" sizes=\"(max-width: 2560px) 100vw, 2560px\" \/><\/a>[\/vc_column_text][vc_column_text css=\u00bb\u00bb]<a href=\"https:\/\/jv-technoton.com\/es\/productos\/can-j1939-display\/\">MasterCAN Display 35<\/a> muestra tales par\u00e1metros como el consumo medio de combustible (l\/h), el consumo total de combustible (L), entre otros.[\/vc_column_text][\/vc_column][\/vc_row][vc_row][vc_column][vc_column_text][\/vc_column_text]<div class=\"ult-spacer spacer-69e18dc5d0bc8\" data-id=\"69e18dc5d0bc8\" data-height=\"20\" data-height-mobile=\"20\" data-height-tab=\"20\" data-height-tab-portrait=\"\" data-height-mobile-landscape=\"\" style=\"clear:both;display:block;\"><\/div>[\/vc_column][\/vc_row][vc_row][vc_column][vc_column_text css=\u00bb\u00bb]<\/p>\n<p style=\"text-align: center;\"><strong>M\u00e1s sobre el monitoreo de maquinaria ferroviaria:<\/strong><\/p>\n<p>[\/vc_column_text][\/vc_column][\/vc_row][vc_row][vc_column width=\u00bb1\/4&#8243;][vc_column_text css=\u00bb\u00bb]<a href=\"https:\/\/jv-technoton.com\/es\/casos\/control-combustible-maquinas-ferreas-locomotoras\/\"><img decoding=\"async\" class=\" wp-image-118168 aligncenter\" src=\"https:\/\/jv-technoton.com\/wp-content\/uploads\/2025\/04\/transporte-ferroviario-1.webp\" alt=\"\" width=\"186\" height=\"219\" \/><\/a>[\/vc_column_text][\/vc_column][vc_column width=\u00bb1\/2&#8243;][vc_column_text]<a href=\"https:\/\/jv-technoton.com\/es\/soluciones\/monitoreo-del-transporte-ferroviario\/\"><img decoding=\"async\" class=\"aligncenter wp-image-35382\" src=\"https:\/\/jv-technoton.com\/wp-content\/uploads\/2019\/09\/RAILROAD-MACHINERY-MONITORING.png\" alt=\"RAILROAD MACHINERY MONITORING solution\" width=\"500\" height=\"250\" srcset=\"https:\/\/jv-technoton.com\/wp-content\/uploads\/2019\/09\/RAILROAD-MACHINERY-MONITORING.png 1200w, https:\/\/jv-technoton.com\/wp-content\/uploads\/2019\/09\/RAILROAD-MACHINERY-MONITORING-300x150.png 300w, https:\/\/jv-technoton.com\/wp-content\/uploads\/2019\/09\/RAILROAD-MACHINERY-MONITORING-768x384.png 768w, https:\/\/jv-technoton.com\/wp-content\/uploads\/2019\/09\/RAILROAD-MACHINERY-MONITORING-1024x512.png 1024w\" sizes=\"(max-width: 500px) 100vw, 500px\" \/><\/a>[\/vc_column_text][\/vc_column][vc_column width=\u00bb1\/4&#8243;][vc_column_text css=\u00bb\u00bb]<a href=\"https:\/\/jv-technoton.com\/es\/casos\/control-nivel-combustible-maquinas-ferrea\/\"><img decoding=\"async\" class=\"alignnone wp-image-89246 aligncenter\" src=\"https:\/\/jv-technoton.com\/wp-content\/uploads\/2023\/02\/vehiculos-mantenimiento-via.png\" alt=\"Control preciso del nivel de combustible en m\u00e1quinas de v\u00eda f\u00e9rrea\" width=\"197\" height=\"232\" \/><\/a>[\/vc_column_text][\/vc_column][\/vc_row][vc_row][vc_column][\/vc_column][\/vc_row]<\/p>\n<\/div>","protected":false},"excerpt":{"rendered":"<p>[vc_row][vc_column][vc_column_text css=\u00bb\u00bb] Sistema de monitoreo para vag\u00f3n de servicio AC-01 [\/vc_column_text][\/vc_column][\/vc_row][vc_row bg_type=\u00bbbg_color\u00bb bg_override=\u00bbfull\u00bb bg_color_value=\u00bbrgba(124,173,214,0.11)\u00bb][vc_column width=\u00bb1\/2&#8243;][vc_column_text][\/vc_column_text][\/vc_column][vc_column width=\u00bb1\/2&#8243;][vc_column_text css=\u00bb\u00bb]Productos instalados: DFM 500DK medidor de flujo de combustible diferencial DUT-E CAN sensor de nivel de combustible MasterCAN Display35 pantalla de visualizaci\u00f3n [\/vc_column_text][vc_column_text css=\u00bb\u00bb]Tareas resueltas: Control del combustible en el tanque Control del consumo de combustible Monitoreo del tiempo [&hellip;]<\/p>\n","protected":false},"author":4,"featured_media":118164,"parent":47585,"menu_order":0,"comment_status":"closed","ping_status":"closed","template":"","meta":{"footnotes":""},"class_list":["post-118162","page","type-page","status-publish","has-post-thumbnail","hentry"],"yoast_head":"<!-- This site is optimized with the Yoast SEO plugin v27.3 - https:\/\/yoast.com\/product\/yoast-seo-wordpress\/ -->\n<title>Vag\u00f3n de servicio AC-01<\/title>\n<meta name=\"description\" content=\"Prevenci\u00f3n de robo de combustible, Monitoreo de horas de motor seg\u00fan el modo de funcionamiento, Detecci\u00f3n de fallos del motor\" \/>\n<meta name=\"robots\" content=\"index, follow, max-snippet:-1, max-image-preview:large, max-video-preview:-1\" \/>\n<link rel=\"canonical\" href=\"https:\/\/jv-technoton.com\/es\/galeria-de-instalaciones-de-equipos-technoton\/ac-01\/\" \/>\n<meta property=\"og:locale\" content=\"es_ES\" \/>\n<meta property=\"og:type\" content=\"article\" \/>\n<meta property=\"og:title\" content=\"Monitoring system for AC-01 service railcar\" \/>\n<meta property=\"og:description\" content=\"Fuel theft prevention, engine hours monitoring by operation mode, engine failure detection\" \/>\n<meta property=\"og:url\" content=\"https:\/\/jv-technoton.com\/es\/galeria-de-instalaciones-de-equipos-technoton\/ac-01\/\" \/>\n<meta property=\"og:site_name\" content=\"Technoton\" \/>\n<meta property=\"article:modified_time\" content=\"2025-04-24T10:30:59+00:00\" \/>\n<meta property=\"og:image\" content=\"https:\/\/jv-technoton.com\/wp-content\/uploads\/2023\/02\/railcar.png\" \/>\n<meta name=\"twitter:card\" content=\"summary_large_image\" \/>\n<meta name=\"twitter:label1\" content=\"Tiempo de lectura\" \/>\n\t<meta name=\"twitter:data1\" content=\"3 minutos\" \/>\n<script type=\"application\/ld+json\" class=\"yoast-schema-graph\">{\"@context\":\"https:\\\/\\\/schema.org\",\"@graph\":[{\"@type\":\"WebPage\",\"@id\":\"https:\\\/\\\/jv-technoton.com\\\/es\\\/galeria-de-instalaciones-de-equipos-technoton\\\/ac-01\\\/\",\"url\":\"https:\\\/\\\/jv-technoton.com\\\/es\\\/galeria-de-instalaciones-de-equipos-technoton\\\/ac-01\\\/\",\"name\":\"Vag\u00f3n de servicio AC-01\",\"isPartOf\":{\"@id\":\"https:\\\/\\\/jv-technoton.com\\\/#website\"},\"primaryImageOfPage\":{\"@id\":\"https:\\\/\\\/jv-technoton.com\\\/es\\\/galeria-de-instalaciones-de-equipos-technoton\\\/ac-01\\\/#primaryimage\"},\"image\":{\"@id\":\"https:\\\/\\\/jv-technoton.com\\\/es\\\/galeria-de-instalaciones-de-equipos-technoton\\\/ac-01\\\/#primaryimage\"},\"thumbnailUrl\":\"https:\\\/\\\/jv-technoton.com\\\/wp-content\\\/uploads\\\/2023\\\/02\\\/railcar.png\",\"datePublished\":\"2023-02-16T09:55:15+00:00\",\"dateModified\":\"2025-04-24T10:30:59+00:00\",\"description\":\"Prevenci\u00f3n de robo de combustible, Monitoreo de horas de motor seg\u00fan el modo de funcionamiento, Detecci\u00f3n de fallos del motor\",\"breadcrumb\":{\"@id\":\"https:\\\/\\\/jv-technoton.com\\\/es\\\/galeria-de-instalaciones-de-equipos-technoton\\\/ac-01\\\/#breadcrumb\"},\"inLanguage\":\"es\",\"potentialAction\":[{\"@type\":\"ReadAction\",\"target\":[\"https:\\\/\\\/jv-technoton.com\\\/es\\\/galeria-de-instalaciones-de-equipos-technoton\\\/ac-01\\\/\"]}]},{\"@type\":\"ImageObject\",\"inLanguage\":\"es\",\"@id\":\"https:\\\/\\\/jv-technoton.com\\\/es\\\/galeria-de-instalaciones-de-equipos-technoton\\\/ac-01\\\/#primaryimage\",\"url\":\"https:\\\/\\\/jv-technoton.com\\\/wp-content\\\/uploads\\\/2023\\\/02\\\/railcar.png\",\"contentUrl\":\"https:\\\/\\\/jv-technoton.com\\\/wp-content\\\/uploads\\\/2023\\\/02\\\/railcar.png\",\"width\":940,\"height\":485},{\"@type\":\"BreadcrumbList\",\"@id\":\"https:\\\/\\\/jv-technoton.com\\\/es\\\/galeria-de-instalaciones-de-equipos-technoton\\\/ac-01\\\/#breadcrumb\",\"itemListElement\":[{\"@type\":\"ListItem\",\"position\":1,\"name\":\"Home\",\"item\":\"https:\\\/\\\/jv-technoton.com\\\/es\\\/\"},{\"@type\":\"ListItem\",\"position\":2,\"name\":\"Galer\u00eda de instalaciones de equipos Technoton\",\"item\":\"https:\\\/\\\/jv-technoton.com\\\/es\\\/galeria-de-instalaciones-de-equipos-technoton\\\/\"},{\"@type\":\"ListItem\",\"position\":3,\"name\":\"Vag\u00f3n de servicio AC-01\"}]},{\"@type\":\"WebSite\",\"@id\":\"https:\\\/\\\/jv-technoton.com\\\/#website\",\"url\":\"https:\\\/\\\/jv-technoton.com\\\/\",\"name\":\"Advanced machinery telematics and fuel monitoring\",\"description\":\"Telem\u00e1tica para maquinaria compleja | Technoton\",\"publisher\":{\"@id\":\"https:\\\/\\\/jv-technoton.com\\\/#organization\"},\"potentialAction\":[{\"@type\":\"SearchAction\",\"target\":{\"@type\":\"EntryPoint\",\"urlTemplate\":\"https:\\\/\\\/jv-technoton.com\\\/?s={search_term_string}\"},\"query-input\":{\"@type\":\"PropertyValueSpecification\",\"valueRequired\":true,\"valueName\":\"search_term_string\"}}],\"inLanguage\":\"es\"},{\"@type\":\"Organization\",\"@id\":\"https:\\\/\\\/jv-technoton.com\\\/#organization\",\"name\":\"Technoton\",\"url\":\"https:\\\/\\\/jv-technoton.com\\\/\",\"logo\":{\"@type\":\"ImageObject\",\"inLanguage\":\"es\",\"@id\":\"https:\\\/\\\/jv-technoton.com\\\/#\\\/schema\\\/logo\\\/image\\\/\",\"url\":\"https:\\\/\\\/jv-technoton.com\\\/wp-content\\\/uploads\\\/2022\\\/02\\\/technoton_logo_web.png\",\"contentUrl\":\"https:\\\/\\\/jv-technoton.com\\\/wp-content\\\/uploads\\\/2022\\\/02\\\/technoton_logo_web.png\",\"width\":800,\"height\":329,\"caption\":\"Technoton\"},\"image\":{\"@id\":\"https:\\\/\\\/jv-technoton.com\\\/#\\\/schema\\\/logo\\\/image\\\/\"},\"sameAs\":[\"https:\\\/\\\/www.linkedin.com\\\/company\\\/technoton\"]}]}<\/script>\n<!-- \/ Yoast SEO plugin. -->","yoast_head_json":{"title":"Vag\u00f3n de servicio AC-01","description":"Prevenci\u00f3n de robo de combustible, Monitoreo de horas de motor seg\u00fan el modo de funcionamiento, Detecci\u00f3n de fallos del motor","robots":{"index":"index","follow":"follow","max-snippet":"max-snippet:-1","max-image-preview":"max-image-preview:large","max-video-preview":"max-video-preview:-1"},"canonical":"https:\/\/jv-technoton.com\/es\/galeria-de-instalaciones-de-equipos-technoton\/ac-01\/","og_locale":"es_ES","og_type":"article","og_title":"Monitoring system for AC-01 service railcar","og_description":"Fuel theft prevention, engine hours monitoring by operation mode, engine failure detection","og_url":"https:\/\/jv-technoton.com\/es\/galeria-de-instalaciones-de-equipos-technoton\/ac-01\/","og_site_name":"Technoton","article_modified_time":"2025-04-24T10:30:59+00:00","og_image":[{"url":"https:\/\/jv-technoton.com\/wp-content\/uploads\/2023\/02\/railcar.png","type":"","width":"","height":""}],"twitter_card":"summary_large_image","twitter_misc":{"Tiempo de lectura":"3 minutos"},"schema":{"@context":"https:\/\/schema.org","@graph":[{"@type":"WebPage","@id":"https:\/\/jv-technoton.com\/es\/galeria-de-instalaciones-de-equipos-technoton\/ac-01\/","url":"https:\/\/jv-technoton.com\/es\/galeria-de-instalaciones-de-equipos-technoton\/ac-01\/","name":"Vag\u00f3n de servicio AC-01","isPartOf":{"@id":"https:\/\/jv-technoton.com\/#website"},"primaryImageOfPage":{"@id":"https:\/\/jv-technoton.com\/es\/galeria-de-instalaciones-de-equipos-technoton\/ac-01\/#primaryimage"},"image":{"@id":"https:\/\/jv-technoton.com\/es\/galeria-de-instalaciones-de-equipos-technoton\/ac-01\/#primaryimage"},"thumbnailUrl":"https:\/\/jv-technoton.com\/wp-content\/uploads\/2023\/02\/railcar.png","datePublished":"2023-02-16T09:55:15+00:00","dateModified":"2025-04-24T10:30:59+00:00","description":"Prevenci\u00f3n de robo de combustible, Monitoreo de horas de motor seg\u00fan el modo de funcionamiento, Detecci\u00f3n de fallos del motor","breadcrumb":{"@id":"https:\/\/jv-technoton.com\/es\/galeria-de-instalaciones-de-equipos-technoton\/ac-01\/#breadcrumb"},"inLanguage":"es","potentialAction":[{"@type":"ReadAction","target":["https:\/\/jv-technoton.com\/es\/galeria-de-instalaciones-de-equipos-technoton\/ac-01\/"]}]},{"@type":"ImageObject","inLanguage":"es","@id":"https:\/\/jv-technoton.com\/es\/galeria-de-instalaciones-de-equipos-technoton\/ac-01\/#primaryimage","url":"https:\/\/jv-technoton.com\/wp-content\/uploads\/2023\/02\/railcar.png","contentUrl":"https:\/\/jv-technoton.com\/wp-content\/uploads\/2023\/02\/railcar.png","width":940,"height":485},{"@type":"BreadcrumbList","@id":"https:\/\/jv-technoton.com\/es\/galeria-de-instalaciones-de-equipos-technoton\/ac-01\/#breadcrumb","itemListElement":[{"@type":"ListItem","position":1,"name":"Home","item":"https:\/\/jv-technoton.com\/es\/"},{"@type":"ListItem","position":2,"name":"Galer\u00eda de instalaciones de equipos Technoton","item":"https:\/\/jv-technoton.com\/es\/galeria-de-instalaciones-de-equipos-technoton\/"},{"@type":"ListItem","position":3,"name":"Vag\u00f3n de servicio AC-01"}]},{"@type":"WebSite","@id":"https:\/\/jv-technoton.com\/#website","url":"https:\/\/jv-technoton.com\/","name":"Advanced machinery telematics and fuel monitoring","description":"Telem\u00e1tica para maquinaria compleja | Technoton","publisher":{"@id":"https:\/\/jv-technoton.com\/#organization"},"potentialAction":[{"@type":"SearchAction","target":{"@type":"EntryPoint","urlTemplate":"https:\/\/jv-technoton.com\/?s={search_term_string}"},"query-input":{"@type":"PropertyValueSpecification","valueRequired":true,"valueName":"search_term_string"}}],"inLanguage":"es"},{"@type":"Organization","@id":"https:\/\/jv-technoton.com\/#organization","name":"Technoton","url":"https:\/\/jv-technoton.com\/","logo":{"@type":"ImageObject","inLanguage":"es","@id":"https:\/\/jv-technoton.com\/#\/schema\/logo\/image\/","url":"https:\/\/jv-technoton.com\/wp-content\/uploads\/2022\/02\/technoton_logo_web.png","contentUrl":"https:\/\/jv-technoton.com\/wp-content\/uploads\/2022\/02\/technoton_logo_web.png","width":800,"height":329,"caption":"Technoton"},"image":{"@id":"https:\/\/jv-technoton.com\/#\/schema\/logo\/image\/"},"sameAs":["https:\/\/www.linkedin.com\/company\/technoton"]}]}},"rttpg_featured_image_url":{"full":["https:\/\/jv-technoton.com\/wp-content\/uploads\/2023\/02\/railcar.png",940,485,false],"landscape":["https:\/\/jv-technoton.com\/wp-content\/uploads\/2023\/02\/railcar.png",940,485,false],"portraits":["https:\/\/jv-technoton.com\/wp-content\/uploads\/2023\/02\/railcar.png",940,485,false],"thumbnail":["https:\/\/jv-technoton.com\/wp-content\/uploads\/2023\/02\/railcar-150x150.png",150,150,true],"medium":["https:\/\/jv-technoton.com\/wp-content\/uploads\/2023\/02\/railcar-300x155.png",300,155,true],"large":["https:\/\/jv-technoton.com\/wp-content\/uploads\/2023\/02\/railcar.png",640,330,false],"1536x1536":["https:\/\/jv-technoton.com\/wp-content\/uploads\/2023\/02\/railcar.png",940,485,false],"2048x2048":["https:\/\/jv-technoton.com\/wp-content\/uploads\/2023\/02\/railcar.png",940,485,false]},"rttpg_author":{"display_name":"Vlada Mostovich","author_link":"https:\/\/jv-technoton.com\/es\/author\/vlada\/"},"rttpg_comment":0,"rttpg_category":" <a href=\"https:\/\/jv-technoton.com\/es\/?taxonomy=translation_priority&#038;term=opcional\" rel=\"tag\">Opcional<\/a>","rttpg_excerpt":"[vc_row][vc_column][vc_column_text css=\u00bb\u00bb] Sistema de monitoreo para vag\u00f3n de servicio AC-01 [\/vc_column_text][\/vc_column][\/vc_row][vc_row bg_type=\u00bbbg_color\u00bb bg_override=\u00bbfull\u00bb bg_color_value=\u00bbrgba(124,173,214,0.11)\u00bb][vc_column width=\u00bb1\/2&#8243;][vc_column_text][\/vc_column_text][\/vc_column][vc_column width=\u00bb1\/2&#8243;][vc_column_text css=\u00bb\u00bb]Productos instalados: DFM 500DK medidor de flujo de combustible diferencial DUT-E CAN sensor de nivel de combustible MasterCAN Display35 pantalla de visualizaci\u00f3n [\/vc_column_text][vc_column_text css=\u00bb\u00bb]Tareas resueltas: Control del combustible en el tanque Control del consumo de combustible Monitoreo del tiempo&hellip;","_links":{"self":[{"href":"https:\/\/jv-technoton.com\/es\/wp-json\/wp\/v2\/pages\/118162","targetHints":{"allow":["GET"]}}],"collection":[{"href":"https:\/\/jv-technoton.com\/es\/wp-json\/wp\/v2\/pages"}],"about":[{"href":"https:\/\/jv-technoton.com\/es\/wp-json\/wp\/v2\/types\/page"}],"author":[{"embeddable":true,"href":"https:\/\/jv-technoton.com\/es\/wp-json\/wp\/v2\/users\/4"}],"replies":[{"embeddable":true,"href":"https:\/\/jv-technoton.com\/es\/wp-json\/wp\/v2\/comments?post=118162"}],"version-history":[{"count":0,"href":"https:\/\/jv-technoton.com\/es\/wp-json\/wp\/v2\/pages\/118162\/revisions"}],"up":[{"embeddable":true,"href":"https:\/\/jv-technoton.com\/es\/wp-json\/wp\/v2\/pages\/47585"}],"wp:featuredmedia":[{"embeddable":true,"href":"https:\/\/jv-technoton.com\/es\/wp-json\/wp\/v2\/media\/118164"}],"wp:attachment":[{"href":"https:\/\/jv-technoton.com\/es\/wp-json\/wp\/v2\/media?parent=118162"}],"curies":[{"name":"wp","href":"https:\/\/api.w.org\/{rel}","templated":true}]}}