{"id":118170,"date":"2023-05-25T13:13:42","date_gmt":"2023-05-25T10:13:42","guid":{"rendered":"https:\/\/jv-technoton.com\/galeria-de-instalaciones-de-equipos-technoton\/installation-on-cat-d7r-mining-bulldozer\/"},"modified":"2025-04-24T13:32:27","modified_gmt":"2025-04-24T10:32:27","slug":"cat-d7r-bulldozer","status":"publish","type":"page","link":"https:\/\/jv-technoton.com\/es\/galeria-de-instalaciones-de-equipos-technoton\/cat-d7r-bulldozer\/","title":{"rendered":"Instalaci\u00f3n en bulldozer minero CAT D7R"},"content":{"rendered":"<div class=\"wpb-content-wrapper\"><p>[vc_row][vc_column]<div class=\"ult-spacer spacer-69e453d7a75e5\" data-id=\"69e453d7a75e5\" data-height=\"22\" data-height-mobile=\"22\" data-height-tab=\"22\" data-height-tab-portrait=\"\" data-height-mobile-landscape=\"\" style=\"clear:both;display:block;\"><\/div>[vc_column_text css=\u00bb\u00bb]<\/p>\n<h2>Instalaci\u00f3n del medidor de flujo, sensor de nivel y unidad telem\u00e1tica inteligente en un buld\u00f3cer minero Caterpillar D7R<\/h2>\n<p>[\/vc_column_text]<div class=\"ult-spacer spacer-69e453d7a7620\" data-id=\"69e453d7a7620\" data-height=\"12\" data-height-mobile=\"12\" data-height-tab=\"12\" data-height-tab-portrait=\"\" data-height-mobile-landscape=\"\" style=\"clear:both;display:block;\"><\/div>[\/vc_column][\/vc_row][vc_row bg_type=\u00bbbg_color\u00bb bg_override=\u00bbfull\u00bb bg_color_value=\u00bbrgba(138,194,219,0.11)\u00bb][vc_column width=\u00bb1\/2&#8243;][vc_single_image image=\u00bb118172&#8243; img_size=\u00bbfull\u00bb][\/vc_column][vc_column width=\u00bb1\/2&#8243;][vc_column_text css=\u00bb\u00bb]<strong>Productos instalados:<\/strong><\/p>\n<ul>\n<li><a href=\"https:\/\/jv-technoton.com\/es\/productos\/dfm-d\/\">DFM 250D <\/a>medidor de flujo de combustible,<\/li>\n<li><a href=\"https:\/\/jv-technoton.com\/es\/productos\/dut-e-2bio\/\">DUT-E 2Bio<\/a> sensor de nivel de combustible,<\/li>\n<li><a href=\"https:\/\/jv-technoton.com\/es\/productos\/unidad-telematica-inteligente\/\">CANUp 27<\/a> unidad telem\u00e1tica inteligente.<\/li>\n<\/ul>\n<p>[\/vc_column_text][vc_column_text css=\u00bb\u00bb]<strong>Tareas resueltas:<\/strong><\/p>\n<ul>\n<li><a href=\"https:\/\/jv-technoton.com\/es\/control-de-consumo-de-combustible\/\">Control del consumo de combustible,\u00a0<\/a><\/li>\n<li><a href=\"https:\/\/jv-technoton.com\/es\/control-del-combustible-en-el-tanque\/\">Control de combustible en el tanque<\/a><\/li>\n<\/ul>\n<p>[\/vc_column_text][\/vc_column][\/vc_row][vc_row][vc_column]<div class=\"ult-spacer spacer-69e453d7a7646\" data-id=\"69e453d7a7646\" data-height=\"22\" data-height-mobile=\"22\" data-height-tab=\"22\" data-height-tab-portrait=\"\" data-height-mobile-landscape=\"\" style=\"clear:both;display:block;\"><\/div>[\/vc_column][\/vc_row][vc_row][vc_column width=\u00bb1\/2&#8243;][vc_single_image image=\u00bb92656&#8243; img_size=\u00bbfull\u00bb onclick=\u00bblink_image\u00bb][vc_column_text css=\u00bb\u00bb]El fluj\u00f3metro est\u00e1 instalado en el buld\u00f3cer minero CAT D7R.[\/vc_column_text]<div class=\"ult-spacer spacer-69e453d7a766c\" data-id=\"69e453d7a766c\" data-height=\"27\" data-height-mobile=\"27\" data-height-tab=\"27\" data-height-tab-portrait=\"\" data-height-mobile-landscape=\"\" style=\"clear:both;display:block;\"><\/div><div class=\"ult-spacer spacer-69e453d7a768a\" data-id=\"69e453d7a768a\" data-height=\"27\" data-height-mobile=\"27\" data-height-tab=\"27\" data-height-tab-portrait=\"\" data-height-mobile-landscape=\"\" style=\"clear:both;display:block;\"><\/div>[vc_single_image image=\u00bb92659&#8243; img_size=\u00bbfull\u00bb][vc_column_text css=\u00bb\u00bb]El sensor de nivel de combustible <a href=\"https:\/\/jv-technoton.com\/es\/productos\/dut-e-2bio\/\">DUT-E 2Bio <\/a>tambi\u00e9n est\u00e1 instalado en el tractor CAT. <a href=\"https:\/\/jv-technoton.com\/es\/productos\/dut-e-2bio\/\" target=\"_blank\" rel=\"noopener\">DUT-E 2Bio<\/a> mide con precisi\u00f3n el volumen de combustible llenado en el dep\u00f3sito, incluso en los tanques de forma compleja, y detecta intentos de drenaje de combustible.[\/vc_column_text][\/vc_column][vc_column width=\u00bb1\/2&#8243;][vc_single_image image=\u00bb92658&#8243; img_size=\u00bbfull\u00bb][vc_column_text css=\u00bb\u00bb]Vista detallada del <a href=\"https:\/\/jv-technoton.com\/es\/productos\/dfm-d\/\">DFM 250D<\/a> en el sistema de combustible del buld\u00f3cer.<br data-start=\"158\" data-end=\"161\" \/>El <a href=\"https:\/\/jv-technoton.com\/es\/productos\/dfm-d\/\">DFM 250D<\/a> est\u00e1 instalado en ambas l\u00edneas del sistema de combustible: suministro y retorno.[\/vc_column_text][vc_single_image image=\u00bb92657&#8243; img_size=\u00bbfull\u00bb][vc_column_text css=\u00bb\u00bb]La unidad telem\u00e1tica<a href=\"https:\/\/jv-technoton.com\/es\/productos\/unidad-telematica-inteligente\/\"> CANUp 27<\/a> est\u00e1 integrada en el sistema del topador para registrar los par\u00e1metros de funcionamiento m\u00e1s generar y enviar informes operativos al servidor telem\u00e1tico.[\/vc_column_text][\/vc_column][\/vc_row][vc_row][vc_column][vc_video link=\u00bbhttps:\/\/vimeo.com\/827597291&#8243; align=\u00bbcenter\u00bb css=\u00bb.vc_custom_1684324933578{margin-top: 0px !important;margin-bottom: 0px !important;border-top-width: 0px !important;border-bottom-width: 0px !important;}\u00bb][\/vc_column][\/vc_row][vc_row][vc_column]<div class=\"ult-spacer spacer-69e453d7a76a8\" data-id=\"69e453d7a76a8\" data-height=\"50\" data-height-mobile=\"50\" data-height-tab=\"50\" data-height-tab-portrait=\"\" data-height-mobile-landscape=\"\" style=\"clear:both;display:block;\"><\/div>[\/vc_column][\/vc_row][vc_row][vc_column][vc_column_text css=\u00bb\u00bb]<\/p>\n<p style=\"text-align: center;\"><strong>M\u00e1s sobre el monitoreo de veh\u00edculos especiales:<\/strong><\/p>\n<p>[\/vc_column_text][\/vc_column][\/vc_row][vc_row][vc_column width=\u00bb1\/3&#8243;][vc_column_text css=\u00bb\u00bb]<a href=\"https:\/\/jv-technoton.com\/es\/casos\/prevencion-robo-combustible-maquinaria-carreteras\/\"><img decoding=\"async\" class=\"wp-image-90313 aligncenter\" src=\"https:\/\/jv-technoton.com\/wp-content\/uploads\/2023\/03\/construccion-carreteras.png\" alt=\"Fuel theft prevention on road building machinery\" width=\"214\" height=\"252\" \/><\/a>[\/vc_column_text][\/vc_column][vc_column width=\u00bb1\/3&#8243;][vc_column_text css=\u00bb\u00bb]<\/p>\n<p style=\"text-align: center;\"><a href=\"https:\/\/jv-technoton.com\/es\/casos\/control-volumen-combustible-generadores\/\"><img decoding=\"async\" class=\"alignnone size-full wp-image-89574\" src=\"https:\/\/jv-technoton.com\/wp-content\/uploads\/2023\/02\/mineria.png\" alt=\"\" width=\"214\" height=\"252\" \/><\/a><\/p>\n<p>[\/vc_column_text][\/vc_column][vc_column width=\u00bb1\/3&#8243;][vc_column_text css=\u00bb\u00bb]<a href=\"https:\/\/jv-technoton.com\/es\/casos\/consumo-combustible-mineros-tecnica\/\"><img decoding=\"async\" class=\"size-full wp-image-90853 aligncenter\" src=\"https:\/\/jv-technoton.com\/wp-content\/uploads\/2023\/03\/excavadoras-esp.png\" alt=\"\" width=\"214\" height=\"252\" \/><\/a>[\/vc_column_text][\/vc_column][\/vc_row]<\/p>\n<\/div>","protected":false},"excerpt":{"rendered":"<p>[vc_row][vc_column][vc_column_text css=\u00bb\u00bb] Instalaci\u00f3n del medidor de flujo, sensor de nivel y unidad telem\u00e1tica inteligente en un buld\u00f3cer minero Caterpillar D7R [\/vc_column_text][\/vc_column][\/vc_row][vc_row bg_type=\u00bbbg_color\u00bb bg_override=\u00bbfull\u00bb bg_color_value=\u00bbrgba(138,194,219,0.11)\u00bb][vc_column width=\u00bb1\/2&#8243;][vc_single_image image=\u00bb118172&#8243; img_size=\u00bbfull\u00bb][\/vc_column][vc_column width=\u00bb1\/2&#8243;][vc_column_text css=\u00bb\u00bb]Productos instalados: DFM 250D medidor de flujo de combustible, DUT-E 2Bio sensor de nivel de combustible, CANUp 27 unidad telem\u00e1tica inteligente. [\/vc_column_text][vc_column_text css=\u00bb\u00bb]Tareas resueltas: Control del consumo [&hellip;]<\/p>\n","protected":false},"author":4,"featured_media":118172,"parent":47585,"menu_order":0,"comment_status":"closed","ping_status":"closed","template":"","meta":{"footnotes":""},"class_list":["post-118170","page","type-page","status-publish","has-post-thumbnail","hentry"],"yoast_head":"<!-- This site is optimized with the Yoast SEO plugin v27.3 - https:\/\/yoast.com\/product\/yoast-seo-wordpress\/ -->\n<title>Instalaci\u00f3n en bulldozer minero CAT D7R<\/title>\n<meta name=\"description\" content=\"Monitoreo del consumo de combustible del motor y control del nivel de combustible en un tanque de forma compleja\" \/>\n<meta name=\"robots\" content=\"index, follow, max-snippet:-1, max-image-preview:large, max-video-preview:-1\" \/>\n<link rel=\"canonical\" href=\"https:\/\/jv-technoton.com\/es\/galeria-de-instalaciones-de-equipos-technoton\/cat-d7r-bulldozer\/\" \/>\n<meta property=\"og:locale\" content=\"es_ES\" \/>\n<meta property=\"og:type\" content=\"article\" \/>\n<meta property=\"og:title\" content=\"Instalaci\u00f3n en bulldozer minero CAT D7R\" \/>\n<meta property=\"og:description\" content=\"Monitoreo del consumo de combustible del motor y control del nivel de combustible en un tanque de forma compleja\" \/>\n<meta property=\"og:url\" content=\"https:\/\/jv-technoton.com\/es\/galeria-de-instalaciones-de-equipos-technoton\/cat-d7r-bulldozer\/\" \/>\n<meta property=\"og:site_name\" content=\"Technoton\" \/>\n<meta property=\"article:modified_time\" content=\"2025-04-24T10:32:27+00:00\" \/>\n<meta property=\"og:image\" content=\"https:\/\/jv-technoton.com\/wp-content\/uploads\/2023\/05\/CAT-D7R-4-1024x567.png\" \/>\n<meta name=\"twitter:card\" content=\"summary_large_image\" \/>\n<meta name=\"twitter:label1\" content=\"Tiempo de lectura\" \/>\n\t<meta name=\"twitter:data1\" content=\"3 minutos\" \/>\n<script type=\"application\/ld+json\" class=\"yoast-schema-graph\">{\"@context\":\"https:\\\/\\\/schema.org\",\"@graph\":[{\"@type\":\"WebPage\",\"@id\":\"https:\\\/\\\/jv-technoton.com\\\/es\\\/galeria-de-instalaciones-de-equipos-technoton\\\/cat-d7r-bulldozer\\\/\",\"url\":\"https:\\\/\\\/jv-technoton.com\\\/es\\\/galeria-de-instalaciones-de-equipos-technoton\\\/cat-d7r-bulldozer\\\/\",\"name\":\"Instalaci\u00f3n en bulldozer minero CAT D7R\",\"isPartOf\":{\"@id\":\"https:\\\/\\\/jv-technoton.com\\\/#website\"},\"primaryImageOfPage\":{\"@id\":\"https:\\\/\\\/jv-technoton.com\\\/es\\\/galeria-de-instalaciones-de-equipos-technoton\\\/cat-d7r-bulldozer\\\/#primaryimage\"},\"image\":{\"@id\":\"https:\\\/\\\/jv-technoton.com\\\/es\\\/galeria-de-instalaciones-de-equipos-technoton\\\/cat-d7r-bulldozer\\\/#primaryimage\"},\"thumbnailUrl\":\"https:\\\/\\\/jv-technoton.com\\\/wp-content\\\/uploads\\\/2023\\\/05\\\/Technoton-Installation-on-a-Caterpillar-D7R-mining-bulldozer.webp\",\"datePublished\":\"2023-05-25T10:13:42+00:00\",\"dateModified\":\"2025-04-24T10:32:27+00:00\",\"description\":\"Monitoreo del consumo de combustible del motor y control del nivel de combustible en un tanque de forma compleja\",\"breadcrumb\":{\"@id\":\"https:\\\/\\\/jv-technoton.com\\\/es\\\/galeria-de-instalaciones-de-equipos-technoton\\\/cat-d7r-bulldozer\\\/#breadcrumb\"},\"inLanguage\":\"es\",\"potentialAction\":[{\"@type\":\"ReadAction\",\"target\":[\"https:\\\/\\\/jv-technoton.com\\\/es\\\/galeria-de-instalaciones-de-equipos-technoton\\\/cat-d7r-bulldozer\\\/\"]}]},{\"@type\":\"ImageObject\",\"inLanguage\":\"es\",\"@id\":\"https:\\\/\\\/jv-technoton.com\\\/es\\\/galeria-de-instalaciones-de-equipos-technoton\\\/cat-d7r-bulldozer\\\/#primaryimage\",\"url\":\"https:\\\/\\\/jv-technoton.com\\\/wp-content\\\/uploads\\\/2023\\\/05\\\/Technoton-Installation-on-a-Caterpillar-D7R-mining-bulldozer.webp\",\"contentUrl\":\"https:\\\/\\\/jv-technoton.com\\\/wp-content\\\/uploads\\\/2023\\\/05\\\/Technoton-Installation-on-a-Caterpillar-D7R-mining-bulldozer.webp\",\"width\":1600,\"height\":1200},{\"@type\":\"BreadcrumbList\",\"@id\":\"https:\\\/\\\/jv-technoton.com\\\/es\\\/galeria-de-instalaciones-de-equipos-technoton\\\/cat-d7r-bulldozer\\\/#breadcrumb\",\"itemListElement\":[{\"@type\":\"ListItem\",\"position\":1,\"name\":\"Home\",\"item\":\"https:\\\/\\\/jv-technoton.com\\\/es\\\/\"},{\"@type\":\"ListItem\",\"position\":2,\"name\":\"Galer\u00eda de instalaciones de equipos Technoton\",\"item\":\"https:\\\/\\\/jv-technoton.com\\\/es\\\/galeria-de-instalaciones-de-equipos-technoton\\\/\"},{\"@type\":\"ListItem\",\"position\":3,\"name\":\"Instalaci\u00f3n en bulldozer minero CAT D7R\"}]},{\"@type\":\"WebSite\",\"@id\":\"https:\\\/\\\/jv-technoton.com\\\/#website\",\"url\":\"https:\\\/\\\/jv-technoton.com\\\/\",\"name\":\"Advanced machinery telematics and fuel monitoring\",\"description\":\"Telem\u00e1tica para maquinaria compleja | Technoton\",\"publisher\":{\"@id\":\"https:\\\/\\\/jv-technoton.com\\\/#organization\"},\"potentialAction\":[{\"@type\":\"SearchAction\",\"target\":{\"@type\":\"EntryPoint\",\"urlTemplate\":\"https:\\\/\\\/jv-technoton.com\\\/?s={search_term_string}\"},\"query-input\":{\"@type\":\"PropertyValueSpecification\",\"valueRequired\":true,\"valueName\":\"search_term_string\"}}],\"inLanguage\":\"es\"},{\"@type\":\"Organization\",\"@id\":\"https:\\\/\\\/jv-technoton.com\\\/#organization\",\"name\":\"Technoton\",\"url\":\"https:\\\/\\\/jv-technoton.com\\\/\",\"logo\":{\"@type\":\"ImageObject\",\"inLanguage\":\"es\",\"@id\":\"https:\\\/\\\/jv-technoton.com\\\/#\\\/schema\\\/logo\\\/image\\\/\",\"url\":\"https:\\\/\\\/jv-technoton.com\\\/wp-content\\\/uploads\\\/2022\\\/02\\\/technoton_logo_web.png\",\"contentUrl\":\"https:\\\/\\\/jv-technoton.com\\\/wp-content\\\/uploads\\\/2022\\\/02\\\/technoton_logo_web.png\",\"width\":800,\"height\":329,\"caption\":\"Technoton\"},\"image\":{\"@id\":\"https:\\\/\\\/jv-technoton.com\\\/#\\\/schema\\\/logo\\\/image\\\/\"},\"sameAs\":[\"https:\\\/\\\/www.linkedin.com\\\/company\\\/technoton\"]}]}<\/script>\n<!-- \/ Yoast SEO plugin. -->","yoast_head_json":{"title":"Instalaci\u00f3n en bulldozer minero CAT D7R","description":"Monitoreo del consumo de combustible del motor y control del nivel de combustible en un tanque de forma compleja","robots":{"index":"index","follow":"follow","max-snippet":"max-snippet:-1","max-image-preview":"max-image-preview:large","max-video-preview":"max-video-preview:-1"},"canonical":"https:\/\/jv-technoton.com\/es\/galeria-de-instalaciones-de-equipos-technoton\/cat-d7r-bulldozer\/","og_locale":"es_ES","og_type":"article","og_title":"Instalaci\u00f3n en bulldozer minero CAT D7R","og_description":"Monitoreo del consumo de combustible del motor y control del nivel de combustible en un tanque de forma compleja","og_url":"https:\/\/jv-technoton.com\/es\/galeria-de-instalaciones-de-equipos-technoton\/cat-d7r-bulldozer\/","og_site_name":"Technoton","article_modified_time":"2025-04-24T10:32:27+00:00","og_image":[{"url":"https:\/\/jv-technoton.com\/wp-content\/uploads\/2023\/05\/CAT-D7R-4-1024x567.png","type":"","width":"","height":""}],"twitter_card":"summary_large_image","twitter_misc":{"Tiempo de lectura":"3 minutos"},"schema":{"@context":"https:\/\/schema.org","@graph":[{"@type":"WebPage","@id":"https:\/\/jv-technoton.com\/es\/galeria-de-instalaciones-de-equipos-technoton\/cat-d7r-bulldozer\/","url":"https:\/\/jv-technoton.com\/es\/galeria-de-instalaciones-de-equipos-technoton\/cat-d7r-bulldozer\/","name":"Instalaci\u00f3n en bulldozer minero CAT D7R","isPartOf":{"@id":"https:\/\/jv-technoton.com\/#website"},"primaryImageOfPage":{"@id":"https:\/\/jv-technoton.com\/es\/galeria-de-instalaciones-de-equipos-technoton\/cat-d7r-bulldozer\/#primaryimage"},"image":{"@id":"https:\/\/jv-technoton.com\/es\/galeria-de-instalaciones-de-equipos-technoton\/cat-d7r-bulldozer\/#primaryimage"},"thumbnailUrl":"https:\/\/jv-technoton.com\/wp-content\/uploads\/2023\/05\/Technoton-Installation-on-a-Caterpillar-D7R-mining-bulldozer.webp","datePublished":"2023-05-25T10:13:42+00:00","dateModified":"2025-04-24T10:32:27+00:00","description":"Monitoreo del consumo de combustible del motor y control del nivel de combustible en un tanque de forma compleja","breadcrumb":{"@id":"https:\/\/jv-technoton.com\/es\/galeria-de-instalaciones-de-equipos-technoton\/cat-d7r-bulldozer\/#breadcrumb"},"inLanguage":"es","potentialAction":[{"@type":"ReadAction","target":["https:\/\/jv-technoton.com\/es\/galeria-de-instalaciones-de-equipos-technoton\/cat-d7r-bulldozer\/"]}]},{"@type":"ImageObject","inLanguage":"es","@id":"https:\/\/jv-technoton.com\/es\/galeria-de-instalaciones-de-equipos-technoton\/cat-d7r-bulldozer\/#primaryimage","url":"https:\/\/jv-technoton.com\/wp-content\/uploads\/2023\/05\/Technoton-Installation-on-a-Caterpillar-D7R-mining-bulldozer.webp","contentUrl":"https:\/\/jv-technoton.com\/wp-content\/uploads\/2023\/05\/Technoton-Installation-on-a-Caterpillar-D7R-mining-bulldozer.webp","width":1600,"height":1200},{"@type":"BreadcrumbList","@id":"https:\/\/jv-technoton.com\/es\/galeria-de-instalaciones-de-equipos-technoton\/cat-d7r-bulldozer\/#breadcrumb","itemListElement":[{"@type":"ListItem","position":1,"name":"Home","item":"https:\/\/jv-technoton.com\/es\/"},{"@type":"ListItem","position":2,"name":"Galer\u00eda de instalaciones de equipos Technoton","item":"https:\/\/jv-technoton.com\/es\/galeria-de-instalaciones-de-equipos-technoton\/"},{"@type":"ListItem","position":3,"name":"Instalaci\u00f3n en bulldozer minero CAT D7R"}]},{"@type":"WebSite","@id":"https:\/\/jv-technoton.com\/#website","url":"https:\/\/jv-technoton.com\/","name":"Advanced machinery telematics and fuel monitoring","description":"Telem\u00e1tica para maquinaria compleja | Technoton","publisher":{"@id":"https:\/\/jv-technoton.com\/#organization"},"potentialAction":[{"@type":"SearchAction","target":{"@type":"EntryPoint","urlTemplate":"https:\/\/jv-technoton.com\/?s={search_term_string}"},"query-input":{"@type":"PropertyValueSpecification","valueRequired":true,"valueName":"search_term_string"}}],"inLanguage":"es"},{"@type":"Organization","@id":"https:\/\/jv-technoton.com\/#organization","name":"Technoton","url":"https:\/\/jv-technoton.com\/","logo":{"@type":"ImageObject","inLanguage":"es","@id":"https:\/\/jv-technoton.com\/#\/schema\/logo\/image\/","url":"https:\/\/jv-technoton.com\/wp-content\/uploads\/2022\/02\/technoton_logo_web.png","contentUrl":"https:\/\/jv-technoton.com\/wp-content\/uploads\/2022\/02\/technoton_logo_web.png","width":800,"height":329,"caption":"Technoton"},"image":{"@id":"https:\/\/jv-technoton.com\/#\/schema\/logo\/image\/"},"sameAs":["https:\/\/www.linkedin.com\/company\/technoton"]}]}},"rttpg_featured_image_url":{"full":["https:\/\/jv-technoton.com\/wp-content\/uploads\/2023\/05\/Technoton-Installation-on-a-Caterpillar-D7R-mining-bulldozer.webp",1600,1200,false],"landscape":["https:\/\/jv-technoton.com\/wp-content\/uploads\/2023\/05\/Technoton-Installation-on-a-Caterpillar-D7R-mining-bulldozer.webp",1600,1200,false],"portraits":["https:\/\/jv-technoton.com\/wp-content\/uploads\/2023\/05\/Technoton-Installation-on-a-Caterpillar-D7R-mining-bulldozer.webp",1600,1200,false],"thumbnail":["https:\/\/jv-technoton.com\/wp-content\/uploads\/2023\/05\/Technoton-Installation-on-a-Caterpillar-D7R-mining-bulldozer-150x150.webp",150,150,true],"medium":["https:\/\/jv-technoton.com\/wp-content\/uploads\/2023\/05\/Technoton-Installation-on-a-Caterpillar-D7R-mining-bulldozer-300x225.webp",300,225,true],"large":["https:\/\/jv-technoton.com\/wp-content\/uploads\/2023\/05\/Technoton-Installation-on-a-Caterpillar-D7R-mining-bulldozer-1024x768.webp",640,480,true],"1536x1536":["https:\/\/jv-technoton.com\/wp-content\/uploads\/2023\/05\/Technoton-Installation-on-a-Caterpillar-D7R-mining-bulldozer-1536x1152.webp",1536,1152,true],"2048x2048":["https:\/\/jv-technoton.com\/wp-content\/uploads\/2023\/05\/Technoton-Installation-on-a-Caterpillar-D7R-mining-bulldozer.webp",1600,1200,false]},"rttpg_author":{"display_name":"Vlada Mostovich","author_link":"https:\/\/jv-technoton.com\/es\/author\/vlada\/"},"rttpg_comment":0,"rttpg_category":" <a href=\"https:\/\/jv-technoton.com\/es\/?taxonomy=translation_priority&#038;term=opcional\" rel=\"tag\">Opcional<\/a>","rttpg_excerpt":"[vc_row][vc_column][vc_column_text css=\u00bb\u00bb] Instalaci\u00f3n del medidor de flujo, sensor de nivel y unidad telem\u00e1tica inteligente en un buld\u00f3cer minero Caterpillar D7R [\/vc_column_text][\/vc_column][\/vc_row][vc_row bg_type=\u00bbbg_color\u00bb bg_override=\u00bbfull\u00bb bg_color_value=\u00bbrgba(138,194,219,0.11)\u00bb][vc_column width=\u00bb1\/2&#8243;][vc_single_image image=\u00bb118172&#8243; img_size=\u00bbfull\u00bb][\/vc_column][vc_column width=\u00bb1\/2&#8243;][vc_column_text css=\u00bb\u00bb]Productos instalados: DFM 250D medidor de flujo de combustible, DUT-E 2Bio sensor de nivel de combustible, CANUp 27 unidad telem\u00e1tica inteligente. [\/vc_column_text][vc_column_text css=\u00bb\u00bb]Tareas resueltas: Control del consumo&hellip;","_links":{"self":[{"href":"https:\/\/jv-technoton.com\/es\/wp-json\/wp\/v2\/pages\/118170","targetHints":{"allow":["GET"]}}],"collection":[{"href":"https:\/\/jv-technoton.com\/es\/wp-json\/wp\/v2\/pages"}],"about":[{"href":"https:\/\/jv-technoton.com\/es\/wp-json\/wp\/v2\/types\/page"}],"author":[{"embeddable":true,"href":"https:\/\/jv-technoton.com\/es\/wp-json\/wp\/v2\/users\/4"}],"replies":[{"embeddable":true,"href":"https:\/\/jv-technoton.com\/es\/wp-json\/wp\/v2\/comments?post=118170"}],"version-history":[{"count":0,"href":"https:\/\/jv-technoton.com\/es\/wp-json\/wp\/v2\/pages\/118170\/revisions"}],"up":[{"embeddable":true,"href":"https:\/\/jv-technoton.com\/es\/wp-json\/wp\/v2\/pages\/47585"}],"wp:featuredmedia":[{"embeddable":true,"href":"https:\/\/jv-technoton.com\/es\/wp-json\/wp\/v2\/media\/118172"}],"wp:attachment":[{"href":"https:\/\/jv-technoton.com\/es\/wp-json\/wp\/v2\/media?parent=118170"}],"curies":[{"name":"wp","href":"https:\/\/api.w.org\/{rel}","templated":true}]}}