{"id":118260,"date":"2025-04-10T10:28:32","date_gmt":"2025-04-10T07:28:32","guid":{"rendered":"https:\/\/jv-technoton.com\/galeria-de-instalaciones-de-equipos-technoton\/installation-of-flow-meters-and-telematics-gateways-on-the-bus-fleet\/"},"modified":"2025-04-24T13:40:50","modified_gmt":"2025-04-24T10:40:50","slug":"installation-of-flow-meters-and-telematics-gateways-on-the-bus-fleet","status":"publish","type":"page","link":"https:\/\/jv-technoton.com\/es\/galeria-de-instalaciones-de-equipos-technoton\/installation-of-flow-meters-and-telematics-gateways-on-the-bus-fleet\/","title":{"rendered":"Installation of flow meters and telematics gateways on the bus fleet"},"content":{"rendered":"<div class=\"wpb-content-wrapper\"><p>[vc_row][vc_column]<div class=\"ult-spacer spacer-69e454302f0a0\" data-id=\"69e454302f0a0\" data-height=\"22\" data-height-mobile=\"22\" data-height-tab=\"22\" data-height-tab-portrait=\"\" data-height-mobile-landscape=\"\" style=\"clear:both;display:block;\"><\/div>[vc_column_text css=\u00bb\u00bb]<\/p>\n<h2>Instalaci\u00f3n de caudal\u00edmetros y unidades telem\u00e1ticas en una flota de autobuses<\/h2>\n<p>[\/vc_column_text]<div class=\"ult-spacer spacer-69e454302f0da\" data-id=\"69e454302f0da\" data-height=\"12\" data-height-mobile=\"12\" data-height-tab=\"12\" data-height-tab-portrait=\"\" data-height-mobile-landscape=\"\" style=\"clear:both;display:block;\"><\/div>[\/vc_column][\/vc_row][vc_row bg_type=\u00bbbg_color\u00bb bg_override=\u00bbfull\u00bb bg_color_value=\u00bbrgba(138,194,219,0.11)\u00bb][vc_column width=\u00bb1\/2&#8243;][vc_column_text]<a href=\"https:\/\/jv-technoton.com\/wp-content\/uploads\/2022\/10\/dfm.webp\"><img decoding=\"async\" class=\"alignnone wp-image-86508 size-large\" title=\"Installation of flow meters and telematics gateways on Iveco buses fleet\" src=\"https:\/\/jv-technoton.com\/wp-content\/uploads\/2022\/10\/dfm-1024x1024.webp\" alt=\"Installation of flow meters and telematics gateways on Iveco buses fleet\" width=\"640\" height=\"640\" \/><\/a>[\/vc_column_text][\/vc_column][vc_column width=\u00bb1\/2&#8243;][vc_column_text css=\u00bb\u00bb]<strong data-start=\"0\" data-end=\"48\">Sistema de monitoreo para autobuses incluye:<\/strong><\/p>\n<ul>\n<li><a href=\"https:\/\/jv-technoton.com\/es\/medidores-de-flujo-de-combustible\/medidor-de-flujo-de-combustible-inalambrico\/\">DFM 250DS7<\/a> fluj\u00f3metro de combustible inal\u00e1mbrico,<\/li>\n<li><a href=\"https:\/\/jv-technoton.com\/es\/productos\/unidad-telematica-inteligente\/\">CANUp Pro Wi-Fi<\/a> unidad telem\u00e1tica inteligente.<\/li>\n<\/ul>\n<p>[\/vc_column_text][vc_column_text css=\u00bb\u00bb]<\/p>\n<p class=\"\" data-start=\"0\" data-end=\"57\"><strong data-start=\"0\" data-end=\"57\">Tareas principales a resolver:<\/strong><\/p>\n<ul>\n<li data-start=\"61\" data-end=\"110\">Control del consumo de combustible en el autob\u00fas<\/li>\n<li data-start=\"61\" data-end=\"110\">Seguimiento GPS<\/li>\n<li data-start=\"61\" data-end=\"110\">Transferencia de datos al servidor local a trav\u00e9s de un punto de acceso Wi-Fi<\/li>\n<\/ul>\n<p>[\/vc_column_text][\/vc_column][\/vc_row][vc_row][vc_column]<div class=\"ult-spacer spacer-69e454302f101\" data-id=\"69e454302f101\" data-height=\"22\" data-height-mobile=\"22\" data-height-tab=\"22\" data-height-tab-portrait=\"\" data-height-mobile-landscape=\"\" style=\"clear:both;display:block;\"><\/div>[\/vc_column][\/vc_row][vc_row][vc_column width=\u00bb1\/3&#8243;][vc_single_image image=\u00bb86738&#8243; img_size=\u00bbfull\u00bb][vc_column_text css=\u00bb\u00bb]Los caudal\u00edmetros de combustible <a href=\"https:\/\/jv-technoton.com\/es\/medidores-de-flujo-de-combustible\/medidor-de-flujo-de-combustible-inalambrico\/\">DFM 250DS7<\/a> y unidades telem\u00e1ticas <a href=\"https:\/\/jv-technoton.com\/es\/productos\/unidad-telematica-inteligente\/\">CANUp Pro Wi-Fi\u00a0<\/a> han sido instalados\u00a0 en autobuses Iveco.[\/vc_column_text][\/vc_column][vc_column width=\u00bb1\/3&#8243;][vc_single_image image=\u00bb86693&#8243; img_size=\u00bbfull\u00bb onclick=\u00bblink_image\u00bb][vc_column_text css=\u00bb\u00bb]La unidad telem\u00e1tica <a href=\"https:\/\/jv-technoton.com\/es\/productos\/unidad-telematica-inteligente\/\">CANUp Pro Wi-Fi<\/a> ubicada en el compartimiento de pasajeros del autob\u00fas.[\/vc_column_text][\/vc_column][vc_column width=\u00bb1\/3&#8243;][vc_single_image image=\u00bb86705&#8243; img_size=\u00bbfull\u00bb][vc_column_text css=\u00bb\u00bb]La <a href=\"https:\/\/jv-technoton.com\/es\/productos\/unidad-telematica-inteligente\/\">unidad telem\u00e1tica<\/a> en el\u00a0compartimento de equipaje, encima de los asientos de los pasajeros.[\/vc_column_text][\/vc_column][\/vc_row][vc_row][vc_column]<div class=\"ult-spacer spacer-69e454302f123\" data-id=\"69e454302f123\" data-height=\"25\" data-height-mobile=\"25\" data-height-tab=\"25\" data-height-tab-portrait=\"\" data-height-mobile-landscape=\"\" style=\"clear:both;display:block;\"><\/div>[\/vc_column][\/vc_row][vc_row][vc_column width=\u00bb1\/3&#8243;][vc_single_image image=\u00bb86721&#8243; img_size=\u00bbfull\u00bb][vc_column_text css=\u00bb\u00bb]Parte del sistema de combustible solo es accesible desde la cabina del autob\u00fas.[\/vc_column_text][\/vc_column][vc_column width=\u00bb1\/3&#8243;][vc_single_image image=\u00bb86717&#8243; img_size=\u00bbfull\u00bb onclick=\u00bblink_image\u00bb][vc_column_text css=\u00bb\u00bb]Vista del sistema de combustible ubicado en el compartimiento de equipajes en la parte trasera del veh\u00edculo.[\/vc_column_text][\/vc_column][vc_column width=\u00bb1\/3&#8243;][vc_single_image image=\u00bb86725&#8243; img_size=\u00bbfull\u00bb onclick=\u00bblink_image\u00bb][vc_column_text css=\u00bb\u00bb]Filtro fino est\u00e1ndar en el sistema de combustible del autob\u00fas.[\/vc_column_text][\/vc_column][\/vc_row][vc_row][vc_column]<div class=\"ult-spacer spacer-69e454302f141\" data-id=\"69e454302f141\" data-height=\"30\" data-height-mobile=\"30\" data-height-tab=\"30\" data-height-tab-portrait=\"\" data-height-mobile-landscape=\"\" style=\"clear:both;display:block;\"><\/div>[\/vc_column][\/vc_row][vc_row][vc_column width=\u00bb1\/3&#8243;][vc_single_image image=\u00bb86746&#8243; img_size=\u00bbfull\u00bb onclick=\u00bblink_image\u00bb][vc_column_text css=\u00bb\u00bb]Desconexi\u00f3n de la l\u00ednea de combustible del filtro para su conexi\u00f3n al caudal\u00edmetro.[\/vc_column_text][\/vc_column][vc_column width=\u00bb1\/3&#8243;][vc_single_image image=\u00bb86701&#8243; img_size=\u00bbfull\u00bb onclick=\u00bblink_image\u00bb][vc_column_text css=\u00bb\u00bb]El fluj\u00f3metro instalado en la parte inferior del veh\u00edculo.[\/vc_column_text][\/vc_column][vc_column width=\u00bb1\/3&#8243;][vc_single_image image=\u00bb86729&#8243; img_size=\u00bbfull\u00bb onclick=\u00bblink_image\u00bb][vc_column_text css=\u00bb\u00bb]Vista m\u00e1s detallada del medidor de flujo de combustible inal\u00e1mbrico <a href=\"https:\/\/jv-technoton.com\/es\/medidores-de-flujo-de-combustible\/medidor-de-flujo-de-combustible-inalambrico\/\">DFM 250DS7<\/a> montado en el chasis del autob\u00fas.[\/vc_column_text][\/vc_column][\/vc_row][vc_row][vc_column]<div class=\"ult-spacer spacer-69e454302f163\" data-id=\"69e454302f163\" data-height=\"30\" data-height-mobile=\"30\" data-height-tab=\"30\" data-height-tab-portrait=\"\" data-height-mobile-landscape=\"\" style=\"clear:both;display:block;\"><\/div>[\/vc_column][\/vc_row][vc_row][vc_column][vc_column_text css=\u00bb\u00bb]<\/p>\n<p style=\"text-align: center;\"><strong>Casos \u00fatiles de instalaciones en autobuses<\/strong><\/p>\n<p>[\/vc_column_text][\/vc_column][\/vc_row][vc_row][vc_column width=\u00bb1\/4&#8243;][vc_column_text css=\u00bb\u00bb]<a href=\"https:\/\/jv-technoton.com\/es\/control-nivel-combustible-autobuses-ble\/\"><img decoding=\"async\" class=\"size-full wp-image-118268 aligncenter\" src=\"https:\/\/jv-technoton.com\/wp-content\/uploads\/2025\/04\/autobuses-urbanos.png\" alt=\"\" width=\"214\" height=\"252\" \/><\/a>[\/vc_column_text][\/vc_column][vc_column width=\u00bb1\/2&#8243;][vc_column_text css=\u00bb\u00bb]<a href=\"https:\/\/jv-technoton.com\/es\/casos\/indicador-estandar-de-volumen-de-combustible-para-autobuses\/\"><img decoding=\"async\" class=\"aligncenter wp-image-118270 size-full\" src=\"https:\/\/jv-technoton.com\/wp-content\/uploads\/2025\/04\/autobuses-aeroportuarios.webp\" alt=\"\" width=\"450\" height=\"252\" srcset=\"https:\/\/jv-technoton.com\/wp-content\/uploads\/2025\/04\/autobuses-aeroportuarios.webp 450w, https:\/\/jv-technoton.com\/wp-content\/uploads\/2025\/04\/autobuses-aeroportuarios-300x168.webp 300w\" sizes=\"(max-width: 450px) 100vw, 450px\" \/><\/a>[\/vc_column_text][\/vc_column][vc_column width=\u00bb1\/4&#8243;][vc_column_text css=\u00bb\u00bb]<a href=\"https:\/\/jv-technoton.com\/es\/casos\/monitoreo-combustible-seguimiento-gps-autobuses-eco-driving\/\"><img decoding=\"async\" class=\"size-full wp-image-118269 aligncenter\" src=\"https:\/\/jv-technoton.com\/wp-content\/uploads\/2025\/04\/autobus-combustible-gps.webp\" alt=\"\" width=\"214\" height=\"252\" \/><\/a>[\/vc_column_text][\/vc_column][\/vc_row]<\/p>\n<\/div>","protected":false},"excerpt":{"rendered":"<p>[vc_row][vc_column][vc_column_text css=\u00bb\u00bb] Instalaci\u00f3n de caudal\u00edmetros y unidades telem\u00e1ticas en una flota de autobuses [\/vc_column_text][\/vc_column][\/vc_row][vc_row bg_type=\u00bbbg_color\u00bb bg_override=\u00bbfull\u00bb bg_color_value=\u00bbrgba(138,194,219,0.11)\u00bb][vc_column width=\u00bb1\/2&#8243;][vc_column_text][\/vc_column_text][\/vc_column][vc_column width=\u00bb1\/2&#8243;][vc_column_text css=\u00bb\u00bb]Sistema de monitoreo para autobuses incluye: DFM 250DS7 fluj\u00f3metro de combustible inal\u00e1mbrico, CANUp Pro Wi-Fi unidad telem\u00e1tica inteligente. [\/vc_column_text][vc_column_text css=\u00bb\u00bb] Tareas principales a resolver: Control del consumo de combustible en el autob\u00fas Seguimiento GPS Transferencia de [&hellip;]<\/p>\n","protected":false},"author":4,"featured_media":0,"parent":47585,"menu_order":0,"comment_status":"closed","ping_status":"closed","template":"","meta":{"footnotes":""},"class_list":["post-118260","page","type-page","status-publish","hentry"],"yoast_head":"<!-- This site is optimized with the Yoast SEO plugin v27.3 - https:\/\/yoast.com\/product\/yoast-seo-wordpress\/ -->\n<title>Installation of flow meters and telematics gateways on the bus fleet<\/title>\n<meta name=\"description\" content=\"Installation of flow meters and Wi-Fi telematics gateways on Iveco bus fleet for Fuel consumption control, GPS tracking, data transferring to server via wifi hotspot\" \/>\n<meta name=\"robots\" content=\"index, follow, max-snippet:-1, max-image-preview:large, max-video-preview:-1\" \/>\n<link rel=\"canonical\" href=\"https:\/\/jv-technoton.com\/es\/galeria-de-instalaciones-de-equipos-technoton\/installation-of-flow-meters-and-telematics-gateways-on-the-bus-fleet\/\" \/>\n<meta property=\"og:locale\" content=\"es_ES\" \/>\n<meta property=\"og:type\" content=\"article\" \/>\n<meta property=\"og:title\" content=\"Installation of flow meters and telematics gateways on the bus fleet\" \/>\n<meta property=\"og:description\" content=\"Installation of flow meters and Wi-Fi telematics gateways on Iveco bus fleet for Fuel consumption control, GPS tracking, data transferring to server via wifi hotspot\" \/>\n<meta property=\"og:url\" content=\"https:\/\/jv-technoton.com\/es\/galeria-de-instalaciones-de-equipos-technoton\/installation-of-flow-meters-and-telematics-gateways-on-the-bus-fleet\/\" \/>\n<meta property=\"og:site_name\" content=\"Technoton\" \/>\n<meta property=\"article:modified_time\" content=\"2025-04-24T10:40:50+00:00\" \/>\n<meta name=\"twitter:card\" content=\"summary_large_image\" \/>\n<meta name=\"twitter:label1\" content=\"Tiempo de lectura\" \/>\n\t<meta name=\"twitter:data1\" content=\"3 minutos\" \/>\n<script type=\"application\/ld+json\" class=\"yoast-schema-graph\">{\"@context\":\"https:\\\/\\\/schema.org\",\"@graph\":[{\"@type\":\"WebPage\",\"@id\":\"https:\\\/\\\/jv-technoton.com\\\/es\\\/galeria-de-instalaciones-de-equipos-technoton\\\/installation-of-flow-meters-and-telematics-gateways-on-the-bus-fleet\\\/\",\"url\":\"https:\\\/\\\/jv-technoton.com\\\/es\\\/galeria-de-instalaciones-de-equipos-technoton\\\/installation-of-flow-meters-and-telematics-gateways-on-the-bus-fleet\\\/\",\"name\":\"Installation of flow meters and telematics gateways on the bus fleet\",\"isPartOf\":{\"@id\":\"https:\\\/\\\/jv-technoton.com\\\/#website\"},\"primaryImageOfPage\":{\"@id\":\"https:\\\/\\\/jv-technoton.com\\\/es\\\/galeria-de-instalaciones-de-equipos-technoton\\\/installation-of-flow-meters-and-telematics-gateways-on-the-bus-fleet\\\/#primaryimage\"},\"image\":{\"@id\":\"https:\\\/\\\/jv-technoton.com\\\/es\\\/galeria-de-instalaciones-de-equipos-technoton\\\/installation-of-flow-meters-and-telematics-gateways-on-the-bus-fleet\\\/#primaryimage\"},\"thumbnailUrl\":\"https:\\\/\\\/jv-technoton.com\\\/wp-content\\\/uploads\\\/2022\\\/10\\\/dfm-1024x1024.webp\",\"datePublished\":\"2025-04-10T07:28:32+00:00\",\"dateModified\":\"2025-04-24T10:40:50+00:00\",\"description\":\"Installation of flow meters and Wi-Fi telematics gateways on Iveco bus fleet for Fuel consumption control, GPS tracking, data transferring to server via wifi hotspot\",\"breadcrumb\":{\"@id\":\"https:\\\/\\\/jv-technoton.com\\\/es\\\/galeria-de-instalaciones-de-equipos-technoton\\\/installation-of-flow-meters-and-telematics-gateways-on-the-bus-fleet\\\/#breadcrumb\"},\"inLanguage\":\"es\",\"potentialAction\":[{\"@type\":\"ReadAction\",\"target\":[\"https:\\\/\\\/jv-technoton.com\\\/es\\\/galeria-de-instalaciones-de-equipos-technoton\\\/installation-of-flow-meters-and-telematics-gateways-on-the-bus-fleet\\\/\"]}]},{\"@type\":\"ImageObject\",\"inLanguage\":\"es\",\"@id\":\"https:\\\/\\\/jv-technoton.com\\\/es\\\/galeria-de-instalaciones-de-equipos-technoton\\\/installation-of-flow-meters-and-telematics-gateways-on-the-bus-fleet\\\/#primaryimage\",\"url\":\"https:\\\/\\\/jv-technoton.com\\\/wp-content\\\/uploads\\\/2022\\\/10\\\/dfm-1024x1024.webp\",\"contentUrl\":\"https:\\\/\\\/jv-technoton.com\\\/wp-content\\\/uploads\\\/2022\\\/10\\\/dfm-1024x1024.webp\"},{\"@type\":\"BreadcrumbList\",\"@id\":\"https:\\\/\\\/jv-technoton.com\\\/es\\\/galeria-de-instalaciones-de-equipos-technoton\\\/installation-of-flow-meters-and-telematics-gateways-on-the-bus-fleet\\\/#breadcrumb\",\"itemListElement\":[{\"@type\":\"ListItem\",\"position\":1,\"name\":\"Home\",\"item\":\"https:\\\/\\\/jv-technoton.com\\\/es\\\/\"},{\"@type\":\"ListItem\",\"position\":2,\"name\":\"Galer\u00eda de instalaciones de equipos Technoton\",\"item\":\"https:\\\/\\\/jv-technoton.com\\\/es\\\/galeria-de-instalaciones-de-equipos-technoton\\\/\"},{\"@type\":\"ListItem\",\"position\":3,\"name\":\"Installation of flow meters and telematics gateways on the bus fleet\"}]},{\"@type\":\"WebSite\",\"@id\":\"https:\\\/\\\/jv-technoton.com\\\/#website\",\"url\":\"https:\\\/\\\/jv-technoton.com\\\/\",\"name\":\"Advanced machinery telematics and fuel monitoring\",\"description\":\"Telem\u00e1tica para maquinaria compleja | Technoton\",\"publisher\":{\"@id\":\"https:\\\/\\\/jv-technoton.com\\\/#organization\"},\"potentialAction\":[{\"@type\":\"SearchAction\",\"target\":{\"@type\":\"EntryPoint\",\"urlTemplate\":\"https:\\\/\\\/jv-technoton.com\\\/?s={search_term_string}\"},\"query-input\":{\"@type\":\"PropertyValueSpecification\",\"valueRequired\":true,\"valueName\":\"search_term_string\"}}],\"inLanguage\":\"es\"},{\"@type\":\"Organization\",\"@id\":\"https:\\\/\\\/jv-technoton.com\\\/#organization\",\"name\":\"Technoton\",\"url\":\"https:\\\/\\\/jv-technoton.com\\\/\",\"logo\":{\"@type\":\"ImageObject\",\"inLanguage\":\"es\",\"@id\":\"https:\\\/\\\/jv-technoton.com\\\/#\\\/schema\\\/logo\\\/image\\\/\",\"url\":\"https:\\\/\\\/jv-technoton.com\\\/wp-content\\\/uploads\\\/2022\\\/02\\\/technoton_logo_web.png\",\"contentUrl\":\"https:\\\/\\\/jv-technoton.com\\\/wp-content\\\/uploads\\\/2022\\\/02\\\/technoton_logo_web.png\",\"width\":800,\"height\":329,\"caption\":\"Technoton\"},\"image\":{\"@id\":\"https:\\\/\\\/jv-technoton.com\\\/#\\\/schema\\\/logo\\\/image\\\/\"},\"sameAs\":[\"https:\\\/\\\/www.linkedin.com\\\/company\\\/technoton\"]}]}<\/script>\n<!-- \/ Yoast SEO plugin. -->","yoast_head_json":{"title":"Installation of flow meters and telematics gateways on the bus fleet","description":"Installation of flow meters and Wi-Fi telematics gateways on Iveco bus fleet for Fuel consumption control, GPS tracking, data transferring to server via wifi hotspot","robots":{"index":"index","follow":"follow","max-snippet":"max-snippet:-1","max-image-preview":"max-image-preview:large","max-video-preview":"max-video-preview:-1"},"canonical":"https:\/\/jv-technoton.com\/es\/galeria-de-instalaciones-de-equipos-technoton\/installation-of-flow-meters-and-telematics-gateways-on-the-bus-fleet\/","og_locale":"es_ES","og_type":"article","og_title":"Installation of flow meters and telematics gateways on the bus fleet","og_description":"Installation of flow meters and Wi-Fi telematics gateways on Iveco bus fleet for Fuel consumption control, GPS tracking, data transferring to server via wifi hotspot","og_url":"https:\/\/jv-technoton.com\/es\/galeria-de-instalaciones-de-equipos-technoton\/installation-of-flow-meters-and-telematics-gateways-on-the-bus-fleet\/","og_site_name":"Technoton","article_modified_time":"2025-04-24T10:40:50+00:00","twitter_card":"summary_large_image","twitter_misc":{"Tiempo de lectura":"3 minutos"},"schema":{"@context":"https:\/\/schema.org","@graph":[{"@type":"WebPage","@id":"https:\/\/jv-technoton.com\/es\/galeria-de-instalaciones-de-equipos-technoton\/installation-of-flow-meters-and-telematics-gateways-on-the-bus-fleet\/","url":"https:\/\/jv-technoton.com\/es\/galeria-de-instalaciones-de-equipos-technoton\/installation-of-flow-meters-and-telematics-gateways-on-the-bus-fleet\/","name":"Installation of flow meters and telematics gateways on the bus fleet","isPartOf":{"@id":"https:\/\/jv-technoton.com\/#website"},"primaryImageOfPage":{"@id":"https:\/\/jv-technoton.com\/es\/galeria-de-instalaciones-de-equipos-technoton\/installation-of-flow-meters-and-telematics-gateways-on-the-bus-fleet\/#primaryimage"},"image":{"@id":"https:\/\/jv-technoton.com\/es\/galeria-de-instalaciones-de-equipos-technoton\/installation-of-flow-meters-and-telematics-gateways-on-the-bus-fleet\/#primaryimage"},"thumbnailUrl":"https:\/\/jv-technoton.com\/wp-content\/uploads\/2022\/10\/dfm-1024x1024.webp","datePublished":"2025-04-10T07:28:32+00:00","dateModified":"2025-04-24T10:40:50+00:00","description":"Installation of flow meters and Wi-Fi telematics gateways on Iveco bus fleet for Fuel consumption control, GPS tracking, data transferring to server via wifi hotspot","breadcrumb":{"@id":"https:\/\/jv-technoton.com\/es\/galeria-de-instalaciones-de-equipos-technoton\/installation-of-flow-meters-and-telematics-gateways-on-the-bus-fleet\/#breadcrumb"},"inLanguage":"es","potentialAction":[{"@type":"ReadAction","target":["https:\/\/jv-technoton.com\/es\/galeria-de-instalaciones-de-equipos-technoton\/installation-of-flow-meters-and-telematics-gateways-on-the-bus-fleet\/"]}]},{"@type":"ImageObject","inLanguage":"es","@id":"https:\/\/jv-technoton.com\/es\/galeria-de-instalaciones-de-equipos-technoton\/installation-of-flow-meters-and-telematics-gateways-on-the-bus-fleet\/#primaryimage","url":"https:\/\/jv-technoton.com\/wp-content\/uploads\/2022\/10\/dfm-1024x1024.webp","contentUrl":"https:\/\/jv-technoton.com\/wp-content\/uploads\/2022\/10\/dfm-1024x1024.webp"},{"@type":"BreadcrumbList","@id":"https:\/\/jv-technoton.com\/es\/galeria-de-instalaciones-de-equipos-technoton\/installation-of-flow-meters-and-telematics-gateways-on-the-bus-fleet\/#breadcrumb","itemListElement":[{"@type":"ListItem","position":1,"name":"Home","item":"https:\/\/jv-technoton.com\/es\/"},{"@type":"ListItem","position":2,"name":"Galer\u00eda de instalaciones de equipos Technoton","item":"https:\/\/jv-technoton.com\/es\/galeria-de-instalaciones-de-equipos-technoton\/"},{"@type":"ListItem","position":3,"name":"Installation of flow meters and telematics gateways on the bus fleet"}]},{"@type":"WebSite","@id":"https:\/\/jv-technoton.com\/#website","url":"https:\/\/jv-technoton.com\/","name":"Advanced machinery telematics and fuel monitoring","description":"Telem\u00e1tica para maquinaria compleja | Technoton","publisher":{"@id":"https:\/\/jv-technoton.com\/#organization"},"potentialAction":[{"@type":"SearchAction","target":{"@type":"EntryPoint","urlTemplate":"https:\/\/jv-technoton.com\/?s={search_term_string}"},"query-input":{"@type":"PropertyValueSpecification","valueRequired":true,"valueName":"search_term_string"}}],"inLanguage":"es"},{"@type":"Organization","@id":"https:\/\/jv-technoton.com\/#organization","name":"Technoton","url":"https:\/\/jv-technoton.com\/","logo":{"@type":"ImageObject","inLanguage":"es","@id":"https:\/\/jv-technoton.com\/#\/schema\/logo\/image\/","url":"https:\/\/jv-technoton.com\/wp-content\/uploads\/2022\/02\/technoton_logo_web.png","contentUrl":"https:\/\/jv-technoton.com\/wp-content\/uploads\/2022\/02\/technoton_logo_web.png","width":800,"height":329,"caption":"Technoton"},"image":{"@id":"https:\/\/jv-technoton.com\/#\/schema\/logo\/image\/"},"sameAs":["https:\/\/www.linkedin.com\/company\/technoton"]}]}},"rttpg_featured_image_url":null,"rttpg_author":{"display_name":"Vlada Mostovich","author_link":"https:\/\/jv-technoton.com\/es\/author\/vlada\/"},"rttpg_comment":0,"rttpg_category":" <a href=\"https:\/\/jv-technoton.com\/es\/?taxonomy=translation_priority&#038;term=opcional\" rel=\"tag\">Opcional<\/a>","rttpg_excerpt":"[vc_row][vc_column][vc_column_text css=\u00bb\u00bb] Instalaci\u00f3n de caudal\u00edmetros y unidades telem\u00e1ticas en una flota de autobuses [\/vc_column_text][\/vc_column][\/vc_row][vc_row bg_type=\u00bbbg_color\u00bb bg_override=\u00bbfull\u00bb bg_color_value=\u00bbrgba(138,194,219,0.11)\u00bb][vc_column width=\u00bb1\/2&#8243;][vc_column_text][\/vc_column_text][\/vc_column][vc_column width=\u00bb1\/2&#8243;][vc_column_text css=\u00bb\u00bb]Sistema de monitoreo para autobuses incluye: DFM 250DS7 fluj\u00f3metro de combustible inal\u00e1mbrico, CANUp Pro Wi-Fi unidad telem\u00e1tica inteligente. [\/vc_column_text][vc_column_text css=\u00bb\u00bb] Tareas principales a resolver: Control del consumo de combustible en el autob\u00fas Seguimiento GPS Transferencia de&hellip;","_links":{"self":[{"href":"https:\/\/jv-technoton.com\/es\/wp-json\/wp\/v2\/pages\/118260","targetHints":{"allow":["GET"]}}],"collection":[{"href":"https:\/\/jv-technoton.com\/es\/wp-json\/wp\/v2\/pages"}],"about":[{"href":"https:\/\/jv-technoton.com\/es\/wp-json\/wp\/v2\/types\/page"}],"author":[{"embeddable":true,"href":"https:\/\/jv-technoton.com\/es\/wp-json\/wp\/v2\/users\/4"}],"replies":[{"embeddable":true,"href":"https:\/\/jv-technoton.com\/es\/wp-json\/wp\/v2\/comments?post=118260"}],"version-history":[{"count":0,"href":"https:\/\/jv-technoton.com\/es\/wp-json\/wp\/v2\/pages\/118260\/revisions"}],"up":[{"embeddable":true,"href":"https:\/\/jv-technoton.com\/es\/wp-json\/wp\/v2\/pages\/47585"}],"wp:attachment":[{"href":"https:\/\/jv-technoton.com\/es\/wp-json\/wp\/v2\/media?parent=118260"}],"curies":[{"name":"wp","href":"https:\/\/api.w.org\/{rel}","templated":true}]}}