{"id":118274,"date":"2025-04-10T10:49:10","date_gmt":"2025-04-10T07:49:10","guid":{"rendered":"https:\/\/jv-technoton.com\/galeria-de-instalaciones-de-equipos-technoton\/installing-on-caterpillar-pm620-half-lane-cold-planers\/"},"modified":"2025-07-22T10:25:06","modified_gmt":"2025-07-22T07:25:06","slug":"installing-on-caterpillar-pm620-half-lane-cold-planers","status":"publish","type":"page","link":"https:\/\/jv-technoton.com\/es\/galeria-de-instalaciones-de-equipos-technoton\/installing-on-caterpillar-pm620-half-lane-cold-planers\/","title":{"rendered":"Instalaci\u00f3n del medidor de flujo DFM en una perfiladora de pavimento en fr\u00edo CAT PM620"},"content":{"rendered":"<div class=\"wpb-content-wrapper\"><p>[vc_row][vc_column]<div class=\"ult-spacer spacer-69e1e324aa3d1\" data-id=\"69e1e324aa3d1\" data-height=\"22\" data-height-mobile=\"22\" data-height-tab=\"22\" data-height-tab-portrait=\"\" data-height-mobile-landscape=\"\" style=\"clear:both;display:block;\"><\/div><div class=\"ult-spacer spacer-69e1e324aa40d\" data-id=\"69e1e324aa40d\" data-height=\"22\" data-height-mobile=\"22\" data-height-tab=\"22\" data-height-tab-portrait=\"\" data-height-mobile-landscape=\"\" style=\"clear:both;display:block;\"><\/div>[vc_column_text css=\u00bb\u00bb]<\/p>\n<h2>Instalaci\u00f3n del medidor de flujo DFM en una perfiladora de pavimento en fr\u00edo CAT PM620<\/h2>\n<p>[\/vc_column_text]<div class=\"ult-spacer spacer-69e1e324aa435\" data-id=\"69e1e324aa435\" data-height=\"12\" data-height-mobile=\"12\" data-height-tab=\"12\" data-height-tab-portrait=\"\" data-height-mobile-landscape=\"\" style=\"clear:both;display:block;\"><\/div>[\/vc_column][\/vc_row][vc_row bg_type=\u00bbbg_color\u00bb bg_override=\u00bbfull\u00bb bg_color_value=\u00bbrgba(209,169,131,0.11)\u00bb][vc_column width=\u00bb1\/2&#8243;][vc_column_text]<img decoding=\"async\" class=\"aligncenter wp-image-88529 size-large\" title=\"CAT PM620 cold planer\" src=\"https:\/\/jv-technoton.com\/wp-content\/uploads\/2023\/02\/cold-planer-1024x600.webp\" alt=\"CAT PM620 half-lane cold planer\" width=\"640\" height=\"375\" srcset=\"https:\/\/jv-technoton.com\/wp-content\/uploads\/2023\/02\/cold-planer-1024x600.webp 1024w, https:\/\/jv-technoton.com\/wp-content\/uploads\/2023\/02\/cold-planer-300x176.webp 300w, https:\/\/jv-technoton.com\/wp-content\/uploads\/2023\/02\/cold-planer-768x450.webp 768w, https:\/\/jv-technoton.com\/wp-content\/uploads\/2023\/02\/cold-planer.webp 1228w\" sizes=\"(max-width: 640px) 100vw, 640px\" \/>[\/vc_column_text][\/vc_column][vc_column width=\u00bb1\/2&#8243;][vc_column_text css=\u00bb\u00bb]<strong>Dispositivo de Technoton implementado en el proyecto:<\/strong><\/p>\n<ul>\n<li><a href=\"https:\/\/jv-technoton.com\/es\/productos\/dfm-d\/\">DFM 500DK<\/a>\u00a0fluj\u00f3metro diferencial de combustible<\/li>\n<\/ul>\n<p>[\/vc_column_text][vc_column_text css=\u00bb\u00bb]<strong>Tareas principales a resolver<\/strong><strong>:<\/strong><\/p>\n<ul>\n<li><a href=\"https:\/\/jv-technoton.com\/es\/control-de-consumo-de-combustible\/\">Monitoreo del consumo de combustible<\/a><\/li>\n<li><a href=\"https:\/\/jv-technoton.com\/es\/tareas\/mantenimiento-predictivo\/\">Pruebas del consumo de combustible por el motor <\/a><\/li>\n<li><a href=\"\/es\/tareas\/monitoreo-del-tiempo-de-funcionamiento-y-rendimiento-del-motor\/\">Control del tiempo de funcionamiento de la m\u00e1quina<\/a><\/li>\n<\/ul>\n<p>[\/vc_column_text][\/vc_column][\/vc_row][vc_row][vc_column]<div class=\"ult-spacer spacer-69e1e324aa456\" data-id=\"69e1e324aa456\" data-height=\"22\" data-height-mobile=\"22\" data-height-tab=\"22\" data-height-tab-portrait=\"\" data-height-mobile-landscape=\"\" style=\"clear:both;display:block;\"><\/div>[\/vc_column][\/vc_row][vc_row][vc_column width=\u00bb1\/3&#8243;][vc_column_text]<img decoding=\"async\" class=\"alignnone wp-image-88543 size-large\" title=\"DFM installed on a CAT PM620\" src=\"https:\/\/jv-technoton.com\/wp-content\/uploads\/2023\/02\/60-768x1024.webp\" alt=\"DFM installed on a Caterpillar PM620\" width=\"640\" height=\"853\" srcset=\"https:\/\/jv-technoton.com\/wp-content\/uploads\/2023\/02\/60-768x1024.webp 768w, https:\/\/jv-technoton.com\/wp-content\/uploads\/2023\/02\/60-225x300.webp 225w, https:\/\/jv-technoton.com\/wp-content\/uploads\/2023\/02\/60-1152x1536.webp 1152w, https:\/\/jv-technoton.com\/wp-content\/uploads\/2023\/02\/60-1536x2048.webp 1536w, https:\/\/jv-technoton.com\/wp-content\/uploads\/2023\/02\/60-scaled.webp 1920w\" sizes=\"(max-width: 640px) 100vw, 640px\" \/>[\/vc_column_text][vc_column_text css=\u00bb\u00bb]<a href=\"https:\/\/jv-technoton.com\/es\/productos\/dfm-d\/\">DFM 500DK<\/a>\u00a0y un eliminador de gas fueron instalados en una perfiladora de pavimento en fr\u00edo Caterpillar PM620.[\/vc_column_text][\/vc_column][vc_column width=\u00bb1\/3&#8243;][vc_column_text]<img decoding=\"async\" class=\"wp-image-88532 size-large aligncenter\" title=\"CAT PM620 Cold Planers\" src=\"https:\/\/jv-technoton.com\/wp-content\/uploads\/2023\/02\/1-768x1024.webp\" alt=\"CAT PM620 Cold Planers\" width=\"640\" height=\"853\" srcset=\"https:\/\/jv-technoton.com\/wp-content\/uploads\/2023\/02\/1-768x1024.webp 768w, https:\/\/jv-technoton.com\/wp-content\/uploads\/2023\/02\/1-225x300.webp 225w, https:\/\/jv-technoton.com\/wp-content\/uploads\/2023\/02\/1-1152x1536.webp 1152w, https:\/\/jv-technoton.com\/wp-content\/uploads\/2023\/02\/1-1536x2048.webp 1536w, https:\/\/jv-technoton.com\/wp-content\/uploads\/2023\/02\/1-scaled.webp 1920w\" sizes=\"(max-width: 640px) 100vw, 640px\" \/>[\/vc_column_text][vc_column_text css=\u00bb\u00bb]PM620 es una m\u00e1quina fresadora de alta producci\u00f3n que permite la remoci\u00f3n controlada y a profundidad total de pavimentos de asfalto y concreto.[\/vc_column_text][\/vc_column][vc_column width=\u00bb1\/3&#8243;][vc_column_text]<img decoding=\"async\" class=\"alignnone wp-image-88533 size-full\" title=\"CAT PM640\" src=\"https:\/\/jv-technoton.com\/wp-content\/uploads\/2023\/02\/2-scaled.webp\" alt=\"CAT Cold Planers\" width=\"1920\" height=\"2560\" srcset=\"https:\/\/jv-technoton.com\/wp-content\/uploads\/2023\/02\/2-scaled.webp 1920w, https:\/\/jv-technoton.com\/wp-content\/uploads\/2023\/02\/2-225x300.webp 225w, https:\/\/jv-technoton.com\/wp-content\/uploads\/2023\/02\/2-768x1024.webp 768w, https:\/\/jv-technoton.com\/wp-content\/uploads\/2023\/02\/2-1152x1536.webp 1152w, https:\/\/jv-technoton.com\/wp-content\/uploads\/2023\/02\/2-1536x2048.webp 1536w\" sizes=\"(max-width: 1920px) 100vw, 1920px\" \/>[\/vc_column_text][vc_column_text css=\u00bb\u00bb]<\/p>\n<p style=\"text-align: left;\">Informaci\u00f3n general en la placa de identificaci\u00f3n de CAT.<\/p>\n<p>[\/vc_column_text][\/vc_column][\/vc_row][vc_row][vc_column width=\u00bb1\/3&#8243;][vc_column_text]<img decoding=\"async\" class=\"alignnone wp-image-88539 size-large\" title=\"DFM fuel flow meter on CAT\" src=\"https:\/\/jv-technoton.com\/wp-content\/uploads\/2023\/02\/30-768x1024.webp\" alt=\"Installed DFM 500DK fuel flow meter\" width=\"640\" height=\"853\" srcset=\"https:\/\/jv-technoton.com\/wp-content\/uploads\/2023\/02\/30-768x1024.webp 768w, https:\/\/jv-technoton.com\/wp-content\/uploads\/2023\/02\/30-225x300.webp 225w, https:\/\/jv-technoton.com\/wp-content\/uploads\/2023\/02\/30-1152x1536.webp 1152w, https:\/\/jv-technoton.com\/wp-content\/uploads\/2023\/02\/30-1536x2048.webp 1536w, https:\/\/jv-technoton.com\/wp-content\/uploads\/2023\/02\/30-scaled.webp 1920w\" sizes=\"(max-width: 640px) 100vw, 640px\" \/>[\/vc_column_text][vc_column_text css=\u00bb\u00bb]Caudal\u00edmetro de combustible <a href=\"https:\/\/jv-technoton.com\/es\/productos\/dfm-d\/\">DFM 500DK<\/a> instalado.[\/vc_column_text][\/vc_column][vc_column width=\u00bb1\/3&#8243;][vc_column_text]<img decoding=\"async\" class=\"wp-image-88538 size-large aligncenter\" title=\"DFM flowmeter and deaerator are installed in the CAT fuel system\" src=\"https:\/\/jv-technoton.com\/wp-content\/uploads\/2023\/02\/40-768x1024.webp\" alt=\"DFM flowmeter and deaerator are installed in the CAT fuel system\" width=\"640\" height=\"853\" srcset=\"https:\/\/jv-technoton.com\/wp-content\/uploads\/2023\/02\/40-768x1024.webp 768w, https:\/\/jv-technoton.com\/wp-content\/uploads\/2023\/02\/40-225x300.webp 225w, https:\/\/jv-technoton.com\/wp-content\/uploads\/2023\/02\/40-1152x1536.webp 1152w, https:\/\/jv-technoton.com\/wp-content\/uploads\/2023\/02\/40-1536x2048.webp 1536w, https:\/\/jv-technoton.com\/wp-content\/uploads\/2023\/02\/40-scaled.webp 1920w\" sizes=\"(max-width: 640px) 100vw, 640px\" \/>[\/vc_column_text][vc_column_text css=\u00bb\u00bb]Eliminador de gas instalado en el sistema de combustible para eliminar ox\u00edgeno y otros gases del combustible.<\/p>\n<p>[\/vc_column_text][\/vc_column][vc_column width=\u00bb1\/3&#8243;][vc_column_text]<img decoding=\"async\" class=\"alignnone wp-image-88531 size-large\" title=\"Fuel consumption data\" src=\"https:\/\/jv-technoton.com\/wp-content\/uploads\/2023\/02\/5-768x1024.webp\" alt=\"Fuel consumption data is displayed in the driver's cab\" width=\"640\" height=\"853\" srcset=\"https:\/\/jv-technoton.com\/wp-content\/uploads\/2023\/02\/5-768x1024.webp 768w, https:\/\/jv-technoton.com\/wp-content\/uploads\/2023\/02\/5-225x300.webp 225w, https:\/\/jv-technoton.com\/wp-content\/uploads\/2023\/02\/5-1152x1536.webp 1152w, https:\/\/jv-technoton.com\/wp-content\/uploads\/2023\/02\/5-1536x2048.webp 1536w, https:\/\/jv-technoton.com\/wp-content\/uploads\/2023\/02\/5-scaled.webp 1920w\" sizes=\"(max-width: 640px) 100vw, 640px\" \/>[\/vc_column_text][vc_column_text css=\u00bb\u00bb]Los datos de consumo de combustible se visualizan en una pantalla estacionaria en la cabina del conductor.[\/vc_column_text][\/vc_column][\/vc_row][vc_row][vc_column][vc_column_text][\/vc_column_text]<div class=\"ult-spacer spacer-69e1e324aa476\" data-id=\"69e1e324aa476\" data-height=\"20\" data-height-mobile=\"20\" data-height-tab=\"20\" data-height-tab-portrait=\"\" data-height-mobile-landscape=\"\" style=\"clear:both;display:block;\"><\/div>[\/vc_column][\/vc_row][vc_row][vc_column][vc_column_text css=\u00bb\u00bb]<\/p>\n<p style=\"text-align: center;\"><strong>M\u00e1s sobre el monitoreo de veh\u00edculos especiales:<\/strong><\/p>\n<p>[\/vc_column_text][\/vc_column][\/vc_row][vc_row][vc_column width=\u00bb1\/3&#8243;][vc_column_text css=\u00bb\u00bb]<a href=\"https:\/\/jv-technoton.com\/es\/casos\/prevencion-robo-combustible-maquinaria-carreteras\/\"><img decoding=\"async\" class=\"size-full wp-image-118282 aligncenter\" src=\"https:\/\/jv-technoton.com\/wp-content\/uploads\/2025\/04\/construccion-carreteras.webp\" alt=\"\" width=\"214\" height=\"252\" \/><\/a>[\/vc_column_text][\/vc_column][vc_column width=\u00bb1\/3&#8243;][vc_column_text css=\u00bb\u00bb]<a href=\"https:\/\/jv-technoton.com\/es\/casos\/control-volumen-combustible-generadores\/\"><img decoding=\"async\" class=\"size-full wp-image-89574 aligncenter\" src=\"https:\/\/jv-technoton.com\/wp-content\/uploads\/2023\/02\/mineria.png\" alt=\"\" width=\"214\" height=\"252\" \/><\/a>[\/vc_column_text][\/vc_column][vc_column width=\u00bb1\/3&#8243;][vc_column_text css=\u00bb\u00bb]<a href=\"https:\/\/jv-technoton.com\/es\/casos\/consumo-combustible-mineros-tecnica\/\"><img decoding=\"async\" class=\"size-full wp-image-118283 aligncenter\" src=\"https:\/\/jv-technoton.com\/wp-content\/uploads\/2025\/04\/excavadoras-esp.webp\" alt=\"\" width=\"214\" height=\"252\" \/><\/a>[\/vc_column_text][\/vc_column][\/vc_row][vc_row][vc_column][\/vc_column][\/vc_row]<\/p>\n<\/div>","protected":false},"excerpt":{"rendered":"<p>[vc_row][vc_column][vc_column_text css=\u00bb\u00bb] Instalaci\u00f3n del medidor de flujo DFM en una perfiladora de pavimento en fr\u00edo CAT PM620 [\/vc_column_text][\/vc_column][\/vc_row][vc_row bg_type=\u00bbbg_color\u00bb bg_override=\u00bbfull\u00bb bg_color_value=\u00bbrgba(209,169,131,0.11)\u00bb][vc_column width=\u00bb1\/2&#8243;][vc_column_text][\/vc_column_text][\/vc_column][vc_column width=\u00bb1\/2&#8243;][vc_column_text css=\u00bb\u00bb]Dispositivo de Technoton implementado en el proyecto: DFM 500DK\u00a0fluj\u00f3metro diferencial de combustible [\/vc_column_text][vc_column_text css=\u00bb\u00bb]Tareas principales a resolver: Monitoreo del consumo de combustible Pruebas del consumo de combustible por el motor Control del [&hellip;]<\/p>\n","protected":false},"author":4,"featured_media":0,"parent":47585,"menu_order":0,"comment_status":"closed","ping_status":"closed","template":"","meta":{"footnotes":""},"class_list":["post-118274","page","type-page","status-publish","hentry"],"yoast_head":"<!-- This site is optimized with the Yoast SEO plugin v27.3 - https:\/\/yoast.com\/product\/yoast-seo-wordpress\/ -->\n<title>Instalaci\u00f3n del medidor de flujo DFM en una perfiladora de pavimento en fr\u00edo CAT PM620<\/title>\n<meta name=\"description\" content=\"Cold planers monitoring: fuel consumption monitoring,engine testing for fuel consumption,machine running time tracking\" \/>\n<meta name=\"robots\" content=\"index, follow, max-snippet:-1, max-image-preview:large, max-video-preview:-1\" \/>\n<link rel=\"canonical\" href=\"https:\/\/jv-technoton.com\/es\/galeria-de-instalaciones-de-equipos-technoton\/installing-on-caterpillar-pm620-half-lane-cold-planers\/\" \/>\n<meta property=\"og:locale\" content=\"es_ES\" \/>\n<meta property=\"og:type\" content=\"article\" \/>\n<meta property=\"og:title\" content=\"Instalaci\u00f3n del medidor de flujo DFM en una perfiladora de pavimento en fr\u00edo CAT PM620\" \/>\n<meta property=\"og:description\" content=\"Cold planers monitoring: fuel consumption monitoring,engine testing for fuel consumption,machine running time tracking\" \/>\n<meta property=\"og:url\" content=\"https:\/\/jv-technoton.com\/es\/galeria-de-instalaciones-de-equipos-technoton\/installing-on-caterpillar-pm620-half-lane-cold-planers\/\" \/>\n<meta property=\"og:site_name\" content=\"Technoton\" \/>\n<meta property=\"article:modified_time\" content=\"2025-07-22T07:25:06+00:00\" \/>\n<meta property=\"og:image\" content=\"https:\/\/jv-technoton.com\/wp-content\/uploads\/2023\/02\/sm-cold-planer-1024x600.jpg\" \/>\n<meta name=\"twitter:card\" content=\"summary_large_image\" \/>\n<meta name=\"twitter:label1\" content=\"Tiempo de lectura\" \/>\n\t<meta name=\"twitter:data1\" content=\"3 minutos\" \/>\n<script type=\"application\/ld+json\" class=\"yoast-schema-graph\">{\"@context\":\"https:\\\/\\\/schema.org\",\"@graph\":[{\"@type\":\"WebPage\",\"@id\":\"https:\\\/\\\/jv-technoton.com\\\/es\\\/galeria-de-instalaciones-de-equipos-technoton\\\/installing-on-caterpillar-pm620-half-lane-cold-planers\\\/\",\"url\":\"https:\\\/\\\/jv-technoton.com\\\/es\\\/galeria-de-instalaciones-de-equipos-technoton\\\/installing-on-caterpillar-pm620-half-lane-cold-planers\\\/\",\"name\":\"Instalaci\u00f3n del medidor de flujo DFM en una perfiladora de pavimento en fr\u00edo CAT PM620\",\"isPartOf\":{\"@id\":\"https:\\\/\\\/jv-technoton.com\\\/#website\"},\"primaryImageOfPage\":{\"@id\":\"https:\\\/\\\/jv-technoton.com\\\/es\\\/galeria-de-instalaciones-de-equipos-technoton\\\/installing-on-caterpillar-pm620-half-lane-cold-planers\\\/#primaryimage\"},\"image\":{\"@id\":\"https:\\\/\\\/jv-technoton.com\\\/es\\\/galeria-de-instalaciones-de-equipos-technoton\\\/installing-on-caterpillar-pm620-half-lane-cold-planers\\\/#primaryimage\"},\"thumbnailUrl\":\"https:\\\/\\\/jv-technoton.com\\\/wp-content\\\/uploads\\\/2023\\\/02\\\/cold-planer-1024x600.webp\",\"datePublished\":\"2025-04-10T07:49:10+00:00\",\"dateModified\":\"2025-07-22T07:25:06+00:00\",\"description\":\"Cold planers monitoring: fuel consumption monitoring,engine testing for fuel consumption,machine running time tracking\",\"breadcrumb\":{\"@id\":\"https:\\\/\\\/jv-technoton.com\\\/es\\\/galeria-de-instalaciones-de-equipos-technoton\\\/installing-on-caterpillar-pm620-half-lane-cold-planers\\\/#breadcrumb\"},\"inLanguage\":\"es\",\"potentialAction\":[{\"@type\":\"ReadAction\",\"target\":[\"https:\\\/\\\/jv-technoton.com\\\/es\\\/galeria-de-instalaciones-de-equipos-technoton\\\/installing-on-caterpillar-pm620-half-lane-cold-planers\\\/\"]}]},{\"@type\":\"ImageObject\",\"inLanguage\":\"es\",\"@id\":\"https:\\\/\\\/jv-technoton.com\\\/es\\\/galeria-de-instalaciones-de-equipos-technoton\\\/installing-on-caterpillar-pm620-half-lane-cold-planers\\\/#primaryimage\",\"url\":\"https:\\\/\\\/jv-technoton.com\\\/wp-content\\\/uploads\\\/2023\\\/02\\\/cold-planer-1024x600.webp\",\"contentUrl\":\"https:\\\/\\\/jv-technoton.com\\\/wp-content\\\/uploads\\\/2023\\\/02\\\/cold-planer-1024x600.webp\"},{\"@type\":\"BreadcrumbList\",\"@id\":\"https:\\\/\\\/jv-technoton.com\\\/es\\\/galeria-de-instalaciones-de-equipos-technoton\\\/installing-on-caterpillar-pm620-half-lane-cold-planers\\\/#breadcrumb\",\"itemListElement\":[{\"@type\":\"ListItem\",\"position\":1,\"name\":\"Home\",\"item\":\"https:\\\/\\\/jv-technoton.com\\\/es\\\/\"},{\"@type\":\"ListItem\",\"position\":2,\"name\":\"Galer\u00eda de instalaciones de equipos Technoton\",\"item\":\"https:\\\/\\\/jv-technoton.com\\\/es\\\/galeria-de-instalaciones-de-equipos-technoton\\\/\"},{\"@type\":\"ListItem\",\"position\":3,\"name\":\"Instalaci\u00f3n del medidor de flujo DFM en una perfiladora de pavimento en fr\u00edo CAT PM620\"}]},{\"@type\":\"WebSite\",\"@id\":\"https:\\\/\\\/jv-technoton.com\\\/#website\",\"url\":\"https:\\\/\\\/jv-technoton.com\\\/\",\"name\":\"Advanced machinery telematics and fuel monitoring\",\"description\":\"Telem\u00e1tica para maquinaria compleja | Technoton\",\"publisher\":{\"@id\":\"https:\\\/\\\/jv-technoton.com\\\/#organization\"},\"potentialAction\":[{\"@type\":\"SearchAction\",\"target\":{\"@type\":\"EntryPoint\",\"urlTemplate\":\"https:\\\/\\\/jv-technoton.com\\\/?s={search_term_string}\"},\"query-input\":{\"@type\":\"PropertyValueSpecification\",\"valueRequired\":true,\"valueName\":\"search_term_string\"}}],\"inLanguage\":\"es\"},{\"@type\":\"Organization\",\"@id\":\"https:\\\/\\\/jv-technoton.com\\\/#organization\",\"name\":\"Technoton\",\"url\":\"https:\\\/\\\/jv-technoton.com\\\/\",\"logo\":{\"@type\":\"ImageObject\",\"inLanguage\":\"es\",\"@id\":\"https:\\\/\\\/jv-technoton.com\\\/#\\\/schema\\\/logo\\\/image\\\/\",\"url\":\"https:\\\/\\\/jv-technoton.com\\\/wp-content\\\/uploads\\\/2022\\\/02\\\/technoton_logo_web.png\",\"contentUrl\":\"https:\\\/\\\/jv-technoton.com\\\/wp-content\\\/uploads\\\/2022\\\/02\\\/technoton_logo_web.png\",\"width\":800,\"height\":329,\"caption\":\"Technoton\"},\"image\":{\"@id\":\"https:\\\/\\\/jv-technoton.com\\\/#\\\/schema\\\/logo\\\/image\\\/\"},\"sameAs\":[\"https:\\\/\\\/www.linkedin.com\\\/company\\\/technoton\"]}]}<\/script>\n<!-- \/ Yoast SEO plugin. -->","yoast_head_json":{"title":"Instalaci\u00f3n del medidor de flujo DFM en una perfiladora de pavimento en fr\u00edo CAT PM620","description":"Cold planers monitoring: fuel consumption monitoring,engine testing for fuel consumption,machine running time tracking","robots":{"index":"index","follow":"follow","max-snippet":"max-snippet:-1","max-image-preview":"max-image-preview:large","max-video-preview":"max-video-preview:-1"},"canonical":"https:\/\/jv-technoton.com\/es\/galeria-de-instalaciones-de-equipos-technoton\/installing-on-caterpillar-pm620-half-lane-cold-planers\/","og_locale":"es_ES","og_type":"article","og_title":"Instalaci\u00f3n del medidor de flujo DFM en una perfiladora de pavimento en fr\u00edo CAT PM620","og_description":"Cold planers monitoring: fuel consumption monitoring,engine testing for fuel consumption,machine running time tracking","og_url":"https:\/\/jv-technoton.com\/es\/galeria-de-instalaciones-de-equipos-technoton\/installing-on-caterpillar-pm620-half-lane-cold-planers\/","og_site_name":"Technoton","article_modified_time":"2025-07-22T07:25:06+00:00","og_image":[{"url":"https:\/\/jv-technoton.com\/wp-content\/uploads\/2023\/02\/sm-cold-planer-1024x600.jpg","type":"","width":"","height":""}],"twitter_card":"summary_large_image","twitter_misc":{"Tiempo de lectura":"3 minutos"},"schema":{"@context":"https:\/\/schema.org","@graph":[{"@type":"WebPage","@id":"https:\/\/jv-technoton.com\/es\/galeria-de-instalaciones-de-equipos-technoton\/installing-on-caterpillar-pm620-half-lane-cold-planers\/","url":"https:\/\/jv-technoton.com\/es\/galeria-de-instalaciones-de-equipos-technoton\/installing-on-caterpillar-pm620-half-lane-cold-planers\/","name":"Instalaci\u00f3n del medidor de flujo DFM en una perfiladora de pavimento en fr\u00edo CAT PM620","isPartOf":{"@id":"https:\/\/jv-technoton.com\/#website"},"primaryImageOfPage":{"@id":"https:\/\/jv-technoton.com\/es\/galeria-de-instalaciones-de-equipos-technoton\/installing-on-caterpillar-pm620-half-lane-cold-planers\/#primaryimage"},"image":{"@id":"https:\/\/jv-technoton.com\/es\/galeria-de-instalaciones-de-equipos-technoton\/installing-on-caterpillar-pm620-half-lane-cold-planers\/#primaryimage"},"thumbnailUrl":"https:\/\/jv-technoton.com\/wp-content\/uploads\/2023\/02\/cold-planer-1024x600.webp","datePublished":"2025-04-10T07:49:10+00:00","dateModified":"2025-07-22T07:25:06+00:00","description":"Cold planers monitoring: fuel consumption monitoring,engine testing for fuel consumption,machine running time tracking","breadcrumb":{"@id":"https:\/\/jv-technoton.com\/es\/galeria-de-instalaciones-de-equipos-technoton\/installing-on-caterpillar-pm620-half-lane-cold-planers\/#breadcrumb"},"inLanguage":"es","potentialAction":[{"@type":"ReadAction","target":["https:\/\/jv-technoton.com\/es\/galeria-de-instalaciones-de-equipos-technoton\/installing-on-caterpillar-pm620-half-lane-cold-planers\/"]}]},{"@type":"ImageObject","inLanguage":"es","@id":"https:\/\/jv-technoton.com\/es\/galeria-de-instalaciones-de-equipos-technoton\/installing-on-caterpillar-pm620-half-lane-cold-planers\/#primaryimage","url":"https:\/\/jv-technoton.com\/wp-content\/uploads\/2023\/02\/cold-planer-1024x600.webp","contentUrl":"https:\/\/jv-technoton.com\/wp-content\/uploads\/2023\/02\/cold-planer-1024x600.webp"},{"@type":"BreadcrumbList","@id":"https:\/\/jv-technoton.com\/es\/galeria-de-instalaciones-de-equipos-technoton\/installing-on-caterpillar-pm620-half-lane-cold-planers\/#breadcrumb","itemListElement":[{"@type":"ListItem","position":1,"name":"Home","item":"https:\/\/jv-technoton.com\/es\/"},{"@type":"ListItem","position":2,"name":"Galer\u00eda de instalaciones de equipos Technoton","item":"https:\/\/jv-technoton.com\/es\/galeria-de-instalaciones-de-equipos-technoton\/"},{"@type":"ListItem","position":3,"name":"Instalaci\u00f3n del medidor de flujo DFM en una perfiladora de pavimento en fr\u00edo CAT PM620"}]},{"@type":"WebSite","@id":"https:\/\/jv-technoton.com\/#website","url":"https:\/\/jv-technoton.com\/","name":"Advanced machinery telematics and fuel monitoring","description":"Telem\u00e1tica para maquinaria compleja | Technoton","publisher":{"@id":"https:\/\/jv-technoton.com\/#organization"},"potentialAction":[{"@type":"SearchAction","target":{"@type":"EntryPoint","urlTemplate":"https:\/\/jv-technoton.com\/?s={search_term_string}"},"query-input":{"@type":"PropertyValueSpecification","valueRequired":true,"valueName":"search_term_string"}}],"inLanguage":"es"},{"@type":"Organization","@id":"https:\/\/jv-technoton.com\/#organization","name":"Technoton","url":"https:\/\/jv-technoton.com\/","logo":{"@type":"ImageObject","inLanguage":"es","@id":"https:\/\/jv-technoton.com\/#\/schema\/logo\/image\/","url":"https:\/\/jv-technoton.com\/wp-content\/uploads\/2022\/02\/technoton_logo_web.png","contentUrl":"https:\/\/jv-technoton.com\/wp-content\/uploads\/2022\/02\/technoton_logo_web.png","width":800,"height":329,"caption":"Technoton"},"image":{"@id":"https:\/\/jv-technoton.com\/#\/schema\/logo\/image\/"},"sameAs":["https:\/\/www.linkedin.com\/company\/technoton"]}]}},"rttpg_featured_image_url":null,"rttpg_author":{"display_name":"Vlada Mostovich","author_link":"https:\/\/jv-technoton.com\/es\/author\/vlada\/"},"rttpg_comment":0,"rttpg_category":" <a href=\"https:\/\/jv-technoton.com\/es\/?taxonomy=translation_priority&#038;term=opcional\" rel=\"tag\">Opcional<\/a>","rttpg_excerpt":"[vc_row][vc_column][vc_column_text css=\u00bb\u00bb] Instalaci\u00f3n del medidor de flujo DFM en una perfiladora de pavimento en fr\u00edo CAT PM620 [\/vc_column_text][\/vc_column][\/vc_row][vc_row bg_type=\u00bbbg_color\u00bb bg_override=\u00bbfull\u00bb bg_color_value=\u00bbrgba(209,169,131,0.11)\u00bb][vc_column width=\u00bb1\/2&#8243;][vc_column_text][\/vc_column_text][\/vc_column][vc_column width=\u00bb1\/2&#8243;][vc_column_text css=\u00bb\u00bb]Dispositivo de Technoton implementado en el proyecto: DFM 500DK\u00a0fluj\u00f3metro diferencial de combustible [\/vc_column_text][vc_column_text css=\u00bb\u00bb]Tareas principales a resolver: Monitoreo del consumo de combustible Pruebas del consumo de combustible por el motor Control del&hellip;","_links":{"self":[{"href":"https:\/\/jv-technoton.com\/es\/wp-json\/wp\/v2\/pages\/118274","targetHints":{"allow":["GET"]}}],"collection":[{"href":"https:\/\/jv-technoton.com\/es\/wp-json\/wp\/v2\/pages"}],"about":[{"href":"https:\/\/jv-technoton.com\/es\/wp-json\/wp\/v2\/types\/page"}],"author":[{"embeddable":true,"href":"https:\/\/jv-technoton.com\/es\/wp-json\/wp\/v2\/users\/4"}],"replies":[{"embeddable":true,"href":"https:\/\/jv-technoton.com\/es\/wp-json\/wp\/v2\/comments?post=118274"}],"version-history":[{"count":0,"href":"https:\/\/jv-technoton.com\/es\/wp-json\/wp\/v2\/pages\/118274\/revisions"}],"up":[{"embeddable":true,"href":"https:\/\/jv-technoton.com\/es\/wp-json\/wp\/v2\/pages\/47585"}],"wp:attachment":[{"href":"https:\/\/jv-technoton.com\/es\/wp-json\/wp\/v2\/media?parent=118274"}],"curies":[{"name":"wp","href":"https:\/\/api.w.org\/{rel}","templated":true}]}}