{"id":118286,"date":"2025-04-10T11:03:37","date_gmt":"2025-04-10T08:03:37","guid":{"rendered":"https:\/\/jv-technoton.com\/galeria-de-instalaciones-de-equipos-technoton\/fuel-flow-meter-installation-on-a-lamborghini-tractor\/"},"modified":"2025-04-24T13:59:09","modified_gmt":"2025-04-24T10:59:09","slug":"fuel-flow-meter-installation-on-a-lamborghini-tractor","status":"publish","type":"page","link":"https:\/\/jv-technoton.com\/es\/galeria-de-instalaciones-de-equipos-technoton\/fuel-flow-meter-installation-on-a-lamborghini-tractor\/","title":{"rendered":"Instalaci\u00f3n del medidor de flujo de combustible en un tractor Lamborghini"},"content":{"rendered":"<div class=\"wpb-content-wrapper\"><p>[vc_row][vc_column]<div class=\"ult-spacer spacer-69e9580e50c49\" data-id=\"69e9580e50c49\" data-height=\"22\" data-height-mobile=\"22\" data-height-tab=\"22\" data-height-tab-portrait=\"\" data-height-mobile-landscape=\"\" style=\"clear:both;display:block;\"><\/div><div class=\"ult-spacer spacer-69e9580e50c8f\" data-id=\"69e9580e50c8f\" data-height=\"10\" data-height-mobile=\"10\" data-height-tab=\"10\" data-height-tab-portrait=\"\" data-height-mobile-landscape=\"\" style=\"clear:both;display:block;\"><\/div>[vc_column_text css=\u00bb\u00bb]<\/p>\n<h2>Instalaci\u00f3n del medidor de flujo de combustible en un tractor Lamborghini<\/h2>\n<p>[\/vc_column_text]<div class=\"ult-spacer spacer-69e9580e50cbd\" data-id=\"69e9580e50cbd\" data-height=\"10\" data-height-mobile=\"10\" data-height-tab=\"10\" data-height-tab-portrait=\"\" data-height-mobile-landscape=\"\" style=\"clear:both;display:block;\"><\/div>[\/vc_column][\/vc_row][vc_row bg_type=\u00bbbg_color\u00bb bg_override=\u00bbfull\u00bb bg_color_value=\u00bbrgba(216,188,101,0.11)\u00bb][vc_column width=\u00bb1\/2&#8243;][vc_column_text]<img loading=\"lazy\" decoding=\"async\" class=\"alignnone wp-image-90529 size-full\" title=\"Fuel flow meter Installation on a Lamborghini tractor\" src=\"https:\/\/jv-technoton.com\/wp-content\/uploads\/2023\/03\/6482652-39142563-2.webp\" alt=\"Lamborghini tractor\" width=\"932\" height=\"590\" srcset=\"https:\/\/jv-technoton.com\/wp-content\/uploads\/2023\/03\/6482652-39142563-2.webp 932w, https:\/\/jv-technoton.com\/wp-content\/uploads\/2023\/03\/6482652-39142563-2-300x190.webp 300w, https:\/\/jv-technoton.com\/wp-content\/uploads\/2023\/03\/6482652-39142563-2-768x486.webp 768w\" sizes=\"auto, (max-width: 932px) 100vw, 932px\" \/>[\/vc_column_text][\/vc_column][vc_column width=\u00bb1\/2&#8243;][vc_column_text css=\u00bb\u00bb]<strong>Dispositivo<\/strong><strong> instalado:<\/strong><\/p>\n<ul>\n<li><a href=\"https:\/\/jv-technoton.com\/es\/productos\/dfm-d\/\">DFM 500DK<\/a>\u00a0fluj\u00f3metro diferencial de combustible<\/li>\n<\/ul>\n<p>[\/vc_column_text][vc_column_text css=\u00bb\u00bb]<strong>Tareas resueltas:<\/strong><\/p>\n<ul>\n<li><a href=\"https:\/\/jv-technoton.com\/es\/control-de-consumo-de-combustible\/\">Monitoreo del consumo de combustible<\/a><\/li>\n<li><a href=\"https:\/\/jv-technoton.com\/es\/control-del-combustible-en-el-tanque\/\">Control del tiempo de funcionamiento de la maquinaria<\/a><\/li>\n<li><a href=\"https:\/\/jv-technoton.com\/es\/tareas\/mantenimiento-predictivo\/\">Diagn\u00f3stico remoto del motor<\/a><\/li>\n<\/ul>\n<p>[\/vc_column_text][\/vc_column][\/vc_row][vc_row][vc_column]<div class=\"ult-spacer spacer-69e9580e50ce3\" data-id=\"69e9580e50ce3\" data-height=\"22\" data-height-mobile=\"22\" data-height-tab=\"22\" data-height-tab-portrait=\"\" data-height-mobile-landscape=\"\" style=\"clear:both;display:block;\"><\/div>[\/vc_column][\/vc_row][vc_row][vc_column width=\u00bb1\/3&#8243;][vc_column_text]<img loading=\"lazy\" decoding=\"async\" class=\"alignnone wp-image-90537 size-full\" title=\"Installation on a Lamborghini tractor\" src=\"https:\/\/jv-technoton.com\/wp-content\/uploads\/2023\/03\/Lamborghini-tractor-scaled.webp\" alt=\"Lamborghini tractor\" width=\"1920\" height=\"2560\" srcset=\"https:\/\/jv-technoton.com\/wp-content\/uploads\/2023\/03\/Lamborghini-tractor-scaled.webp 1920w, https:\/\/jv-technoton.com\/wp-content\/uploads\/2023\/03\/Lamborghini-tractor-225x300.webp 225w, https:\/\/jv-technoton.com\/wp-content\/uploads\/2023\/03\/Lamborghini-tractor-768x1024.webp 768w, https:\/\/jv-technoton.com\/wp-content\/uploads\/2023\/03\/Lamborghini-tractor-1152x1536.webp 1152w, https:\/\/jv-technoton.com\/wp-content\/uploads\/2023\/03\/Lamborghini-tractor-1536x2048.webp 1536w\" sizes=\"auto, (max-width: 1920px) 100vw, 1920px\" \/>[\/vc_column_text][vc_column_text]El <a href=\"https:\/\/jv-technoton.com\/es\/productos\/dfm-d\/\">caudal\u00edmetro fue<\/a> instalado en un tractor Lamborghini.[\/vc_column_text][\/vc_column][vc_column width=\u00bb1\/3&#8243;][vc_column_text]<img loading=\"lazy\" decoding=\"async\" class=\"alignnone wp-image-90534 size-full\" title=\"DFM flow meter was installed in the tractor\u2019s fuel system\" src=\"https:\/\/jv-technoton.com\/wp-content\/uploads\/2023\/03\/Lamborghini-tractor-1-scaled.webp\" alt=\"flow meter was installed in the tractor\u2019s fuel system\" width=\"1920\" height=\"2560\" srcset=\"https:\/\/jv-technoton.com\/wp-content\/uploads\/2023\/03\/Lamborghini-tractor-1-scaled.webp 1920w, https:\/\/jv-technoton.com\/wp-content\/uploads\/2023\/03\/Lamborghini-tractor-1-225x300.webp 225w, https:\/\/jv-technoton.com\/wp-content\/uploads\/2023\/03\/Lamborghini-tractor-1-768x1024.webp 768w, https:\/\/jv-technoton.com\/wp-content\/uploads\/2023\/03\/Lamborghini-tractor-1-1152x1536.webp 1152w, https:\/\/jv-technoton.com\/wp-content\/uploads\/2023\/03\/Lamborghini-tractor-1-1536x2048.webp 1536w\" sizes=\"auto, (max-width: 1920px) 100vw, 1920px\" \/>[\/vc_column_text][vc_column_text css=\u00bb\u00bb]<a href=\"https:\/\/jv-technoton.com\/es\/productos\/dfm-d\/\">DFM 500DK<\/a>\u00a0est\u00e1 integrado en el sistema de combustible del tractor, que tambi\u00e9n pasa por debajo de la cabina del conductor.[\/vc_column_text][\/vc_column][vc_column width=\u00bb1\/3&#8243;][vc_column_text]<img loading=\"lazy\" decoding=\"async\" class=\"alignnone wp-image-90535 size-full\" title=\"Differential flow meter on Lamborghini tractor\" src=\"https:\/\/jv-technoton.com\/wp-content\/uploads\/2023\/03\/Lamborghini-tractor-2-scaled.webp\" alt=\" DFM D on Lamborghini tractor\" width=\"1920\" height=\"2560\" srcset=\"https:\/\/jv-technoton.com\/wp-content\/uploads\/2023\/03\/Lamborghini-tractor-2-scaled.webp 1920w, https:\/\/jv-technoton.com\/wp-content\/uploads\/2023\/03\/Lamborghini-tractor-2-225x300.webp 225w, https:\/\/jv-technoton.com\/wp-content\/uploads\/2023\/03\/Lamborghini-tractor-2-768x1024.webp 768w, https:\/\/jv-technoton.com\/wp-content\/uploads\/2023\/03\/Lamborghini-tractor-2-1152x1536.webp 1152w, https:\/\/jv-technoton.com\/wp-content\/uploads\/2023\/03\/Lamborghini-tractor-2-1536x2048.webp 1536w\" sizes=\"auto, (max-width: 1920px) 100vw, 1920px\" \/>[\/vc_column_text][vc_column_text css=\u00bb\u00bb]El\u00a0<a href=\"https:\/\/jv-technoton.com\/es\/productos\/dfm-d\/\">fluj\u00f3metro diferencial cuenta<\/a>\u00a0con dos c\u00e1maras de medici\u00f3n para las l\u00edneas de suministro y retorno de combustible: mide flujos en cada una de las l\u00edneas y calcula la diferencia entre esos.[\/vc_column_text][\/vc_column][\/vc_row][vc_row][vc_column width=\u00bb2\/3&#8243;][vc_column_text]<a href=\"https:\/\/jv-technoton.com\/wp-content\/uploads\/2023\/03\/Lamborghini-tractor-4-scaled.webp\"><img loading=\"lazy\" decoding=\"async\" class=\"alignnone wp-image-90596 size-full\" title=\"Supply and return fuel consumption data\" src=\"https:\/\/jv-technoton.com\/wp-content\/uploads\/2023\/03\/Lamborghini-tractor-4-scaled.webp\" alt=\"Supply and return fuel consumption\" width=\"2560\" height=\"1920\" srcset=\"https:\/\/jv-technoton.com\/wp-content\/uploads\/2023\/03\/Lamborghini-tractor-4-scaled.webp 2560w, https:\/\/jv-technoton.com\/wp-content\/uploads\/2023\/03\/Lamborghini-tractor-4-300x225.webp 300w, https:\/\/jv-technoton.com\/wp-content\/uploads\/2023\/03\/Lamborghini-tractor-4-1024x768.webp 1024w, https:\/\/jv-technoton.com\/wp-content\/uploads\/2023\/03\/Lamborghini-tractor-4-768x576.webp 768w, https:\/\/jv-technoton.com\/wp-content\/uploads\/2023\/03\/Lamborghini-tractor-4-1536x1152.webp 1536w, https:\/\/jv-technoton.com\/wp-content\/uploads\/2023\/03\/Lamborghini-tractor-4-2048x1536.webp 2048w\" sizes=\"auto, (max-width: 2560px) 100vw, 2560px\" \/><\/a>[\/vc_column_text][\/vc_column][vc_column width=\u00bb1\/3&#8243;][vc_column_text css=\u00bb\u00bb]Ejemplo de gr\u00e1fico (l\/h) con datos de consumo de combustible: diferencial, suministro y retorno.[\/vc_column_text][\/vc_column][\/vc_row][vc_row][vc_column][vc_column_text][\/vc_column_text]<div class=\"ult-spacer spacer-69e9580e50d0b\" data-id=\"69e9580e50d0b\" data-height=\"20\" data-height-mobile=\"20\" data-height-tab=\"20\" data-height-tab-portrait=\"\" data-height-mobile-landscape=\"\" style=\"clear:both;display:block;\"><\/div>[\/vc_column][\/vc_row][vc_row][vc_column][vc_column_text css=\u00bb\u00bb]<\/p>\n<p style=\"text-align: center;\"><strong>M\u00e1s sobre el monitoreo de maquinaria agr\u00edcola:<\/strong><\/p>\n<p>[\/vc_column_text][\/vc_column][\/vc_row][vc_row][vc_column width=\u00bb1\/4&#8243;][vc_column_text css=\u00bb\u00bb]<a href=\"https:\/\/jv-technoton.com\/es\/casos\/control-combustible-maquinaria-agricola\/\"><img loading=\"lazy\" decoding=\"async\" class=\"size-full wp-image-89290 aligncenter\" src=\"https:\/\/jv-technoton.com\/wp-content\/uploads\/2023\/02\/agricola-cosechadoras.png\" alt=\"Maquinaria agr\u00edcola\" width=\"214\" height=\"252\" \/><\/a>[\/vc_column_text][\/vc_column][vc_column width=\u00bb1\/2&#8243;][vc_column_text]<a href=\"https:\/\/jv-technoton.com\/es\/soluciones\/monitoreo-de-la-maquinaria-agricola\/\"><img loading=\"lazy\" decoding=\"async\" class=\"aligncenter wp-image-73670\" src=\"https:\/\/jv-technoton.com\/wp-content\/uploads\/2021\/08\/agriculture_03-e1675160732282-1024x490.png\" alt=\"\" width=\"590\" height=\"282\" \/><\/a>[\/vc_column_text][\/vc_column][vc_column width=\u00bb1\/4&#8243;][vc_column_text css=\u00bb\u00bb]<a href=\"https:\/\/jv-technoton.com\/es\/casos\/control-consumo-combustible-tractores-agricolas\/\"><img loading=\"lazy\" decoding=\"async\" class=\"size-medium wp-image-118293 aligncenter\" src=\"https:\/\/jv-technoton.com\/wp-content\/uploads\/2025\/04\/maquinaria-agricola.webp\" alt=\"\" width=\"214\" height=\"252\" \/><\/a>[\/vc_column_text][\/vc_column][\/vc_row][vc_row][vc_column][\/vc_column][\/vc_row]<\/p>\n<\/div>","protected":false},"excerpt":{"rendered":"<p>[vc_row][vc_column][vc_column_text css=\u00bb\u00bb] Instalaci\u00f3n del medidor de flujo de combustible en un tractor Lamborghini [\/vc_column_text][\/vc_column][\/vc_row][vc_row bg_type=\u00bbbg_color\u00bb bg_override=\u00bbfull\u00bb bg_color_value=\u00bbrgba(216,188,101,0.11)\u00bb][vc_column width=\u00bb1\/2&#8243;][vc_column_text][\/vc_column_text][\/vc_column][vc_column width=\u00bb1\/2&#8243;][vc_column_text css=\u00bb\u00bb]Dispositivo instalado: DFM 500DK\u00a0fluj\u00f3metro diferencial de combustible [\/vc_column_text][vc_column_text css=\u00bb\u00bb]Tareas resueltas: Monitoreo del consumo de combustible Control del tiempo de funcionamiento de la maquinaria Diagn\u00f3stico remoto del motor [\/vc_column_text][\/vc_column][\/vc_row][vc_row][vc_column][\/vc_column][\/vc_row][vc_row][vc_column width=\u00bb1\/3&#8243;][vc_column_text][\/vc_column_text][vc_column_text]El caudal\u00edmetro fue instalado en un tractor Lamborghini.[\/vc_column_text][\/vc_column][vc_column&#8230;<\/p>\n","protected":false},"author":4,"featured_media":0,"parent":47585,"menu_order":0,"comment_status":"closed","ping_status":"closed","template":"","meta":{"_kad_post_transparent":"","_kad_post_title":"","_kad_post_layout":"","_kad_post_sidebar_id":"","_kad_post_content_style":"","_kad_post_vertical_padding":"","_kad_post_feature":"","_kad_post_feature_position":"","_kad_post_header":false,"_kad_post_footer":false,"_kad_post_classname":"","footnotes":""},"class_list":["post-118286","page","type-page","status-publish","hentry"],"yoast_head":"<!-- This site is optimized with the Yoast SEO Premium plugin v18.1 (Yoast SEO v27.4) - https:\/\/yoast.com\/product\/yoast-seo-premium-wordpress\/ -->\n<title>Fuel flow meter on a Lamborghini tractor<\/title>\n<meta name=\"description\" content=\"Fuel theft prevention, engine hours monitoring by operation mode, engine failure detection\" \/>\n<meta name=\"robots\" content=\"index, follow, max-snippet:-1, max-image-preview:large, max-video-preview:-1\" \/>\n<link rel=\"canonical\" href=\"https:\/\/jv-technoton.com\/es\/galeria-de-instalaciones-de-equipos-technoton\/fuel-flow-meter-installation-on-a-lamborghini-tractor\/\" \/>\n<meta property=\"og:locale\" content=\"es_ES\" \/>\n<meta property=\"og:type\" content=\"article\" \/>\n<meta property=\"og:title\" content=\"Instalaci\u00f3n del medidor de flujo de combustible en un tractor Lamborghini\" \/>\n<meta property=\"og:description\" content=\"Fuel theft prevention, engine hours monitoring by operation mode, engine failure detection\" \/>\n<meta property=\"og:url\" content=\"https:\/\/jv-technoton.com\/es\/galeria-de-instalaciones-de-equipos-technoton\/fuel-flow-meter-installation-on-a-lamborghini-tractor\/\" \/>\n<meta property=\"og:site_name\" content=\"Technoton\" \/>\n<meta property=\"article:modified_time\" content=\"2025-04-24T10:59:09+00:00\" \/>\n<meta property=\"og:image\" content=\"https:\/\/jv-technoton.com\/wp-content\/uploads\/2023\/03\/Lamborghini.jpg\" \/>\n<meta name=\"twitter:card\" content=\"summary_large_image\" \/>\n<meta name=\"twitter:image\" content=\"https:\/\/jv-technoton.com\/wp-content\/uploads\/2023\/03\/Lamborghini.jpg\" \/>\n<meta name=\"twitter:label1\" content=\"Tiempo de lectura\" \/>\n\t<meta name=\"twitter:data1\" content=\"3 minutos\" \/>\n<script type=\"application\/ld+json\" class=\"yoast-schema-graph\">{\"@context\":\"https:\\\/\\\/schema.org\",\"@graph\":[{\"@type\":\"WebPage\",\"@id\":\"https:\\\/\\\/jv-technoton.com\\\/es\\\/galeria-de-instalaciones-de-equipos-technoton\\\/fuel-flow-meter-installation-on-a-lamborghini-tractor\\\/\",\"url\":\"https:\\\/\\\/jv-technoton.com\\\/es\\\/galeria-de-instalaciones-de-equipos-technoton\\\/fuel-flow-meter-installation-on-a-lamborghini-tractor\\\/\",\"name\":\"Fuel flow meter on a Lamborghini tractor\",\"isPartOf\":{\"@id\":\"https:\\\/\\\/jv-technoton.com\\\/#website\"},\"primaryImageOfPage\":{\"@id\":\"https:\\\/\\\/jv-technoton.com\\\/es\\\/galeria-de-instalaciones-de-equipos-technoton\\\/fuel-flow-meter-installation-on-a-lamborghini-tractor\\\/#primaryimage\"},\"image\":{\"@id\":\"https:\\\/\\\/jv-technoton.com\\\/es\\\/galeria-de-instalaciones-de-equipos-technoton\\\/fuel-flow-meter-installation-on-a-lamborghini-tractor\\\/#primaryimage\"},\"thumbnailUrl\":\"https:\\\/\\\/jv-technoton.com\\\/wp-content\\\/uploads\\\/2023\\\/03\\\/6482652-39142563-2.webp\",\"datePublished\":\"2025-04-10T08:03:37+00:00\",\"dateModified\":\"2025-04-24T10:59:09+00:00\",\"description\":\"Fuel theft prevention, engine hours monitoring by operation mode, engine failure detection\",\"breadcrumb\":{\"@id\":\"https:\\\/\\\/jv-technoton.com\\\/es\\\/galeria-de-instalaciones-de-equipos-technoton\\\/fuel-flow-meter-installation-on-a-lamborghini-tractor\\\/#breadcrumb\"},\"inLanguage\":\"es\",\"potentialAction\":[{\"@type\":\"ReadAction\",\"target\":[\"https:\\\/\\\/jv-technoton.com\\\/es\\\/galeria-de-instalaciones-de-equipos-technoton\\\/fuel-flow-meter-installation-on-a-lamborghini-tractor\\\/\"]}]},{\"@type\":\"ImageObject\",\"inLanguage\":\"es\",\"@id\":\"https:\\\/\\\/jv-technoton.com\\\/es\\\/galeria-de-instalaciones-de-equipos-technoton\\\/fuel-flow-meter-installation-on-a-lamborghini-tractor\\\/#primaryimage\",\"url\":\"https:\\\/\\\/jv-technoton.com\\\/wp-content\\\/uploads\\\/2023\\\/03\\\/6482652-39142563-2.webp\",\"contentUrl\":\"https:\\\/\\\/jv-technoton.com\\\/wp-content\\\/uploads\\\/2023\\\/03\\\/6482652-39142563-2.webp\"},{\"@type\":\"BreadcrumbList\",\"@id\":\"https:\\\/\\\/jv-technoton.com\\\/es\\\/galeria-de-instalaciones-de-equipos-technoton\\\/fuel-flow-meter-installation-on-a-lamborghini-tractor\\\/#breadcrumb\",\"itemListElement\":[{\"@type\":\"ListItem\",\"position\":1,\"name\":\"Home\",\"item\":\"https:\\\/\\\/jv-technoton.com\\\/es\\\/\"},{\"@type\":\"ListItem\",\"position\":2,\"name\":\"Galer\u00eda de instalaciones de equipos Technoton\",\"item\":\"https:\\\/\\\/jv-technoton.com\\\/es\\\/galeria-de-instalaciones-de-equipos-technoton\\\/\"},{\"@type\":\"ListItem\",\"position\":3,\"name\":\"Instalaci\u00f3n del medidor de flujo de combustible en un tractor Lamborghini\"}]},{\"@type\":\"WebSite\",\"@id\":\"https:\\\/\\\/jv-technoton.com\\\/#website\",\"url\":\"https:\\\/\\\/jv-technoton.com\\\/\",\"name\":\"Advanced machinery telematics and fuel monitoring\",\"description\":\"Telem\u00e1tica para maquinaria compleja | Technoton\",\"publisher\":{\"@id\":\"https:\\\/\\\/jv-technoton.com\\\/#organization\"},\"potentialAction\":[{\"@type\":\"SearchAction\",\"target\":{\"@type\":\"EntryPoint\",\"urlTemplate\":\"https:\\\/\\\/jv-technoton.com\\\/?s={search_term_string}\"},\"query-input\":{\"@type\":\"PropertyValueSpecification\",\"valueRequired\":true,\"valueName\":\"search_term_string\"}}],\"inLanguage\":\"es\"},{\"@type\":\"Organization\",\"@id\":\"https:\\\/\\\/jv-technoton.com\\\/#organization\",\"name\":\"Technoton\",\"url\":\"https:\\\/\\\/jv-technoton.com\\\/\",\"logo\":{\"@type\":\"ImageObject\",\"inLanguage\":\"es\",\"@id\":\"https:\\\/\\\/jv-technoton.com\\\/#\\\/schema\\\/logo\\\/image\\\/\",\"url\":\"https:\\\/\\\/jv-technoton.com\\\/wp-content\\\/uploads\\\/2022\\\/02\\\/technoton_logo_web.png\",\"contentUrl\":\"https:\\\/\\\/jv-technoton.com\\\/wp-content\\\/uploads\\\/2022\\\/02\\\/technoton_logo_web.png\",\"width\":800,\"height\":329,\"caption\":\"Technoton\"},\"image\":{\"@id\":\"https:\\\/\\\/jv-technoton.com\\\/#\\\/schema\\\/logo\\\/image\\\/\"},\"sameAs\":[\"https:\\\/\\\/www.linkedin.com\\\/company\\\/technoton\"]}]}<\/script>\n<!-- \/ Yoast SEO Premium plugin. -->","yoast_head_json":{"title":"Fuel flow meter on a Lamborghini tractor","description":"Fuel theft prevention, engine hours monitoring by operation mode, engine failure detection","robots":{"index":"index","follow":"follow","max-snippet":"max-snippet:-1","max-image-preview":"max-image-preview:large","max-video-preview":"max-video-preview:-1"},"canonical":"https:\/\/jv-technoton.com\/es\/galeria-de-instalaciones-de-equipos-technoton\/fuel-flow-meter-installation-on-a-lamborghini-tractor\/","og_locale":"es_ES","og_type":"article","og_title":"Instalaci\u00f3n del medidor de flujo de combustible en un tractor Lamborghini","og_description":"Fuel theft prevention, engine hours monitoring by operation mode, engine failure detection","og_url":"https:\/\/jv-technoton.com\/es\/galeria-de-instalaciones-de-equipos-technoton\/fuel-flow-meter-installation-on-a-lamborghini-tractor\/","og_site_name":"Technoton","article_modified_time":"2025-04-24T10:59:09+00:00","og_image":[{"url":"https:\/\/jv-technoton.com\/wp-content\/uploads\/2023\/03\/Lamborghini.jpg","type":"","width":"","height":""}],"twitter_card":"summary_large_image","twitter_image":"https:\/\/jv-technoton.com\/wp-content\/uploads\/2023\/03\/Lamborghini.jpg","twitter_misc":{"Tiempo de lectura":"3 minutos"},"schema":{"@context":"https:\/\/schema.org","@graph":[{"@type":"WebPage","@id":"https:\/\/jv-technoton.com\/es\/galeria-de-instalaciones-de-equipos-technoton\/fuel-flow-meter-installation-on-a-lamborghini-tractor\/","url":"https:\/\/jv-technoton.com\/es\/galeria-de-instalaciones-de-equipos-technoton\/fuel-flow-meter-installation-on-a-lamborghini-tractor\/","name":"Fuel flow meter on a Lamborghini tractor","isPartOf":{"@id":"https:\/\/jv-technoton.com\/#website"},"primaryImageOfPage":{"@id":"https:\/\/jv-technoton.com\/es\/galeria-de-instalaciones-de-equipos-technoton\/fuel-flow-meter-installation-on-a-lamborghini-tractor\/#primaryimage"},"image":{"@id":"https:\/\/jv-technoton.com\/es\/galeria-de-instalaciones-de-equipos-technoton\/fuel-flow-meter-installation-on-a-lamborghini-tractor\/#primaryimage"},"thumbnailUrl":"https:\/\/jv-technoton.com\/wp-content\/uploads\/2023\/03\/6482652-39142563-2.webp","datePublished":"2025-04-10T08:03:37+00:00","dateModified":"2025-04-24T10:59:09+00:00","description":"Fuel theft prevention, engine hours monitoring by operation mode, engine failure detection","breadcrumb":{"@id":"https:\/\/jv-technoton.com\/es\/galeria-de-instalaciones-de-equipos-technoton\/fuel-flow-meter-installation-on-a-lamborghini-tractor\/#breadcrumb"},"inLanguage":"es","potentialAction":[{"@type":"ReadAction","target":["https:\/\/jv-technoton.com\/es\/galeria-de-instalaciones-de-equipos-technoton\/fuel-flow-meter-installation-on-a-lamborghini-tractor\/"]}]},{"@type":"ImageObject","inLanguage":"es","@id":"https:\/\/jv-technoton.com\/es\/galeria-de-instalaciones-de-equipos-technoton\/fuel-flow-meter-installation-on-a-lamborghini-tractor\/#primaryimage","url":"https:\/\/jv-technoton.com\/wp-content\/uploads\/2023\/03\/6482652-39142563-2.webp","contentUrl":"https:\/\/jv-technoton.com\/wp-content\/uploads\/2023\/03\/6482652-39142563-2.webp"},{"@type":"BreadcrumbList","@id":"https:\/\/jv-technoton.com\/es\/galeria-de-instalaciones-de-equipos-technoton\/fuel-flow-meter-installation-on-a-lamborghini-tractor\/#breadcrumb","itemListElement":[{"@type":"ListItem","position":1,"name":"Home","item":"https:\/\/jv-technoton.com\/es\/"},{"@type":"ListItem","position":2,"name":"Galer\u00eda de instalaciones de equipos Technoton","item":"https:\/\/jv-technoton.com\/es\/galeria-de-instalaciones-de-equipos-technoton\/"},{"@type":"ListItem","position":3,"name":"Instalaci\u00f3n del medidor de flujo de combustible en un tractor Lamborghini"}]},{"@type":"WebSite","@id":"https:\/\/jv-technoton.com\/#website","url":"https:\/\/jv-technoton.com\/","name":"Advanced machinery telematics and fuel monitoring","description":"Telem\u00e1tica para maquinaria compleja | Technoton","publisher":{"@id":"https:\/\/jv-technoton.com\/#organization"},"potentialAction":[{"@type":"SearchAction","target":{"@type":"EntryPoint","urlTemplate":"https:\/\/jv-technoton.com\/?s={search_term_string}"},"query-input":{"@type":"PropertyValueSpecification","valueRequired":true,"valueName":"search_term_string"}}],"inLanguage":"es"},{"@type":"Organization","@id":"https:\/\/jv-technoton.com\/#organization","name":"Technoton","url":"https:\/\/jv-technoton.com\/","logo":{"@type":"ImageObject","inLanguage":"es","@id":"https:\/\/jv-technoton.com\/#\/schema\/logo\/image\/","url":"https:\/\/jv-technoton.com\/wp-content\/uploads\/2022\/02\/technoton_logo_web.png","contentUrl":"https:\/\/jv-technoton.com\/wp-content\/uploads\/2022\/02\/technoton_logo_web.png","width":800,"height":329,"caption":"Technoton"},"image":{"@id":"https:\/\/jv-technoton.com\/#\/schema\/logo\/image\/"},"sameAs":["https:\/\/www.linkedin.com\/company\/technoton"]}]}},"rttpg_featured_image_url":null,"rttpg_author":{"display_name":"Vlada Mostovich","author_link":"https:\/\/jv-technoton.com\/es\/author\/vlada\/"},"rttpg_comment":0,"rttpg_category":" <a href=\"https:\/\/jv-technoton.com\/es\/?taxonomy=translation_priority&#038;term=opcional\" rel=\"tag\">Opcional<\/a>","rttpg_excerpt":"[vc_row][vc_column][vc_column_text css=\u00bb\u00bb] Instalaci\u00f3n del medidor de flujo de combustible en un tractor Lamborghini [\/vc_column_text][\/vc_column][\/vc_row][vc_row bg_type=\u00bbbg_color\u00bb bg_override=\u00bbfull\u00bb bg_color_value=\u00bbrgba(216,188,101,0.11)\u00bb][vc_column width=\u00bb1\/2&#8243;][vc_column_text][\/vc_column_text][\/vc_column][vc_column width=\u00bb1\/2&#8243;][vc_column_text css=\u00bb\u00bb]Dispositivo instalado: DFM 500DK\u00a0fluj\u00f3metro diferencial de combustible [\/vc_column_text][vc_column_text css=\u00bb\u00bb]Tareas resueltas: Monitoreo del consumo de combustible Control del tiempo de funcionamiento de la maquinaria Diagn\u00f3stico remoto del motor [\/vc_column_text][\/vc_column][\/vc_row][vc_row][vc_column][\/vc_column][\/vc_row][vc_row][vc_column width=\u00bb1\/3&#8243;][vc_column_text][\/vc_column_text][vc_column_text]El caudal\u00edmetro fue instalado en un tractor Lamborghini.[\/vc_column_text][\/vc_column][vc_column...","_links":{"self":[{"href":"https:\/\/jv-technoton.com\/es\/wp-json\/wp\/v2\/pages\/118286","targetHints":{"allow":["GET"]}}],"collection":[{"href":"https:\/\/jv-technoton.com\/es\/wp-json\/wp\/v2\/pages"}],"about":[{"href":"https:\/\/jv-technoton.com\/es\/wp-json\/wp\/v2\/types\/page"}],"author":[{"embeddable":true,"href":"https:\/\/jv-technoton.com\/es\/wp-json\/wp\/v2\/users\/4"}],"replies":[{"embeddable":true,"href":"https:\/\/jv-technoton.com\/es\/wp-json\/wp\/v2\/comments?post=118286"}],"version-history":[{"count":0,"href":"https:\/\/jv-technoton.com\/es\/wp-json\/wp\/v2\/pages\/118286\/revisions"}],"up":[{"embeddable":true,"href":"https:\/\/jv-technoton.com\/es\/wp-json\/wp\/v2\/pages\/47585"}],"wp:attachment":[{"href":"https:\/\/jv-technoton.com\/es\/wp-json\/wp\/v2\/media?parent=118286"}],"curies":[{"name":"wp","href":"https:\/\/api.w.org\/{rel}","templated":true}]}}