{"id":118299,"date":"2025-04-10T11:24:11","date_gmt":"2025-04-10T08:24:11","guid":{"rendered":"https:\/\/jv-technoton.com\/galeria-de-instalaciones-de-equipos-technoton\/asphalt-concrete-plant-equipped-with-fuel-consumption-monitoring-system\/"},"modified":"2025-04-24T13:55:54","modified_gmt":"2025-04-24T10:55:54","slug":"asphalt-concrete-plant-equipped-with-fuel-consumption-monitoring-system","status":"publish","type":"page","link":"https:\/\/jv-technoton.com\/es\/galeria-de-instalaciones-de-equipos-technoton\/asphalt-concrete-plant-equipped-with-fuel-consumption-monitoring-system\/","title":{"rendered":"Planta de asfalto equipada con Sistema de Monitoreo de Consumo de Combustible"},"content":{"rendered":"<div class=\"wpb-content-wrapper\"><p>[vc_row][vc_column width=\u00bb2\/3&#8243;]<div class=\"ult-spacer spacer-69e956afbd8ae\" data-id=\"69e956afbd8ae\" data-height=\"25\" data-height-mobile=\"25\" data-height-tab=\"25\" data-height-tab-portrait=\"\" data-height-mobile-landscape=\"\" style=\"clear:both;display:block;\"><\/div>[vc_column_text css=\u00bb\u00bb]<\/p>\n<h2>Planta de asfalto equipada con Sistema de Monitoreo de Consumo de Combustible<\/h2>\n<p>[\/vc_column_text][vc_column_text css=\u00bb\u00bb]<strong>Tarea:\u00a0<\/strong>organizar el control remoto del consumo real de combustible del quemador y generador di\u00e9sel, recibir los datos en el lugar de operaci\u00f3n.<\/p>\n<p><strong>Composici\u00f3n del sistema de monitoreo:<\/strong><\/p>\n<ul>\n<li>Dos caudal\u00edmetros\u00a0<a href=\"https:\/\/jv-technoton.com\/es\/productos\/dfm-marine\/\">DFM Marine 2000,<\/a><\/li>\n<li>Pantalla de visualizaci\u00f3n\u00a0<a href=\"https:\/\/jv-technoton.com\/es\/productos\/can-j1939-display\/\">MasterCAN Display 35 U,<\/a><\/li>\n<li>V\u00e1lvulas Bypass y filtro de combustible.<\/li>\n<\/ul>\n<p><strong>Caracter\u00edsticas de instalaci\u00f3n:\u00a0<\/strong>se utilizan kits de montaje por compresi\u00f3n, todos los componentes del sistema est\u00e1n colocados en cajas especiales para una protecci\u00f3n adicional contra influencias externas y actos de vandalismo.<\/p>\n<p class=\"\" data-start=\"669\" data-end=\"727\"><strong data-start=\"669\" data-end=\"718\">Periodo estimado de amortizaci\u00f3n del sistema:<\/strong> 3 meses.<\/p>\n<p>[\/vc_column_text]<div class=\"ult-spacer spacer-69e956afbd8e5\" data-id=\"69e956afbd8e5\" data-height=\"25\" data-height-mobile=\"25\" data-height-tab=\"25\" data-height-tab-portrait=\"\" data-height-mobile-landscape=\"\" style=\"clear:both;display:block;\"><\/div>[\/vc_column][vc_column width=\u00bb1\/3&#8243;]<div class=\"ult-spacer spacer-69e956afbd90e\" data-id=\"69e956afbd90e\" data-height=\"22\" data-height-mobile=\"22\" data-height-tab=\"22\" data-height-tab-portrait=\"\" data-height-mobile-landscape=\"\" style=\"clear:both;display:block;\"><\/div>[vc_single_image image=\u00bb86050&#8243; img_size=\u00bbfull\u00bb onclick=\u00bblink_image\u00bb][\/vc_column][\/vc_row][vc_row][vc_column][vc_message message_box_color=\u00bbchino\u00bb css=\u00bb\u00bb]Un caso \u00fatil sobre generadores di\u00e9sel puede verse en el <a href=\"https:\/\/jv-technoton.com\/es\/casos\/control-consumo-combustible-generadores-diesel-torres-gsm\/\">siguiente enlace<\/a>.[\/vc_message]<div class=\"ult-spacer spacer-69e956afbd930\" data-id=\"69e956afbd930\" data-height=\"12\" data-height-mobile=\"12\" data-height-tab=\"12\" data-height-tab-portrait=\"\" data-height-mobile-landscape=\"\" style=\"clear:both;display:block;\"><\/div>[\/vc_column][\/vc_row][vc_row][vc_column width=\u00bb1\/3&#8243;][vc_single_image image=\u00bb86042&#8243; img_size=\u00bbfull\u00bb onclick=\u00bblink_image\u00bb][vc_column_text css=\u00bb\u00bb]<a href=\"https:\/\/jv-technoton.com\/es\/productos\/can-j1939-display\/\">MasterCAN Display 35 U<\/a> instalado en el sistema generador.[\/vc_column_text][\/vc_column][vc_column width=\u00bb1\/3&#8243;][vc_single_image image=\u00bb86046&#8243; img_size=\u00bbfull\u00bb onclick=\u00bblink_image\u00bb][vc_column_text css=\u00bb\u00bb]Los datos sobre el consumo de combustible por hora y el consumo total se visualizan en la pantalla del\u00a0<a href=\"https:\/\/jv-technoton.com\/es\/productos\/can-j1939-display\/\">MaterCAN Display 35 U<\/a>.[\/vc_column_text][\/vc_column][vc_column width=\u00bb1\/3&#8243;][vc_single_image image=\u00bb86054&#8243; img_size=\u00bbfull\u00bb onclick=\u00bblink_image\u00bb][vc_column_text css=\u00bb\u00bb]Fluj\u00f3metro de combustible para maquinaria pesada <a href=\"https:\/\/jv-technoton.com\/es\/productos\/dfm-marine\/\">DFM Marine 2000<\/a>.[\/vc_column_text][\/vc_column][\/vc_row][vc_row][vc_column width=\u00bb1\/3&#8243;][vc_single_image image=\u00bb86086&#8243; img_size=\u00bbfull\u00bb onclick=\u00bblink_image\u00bb][vc_column_text css=\u00bb\u00bb]Sistema de combustible del generador.[\/vc_column_text][\/vc_column][vc_column width=\u00bb1\/3&#8243;][vc_single_image image=\u00bb86082&#8243; img_size=\u00bbfull\u00bb onclick=\u00bblink_image\u00bb][vc_column_text css=\u00bb\u00bb]Mangueras de combustible.[\/vc_column_text][\/vc_column][vc_column width=\u00bb1\/3&#8243;][vc_single_image image=\u00bb86078&#8243; img_size=\u00bbfull\u00bb onclick=\u00bblink_image\u00bb][vc_column_text css=\u00bb\u00bb]<a href=\"https:\/\/jv-technoton.com\/es\/productos\/dfm-marine\/\">DFM Marine<\/a>\u00a0y <a href=\"https:\/\/jv-technoton.com\/es\/productos\/can-j1939-display\/\">MasterCAN Display 35 U<\/a>\u00a0instalados en cajas especiales para una protecci\u00f3n adicional.[\/vc_column_text][\/vc_column][\/vc_row]<\/p>\n<\/div>","protected":false},"excerpt":{"rendered":"<p>[vc_row][vc_column width=\u00bb2\/3&#8243;][vc_column_text css=\u00bb\u00bb] Planta de asfalto equipada con Sistema de Monitoreo de Consumo de Combustible [\/vc_column_text][vc_column_text css=\u00bb\u00bb]Tarea:\u00a0organizar el control remoto del consumo real de combustible del quemador y generador di\u00e9sel, recibir los datos en el lugar de operaci\u00f3n. Composici\u00f3n del sistema de monitoreo: Dos caudal\u00edmetros\u00a0DFM Marine 2000, Pantalla de visualizaci\u00f3n\u00a0MasterCAN Display 35 U, V\u00e1lvulas Bypass&#8230;<\/p>\n","protected":false},"author":4,"featured_media":0,"parent":47585,"menu_order":0,"comment_status":"closed","ping_status":"closed","template":"","meta":{"_kad_post_transparent":"","_kad_post_title":"","_kad_post_layout":"","_kad_post_sidebar_id":"","_kad_post_content_style":"","_kad_post_vertical_padding":"","_kad_post_feature":"","_kad_post_feature_position":"","_kad_post_header":false,"_kad_post_footer":false,"_kad_post_classname":"","footnotes":""},"class_list":["post-118299","page","type-page","status-publish","hentry"],"yoast_head":"<!-- This site is optimized with the Yoast SEO Premium plugin v18.1 (Yoast SEO v27.4) - https:\/\/yoast.com\/product\/yoast-seo-premium-wordpress\/ -->\n<title>Planta de asfalto equipada con Sistema de Monitoreo de Consumo de Combustible<\/title>\n<meta name=\"description\" content=\"Control remoto del consumo real de combustible del quemador di\u00e9sel y del generador, con obtenci\u00f3n de datos en el lugar de operaci\u00f3n.\" \/>\n<meta name=\"robots\" content=\"index, follow, max-snippet:-1, max-image-preview:large, max-video-preview:-1\" \/>\n<link rel=\"canonical\" href=\"https:\/\/jv-technoton.com\/es\/galeria-de-instalaciones-de-equipos-technoton\/asphalt-concrete-plant-equipped-with-fuel-consumption-monitoring-system\/\" \/>\n<meta property=\"og:locale\" content=\"es_ES\" \/>\n<meta property=\"og:type\" content=\"article\" \/>\n<meta property=\"og:title\" content=\"Planta de asfalto equipada con Sistema de Monitoreo de Consumo de Combustible\" \/>\n<meta property=\"og:description\" content=\"Remote control of the actual fuel consumption of the diesel burner and generator, obtaining data at the place of operation.\" \/>\n<meta property=\"og:url\" content=\"https:\/\/jv-technoton.com\/es\/galeria-de-instalaciones-de-equipos-technoton\/asphalt-concrete-plant-equipped-with-fuel-consumption-monitoring-system\/\" \/>\n<meta property=\"og:site_name\" content=\"Technoton\" \/>\n<meta property=\"article:modified_time\" content=\"2025-04-24T10:55:54+00:00\" \/>\n<meta property=\"og:image\" content=\"https:\/\/jv-technoton.com\/wp-content\/uploads\/2022\/08\/zavod-dfm-marine-300x300.jpg\" \/>\n<meta name=\"twitter:card\" content=\"summary_large_image\" \/>\n<meta name=\"twitter:label1\" content=\"Tiempo de lectura\" \/>\n\t<meta name=\"twitter:data1\" content=\"3 minutos\" \/>\n<script type=\"application\/ld+json\" class=\"yoast-schema-graph\">{\"@context\":\"https:\\\/\\\/schema.org\",\"@graph\":[{\"@type\":\"WebPage\",\"@id\":\"https:\\\/\\\/jv-technoton.com\\\/es\\\/galeria-de-instalaciones-de-equipos-technoton\\\/asphalt-concrete-plant-equipped-with-fuel-consumption-monitoring-system\\\/\",\"url\":\"https:\\\/\\\/jv-technoton.com\\\/es\\\/galeria-de-instalaciones-de-equipos-technoton\\\/asphalt-concrete-plant-equipped-with-fuel-consumption-monitoring-system\\\/\",\"name\":\"Planta de asfalto equipada con Sistema de Monitoreo de Consumo de Combustible\",\"isPartOf\":{\"@id\":\"https:\\\/\\\/jv-technoton.com\\\/#website\"},\"datePublished\":\"2025-04-10T08:24:11+00:00\",\"dateModified\":\"2025-04-24T10:55:54+00:00\",\"description\":\"Control remoto del consumo real de combustible del quemador di\u00e9sel y del generador, con obtenci\u00f3n de datos en el lugar de operaci\u00f3n.\",\"breadcrumb\":{\"@id\":\"https:\\\/\\\/jv-technoton.com\\\/es\\\/galeria-de-instalaciones-de-equipos-technoton\\\/asphalt-concrete-plant-equipped-with-fuel-consumption-monitoring-system\\\/#breadcrumb\"},\"inLanguage\":\"es\",\"potentialAction\":[{\"@type\":\"ReadAction\",\"target\":[\"https:\\\/\\\/jv-technoton.com\\\/es\\\/galeria-de-instalaciones-de-equipos-technoton\\\/asphalt-concrete-plant-equipped-with-fuel-consumption-monitoring-system\\\/\"]}]},{\"@type\":\"BreadcrumbList\",\"@id\":\"https:\\\/\\\/jv-technoton.com\\\/es\\\/galeria-de-instalaciones-de-equipos-technoton\\\/asphalt-concrete-plant-equipped-with-fuel-consumption-monitoring-system\\\/#breadcrumb\",\"itemListElement\":[{\"@type\":\"ListItem\",\"position\":1,\"name\":\"Home\",\"item\":\"https:\\\/\\\/jv-technoton.com\\\/es\\\/\"},{\"@type\":\"ListItem\",\"position\":2,\"name\":\"Galer\u00eda de instalaciones de equipos Technoton\",\"item\":\"https:\\\/\\\/jv-technoton.com\\\/es\\\/galeria-de-instalaciones-de-equipos-technoton\\\/\"},{\"@type\":\"ListItem\",\"position\":3,\"name\":\"Planta de asfalto equipada con Sistema de Monitoreo de Consumo de Combustible\"}]},{\"@type\":\"WebSite\",\"@id\":\"https:\\\/\\\/jv-technoton.com\\\/#website\",\"url\":\"https:\\\/\\\/jv-technoton.com\\\/\",\"name\":\"Advanced machinery telematics and fuel monitoring\",\"description\":\"Telem\u00e1tica para maquinaria compleja | Technoton\",\"publisher\":{\"@id\":\"https:\\\/\\\/jv-technoton.com\\\/#organization\"},\"potentialAction\":[{\"@type\":\"SearchAction\",\"target\":{\"@type\":\"EntryPoint\",\"urlTemplate\":\"https:\\\/\\\/jv-technoton.com\\\/?s={search_term_string}\"},\"query-input\":{\"@type\":\"PropertyValueSpecification\",\"valueRequired\":true,\"valueName\":\"search_term_string\"}}],\"inLanguage\":\"es\"},{\"@type\":\"Organization\",\"@id\":\"https:\\\/\\\/jv-technoton.com\\\/#organization\",\"name\":\"Technoton\",\"url\":\"https:\\\/\\\/jv-technoton.com\\\/\",\"logo\":{\"@type\":\"ImageObject\",\"inLanguage\":\"es\",\"@id\":\"https:\\\/\\\/jv-technoton.com\\\/#\\\/schema\\\/logo\\\/image\\\/\",\"url\":\"https:\\\/\\\/jv-technoton.com\\\/wp-content\\\/uploads\\\/2022\\\/02\\\/technoton_logo_web.png\",\"contentUrl\":\"https:\\\/\\\/jv-technoton.com\\\/wp-content\\\/uploads\\\/2022\\\/02\\\/technoton_logo_web.png\",\"width\":800,\"height\":329,\"caption\":\"Technoton\"},\"image\":{\"@id\":\"https:\\\/\\\/jv-technoton.com\\\/#\\\/schema\\\/logo\\\/image\\\/\"},\"sameAs\":[\"https:\\\/\\\/www.linkedin.com\\\/company\\\/technoton\"]}]}<\/script>\n<!-- \/ Yoast SEO Premium plugin. -->","yoast_head_json":{"title":"Planta de asfalto equipada con Sistema de Monitoreo de Consumo de Combustible","description":"Control remoto del consumo real de combustible del quemador di\u00e9sel y del generador, con obtenci\u00f3n de datos en el lugar de operaci\u00f3n.","robots":{"index":"index","follow":"follow","max-snippet":"max-snippet:-1","max-image-preview":"max-image-preview:large","max-video-preview":"max-video-preview:-1"},"canonical":"https:\/\/jv-technoton.com\/es\/galeria-de-instalaciones-de-equipos-technoton\/asphalt-concrete-plant-equipped-with-fuel-consumption-monitoring-system\/","og_locale":"es_ES","og_type":"article","og_title":"Planta de asfalto equipada con Sistema de Monitoreo de Consumo de Combustible","og_description":"Remote control of the actual fuel consumption of the diesel burner and generator, obtaining data at the place of operation.","og_url":"https:\/\/jv-technoton.com\/es\/galeria-de-instalaciones-de-equipos-technoton\/asphalt-concrete-plant-equipped-with-fuel-consumption-monitoring-system\/","og_site_name":"Technoton","article_modified_time":"2025-04-24T10:55:54+00:00","og_image":[{"url":"https:\/\/jv-technoton.com\/wp-content\/uploads\/2022\/08\/zavod-dfm-marine-300x300.jpg","type":"","width":"","height":""}],"twitter_card":"summary_large_image","twitter_misc":{"Tiempo de lectura":"3 minutos"},"schema":{"@context":"https:\/\/schema.org","@graph":[{"@type":"WebPage","@id":"https:\/\/jv-technoton.com\/es\/galeria-de-instalaciones-de-equipos-technoton\/asphalt-concrete-plant-equipped-with-fuel-consumption-monitoring-system\/","url":"https:\/\/jv-technoton.com\/es\/galeria-de-instalaciones-de-equipos-technoton\/asphalt-concrete-plant-equipped-with-fuel-consumption-monitoring-system\/","name":"Planta de asfalto equipada con Sistema de Monitoreo de Consumo de Combustible","isPartOf":{"@id":"https:\/\/jv-technoton.com\/#website"},"datePublished":"2025-04-10T08:24:11+00:00","dateModified":"2025-04-24T10:55:54+00:00","description":"Control remoto del consumo real de combustible del quemador di\u00e9sel y del generador, con obtenci\u00f3n de datos en el lugar de operaci\u00f3n.","breadcrumb":{"@id":"https:\/\/jv-technoton.com\/es\/galeria-de-instalaciones-de-equipos-technoton\/asphalt-concrete-plant-equipped-with-fuel-consumption-monitoring-system\/#breadcrumb"},"inLanguage":"es","potentialAction":[{"@type":"ReadAction","target":["https:\/\/jv-technoton.com\/es\/galeria-de-instalaciones-de-equipos-technoton\/asphalt-concrete-plant-equipped-with-fuel-consumption-monitoring-system\/"]}]},{"@type":"BreadcrumbList","@id":"https:\/\/jv-technoton.com\/es\/galeria-de-instalaciones-de-equipos-technoton\/asphalt-concrete-plant-equipped-with-fuel-consumption-monitoring-system\/#breadcrumb","itemListElement":[{"@type":"ListItem","position":1,"name":"Home","item":"https:\/\/jv-technoton.com\/es\/"},{"@type":"ListItem","position":2,"name":"Galer\u00eda de instalaciones de equipos Technoton","item":"https:\/\/jv-technoton.com\/es\/galeria-de-instalaciones-de-equipos-technoton\/"},{"@type":"ListItem","position":3,"name":"Planta de asfalto equipada con Sistema de Monitoreo de Consumo de Combustible"}]},{"@type":"WebSite","@id":"https:\/\/jv-technoton.com\/#website","url":"https:\/\/jv-technoton.com\/","name":"Advanced machinery telematics and fuel monitoring","description":"Telem\u00e1tica para maquinaria compleja | Technoton","publisher":{"@id":"https:\/\/jv-technoton.com\/#organization"},"potentialAction":[{"@type":"SearchAction","target":{"@type":"EntryPoint","urlTemplate":"https:\/\/jv-technoton.com\/?s={search_term_string}"},"query-input":{"@type":"PropertyValueSpecification","valueRequired":true,"valueName":"search_term_string"}}],"inLanguage":"es"},{"@type":"Organization","@id":"https:\/\/jv-technoton.com\/#organization","name":"Technoton","url":"https:\/\/jv-technoton.com\/","logo":{"@type":"ImageObject","inLanguage":"es","@id":"https:\/\/jv-technoton.com\/#\/schema\/logo\/image\/","url":"https:\/\/jv-technoton.com\/wp-content\/uploads\/2022\/02\/technoton_logo_web.png","contentUrl":"https:\/\/jv-technoton.com\/wp-content\/uploads\/2022\/02\/technoton_logo_web.png","width":800,"height":329,"caption":"Technoton"},"image":{"@id":"https:\/\/jv-technoton.com\/#\/schema\/logo\/image\/"},"sameAs":["https:\/\/www.linkedin.com\/company\/technoton"]}]}},"rttpg_featured_image_url":null,"rttpg_author":{"display_name":"Vlada Mostovich","author_link":"https:\/\/jv-technoton.com\/es\/author\/vlada\/"},"rttpg_comment":0,"rttpg_category":" <a href=\"https:\/\/jv-technoton.com\/es\/?taxonomy=translation_priority&#038;term=opcional\" rel=\"tag\">Opcional<\/a>","rttpg_excerpt":"[vc_row][vc_column width=\u00bb2\/3&#8243;][vc_column_text css=\u00bb\u00bb] Planta de asfalto equipada con Sistema de Monitoreo de Consumo de Combustible [\/vc_column_text][vc_column_text css=\u00bb\u00bb]Tarea:\u00a0organizar el control remoto del consumo real de combustible del quemador y generador di\u00e9sel, recibir los datos en el lugar de operaci\u00f3n. Composici\u00f3n del sistema de monitoreo: Dos caudal\u00edmetros\u00a0DFM Marine 2000, Pantalla de visualizaci\u00f3n\u00a0MasterCAN Display 35 U, V\u00e1lvulas Bypass...","_links":{"self":[{"href":"https:\/\/jv-technoton.com\/es\/wp-json\/wp\/v2\/pages\/118299","targetHints":{"allow":["GET"]}}],"collection":[{"href":"https:\/\/jv-technoton.com\/es\/wp-json\/wp\/v2\/pages"}],"about":[{"href":"https:\/\/jv-technoton.com\/es\/wp-json\/wp\/v2\/types\/page"}],"author":[{"embeddable":true,"href":"https:\/\/jv-technoton.com\/es\/wp-json\/wp\/v2\/users\/4"}],"replies":[{"embeddable":true,"href":"https:\/\/jv-technoton.com\/es\/wp-json\/wp\/v2\/comments?post=118299"}],"version-history":[{"count":0,"href":"https:\/\/jv-technoton.com\/es\/wp-json\/wp\/v2\/pages\/118299\/revisions"}],"up":[{"embeddable":true,"href":"https:\/\/jv-technoton.com\/es\/wp-json\/wp\/v2\/pages\/47585"}],"wp:attachment":[{"href":"https:\/\/jv-technoton.com\/es\/wp-json\/wp\/v2\/media?parent=118299"}],"curies":[{"name":"wp","href":"https:\/\/api.w.org\/{rel}","templated":true}]}}