{"id":118310,"date":"2025-04-10T11:37:04","date_gmt":"2025-04-10T08:37:04","guid":{"rendered":"https:\/\/jv-technoton.com\/galeria-de-instalaciones-de-equipos-technoton\/installation-solution-for-kj-power-kjt120asb-diesel-generator\/"},"modified":"2025-05-23T11:44:15","modified_gmt":"2025-05-23T08:44:15","slug":"installation-solution-for-kj-power-kjt120asb-diesel-generator","status":"publish","type":"page","link":"https:\/\/jv-technoton.com\/es\/galeria-de-instalaciones-de-equipos-technoton\/installation-solution-for-kj-power-kjt120asb-diesel-generator\/","title":{"rendered":"Soluci\u00f3n para el generador di\u00e9sel KJ Power KJT120ASB"},"content":{"rendered":"<div class=\"wpb-content-wrapper\"><p>[vc_row][vc_column]<div class=\"ult-spacer spacer-69e95763c9a65\" data-id=\"69e95763c9a65\" data-height=\"22\" data-height-mobile=\"22\" data-height-tab=\"22\" data-height-tab-portrait=\"\" data-height-mobile-landscape=\"\" style=\"clear:both;display:block;\"><\/div>[vc_column_text css=\u00bb\u00bb]<\/p>\n<h1>Soluci\u00f3n para el generador di\u00e9sel KJ Power KJT120ASB<\/h1>\n<p>[\/vc_column_text][\/vc_column][\/vc_row][vc_row][vc_column][vc_column_text css=\u00bb\u00bb]Equipamiento instalado:<\/p>\n<ul>\n<li>Fluj\u00f3metro de combustible\u00a0<a href=\"https:\/\/jv-technoton.com\/es\/productos\/dfm-d\/\">DFM 100D<\/a>,<\/li>\n<li>Sensor de nivel de combustible\u00a0<a href=\"https:\/\/jv-technoton.com\/es\/productos\/dut-e\/\">DUT-E CAN<\/a>,<\/li>\n<li>Convertidor\u00a0<a href=\"https:\/\/jv-technoton.com\/es\/productos\/conversor-de-datos\/\">MasterCAN RS2CAN<\/a>, que recibe datos del controlador\u00a0<strong>DATAKOM D500<\/strong>\u00a0a trav\u00e9s del protocolo Modbus RS-485,<\/li>\n<li>Unidad telem\u00e1tica inteligente\u00a0<a href=\"https:\/\/jv-technoton.com\/es\/productos\/unidad-telematica-inteligente\/\">CANUp Genset<\/a>.<\/li>\n<\/ul>\n<p class=\"\" data-start=\"674\" data-end=\"921\">Como resultado de la instalaci\u00f3n, la empresa cliente obtuvo acceso a una cuenta personal en el servidor <a class=\"\" href=\"https:\/\/unum-iot.com\" target=\"_new\" rel=\"noopener\" data-start=\"778\" data-end=\"806\">UNUM<\/a>, donde los t\u00e9cnicos pueden ver y analizar todos los par\u00e1metros de funcionamiento del generador di\u00e9sel, tales como:<\/p>\n<ul>\n<li data-start=\"925\" data-end=\"971\">Consumo de combustible (instant\u00e1neo y total)<\/li>\n<li data-start=\"925\" data-end=\"971\">Tiempo de funcionamiento del motor (para planificar mantenimientos)<\/li>\n<li data-start=\"925\" data-end=\"971\">Cantidad exacta de combustible en el tanque<\/li>\n<li data-start=\"925\" data-end=\"971\">Modos de funcionamiento del alternador<\/li>\n<li data-start=\"925\" data-end=\"971\">Se\u00f1ales de sensores anal\u00f3gicos del generador di\u00e9sel, entre otros<\/li>\n<\/ul>\n<p>[\/vc_column_text]<div class=\"ult-spacer spacer-69e95763c9a9d\" data-id=\"69e95763c9a9d\" data-height=\"22\" data-height-mobile=\"22\" data-height-tab=\"22\" data-height-tab-portrait=\"\" data-height-mobile-landscape=\"\" style=\"clear:both;display:block;\"><\/div>[\/vc_column][\/vc_row][vc_row][vc_column width=\u00bb1\/3&#8243;][vc_column_text]<img loading=\"lazy\" decoding=\"async\" class=\"alignnone wp-image-81049 size-full\" title=\"DFM flow meter in diesel generator system\" src=\"https:\/\/jv-technoton.com\/wp-content\/uploads\/2022\/05\/toplivnaya-sistema.webp\" alt=\"Diesel generator system\" width=\"1280\" height=\"957\" srcset=\"https:\/\/jv-technoton.com\/wp-content\/uploads\/2022\/05\/toplivnaya-sistema.webp 1280w, https:\/\/jv-technoton.com\/wp-content\/uploads\/2022\/05\/toplivnaya-sistema-300x224.webp 300w, https:\/\/jv-technoton.com\/wp-content\/uploads\/2022\/05\/toplivnaya-sistema-1024x766.webp 1024w, https:\/\/jv-technoton.com\/wp-content\/uploads\/2022\/05\/toplivnaya-sistema-768x574.webp 768w\" sizes=\"auto, (max-width: 1280px) 100vw, 1280px\" \/>[\/vc_column_text][vc_column_text css=\u00bb\u00bb]Sistema de combustible del generador di\u00e9sel KJ Power KJT120ASB.[\/vc_column_text][\/vc_column][vc_column width=\u00bb1\/3&#8243;][vc_column_text css=\u00bb\u00bb]<img loading=\"lazy\" decoding=\"async\" class=\"alignnone wp-image-81033 size-full\" title=\"DATAKOM controller\" src=\"https:\/\/jv-technoton.com\/wp-content\/uploads\/2022\/05\/kontroller-scaled.webp\" alt=\"DATACOM controller\" width=\"2560\" height=\"1920\" srcset=\"https:\/\/jv-technoton.com\/wp-content\/uploads\/2022\/05\/kontroller-scaled.webp 2560w, https:\/\/jv-technoton.com\/wp-content\/uploads\/2022\/05\/kontroller-300x225.webp 300w, https:\/\/jv-technoton.com\/wp-content\/uploads\/2022\/05\/kontroller-1024x768.webp 1024w, https:\/\/jv-technoton.com\/wp-content\/uploads\/2022\/05\/kontroller-768x576.webp 768w, https:\/\/jv-technoton.com\/wp-content\/uploads\/2022\/05\/kontroller-1536x1152.webp 1536w, https:\/\/jv-technoton.com\/wp-content\/uploads\/2022\/05\/kontroller-2048x1536.webp 2048w\" sizes=\"auto, (max-width: 2560px) 100vw, 2560px\" \/>[\/vc_column_text][vc_column_text css=\u00bb\u00bb]Controlador DATAKOM D500[\/vc_column_text][\/vc_column][vc_column width=\u00bb1\/3&#8243;][vc_column_text]<img loading=\"lazy\" decoding=\"async\" class=\"alignnone wp-image-82990 size-full\" title=\"DUT-E CAN cutting\" src=\"https:\/\/jv-technoton.com\/wp-content\/uploads\/2022\/06\/obrezka-dut-e-1.webp\" alt=\"DUT-E CAN cutting\" width=\"947\" height=\"708\" srcset=\"https:\/\/jv-technoton.com\/wp-content\/uploads\/2022\/06\/obrezka-dut-e-1.webp 947w, https:\/\/jv-technoton.com\/wp-content\/uploads\/2022\/06\/obrezka-dut-e-1-300x224.webp 300w, https:\/\/jv-technoton.com\/wp-content\/uploads\/2022\/06\/obrezka-dut-e-1-768x574.webp 768w\" sizes=\"auto, (max-width: 947px) 100vw, 947px\" \/>[\/vc_column_text][vc_column_text css=\u00bb\u00bb]Corte del tubo del sensor de nivel de combustible <a href=\"https:\/\/jv-technoton.com\/es\/productos\/dut-e\/\">DUT-E CAN<\/a>.[\/vc_column_text][\/vc_column][\/vc_row][vc_row][vc_column width=\u00bb1\/3&#8243;][vc_column_text]<img loading=\"lazy\" decoding=\"async\" class=\"alignnone wp-image-81021 size-full\" title=\"Hole for DUT-E sensor\" src=\"https:\/\/jv-technoton.com\/wp-content\/uploads\/2022\/05\/sozdanie-otverstia.webp\" alt=\"Hole for DUT-E sensor\" width=\"1280\" height=\"957\" srcset=\"https:\/\/jv-technoton.com\/wp-content\/uploads\/2022\/05\/sozdanie-otverstia.webp 1280w, https:\/\/jv-technoton.com\/wp-content\/uploads\/2022\/05\/sozdanie-otverstia-300x224.webp 300w, https:\/\/jv-technoton.com\/wp-content\/uploads\/2022\/05\/sozdanie-otverstia-1024x766.webp 1024w, https:\/\/jv-technoton.com\/wp-content\/uploads\/2022\/05\/sozdanie-otverstia-768x574.webp 768w\" sizes=\"auto, (max-width: 1280px) 100vw, 1280px\" \/>[\/vc_column_text][vc_column_text css=\u00bb\u00bb]Perforaci\u00f3n del orificio para la instalaci\u00f3n del sensor de nivel <a href=\"https:\/\/jv-technoton.com\/es\/productos\/dut-e\/\">DUT-E CAN<\/a>[\/vc_column_text][\/vc_column][vc_column width=\u00bb1\/3&#8243;][vc_column_text]<img loading=\"lazy\" decoding=\"async\" class=\"alignnone wp-image-81037 size-full\" title=\"DUT-E sensor installation\" src=\"https:\/\/jv-technoton.com\/wp-content\/uploads\/2022\/05\/dut-e-ustanovka.webp\" alt=\"DUT-E sensor installation\" width=\"956\" height=\"705\" srcset=\"https:\/\/jv-technoton.com\/wp-content\/uploads\/2022\/05\/dut-e-ustanovka.webp 956w, https:\/\/jv-technoton.com\/wp-content\/uploads\/2022\/05\/dut-e-ustanovka-300x221.webp 300w, https:\/\/jv-technoton.com\/wp-content\/uploads\/2022\/05\/dut-e-ustanovka-768x566.webp 768w\" sizes=\"auto, (max-width: 956px) 100vw, 956px\" \/>[\/vc_column_text][vc_column_text css=\u00bb\u00bb]Instalaci\u00f3n del sensor de nivel de combustible <a href=\"https:\/\/jv-technoton.com\/es\/productos\/dut-e\/\">DUT-E CAN.<\/a>[\/vc_column_text][\/vc_column][vc_column width=\u00bb1\/3&#8243;][vc_column_text]<img loading=\"lazy\" decoding=\"async\" class=\"alignnone wp-image-81041 size-full\" title=\"DFM in diesel generator system\" src=\"https:\/\/jv-technoton.com\/wp-content\/uploads\/2022\/05\/DFM-v-sisteme.webp\" alt=\"DFM in diesel generator system\" width=\"1875\" height=\"1407\" srcset=\"https:\/\/jv-technoton.com\/wp-content\/uploads\/2022\/05\/DFM-v-sisteme.webp 1875w, https:\/\/jv-technoton.com\/wp-content\/uploads\/2022\/05\/DFM-v-sisteme-300x225.webp 300w, https:\/\/jv-technoton.com\/wp-content\/uploads\/2022\/05\/DFM-v-sisteme-1024x768.webp 1024w, https:\/\/jv-technoton.com\/wp-content\/uploads\/2022\/05\/DFM-v-sisteme-768x576.webp 768w, https:\/\/jv-technoton.com\/wp-content\/uploads\/2022\/05\/DFM-v-sisteme-1536x1153.webp 1536w\" sizes=\"auto, (max-width: 1875px) 100vw, 1875px\" \/>[\/vc_column_text][vc_column_text css=\u00bb\u00bb]Caudal\u00edmetro diferencial de combustible <a href=\"https:\/\/jv-technoton.com\/es\/productos\/dfm-d\/\">DFM D100<\/a> integrado en el sistema de combustible.[\/vc_column_text][\/vc_column][\/vc_row][vc_row][vc_column width=\u00bb1\/3&#8243;][vc_column_text]<img loading=\"lazy\" decoding=\"async\" class=\"alignnone wp-image-81029 size-full\" title=\"Setting up in Service MasterCAN service program\" src=\"https:\/\/jv-technoton.com\/wp-content\/uploads\/2022\/05\/nastroika-service-mastercan.webp\" alt=\"Setting up in Service MasterCAN service program\" width=\"1280\" height=\"957\" srcset=\"https:\/\/jv-technoton.com\/wp-content\/uploads\/2022\/05\/nastroika-service-mastercan.webp 1280w, https:\/\/jv-technoton.com\/wp-content\/uploads\/2022\/05\/nastroika-service-mastercan-300x224.webp 300w, https:\/\/jv-technoton.com\/wp-content\/uploads\/2022\/05\/nastroika-service-mastercan-1024x766.webp 1024w, https:\/\/jv-technoton.com\/wp-content\/uploads\/2022\/05\/nastroika-service-mastercan-768x574.webp 768w\" sizes=\"auto, (max-width: 1280px) 100vw, 1280px\" \/>[\/vc_column_text][vc_column_text css=\u00bb\u00bb]Configuraci\u00f3n del equipamiento en el programa de servicio\u00a0<a href=\"https:\/\/jv-technoton.com\/es\/software\/\">Service MasterCAN.<\/a>[\/vc_column_text][\/vc_column][vc_column width=\u00bb1\/3&#8243;][vc_column_text]<img loading=\"lazy\" decoding=\"async\" class=\"alignnone wp-image-81045 size-full\" title=\"MasterCAN RS2CAN and CANUp Genset telematics gateway\" src=\"https:\/\/jv-technoton.com\/wp-content\/uploads\/2022\/05\/canup_and_mastercan_rs2can.webp\" alt=\"MasterCAN RS2CAN and CANUp Genset telematics gateway\" width=\"1280\" height=\"957\" srcset=\"https:\/\/jv-technoton.com\/wp-content\/uploads\/2022\/05\/canup_and_mastercan_rs2can.webp 1280w, https:\/\/jv-technoton.com\/wp-content\/uploads\/2022\/05\/canup_and_mastercan_rs2can-300x224.webp 300w, https:\/\/jv-technoton.com\/wp-content\/uploads\/2022\/05\/canup_and_mastercan_rs2can-1024x766.webp 1024w, https:\/\/jv-technoton.com\/wp-content\/uploads\/2022\/05\/canup_and_mastercan_rs2can-768x574.webp 768w\" sizes=\"auto, (max-width: 1280px) 100vw, 1280px\" \/>[\/vc_column_text][vc_column_text css=\u00bb\u00bb]El convertidor\u00a0<a href=\"https:\/\/jv-technoton.com\/es\/productos\/conversor-de-datos\/\">MasterCAN RS2CAN<\/a>\u00a0recibe datos del controlador; debajo se encuentra la unidad telem\u00e1tica inteligente\u00a0<a href=\"https:\/\/jv-technoton.com\/es\/productos\/unidad-telematica-inteligente\/\">CANUp<\/a>\u00a0Genset.[\/vc_column_text][\/vc_column][vc_column width=\u00bb1\/3&#8243;][vc_column_text]<img loading=\"lazy\" decoding=\"async\" class=\"alignnone wp-image-81053 size-full\" title=\"KJ Power Control Board\" src=\"https:\/\/jv-technoton.com\/wp-content\/uploads\/2022\/05\/schit-upravlenia.webp\" alt=\"KJ Power Control Board\" width=\"1280\" height=\"957\" srcset=\"https:\/\/jv-technoton.com\/wp-content\/uploads\/2022\/05\/schit-upravlenia.webp 1280w, https:\/\/jv-technoton.com\/wp-content\/uploads\/2022\/05\/schit-upravlenia-300x224.webp 300w, https:\/\/jv-technoton.com\/wp-content\/uploads\/2022\/05\/schit-upravlenia-1024x766.webp 1024w, https:\/\/jv-technoton.com\/wp-content\/uploads\/2022\/05\/schit-upravlenia-768x574.webp 768w\" sizes=\"auto, (max-width: 1280px) 100vw, 1280px\" \/>[\/vc_column_text][vc_column_text css=\u00bb\u00bb]Panel de control del generador di\u00e9sel KJ Power KJT120ASB.[\/vc_column_text][\/vc_column][\/vc_row]<\/p>\n<\/div>","protected":false},"excerpt":{"rendered":"<p>[vc_row][vc_column][vc_column_text css=\u00bb\u00bb] Soluci\u00f3n para el generador di\u00e9sel KJ Power KJT120ASB [\/vc_column_text][\/vc_column][\/vc_row][vc_row][vc_column][vc_column_text css=\u00bb\u00bb]Equipamiento instalado: Fluj\u00f3metro de combustible\u00a0DFM 100D, Sensor de nivel de combustible\u00a0DUT-E CAN, Convertidor\u00a0MasterCAN RS2CAN, que recibe datos del controlador\u00a0DATAKOM D500\u00a0a trav\u00e9s del protocolo Modbus RS-485, Unidad telem\u00e1tica inteligente\u00a0CANUp Genset. Como resultado de la instalaci\u00f3n, la empresa cliente obtuvo acceso a una cuenta personal en&#8230;<\/p>\n","protected":false},"author":4,"featured_media":0,"parent":47585,"menu_order":0,"comment_status":"closed","ping_status":"closed","template":"","meta":{"_kad_post_transparent":"","_kad_post_title":"","_kad_post_layout":"","_kad_post_sidebar_id":"","_kad_post_content_style":"","_kad_post_vertical_padding":"","_kad_post_feature":"","_kad_post_feature_position":"","_kad_post_header":false,"_kad_post_footer":false,"_kad_post_classname":"","footnotes":""},"class_list":["post-118310","page","type-page","status-publish","hentry"],"yoast_head":"<!-- This site is optimized with the Yoast SEO Premium plugin v18.1 (Yoast SEO v27.4) - https:\/\/yoast.com\/product\/yoast-seo-premium-wordpress\/ -->\n<title>Genset telematics: Solution for KJ Power Diesel Generator<\/title>\n<meta name=\"description\" content=\"Monitoring system: fuel consumption, generator operating modes, engine operating time.\" \/>\n<meta name=\"robots\" content=\"index, follow, max-snippet:-1, max-image-preview:large, max-video-preview:-1\" \/>\n<link rel=\"canonical\" href=\"https:\/\/jv-technoton.com\/es\/galeria-de-instalaciones-de-equipos-technoton\/installation-solution-for-kj-power-kjt120asb-diesel-generator\/\" \/>\n<meta property=\"og:locale\" content=\"es_ES\" \/>\n<meta property=\"og:type\" content=\"article\" \/>\n<meta property=\"og:title\" content=\"Genset telematics: Solution for KJ Power Diesel Generator\" \/>\n<meta property=\"og:description\" content=\"Monitoring system: fuel consumption, operating modes, engine operating time.\" \/>\n<meta property=\"og:url\" content=\"https:\/\/jv-technoton.com\/es\/galeria-de-instalaciones-de-equipos-technoton\/installation-solution-for-kj-power-kjt120asb-diesel-generator\/\" \/>\n<meta property=\"og:site_name\" content=\"Technoton\" \/>\n<meta property=\"article:modified_time\" content=\"2025-05-23T08:44:15+00:00\" \/>\n<meta property=\"og:image\" content=\"https:\/\/jv-technoton.com\/wp-content\/uploads\/2022\/05\/toplivnaya-sistema.webp\" \/>\n\t<meta property=\"og:image:width\" content=\"1280\" \/>\n\t<meta property=\"og:image:height\" content=\"957\" \/>\n\t<meta property=\"og:image:type\" content=\"image\/webp\" \/>\n<meta name=\"twitter:card\" content=\"summary_large_image\" \/>\n<meta name=\"twitter:title\" content=\"Genset telematics: Solution for KJ Power Diesel Generator\" \/>\n<meta name=\"twitter:description\" content=\"Monitoring system: fuel consumption, generator operating modes, engine operating time.\" \/>\n<meta name=\"twitter:label1\" content=\"Tiempo de lectura\" \/>\n\t<meta name=\"twitter:data1\" content=\"3 minutos\" \/>\n<script type=\"application\/ld+json\" class=\"yoast-schema-graph\">{\"@context\":\"https:\\\/\\\/schema.org\",\"@graph\":[{\"@type\":\"WebPage\",\"@id\":\"https:\\\/\\\/jv-technoton.com\\\/es\\\/galeria-de-instalaciones-de-equipos-technoton\\\/installation-solution-for-kj-power-kjt120asb-diesel-generator\\\/\",\"url\":\"https:\\\/\\\/jv-technoton.com\\\/es\\\/galeria-de-instalaciones-de-equipos-technoton\\\/installation-solution-for-kj-power-kjt120asb-diesel-generator\\\/\",\"name\":\"Genset telematics: Solution for KJ Power Diesel Generator\",\"isPartOf\":{\"@id\":\"https:\\\/\\\/jv-technoton.com\\\/#website\"},\"primaryImageOfPage\":{\"@id\":\"https:\\\/\\\/jv-technoton.com\\\/es\\\/galeria-de-instalaciones-de-equipos-technoton\\\/installation-solution-for-kj-power-kjt120asb-diesel-generator\\\/#primaryimage\"},\"image\":{\"@id\":\"https:\\\/\\\/jv-technoton.com\\\/es\\\/galeria-de-instalaciones-de-equipos-technoton\\\/installation-solution-for-kj-power-kjt120asb-diesel-generator\\\/#primaryimage\"},\"thumbnailUrl\":\"https:\\\/\\\/jv-technoton.com\\\/wp-content\\\/uploads\\\/2022\\\/05\\\/toplivnaya-sistema.webp\",\"datePublished\":\"2025-04-10T08:37:04+00:00\",\"dateModified\":\"2025-05-23T08:44:15+00:00\",\"description\":\"Monitoring system: fuel consumption, generator operating modes, engine operating time.\",\"breadcrumb\":{\"@id\":\"https:\\\/\\\/jv-technoton.com\\\/es\\\/galeria-de-instalaciones-de-equipos-technoton\\\/installation-solution-for-kj-power-kjt120asb-diesel-generator\\\/#breadcrumb\"},\"inLanguage\":\"es\",\"potentialAction\":[{\"@type\":\"ReadAction\",\"target\":[\"https:\\\/\\\/jv-technoton.com\\\/es\\\/galeria-de-instalaciones-de-equipos-technoton\\\/installation-solution-for-kj-power-kjt120asb-diesel-generator\\\/\"]}]},{\"@type\":\"ImageObject\",\"inLanguage\":\"es\",\"@id\":\"https:\\\/\\\/jv-technoton.com\\\/es\\\/galeria-de-instalaciones-de-equipos-technoton\\\/installation-solution-for-kj-power-kjt120asb-diesel-generator\\\/#primaryimage\",\"url\":\"https:\\\/\\\/jv-technoton.com\\\/wp-content\\\/uploads\\\/2022\\\/05\\\/toplivnaya-sistema.webp\",\"contentUrl\":\"https:\\\/\\\/jv-technoton.com\\\/wp-content\\\/uploads\\\/2022\\\/05\\\/toplivnaya-sistema.webp\"},{\"@type\":\"BreadcrumbList\",\"@id\":\"https:\\\/\\\/jv-technoton.com\\\/es\\\/galeria-de-instalaciones-de-equipos-technoton\\\/installation-solution-for-kj-power-kjt120asb-diesel-generator\\\/#breadcrumb\",\"itemListElement\":[{\"@type\":\"ListItem\",\"position\":1,\"name\":\"Home\",\"item\":\"https:\\\/\\\/jv-technoton.com\\\/es\\\/\"},{\"@type\":\"ListItem\",\"position\":2,\"name\":\"Galer\u00eda de instalaciones de equipos Technoton\",\"item\":\"https:\\\/\\\/jv-technoton.com\\\/es\\\/galeria-de-instalaciones-de-equipos-technoton\\\/\"},{\"@type\":\"ListItem\",\"position\":3,\"name\":\"Soluci\u00f3n para el generador di\u00e9sel KJ Power KJT120ASB\"}]},{\"@type\":\"WebSite\",\"@id\":\"https:\\\/\\\/jv-technoton.com\\\/#website\",\"url\":\"https:\\\/\\\/jv-technoton.com\\\/\",\"name\":\"Advanced machinery telematics and fuel monitoring\",\"description\":\"Telem\u00e1tica para maquinaria compleja | Technoton\",\"publisher\":{\"@id\":\"https:\\\/\\\/jv-technoton.com\\\/#organization\"},\"potentialAction\":[{\"@type\":\"SearchAction\",\"target\":{\"@type\":\"EntryPoint\",\"urlTemplate\":\"https:\\\/\\\/jv-technoton.com\\\/?s={search_term_string}\"},\"query-input\":{\"@type\":\"PropertyValueSpecification\",\"valueRequired\":true,\"valueName\":\"search_term_string\"}}],\"inLanguage\":\"es\"},{\"@type\":\"Organization\",\"@id\":\"https:\\\/\\\/jv-technoton.com\\\/#organization\",\"name\":\"Technoton\",\"url\":\"https:\\\/\\\/jv-technoton.com\\\/\",\"logo\":{\"@type\":\"ImageObject\",\"inLanguage\":\"es\",\"@id\":\"https:\\\/\\\/jv-technoton.com\\\/#\\\/schema\\\/logo\\\/image\\\/\",\"url\":\"https:\\\/\\\/jv-technoton.com\\\/wp-content\\\/uploads\\\/2022\\\/02\\\/technoton_logo_web.png\",\"contentUrl\":\"https:\\\/\\\/jv-technoton.com\\\/wp-content\\\/uploads\\\/2022\\\/02\\\/technoton_logo_web.png\",\"width\":800,\"height\":329,\"caption\":\"Technoton\"},\"image\":{\"@id\":\"https:\\\/\\\/jv-technoton.com\\\/#\\\/schema\\\/logo\\\/image\\\/\"},\"sameAs\":[\"https:\\\/\\\/www.linkedin.com\\\/company\\\/technoton\"]}]}<\/script>\n<!-- \/ Yoast SEO Premium plugin. -->","yoast_head_json":{"title":"Genset telematics: Solution for KJ Power Diesel Generator","description":"Monitoring system: fuel consumption, generator operating modes, engine operating time.","robots":{"index":"index","follow":"follow","max-snippet":"max-snippet:-1","max-image-preview":"max-image-preview:large","max-video-preview":"max-video-preview:-1"},"canonical":"https:\/\/jv-technoton.com\/es\/galeria-de-instalaciones-de-equipos-technoton\/installation-solution-for-kj-power-kjt120asb-diesel-generator\/","og_locale":"es_ES","og_type":"article","og_title":"Genset telematics: Solution for KJ Power Diesel Generator","og_description":"Monitoring system: fuel consumption, operating modes, engine operating time.","og_url":"https:\/\/jv-technoton.com\/es\/galeria-de-instalaciones-de-equipos-technoton\/installation-solution-for-kj-power-kjt120asb-diesel-generator\/","og_site_name":"Technoton","article_modified_time":"2025-05-23T08:44:15+00:00","og_image":[{"width":1280,"height":957,"url":"https:\/\/jv-technoton.com\/wp-content\/uploads\/2022\/05\/toplivnaya-sistema.webp","type":"image\/webp"}],"twitter_card":"summary_large_image","twitter_title":"Genset telematics: Solution for KJ Power Diesel Generator","twitter_description":"Monitoring system: fuel consumption, generator operating modes, engine operating time.","twitter_misc":{"Tiempo de lectura":"3 minutos"},"schema":{"@context":"https:\/\/schema.org","@graph":[{"@type":"WebPage","@id":"https:\/\/jv-technoton.com\/es\/galeria-de-instalaciones-de-equipos-technoton\/installation-solution-for-kj-power-kjt120asb-diesel-generator\/","url":"https:\/\/jv-technoton.com\/es\/galeria-de-instalaciones-de-equipos-technoton\/installation-solution-for-kj-power-kjt120asb-diesel-generator\/","name":"Genset telematics: Solution for KJ Power Diesel Generator","isPartOf":{"@id":"https:\/\/jv-technoton.com\/#website"},"primaryImageOfPage":{"@id":"https:\/\/jv-technoton.com\/es\/galeria-de-instalaciones-de-equipos-technoton\/installation-solution-for-kj-power-kjt120asb-diesel-generator\/#primaryimage"},"image":{"@id":"https:\/\/jv-technoton.com\/es\/galeria-de-instalaciones-de-equipos-technoton\/installation-solution-for-kj-power-kjt120asb-diesel-generator\/#primaryimage"},"thumbnailUrl":"https:\/\/jv-technoton.com\/wp-content\/uploads\/2022\/05\/toplivnaya-sistema.webp","datePublished":"2025-04-10T08:37:04+00:00","dateModified":"2025-05-23T08:44:15+00:00","description":"Monitoring system: fuel consumption, generator operating modes, engine operating time.","breadcrumb":{"@id":"https:\/\/jv-technoton.com\/es\/galeria-de-instalaciones-de-equipos-technoton\/installation-solution-for-kj-power-kjt120asb-diesel-generator\/#breadcrumb"},"inLanguage":"es","potentialAction":[{"@type":"ReadAction","target":["https:\/\/jv-technoton.com\/es\/galeria-de-instalaciones-de-equipos-technoton\/installation-solution-for-kj-power-kjt120asb-diesel-generator\/"]}]},{"@type":"ImageObject","inLanguage":"es","@id":"https:\/\/jv-technoton.com\/es\/galeria-de-instalaciones-de-equipos-technoton\/installation-solution-for-kj-power-kjt120asb-diesel-generator\/#primaryimage","url":"https:\/\/jv-technoton.com\/wp-content\/uploads\/2022\/05\/toplivnaya-sistema.webp","contentUrl":"https:\/\/jv-technoton.com\/wp-content\/uploads\/2022\/05\/toplivnaya-sistema.webp"},{"@type":"BreadcrumbList","@id":"https:\/\/jv-technoton.com\/es\/galeria-de-instalaciones-de-equipos-technoton\/installation-solution-for-kj-power-kjt120asb-diesel-generator\/#breadcrumb","itemListElement":[{"@type":"ListItem","position":1,"name":"Home","item":"https:\/\/jv-technoton.com\/es\/"},{"@type":"ListItem","position":2,"name":"Galer\u00eda de instalaciones de equipos Technoton","item":"https:\/\/jv-technoton.com\/es\/galeria-de-instalaciones-de-equipos-technoton\/"},{"@type":"ListItem","position":3,"name":"Soluci\u00f3n para el generador di\u00e9sel KJ Power KJT120ASB"}]},{"@type":"WebSite","@id":"https:\/\/jv-technoton.com\/#website","url":"https:\/\/jv-technoton.com\/","name":"Advanced machinery telematics and fuel monitoring","description":"Telem\u00e1tica para maquinaria compleja | Technoton","publisher":{"@id":"https:\/\/jv-technoton.com\/#organization"},"potentialAction":[{"@type":"SearchAction","target":{"@type":"EntryPoint","urlTemplate":"https:\/\/jv-technoton.com\/?s={search_term_string}"},"query-input":{"@type":"PropertyValueSpecification","valueRequired":true,"valueName":"search_term_string"}}],"inLanguage":"es"},{"@type":"Organization","@id":"https:\/\/jv-technoton.com\/#organization","name":"Technoton","url":"https:\/\/jv-technoton.com\/","logo":{"@type":"ImageObject","inLanguage":"es","@id":"https:\/\/jv-technoton.com\/#\/schema\/logo\/image\/","url":"https:\/\/jv-technoton.com\/wp-content\/uploads\/2022\/02\/technoton_logo_web.png","contentUrl":"https:\/\/jv-technoton.com\/wp-content\/uploads\/2022\/02\/technoton_logo_web.png","width":800,"height":329,"caption":"Technoton"},"image":{"@id":"https:\/\/jv-technoton.com\/#\/schema\/logo\/image\/"},"sameAs":["https:\/\/www.linkedin.com\/company\/technoton"]}]}},"rttpg_featured_image_url":null,"rttpg_author":{"display_name":"Vlada Mostovich","author_link":"https:\/\/jv-technoton.com\/es\/author\/vlada\/"},"rttpg_comment":0,"rttpg_category":" <a href=\"https:\/\/jv-technoton.com\/es\/?taxonomy=translation_priority&#038;term=opcional\" rel=\"tag\">Opcional<\/a>","rttpg_excerpt":"[vc_row][vc_column][vc_column_text css=\u00bb\u00bb] Soluci\u00f3n para el generador di\u00e9sel KJ Power KJT120ASB [\/vc_column_text][\/vc_column][\/vc_row][vc_row][vc_column][vc_column_text css=\u00bb\u00bb]Equipamiento instalado: Fluj\u00f3metro de combustible\u00a0DFM 100D, Sensor de nivel de combustible\u00a0DUT-E CAN, Convertidor\u00a0MasterCAN RS2CAN, que recibe datos del controlador\u00a0DATAKOM D500\u00a0a trav\u00e9s del protocolo Modbus RS-485, Unidad telem\u00e1tica inteligente\u00a0CANUp Genset. Como resultado de la instalaci\u00f3n, la empresa cliente obtuvo acceso a una cuenta personal en...","_links":{"self":[{"href":"https:\/\/jv-technoton.com\/es\/wp-json\/wp\/v2\/pages\/118310","targetHints":{"allow":["GET"]}}],"collection":[{"href":"https:\/\/jv-technoton.com\/es\/wp-json\/wp\/v2\/pages"}],"about":[{"href":"https:\/\/jv-technoton.com\/es\/wp-json\/wp\/v2\/types\/page"}],"author":[{"embeddable":true,"href":"https:\/\/jv-technoton.com\/es\/wp-json\/wp\/v2\/users\/4"}],"replies":[{"embeddable":true,"href":"https:\/\/jv-technoton.com\/es\/wp-json\/wp\/v2\/comments?post=118310"}],"version-history":[{"count":1,"href":"https:\/\/jv-technoton.com\/es\/wp-json\/wp\/v2\/pages\/118310\/revisions"}],"predecessor-version":[{"id":119484,"href":"https:\/\/jv-technoton.com\/es\/wp-json\/wp\/v2\/pages\/118310\/revisions\/119484"}],"up":[{"embeddable":true,"href":"https:\/\/jv-technoton.com\/es\/wp-json\/wp\/v2\/pages\/47585"}],"wp:attachment":[{"href":"https:\/\/jv-technoton.com\/es\/wp-json\/wp\/v2\/media?parent=118310"}],"curies":[{"name":"wp","href":"https:\/\/api.w.org\/{rel}","templated":true}]}}