{"id":121702,"date":"2025-06-06T09:48:35","date_gmt":"2025-06-06T06:48:35","guid":{"rendered":"https:\/\/jv-technoton.com\/?page_id=121702"},"modified":"2025-06-06T09:48:35","modified_gmt":"2025-06-06T06:48:35","slug":"solicitud-solucion-monitoreo-construccion","status":"publish","type":"page","link":"https:\/\/jv-technoton.com\/es\/soluciones\/telematica-maquinaria-construccion\/solicitud-solucion-monitoreo-construccion\/","title":{"rendered":"Solicitud de soluci\u00f3n para el monitoreo de maquinaria de construcci\u00f3n"},"content":{"rendered":"<div class=\"wpb-content-wrapper\"><p>[vc_row][vc_column]<div class=\"ult-spacer spacer-69ea68e2e6823\" data-id=\"69ea68e2e6823\" data-height=\"22\" data-height-mobile=\"22\" data-height-tab=\"22\" data-height-tab-portrait=\"\" data-height-mobile-landscape=\"\" style=\"clear:both;display:block;\"><\/div>[vc_column_text]<\/p>\n<h1>Solicitud de soluci\u00f3n para el monitoreo de maquinaria de construcci\u00f3n<\/h1>\n<p>[\/vc_column_text][vc_row_inner][vc_column_inner][vc_column_text css=\u00bb\u00bb]Por favor, llene el siguiente formulario, para que nuestro equipo t\u00e9cnico y comercial pueda preparar una soluci\u00f3n telem\u00e1tica personalizada para la <a href=\"\/es\/soluciones\/telematica-maquinaria-construccion\/\">telem\u00e1tica para maquinaria de construcci\u00f3n<\/a>, que se ajuste a sus necesidades.[\/vc_column_text][\/vc_column_inner][\/vc_row_inner][\/vc_column][\/vc_row][vc_row][vc_column width=\u00bb1\/4&#8243;][\/vc_column][vc_column width=\u00bb1\/2&#8243;][vc_column_text css=\u00bb\u00bb]\n<div class=\"wpcf7 no-js\" id=\"wpcf7-f121953-o1\" lang=\"en-US\" dir=\"ltr\" data-wpcf7-id=\"121953\">\n<div class=\"screen-reader-response\"><p role=\"status\" aria-live=\"polite\" aria-atomic=\"true\"><\/p> <ul><\/ul><\/div>\n<form action=\"\/es\/wp-json\/wp\/v2\/pages\/121702#wpcf7-f121953-o1\" method=\"post\" class=\"wpcf7-form init\" aria-label=\"Contact form\" novalidate=\"novalidate\" data-status=\"init\">\n<fieldset class=\"hidden-fields-container\"><input type=\"hidden\" name=\"_wpcf7\" value=\"121953\" \/><input type=\"hidden\" name=\"_wpcf7_version\" value=\"6.1.5\" \/><input type=\"hidden\" name=\"_wpcf7_locale\" value=\"en_US\" \/><input type=\"hidden\" name=\"_wpcf7_unit_tag\" value=\"wpcf7-f121953-o1\" \/><input type=\"hidden\" name=\"_wpcf7_container_post\" value=\"0\" \/><input type=\"hidden\" name=\"_wpcf7_posted_data_hash\" value=\"\" \/>\n<\/fieldset>\n<p><label>Nombre *<br \/>\n<span class=\"wpcf7-form-control-wrap\" data-name=\"your-name\"><input size=\"40\" maxlength=\"400\" class=\"wpcf7-form-control wpcf7-text wpcf7-validates-as-required\" aria-required=\"true\" aria-invalid=\"false\" value=\"\" type=\"text\" name=\"your-name\" \/><\/span><\/label>\n<\/p>\n<p><label>Empresa *<br \/>\n<span class=\"wpcf7-form-control-wrap\" data-name=\"text-879\"><input size=\"40\" maxlength=\"400\" class=\"wpcf7-form-control wpcf7-text wpcf7-validates-as-required\" aria-required=\"true\" aria-invalid=\"false\" value=\"\" type=\"text\" name=\"text-879\" \/><\/span><\/label>\n<\/p>\n<p><label>Pa\u00eds *<br \/>\n<span class=\"wpcf7-form-control-wrap\" data-name=\"text-167\"><input size=\"40\" maxlength=\"400\" class=\"wpcf7-form-control wpcf7-text wpcf7-validates-as-required\" aria-required=\"true\" aria-invalid=\"false\" value=\"\" type=\"text\" name=\"text-167\" \/><\/span><\/label>\n<\/p>\n<p><label>E-mail *<br \/>\n<span class=\"wpcf7-form-control-wrap\" data-name=\"your-email\"><input size=\"40\" maxlength=\"400\" class=\"wpcf7-form-control wpcf7-email wpcf7-validates-as-required wpcf7-text wpcf7-validates-as-email\" aria-required=\"true\" aria-invalid=\"false\" value=\"\" type=\"email\" name=\"your-email\" \/><\/span><\/label>\n<\/p>\n<p><label>P\u00e1gina Web de la empresa<br \/>\n<span class=\"wpcf7-form-control-wrap\" data-name=\"text-82\"><input size=\"40\" maxlength=\"400\" class=\"wpcf7-form-control wpcf7-text\" aria-invalid=\"false\" value=\"\" type=\"text\" name=\"text-82\" \/><\/span><\/label>\n<\/p>\n<p><label>Tipo y modelo del equipamiento 1 *<br \/>\n<span class=\"wpcf7-form-control-wrap\" data-name=\"text-81\"><input size=\"40\" maxlength=\"400\" class=\"wpcf7-form-control wpcf7-text wpcf7-validates-as-required\" aria-required=\"true\" aria-invalid=\"false\" value=\"\" type=\"text\" name=\"text-81\" \/><\/span><\/label>\n<\/p>\n<p><label>Tipo y modelo del equipamiento 2<br \/>\n<span class=\"wpcf7-form-control-wrap\" data-name=\"text-84\"><input size=\"40\" maxlength=\"400\" class=\"wpcf7-form-control wpcf7-text\" aria-invalid=\"false\" value=\"\" type=\"text\" name=\"text-84\" \/><\/span><\/label>\n<\/p>\n<p><label>Tipo y modelo del equipamiento 3<br \/>\n<span class=\"wpcf7-form-control-wrap\" data-name=\"text-83\"><input size=\"40\" maxlength=\"400\" class=\"wpcf7-form-control wpcf7-text\" aria-invalid=\"false\" value=\"\" type=\"text\" name=\"text-83\" \/><\/span><\/label>\n<\/p>\n<p>Tareas a resolver *:<br \/>\n<span class=\"wpcf7-form-control-wrap\" data-name=\"checkbox-221\"><span class=\"wpcf7-form-control wpcf7-checkbox\"><span class=\"wpcf7-list-item first\"><label><input type=\"checkbox\" name=\"checkbox-221[]\" value=\"monitoreo del consumo de combustible\" \/><span class=\"wpcf7-list-item-label\">monitoreo del consumo de combustible<\/span><\/label><\/span><span class=\"wpcf7-list-item\"><label><input type=\"checkbox\" name=\"checkbox-221[]\" value=\"monitoreo del tanque de combustible\" \/><span class=\"wpcf7-list-item-label\">monitoreo del tanque de combustible<\/span><\/label><\/span><span class=\"wpcf7-list-item\"><label><input type=\"checkbox\" name=\"checkbox-221[]\" value=\"prevenci\u00f3n de robos\" \/><span class=\"wpcf7-list-item-label\">prevenci\u00f3n de robos<\/span><\/label><\/span><span class=\"wpcf7-list-item\"><label><input type=\"checkbox\" name=\"checkbox-221[]\" value=\"carga por eje\" \/><span class=\"wpcf7-list-item-label\">carga por eje<\/span><\/label><\/span><span class=\"wpcf7-list-item\"><label><input type=\"checkbox\" name=\"checkbox-221[]\" value=\"diagn\u00f3stico del estado del motor\" \/><span class=\"wpcf7-list-item-label\">diagn\u00f3stico del estado del motor<\/span><\/label><\/span><span class=\"wpcf7-list-item\"><label><input type=\"checkbox\" name=\"checkbox-221[]\" value=\"seguimiento GPS\" \/><span class=\"wpcf7-list-item-label\">seguimiento GPS<\/span><\/label><\/span><span class=\"wpcf7-list-item\"><label><input type=\"checkbox\" name=\"checkbox-221[]\" value=\"mantenimiento predictivo\" \/><span class=\"wpcf7-list-item-label\">mantenimiento predictivo<\/span><\/label><\/span><span class=\"wpcf7-list-item\"><label><input type=\"checkbox\" name=\"checkbox-221[]\" value=\"monitoreo del tiempo de funcionamiento del motor\" \/><span class=\"wpcf7-list-item-label\">monitoreo del tiempo de funcionamiento del motor<\/span><\/label><\/span><span class=\"wpcf7-list-item last\"><label><input type=\"checkbox\" name=\"checkbox-221[]\" value=\"otro\" \/><span class=\"wpcf7-list-item-label\">otro<\/span><\/label><\/span><\/span><\/span>\n<\/p>\n<p><label>Informaci\u00f3n adicional *<br \/>\n<span class=\"wpcf7-form-control-wrap\" data-name=\"text-938\"><textarea cols=\"40\" rows=\"10\" maxlength=\"2000\" class=\"wpcf7-form-control wpcf7-textarea wpcf7-validates-as-required\" aria-required=\"true\" aria-invalid=\"false\" name=\"text-938\"><\/textarea><\/span><\/label>\n<\/p>\n<p><label><span class=\"wpcf7-form-control-wrap\" data-name=\"acceptance-777\"><span class=\"wpcf7-form-control wpcf7-acceptance\"><span class=\"wpcf7-list-item\"><input type=\"checkbox\" name=\"acceptance-777\" value=\"1\" aria-invalid=\"false\" \/><\/span><\/span><\/span> He le\u00eddo <a href=\"https:\/\/jv-technoton.com\/personal-data-privacy-policy\/\">la Pol\u00edtica de privacidad<\/a> y acepto el uso y procesamiento de mis datos personales.<\/label>\n<\/p>\n<p><input class=\"wpcf7-form-control wpcf7-submit has-spinner\" type=\"submit\" value=\"Enviar solicitud\" \/>\n<\/p><p style=\"display: none !important;\" class=\"akismet-fields-container\" data-prefix=\"_wpcf7_ak_\"><label>&#916;<textarea name=\"_wpcf7_ak_hp_textarea\" cols=\"45\" rows=\"8\" maxlength=\"100\"><\/textarea><\/label><input type=\"hidden\" id=\"ak_js_1\" name=\"_wpcf7_ak_js\" value=\"95\"\/><script>document.getElementById( \"ak_js_1\" ).setAttribute( \"value\", ( new Date() ).getTime() );<\/script><\/p><div class=\"wpcf7-response-output\" aria-hidden=\"true\"><\/div>\n<\/form>\n<\/div>\n[\/vc_column_text][\/vc_column][vc_column width=\u00bb1\/4&#8243;][\/vc_column][\/vc_row]<\/p>\n<\/div>","protected":false},"excerpt":{"rendered":"<p>[vc_row][vc_column][vc_column_text] Solicitud de soluci\u00f3n para el monitoreo de maquinaria de construcci\u00f3n [\/vc_column_text][vc_row_inner][vc_column_inner][vc_column_text css=\u00bb\u00bb]Por favor, llene el siguiente formulario, para que nuestro equipo t\u00e9cnico y comercial pueda preparar una soluci\u00f3n telem\u00e1tica personalizada para la telem\u00e1tica para maquinaria de construcci\u00f3n, que se ajuste a sus necesidades.[\/vc_column_text][\/vc_column_inner][\/vc_row_inner][\/vc_column][\/vc_row][vc_row][vc_column width=\u00bb1\/4&#8243;][\/vc_column][vc_column width=\u00bb1\/2&#8243;][vc_column_text css=\u00bb\u00bb][\/vc_column_text][\/vc_column][vc_column width=\u00bb1\/4&#8243;][\/vc_column][\/vc_row]<\/p>\n","protected":false},"author":14,"featured_media":0,"parent":121700,"menu_order":0,"comment_status":"closed","ping_status":"closed","template":"","meta":{"_kad_post_transparent":"","_kad_post_title":"","_kad_post_layout":"","_kad_post_sidebar_id":"","_kad_post_content_style":"","_kad_post_vertical_padding":"","_kad_post_feature":"","_kad_post_feature_position":"","_kad_post_header":false,"_kad_post_footer":false,"_kad_post_classname":"","footnotes":""},"class_list":["post-121702","page","type-page","status-publish","hentry"],"yoast_head":"<!-- This site is optimized with the Yoast SEO Premium plugin v18.1 (Yoast SEO v27.4) - https:\/\/yoast.com\/product\/yoast-seo-premium-wordpress\/ -->\n<title>Solicitud de soluci\u00f3n para el monitoreo de maquinaria de construcci\u00f3n | Technoton<\/title>\n<meta name=\"robots\" content=\"index, follow, max-snippet:-1, max-image-preview:large, max-video-preview:-1\" \/>\n<link rel=\"canonical\" href=\"https:\/\/jv-technoton.com\/es\/soluciones\/telematica-maquinaria-construccion\/solicitud-solucion-monitoreo-construccion\/\" \/>\n<meta property=\"og:locale\" content=\"es_ES\" \/>\n<meta property=\"og:type\" content=\"article\" \/>\n<meta property=\"og:title\" content=\"Solicitud de soluci\u00f3n para el monitoreo de maquinaria de construcci\u00f3n\" \/>\n<meta property=\"og:description\" content=\"[vc_row][vc_column][vc_column_text] Solicitud de soluci\u00f3n para el monitoreo de maquinaria de construcci\u00f3n [\/vc_column_text][vc_row_inner][vc_column_inner][vc_column_text css=\u00bb\u00bb]Por favor, llene el siguiente formulario, para que nuestro equipo t\u00e9cnico y comercial pueda preparar una soluci\u00f3n telem\u00e1tica personalizada para la telem\u00e1tica para maquinaria de construcci\u00f3n, que se ajuste a sus necesidades.[\/vc_column_text][\/vc_column_inner][\/vc_row_inner][\/vc_column][\/vc_row][vc_row][vc_column width=\u00bb1\/4&#8243;][\/vc_column][vc_column width=\u00bb1\/2&#8243;][vc_column_text css=\u00bb\u00bb][\/vc_column_text][\/vc_column][vc_column width=\u00bb1\/4&#8243;][\/vc_column][\/vc_row]\" \/>\n<meta property=\"og:url\" content=\"https:\/\/jv-technoton.com\/es\/soluciones\/telematica-maquinaria-construccion\/solicitud-solucion-monitoreo-construccion\/\" \/>\n<meta property=\"og:site_name\" content=\"Technoton\" \/>\n<meta name=\"twitter:card\" content=\"summary_large_image\" \/>\n<meta name=\"twitter:label1\" content=\"Tiempo de lectura\" \/>\n\t<meta name=\"twitter:data1\" content=\"1 minuto\" \/>\n<script type=\"application\/ld+json\" class=\"yoast-schema-graph\">{\"@context\":\"https:\\\/\\\/schema.org\",\"@graph\":[{\"@type\":\"WebPage\",\"@id\":\"https:\\\/\\\/jv-technoton.com\\\/es\\\/soluciones\\\/telematica-maquinaria-construccion\\\/solicitud-solucion-monitoreo-construccion\\\/\",\"url\":\"https:\\\/\\\/jv-technoton.com\\\/es\\\/soluciones\\\/telematica-maquinaria-construccion\\\/solicitud-solucion-monitoreo-construccion\\\/\",\"name\":\"Solicitud de soluci\u00f3n para el monitoreo de maquinaria de construcci\u00f3n | Technoton\",\"isPartOf\":{\"@id\":\"https:\\\/\\\/jv-technoton.com\\\/#website\"},\"datePublished\":\"2025-06-06T06:48:35+00:00\",\"breadcrumb\":{\"@id\":\"https:\\\/\\\/jv-technoton.com\\\/es\\\/soluciones\\\/telematica-maquinaria-construccion\\\/solicitud-solucion-monitoreo-construccion\\\/#breadcrumb\"},\"inLanguage\":\"es\",\"potentialAction\":[{\"@type\":\"ReadAction\",\"target\":[\"https:\\\/\\\/jv-technoton.com\\\/es\\\/soluciones\\\/telematica-maquinaria-construccion\\\/solicitud-solucion-monitoreo-construccion\\\/\"]}]},{\"@type\":\"BreadcrumbList\",\"@id\":\"https:\\\/\\\/jv-technoton.com\\\/es\\\/soluciones\\\/telematica-maquinaria-construccion\\\/solicitud-solucion-monitoreo-construccion\\\/#breadcrumb\",\"itemListElement\":[{\"@type\":\"ListItem\",\"position\":1,\"name\":\"Home\",\"item\":\"https:\\\/\\\/jv-technoton.com\\\/es\\\/\"},{\"@type\":\"ListItem\",\"position\":2,\"name\":\"Soluciones telem\u00e1ticas\",\"item\":\"https:\\\/\\\/jv-technoton.com\\\/es\\\/soluciones\\\/\"},{\"@type\":\"ListItem\",\"position\":3,\"name\":\"Telem\u00e1tica para maquinaria de construcci\u00f3n: Monitoreo remoto de flotas y gesti\u00f3n de combustible\",\"item\":\"https:\\\/\\\/jv-technoton.com\\\/es\\\/soluciones\\\/telematica-maquinaria-construccion\\\/\"},{\"@type\":\"ListItem\",\"position\":4,\"name\":\"Solicitud de soluci\u00f3n para el monitoreo de maquinaria de construcci\u00f3n\"}]},{\"@type\":\"WebSite\",\"@id\":\"https:\\\/\\\/jv-technoton.com\\\/#website\",\"url\":\"https:\\\/\\\/jv-technoton.com\\\/\",\"name\":\"Advanced machinery telematics and fuel monitoring\",\"description\":\"Telem\u00e1tica para maquinaria compleja | Technoton\",\"publisher\":{\"@id\":\"https:\\\/\\\/jv-technoton.com\\\/#organization\"},\"potentialAction\":[{\"@type\":\"SearchAction\",\"target\":{\"@type\":\"EntryPoint\",\"urlTemplate\":\"https:\\\/\\\/jv-technoton.com\\\/?s={search_term_string}\"},\"query-input\":{\"@type\":\"PropertyValueSpecification\",\"valueRequired\":true,\"valueName\":\"search_term_string\"}}],\"inLanguage\":\"es\"},{\"@type\":\"Organization\",\"@id\":\"https:\\\/\\\/jv-technoton.com\\\/#organization\",\"name\":\"Technoton\",\"url\":\"https:\\\/\\\/jv-technoton.com\\\/\",\"logo\":{\"@type\":\"ImageObject\",\"inLanguage\":\"es\",\"@id\":\"https:\\\/\\\/jv-technoton.com\\\/#\\\/schema\\\/logo\\\/image\\\/\",\"url\":\"https:\\\/\\\/jv-technoton.com\\\/wp-content\\\/uploads\\\/2022\\\/02\\\/technoton_logo_web.png\",\"contentUrl\":\"https:\\\/\\\/jv-technoton.com\\\/wp-content\\\/uploads\\\/2022\\\/02\\\/technoton_logo_web.png\",\"width\":800,\"height\":329,\"caption\":\"Technoton\"},\"image\":{\"@id\":\"https:\\\/\\\/jv-technoton.com\\\/#\\\/schema\\\/logo\\\/image\\\/\"},\"sameAs\":[\"https:\\\/\\\/www.linkedin.com\\\/company\\\/technoton\"]}]}<\/script>\n<!-- \/ Yoast SEO Premium plugin. -->","yoast_head_json":{"title":"Solicitud de soluci\u00f3n para el monitoreo de maquinaria de construcci\u00f3n | Technoton","robots":{"index":"index","follow":"follow","max-snippet":"max-snippet:-1","max-image-preview":"max-image-preview:large","max-video-preview":"max-video-preview:-1"},"canonical":"https:\/\/jv-technoton.com\/es\/soluciones\/telematica-maquinaria-construccion\/solicitud-solucion-monitoreo-construccion\/","og_locale":"es_ES","og_type":"article","og_title":"Solicitud de soluci\u00f3n para el monitoreo de maquinaria de construcci\u00f3n","og_description":"[vc_row][vc_column][vc_column_text] Solicitud de soluci\u00f3n para el monitoreo de maquinaria de construcci\u00f3n [\/vc_column_text][vc_row_inner][vc_column_inner][vc_column_text css=\u00bb\u00bb]Por favor, llene el siguiente formulario, para que nuestro equipo t\u00e9cnico y comercial pueda preparar una soluci\u00f3n telem\u00e1tica personalizada para la telem\u00e1tica para maquinaria de construcci\u00f3n, que se ajuste a sus necesidades.[\/vc_column_text][\/vc_column_inner][\/vc_row_inner][\/vc_column][\/vc_row][vc_row][vc_column width=\u00bb1\/4&#8243;][\/vc_column][vc_column width=\u00bb1\/2&#8243;][vc_column_text css=\u00bb\u00bb][\/vc_column_text][\/vc_column][vc_column width=\u00bb1\/4&#8243;][\/vc_column][\/vc_row]","og_url":"https:\/\/jv-technoton.com\/es\/soluciones\/telematica-maquinaria-construccion\/solicitud-solucion-monitoreo-construccion\/","og_site_name":"Technoton","twitter_card":"summary_large_image","twitter_misc":{"Tiempo de lectura":"1 minuto"},"schema":{"@context":"https:\/\/schema.org","@graph":[{"@type":"WebPage","@id":"https:\/\/jv-technoton.com\/es\/soluciones\/telematica-maquinaria-construccion\/solicitud-solucion-monitoreo-construccion\/","url":"https:\/\/jv-technoton.com\/es\/soluciones\/telematica-maquinaria-construccion\/solicitud-solucion-monitoreo-construccion\/","name":"Solicitud de soluci\u00f3n para el monitoreo de maquinaria de construcci\u00f3n | Technoton","isPartOf":{"@id":"https:\/\/jv-technoton.com\/#website"},"datePublished":"2025-06-06T06:48:35+00:00","breadcrumb":{"@id":"https:\/\/jv-technoton.com\/es\/soluciones\/telematica-maquinaria-construccion\/solicitud-solucion-monitoreo-construccion\/#breadcrumb"},"inLanguage":"es","potentialAction":[{"@type":"ReadAction","target":["https:\/\/jv-technoton.com\/es\/soluciones\/telematica-maquinaria-construccion\/solicitud-solucion-monitoreo-construccion\/"]}]},{"@type":"BreadcrumbList","@id":"https:\/\/jv-technoton.com\/es\/soluciones\/telematica-maquinaria-construccion\/solicitud-solucion-monitoreo-construccion\/#breadcrumb","itemListElement":[{"@type":"ListItem","position":1,"name":"Home","item":"https:\/\/jv-technoton.com\/es\/"},{"@type":"ListItem","position":2,"name":"Soluciones telem\u00e1ticas","item":"https:\/\/jv-technoton.com\/es\/soluciones\/"},{"@type":"ListItem","position":3,"name":"Telem\u00e1tica para maquinaria de construcci\u00f3n: Monitoreo remoto de flotas y gesti\u00f3n de combustible","item":"https:\/\/jv-technoton.com\/es\/soluciones\/telematica-maquinaria-construccion\/"},{"@type":"ListItem","position":4,"name":"Solicitud de soluci\u00f3n para el monitoreo de maquinaria de construcci\u00f3n"}]},{"@type":"WebSite","@id":"https:\/\/jv-technoton.com\/#website","url":"https:\/\/jv-technoton.com\/","name":"Advanced machinery telematics and fuel monitoring","description":"Telem\u00e1tica para maquinaria compleja | Technoton","publisher":{"@id":"https:\/\/jv-technoton.com\/#organization"},"potentialAction":[{"@type":"SearchAction","target":{"@type":"EntryPoint","urlTemplate":"https:\/\/jv-technoton.com\/?s={search_term_string}"},"query-input":{"@type":"PropertyValueSpecification","valueRequired":true,"valueName":"search_term_string"}}],"inLanguage":"es"},{"@type":"Organization","@id":"https:\/\/jv-technoton.com\/#organization","name":"Technoton","url":"https:\/\/jv-technoton.com\/","logo":{"@type":"ImageObject","inLanguage":"es","@id":"https:\/\/jv-technoton.com\/#\/schema\/logo\/image\/","url":"https:\/\/jv-technoton.com\/wp-content\/uploads\/2022\/02\/technoton_logo_web.png","contentUrl":"https:\/\/jv-technoton.com\/wp-content\/uploads\/2022\/02\/technoton_logo_web.png","width":800,"height":329,"caption":"Technoton"},"image":{"@id":"https:\/\/jv-technoton.com\/#\/schema\/logo\/image\/"},"sameAs":["https:\/\/www.linkedin.com\/company\/technoton"]}]}},"rttpg_featured_image_url":null,"rttpg_author":{"display_name":"Ruslan_Lednik","author_link":"https:\/\/jv-technoton.com\/es\/author\/ruslan_lednik\/"},"rttpg_comment":0,"rttpg_category":false,"rttpg_excerpt":"[vc_row][vc_column][vc_column_text] Solicitud de soluci\u00f3n para el monitoreo de maquinaria de construcci\u00f3n [\/vc_column_text][vc_row_inner][vc_column_inner][vc_column_text css=\u00bb\u00bb]Por favor, llene el siguiente formulario, para que nuestro equipo t\u00e9cnico y comercial pueda preparar una soluci\u00f3n telem\u00e1tica personalizada para la telem\u00e1tica para maquinaria de construcci\u00f3n, que se ajuste a sus necesidades.[\/vc_column_text][\/vc_column_inner][\/vc_row_inner][\/vc_column][\/vc_row][vc_row][vc_column width=\u00bb1\/4&#8243;][\/vc_column][vc_column width=\u00bb1\/2&#8243;][vc_column_text css=\u00bb\u00bb][\/vc_column_text][\/vc_column][vc_column width=\u00bb1\/4&#8243;][\/vc_column][\/vc_row]","_links":{"self":[{"href":"https:\/\/jv-technoton.com\/es\/wp-json\/wp\/v2\/pages\/121702","targetHints":{"allow":["GET"]}}],"collection":[{"href":"https:\/\/jv-technoton.com\/es\/wp-json\/wp\/v2\/pages"}],"about":[{"href":"https:\/\/jv-technoton.com\/es\/wp-json\/wp\/v2\/types\/page"}],"author":[{"embeddable":true,"href":"https:\/\/jv-technoton.com\/es\/wp-json\/wp\/v2\/users\/14"}],"replies":[{"embeddable":true,"href":"https:\/\/jv-technoton.com\/es\/wp-json\/wp\/v2\/comments?post=121702"}],"version-history":[{"count":2,"href":"https:\/\/jv-technoton.com\/es\/wp-json\/wp\/v2\/pages\/121702\/revisions"}],"predecessor-version":[{"id":121954,"href":"https:\/\/jv-technoton.com\/es\/wp-json\/wp\/v2\/pages\/121702\/revisions\/121954"}],"up":[{"embeddable":true,"href":"https:\/\/jv-technoton.com\/es\/wp-json\/wp\/v2\/pages\/121700"}],"wp:attachment":[{"href":"https:\/\/jv-technoton.com\/es\/wp-json\/wp\/v2\/media?parent=121702"}],"curies":[{"name":"wp","href":"https:\/\/api.w.org\/{rel}","templated":true}]}}