{"id":125186,"date":"2025-09-12T15:40:31","date_gmt":"2025-09-12T12:40:31","guid":{"rendered":"https:\/\/jv-technoton.com\/?page_id=125186"},"modified":"2025-09-18T16:05:04","modified_gmt":"2025-09-18T13:05:04","slug":"solicitud-de-informacion-sobre-el-contador-deliquidos","status":"publish","type":"page","link":"https:\/\/jv-technoton.com\/es\/productos\/contador-de-liquidos\/solicitud-de-informacion-sobre-el-contador-deliquidos\/","title":{"rendered":"Solicitud de informaci\u00f3n sobre el contador de l\u00edquidos"},"content":{"rendered":"<div class=\"wpb-content-wrapper\"><p>[vc_row][vc_column]<div class=\"ult-spacer spacer-69dbad6bd037e\" data-id=\"69dbad6bd037e\" data-height=\"22\" data-height-mobile=\"22\" data-height-tab=\"22\" data-height-tab-portrait=\"\" data-height-mobile-landscape=\"\" style=\"clear:both;display:block;\"><\/div>[vc_column_text css=\u00bb\u00bb]<\/p>\n<h1>Solicitud de informaci\u00f3n sobre el contador de l\u00edquidos<\/h1>\n<p>[\/vc_column_text]<div class=\"ult-spacer spacer-69dbad6bd03b6\" data-id=\"69dbad6bd03b6\" data-height=\"22\" data-height-mobile=\"22\" data-height-tab=\"22\" data-height-tab-portrait=\"\" data-height-mobile-landscape=\"\" style=\"clear:both;display:block;\"><\/div>[\/vc_column][\/vc_row][vc_row][vc_column][vc_column_text css=\u00bb\u00bb]<\/p>\n<p style=\"text-align: center;\">Contact us and Technoton experts will assist you with selecting flow meter for solving your tasks.<\/p>\n<p>[\/vc_column_text][vc_raw_html css=\u00bb\u00bb]JTNDYnV0dG9uJTIwdHlwZSUzRCUyMmJ1dHRvbiUyMiUyMG9uY2xpY2slM0QlMjJoaXN0b3J5LmJhY2slMjglMjklMjIlMjBjbGFzcyUzRCUyMmJhY2stYnRuJTIyJTNFJTBEJTBBJTIwJTIwJTNDc3BhbiUyMGNsYXNzJTNEJTIyYXJyb3ctaWNvbiUyMiUyMGFyaWEtaGlkZGVuJTNEJTIydHJ1ZSUyMiUzRSUwRCUwQSUyMCUyMCUyMCUyMCUzQ3N2ZyUyMHdpZHRoJTNEJTIyMjQlMjIlMjBoZWlnaHQlM0QlMjIyNCUyMiUyMHZpZXdCb3glM0QlMjIwJTIwMCUyMDI0JTIwMjQlMjIlMjBmaWxsJTNEJTIybm9uZSUyMiUzRSUwRCUwQSUyMCUyMCUyMCUyMCUyMCUyMCUzQ3BhdGglMjBkJTNEJTIyTTE1JTIwMThMOSUyMDEyTDE1JTIwNiUyMiUyMHN0cm9rZSUzRCUyMndoaXRlJTIyJTIwc3Ryb2tlLXdpZHRoJTNEJTIyMi41JTIyJTIwc3Ryb2tlLWxpbmVjYXAlM0QlMjJyb3VuZCUyMiUyMHN0cm9rZS1saW5lam9pbiUzRCUyMnJvdW5kJTIyJTJGJTNFJTBEJTBBJTIwJTIwJTIwJTIwJTIwJTIwJTNDcGF0aCUyMGQlM0QlMjJNOSUyMDEySDIxJTIyJTIwc3Ryb2tlJTNEJTIyd2hpdGUlMjIlMjBzdHJva2Utd2lkdGglM0QlMjIyJTIyJTIwc3Ryb2tlLWxpbmVjYXAlM0QlMjJyb3VuZCUyMiUyRiUzRSUwRCUwQSUyMCUyMCUyMCUyMCUzQyUyRnN2ZyUzRSUwRCUwQSUyMCUyMCUzQyUyRnNwYW4lM0UlMEQlMEElMjAlMjBBdHIlQzMlQTFzJTBEJTBBJTNDJTJGYnV0dG9uJTNFJTBEJTBBJTBEJTBBJTNDc3R5bGUlM0UlMEQlMEEuYmFjay1idG4lMjAlN0IlMEQlMEElMjAlMjBkaXNwbGF5JTNBJTIwaW5saW5lLWZsZXglM0IlMEQlMEElMjAlMjBhbGlnbi1pdGVtcyUzQSUyMGNlbnRlciUzQiUwRCUwQSUyMCUyMGdhcCUzQSUyMDEycHglM0IlMEQlMEElMjAlMjBiYWNrZ3JvdW5kJTNBJTIwbGluZWFyLWdyYWRpZW50JTI4OTBkZWclMkMlMjAlMjNjNjI4MjglMkMlMjAlMjNlZjUzNTAlMjklM0IlMEQlMEElMjAlMjBjb2xvciUzQSUyMHdoaXRlJTNCJTBEJTBBJTIwJTIwYm9yZGVyJTNBJTIwbm9uZSUzQiUwRCUwQSUyMCUyMHBhZGRpbmclM0ElMjAxNHB4JTIwMjRweCUzQiUwRCUwQSUyMCUyMGJvcmRlci1yYWRpdXMlM0ElMjA1MHB4JTNCJTBEJTBBJTIwJTIwZm9udC1zaXplJTNBJTIwMTdweCUzQiUwRCUwQSUyMCUyMGZvbnQtd2VpZ2h0JTNBJTIwNjAwJTNCJTBEJTBBJTIwJTIwY3Vyc29yJTNBJTIwcG9pbnRlciUzQiUwRCUwQSUyMCUyMGJveC1zaGFkb3clM0ElMjAwJTIwNnB4JTIwMTJweCUyMHJnYmElMjgwJTJDMCUyQzAlMkMwLjIlMjklM0IlMEQlMEElMjAlMjB0cmFuc2l0aW9uJTNBJTIwYmFja2dyb3VuZCUyMDAuM3MlMjBlYXNlJTJDJTIwdHJhbnNmb3JtJTIwMC4ycyUyMGVhc2UlM0IlMEQlMEElN0QlMEQlMEEuYXJyb3ctaWNvbiUyMCU3QiUwRCUwQSUyMCUyMGRpc3BsYXklM0ElMjBpbmxpbmUtZmxleCUzQiUwRCUwQSUyMCUyMHRyYW5zaXRpb24lM0ElMjB0cmFuc2Zvcm0lMjAwLjJzJTIwZWFzZSUzQiUwRCUwQSU3RCUwRCUwQS5iYWNrLWJ0biUzQWhvdmVyJTIwLmFycm93LWljb24lMjAlN0IlMEQlMEElMjAlMjB0cmFuc2Zvcm0lM0ElMjB0cmFuc2xhdGVYJTI4LTZweCUyOSUzQiUwRCUwQSU3RCUwRCUwQS5iYWNrLWJ0biUzQWFjdGl2ZSUyMCU3QiUwRCUwQSUyMCUyMHRyYW5zZm9ybSUzQSUyMHNjYWxlJTI4MC45OCUyOSUzQiUwRCUwQSU3RCUwRCUwQSUzQyUyRnN0eWxlJTNFJTBEJTBB[\/vc_raw_html]\n<div class=\"wpcf7 no-js\" id=\"wpcf7-f125174-o1\" lang=\"ru-RU\" dir=\"ltr\" data-wpcf7-id=\"125174\">\n<div class=\"screen-reader-response\"><p role=\"status\" aria-live=\"polite\" aria-atomic=\"true\"><\/p> <ul><\/ul><\/div>\n<form action=\"\/es\/wp-json\/wp\/v2\/pages\/125186#wpcf7-f125174-o1\" method=\"post\" class=\"wpcf7-form init\" aria-label=\"\u041a\u043e\u043d\u0442\u0430\u043a\u0442\u043d\u0430\u044f \u0444\u043e\u0440\u043c\u0430\" novalidate=\"novalidate\" data-status=\"init\">\n<fieldset class=\"hidden-fields-container\"><input type=\"hidden\" name=\"_wpcf7\" value=\"125174\" \/><input type=\"hidden\" name=\"_wpcf7_version\" value=\"6.1.5\" \/><input type=\"hidden\" name=\"_wpcf7_locale\" value=\"ru_RU\" \/><input type=\"hidden\" name=\"_wpcf7_unit_tag\" value=\"wpcf7-f125174-o1\" \/><input type=\"hidden\" name=\"_wpcf7_container_post\" value=\"0\" \/><input type=\"hidden\" name=\"_wpcf7_posted_data_hash\" value=\"\" \/>\n<\/fieldset>\n<p><label> Su nombre<br \/>\n<span class=\"wpcf7-form-control-wrap\" data-name=\"your-name\"><input size=\"40\" maxlength=\"400\" class=\"wpcf7-form-control wpcf7-text wpcf7-validates-as-required\" aria-required=\"true\" aria-invalid=\"false\" value=\"\" type=\"text\" name=\"your-name\" \/><\/span> <\/label>\n<\/p>\n<p><label> Su correo electr\u00f3nico<br \/>\n<span class=\"wpcf7-form-control-wrap\" data-name=\"your-email\"><input size=\"40\" maxlength=\"400\" class=\"wpcf7-form-control wpcf7-email wpcf7-validates-as-required wpcf7-text wpcf7-validates-as-email\" aria-required=\"true\" aria-invalid=\"false\" value=\"\" type=\"email\" name=\"your-email\" \/><\/span> <\/label>\n<\/p>\n<p><label> Nombre de la empresa<br \/>\n<span class=\"wpcf7-form-control-wrap\" data-name=\"kompaniya-207\"><input size=\"40\" maxlength=\"400\" class=\"wpcf7-form-control wpcf7-text wpcf7-validates-as-required\" aria-required=\"true\" aria-invalid=\"false\" value=\"\" type=\"text\" name=\"kompaniya-207\" \/><\/span> <\/label>\n<\/p>\n<p><label> Pa\u00eds<br \/>\n<span class=\"wpcf7-form-control-wrap\" data-name=\"text-829\"><input size=\"40\" maxlength=\"400\" class=\"wpcf7-form-control wpcf7-text wpcf7-validates-as-required\" aria-required=\"true\" aria-invalid=\"false\" value=\"\" type=\"text\" name=\"text-829\" \/><\/span><\/label>\n<\/p>\n<p><label> Cantidad de inter\u00e9s<br \/>\n<span class=\"wpcf7-form-control-wrap\" data-name=\"kolichestvo-669\"><input size=\"40\" maxlength=\"400\" class=\"wpcf7-form-control wpcf7-text wpcf7-validates-as-required\" aria-required=\"true\" aria-invalid=\"false\" value=\"\" type=\"text\" name=\"kolichestvo-669\" \/><\/span> <\/label>\n<\/p>\n<p><label> Par\u00e1metros adicionales (tipo de interfaz, caudal m\u00ednimo y m\u00e1ximo por hora, tipo de conexi\u00f3n)<br \/>\n<span class=\"wpcf7-form-control-wrap\" data-name=\"your-message\"><textarea cols=\"40\" rows=\"10\" maxlength=\"2000\" class=\"wpcf7-form-control wpcf7-textarea wpcf7-validates-as-required\" aria-required=\"true\" aria-invalid=\"false\" name=\"your-message\"><\/textarea><\/span> <\/label>\n<\/p>\n<p><input class=\"wpcf7-form-control wpcf7-submit has-spinner\" id=\"123123\" type=\"submit\" value=\"Enviar\" \/>\n<\/p><p style=\"display: none !important;\" class=\"akismet-fields-container\" data-prefix=\"_wpcf7_ak_\"><label>&#916;<textarea name=\"_wpcf7_ak_hp_textarea\" cols=\"45\" rows=\"8\" maxlength=\"100\"><\/textarea><\/label><input type=\"hidden\" id=\"ak_js_1\" name=\"_wpcf7_ak_js\" value=\"149\"\/><script>document.getElementById( \"ak_js_1\" ).setAttribute( \"value\", ( new Date() ).getTime() );<\/script><\/p><div class=\"wpcf7-response-output\" aria-hidden=\"true\"><\/div>\n<\/form>\n<\/div>\n[\/vc_column][\/vc_row]<\/p>\n<\/div>","protected":false},"excerpt":{"rendered":"<p>[vc_row][vc_column][vc_column_text css=\u00bb\u00bb] Solicitud de informaci\u00f3n sobre el contador de l\u00edquidos [\/vc_column_text][\/vc_column][\/vc_row][vc_row][vc_column][vc_column_text css=\u00bb\u00bb] Contact us and Technoton experts will assist you with selecting flow meter for solving your tasks. [\/vc_column_text][vc_raw_html css=\u00bb\u00bb]JTNDYnV0dG9uJTIwdHlwZSUzRCUyMmJ1dHRvbiUyMiUyMG9uY2xpY2slM0QlMjJoaXN0b3J5LmJhY2slMjglMjklMjIlMjBjbGFzcyUzRCUyMmJhY2stYnRuJTIyJTNFJTBEJTBBJTIwJTIwJTNDc3BhbiUyMGNsYXNzJTNEJTIyYXJyb3ctaWNvbiUyMiUyMGFyaWEtaGlkZGVuJTNEJTIydHJ1ZSUyMiUzRSUwRCUwQSUyMCUyMCUyMCUyMCUzQ3N2ZyUyMHdpZHRoJTNEJTIyMjQlMjIlMjBoZWlnaHQlM0QlMjIyNCUyMiUyMHZpZXdCb3glM0QlMjIwJTIwMCUyMDI0JTIwMjQlMjIlMjBmaWxsJTNEJTIybm9uZSUyMiUzRSUwRCUwQSUyMCUyMCUyMCUyMCUyMCUyMCUzQ3BhdGglMjBkJTNEJTIyTTE1JTIwMThMOSUyMDEyTDE1JTIwNiUyMiUyMHN0cm9rZSUzRCUyMndoaXRlJTIyJTIwc3Ryb2tlLXdpZHRoJTNEJTIyMi41JTIyJTIwc3Ryb2tlLWxpbmVjYXAlM0QlMjJyb3VuZCUyMiUyMHN0cm9rZS1saW5lam9pbiUzRCUyMnJvdW5kJTIyJTJGJTNFJTBEJTBBJTIwJTIwJTIwJTIwJTIwJTIwJTNDcGF0aCUyMGQlM0QlMjJNOSUyMDEySDIxJTIyJTIwc3Ryb2tlJTNEJTIyd2hpdGUlMjIlMjBzdHJva2Utd2lkdGglM0QlMjIyJTIyJTIwc3Ryb2tlLWxpbmVjYXAlM0QlMjJyb3VuZCUyMiUyRiUzRSUwRCUwQSUyMCUyMCUyMCUyMCUzQyUyRnN2ZyUzRSUwRCUwQSUyMCUyMCUzQyUyRnNwYW4lM0UlMEQlMEElMjAlMjBBdHIlQzMlQTFzJTBEJTBBJTNDJTJGYnV0dG9uJTNFJTBEJTBBJTBEJTBBJTNDc3R5bGUlM0UlMEQlMEEuYmFjay1idG4lMjAlN0IlMEQlMEElMjAlMjBkaXNwbGF5JTNBJTIwaW5saW5lLWZsZXglM0IlMEQlMEElMjAlMjBhbGlnbi1pdGVtcyUzQSUyMGNlbnRlciUzQiUwRCUwQSUyMCUyMGdhcCUzQSUyMDEycHglM0IlMEQlMEElMjAlMjBiYWNrZ3JvdW5kJTNBJTIwbGluZWFyLWdyYWRpZW50JTI4OTBkZWclMkMlMjAlMjNjNjI4MjglMkMlMjAlMjNlZjUzNTAlMjklM0IlMEQlMEElMjAlMjBjb2xvciUzQSUyMHdoaXRlJTNCJTBEJTBBJTIwJTIwYm9yZGVyJTNBJTIwbm9uZSUzQiUwRCUwQSUyMCUyMHBhZGRpbmclM0ElMjAxNHB4JTIwMjRweCUzQiUwRCUwQSUyMCUyMGJvcmRlci1yYWRpdXMlM0ElMjA1MHB4JTNCJTBEJTBBJTIwJTIwZm9udC1zaXplJTNBJTIwMTdweCUzQiUwRCUwQSUyMCUyMGZvbnQtd2VpZ2h0JTNBJTIwNjAwJTNCJTBEJTBBJTIwJTIwY3Vyc29yJTNBJTIwcG9pbnRlciUzQiUwRCUwQSUyMCUyMGJveC1zaGFkb3clM0ElMjAwJTIwNnB4JTIwMTJweCUyMHJnYmElMjgwJTJDMCUyQzAlMkMwLjIlMjklM0IlMEQlMEElMjAlMjB0cmFuc2l0aW9uJTNBJTIwYmFja2dyb3VuZCUyMDAuM3MlMjBlYXNlJTJDJTIwdHJhbnNmb3JtJTIwMC4ycyUyMGVhc2UlM0IlMEQlMEElN0QlMEQlMEEuYXJyb3ctaWNvbiUyMCU3QiUwRCUwQSUyMCUyMGRpc3BsYXklM0ElMjBpbmxpbmUtZmxleCUzQiUwRCUwQSUyMCUyMHRyYW5zaXRpb24lM0ElMjB0cmFuc2Zvcm0lMjAwLjJzJTIwZWFzZSUzQiUwRCUwQSU3RCUwRCUwQS5iYWNrLWJ0biUzQWhvdmVyJTIwLmFycm93LWljb24lMjAlN0IlMEQlMEElMjAlMjB0cmFuc2Zvcm0lM0ElMjB0cmFuc2xhdGVYJTI4LTZweCUyOSUzQiUwRCUwQSU3RCUwRCUwQS5iYWNrLWJ0biUzQWFjdGl2ZSUyMCU3QiUwRCUwQSUyMCUyMHRyYW5zZm9ybSUzQSUyMHNjYWxlJTI4MC45OCUyOSUzQiUwRCUwQSU3RCUwRCUwQSUzQyUyRnN0eWxlJTNFJTBEJTBB[\/vc_raw_html][\/vc_column][\/vc_row]<\/p>\n","protected":false},"author":19,"featured_media":0,"parent":125151,"menu_order":0,"comment_status":"closed","ping_status":"closed","template":"","meta":{"footnotes":""},"class_list":["post-125186","page","type-page","status-publish","hentry"],"yoast_head":"<!-- This site is optimized with the Yoast SEO plugin v27.3 - https:\/\/yoast.com\/product\/yoast-seo-wordpress\/ -->\n<title>Solicitud de informaci\u00f3n sobre el contador de l\u00edquidos | Technoton<\/title>\n<meta name=\"robots\" content=\"index, follow, max-snippet:-1, max-image-preview:large, max-video-preview:-1\" \/>\n<link rel=\"canonical\" href=\"https:\/\/jv-technoton.com\/es\/productos\/contador-de-liquidos\/solicitud-de-informacion-sobre-el-contador-deliquidos\/\" \/>\n<meta property=\"og:locale\" content=\"es_ES\" \/>\n<meta property=\"og:type\" content=\"article\" \/>\n<meta property=\"og:title\" content=\"Solicitud de informaci\u00f3n sobre el contador de l\u00edquidos | Technoton\" \/>\n<meta property=\"og:description\" content=\"[vc_row][vc_column][vc_column_text css=\u00bb\u00bb] Solicitud de informaci\u00f3n sobre el contador de l\u00edquidos [\/vc_column_text][\/vc_column][\/vc_row][vc_row][vc_column][vc_column_text css=\u00bb\u00bb] Contact us and Technoton experts will assist you with selecting flow meter for solving your tasks. [\/vc_column_text][vc_raw_html css=\u00bb\u00bb]JTNDYnV0dG9uJTIwdHlwZSUzRCUyMmJ1dHRvbiUyMiUyMG9uY2xpY2slM0QlMjJoaXN0b3J5LmJhY2slMjglMjklMjIlMjBjbGFzcyUzRCUyMmJhY2stYnRuJTIyJTNFJTBEJTBBJTIwJTIwJTNDc3BhbiUyMGNsYXNzJTNEJTIyYXJyb3ctaWNvbiUyMiUyMGFyaWEtaGlkZGVuJTNEJTIydHJ1ZSUyMiUzRSUwRCUwQSUyMCUyMCUyMCUyMCUzQ3N2ZyUyMHdpZHRoJTNEJTIyMjQlMjIlMjBoZWlnaHQlM0QlMjIyNCUyMiUyMHZpZXdCb3glM0QlMjIwJTIwMCUyMDI0JTIwMjQlMjIlMjBmaWxsJTNEJTIybm9uZSUyMiUzRSUwRCUwQSUyMCUyMCUyMCUyMCUyMCUyMCUzQ3BhdGglMjBkJTNEJTIyTTE1JTIwMThMOSUyMDEyTDE1JTIwNiUyMiUyMHN0cm9rZSUzRCUyMndoaXRlJTIyJTIwc3Ryb2tlLXdpZHRoJTNEJTIyMi41JTIyJTIwc3Ryb2tlLWxpbmVjYXAlM0QlMjJyb3VuZCUyMiUyMHN0cm9rZS1saW5lam9pbiUzRCUyMnJvdW5kJTIyJTJGJTNFJTBEJTBBJTIwJTIwJTIwJTIwJTIwJTIwJTNDcGF0aCUyMGQlM0QlMjJNOSUyMDEySDIxJTIyJTIwc3Ryb2tlJTNEJTIyd2hpdGUlMjIlMjBzdHJva2Utd2lkdGglM0QlMjIyJTIyJTIwc3Ryb2tlLWxpbmVjYXAlM0QlMjJyb3VuZCUyMiUyRiUzRSUwRCUwQSUyMCUyMCUyMCUyMCUzQyUyRnN2ZyUzRSUwRCUwQSUyMCUyMCUzQyUyRnNwYW4lM0UlMEQlMEElMjAlMjBBdHIlQzMlQTFzJTBEJTBBJTNDJTJGYnV0dG9uJTNFJTBEJTBBJTBEJTBBJTNDc3R5bGUlM0UlMEQlMEEuYmFjay1idG4lMjAlN0IlMEQlMEElMjAlMjBkaXNwbGF5JTNBJTIwaW5saW5lLWZsZXglM0IlMEQlMEElMjAlMjBhbGlnbi1pdGVtcyUzQSUyMGNlbnRlciUzQiUwRCUwQSUyMCUyMGdhcCUzQSUyMDEycHglM0IlMEQlMEElMjAlMjBiYWNrZ3JvdW5kJTNBJTIwbGluZWFyLWdyYWRpZW50JTI4OTBkZWclMkMlMjAlMjNjNjI4MjglMkMlMjAlMjNlZjUzNTAlMjklM0IlMEQlMEElMjAlMjBjb2xvciUzQSUyMHdoaXRlJTNCJTBEJTBBJTIwJTIwYm9yZGVyJTNBJTIwbm9uZSUzQiUwRCUwQSUyMCUyMHBhZGRpbmclM0ElMjAxNHB4JTIwMjRweCUzQiUwRCUwQSUyMCUyMGJvcmRlci1yYWRpdXMlM0ElMjA1MHB4JTNCJTBEJTBBJTIwJTIwZm9udC1zaXplJTNBJTIwMTdweCUzQiUwRCUwQSUyMCUyMGZvbnQtd2VpZ2h0JTNBJTIwNjAwJTNCJTBEJTBBJTIwJTIwY3Vyc29yJTNBJTIwcG9pbnRlciUzQiUwRCUwQSUyMCUyMGJveC1zaGFkb3clM0ElMjAwJTIwNnB4JTIwMTJweCUyMHJnYmElMjgwJTJDMCUyQzAlMkMwLjIlMjklM0IlMEQlMEElMjAlMjB0cmFuc2l0aW9uJTNBJTIwYmFja2dyb3VuZCUyMDAuM3MlMjBlYXNlJTJDJTIwdHJhbnNmb3JtJTIwMC4ycyUyMGVhc2UlM0IlMEQlMEElN0QlMEQlMEEuYXJyb3ctaWNvbiUyMCU3QiUwRCUwQSUyMCUyMGRpc3BsYXklM0ElMjBpbmxpbmUtZmxleCUzQiUwRCUwQSUyMCUyMHRyYW5zaXRpb24lM0ElMjB0cmFuc2Zvcm0lMjAwLjJzJTIwZWFzZSUzQiUwRCUwQSU3RCUwRCUwQS5iYWNrLWJ0biUzQWhvdmVyJTIwLmFycm93LWljb24lMjAlN0IlMEQlMEElMjAlMjB0cmFuc2Zvcm0lM0ElMjB0cmFuc2xhdGVYJTI4LTZweCUyOSUzQiUwRCUwQSU3RCUwRCUwQS5iYWNrLWJ0biUzQWFjdGl2ZSUyMCU3QiUwRCUwQSUyMCUyMHRyYW5zZm9ybSUzQSUyMHNjYWxlJTI4MC45OCUyOSUzQiUwRCUwQSU3RCUwRCUwQSUzQyUyRnN0eWxlJTNFJTBEJTBB[\/vc_raw_html][\/vc_column][\/vc_row]\" \/>\n<meta property=\"og:url\" content=\"https:\/\/jv-technoton.com\/es\/productos\/contador-de-liquidos\/solicitud-de-informacion-sobre-el-contador-deliquidos\/\" \/>\n<meta property=\"og:site_name\" content=\"Technoton\" \/>\n<meta property=\"article:modified_time\" content=\"2025-09-18T13:05:04+00:00\" \/>\n<meta name=\"twitter:card\" content=\"summary_large_image\" \/>\n<meta name=\"twitter:label1\" content=\"Tiempo de lectura\" \/>\n\t<meta name=\"twitter:data1\" content=\"1 minuto\" \/>\n<script type=\"application\/ld+json\" class=\"yoast-schema-graph\">{\"@context\":\"https:\\\/\\\/schema.org\",\"@graph\":[{\"@type\":\"WebPage\",\"@id\":\"https:\\\/\\\/jv-technoton.com\\\/es\\\/productos\\\/contador-de-liquidos\\\/solicitud-de-informacion-sobre-el-contador-deliquidos\\\/\",\"url\":\"https:\\\/\\\/jv-technoton.com\\\/es\\\/productos\\\/contador-de-liquidos\\\/solicitud-de-informacion-sobre-el-contador-deliquidos\\\/\",\"name\":\"Solicitud de informaci\u00f3n sobre el contador de l\u00edquidos | Technoton\",\"isPartOf\":{\"@id\":\"https:\\\/\\\/jv-technoton.com\\\/#website\"},\"datePublished\":\"2025-09-12T12:40:31+00:00\",\"dateModified\":\"2025-09-18T13:05:04+00:00\",\"breadcrumb\":{\"@id\":\"https:\\\/\\\/jv-technoton.com\\\/es\\\/productos\\\/contador-de-liquidos\\\/solicitud-de-informacion-sobre-el-contador-deliquidos\\\/#breadcrumb\"},\"inLanguage\":\"es\",\"potentialAction\":[{\"@type\":\"ReadAction\",\"target\":[\"https:\\\/\\\/jv-technoton.com\\\/es\\\/productos\\\/contador-de-liquidos\\\/solicitud-de-informacion-sobre-el-contador-deliquidos\\\/\"]}]},{\"@type\":\"BreadcrumbList\",\"@id\":\"https:\\\/\\\/jv-technoton.com\\\/es\\\/productos\\\/contador-de-liquidos\\\/solicitud-de-informacion-sobre-el-contador-deliquidos\\\/#breadcrumb\",\"itemListElement\":[{\"@type\":\"ListItem\",\"position\":1,\"name\":\"Home\",\"item\":\"https:\\\/\\\/jv-technoton.com\\\/es\\\/\"},{\"@type\":\"ListItem\",\"position\":2,\"name\":\"Productos Technoton\",\"item\":\"https:\\\/\\\/jv-technoton.com\\\/es\\\/productos\\\/\"},{\"@type\":\"ListItem\",\"position\":3,\"name\":\"LC contadores de l\u00edquidos\",\"item\":\"https:\\\/\\\/jv-technoton.com\\\/es\\\/productos\\\/contador-de-liquidos\\\/\"},{\"@type\":\"ListItem\",\"position\":4,\"name\":\"Solicitud de informaci\u00f3n sobre el contador de l\u00edquidos\"}]},{\"@type\":\"WebSite\",\"@id\":\"https:\\\/\\\/jv-technoton.com\\\/#website\",\"url\":\"https:\\\/\\\/jv-technoton.com\\\/\",\"name\":\"Advanced machinery telematics and fuel monitoring\",\"description\":\"Telem\u00e1tica para maquinaria compleja | Technoton\",\"publisher\":{\"@id\":\"https:\\\/\\\/jv-technoton.com\\\/#organization\"},\"potentialAction\":[{\"@type\":\"SearchAction\",\"target\":{\"@type\":\"EntryPoint\",\"urlTemplate\":\"https:\\\/\\\/jv-technoton.com\\\/?s={search_term_string}\"},\"query-input\":{\"@type\":\"PropertyValueSpecification\",\"valueRequired\":true,\"valueName\":\"search_term_string\"}}],\"inLanguage\":\"es\"},{\"@type\":\"Organization\",\"@id\":\"https:\\\/\\\/jv-technoton.com\\\/#organization\",\"name\":\"Technoton\",\"url\":\"https:\\\/\\\/jv-technoton.com\\\/\",\"logo\":{\"@type\":\"ImageObject\",\"inLanguage\":\"es\",\"@id\":\"https:\\\/\\\/jv-technoton.com\\\/#\\\/schema\\\/logo\\\/image\\\/\",\"url\":\"https:\\\/\\\/jv-technoton.com\\\/wp-content\\\/uploads\\\/2022\\\/02\\\/technoton_logo_web.png\",\"contentUrl\":\"https:\\\/\\\/jv-technoton.com\\\/wp-content\\\/uploads\\\/2022\\\/02\\\/technoton_logo_web.png\",\"width\":800,\"height\":329,\"caption\":\"Technoton\"},\"image\":{\"@id\":\"https:\\\/\\\/jv-technoton.com\\\/#\\\/schema\\\/logo\\\/image\\\/\"},\"sameAs\":[\"https:\\\/\\\/www.linkedin.com\\\/company\\\/technoton\"]}]}<\/script>\n<!-- \/ Yoast SEO plugin. -->","yoast_head_json":{"title":"Solicitud de informaci\u00f3n sobre el contador de l\u00edquidos | Technoton","robots":{"index":"index","follow":"follow","max-snippet":"max-snippet:-1","max-image-preview":"max-image-preview:large","max-video-preview":"max-video-preview:-1"},"canonical":"https:\/\/jv-technoton.com\/es\/productos\/contador-de-liquidos\/solicitud-de-informacion-sobre-el-contador-deliquidos\/","og_locale":"es_ES","og_type":"article","og_title":"Solicitud de informaci\u00f3n sobre el contador de l\u00edquidos | Technoton","og_description":"[vc_row][vc_column][vc_column_text css=\u00bb\u00bb] Solicitud de informaci\u00f3n sobre el contador de l\u00edquidos [\/vc_column_text][\/vc_column][\/vc_row][vc_row][vc_column][vc_column_text css=\u00bb\u00bb] Contact us and Technoton experts will assist you with selecting flow meter for solving your tasks. [\/vc_column_text][vc_raw_html css=\u00bb\u00bb]JTNDYnV0dG9uJTIwdHlwZSUzRCUyMmJ1dHRvbiUyMiUyMG9uY2xpY2slM0QlMjJoaXN0b3J5LmJhY2slMjglMjklMjIlMjBjbGFzcyUzRCUyMmJhY2stYnRuJTIyJTNFJTBEJTBBJTIwJTIwJTNDc3BhbiUyMGNsYXNzJTNEJTIyYXJyb3ctaWNvbiUyMiUyMGFyaWEtaGlkZGVuJTNEJTIydHJ1ZSUyMiUzRSUwRCUwQSUyMCUyMCUyMCUyMCUzQ3N2ZyUyMHdpZHRoJTNEJTIyMjQlMjIlMjBoZWlnaHQlM0QlMjIyNCUyMiUyMHZpZXdCb3glM0QlMjIwJTIwMCUyMDI0JTIwMjQlMjIlMjBmaWxsJTNEJTIybm9uZSUyMiUzRSUwRCUwQSUyMCUyMCUyMCUyMCUyMCUyMCUzQ3BhdGglMjBkJTNEJTIyTTE1JTIwMThMOSUyMDEyTDE1JTIwNiUyMiUyMHN0cm9rZSUzRCUyMndoaXRlJTIyJTIwc3Ryb2tlLXdpZHRoJTNEJTIyMi41JTIyJTIwc3Ryb2tlLWxpbmVjYXAlM0QlMjJyb3VuZCUyMiUyMHN0cm9rZS1saW5lam9pbiUzRCUyMnJvdW5kJTIyJTJGJTNFJTBEJTBBJTIwJTIwJTIwJTIwJTIwJTIwJTNDcGF0aCUyMGQlM0QlMjJNOSUyMDEySDIxJTIyJTIwc3Ryb2tlJTNEJTIyd2hpdGUlMjIlMjBzdHJva2Utd2lkdGglM0QlMjIyJTIyJTIwc3Ryb2tlLWxpbmVjYXAlM0QlMjJyb3VuZCUyMiUyRiUzRSUwRCUwQSUyMCUyMCUyMCUyMCUzQyUyRnN2ZyUzRSUwRCUwQSUyMCUyMCUzQyUyRnNwYW4lM0UlMEQlMEElMjAlMjBBdHIlQzMlQTFzJTBEJTBBJTNDJTJGYnV0dG9uJTNFJTBEJTBBJTBEJTBBJTNDc3R5bGUlM0UlMEQlMEEuYmFjay1idG4lMjAlN0IlMEQlMEElMjAlMjBkaXNwbGF5JTNBJTIwaW5saW5lLWZsZXglM0IlMEQlMEElMjAlMjBhbGlnbi1pdGVtcyUzQSUyMGNlbnRlciUzQiUwRCUwQSUyMCUyMGdhcCUzQSUyMDEycHglM0IlMEQlMEElMjAlMjBiYWNrZ3JvdW5kJTNBJTIwbGluZWFyLWdyYWRpZW50JTI4OTBkZWclMkMlMjAlMjNjNjI4MjglMkMlMjAlMjNlZjUzNTAlMjklM0IlMEQlMEElMjAlMjBjb2xvciUzQSUyMHdoaXRlJTNCJTBEJTBBJTIwJTIwYm9yZGVyJTNBJTIwbm9uZSUzQiUwRCUwQSUyMCUyMHBhZGRpbmclM0ElMjAxNHB4JTIwMjRweCUzQiUwRCUwQSUyMCUyMGJvcmRlci1yYWRpdXMlM0ElMjA1MHB4JTNCJTBEJTBBJTIwJTIwZm9udC1zaXplJTNBJTIwMTdweCUzQiUwRCUwQSUyMCUyMGZvbnQtd2VpZ2h0JTNBJTIwNjAwJTNCJTBEJTBBJTIwJTIwY3Vyc29yJTNBJTIwcG9pbnRlciUzQiUwRCUwQSUyMCUyMGJveC1zaGFkb3clM0ElMjAwJTIwNnB4JTIwMTJweCUyMHJnYmElMjgwJTJDMCUyQzAlMkMwLjIlMjklM0IlMEQlMEElMjAlMjB0cmFuc2l0aW9uJTNBJTIwYmFja2dyb3VuZCUyMDAuM3MlMjBlYXNlJTJDJTIwdHJhbnNmb3JtJTIwMC4ycyUyMGVhc2UlM0IlMEQlMEElN0QlMEQlMEEuYXJyb3ctaWNvbiUyMCU3QiUwRCUwQSUyMCUyMGRpc3BsYXklM0ElMjBpbmxpbmUtZmxleCUzQiUwRCUwQSUyMCUyMHRyYW5zaXRpb24lM0ElMjB0cmFuc2Zvcm0lMjAwLjJzJTIwZWFzZSUzQiUwRCUwQSU3RCUwRCUwQS5iYWNrLWJ0biUzQWhvdmVyJTIwLmFycm93LWljb24lMjAlN0IlMEQlMEElMjAlMjB0cmFuc2Zvcm0lM0ElMjB0cmFuc2xhdGVYJTI4LTZweCUyOSUzQiUwRCUwQSU3RCUwRCUwQS5iYWNrLWJ0biUzQWFjdGl2ZSUyMCU3QiUwRCUwQSUyMCUyMHRyYW5zZm9ybSUzQSUyMHNjYWxlJTI4MC45OCUyOSUzQiUwRCUwQSU3RCUwRCUwQSUzQyUyRnN0eWxlJTNFJTBEJTBB[\/vc_raw_html][\/vc_column][\/vc_row]","og_url":"https:\/\/jv-technoton.com\/es\/productos\/contador-de-liquidos\/solicitud-de-informacion-sobre-el-contador-deliquidos\/","og_site_name":"Technoton","article_modified_time":"2025-09-18T13:05:04+00:00","twitter_card":"summary_large_image","twitter_misc":{"Tiempo de lectura":"1 minuto"},"schema":{"@context":"https:\/\/schema.org","@graph":[{"@type":"WebPage","@id":"https:\/\/jv-technoton.com\/es\/productos\/contador-de-liquidos\/solicitud-de-informacion-sobre-el-contador-deliquidos\/","url":"https:\/\/jv-technoton.com\/es\/productos\/contador-de-liquidos\/solicitud-de-informacion-sobre-el-contador-deliquidos\/","name":"Solicitud de informaci\u00f3n sobre el contador de l\u00edquidos | Technoton","isPartOf":{"@id":"https:\/\/jv-technoton.com\/#website"},"datePublished":"2025-09-12T12:40:31+00:00","dateModified":"2025-09-18T13:05:04+00:00","breadcrumb":{"@id":"https:\/\/jv-technoton.com\/es\/productos\/contador-de-liquidos\/solicitud-de-informacion-sobre-el-contador-deliquidos\/#breadcrumb"},"inLanguage":"es","potentialAction":[{"@type":"ReadAction","target":["https:\/\/jv-technoton.com\/es\/productos\/contador-de-liquidos\/solicitud-de-informacion-sobre-el-contador-deliquidos\/"]}]},{"@type":"BreadcrumbList","@id":"https:\/\/jv-technoton.com\/es\/productos\/contador-de-liquidos\/solicitud-de-informacion-sobre-el-contador-deliquidos\/#breadcrumb","itemListElement":[{"@type":"ListItem","position":1,"name":"Home","item":"https:\/\/jv-technoton.com\/es\/"},{"@type":"ListItem","position":2,"name":"Productos Technoton","item":"https:\/\/jv-technoton.com\/es\/productos\/"},{"@type":"ListItem","position":3,"name":"LC contadores de l\u00edquidos","item":"https:\/\/jv-technoton.com\/es\/productos\/contador-de-liquidos\/"},{"@type":"ListItem","position":4,"name":"Solicitud de informaci\u00f3n sobre el contador de l\u00edquidos"}]},{"@type":"WebSite","@id":"https:\/\/jv-technoton.com\/#website","url":"https:\/\/jv-technoton.com\/","name":"Advanced machinery telematics and fuel monitoring","description":"Telem\u00e1tica para maquinaria compleja | Technoton","publisher":{"@id":"https:\/\/jv-technoton.com\/#organization"},"potentialAction":[{"@type":"SearchAction","target":{"@type":"EntryPoint","urlTemplate":"https:\/\/jv-technoton.com\/?s={search_term_string}"},"query-input":{"@type":"PropertyValueSpecification","valueRequired":true,"valueName":"search_term_string"}}],"inLanguage":"es"},{"@type":"Organization","@id":"https:\/\/jv-technoton.com\/#organization","name":"Technoton","url":"https:\/\/jv-technoton.com\/","logo":{"@type":"ImageObject","inLanguage":"es","@id":"https:\/\/jv-technoton.com\/#\/schema\/logo\/image\/","url":"https:\/\/jv-technoton.com\/wp-content\/uploads\/2022\/02\/technoton_logo_web.png","contentUrl":"https:\/\/jv-technoton.com\/wp-content\/uploads\/2022\/02\/technoton_logo_web.png","width":800,"height":329,"caption":"Technoton"},"image":{"@id":"https:\/\/jv-technoton.com\/#\/schema\/logo\/image\/"},"sameAs":["https:\/\/www.linkedin.com\/company\/technoton"]}]}},"rttpg_featured_image_url":null,"rttpg_author":{"display_name":"konoshonok","author_link":"https:\/\/jv-technoton.com\/es\/author\/konoshonok\/"},"rttpg_comment":0,"rttpg_category":" <a href=\"https:\/\/jv-technoton.com\/es\/?taxonomy=translation_priority&#038;term=opcional\" rel=\"tag\">Opcional<\/a>","rttpg_excerpt":"[vc_row][vc_column][vc_column_text css=\u00bb\u00bb] Solicitud de informaci\u00f3n sobre el contador de l\u00edquidos [\/vc_column_text][\/vc_column][\/vc_row][vc_row][vc_column][vc_column_text css=\u00bb\u00bb] Contact us and Technoton experts will assist you with selecting flow meter for solving your tasks. [\/vc_column_text][vc_raw_html css=\u00bb\u00bb]JTNDYnV0dG9uJTIwdHlwZSUzRCUyMmJ1dHRvbiUyMiUyMG9uY2xpY2slM0QlMjJoaXN0b3J5LmJhY2slMjglMjklMjIlMjBjbGFzcyUzRCUyMmJhY2stYnRuJTIyJTNFJTBEJTBBJTIwJTIwJTNDc3BhbiUyMGNsYXNzJTNEJTIyYXJyb3ctaWNvbiUyMiUyMGFyaWEtaGlkZGVuJTNEJTIydHJ1ZSUyMiUzRSUwRCUwQSUyMCUyMCUyMCUyMCUzQ3N2ZyUyMHdpZHRoJTNEJTIyMjQlMjIlMjBoZWlnaHQlM0QlMjIyNCUyMiUyMHZpZXdCb3glM0QlMjIwJTIwMCUyMDI0JTIwMjQlMjIlMjBmaWxsJTNEJTIybm9uZSUyMiUzRSUwRCUwQSUyMCUyMCUyMCUyMCUyMCUyMCUzQ3BhdGglMjBkJTNEJTIyTTE1JTIwMThMOSUyMDEyTDE1JTIwNiUyMiUyMHN0cm9rZSUzRCUyMndoaXRlJTIyJTIwc3Ryb2tlLXdpZHRoJTNEJTIyMi41JTIyJTIwc3Ryb2tlLWxpbmVjYXAlM0QlMjJyb3VuZCUyMiUyMHN0cm9rZS1saW5lam9pbiUzRCUyMnJvdW5kJTIyJTJGJTNFJTBEJTBBJTIwJTIwJTIwJTIwJTIwJTIwJTNDcGF0aCUyMGQlM0QlMjJNOSUyMDEySDIxJTIyJTIwc3Ryb2tlJTNEJTIyd2hpdGUlMjIlMjBzdHJva2Utd2lkdGglM0QlMjIyJTIyJTIwc3Ryb2tlLWxpbmVjYXAlM0QlMjJyb3VuZCUyMiUyRiUzRSUwRCUwQSUyMCUyMCUyMCUyMCUzQyUyRnN2ZyUzRSUwRCUwQSUyMCUyMCUzQyUyRnNwYW4lM0UlMEQlMEElMjAlMjBBdHIlQzMlQTFzJTBEJTBBJTNDJTJGYnV0dG9uJTNFJTBEJTBBJTBEJTBBJTNDc3R5bGUlM0UlMEQlMEEuYmFjay1idG4lMjAlN0IlMEQlMEElMjAlMjBkaXNwbGF5JTNBJTIwaW5saW5lLWZsZXglM0IlMEQlMEElMjAlMjBhbGlnbi1pdGVtcyUzQSUyMGNlbnRlciUzQiUwRCUwQSUyMCUyMGdhcCUzQSUyMDEycHglM0IlMEQlMEElMjAlMjBiYWNrZ3JvdW5kJTNBJTIwbGluZWFyLWdyYWRpZW50JTI4OTBkZWclMkMlMjAlMjNjNjI4MjglMkMlMjAlMjNlZjUzNTAlMjklM0IlMEQlMEElMjAlMjBjb2xvciUzQSUyMHdoaXRlJTNCJTBEJTBBJTIwJTIwYm9yZGVyJTNBJTIwbm9uZSUzQiUwRCUwQSUyMCUyMHBhZGRpbmclM0ElMjAxNHB4JTIwMjRweCUzQiUwRCUwQSUyMCUyMGJvcmRlci1yYWRpdXMlM0ElMjA1MHB4JTNCJTBEJTBBJTIwJTIwZm9udC1zaXplJTNBJTIwMTdweCUzQiUwRCUwQSUyMCUyMGZvbnQtd2VpZ2h0JTNBJTIwNjAwJTNCJTBEJTBBJTIwJTIwY3Vyc29yJTNBJTIwcG9pbnRlciUzQiUwRCUwQSUyMCUyMGJveC1zaGFkb3clM0ElMjAwJTIwNnB4JTIwMTJweCUyMHJnYmElMjgwJTJDMCUyQzAlMkMwLjIlMjklM0IlMEQlMEElMjAlMjB0cmFuc2l0aW9uJTNBJTIwYmFja2dyb3VuZCUyMDAuM3MlMjBlYXNlJTJDJTIwdHJhbnNmb3JtJTIwMC4ycyUyMGVhc2UlM0IlMEQlMEElN0QlMEQlMEEuYXJyb3ctaWNvbiUyMCU3QiUwRCUwQSUyMCUyMGRpc3BsYXklM0ElMjBpbmxpbmUtZmxleCUzQiUwRCUwQSUyMCUyMHRyYW5zaXRpb24lM0ElMjB0cmFuc2Zvcm0lMjAwLjJzJTIwZWFzZSUzQiUwRCUwQSU3RCUwRCUwQS5iYWNrLWJ0biUzQWhvdmVyJTIwLmFycm93LWljb24lMjAlN0IlMEQlMEElMjAlMjB0cmFuc2Zvcm0lM0ElMjB0cmFuc2xhdGVYJTI4LTZweCUyOSUzQiUwRCUwQSU3RCUwRCUwQS5iYWNrLWJ0biUzQWFjdGl2ZSUyMCU3QiUwRCUwQSUyMCUyMHRyYW5zZm9ybSUzQSUyMHNjYWxlJTI4MC45OCUyOSUzQiUwRCUwQSU3RCUwRCUwQSUzQyUyRnN0eWxlJTNFJTBEJTBB[\/vc_raw_html][\/vc_column][\/vc_row]","_links":{"self":[{"href":"https:\/\/jv-technoton.com\/es\/wp-json\/wp\/v2\/pages\/125186","targetHints":{"allow":["GET"]}}],"collection":[{"href":"https:\/\/jv-technoton.com\/es\/wp-json\/wp\/v2\/pages"}],"about":[{"href":"https:\/\/jv-technoton.com\/es\/wp-json\/wp\/v2\/types\/page"}],"author":[{"embeddable":true,"href":"https:\/\/jv-technoton.com\/es\/wp-json\/wp\/v2\/users\/19"}],"replies":[{"embeddable":true,"href":"https:\/\/jv-technoton.com\/es\/wp-json\/wp\/v2\/comments?post=125186"}],"version-history":[{"count":1,"href":"https:\/\/jv-technoton.com\/es\/wp-json\/wp\/v2\/pages\/125186\/revisions"}],"predecessor-version":[{"id":125193,"href":"https:\/\/jv-technoton.com\/es\/wp-json\/wp\/v2\/pages\/125186\/revisions\/125193"}],"up":[{"embeddable":true,"href":"https:\/\/jv-technoton.com\/es\/wp-json\/wp\/v2\/pages\/125151"}],"wp:attachment":[{"href":"https:\/\/jv-technoton.com\/es\/wp-json\/wp\/v2\/media?parent=125186"}],"curies":[{"name":"wp","href":"https:\/\/api.w.org\/{rel}","templated":true}]}}