{"id":125645,"date":"2025-09-19T14:32:30","date_gmt":"2025-09-19T11:32:30","guid":{"rendered":"https:\/\/jv-technoton.com\/?page_id=125645"},"modified":"2025-09-19T14:32:30","modified_gmt":"2025-09-19T11:32:30","slug":"politica-de-privacidad-de-datos-personales","status":"publish","type":"page","link":"https:\/\/jv-technoton.com\/es\/politica-de-privacidad-de-datos-personales\/","title":{"rendered":"Pol\u00edtica de privacidad de datos personales"},"content":{"rendered":"<div class=\"wpb-content-wrapper\"><p>[vc_row][vc_column]<div class=\"ult-spacer spacer-69e4117756850\" data-id=\"69e4117756850\" data-height=\"20\" data-height-mobile=\"20\" data-height-tab=\"20\" data-height-tab-portrait=\"\" data-height-mobile-landscape=\"\" style=\"clear:both;display:block;\"><\/div>[\/vc_column][\/vc_row][vc_row][vc_column][vc_column_text css=\u00bb\u00bb]<\/p>\n<h1 style=\"text-align: justify;\"><strong>Pol\u00edtica de privacidad de datos personales<\/strong><\/h1>\n<p style=\"text-align: justify;\">Technoton se compromete a garantizar que su privacidad est\u00e9 protegida. Sus datos personales solo se utilizar\u00e1n de acuerdo con esta pol\u00edtica de privacidad (la Pol\u00edtica).<\/p>\n<p style=\"text-align: justify;\">Technoton se reserva el derecho de modificar la presente Pol\u00edtica sin previo aviso. La versi\u00f3n actualizada de la Pol\u00edtica est\u00e1 disponible en el sitio web de Technoton <u><a href=\"https:\/\/jv-technoton.com\/es\/\">https:\/\/jv-technoton.com<\/a><\/u><\/p>\n<p style=\"text-align: justify;\">Para evitar el acceso o la divulgaci\u00f3n no autorizados, hemos implementado normas generalmente aceptadas de tecnolog\u00eda y seguridad operativa para proteger los datos personales contra p\u00e9rdida, uso indebido o alteraci\u00f3n o destrucci\u00f3n no autorizada.<\/p>\n<p style=\"text-align: justify;\"><strong>Technoton procesa los datos personales con el fin de:<\/strong><\/p>\n<ul style=\"text-align: justify;\">\n<li>proporcionar la posibilidad de utilizar el sitio web;<\/li>\n<li>proporcionar informaci\u00f3n de marketing, incluidos mensajes informativos con noticias, promociones y ofertas especiales de Technoton;<\/li>\n<li>responder a sus solicitudes y reclamaciones;<\/li>\n<li>cumplir con los requisitos legales.<\/li>\n<\/ul>\n<p style=\"text-align: justify;\">Technoton procesa sus datos personales bas\u00e1ndose en su consentimiento, para ejecutar un contrato, para cumplir con obligaciones legales y para proteger intereses leg\u00edtimos.<\/p>\n<p style=\"text-align: justify;\"><strong>Para alcanzar los objetivos mencionados necesitamos sus datos personales, incluidos:<\/strong><\/p>\n<ul style=\"text-align: justify;\">\n<li>apellidos y nombre;<\/li>\n<li>datos de contacto (direcci\u00f3n, tel\u00e9fono, correo electr\u00f3nico), incluidos datos del lugar de trabajo;<\/li>\n<li>datos que se procesan al utilizar el sitio web y otros medios digitales, incluida la direcci\u00f3n IP, tipo de navegador, sistema operativo, sitio web de referencia. Technoton tambi\u00e9n recopila datos mediante cookies y tecnolog\u00edas similares durante la sesi\u00f3n en el sitio web;<\/li>\n<li>datos de redes sociales. Dependiendo de los par\u00e1metros de la red social, Technoton puede recibir datos de su proveedor de red social: acceso al perfil, incluidos datos de contacto, intereses y contactos. Informaci\u00f3n m\u00e1s detallada sobre los datos personales que Technoton recibe del proveedor de la red social, as\u00ed como la configuraci\u00f3n de par\u00e1metros, puede encontrarse en la pol\u00edtica de privacidad del proveedor de la red social;<\/li>\n<li>datos adicionales que proporcione a Technoton, incluidos intereses y preferencias, comentarios, informaci\u00f3n obtenida de sus cuestionarios y solicitudes completadas;<\/li>\n<li>otros datos no especificados en esta Pol\u00edtica. Para procesar dichos datos personales, la empresa puede solicitar su consentimiento adicional.<\/li>\n<\/ul>\n<p style=\"text-align: justify;\">Transferimos sus datos personales a aerol\u00edneas asociadas, aeropuertos y otros proveedores de servicios, agentes y subcontratistas para realizar tareas y prestar servicios en su nombre, as\u00ed como a autoridades gubernamentales de conformidad con la ley.<\/p>\n<p style=\"text-align: justify;\">Almacenaremos sus datos personales hasta que se alcancen los objetivos del tratamiento, teniendo en cuenta los plazos establecidos por la ley.<\/p>\n<p style=\"text-align: justify;\"><strong>Fuentes y m\u00e9todos de obtenci\u00f3n de datos personales:<\/strong><\/p>\n<ul style=\"text-align: justify;\">\n<li>sitio web de Technoton;<\/li>\n<li>cooperaci\u00f3n con socios de Technoton (distribuidores y concesionarios) a trav\u00e9s del sitio web, correo electr\u00f3nico, tel\u00e9fono y redes sociales, mensajeros, incluidas solicitudes a la empresa, reclamaciones, suscripciones a boletines o notificaciones, participaci\u00f3n en cuestionarios;<\/li>\n<li>autoridades gubernamentales y cuerpos de seguridad.<\/li>\n<\/ul>\n<p style=\"text-align: justify;\"><strong>Usted tiene derecho a:<\/strong><\/p>\n<ul style=\"text-align: justify;\">\n<li>obtener la confirmaci\u00f3n del hecho del tratamiento de sus datos personales y, en caso de confirmaci\u00f3n, acceder a sus datos personales;<\/li>\n<li>corregir inexactitudes en sus datos personales;<\/li>\n<li>detener el tratamiento de sus datos personales;<\/li>\n<li>suprimir sus datos personales;<\/li>\n<li>recibir los datos personales que nos haya proporcionado y transferirlos libremente a otro operador de datos personales;<\/li>\n<li>oponerse a cualquier decisi\u00f3n que le afecte de manera significativa y que se haya adoptado exclusivamente sobre la base de un tratamiento automatizado.<\/li>\n<\/ul>\n<p style=\"text-align: justify;\">Si tiene preguntas sobre el tratamiento de sus datos personales, p\u00f3ngase en contacto con Technoton por correo electr\u00f3nico: <a href=\"mailto:marketing@jv-technoton.com\">marketing@jv-technoton.com<\/a>.<\/p>\n<p style=\"text-align: justify;\"><strong>Uso de cookies.<\/strong><\/p>\n<p style=\"text-align: justify;\">Una \u00abcookie\u00bb es un peque\u00f1o archivo de texto que un servidor web env\u00eda a su navegador cuando visita un sitio web. Las cookies no representan una amenaza para su ordenador, ya que son texto y no programas que se ejecutan.<\/p>\n<p style=\"text-align: justify;\">Utilizamos cookies para rastrear las preferencias de los visitantes de nuestro sitio web y optimizarlo para satisfacer mejor las necesidades de nuestros clientes.<\/p>\n<p style=\"text-align: justify;\">Puede cambiar la configuraci\u00f3n de su navegador de forma que se le solicite confirmar el consentimiento cada vez antes de usar cookies o prohibir completamente su almacenamiento.<\/p>\n<p style=\"text-align: justify;\"><strong>Enlaces a otros sitios web.<\/strong><\/p>\n<p style=\"text-align: justify;\">Nuestro sitio web puede contener enlaces a otros sitios web. Sin embargo, una vez que utilice estos enlaces para salir de nuestro sitio web, debe tener en cuenta que no tenemos ning\u00fan control sobre ese otro sitio web. Por lo tanto, no podemos ser responsables de la protecci\u00f3n y confidencialidad de los datos que proporcione cuando visite dichos sitios, y dichos sitios no se rigen por esta pol\u00edtica de privacidad. Debe actuar con precauci\u00f3n y consultar la pol\u00edtica de privacidad aplicable al sitio web en cuesti\u00f3n.<\/p>\n<p style=\"text-align: justify;\">Puede contactar con la persona responsable de la protecci\u00f3n de datos personales en: <a href=\"mailto:marketing@jv-technoton.com\">marketing@jv-technoton.com<\/a>.<\/p>\n<p>[\/vc_column_text][\/vc_column][\/vc_row]<\/p>\n<\/div>","protected":false},"excerpt":{"rendered":"<p>[vc_row][vc_column][\/vc_column][\/vc_row][vc_row][vc_column][vc_column_text css=\u00bb\u00bb] Pol\u00edtica de privacidad de datos personales Technoton se compromete a garantizar que su privacidad est\u00e9 protegida. Sus datos personales solo se utilizar\u00e1n de acuerdo con esta pol\u00edtica de privacidad (la Pol\u00edtica). Technoton se reserva el derecho de modificar la presente Pol\u00edtica sin previo aviso. La versi\u00f3n actualizada de la Pol\u00edtica est\u00e1 disponible en [&hellip;]<\/p>\n","protected":false},"author":19,"featured_media":0,"parent":0,"menu_order":0,"comment_status":"closed","ping_status":"closed","template":"","meta":{"footnotes":""},"class_list":["post-125645","page","type-page","status-publish","hentry"],"yoast_head":"<!-- This site is optimized with the Yoast SEO plugin v27.3 - https:\/\/yoast.com\/product\/yoast-seo-wordpress\/ -->\n<title>Pol\u00edtica de privacidad de datos personales | Technoton<\/title>\n<meta name=\"robots\" content=\"index, follow, max-snippet:-1, max-image-preview:large, max-video-preview:-1\" \/>\n<link rel=\"canonical\" href=\"https:\/\/jv-technoton.com\/es\/politica-de-privacidad-de-datos-personales\/\" \/>\n<meta property=\"og:locale\" content=\"es_ES\" \/>\n<meta property=\"og:type\" content=\"article\" \/>\n<meta property=\"og:title\" content=\"Pol\u00edtica de privacidad de datos personales | Technoton\" \/>\n<meta property=\"og:description\" content=\"[vc_row][vc_column][\/vc_column][\/vc_row][vc_row][vc_column][vc_column_text css=\u00bb\u00bb] Pol\u00edtica de privacidad de datos personales Technoton se compromete a garantizar que su privacidad est\u00e9 protegida. Sus datos personales solo se utilizar\u00e1n de acuerdo con esta pol\u00edtica de privacidad (la Pol\u00edtica). Technoton se reserva el derecho de modificar la presente Pol\u00edtica sin previo aviso. La versi\u00f3n actualizada de la Pol\u00edtica est\u00e1 disponible en [&hellip;]\" \/>\n<meta property=\"og:url\" content=\"https:\/\/jv-technoton.com\/es\/politica-de-privacidad-de-datos-personales\/\" \/>\n<meta property=\"og:site_name\" content=\"Technoton\" \/>\n<meta name=\"twitter:card\" content=\"summary_large_image\" \/>\n<meta name=\"twitter:label1\" content=\"Tiempo de lectura\" \/>\n\t<meta name=\"twitter:data1\" content=\"4 minutos\" \/>\n<script type=\"application\/ld+json\" class=\"yoast-schema-graph\">{\"@context\":\"https:\\\/\\\/schema.org\",\"@graph\":[{\"@type\":\"WebPage\",\"@id\":\"https:\\\/\\\/jv-technoton.com\\\/es\\\/politica-de-privacidad-de-datos-personales\\\/\",\"url\":\"https:\\\/\\\/jv-technoton.com\\\/es\\\/politica-de-privacidad-de-datos-personales\\\/\",\"name\":\"Pol\u00edtica de privacidad de datos personales | Technoton\",\"isPartOf\":{\"@id\":\"https:\\\/\\\/jv-technoton.com\\\/#website\"},\"datePublished\":\"2025-09-19T11:32:30+00:00\",\"breadcrumb\":{\"@id\":\"https:\\\/\\\/jv-technoton.com\\\/es\\\/politica-de-privacidad-de-datos-personales\\\/#breadcrumb\"},\"inLanguage\":\"es\",\"potentialAction\":[{\"@type\":\"ReadAction\",\"target\":[\"https:\\\/\\\/jv-technoton.com\\\/es\\\/politica-de-privacidad-de-datos-personales\\\/\"]}]},{\"@type\":\"BreadcrumbList\",\"@id\":\"https:\\\/\\\/jv-technoton.com\\\/es\\\/politica-de-privacidad-de-datos-personales\\\/#breadcrumb\",\"itemListElement\":[{\"@type\":\"ListItem\",\"position\":1,\"name\":\"Home\",\"item\":\"https:\\\/\\\/jv-technoton.com\\\/es\\\/\"},{\"@type\":\"ListItem\",\"position\":2,\"name\":\"Pol\u00edtica de privacidad de datos personales\"}]},{\"@type\":\"WebSite\",\"@id\":\"https:\\\/\\\/jv-technoton.com\\\/#website\",\"url\":\"https:\\\/\\\/jv-technoton.com\\\/\",\"name\":\"Advanced machinery telematics and fuel monitoring\",\"description\":\"Telem\u00e1tica para maquinaria compleja | Technoton\",\"publisher\":{\"@id\":\"https:\\\/\\\/jv-technoton.com\\\/#organization\"},\"potentialAction\":[{\"@type\":\"SearchAction\",\"target\":{\"@type\":\"EntryPoint\",\"urlTemplate\":\"https:\\\/\\\/jv-technoton.com\\\/?s={search_term_string}\"},\"query-input\":{\"@type\":\"PropertyValueSpecification\",\"valueRequired\":true,\"valueName\":\"search_term_string\"}}],\"inLanguage\":\"es\"},{\"@type\":\"Organization\",\"@id\":\"https:\\\/\\\/jv-technoton.com\\\/#organization\",\"name\":\"Technoton\",\"url\":\"https:\\\/\\\/jv-technoton.com\\\/\",\"logo\":{\"@type\":\"ImageObject\",\"inLanguage\":\"es\",\"@id\":\"https:\\\/\\\/jv-technoton.com\\\/#\\\/schema\\\/logo\\\/image\\\/\",\"url\":\"https:\\\/\\\/jv-technoton.com\\\/wp-content\\\/uploads\\\/2022\\\/02\\\/technoton_logo_web.png\",\"contentUrl\":\"https:\\\/\\\/jv-technoton.com\\\/wp-content\\\/uploads\\\/2022\\\/02\\\/technoton_logo_web.png\",\"width\":800,\"height\":329,\"caption\":\"Technoton\"},\"image\":{\"@id\":\"https:\\\/\\\/jv-technoton.com\\\/#\\\/schema\\\/logo\\\/image\\\/\"},\"sameAs\":[\"https:\\\/\\\/www.linkedin.com\\\/company\\\/technoton\"]}]}<\/script>\n<!-- \/ Yoast SEO plugin. -->","yoast_head_json":{"title":"Pol\u00edtica de privacidad de datos personales | Technoton","robots":{"index":"index","follow":"follow","max-snippet":"max-snippet:-1","max-image-preview":"max-image-preview:large","max-video-preview":"max-video-preview:-1"},"canonical":"https:\/\/jv-technoton.com\/es\/politica-de-privacidad-de-datos-personales\/","og_locale":"es_ES","og_type":"article","og_title":"Pol\u00edtica de privacidad de datos personales | Technoton","og_description":"[vc_row][vc_column][\/vc_column][\/vc_row][vc_row][vc_column][vc_column_text css=\u00bb\u00bb] Pol\u00edtica de privacidad de datos personales Technoton se compromete a garantizar que su privacidad est\u00e9 protegida. Sus datos personales solo se utilizar\u00e1n de acuerdo con esta pol\u00edtica de privacidad (la Pol\u00edtica). Technoton se reserva el derecho de modificar la presente Pol\u00edtica sin previo aviso. La versi\u00f3n actualizada de la Pol\u00edtica est\u00e1 disponible en [&hellip;]","og_url":"https:\/\/jv-technoton.com\/es\/politica-de-privacidad-de-datos-personales\/","og_site_name":"Technoton","twitter_card":"summary_large_image","twitter_misc":{"Tiempo de lectura":"4 minutos"},"schema":{"@context":"https:\/\/schema.org","@graph":[{"@type":"WebPage","@id":"https:\/\/jv-technoton.com\/es\/politica-de-privacidad-de-datos-personales\/","url":"https:\/\/jv-technoton.com\/es\/politica-de-privacidad-de-datos-personales\/","name":"Pol\u00edtica de privacidad de datos personales | Technoton","isPartOf":{"@id":"https:\/\/jv-technoton.com\/#website"},"datePublished":"2025-09-19T11:32:30+00:00","breadcrumb":{"@id":"https:\/\/jv-technoton.com\/es\/politica-de-privacidad-de-datos-personales\/#breadcrumb"},"inLanguage":"es","potentialAction":[{"@type":"ReadAction","target":["https:\/\/jv-technoton.com\/es\/politica-de-privacidad-de-datos-personales\/"]}]},{"@type":"BreadcrumbList","@id":"https:\/\/jv-technoton.com\/es\/politica-de-privacidad-de-datos-personales\/#breadcrumb","itemListElement":[{"@type":"ListItem","position":1,"name":"Home","item":"https:\/\/jv-technoton.com\/es\/"},{"@type":"ListItem","position":2,"name":"Pol\u00edtica de privacidad de datos personales"}]},{"@type":"WebSite","@id":"https:\/\/jv-technoton.com\/#website","url":"https:\/\/jv-technoton.com\/","name":"Advanced machinery telematics and fuel monitoring","description":"Telem\u00e1tica para maquinaria compleja | Technoton","publisher":{"@id":"https:\/\/jv-technoton.com\/#organization"},"potentialAction":[{"@type":"SearchAction","target":{"@type":"EntryPoint","urlTemplate":"https:\/\/jv-technoton.com\/?s={search_term_string}"},"query-input":{"@type":"PropertyValueSpecification","valueRequired":true,"valueName":"search_term_string"}}],"inLanguage":"es"},{"@type":"Organization","@id":"https:\/\/jv-technoton.com\/#organization","name":"Technoton","url":"https:\/\/jv-technoton.com\/","logo":{"@type":"ImageObject","inLanguage":"es","@id":"https:\/\/jv-technoton.com\/#\/schema\/logo\/image\/","url":"https:\/\/jv-technoton.com\/wp-content\/uploads\/2022\/02\/technoton_logo_web.png","contentUrl":"https:\/\/jv-technoton.com\/wp-content\/uploads\/2022\/02\/technoton_logo_web.png","width":800,"height":329,"caption":"Technoton"},"image":{"@id":"https:\/\/jv-technoton.com\/#\/schema\/logo\/image\/"},"sameAs":["https:\/\/www.linkedin.com\/company\/technoton"]}]}},"rttpg_featured_image_url":null,"rttpg_author":{"display_name":"konoshonok","author_link":"https:\/\/jv-technoton.com\/es\/author\/konoshonok\/"},"rttpg_comment":0,"rttpg_category":false,"rttpg_excerpt":"[vc_row][vc_column][\/vc_column][\/vc_row][vc_row][vc_column][vc_column_text css=\u00bb\u00bb] Pol\u00edtica de privacidad de datos personales Technoton se compromete a garantizar que su privacidad est\u00e9 protegida. Sus datos personales solo se utilizar\u00e1n de acuerdo con esta pol\u00edtica de privacidad (la Pol\u00edtica). Technoton se reserva el derecho de modificar la presente Pol\u00edtica sin previo aviso. La versi\u00f3n actualizada de la Pol\u00edtica est\u00e1 disponible en&hellip;","_links":{"self":[{"href":"https:\/\/jv-technoton.com\/es\/wp-json\/wp\/v2\/pages\/125645","targetHints":{"allow":["GET"]}}],"collection":[{"href":"https:\/\/jv-technoton.com\/es\/wp-json\/wp\/v2\/pages"}],"about":[{"href":"https:\/\/jv-technoton.com\/es\/wp-json\/wp\/v2\/types\/page"}],"author":[{"embeddable":true,"href":"https:\/\/jv-technoton.com\/es\/wp-json\/wp\/v2\/users\/19"}],"replies":[{"embeddable":true,"href":"https:\/\/jv-technoton.com\/es\/wp-json\/wp\/v2\/comments?post=125645"}],"version-history":[{"count":0,"href":"https:\/\/jv-technoton.com\/es\/wp-json\/wp\/v2\/pages\/125645\/revisions"}],"wp:attachment":[{"href":"https:\/\/jv-technoton.com\/es\/wp-json\/wp\/v2\/media?parent=125645"}],"curies":[{"name":"wp","href":"https:\/\/api.w.org\/{rel}","templated":true}]}}