{"id":131491,"date":"2026-01-22T10:17:59","date_gmt":"2026-01-22T07:17:59","guid":{"rendered":"https:\/\/jv-technoton.com\/?page_id=131491"},"modified":"2026-04-14T11:25:46","modified_gmt":"2026-04-14T08:25:46","slug":"servicios-tecnicos-de-technoton","status":"publish","type":"page","link":"https:\/\/jv-technoton.com\/es\/servicios-tecnicos-de-technoton\/","title":{"rendered":"Servicios t\u00e9cnicos de Technoton"},"content":{"rendered":"<div class=\"wpb-content-wrapper\"><p>[vc_row full_width=\u00bbstretch_row\u00bb css=\u00bb.vc_custom_1769596412531{background-color: #f7f7f7 !important;}\u00bb][vc_column][vc_column_text css=\u00bb\u00bb]<\/p>\n<h1>Servicios t\u00e9cnicos de Technoton<\/h1>\n<p>[\/vc_column_text][\/vc_column][\/vc_row][vc_row equal_height=\u00bbyes\u00bb content_placement=\u00bbmiddle\u00bb][vc_column][vc_row_inner content_placement=\u00bbtop\u00bb gap=\u00bb10&#8243;][vc_column_inner el_class=\u00bbbtn2&#8243; width=\u00bb1\/3&#8243; css=\u00bb.vc_custom_1769596684639{border-radius: 15px !important;}\u00bb][vc_column_text css=\u00bb\u00bb]<\/p>\n<p class=\"title1\" style=\"text-align: center; min-height: 70px;\">Capacitaci\u00f3n sobre la instalaci\u00f3n y operaci\u00f3n de sistemas telem\u00e1ticos y de control de combustible<\/p>\n<p>[\/vc_column_text][vc_column_text css=\u00bb\u00bb]<a href=\"\/es\/?page_id=131506\"><img decoding=\"async\" class=\"service-image\" src=\"\/wp-content\/uploads\/2019\/08\/3432.jpg\" alt=\"Formaci\u00f3n t\u00e9cnica\" \/><\/a>[\/vc_column_text][vc_column_text css=\u00bb\u00bb]<\/p>\n<p style=\"text-align: center;\"><a class=\"btn bttn_r bttn_07\" href=\"\/es\/?page_id=131506\">Capacitaci\u00f3n t\u00e9cnica<\/a><\/p>\n<p>[\/vc_column_text][\/vc_column_inner][vc_column_inner el_class=\u00bbbtn2&#8243; width=\u00bb1\/3&#8243; css=\u00bb.vc_custom_1769596679854{border-radius: 15px !important;}\u00bb][vc_column_text css=\u00bb\u00bb]<\/p>\n<p class=\"title1\" style=\"text-align: center; min-height: 70px;\">Soporte t\u00e9cnico para integradores de sistemas y usuarios de los productos de Technoton<\/p>\n<p>[\/vc_column_text][vc_column_text css=\u00bb\u00bb]<a href=\"https:\/\/jv-technoton.com\/es\/soporte-tecnico\/\"><img decoding=\"async\" class=\"service-image\" src=\"\/wp-content\/uploads\/2025\/12\/techsupport.webp\" alt=\"Soporte t\u00e9cnico\" \/><\/a>[\/vc_column_text][vc_column_text css=\u00bb\u00bb]<\/p>\n<p style=\"text-align: center;\"><a class=\"btn bttn_r bttn_07\" href=\"https:\/\/jv-technoton.com\/es\/soporte-tecnico\/\">Soporte t\u00e9cnico<\/a><\/p>\n<p>[\/vc_column_text][\/vc_column_inner][vc_column_inner el_class=\u00bbbtn2&#8243; width=\u00bb1\/3&#8243; css=\u00bb.vc_custom_1769596675143{border-radius: 15px !important;}\u00bb][vc_column_text css=\u00bb\u00bb]<\/p>\n<p class=\"title1\" style=\"text-align: center; min-height: 70px;\">Servicio de garant\u00eda y posgarant\u00eda<\/p>\n<p>[\/vc_column_text][vc_column_text css=\u00bb\u00bb]<a href=\"https:\/\/jv-technoton.com\/es\/garantia-y-reparacion\/\"><img decoding=\"async\" class=\"service-image\" src=\"\/wp-content\/uploads\/2025\/12\/Service.webp\" alt=\"Garant\u00eda y reparaci\u00f3n\" \/><\/a>[\/vc_column_text][vc_column_text css=\u00bb\u00bb]<\/p>\n<p style=\"text-align: center;\"><a class=\"btn bttn_r bttn_07\" href=\"https:\/\/jv-technoton.com\/es\/garantia-y-reparacion\/\">Garant\u00eda y reparaci\u00f3n<\/a><\/p>\n<p>[\/vc_column_text][\/vc_column_inner][vc_column_inner el_class=\u00bbbtn2&#8243; width=\u00bb1\/3&#8243;]<div class=\"ult-spacer spacer-69f22412ca8a7\" data-id=\"69f22412ca8a7\" data-height=\"30\" data-height-mobile=\"30\" data-height-tab=\"30\" data-height-tab-portrait=\"\" data-height-mobile-landscape=\"\" style=\"clear:both;display:block;\"><\/div>[vc_column_text css=\u00bb\u00bb]<\/p>\n<p class=\"title1\" style=\"text-align: center; min-height: 70px;\">Integraci\u00f3n del equipamiento de Technoton con terminales, controladores y pantallas<\/p>\n<p>[\/vc_column_text][vc_column_text css=\u00bb\u00bb]<a href=\"https:\/\/jv-technoton.com\/es\/compatibilidad\/\"><img decoding=\"async\" class=\"service-image\" src=\"\/wp-content\/uploads\/2019\/08\/itegratsiya-1.jpg\" alt=\"Integraci\u00f3n\" \/><\/a>[\/vc_column_text][vc_column_text css=\u00bb\u00bb]<\/p>\n<p style=\"text-align: center;\"><a class=\"btn bttn_r bttn_07\" href=\"https:\/\/jv-technoton.com\/es\/compatibilidad\/\">Integraci\u00f3n<\/a><\/p>\n<p>[\/vc_column_text][\/vc_column_inner][vc_column_inner el_class=\u00bbbtn2&#8243; width=\u00bb1\/3&#8243;]<div class=\"ult-spacer spacer-69f22412ca8e8\" data-id=\"69f22412ca8e8\" data-height=\"30\" data-height-mobile=\"30\" data-height-tab=\"30\" data-height-tab-portrait=\"\" data-height-mobile-landscape=\"\" style=\"clear:both;display:block;\"><\/div>[vc_column_text css=\u00bb\u00bb]<\/p>\n<p class=\"title1\" style=\"text-align: center; min-height: 70px;\">Personalizaci\u00f3n de los productos de Technoton y desarrollo de soluciones llave en mano<\/p>\n<p>[\/vc_column_text][vc_column_text css=\u00bb\u00bb]<a href=\"https:\/\/jv-technoton.com\/es\/personalizacion-de-productos\/\"><img decoding=\"async\" class=\"service-image\" src=\"\/wp-content\/uploads\/2026\/01\/\u0441ustomization-of-technoton-products-and-turnkey-product-development.webp\" alt=\"Personalizaci\u00f3n\" \/><\/a>[\/vc_column_text][vc_column_text css=\u00bb\u00bb]<\/p>\n<p style=\"text-align: center;\"><a class=\"btn bttn_r bttn_07\" href=\"https:\/\/jv-technoton.com\/es\/personalizacion-de-productos\/\">Personalizaci\u00f3n<\/a><\/p>\n<p>[\/vc_column_text][\/vc_column_inner][vc_column_inner el_class=\u00bbbtn2&#8243; width=\u00bb1\/3&#8243;]<div class=\"ult-spacer spacer-69f22412ca90d\" data-id=\"69f22412ca90d\" data-height=\"30\" data-height-mobile=\"30\" data-height-tab=\"30\" data-height-tab-portrait=\"\" data-height-mobile-landscape=\"\" style=\"clear:both;display:block;\"><\/div>[vc_column_text css=\u00bb\u00bb]<\/p>\n<p class=\"title1\" style=\"text-align: center; min-height: 70px;\">Documentaci\u00f3n t\u00e9cnica de los productos de Technoton<\/p>\n<p>[\/vc_column_text][vc_column_text css=\u00bb\u00bb]<a href=\"https:\/\/dc.jv-technoton.com\/esp\/login\/\" target=\"_blank\" rel=\"noopener\"><img decoding=\"async\" class=\"service-image\" src=\"\/wp-content\/uploads\/2025\/12\/doccentert.webp\" alt=\"Centro de documentaci\u00f3n\" \/><\/a>[\/vc_column_text][vc_column_text css=\u00bb\u00bb]<\/p>\n<p style=\"text-align: center;\"><a class=\"btn bttn_r bttn_07\" href=\"https:\/\/dc.jv-technoton.com\/esp\/login\/\" target=\"_blank\" rel=\"noopener\">Centro de documentaci\u00f3n<\/a><\/p>\n<p>[\/vc_column_text][\/vc_column_inner][vc_column_inner el_class=\u00bbbtn2&#8243; width=\u00bb1\/3&#8243;]<div class=\"ult-spacer spacer-69f22412ca92d\" data-id=\"69f22412ca92d\" data-height=\"30\" data-height-mobile=\"30\" data-height-tab=\"30\" data-height-tab-portrait=\"\" data-height-mobile-landscape=\"\" style=\"clear:both;display:block;\"><\/div>[vc_column_text css=\u00bb\u00bb]<\/p>\n<p class=\"title1\" style=\"text-align: center;\">Software de servicio y controladores para los productos de Technoton<\/p>\n<p>[\/vc_column_text][vc_column_text css=\u00bb\u00bb]<a href=\"https:\/\/jv-technoton.com\/es\/software\/\"><img decoding=\"async\" class=\"service-image\" src=\"\/wp-content\/uploads\/2025\/12\/soft.webp\" alt=\"Software\" \/><\/a>[\/vc_column_text][vc_column_text css=\u00bb\u00bb]<\/p>\n<p style=\"text-align: center;\"><a class=\"btn bttn_r bttn_07\" href=\"https:\/\/jv-technoton.com\/es\/software\/\">Software<\/a><\/p>\n<p>[\/vc_column_text][\/vc_column_inner][\/vc_row_inner][\/vc_column][\/vc_row]<\/p>\n<\/div>","protected":false},"excerpt":{"rendered":"<p>[vc_row full_width=\u00bbstretch_row\u00bb css=\u00bb.vc_custom_1769596412531{background-color: #f7f7f7 !important;}\u00bb][vc_column][vc_column_text css=\u00bb\u00bb] Servicios t\u00e9cnicos de Technoton [\/vc_column_text][\/vc_column][\/vc_row][vc_row equal_height=\u00bbyes\u00bb content_placement=\u00bbmiddle\u00bb][vc_column][vc_row_inner content_placement=\u00bbtop\u00bb gap=\u00bb10&#8243;][vc_column_inner el_class=\u00bbbtn2&#8243; width=\u00bb1\/3&#8243; css=\u00bb.vc_custom_1769596684639{border-radius: 15px !important;}\u00bb][vc_column_text css=\u00bb\u00bb] Capacitaci\u00f3n sobre la instalaci\u00f3n y operaci\u00f3n de sistemas telem\u00e1ticos y de control de combustible [\/vc_column_text][vc_column_text css=\u00bb\u00bb][\/vc_column_text][vc_column_text css=\u00bb\u00bb] Capacitaci\u00f3n t\u00e9cnica [\/vc_column_text][\/vc_column_inner][vc_column_inner el_class=\u00bbbtn2&#8243; width=\u00bb1\/3&#8243; css=\u00bb.vc_custom_1769596679854{border-radius: 15px !important;}\u00bb][vc_column_text css=\u00bb\u00bb] Soporte t\u00e9cnico para integradores de sistemas y usuarios&#8230;<\/p>\n","protected":false},"author":19,"featured_media":131534,"parent":0,"menu_order":0,"comment_status":"closed","ping_status":"closed","template":"","meta":{"_kad_post_transparent":"","_kad_post_title":"","_kad_post_layout":"","_kad_post_sidebar_id":"","_kad_post_content_style":"","_kad_post_vertical_padding":"","_kad_post_feature":"","_kad_post_feature_position":"","_kad_post_header":false,"_kad_post_footer":false,"_kad_post_classname":"","footnotes":""},"class_list":["post-131491","page","type-page","status-publish","has-post-thumbnail","hentry"],"yoast_head":"<!-- This site is optimized with the Yoast SEO Premium plugin v18.1 (Yoast SEO v27.4) - https:\/\/yoast.com\/product\/yoast-seo-premium-wordpress\/ -->\n<title>Servicios t\u00e9cnicos de Technoton | Technoton<\/title>\n<meta name=\"description\" content=\"Servicios de Technoton: formaci\u00f3n t\u00e9cnica, soporte t\u00e9cnico, garant\u00eda y reparaci\u00f3n, integraci\u00f3n, personalizaci\u00f3n, documentaci\u00f3n y software telem\u00e1tico.\" \/>\n<meta name=\"robots\" content=\"index, follow, max-snippet:-1, max-image-preview:large, max-video-preview:-1\" \/>\n<link rel=\"canonical\" href=\"https:\/\/jv-technoton.com\/es\/servicios-tecnicos-de-technoton\/\" \/>\n<meta property=\"og:locale\" content=\"es_ES\" \/>\n<meta property=\"og:type\" content=\"article\" \/>\n<meta property=\"og:title\" content=\"Servicios t\u00e9cnicos de Technoton | Technoton\" \/>\n<meta property=\"og:description\" content=\"Servicios de Technoton: formaci\u00f3n t\u00e9cnica, soporte t\u00e9cnico, garant\u00eda y reparaci\u00f3n, integraci\u00f3n, personalizaci\u00f3n, documentaci\u00f3n y software telem\u00e1tico.\" \/>\n<meta property=\"og:url\" content=\"https:\/\/jv-technoton.com\/es\/servicios-tecnicos-de-technoton\/\" \/>\n<meta property=\"og:site_name\" content=\"Technoton\" \/>\n<meta property=\"article:modified_time\" content=\"2026-04-14T08:25:46+00:00\" \/>\n<meta property=\"og:image\" content=\"https:\/\/jv-technoton.com\/wp-content\/uploads\/2026\/01\/servicios-tecnicos-de-technoton.webp\" \/>\n\t<meta property=\"og:image:width\" content=\"932\" \/>\n\t<meta property=\"og:image:height\" content=\"554\" \/>\n\t<meta property=\"og:image:type\" content=\"image\/webp\" \/>\n<meta name=\"twitter:card\" content=\"summary_large_image\" \/>\n<meta name=\"twitter:title\" content=\"Servicios t\u00e9cnicos de Technoton\" \/>\n<meta name=\"twitter:label1\" content=\"Tiempo de lectura\" \/>\n\t<meta name=\"twitter:data1\" content=\"3 minutos\" \/>\n<script type=\"application\/ld+json\" class=\"yoast-schema-graph\">{\"@context\":\"https:\\\/\\\/schema.org\",\"@graph\":[{\"@type\":\"WebPage\",\"@id\":\"https:\\\/\\\/jv-technoton.com\\\/es\\\/servicios-tecnicos-de-technoton\\\/\",\"url\":\"https:\\\/\\\/jv-technoton.com\\\/es\\\/servicios-tecnicos-de-technoton\\\/\",\"name\":\"Servicios t\u00e9cnicos de Technoton | Technoton\",\"isPartOf\":{\"@id\":\"https:\\\/\\\/jv-technoton.com\\\/#website\"},\"primaryImageOfPage\":{\"@id\":\"https:\\\/\\\/jv-technoton.com\\\/es\\\/servicios-tecnicos-de-technoton\\\/#primaryimage\"},\"image\":{\"@id\":\"https:\\\/\\\/jv-technoton.com\\\/es\\\/servicios-tecnicos-de-technoton\\\/#primaryimage\"},\"thumbnailUrl\":\"https:\\\/\\\/jv-technoton.com\\\/wp-content\\\/uploads\\\/2026\\\/01\\\/servicios-tecnicos-de-technoton.webp\",\"datePublished\":\"2026-01-22T07:17:59+00:00\",\"dateModified\":\"2026-04-14T08:25:46+00:00\",\"description\":\"Servicios de Technoton: formaci\u00f3n t\u00e9cnica, soporte t\u00e9cnico, garant\u00eda y reparaci\u00f3n, integraci\u00f3n, personalizaci\u00f3n, documentaci\u00f3n y software telem\u00e1tico.\",\"breadcrumb\":{\"@id\":\"https:\\\/\\\/jv-technoton.com\\\/es\\\/servicios-tecnicos-de-technoton\\\/#breadcrumb\"},\"inLanguage\":\"es\",\"potentialAction\":[{\"@type\":\"ReadAction\",\"target\":[\"https:\\\/\\\/jv-technoton.com\\\/es\\\/servicios-tecnicos-de-technoton\\\/\"]}]},{\"@type\":\"ImageObject\",\"inLanguage\":\"es\",\"@id\":\"https:\\\/\\\/jv-technoton.com\\\/es\\\/servicios-tecnicos-de-technoton\\\/#primaryimage\",\"url\":\"https:\\\/\\\/jv-technoton.com\\\/wp-content\\\/uploads\\\/2026\\\/01\\\/servicios-tecnicos-de-technoton.webp\",\"contentUrl\":\"https:\\\/\\\/jv-technoton.com\\\/wp-content\\\/uploads\\\/2026\\\/01\\\/servicios-tecnicos-de-technoton.webp\",\"width\":932,\"height\":554},{\"@type\":\"BreadcrumbList\",\"@id\":\"https:\\\/\\\/jv-technoton.com\\\/es\\\/servicios-tecnicos-de-technoton\\\/#breadcrumb\",\"itemListElement\":[{\"@type\":\"ListItem\",\"position\":1,\"name\":\"Home\",\"item\":\"https:\\\/\\\/jv-technoton.com\\\/es\\\/\"},{\"@type\":\"ListItem\",\"position\":2,\"name\":\"Servicios t\u00e9cnicos de Technoton\"}]},{\"@type\":\"WebSite\",\"@id\":\"https:\\\/\\\/jv-technoton.com\\\/#website\",\"url\":\"https:\\\/\\\/jv-technoton.com\\\/\",\"name\":\"Advanced machinery telematics and fuel monitoring\",\"description\":\"Telem\u00e1tica para maquinaria compleja | Technoton\",\"publisher\":{\"@id\":\"https:\\\/\\\/jv-technoton.com\\\/#organization\"},\"potentialAction\":[{\"@type\":\"SearchAction\",\"target\":{\"@type\":\"EntryPoint\",\"urlTemplate\":\"https:\\\/\\\/jv-technoton.com\\\/?s={search_term_string}\"},\"query-input\":{\"@type\":\"PropertyValueSpecification\",\"valueRequired\":true,\"valueName\":\"search_term_string\"}}],\"inLanguage\":\"es\"},{\"@type\":\"Organization\",\"@id\":\"https:\\\/\\\/jv-technoton.com\\\/#organization\",\"name\":\"Technoton\",\"url\":\"https:\\\/\\\/jv-technoton.com\\\/\",\"logo\":{\"@type\":\"ImageObject\",\"inLanguage\":\"es\",\"@id\":\"https:\\\/\\\/jv-technoton.com\\\/#\\\/schema\\\/logo\\\/image\\\/\",\"url\":\"https:\\\/\\\/jv-technoton.com\\\/wp-content\\\/uploads\\\/2022\\\/02\\\/technoton_logo_web.png\",\"contentUrl\":\"https:\\\/\\\/jv-technoton.com\\\/wp-content\\\/uploads\\\/2022\\\/02\\\/technoton_logo_web.png\",\"width\":800,\"height\":329,\"caption\":\"Technoton\"},\"image\":{\"@id\":\"https:\\\/\\\/jv-technoton.com\\\/#\\\/schema\\\/logo\\\/image\\\/\"},\"sameAs\":[\"https:\\\/\\\/www.linkedin.com\\\/company\\\/technoton\"]}]}<\/script>\n<!-- \/ Yoast SEO Premium plugin. -->","yoast_head_json":{"title":"Servicios t\u00e9cnicos de Technoton | Technoton","description":"Servicios de Technoton: formaci\u00f3n t\u00e9cnica, soporte t\u00e9cnico, garant\u00eda y reparaci\u00f3n, integraci\u00f3n, personalizaci\u00f3n, documentaci\u00f3n y software telem\u00e1tico.","robots":{"index":"index","follow":"follow","max-snippet":"max-snippet:-1","max-image-preview":"max-image-preview:large","max-video-preview":"max-video-preview:-1"},"canonical":"https:\/\/jv-technoton.com\/es\/servicios-tecnicos-de-technoton\/","og_locale":"es_ES","og_type":"article","og_title":"Servicios t\u00e9cnicos de Technoton | Technoton","og_description":"Servicios de Technoton: formaci\u00f3n t\u00e9cnica, soporte t\u00e9cnico, garant\u00eda y reparaci\u00f3n, integraci\u00f3n, personalizaci\u00f3n, documentaci\u00f3n y software telem\u00e1tico.","og_url":"https:\/\/jv-technoton.com\/es\/servicios-tecnicos-de-technoton\/","og_site_name":"Technoton","article_modified_time":"2026-04-14T08:25:46+00:00","og_image":[{"width":932,"height":554,"url":"https:\/\/jv-technoton.com\/wp-content\/uploads\/2026\/01\/servicios-tecnicos-de-technoton.webp","type":"image\/webp"}],"twitter_card":"summary_large_image","twitter_title":"Servicios t\u00e9cnicos de Technoton","twitter_misc":{"Tiempo de lectura":"3 minutos"},"schema":{"@context":"https:\/\/schema.org","@graph":[{"@type":"WebPage","@id":"https:\/\/jv-technoton.com\/es\/servicios-tecnicos-de-technoton\/","url":"https:\/\/jv-technoton.com\/es\/servicios-tecnicos-de-technoton\/","name":"Servicios t\u00e9cnicos de Technoton | Technoton","isPartOf":{"@id":"https:\/\/jv-technoton.com\/#website"},"primaryImageOfPage":{"@id":"https:\/\/jv-technoton.com\/es\/servicios-tecnicos-de-technoton\/#primaryimage"},"image":{"@id":"https:\/\/jv-technoton.com\/es\/servicios-tecnicos-de-technoton\/#primaryimage"},"thumbnailUrl":"https:\/\/jv-technoton.com\/wp-content\/uploads\/2026\/01\/servicios-tecnicos-de-technoton.webp","datePublished":"2026-01-22T07:17:59+00:00","dateModified":"2026-04-14T08:25:46+00:00","description":"Servicios de Technoton: formaci\u00f3n t\u00e9cnica, soporte t\u00e9cnico, garant\u00eda y reparaci\u00f3n, integraci\u00f3n, personalizaci\u00f3n, documentaci\u00f3n y software telem\u00e1tico.","breadcrumb":{"@id":"https:\/\/jv-technoton.com\/es\/servicios-tecnicos-de-technoton\/#breadcrumb"},"inLanguage":"es","potentialAction":[{"@type":"ReadAction","target":["https:\/\/jv-technoton.com\/es\/servicios-tecnicos-de-technoton\/"]}]},{"@type":"ImageObject","inLanguage":"es","@id":"https:\/\/jv-technoton.com\/es\/servicios-tecnicos-de-technoton\/#primaryimage","url":"https:\/\/jv-technoton.com\/wp-content\/uploads\/2026\/01\/servicios-tecnicos-de-technoton.webp","contentUrl":"https:\/\/jv-technoton.com\/wp-content\/uploads\/2026\/01\/servicios-tecnicos-de-technoton.webp","width":932,"height":554},{"@type":"BreadcrumbList","@id":"https:\/\/jv-technoton.com\/es\/servicios-tecnicos-de-technoton\/#breadcrumb","itemListElement":[{"@type":"ListItem","position":1,"name":"Home","item":"https:\/\/jv-technoton.com\/es\/"},{"@type":"ListItem","position":2,"name":"Servicios t\u00e9cnicos de Technoton"}]},{"@type":"WebSite","@id":"https:\/\/jv-technoton.com\/#website","url":"https:\/\/jv-technoton.com\/","name":"Advanced machinery telematics and fuel monitoring","description":"Telem\u00e1tica para maquinaria compleja | Technoton","publisher":{"@id":"https:\/\/jv-technoton.com\/#organization"},"potentialAction":[{"@type":"SearchAction","target":{"@type":"EntryPoint","urlTemplate":"https:\/\/jv-technoton.com\/?s={search_term_string}"},"query-input":{"@type":"PropertyValueSpecification","valueRequired":true,"valueName":"search_term_string"}}],"inLanguage":"es"},{"@type":"Organization","@id":"https:\/\/jv-technoton.com\/#organization","name":"Technoton","url":"https:\/\/jv-technoton.com\/","logo":{"@type":"ImageObject","inLanguage":"es","@id":"https:\/\/jv-technoton.com\/#\/schema\/logo\/image\/","url":"https:\/\/jv-technoton.com\/wp-content\/uploads\/2022\/02\/technoton_logo_web.png","contentUrl":"https:\/\/jv-technoton.com\/wp-content\/uploads\/2022\/02\/technoton_logo_web.png","width":800,"height":329,"caption":"Technoton"},"image":{"@id":"https:\/\/jv-technoton.com\/#\/schema\/logo\/image\/"},"sameAs":["https:\/\/www.linkedin.com\/company\/technoton"]}]}},"rttpg_featured_image_url":{"full":["https:\/\/jv-technoton.com\/wp-content\/uploads\/2026\/01\/servicios-tecnicos-de-technoton.webp",932,554,false],"landscape":["https:\/\/jv-technoton.com\/wp-content\/uploads\/2026\/01\/servicios-tecnicos-de-technoton.webp",932,554,false],"portraits":["https:\/\/jv-technoton.com\/wp-content\/uploads\/2026\/01\/servicios-tecnicos-de-technoton.webp",932,554,false],"thumbnail":["https:\/\/jv-technoton.com\/wp-content\/uploads\/2026\/01\/servicios-tecnicos-de-technoton-150x150.webp",150,150,true],"medium":["https:\/\/jv-technoton.com\/wp-content\/uploads\/2026\/01\/servicios-tecnicos-de-technoton-300x178.webp",300,178,true],"large":["https:\/\/jv-technoton.com\/wp-content\/uploads\/2026\/01\/servicios-tecnicos-de-technoton.webp",932,554,false],"1536x1536":["https:\/\/jv-technoton.com\/wp-content\/uploads\/2026\/01\/servicios-tecnicos-de-technoton.webp",932,554,false],"2048x2048":["https:\/\/jv-technoton.com\/wp-content\/uploads\/2026\/01\/servicios-tecnicos-de-technoton.webp",932,554,false]},"rttpg_author":{"display_name":"konoshonok","author_link":"https:\/\/jv-technoton.com\/es\/author\/konoshonok\/"},"rttpg_comment":0,"rttpg_category":" <a href=\"https:\/\/jv-technoton.com\/es\/?taxonomy=translation_priority&#038;term=opcional\" rel=\"tag\">Opcional<\/a>","rttpg_excerpt":"[vc_row full_width=\u00bbstretch_row\u00bb css=\u00bb.vc_custom_1769596412531{background-color: #f7f7f7 !important;}\u00bb][vc_column][vc_column_text css=\u00bb\u00bb] Servicios t\u00e9cnicos de Technoton [\/vc_column_text][\/vc_column][\/vc_row][vc_row equal_height=\u00bbyes\u00bb content_placement=\u00bbmiddle\u00bb][vc_column][vc_row_inner content_placement=\u00bbtop\u00bb gap=\u00bb10&#8243;][vc_column_inner el_class=\u00bbbtn2&#8243; width=\u00bb1\/3&#8243; css=\u00bb.vc_custom_1769596684639{border-radius: 15px !important;}\u00bb][vc_column_text css=\u00bb\u00bb] Capacitaci\u00f3n sobre la instalaci\u00f3n y operaci\u00f3n de sistemas telem\u00e1ticos y de control de combustible [\/vc_column_text][vc_column_text css=\u00bb\u00bb][\/vc_column_text][vc_column_text css=\u00bb\u00bb] Capacitaci\u00f3n t\u00e9cnica [\/vc_column_text][\/vc_column_inner][vc_column_inner el_class=\u00bbbtn2&#8243; width=\u00bb1\/3&#8243; css=\u00bb.vc_custom_1769596679854{border-radius: 15px !important;}\u00bb][vc_column_text css=\u00bb\u00bb] Soporte t\u00e9cnico para integradores de sistemas y usuarios...","_links":{"self":[{"href":"https:\/\/jv-technoton.com\/es\/wp-json\/wp\/v2\/pages\/131491","targetHints":{"allow":["GET"]}}],"collection":[{"href":"https:\/\/jv-technoton.com\/es\/wp-json\/wp\/v2\/pages"}],"about":[{"href":"https:\/\/jv-technoton.com\/es\/wp-json\/wp\/v2\/types\/page"}],"author":[{"embeddable":true,"href":"https:\/\/jv-technoton.com\/es\/wp-json\/wp\/v2\/users\/19"}],"replies":[{"embeddable":true,"href":"https:\/\/jv-technoton.com\/es\/wp-json\/wp\/v2\/comments?post=131491"}],"version-history":[{"count":2,"href":"https:\/\/jv-technoton.com\/es\/wp-json\/wp\/v2\/pages\/131491\/revisions"}],"predecessor-version":[{"id":133685,"href":"https:\/\/jv-technoton.com\/es\/wp-json\/wp\/v2\/pages\/131491\/revisions\/133685"}],"wp:featuredmedia":[{"embeddable":true,"href":"https:\/\/jv-technoton.com\/es\/wp-json\/wp\/v2\/media\/131534"}],"wp:attachment":[{"href":"https:\/\/jv-technoton.com\/es\/wp-json\/wp\/v2\/media?parent=131491"}],"curies":[{"name":"wp","href":"https:\/\/api.w.org\/{rel}","templated":true}]}}