{"id":131514,"date":"2026-01-22T09:34:38","date_gmt":"2026-01-22T06:34:38","guid":{"rendered":"https:\/\/jv-technoton.com\/?page_id=131514"},"modified":"2026-01-22T09:39:04","modified_gmt":"2026-01-22T06:39:04","slug":"solicitud-de-formacion-tecnica","status":"publish","type":"page","link":"https:\/\/jv-technoton.com\/es\/solicitud-de-formacion-tecnica\/","title":{"rendered":"Solicitud de formaci\u00f3n t\u00e9cnica"},"content":{"rendered":"<div class=\"wpb-content-wrapper\"><p>[vc_row][vc_column]<div class=\"ult-spacer spacer-69e1648c51e01\" data-id=\"69e1648c51e01\" data-height=\"22\" data-height-mobile=\"22\" data-height-tab=\"22\" data-height-tab-portrait=\"\" data-height-mobile-landscape=\"\" style=\"clear:both;display:block;\"><\/div>[vc_column_text css=\u00bb\u00bb]<\/p>\n<h1>Solicitud de formaci\u00f3n t\u00e9cnica<\/h1>\n<p>[\/vc_column_text][vc_column_text css=\u00bb\u00bb]<br \/>\nSi le interesa la formaci\u00f3n t\u00e9cnica sobre la instalaci\u00f3n y operaci\u00f3n de sistemas de control de combustible y telem\u00e1tica, complete el siguiente formulario. Seleccione el servicio que le interesa, indique sus datos de contacto y, si lo desea, a\u00f1ada un comentario. Nuestro equipo se pondr\u00e1 en contacto con usted en breve.<br \/>\n[\/vc_column_text][vc_raw_html css=\u00bb\u00bb]JTNDYnV0dG9uJTIwdHlwZSUzRCUyMmJ1dHRvbiUyMiUyMG9uY2xpY2slM0QlMjJoaXN0b3J5LmJhY2slMjglMjklMjIlMjBjbGFzcyUzRCUyMmJhY2stYnRuJTIyJTNFJTBEJTBBJTIwJTIwJTNDc3BhbiUyMGNsYXNzJTNEJTIyYXJyb3ctaWNvbiUyMiUyMGFyaWEtaGlkZGVuJTNEJTIydHJ1ZSUyMiUzRSUwRCUwQSUyMCUyMCUyMCUyMCUzQ3N2ZyUyMHdpZHRoJTNEJTIyMjQlMjIlMjBoZWlnaHQlM0QlMjIyNCUyMiUyMHZpZXdCb3glM0QlMjIwJTIwMCUyMDI0JTIwMjQlMjIlMjBmaWxsJTNEJTIybm9uZSUyMiUzRSUwRCUwQSUyMCUyMCUyMCUyMCUyMCUyMCUzQ3BhdGglMjBkJTNEJTIyTTE1JTIwMThMOSUyMDEyTDE1JTIwNiUyMiUyMHN0cm9rZSUzRCUyMndoaXRlJTIyJTIwc3Ryb2tlLXdpZHRoJTNEJTIyMi41JTIyJTIwc3Ryb2tlLWxpbmVjYXAlM0QlMjJyb3VuZCUyMiUyMHN0cm9rZS1saW5lam9pbiUzRCUyMnJvdW5kJTIyJTJGJTNFJTBEJTBBJTIwJTIwJTIwJTIwJTIwJTIwJTNDcGF0aCUyMGQlM0QlMjJNOSUyMDEySDIxJTIyJTIwc3Ryb2tlJTNEJTIyd2hpdGUlMjIlMjBzdHJva2Utd2lkdGglM0QlMjIyJTIyJTIwc3Ryb2tlLWxpbmVjYXAlM0QlMjJyb3VuZCUyMiUyRiUzRSUwRCUwQSUyMCUyMCUyMCUyMCUzQyUyRnN2ZyUzRSUwRCUwQSUyMCUyMCUzQyUyRnNwYW4lM0UlMEQlMEElMjAlMjBCYWNrJTBEJTBBJTNDJTJGYnV0dG9uJTNF[\/vc_raw_html][\/vc_column][\/vc_row][vc_row max_width=\u00bb80&#8243;][vc_column width=\u00bb1\/12&#8243;][\/vc_column][vc_column width=\u00bb5\/6&#8243;]\n<div class=\"wpcf7 no-js\" id=\"wpcf7-f131516-o1\" lang=\"en-US\" dir=\"ltr\" data-wpcf7-id=\"131516\">\n<div class=\"screen-reader-response\"><p role=\"status\" aria-live=\"polite\" aria-atomic=\"true\"><\/p> <ul><\/ul><\/div>\n<form action=\"\/es\/wp-json\/wp\/v2\/pages\/131514#wpcf7-f131516-o1\" method=\"post\" class=\"wpcf7-form init\" aria-label=\"Contact form\" novalidate=\"novalidate\" data-status=\"init\">\n<fieldset class=\"hidden-fields-container\"><input type=\"hidden\" name=\"_wpcf7\" value=\"131516\" \/><input type=\"hidden\" name=\"_wpcf7_version\" value=\"6.1.5\" \/><input type=\"hidden\" name=\"_wpcf7_locale\" value=\"en_US\" \/><input type=\"hidden\" name=\"_wpcf7_unit_tag\" value=\"wpcf7-f131516-o1\" \/><input type=\"hidden\" name=\"_wpcf7_container_post\" value=\"0\" \/><input type=\"hidden\" name=\"_wpcf7_posted_data_hash\" value=\"\" \/>\n<\/fieldset>\n<p><label>\u00bfQu\u00e9 servicios le interesan?<\/label>\n<\/p>\n<p style=\"max-width: 700px;\"><br \/>\n<span class=\"wpcf7-form-control-wrap\" data-name=\"support-service\"><span class=\"wpcf7-form-control wpcf7-checkbox wpcf7-validates-as-required\"><span class=\"wpcf7-list-item first\"><label><input type=\"checkbox\" name=\"support-service[]\" value=\"Formaci\u00f3n oficial\" \/><span class=\"wpcf7-list-item-label\">Formaci\u00f3n oficial<\/span><\/label><\/span><span class=\"wpcf7-list-item\"><label><input type=\"checkbox\" name=\"support-service[]\" value=\"Instalaci\u00f3n supervisada\" \/><span class=\"wpcf7-list-item-label\">Instalaci\u00f3n supervisada<\/span><\/label><\/span><span class=\"wpcf7-list-item last\"><label><input type=\"checkbox\" name=\"support-service[]\" value=\"Briefing online\" \/><span class=\"wpcf7-list-item-label\">Briefing online<\/span><\/label><\/span><\/span><\/span>\n<\/p>\n<p><label>Nombre y apellidos<br \/>\n<span class=\"wpcf7-form-control-wrap\" data-name=\"your-name\"><input size=\"40\" maxlength=\"400\" class=\"wpcf7-form-control wpcf7-text wpcf7-validates-as-required\" aria-required=\"true\" aria-invalid=\"false\" value=\"\" type=\"text\" name=\"your-name\" \/><\/span><\/label>\n<\/p>\n<p><label>Empresa<br \/>\n<span class=\"wpcf7-form-control-wrap\" data-name=\"company\"><input size=\"40\" maxlength=\"400\" class=\"wpcf7-form-control wpcf7-text wpcf7-validates-as-required\" aria-required=\"true\" aria-invalid=\"false\" value=\"\" type=\"text\" name=\"company\" \/><\/span><\/label>\n<\/p>\n<p><label>Cargo \/ Puesto<br \/>\n<span class=\"wpcf7-form-control-wrap\" data-name=\"position\"><input size=\"40\" maxlength=\"400\" class=\"wpcf7-form-control wpcf7-text wpcf7-validates-as-required\" aria-required=\"true\" aria-invalid=\"false\" value=\"\" type=\"text\" name=\"position\" \/><\/span><\/label>\n<\/p>\n<p><label>Su e-mail<br \/>\n<span class=\"wpcf7-form-control-wrap\" data-name=\"your-email\"><input size=\"40\" maxlength=\"400\" class=\"wpcf7-form-control wpcf7-email wpcf7-validates-as-required wpcf7-text wpcf7-validates-as-email\" aria-required=\"true\" aria-invalid=\"false\" value=\"\" type=\"email\" name=\"your-email\" \/><\/span><\/label>\n<\/p>\n<p><label>N\u00famero de tel\u00e9fono<br \/>\n<span class=\"wpcf7-form-control-wrap\" data-name=\"phone\"><input size=\"40\" maxlength=\"400\" class=\"wpcf7-form-control wpcf7-tel wpcf7-validates-as-required wpcf7-text wpcf7-validates-as-tel\" aria-required=\"true\" aria-invalid=\"false\" value=\"\" type=\"tel\" name=\"phone\" \/><\/span><\/label>\n<\/p>\n<p><label>\u00bfCu\u00e1ntos especialistas necesitan formaci\u00f3n?<br \/>\n<span class=\"wpcf7-form-control-wrap\" data-name=\"number-124\"><input class=\"wpcf7-form-control wpcf7-number wpcf7-validates-as-required wpcf7-validates-as-number\" min=\"1\" aria-required=\"true\" aria-invalid=\"false\" value=\"\" type=\"number\" name=\"number-124\" \/><\/span><\/label>\n<\/p>\n<p><label>Comentario \/ pregunta<\/label><br \/>\n<span class=\"wpcf7-form-control-wrap\" data-name=\"your-message\"><textarea cols=\"40\" rows=\"10\" maxlength=\"2000\" class=\"wpcf7-form-control wpcf7-textarea\" aria-invalid=\"false\" name=\"your-message\"><\/textarea><\/span>\n<\/p>\n<p><input class=\"wpcf7-form-control wpcf7-submit has-spinner\" type=\"submit\" value=\"Enviar\" \/>\n<\/p><p style=\"display: none !important;\" class=\"akismet-fields-container\" data-prefix=\"_wpcf7_ak_\"><label>&#916;<textarea name=\"_wpcf7_ak_hp_textarea\" cols=\"45\" rows=\"8\" maxlength=\"100\"><\/textarea><\/label><input type=\"hidden\" id=\"ak_js_1\" name=\"_wpcf7_ak_js\" value=\"63\"\/><script>document.getElementById( \"ak_js_1\" ).setAttribute( \"value\", ( new Date() ).getTime() );<\/script><\/p><div class=\"wpcf7-response-output\" aria-hidden=\"true\"><\/div>\n<\/form>\n<\/div>\n[\/vc_column][vc_column width=\u00bb1\/12&#8243;][\/vc_column][\/vc_row]<\/p>\n<\/div>","protected":false},"excerpt":{"rendered":"<p>[vc_row][vc_column][vc_column_text css=\u00bb\u00bb] Solicitud de formaci\u00f3n t\u00e9cnica [\/vc_column_text][vc_column_text css=\u00bb\u00bb] Si le interesa la formaci\u00f3n t\u00e9cnica sobre la instalaci\u00f3n y operaci\u00f3n de sistemas de control de combustible y telem\u00e1tica, complete el siguiente formulario. Seleccione el servicio que le interesa, indique sus datos de contacto y, si lo desea, a\u00f1ada un comentario. Nuestro equipo se pondr\u00e1 en contacto [&hellip;]<\/p>\n","protected":false},"author":19,"featured_media":0,"parent":0,"menu_order":0,"comment_status":"closed","ping_status":"closed","template":"","meta":{"footnotes":""},"class_list":["post-131514","page","type-page","status-publish","hentry"],"yoast_head":"<!-- This site is optimized with the Yoast SEO plugin v27.3 - https:\/\/yoast.com\/product\/yoast-seo-wordpress\/ -->\n<title>Solicitud de formaci\u00f3n t\u00e9cnica | Technoton<\/title>\n<meta name=\"robots\" content=\"index, follow, max-snippet:-1, max-image-preview:large, max-video-preview:-1\" \/>\n<link rel=\"canonical\" href=\"https:\/\/jv-technoton.com\/es\/solicitud-de-formacion-tecnica\/\" \/>\n<meta property=\"og:locale\" content=\"es_ES\" \/>\n<meta property=\"og:type\" content=\"article\" \/>\n<meta property=\"og:title\" content=\"Solicitud de formaci\u00f3n t\u00e9cnica | Technoton\" \/>\n<meta property=\"og:description\" content=\"[vc_row][vc_column][vc_column_text css=\u00bb\u00bb] Solicitud de formaci\u00f3n t\u00e9cnica [\/vc_column_text][vc_column_text css=\u00bb\u00bb] Si le interesa la formaci\u00f3n t\u00e9cnica sobre la instalaci\u00f3n y operaci\u00f3n de sistemas de control de combustible y telem\u00e1tica, complete el siguiente formulario. Seleccione el servicio que le interesa, indique sus datos de contacto y, si lo desea, a\u00f1ada un comentario. Nuestro equipo se pondr\u00e1 en contacto [&hellip;]\" \/>\n<meta property=\"og:url\" content=\"https:\/\/jv-technoton.com\/es\/solicitud-de-formacion-tecnica\/\" \/>\n<meta property=\"og:site_name\" content=\"Technoton\" \/>\n<meta property=\"article:modified_time\" content=\"2026-01-22T06:39:04+00:00\" \/>\n<meta name=\"twitter:card\" content=\"summary_large_image\" \/>\n<meta name=\"twitter:label1\" content=\"Tiempo de lectura\" \/>\n\t<meta name=\"twitter:data1\" content=\"1 minuto\" \/>\n<script type=\"application\/ld+json\" class=\"yoast-schema-graph\">{\"@context\":\"https:\\\/\\\/schema.org\",\"@graph\":[{\"@type\":\"WebPage\",\"@id\":\"https:\\\/\\\/jv-technoton.com\\\/es\\\/solicitud-de-formacion-tecnica\\\/\",\"url\":\"https:\\\/\\\/jv-technoton.com\\\/es\\\/solicitud-de-formacion-tecnica\\\/\",\"name\":\"Solicitud de formaci\u00f3n t\u00e9cnica | Technoton\",\"isPartOf\":{\"@id\":\"https:\\\/\\\/jv-technoton.com\\\/#website\"},\"datePublished\":\"2026-01-22T06:34:38+00:00\",\"dateModified\":\"2026-01-22T06:39:04+00:00\",\"breadcrumb\":{\"@id\":\"https:\\\/\\\/jv-technoton.com\\\/es\\\/solicitud-de-formacion-tecnica\\\/#breadcrumb\"},\"inLanguage\":\"es\",\"potentialAction\":[{\"@type\":\"ReadAction\",\"target\":[\"https:\\\/\\\/jv-technoton.com\\\/es\\\/solicitud-de-formacion-tecnica\\\/\"]}]},{\"@type\":\"BreadcrumbList\",\"@id\":\"https:\\\/\\\/jv-technoton.com\\\/es\\\/solicitud-de-formacion-tecnica\\\/#breadcrumb\",\"itemListElement\":[{\"@type\":\"ListItem\",\"position\":1,\"name\":\"Home\",\"item\":\"https:\\\/\\\/jv-technoton.com\\\/es\\\/\"},{\"@type\":\"ListItem\",\"position\":2,\"name\":\"Solicitud de formaci\u00f3n t\u00e9cnica\"}]},{\"@type\":\"WebSite\",\"@id\":\"https:\\\/\\\/jv-technoton.com\\\/#website\",\"url\":\"https:\\\/\\\/jv-technoton.com\\\/\",\"name\":\"Advanced machinery telematics and fuel monitoring\",\"description\":\"Telem\u00e1tica para maquinaria compleja | Technoton\",\"publisher\":{\"@id\":\"https:\\\/\\\/jv-technoton.com\\\/#organization\"},\"potentialAction\":[{\"@type\":\"SearchAction\",\"target\":{\"@type\":\"EntryPoint\",\"urlTemplate\":\"https:\\\/\\\/jv-technoton.com\\\/?s={search_term_string}\"},\"query-input\":{\"@type\":\"PropertyValueSpecification\",\"valueRequired\":true,\"valueName\":\"search_term_string\"}}],\"inLanguage\":\"es\"},{\"@type\":\"Organization\",\"@id\":\"https:\\\/\\\/jv-technoton.com\\\/#organization\",\"name\":\"Technoton\",\"url\":\"https:\\\/\\\/jv-technoton.com\\\/\",\"logo\":{\"@type\":\"ImageObject\",\"inLanguage\":\"es\",\"@id\":\"https:\\\/\\\/jv-technoton.com\\\/#\\\/schema\\\/logo\\\/image\\\/\",\"url\":\"https:\\\/\\\/jv-technoton.com\\\/wp-content\\\/uploads\\\/2022\\\/02\\\/technoton_logo_web.png\",\"contentUrl\":\"https:\\\/\\\/jv-technoton.com\\\/wp-content\\\/uploads\\\/2022\\\/02\\\/technoton_logo_web.png\",\"width\":800,\"height\":329,\"caption\":\"Technoton\"},\"image\":{\"@id\":\"https:\\\/\\\/jv-technoton.com\\\/#\\\/schema\\\/logo\\\/image\\\/\"},\"sameAs\":[\"https:\\\/\\\/www.linkedin.com\\\/company\\\/technoton\"]}]}<\/script>\n<!-- \/ Yoast SEO plugin. -->","yoast_head_json":{"title":"Solicitud de formaci\u00f3n t\u00e9cnica | Technoton","robots":{"index":"index","follow":"follow","max-snippet":"max-snippet:-1","max-image-preview":"max-image-preview:large","max-video-preview":"max-video-preview:-1"},"canonical":"https:\/\/jv-technoton.com\/es\/solicitud-de-formacion-tecnica\/","og_locale":"es_ES","og_type":"article","og_title":"Solicitud de formaci\u00f3n t\u00e9cnica | Technoton","og_description":"[vc_row][vc_column][vc_column_text css=\u00bb\u00bb] Solicitud de formaci\u00f3n t\u00e9cnica [\/vc_column_text][vc_column_text css=\u00bb\u00bb] Si le interesa la formaci\u00f3n t\u00e9cnica sobre la instalaci\u00f3n y operaci\u00f3n de sistemas de control de combustible y telem\u00e1tica, complete el siguiente formulario. Seleccione el servicio que le interesa, indique sus datos de contacto y, si lo desea, a\u00f1ada un comentario. Nuestro equipo se pondr\u00e1 en contacto [&hellip;]","og_url":"https:\/\/jv-technoton.com\/es\/solicitud-de-formacion-tecnica\/","og_site_name":"Technoton","article_modified_time":"2026-01-22T06:39:04+00:00","twitter_card":"summary_large_image","twitter_misc":{"Tiempo de lectura":"1 minuto"},"schema":{"@context":"https:\/\/schema.org","@graph":[{"@type":"WebPage","@id":"https:\/\/jv-technoton.com\/es\/solicitud-de-formacion-tecnica\/","url":"https:\/\/jv-technoton.com\/es\/solicitud-de-formacion-tecnica\/","name":"Solicitud de formaci\u00f3n t\u00e9cnica | Technoton","isPartOf":{"@id":"https:\/\/jv-technoton.com\/#website"},"datePublished":"2026-01-22T06:34:38+00:00","dateModified":"2026-01-22T06:39:04+00:00","breadcrumb":{"@id":"https:\/\/jv-technoton.com\/es\/solicitud-de-formacion-tecnica\/#breadcrumb"},"inLanguage":"es","potentialAction":[{"@type":"ReadAction","target":["https:\/\/jv-technoton.com\/es\/solicitud-de-formacion-tecnica\/"]}]},{"@type":"BreadcrumbList","@id":"https:\/\/jv-technoton.com\/es\/solicitud-de-formacion-tecnica\/#breadcrumb","itemListElement":[{"@type":"ListItem","position":1,"name":"Home","item":"https:\/\/jv-technoton.com\/es\/"},{"@type":"ListItem","position":2,"name":"Solicitud de formaci\u00f3n t\u00e9cnica"}]},{"@type":"WebSite","@id":"https:\/\/jv-technoton.com\/#website","url":"https:\/\/jv-technoton.com\/","name":"Advanced machinery telematics and fuel monitoring","description":"Telem\u00e1tica para maquinaria compleja | Technoton","publisher":{"@id":"https:\/\/jv-technoton.com\/#organization"},"potentialAction":[{"@type":"SearchAction","target":{"@type":"EntryPoint","urlTemplate":"https:\/\/jv-technoton.com\/?s={search_term_string}"},"query-input":{"@type":"PropertyValueSpecification","valueRequired":true,"valueName":"search_term_string"}}],"inLanguage":"es"},{"@type":"Organization","@id":"https:\/\/jv-technoton.com\/#organization","name":"Technoton","url":"https:\/\/jv-technoton.com\/","logo":{"@type":"ImageObject","inLanguage":"es","@id":"https:\/\/jv-technoton.com\/#\/schema\/logo\/image\/","url":"https:\/\/jv-technoton.com\/wp-content\/uploads\/2022\/02\/technoton_logo_web.png","contentUrl":"https:\/\/jv-technoton.com\/wp-content\/uploads\/2022\/02\/technoton_logo_web.png","width":800,"height":329,"caption":"Technoton"},"image":{"@id":"https:\/\/jv-technoton.com\/#\/schema\/logo\/image\/"},"sameAs":["https:\/\/www.linkedin.com\/company\/technoton"]}]}},"rttpg_featured_image_url":null,"rttpg_author":{"display_name":"konoshonok","author_link":"https:\/\/jv-technoton.com\/es\/author\/konoshonok\/"},"rttpg_comment":0,"rttpg_category":false,"rttpg_excerpt":"[vc_row][vc_column][vc_column_text css=\u00bb\u00bb] Solicitud de formaci\u00f3n t\u00e9cnica [\/vc_column_text][vc_column_text css=\u00bb\u00bb] Si le interesa la formaci\u00f3n t\u00e9cnica sobre la instalaci\u00f3n y operaci\u00f3n de sistemas de control de combustible y telem\u00e1tica, complete el siguiente formulario. Seleccione el servicio que le interesa, indique sus datos de contacto y, si lo desea, a\u00f1ada un comentario. Nuestro equipo se pondr\u00e1 en contacto&hellip;","_links":{"self":[{"href":"https:\/\/jv-technoton.com\/es\/wp-json\/wp\/v2\/pages\/131514","targetHints":{"allow":["GET"]}}],"collection":[{"href":"https:\/\/jv-technoton.com\/es\/wp-json\/wp\/v2\/pages"}],"about":[{"href":"https:\/\/jv-technoton.com\/es\/wp-json\/wp\/v2\/types\/page"}],"author":[{"embeddable":true,"href":"https:\/\/jv-technoton.com\/es\/wp-json\/wp\/v2\/users\/19"}],"replies":[{"embeddable":true,"href":"https:\/\/jv-technoton.com\/es\/wp-json\/wp\/v2\/comments?post=131514"}],"version-history":[{"count":2,"href":"https:\/\/jv-technoton.com\/es\/wp-json\/wp\/v2\/pages\/131514\/revisions"}],"predecessor-version":[{"id":131517,"href":"https:\/\/jv-technoton.com\/es\/wp-json\/wp\/v2\/pages\/131514\/revisions\/131517"}],"wp:attachment":[{"href":"https:\/\/jv-technoton.com\/es\/wp-json\/wp\/v2\/media?parent=131514"}],"curies":[{"name":"wp","href":"https:\/\/api.w.org\/{rel}","templated":true}]}}