{"id":16916,"date":"2017-11-02T09:14:42","date_gmt":"2017-11-02T06:14:42","guid":{"rendered":"https:\/\/jv-technoton.com\/glavnaya-2\/"},"modified":"2026-04-06T11:22:03","modified_gmt":"2026-04-06T08:22:03","slug":"glavnaya-2","status":"publish","type":"page","link":"https:\/\/jv-technoton.com\/es\/","title":{"rendered":"Telem\u00e1tica de maquinaria avanzada"},"content":{"rendered":"<div class=\"wpb-content-wrapper\"><p>[vc_row full_width=\u00bbstretch_row_content_no_spaces\u00bb el_class=\u00bbmobile-display-none\u00bb][vc_column][vc_column_text][\/vc_column_text]<div class=\"ult-spacer spacer-69e4fe73c9279\" data-id=\"69e4fe73c9279\" data-height=\"20\" data-height-mobile=\"5\" data-height-tab=\"15\" data-height-tab-portrait=\"10\" data-height-mobile-landscape=\"5\" style=\"clear:both;display:block;\"><\/div>[\/vc_column][\/vc_row][vc_row][vc_column][vc_column_text font_size=\u00bbd:16|tl:13|tp:13|pl:10|pp:10&#8243;]<\/p>\n<h1><span style=\"font-size: 21px;\">Telem\u00e1tica de maquinaria avanzada <\/span><\/h1>\n<p>[\/vc_column_text][\/vc_column][\/vc_row][vc_row][vc_column offset=\u00bbvc_hidden-lg vc_hidden-md vc_hidden-sm\u00bb][vc_column_text css=\u00bb\u00bb font_size=\u00bbd:16|tl:13|tp:13|pl:10|pp:10&#8243;]<img loading=\"lazy\" decoding=\"async\" class=\"size-full wp-image-115439 aligncenter\" src=\"https:\/\/jv-technoton.com\/wp-content\/uploads\/2025\/01\/advanced-machinery-telematics-by-technoton-s-2.webp\" alt=\"Telem\u00e1tica de maquinaria avanzada\" width=\"400\" height=\"379\" srcset=\"https:\/\/jv-technoton.com\/wp-content\/uploads\/2025\/01\/advanced-machinery-telematics-by-technoton-s-2.webp 400w, https:\/\/jv-technoton.com\/wp-content\/uploads\/2025\/01\/advanced-machinery-telematics-by-technoton-s-2-300x284.webp 300w\" sizes=\"auto, (max-width: 400px) 100vw, 400px\" \/>[\/vc_column_text][\/vc_column][\/vc_row][vc_row][vc_column width=\u00bb2\/4&#8243;][vc_column_text font_size=\u00bbd:16|tl:13|tp:13|pl:10|pp:10&#8243;]<\/p>\n<p class=\"line\">Ofrecemos soluciones integrales para el monitoreo en l\u00ednea de los camiones y transporte de carretera, locomotoras, embarcaciones mar\u00edtimas y fluviales, generadores de diesel, tanques de almacenamiento de combustible y m\u00e1quinas tecnol\u00f3gicas. Los datos de control principales son consumo de combustible, tiempo y modo de funcionamiento de motor, volumen y temperatura de combustible, carga por eje.<\/p>\n<p>[\/vc_column_text][\/vc_column][vc_column width=\u00bb1\/4&#8243; css=\u00bb.vc_custom_1617458239479{margin-left: 30px !important;}\u00bb]<div class=\"ult-spacer spacer-69e4fe73c92b8\" data-id=\"69e4fe73c92b8\" data-height=\"55\" data-height-mobile=\"5\" data-height-tab=\"15\" data-height-tab-portrait=\"10\" data-height-mobile-landscape=\"5\" style=\"clear:both;display:block;\"><\/div>[vc_column_text css=\u00bb\u00bb]<a href=\"https:\/\/jv-technoton.com\/es\/software\/\"><span style=\"color: #ff6600; font-size: 18px!important;\"><strong>El software de servicio<\/strong><br \/>\n<\/span><\/a><br \/>\n<a href=\"https:\/\/dc.jv-technoton.com\/esp\/login\/\" target=\"_blank\" rel=\"noopener\"><span style=\"color: #ff6600; font-size: 18px!important;\"><strong>Centro de documentaci\u00f3n<\/strong><\/span><\/a>[\/vc_column_text][\/vc_column][vc_column width=\u00bb1\/4&#8243; css=\u00bb.vc_custom_1617458248434{margin-left: 30px !important;}\u00bb]<div class=\"ult-spacer spacer-69e4fe73c92e8\" data-id=\"69e4fe73c92e8\" data-height=\"55\" data-height-mobile=\"5\" data-height-tab=\"15\" data-height-tab-portrait=\"10\" data-height-mobile-landscape=\"5\" style=\"clear:both;display:block;\"><\/div>[vc_column_text css=\u00bb\u00bb]<a href=\"https:\/\/jv-technoton.com\/es\/formacion-tecnica\/\"><span style=\"color: #ff6600; font-size: 18px!important;\"><strong>Formaci\u00f3n<\/strong><\/span><\/a><\/p>\n<p><strong><a href=\"https:\/\/ru.rd-technoton.com\/\" target=\"_blank\" rel=\"noopener\"><span style=\"color: #ff6600; font-size: 18px!important;\"><strong>Desarrollos a medida<\/strong><\/span><\/a><\/strong>[\/vc_column_text][\/vc_column][\/vc_row][vc_row][vc_column][vc_separator]<div class=\"ult-spacer spacer-69e4fe73c9313\" data-id=\"69e4fe73c9313\" data-height=\"20\" data-height-mobile=\"5\" data-height-tab=\"15\" data-height-tab-portrait=\"10\" data-height-mobile-landscape=\"5\" style=\"clear:both;display:block;\"><\/div>[\/vc_column][\/vc_row][vc_row full_width=\u00bbstretch_row\u00bb equal_height=\u00bbyes\u00bb][vc_column width=\u00bb1\/2&#8243;][vc_column_text]Las soluciones de Technoton permiten reducir gastos de funcionamiento y aumentar la eficiencia del parque de flotas.<\/p>\n<p><strong>Area de conocimiento:<\/strong><\/p>\n<ul>\n<li>Control del consumo de los generadores de diesel<\/li>\n<li>Monitoreo de los tanques moviles y fijos<\/li>\n<li>Integraci\u00f3n de los datos de CANBus J1939 y J1708 a los sistemas Telematicos y sistemas de monitoreo GPS\/GLONASS<\/li>\n<li>Integraci\u00f3n de los sensores estandares anal\u00f3gicos en el sistema Telematico<\/li>\n<li>Monitoreo de 10800+ parametros tecnol\u00f3gicos en l\u00ednea<\/li>\n<\/ul>\n<p>&nbsp;<\/p>\n<p>Los dispositivos de Technoton son elaborados con integraci\u00f3n de la tecnolog\u00eda moderna Edge\/Fog computing que ofrece la medici\u00f3n precisa de los parametros, escalabilidad del sistema, funcionamiento seguro y compatibilidad garantizada del equipo.[\/vc_column_text][\/vc_column][vc_column width=\u00bb1\/2&#8243;][vc_column_text css=\u00bb\u00bb]Desde 2000, Technoton ha estado desarrollando, fabricando y suministrando soluciones de monitorizaci\u00f3n de combustible y telem\u00e1tica para ofrecer visibilidad y anal\u00edtica remotas de los activos.<\/p>\n<p>Nuestros sensores inteligentes y kits de hardware \u201cllave en mano\u201d se utilizan en camiones y veh\u00edculos comerciales, trenes di\u00e9sel, maquinaria de construcci\u00f3n, agr\u00edcola y minera, embarcaciones mar\u00edtimas y fluviales, generadores de energ\u00eda, tanques de combustible estacionarios y sistemas industriales de combustible.<\/p>\n<p>El sistema de gesti\u00f3n de la calidad de Technoton est\u00e1 certificado seg\u00fan la norma ISO 9001:2015.[\/vc_column_text][\/vc_column][\/vc_row][vc_row][vc_column]<div class=\"ult-spacer spacer-69e4fe73c933c\" data-id=\"69e4fe73c933c\" data-height=\"40\" data-height-mobile=\"5\" data-height-tab=\"15\" data-height-tab-portrait=\"10\" data-height-mobile-landscape=\"5\" style=\"clear:both;display:block;\"><\/div>[vc_separator][vc_raw_html css=\u00bb\u00bb]JTNDaDIlM0VOdWVzdHJvcyUyMGNsaWVudGVzJTNDJTJGaDIlM0UlMEQlMEElM0NzZWN0aW9uJTIwY2xhc3MlM0QlMjJzZWN0aW9uJTIyJTNFJTBEJTBBJTIwJTIwJTNDZGl2JTIwY2xhc3MlM0QlMjJsb2dvcyUyMiUzRSUwRCUwQSUyMCUyMCUyMCUyMCUzQ2ltZyUyMHNyYyUzRCUyMiUyRndwLWNvbnRlbnQlMkZ1cGxvYWRzJTJGMjAyNiUyRjAzJTJGc2NhbmlhLWxvZ28ud2VicCUyMiUyMGFsdCUzRCUyMlNjYW5pYSUyMiUzRSUwRCUwQSUyMCUyMCUyMCUyMCUzQ2ltZyUyMHNyYyUzRCUyMiUyRndwLWNvbnRlbnQlMkZ1cGxvYWRzJTJGMjAyNiUyRjAzJTJGY3VtbWlucy1sb2dvLndlYnAlMjIlMjBhbHQlM0QlMjJDdW1taW5zJTIyJTNFJTBEJTBBJTIwJTIwJTIwJTIwJTNDaW1nJTIwc3JjJTNEJTIyJTJGd3AtY29udGVudCUyRnVwbG9hZHMlMkYyMDI2JTJGMDMlMkZvdG9rYXItbG9nby53ZWJwJTIyJTIwYWx0JTNEJTIyT3Rva2FyJTIyJTNFJTBEJTBBJTIwJTIwJTIwJTIwJTNDaW1nJTIwc3JjJTNEJTIyJTJGd3AtY29udGVudCUyRnVwbG9hZHMlMkYyMDI2JTJGMDMlMkZ0aGVybW8ta2luZy1sb2dvLndlYnAlMjIlMjBhbHQlM0QlMjJUaGVybW8lMjBLaW5nJTIyJTNFJTBEJTBBJTIwJTIwJTIwJTIwJTNDaW1nJTIwc3JjJTNEJTIyJTJGd3AtY29udGVudCUyRnVwbG9hZHMlMkYyMDI2JTJGMDMlMkZhZ2dyZWtvLWxvZ28ud2VicCUyMiUyMGFsdCUzRCUyMkFnZ3Jla28lMjIlM0UlMEQlMEElMjAlMjAlMjAlMjAlM0NpbWclMjBzcmMlM0QlMjIlMkZ3cC1jb250ZW50JTJGdXBsb2FkcyUyRjIwMjYlMkYwMyUyRmNhcnJpZXItbG9nby53ZWJwJTIyJTIwYWx0JTNEJTIyQ2FycmllciUyMiUzRSUwRCUwQSUyMCUyMCUyMCUyMCUzQ2ltZyUyMHNyYyUzRCUyMiUyRndwLWNvbnRlbnQlMkZ1cGxvYWRzJTJGMjAyNiUyRjAzJTJGa2lybG9za2FyLWxvZ28ud2VicCUyMiUyMGFsdCUzRCUyMlpGJTIyJTNFJTBEJTBBJTIwJTIwJTIwJTIwJTNDaW1nJTIwc3JjJTNEJTIyJTJGd3AtY29udGVudCUyRnVwbG9hZHMlMkYyMDI2JTJGMDMlMkZ0YW0tbG9nby53ZWJwJTIyJTIwYWx0JTNEJTIyVEFNJTIyJTNFJTBEJTBBJTIwJTIwJTNDJTJGZGl2JTNFJTBEJTBBJTNDJTJGc2VjdGlvbiUzRSUwRCUwQSUzQ2RpdiUyMGNsYXNzJTNEJTIybG9nby1kaXNjbGFpbWVyJTIyJTNFVG9kb3MlMjBsb2dvdGlwb3MlMjB5JTIwbWFyY2FzJTIwc29uJTIwcHJvcGllZGFkJTIwZGUlMjBzdXMlMjByZXNwZWN0aXZvcyUyMHRpdHVsYXJlcy4lMEQlMEFMb3MlMjBsb2dvdGlwb3MlMjBzZSUyMG11ZXN0cmFuJTIwJUMzJUJBbmljYW1lbnRlJTIwcGFyYSUyMGluZGljYXIlMjBxdWUlMjBlc3RhcyUyMGVtcHJlc2FzJTIwaGFuJTIwY29tcHJhZG8lMjB5JTIwdXRpbGl6YWRvJTIwcHJvZHVjdG9zJTIwZGUlMjBUZWNobm90b24lMjBlbiUyMHN1cyUyMHByb3llY3Rvcy4lM0MlMkZkaXYlM0UlMEQlMEElM0NzdHlsZSUzRSUwRCUwQSUyMCUyMCUyMCUyMC5sb2dvLWRpc2NsYWltZXIlMjAlN0IlMEQlMEElMjAlMjAlMjAlMjAlMjAlMjB0ZXh0LWFsaWduJTNBJTIwbGVmdCUzQiUwRCUwQSUyMCUyMCUyMCUyMCUyMCUyMGZvbnQtc2l6ZSUzQSUyMDEwcHglM0IlMEQlMEElMjAlMjAlMjAlMjAlMjAlMjBjb2xvciUzQSUyMCUyMzg4OCUzQiUwRCUwQSUyMCUyMCUyMCUyMCUyMCUyMGxpbmUtaGVpZ2h0JTNBJTIwMS40JTNCJTBEJTBBJTIwJTIwJTIwJTIwJTIwJTIwJTdEJTBEJTBBLnNlY3Rpb24lMjAlN0IlMEQlMEElMjAlMjBwYWRkaW5nJTNBJTIwNTBweCUyMDIwcHglM0IlMEQlMEElMjAlMjB0ZXh0LWFsaWduJTNBJTIwY2VudGVyJTNCJTBEJTBBJTdEJTBEJTBBJTBEJTBBLnNlY3Rpb24lMjBoMiUyMCU3QiUwRCUwQSUyMCUyMGZvbnQtc2l6ZSUzQSUyMDMycHglM0IlMEQlMEElMjAlMjBtYXJnaW4tYm90dG9tJTNBJTIwMzBweCUzQiUwRCUwQSUyMCUyMGNvbG9yJTNBJTIwJTIzMjIyJTNCJTBEJTBBJTdEJTBEJTBBJTBEJTBBLmxvZ29zJTIwJTdCJTBEJTBBJTIwJTIwZGlzcGxheSUzQSUyMGZsZXglM0IlMEQlMEElMjAlMjBqdXN0aWZ5LWNvbnRlbnQlM0ElMjBzcGFjZS1iZXR3ZWVuJTNCJTBEJTBBJTIwJTIwYWxpZ24taXRlbXMlM0ElMjBjZW50ZXIlM0IlMEQlMEElMjAlMjBnYXAlM0ElMjAxNXB4JTNCJTBEJTBBJTIwJTIwbWF4LXdpZHRoJTNBJTIwMTEwMHB4JTNCJTBEJTBBJTIwJTIwbWFyZ2luJTNBJTIwMCUyMGF1dG8lM0IlMEQlMEElMjAlMjBmbGV4LXdyYXAlM0ElMjB3cmFwJTNCJTBEJTBBJTdEJTBEJTBBJTBEJTBBLmxvZ29zJTIwaW1nJTIwJTdCJTBEJTBBJTIwJTIwbWF4LWhlaWdodCUzQSUyMDUwcHglM0IlMEQlMEElMjAlMjBtYXgtd2lkdGglM0ElMjAxMDAlMjUlM0IlMEQlMEElMjAlMjBvYmplY3QtZml0JTNBJTIwY29udGFpbiUzQiUwRCUwQSUyMCUyMGZpbHRlciUzQSUyMG5vbmUlM0IlMjAlMEQlMEElMjAlMjBvcGFjaXR5JTNBJTIwMSUzQiUwRCUwQSUyMCUyMHRyYW5zaXRpb24lM0ElMjB0cmFuc2Zvcm0lMjAwLjNzJTIwZWFzZS1pbi1vdXQlM0IlMEQlMEElN0QlMEQlMEElMEQlMEEubG9nb3MlMjBpbWclM0Fob3ZlciUyMCU3QiUwRCUwQSUyMCUyMHRyYW5zZm9ybSUzQSUyMHRyYW5zbGF0ZVklMjgtNXB4JTI5JTNCJTBEJTBBJTdEJTBEJTBBJTNDJTJGc3R5bGUlM0U=[\/vc_raw_html][\/vc_column][\/vc_row][vc_row][vc_column]<div class=\"ult-spacer spacer-69e4fe73c9361\" data-id=\"69e4fe73c9361\" data-height=\"40\" data-height-mobile=\"5\" data-height-tab=\"15\" data-height-tab-portrait=\"10\" data-height-mobile-landscape=\"5\" style=\"clear:both;display:block;\"><\/div>[\/vc_column][\/vc_row]<\/p>\n<\/div>","protected":false},"excerpt":{"rendered":"<p>[vc_row full_width=\u00bbstretch_row_content_no_spaces\u00bb el_class=\u00bbmobile-display-none\u00bb][vc_column][vc_column_text][\/vc_column_text][\/vc_column][\/vc_row][vc_row][vc_column][vc_column_text font_size=\u00bbd:16|tl:13|tp:13|pl:10|pp:10&#8243;] Telem\u00e1tica de maquinaria avanzada [\/vc_column_text][\/vc_column][\/vc_row][vc_row][vc_column offset=\u00bbvc_hidden-lg vc_hidden-md vc_hidden-sm\u00bb][vc_column_text css=\u00bb\u00bb font_size=\u00bbd:16|tl:13|tp:13|pl:10|pp:10&#8243;][\/vc_column_text][\/vc_column][\/vc_row][vc_row][vc_column width=\u00bb2\/4&#8243;][vc_column_text font_size=\u00bbd:16|tl:13|tp:13|pl:10|pp:10&#8243;] Ofrecemos soluciones integrales para el monitoreo en l\u00ednea de los camiones y transporte de carretera, locomotoras, embarcaciones mar\u00edtimas y fluviales, generadores de diesel, tanques de almacenamiento de combustible y m\u00e1quinas tecnol\u00f3gicas. Los datos de control principales son consumo de&#8230;<\/p>\n","protected":false},"author":1,"featured_media":87631,"parent":0,"menu_order":0,"comment_status":"closed","ping_status":"closed","template":"","meta":{"_kad_post_transparent":"","_kad_post_title":"","_kad_post_layout":"","_kad_post_sidebar_id":"","_kad_post_content_style":"","_kad_post_vertical_padding":"","_kad_post_feature":"","_kad_post_feature_position":"","_kad_post_header":false,"_kad_post_footer":false,"_kad_post_classname":"","footnotes":""},"class_list":["post-16916","page","type-page","status-publish","has-post-thumbnail","hentry"],"yoast_head":"<!-- This site is optimized with the Yoast SEO plugin v27.4 - https:\/\/yoast.com\/product\/yoast-seo-wordpress\/ -->\n<title>Telem\u00e1tica de maquinaria avanzada y sensores de control de combustible<\/title>\n<meta name=\"description\" content=\"Desarrollo, fabricaci\u00f3n e integraci\u00f3n de GPS sistemas telem\u00e1tica de maquinaria avanzada y sensores para el control del consumo de combustible.\" \/>\n<meta name=\"robots\" content=\"index, follow, max-snippet:-1, max-image-preview:large, max-video-preview:-1\" \/>\n<link rel=\"canonical\" href=\"https:\/\/jv-technoton.com\/es\/\" \/>\n<meta property=\"og:locale\" content=\"es_ES\" \/>\n<meta property=\"og:type\" content=\"article\" \/>\n<meta property=\"og:title\" content=\"\u0422\u0435\u043b\u0435\u043c\u0430\u0442\u0438\u043a\u0430 \u0441\u043b\u043e\u0436\u043d\u044b\u0445 \u043c\u0430\u0448\u0438\u043d\" \/>\n<meta property=\"og:description\" content=\"Desarrollo, fabricaci\u00f3n e integraci\u00f3n de GPS sistemas telem\u00e1tica de maquinaria avanzada y sensores para el control del consumo de combustible.\" \/>\n<meta property=\"og:url\" content=\"https:\/\/jv-technoton.com\/es\/\" \/>\n<meta property=\"og:site_name\" content=\"Technoton\" \/>\n<meta property=\"article:modified_time\" content=\"2026-04-06T08:22:03+00:00\" \/>\n<meta property=\"og:image\" content=\"https:\/\/jv-technoton.com\/wp-content\/uploads\/2018\/06\/FB-Main-1.png\" \/>\n\t<meta property=\"og:image:width\" content=\"1056\" \/>\n\t<meta property=\"og:image:height\" content=\"549\" \/>\n\t<meta property=\"og:image:type\" content=\"image\/png\" \/>\n<meta name=\"twitter:card\" content=\"summary_large_image\" \/>\n<meta name=\"twitter:label1\" content=\"Tiempo de lectura\" \/>\n\t<meta name=\"twitter:data1\" content=\"2 minutos\" \/>\n<script type=\"application\/ld+json\" class=\"yoast-schema-graph\">{\"@context\":\"https:\\\/\\\/schema.org\",\"@graph\":[{\"@type\":\"WebPage\",\"@id\":\"https:\\\/\\\/jv-technoton.com\\\/es\\\/\",\"url\":\"https:\\\/\\\/jv-technoton.com\\\/es\\\/\",\"name\":\"Telem\u00e1tica de maquinaria avanzada y sensores de control de combustible\",\"isPartOf\":{\"@id\":\"https:\\\/\\\/jv-technoton.com\\\/#website\"},\"primaryImageOfPage\":{\"@id\":\"https:\\\/\\\/jv-technoton.com\\\/es\\\/#primaryimage\"},\"image\":{\"@id\":\"https:\\\/\\\/jv-technoton.com\\\/es\\\/#primaryimage\"},\"thumbnailUrl\":\"https:\\\/\\\/jv-technoton.com\\\/wp-content\\\/uploads\\\/2023\\\/01\\\/Kontrol-topliva-i-telematika-slozhnih-mashin-Tehnoton.png\",\"datePublished\":\"2017-11-02T06:14:42+00:00\",\"dateModified\":\"2026-04-06T08:22:03+00:00\",\"description\":\"Desarrollo, fabricaci\u00f3n e integraci\u00f3n de GPS sistemas telem\u00e1tica de maquinaria avanzada y sensores para el control del consumo de combustible.\",\"breadcrumb\":{\"@id\":\"https:\\\/\\\/jv-technoton.com\\\/es\\\/#breadcrumb\"},\"inLanguage\":\"es\",\"potentialAction\":[{\"@type\":\"ReadAction\",\"target\":[\"https:\\\/\\\/jv-technoton.com\\\/es\\\/\"]}]},{\"@type\":\"ImageObject\",\"inLanguage\":\"es\",\"@id\":\"https:\\\/\\\/jv-technoton.com\\\/es\\\/#primaryimage\",\"url\":\"https:\\\/\\\/jv-technoton.com\\\/wp-content\\\/uploads\\\/2023\\\/01\\\/Kontrol-topliva-i-telematika-slozhnih-mashin-Tehnoton.png\",\"contentUrl\":\"https:\\\/\\\/jv-technoton.com\\\/wp-content\\\/uploads\\\/2023\\\/01\\\/Kontrol-topliva-i-telematika-slozhnih-mashin-Tehnoton.png\",\"width\":489,\"height\":489},{\"@type\":\"BreadcrumbList\",\"@id\":\"https:\\\/\\\/jv-technoton.com\\\/es\\\/#breadcrumb\",\"itemListElement\":[{\"@type\":\"ListItem\",\"position\":1,\"name\":\"Home\",\"item\":\"https:\\\/\\\/jv-technoton.com\\\/es\\\/\"},{\"@type\":\"ListItem\",\"position\":2,\"name\":\"Telem\u00e1tica de maquinaria avanzada\"}]},{\"@type\":\"WebSite\",\"@id\":\"https:\\\/\\\/jv-technoton.com\\\/#website\",\"url\":\"https:\\\/\\\/jv-technoton.com\\\/\",\"name\":\"Advanced machinery telematics and fuel monitoring\",\"description\":\"Telem\u00e1tica para maquinaria compleja | Technoton\",\"publisher\":{\"@id\":\"https:\\\/\\\/jv-technoton.com\\\/#organization\"},\"potentialAction\":[{\"@type\":\"SearchAction\",\"target\":{\"@type\":\"EntryPoint\",\"urlTemplate\":\"https:\\\/\\\/jv-technoton.com\\\/?s={search_term_string}\"},\"query-input\":{\"@type\":\"PropertyValueSpecification\",\"valueRequired\":true,\"valueName\":\"search_term_string\"}}],\"inLanguage\":\"es\"},{\"@type\":\"Organization\",\"@id\":\"https:\\\/\\\/jv-technoton.com\\\/#organization\",\"name\":\"Technoton\",\"url\":\"https:\\\/\\\/jv-technoton.com\\\/\",\"logo\":{\"@type\":\"ImageObject\",\"inLanguage\":\"es\",\"@id\":\"https:\\\/\\\/jv-technoton.com\\\/#\\\/schema\\\/logo\\\/image\\\/\",\"url\":\"https:\\\/\\\/jv-technoton.com\\\/wp-content\\\/uploads\\\/2022\\\/02\\\/technoton_logo_web.png\",\"contentUrl\":\"https:\\\/\\\/jv-technoton.com\\\/wp-content\\\/uploads\\\/2022\\\/02\\\/technoton_logo_web.png\",\"width\":800,\"height\":329,\"caption\":\"Technoton\"},\"image\":{\"@id\":\"https:\\\/\\\/jv-technoton.com\\\/#\\\/schema\\\/logo\\\/image\\\/\"},\"sameAs\":[\"https:\\\/\\\/www.linkedin.com\\\/company\\\/technoton\"]}]}<\/script>\n<!-- \/ Yoast SEO plugin. -->","yoast_head_json":{"title":"Telem\u00e1tica de maquinaria avanzada y sensores de control de combustible","description":"Desarrollo, fabricaci\u00f3n e integraci\u00f3n de GPS sistemas telem\u00e1tica de maquinaria avanzada y sensores para el control del consumo de combustible.","robots":{"index":"index","follow":"follow","max-snippet":"max-snippet:-1","max-image-preview":"max-image-preview:large","max-video-preview":"max-video-preview:-1"},"canonical":"https:\/\/jv-technoton.com\/es\/","og_locale":"es_ES","og_type":"article","og_title":"\u0422\u0435\u043b\u0435\u043c\u0430\u0442\u0438\u043a\u0430 \u0441\u043b\u043e\u0436\u043d\u044b\u0445 \u043c\u0430\u0448\u0438\u043d","og_description":"Desarrollo, fabricaci\u00f3n e integraci\u00f3n de GPS sistemas telem\u00e1tica de maquinaria avanzada y sensores para el control del consumo de combustible.","og_url":"https:\/\/jv-technoton.com\/es\/","og_site_name":"Technoton","article_modified_time":"2026-04-06T08:22:03+00:00","og_image":[{"width":1056,"height":549,"url":"https:\/\/jv-technoton.com\/wp-content\/uploads\/2018\/06\/FB-Main-1.png","type":"image\/png"}],"twitter_card":"summary_large_image","twitter_misc":{"Tiempo de lectura":"2 minutos"},"schema":{"@context":"https:\/\/schema.org","@graph":[{"@type":"WebPage","@id":"https:\/\/jv-technoton.com\/es\/","url":"https:\/\/jv-technoton.com\/es\/","name":"Telem\u00e1tica de maquinaria avanzada y sensores de control de combustible","isPartOf":{"@id":"https:\/\/jv-technoton.com\/#website"},"primaryImageOfPage":{"@id":"https:\/\/jv-technoton.com\/es\/#primaryimage"},"image":{"@id":"https:\/\/jv-technoton.com\/es\/#primaryimage"},"thumbnailUrl":"https:\/\/jv-technoton.com\/wp-content\/uploads\/2023\/01\/Kontrol-topliva-i-telematika-slozhnih-mashin-Tehnoton.png","datePublished":"2017-11-02T06:14:42+00:00","dateModified":"2026-04-06T08:22:03+00:00","description":"Desarrollo, fabricaci\u00f3n e integraci\u00f3n de GPS sistemas telem\u00e1tica de maquinaria avanzada y sensores para el control del consumo de combustible.","breadcrumb":{"@id":"https:\/\/jv-technoton.com\/es\/#breadcrumb"},"inLanguage":"es","potentialAction":[{"@type":"ReadAction","target":["https:\/\/jv-technoton.com\/es\/"]}]},{"@type":"ImageObject","inLanguage":"es","@id":"https:\/\/jv-technoton.com\/es\/#primaryimage","url":"https:\/\/jv-technoton.com\/wp-content\/uploads\/2023\/01\/Kontrol-topliva-i-telematika-slozhnih-mashin-Tehnoton.png","contentUrl":"https:\/\/jv-technoton.com\/wp-content\/uploads\/2023\/01\/Kontrol-topliva-i-telematika-slozhnih-mashin-Tehnoton.png","width":489,"height":489},{"@type":"BreadcrumbList","@id":"https:\/\/jv-technoton.com\/es\/#breadcrumb","itemListElement":[{"@type":"ListItem","position":1,"name":"Home","item":"https:\/\/jv-technoton.com\/es\/"},{"@type":"ListItem","position":2,"name":"Telem\u00e1tica de maquinaria avanzada"}]},{"@type":"WebSite","@id":"https:\/\/jv-technoton.com\/#website","url":"https:\/\/jv-technoton.com\/","name":"Advanced machinery telematics and fuel monitoring","description":"Telem\u00e1tica para maquinaria compleja | Technoton","publisher":{"@id":"https:\/\/jv-technoton.com\/#organization"},"potentialAction":[{"@type":"SearchAction","target":{"@type":"EntryPoint","urlTemplate":"https:\/\/jv-technoton.com\/?s={search_term_string}"},"query-input":{"@type":"PropertyValueSpecification","valueRequired":true,"valueName":"search_term_string"}}],"inLanguage":"es"},{"@type":"Organization","@id":"https:\/\/jv-technoton.com\/#organization","name":"Technoton","url":"https:\/\/jv-technoton.com\/","logo":{"@type":"ImageObject","inLanguage":"es","@id":"https:\/\/jv-technoton.com\/#\/schema\/logo\/image\/","url":"https:\/\/jv-technoton.com\/wp-content\/uploads\/2022\/02\/technoton_logo_web.png","contentUrl":"https:\/\/jv-technoton.com\/wp-content\/uploads\/2022\/02\/technoton_logo_web.png","width":800,"height":329,"caption":"Technoton"},"image":{"@id":"https:\/\/jv-technoton.com\/#\/schema\/logo\/image\/"},"sameAs":["https:\/\/www.linkedin.com\/company\/technoton"]}]}},"rttpg_featured_image_url":{"full":["https:\/\/jv-technoton.com\/wp-content\/uploads\/2023\/01\/Kontrol-topliva-i-telematika-slozhnih-mashin-Tehnoton.png",489,489,false],"landscape":["https:\/\/jv-technoton.com\/wp-content\/uploads\/2023\/01\/Kontrol-topliva-i-telematika-slozhnih-mashin-Tehnoton.png",489,489,false],"portraits":["https:\/\/jv-technoton.com\/wp-content\/uploads\/2023\/01\/Kontrol-topliva-i-telematika-slozhnih-mashin-Tehnoton.png",489,489,false],"thumbnail":["https:\/\/jv-technoton.com\/wp-content\/uploads\/2023\/01\/Kontrol-topliva-i-telematika-slozhnih-mashin-Tehnoton-150x150.png",150,150,true],"medium":["https:\/\/jv-technoton.com\/wp-content\/uploads\/2023\/01\/Kontrol-topliva-i-telematika-slozhnih-mashin-Tehnoton-300x300.png",300,300,true],"large":["https:\/\/jv-technoton.com\/wp-content\/uploads\/2023\/01\/Kontrol-topliva-i-telematika-slozhnih-mashin-Tehnoton.png",489,489,false],"1536x1536":["https:\/\/jv-technoton.com\/wp-content\/uploads\/2023\/01\/Kontrol-topliva-i-telematika-slozhnih-mashin-Tehnoton.png",489,489,false],"2048x2048":["https:\/\/jv-technoton.com\/wp-content\/uploads\/2023\/01\/Kontrol-topliva-i-telematika-slozhnih-mashin-Tehnoton.png",489,489,false]},"rttpg_author":{"display_name":"OMIR_Admin","author_link":"https:\/\/jv-technoton.com\/es\/author\/omir_admin\/"},"rttpg_comment":0,"rttpg_category":" <a href=\"https:\/\/jv-technoton.com\/es\/?taxonomy=translation_priority&#038;term=opcional\" rel=\"tag\">Opcional<\/a>","rttpg_excerpt":"[vc_row full_width=\u00bbstretch_row_content_no_spaces\u00bb el_class=\u00bbmobile-display-none\u00bb][vc_column][vc_column_text][\/vc_column_text][\/vc_column][\/vc_row][vc_row][vc_column][vc_column_text font_size=\u00bbd:16|tl:13|tp:13|pl:10|pp:10&#8243;] Telem\u00e1tica de maquinaria avanzada [\/vc_column_text][\/vc_column][\/vc_row][vc_row][vc_column offset=\u00bbvc_hidden-lg vc_hidden-md vc_hidden-sm\u00bb][vc_column_text css=\u00bb\u00bb font_size=\u00bbd:16|tl:13|tp:13|pl:10|pp:10&#8243;][\/vc_column_text][\/vc_column][\/vc_row][vc_row][vc_column width=\u00bb2\/4&#8243;][vc_column_text font_size=\u00bbd:16|tl:13|tp:13|pl:10|pp:10&#8243;] Ofrecemos soluciones integrales para el monitoreo en l\u00ednea de los camiones y transporte de carretera, locomotoras, embarcaciones mar\u00edtimas y fluviales, generadores de diesel, tanques de almacenamiento de combustible y m\u00e1quinas tecnol\u00f3gicas. Los datos de control principales son consumo de...","_links":{"self":[{"href":"https:\/\/jv-technoton.com\/es\/wp-json\/wp\/v2\/pages\/16916","targetHints":{"allow":["GET"]}}],"collection":[{"href":"https:\/\/jv-technoton.com\/es\/wp-json\/wp\/v2\/pages"}],"about":[{"href":"https:\/\/jv-technoton.com\/es\/wp-json\/wp\/v2\/types\/page"}],"author":[{"embeddable":true,"href":"https:\/\/jv-technoton.com\/es\/wp-json\/wp\/v2\/users\/1"}],"replies":[{"embeddable":true,"href":"https:\/\/jv-technoton.com\/es\/wp-json\/wp\/v2\/comments?post=16916"}],"version-history":[{"count":3,"href":"https:\/\/jv-technoton.com\/es\/wp-json\/wp\/v2\/pages\/16916\/revisions"}],"predecessor-version":[{"id":133570,"href":"https:\/\/jv-technoton.com\/es\/wp-json\/wp\/v2\/pages\/16916\/revisions\/133570"}],"wp:featuredmedia":[{"embeddable":true,"href":"https:\/\/jv-technoton.com\/es\/wp-json\/wp\/v2\/media\/87631"}],"wp:attachment":[{"href":"https:\/\/jv-technoton.com\/es\/wp-json\/wp\/v2\/media?parent=16916"}],"curies":[{"name":"wp","href":"https:\/\/api.w.org\/{rel}","templated":true}]}}