{"id":19182,"date":"2018-10-02T16:24:46","date_gmt":"2018-10-02T13:24:46","guid":{"rendered":"https:\/\/jv-technoton.com\/productos\/adaptadores-de-servicio-s6\/"},"modified":"2021-07-10T23:35:56","modified_gmt":"2021-07-10T20:35:56","slug":"adaptadores-de-servicio-s6","status":"publish","type":"page","link":"https:\/\/jv-technoton.com\/es\/productos\/adaptadores-de-servicio-s6\/","title":{"rendered":"Adaptadores de servicio S6"},"content":{"rendered":"<div class=\"wpb-content-wrapper\"><p>[vc_row full_width=\u00bbstretch_row\u00bb css=\u00bb.vc_custom_1617346339765{background-color: #f7f7f7 !important;}\u00bb][vc_column][vc_column_text]<\/p>\n<h1>Adaptadores de servicio S6<\/h1>\n<p>[\/vc_column_text][\/vc_column][\/vc_row][vc_row][vc_column]<div class=\"ult-spacer spacer-69e13d7bce26a\" data-id=\"69e13d7bce26a\" data-height=\"50\" data-height-mobile=\"50\" data-height-tab=\"50\" data-height-tab-portrait=\"\" data-height-mobile-landscape=\"\" style=\"clear:both;display:block;\"><\/div>[vc_column_text]<span style=\"font-size: 16px;\">Los adaptadores de servicio S6 sirven para:<\/span><\/p>\n<ul>\n<li><span style=\"font-size: 16px;\"> Ajuste<\/span><\/li>\n<li><span style=\"font-size: 16x;\">Intercambio de datos<\/span><\/li>\n<li><span style=\"font-size: 16px;\">Visualizaci\u00f3n de contadores<\/span><\/li>\n<li><span style=\"font-size: 16px;\">Diagn\u00f3stico<br \/>\n<\/span><\/li>\n<\/ul>\n<p><span style=\"font-size: 16px;\">De los sensores de nivel de combustible DUT-E, fluj\u00f3metros DFM y otros productos de Technoton de manera al\u00e1mbrica o inal\u00e1mbrica.<br \/>\n<\/span><\/p>\n<p>Peculiaridades:<\/p>\n<ul>\n<li><span style=\"font-size: 16px;\">Su correspondencia a los est\u00e1ndares nacionales y europeos de autom\u00f3viles;<\/span><\/li>\n<li><span style=\"font-size: 16px;\">La alimentaci\u00f3n del adaptador se realiza desde la red de a bordo \u2013 no se necesita la utilizaci\u00f3n de bloques de alimentaci\u00f3n adicionales;<\/span><\/li>\n<li><span style=\"font-size: 16px;\">El conector forma parte del kit de suministro y es universal para la conexi\u00f3n de los dispositivos;<\/span><\/li>\n<li><span style=\"font-size: 16px;\">El ajuste de todos los dispositivos se realiza desde el mismo punto del cableado S6, o sea no es necesario conectar cada uno por separado;<\/span><\/li>\n<li><span style=\"font-size: 16px;\">Hay posibilidad de conexi\u00f3n mediante la tecnolog\u00eda S6 para el ajuste sin desconectar la alimentaci\u00f3n desde la red de a bordo.<\/span><\/li>\n<\/ul>\n<p>[\/vc_column_text]<div class=\"ult-spacer spacer-69e13d7bce2a5\" data-id=\"69e13d7bce2a5\" data-height=\"50\" data-height-mobile=\"50\" data-height-tab=\"50\" data-height-tab-portrait=\"\" data-height-mobile-landscape=\"\" style=\"clear:both;display:block;\"><\/div>[\/vc_column][\/vc_row][vc_row][vc_column][vc_text_separator title=\u00bbAdaptador de servicio S6 BT\u00bb title_align=\u00bbseparator_align_left\u00bb align=\u00bbalign_left\u00bb]<div class=\"ult-spacer spacer-69e13d7bce2cf\" data-id=\"69e13d7bce2cf\" data-height=\"50\" data-height-mobile=\"50\" data-height-tab=\"50\" data-height-tab-portrait=\"\" data-height-mobile-landscape=\"\" style=\"clear:both;display:block;\"><\/div>[\/vc_column][\/vc_row][vc_row][vc_column width=\u00bb1\/2&#8243;][vc_column_text]<img decoding=\"async\" class=\"aligncenter wp-image-3656 size-full\" title=\"Adaptador de servicio S6 SK\" src=\"https:\/\/jv-technoton.com\/wp-content\/uploads\/2018\/01\/Komplekt-SK_S6_1.png\" alt=\"Adaptador de servicio S6 SK\" width=\"800\" height=\"605\" srcset=\"https:\/\/jv-technoton.com\/wp-content\/uploads\/2018\/01\/Komplekt-SK_S6_1.png 800w, https:\/\/jv-technoton.com\/wp-content\/uploads\/2018\/01\/Komplekt-SK_S6_1-300x227.png 300w, https:\/\/jv-technoton.com\/wp-content\/uploads\/2018\/01\/Komplekt-SK_S6_1-768x581.png 768w\" sizes=\"(max-width: 800px) 100vw, 800px\" \/>[\/vc_column_text]<div class=\"ult-spacer spacer-69e13d7bce2f0\" data-id=\"69e13d7bce2f0\" data-height=\"50\" data-height-mobile=\"50\" data-height-tab=\"50\" data-height-tab-portrait=\"\" data-height-mobile-landscape=\"\" style=\"clear:both;display:block;\"><\/div>[\/vc_column][vc_column width=\u00bb1\/2&#8243;][vc_column_text]<span style=\"font-size: 16px;\">El Adaptador de servicio S6 BT sirve para la conexi\u00f3n de los dispositivos al smartphone \/tableta con el sistema operativo Android.<\/span>[\/vc_column_text]<div class=\"ult-spacer spacer-69e13d7bce329\" data-id=\"69e13d7bce329\" data-height=\"20\" data-height-mobile=\"20\" data-height-tab=\"20\" data-height-tab-portrait=\"\" data-height-mobile-landscape=\"\" style=\"clear:both;display:block;\"><\/div>[vc_column_text]<\/p>\n<h3 style=\"text-align: left;\">Mediante el S6 SK se puede ajustar los dispositivos siguientes:<\/h3>\n<p>[\/vc_column_text][vc_column_text]<\/p>\n<ul>\n<li><span style=\"font-size: 16px;\">Los medidores de flujo de combustible DFM de una c\u00e1mara y los diferenciales con el cable de interface producido despu\u00e9s del 01.01.2016.<\/span><\/li>\n<li><span style=\"font-size: 16px;\">Los sensores de nivel de combustible DUT-E CAN<\/span><\/li>\n<li><span style=\"font-size: 16px;\">Los sensores de nivel de combustible DUT-E GSM<\/span><\/li>\n<li><span style=\"font-size: 16px;\">Los sensores de nivel de combustible DUT-E 2Bio\/span&gt;<\/span><\/li>\n<\/ul>\n<p>[\/vc_column_text][\/vc_column][\/vc_row][vc_row][vc_column]<div class=\"ult-spacer spacer-69e13d7bce34f\" data-id=\"69e13d7bce34f\" data-height=\"50\" data-height-mobile=\"50\" data-height-tab=\"50\" data-height-tab-portrait=\"\" data-height-mobile-landscape=\"\" style=\"clear:both;display:block;\"><\/div>[vc_single_image image=\u00bb19217&#8243; img_size=\u00bb1200&#215;479&#8243; alignment=\u00bbcenter\u00bb onclick=\u00bblink_image\u00bb]<div class=\"ult-spacer spacer-69e13d7bce36d\" data-id=\"69e13d7bce36d\" data-height=\"50\" data-height-mobile=\"50\" data-height-tab=\"50\" data-height-tab-portrait=\"\" data-height-mobile-landscape=\"\" style=\"clear:both;display:block;\"><\/div>[vc_column_text]<\/p>\n<h2 style=\"text-align: center;\">Adaptador S6 BT. Conex\u00f3n del sensor DUT-E CAN\/232\/485<\/h2>\n<p>[\/vc_column_text]<div class=\"ult-spacer spacer-69e13d7bce38c\" data-id=\"69e13d7bce38c\" data-height=\"50\" data-height-mobile=\"50\" data-height-tab=\"50\" data-height-tab-portrait=\"\" data-height-mobile-landscape=\"\" style=\"clear:both;display:block;\"><\/div>[\/vc_column][\/vc_row][vc_row][vc_column][vc_text_separator title=\u00bbAdaptador de servicio S6 SK\u00bb title_align=\u00bbseparator_align_left\u00bb align=\u00bbalign_left\u00bb]<div class=\"ult-spacer spacer-69e13d7bce3a9\" data-id=\"69e13d7bce3a9\" data-height=\"50\" data-height-mobile=\"50\" data-height-tab=\"50\" data-height-tab-portrait=\"\" data-height-mobile-landscape=\"\" style=\"clear:both;display:block;\"><\/div>[\/vc_column][\/vc_row][vc_row][vc_column width=\u00bb1\/2&#8243;]<div class=\"ult-spacer spacer-69e13d7bce3c5\" data-id=\"69e13d7bce3c5\" data-height=\"20\" data-height-mobile=\"20\" data-height-tab=\"20\" data-height-tab-portrait=\"\" data-height-mobile-landscape=\"\" style=\"clear:both;display:block;\"><\/div>[vc_column_text]<img decoding=\"async\" class=\"aligncenter wp-image-3715 size-full\" title=\"Adaptador de servicio S6 BT\" src=\"https:\/\/jv-technoton.com\/wp-content\/uploads\/2018\/01\/Komplekt-S6_Adapter_BT.png\" alt=\"Adaptador de servicio S6 BT\" width=\"800\" height=\"650\" srcset=\"https:\/\/jv-technoton.com\/wp-content\/uploads\/2018\/01\/Komplekt-S6_Adapter_BT.png 800w, https:\/\/jv-technoton.com\/wp-content\/uploads\/2018\/01\/Komplekt-S6_Adapter_BT-300x244.png 300w, https:\/\/jv-technoton.com\/wp-content\/uploads\/2018\/01\/Komplekt-S6_Adapter_BT-768x624.png 768w\" sizes=\"(max-width: 800px) 100vw, 800px\" \/>[\/vc_column_text]<div class=\"ult-spacer spacer-69e13d7bce3e1\" data-id=\"69e13d7bce3e1\" data-height=\"20\" data-height-mobile=\"20\" data-height-tab=\"20\" data-height-tab-portrait=\"\" data-height-mobile-landscape=\"\" style=\"clear:both;display:block;\"><\/div><div class=\"ult-spacer spacer-69e13d7bce3fd\" data-id=\"69e13d7bce3fd\" data-height=\"20\" data-height-mobile=\"20\" data-height-tab=\"20\" data-height-tab-portrait=\"\" data-height-mobile-landscape=\"\" style=\"clear:both;display:block;\"><\/div>[\/vc_column][vc_column width=\u00bb1\/2&#8243;]<div class=\"ult-spacer spacer-69e13d7bce418\" data-id=\"69e13d7bce418\" data-height=\"50\" data-height-mobile=\"50\" data-height-tab=\"50\" data-height-tab-portrait=\"\" data-height-mobile-landscape=\"\" style=\"clear:both;display:block;\"><\/div>[vc_column_text]<span style=\"font-size: 16px;\">Los adaptadores de servicio S6 sirven para la conexi\u00f3n de los dispositivos al ordenador, tableta o Smartphone para su ajuste, diagn\u00f3stico e intercambio de datos.<\/span>[\/vc_column_text]<div class=\"ult-spacer spacer-69e13d7bce433\" data-id=\"69e13d7bce433\" data-height=\"20\" data-height-mobile=\"20\" data-height-tab=\"20\" data-height-tab-portrait=\"\" data-height-mobile-landscape=\"\" style=\"clear:both;display:block;\"><\/div>[vc_column_text]<\/p>\n<h3 style=\"text-align: left;\">Mediante el S6 BT se puede ajustar los dispositivos siguientes:<\/h3>\n<p>[\/vc_column_text][vc_column_text]<\/p>\n<ul>\n<li><span style=\"font-size: 16px;\">Los medidores de flujo de combustible DFM de una c\u00e1mara y los diferenciales con el cable de interface producido despu\u00e9s del 01.01.2016.<\/span><\/li>\n<li><span style=\"font-size: 16px;\">Los sensores de nivel de combustible DUT-E CAN<\/span><\/li>\n<li><span style=\"font-size: 16px;\">Los sensores de nivel de combustible DUT-E GSM<\/span><\/li>\n<li><span style=\"font-size: 16px;\">Los sensores de nivel de combustible DUT-E 2Bio<\/span><\/li>\n<li><span style=\"font-size: 16px;\">El conversor anal\u00f3gico-digital MasterCAN DAC15<\/span><\/li>\n<li><span style=\"font-size: 16px;\">Las interfaces de datos del autom\u00f3vil MasterCAN CC, MasterCAN 232\/485, MasterCAN V-GATE*<\/span><\/li>\n<li><span style=\"font-size: 16px;\">Online telematics gateway CAN UP 27. <\/span><\/li>\n<\/ul>\n<p><span style=\"font-size: 16px;\">*versi\u00f3n \u00faltima del firmware<\/span>[\/vc_column_text]<div class=\"ult-spacer spacer-69e13d7bce44e\" data-id=\"69e13d7bce44e\" data-height=\"20\" data-height-mobile=\"20\" data-height-tab=\"20\" data-height-tab-portrait=\"\" data-height-mobile-landscape=\"\" style=\"clear:both;display:block;\"><\/div>[\/vc_column][\/vc_row][vc_row][vc_column][vc_text_separator title=\u00bbLa secuencia de la conexi\u00f3n de Unidades al PC\u00bb title_align=\u00bbseparator_align_left\u00bb align=\u00bbalign_left\u00bb][vc_tta_tabs][vc_tta_section title=\u00bbDFM\/DFM Marine\/DFM Industrial\u00bb tab_id=\u00bb1623990533658-e172aaa4-45e5&#8243;][vc_column_text]<img decoding=\"async\" class=\"alignnone wp-image-19199 size-full\" title=\"El esquema del ajuste de los fluj\u00f3metros de combustible DFM\/DFM Marine\" src=\"https:\/\/jv-technoton.com\/wp-content\/uploads\/2018\/10\/Esquema-de-configuraci\u00f3n-de-medidores-de-flujo-DFM.png\" alt=\"El esquema del ajuste de los fluj\u00f3metros de combustible DFM\/DFM Marine\" width=\"1369\" height=\"476\" srcset=\"https:\/\/jv-technoton.com\/wp-content\/uploads\/2018\/10\/Esquema-de-configuraci\u00f3n-de-medidores-de-flujo-DFM.png 1369w, https:\/\/jv-technoton.com\/wp-content\/uploads\/2018\/10\/Esquema-de-configuraci\u00f3n-de-medidores-de-flujo-DFM-300x104.png 300w, https:\/\/jv-technoton.com\/wp-content\/uploads\/2018\/10\/Esquema-de-configuraci\u00f3n-de-medidores-de-flujo-DFM-768x267.png 768w, https:\/\/jv-technoton.com\/wp-content\/uploads\/2018\/10\/Esquema-de-configuraci\u00f3n-de-medidores-de-flujo-DFM-1024x356.png 1024w\" sizes=\"(max-width: 1369px) 100vw, 1369px\" \/><\/p>\n<p>[\/vc_column_text][\/vc_tta_section][vc_tta_section title=\u00bbDUT-E CAN\/DUT-E GSM\/DUT-E 2Bio\u00bb tab_id=\u00bb1623990533676-6f1bb7ff-8fba\u00bb][vc_column_text]<img decoding=\"async\" class=\"alignnone wp-image-19203 size-full\" title=\"El esquema del ajuste de los sensores de nivel de combustible DUT-E CAN\/DUT-E GSM\/DUT-E 2Bio\" src=\"https:\/\/jv-technoton.com\/wp-content\/uploads\/2018\/10\/squema-de-configuraci\u00f3n-de-sensores-de-nivel-DUT-E.png\" alt=\"El esquema del ajuste de los sensores de nivel de combustible DUT-E CAN\/DUT-E GSM\/DUT-E 2Bio\" width=\"1418\" height=\"413\" srcset=\"https:\/\/jv-technoton.com\/wp-content\/uploads\/2018\/10\/squema-de-configuraci\u00f3n-de-sensores-de-nivel-DUT-E.png 1418w, https:\/\/jv-technoton.com\/wp-content\/uploads\/2018\/10\/squema-de-configuraci\u00f3n-de-sensores-de-nivel-DUT-E-300x87.png 300w, https:\/\/jv-technoton.com\/wp-content\/uploads\/2018\/10\/squema-de-configuraci\u00f3n-de-sensores-de-nivel-DUT-E-768x224.png 768w, https:\/\/jv-technoton.com\/wp-content\/uploads\/2018\/10\/squema-de-configuraci\u00f3n-de-sensores-de-nivel-DUT-E-1024x298.png 1024w\" sizes=\"(max-width: 1418px) 100vw, 1418px\" \/><\/p>\n<p>&nbsp;<\/p>\n<p>[\/vc_column_text][\/vc_tta_section][vc_tta_section title=\u00bbTabMasterCAN DAK15&#8243; tab_id=\u00bb1623990539799-c098de6c-2dfb\u00bb][vc_column_text]<img decoding=\"async\" class=\"alignnone wp-image-19207 size-full\" title=\"El esquema del ajuste del Online telematics gateway CAN UP 27\" src=\"https:\/\/jv-technoton.com\/wp-content\/uploads\/2018\/10\/Esquema-de-configuraci\u00f3n-de-convertidor-digital-anal\u00f3gico-MasterCAN-DAC15.png\" alt=\"El esquema del ajuste del Online telematics gateway CAN UP 27\" width=\"1352\" height=\"477\" srcset=\"https:\/\/jv-technoton.com\/wp-content\/uploads\/2018\/10\/Esquema-de-configuraci\u00f3n-de-convertidor-digital-anal\u00f3gico-MasterCAN-DAC15.png 1352w, https:\/\/jv-technoton.com\/wp-content\/uploads\/2018\/10\/Esquema-de-configuraci\u00f3n-de-convertidor-digital-anal\u00f3gico-MasterCAN-DAC15-300x106.png 300w, https:\/\/jv-technoton.com\/wp-content\/uploads\/2018\/10\/Esquema-de-configuraci\u00f3n-de-convertidor-digital-anal\u00f3gico-MasterCAN-DAC15-768x271.png 768w, https:\/\/jv-technoton.com\/wp-content\/uploads\/2018\/10\/Esquema-de-configuraci\u00f3n-de-convertidor-digital-anal\u00f3gico-MasterCAN-DAC15-1024x361.png 1024w\" sizes=\"(max-width: 1352px) 100vw, 1352px\" \/><\/p>\n<p>&nbsp;<\/p>\n<p>[\/vc_column_text][\/vc_tta_section][vc_tta_section title=\u00bbTabUnidades de Interfaz telem\u00e1tica S6&#8243; tab_id=\u00bb1623990541854-a3ff7f4d-c0f0&#8243;][vc_column_text]<img decoding=\"async\" class=\"alignnone wp-image-19211 size-full\" title=\"Esquema de configuraci\u00f3n de unidades de Interfaz telem\u00e1tica S6\" src=\"https:\/\/jv-technoton.com\/wp-content\/uploads\/2018\/10\/unidades-de-Interfaz-telem\u00e1tica-S6.png\" alt=\"\" width=\"1378\" height=\"515\" srcset=\"https:\/\/jv-technoton.com\/wp-content\/uploads\/2018\/10\/unidades-de-Interfaz-telem\u00e1tica-S6.png 1378w, https:\/\/jv-technoton.com\/wp-content\/uploads\/2018\/10\/unidades-de-Interfaz-telem\u00e1tica-S6-300x112.png 300w, https:\/\/jv-technoton.com\/wp-content\/uploads\/2018\/10\/unidades-de-Interfaz-telem\u00e1tica-S6-768x287.png 768w, https:\/\/jv-technoton.com\/wp-content\/uploads\/2018\/10\/unidades-de-Interfaz-telem\u00e1tica-S6-1024x383.png 1024w\" sizes=\"(max-width: 1378px) 100vw, 1378px\" \/>[\/vc_column_text][\/vc_tta_section][\/vc_tta_tabs][\/vc_column][\/vc_row]<\/p>\n<\/div>","protected":false},"excerpt":{"rendered":"<p>[vc_row full_width=\u00bbstretch_row\u00bb css=\u00bb.vc_custom_1617346339765{background-color: #f7f7f7 !important;}\u00bb][vc_column][vc_column_text] Adaptadores de servicio S6 [\/vc_column_text][\/vc_column][\/vc_row][vc_row][vc_column][vc_column_text]Los adaptadores de servicio S6 sirven para: Ajuste Intercambio de datos Visualizaci\u00f3n de contadores Diagn\u00f3stico De los sensores de nivel de combustible DUT-E, fluj\u00f3metros DFM y otros productos de Technoton de manera al\u00e1mbrica o inal\u00e1mbrica. Peculiaridades: Su correspondencia a los est\u00e1ndares nacionales y europeos de autom\u00f3viles; [&hellip;]<\/p>\n","protected":false},"author":2,"featured_media":0,"parent":13368,"menu_order":0,"comment_status":"closed","ping_status":"closed","template":"","meta":{"footnotes":""},"class_list":["post-19182","page","type-page","status-publish","hentry"],"yoast_head":"<!-- This site is optimized with the Yoast SEO plugin v27.3 - https:\/\/yoast.com\/product\/yoast-seo-wordpress\/ -->\n<title>Adaptadores de servicio S6 SK y S6 BT<\/title>\n<meta name=\"description\" content=\"Los adaptadores de servicio S6 sirven para la conexi\u00f3n de los dispositivos al ordenador, tableta o Smartphone para su ajuste, diagn\u00f3stico e intercambio de datos.\" \/>\n<meta name=\"robots\" content=\"index, follow, max-snippet:-1, max-image-preview:large, max-video-preview:-1\" \/>\n<link rel=\"canonical\" href=\"https:\/\/jv-technoton.com\/es\/productos\/adaptadores-de-servicio-s6\/\" \/>\n<meta property=\"og:locale\" content=\"es_ES\" \/>\n<meta property=\"og:type\" content=\"article\" \/>\n<meta property=\"og:title\" content=\"Adaptadores de servicio S6 SK y S6 BT\" \/>\n<meta property=\"og:description\" content=\"Los adaptadores de servicio S6 sirven para la conexi\u00f3n de los dispositivos al ordenador, tableta o Smartphone para su ajuste, diagn\u00f3stico e intercambio de datos.\" \/>\n<meta property=\"og:url\" content=\"https:\/\/jv-technoton.com\/es\/productos\/adaptadores-de-servicio-s6\/\" \/>\n<meta property=\"og:site_name\" content=\"Technoton\" \/>\n<meta property=\"article:modified_time\" content=\"2021-07-10T20:35:56+00:00\" \/>\n<meta property=\"og:image\" content=\"https:\/\/jv-technoton.com\/wp-content\/uploads\/2018\/01\/Komplekt-SK_S6_1.png\" \/>\n<meta name=\"twitter:card\" content=\"summary_large_image\" \/>\n<meta name=\"twitter:label1\" content=\"Tiempo de lectura\" \/>\n\t<meta name=\"twitter:data1\" content=\"4 minutos\" \/>\n<script type=\"application\/ld+json\" class=\"yoast-schema-graph\">{\"@context\":\"https:\\\/\\\/schema.org\",\"@graph\":[{\"@type\":\"WebPage\",\"@id\":\"https:\\\/\\\/jv-technoton.com\\\/es\\\/productos\\\/adaptadores-de-servicio-s6\\\/\",\"url\":\"https:\\\/\\\/jv-technoton.com\\\/es\\\/productos\\\/adaptadores-de-servicio-s6\\\/\",\"name\":\"Adaptadores de servicio S6 SK y S6 BT\",\"isPartOf\":{\"@id\":\"https:\\\/\\\/jv-technoton.com\\\/#website\"},\"primaryImageOfPage\":{\"@id\":\"https:\\\/\\\/jv-technoton.com\\\/es\\\/productos\\\/adaptadores-de-servicio-s6\\\/#primaryimage\"},\"image\":{\"@id\":\"https:\\\/\\\/jv-technoton.com\\\/es\\\/productos\\\/adaptadores-de-servicio-s6\\\/#primaryimage\"},\"thumbnailUrl\":\"https:\\\/\\\/jv-technoton.com\\\/wp-content\\\/uploads\\\/2018\\\/01\\\/Komplekt-SK_S6_1.png\",\"datePublished\":\"2018-10-02T13:24:46+00:00\",\"dateModified\":\"2021-07-10T20:35:56+00:00\",\"description\":\"Los adaptadores de servicio S6 sirven para la conexi\u00f3n de los dispositivos al ordenador, tableta o Smartphone para su ajuste, diagn\u00f3stico e intercambio de datos.\",\"breadcrumb\":{\"@id\":\"https:\\\/\\\/jv-technoton.com\\\/es\\\/productos\\\/adaptadores-de-servicio-s6\\\/#breadcrumb\"},\"inLanguage\":\"es\",\"potentialAction\":[{\"@type\":\"ReadAction\",\"target\":[\"https:\\\/\\\/jv-technoton.com\\\/es\\\/productos\\\/adaptadores-de-servicio-s6\\\/\"]}]},{\"@type\":\"ImageObject\",\"inLanguage\":\"es\",\"@id\":\"https:\\\/\\\/jv-technoton.com\\\/es\\\/productos\\\/adaptadores-de-servicio-s6\\\/#primaryimage\",\"url\":\"https:\\\/\\\/jv-technoton.com\\\/wp-content\\\/uploads\\\/2018\\\/01\\\/Komplekt-SK_S6_1.png\",\"contentUrl\":\"https:\\\/\\\/jv-technoton.com\\\/wp-content\\\/uploads\\\/2018\\\/01\\\/Komplekt-SK_S6_1.png\"},{\"@type\":\"BreadcrumbList\",\"@id\":\"https:\\\/\\\/jv-technoton.com\\\/es\\\/productos\\\/adaptadores-de-servicio-s6\\\/#breadcrumb\",\"itemListElement\":[{\"@type\":\"ListItem\",\"position\":1,\"name\":\"Home\",\"item\":\"https:\\\/\\\/jv-technoton.com\\\/es\\\/\"},{\"@type\":\"ListItem\",\"position\":2,\"name\":\"Productos Technoton\",\"item\":\"https:\\\/\\\/jv-technoton.com\\\/es\\\/productos\\\/\"},{\"@type\":\"ListItem\",\"position\":3,\"name\":\"Adaptadores de servicio S6\"}]},{\"@type\":\"WebSite\",\"@id\":\"https:\\\/\\\/jv-technoton.com\\\/#website\",\"url\":\"https:\\\/\\\/jv-technoton.com\\\/\",\"name\":\"Advanced machinery telematics and fuel monitoring\",\"description\":\"Telem\u00e1tica para maquinaria compleja | Technoton\",\"publisher\":{\"@id\":\"https:\\\/\\\/jv-technoton.com\\\/#organization\"},\"potentialAction\":[{\"@type\":\"SearchAction\",\"target\":{\"@type\":\"EntryPoint\",\"urlTemplate\":\"https:\\\/\\\/jv-technoton.com\\\/?s={search_term_string}\"},\"query-input\":{\"@type\":\"PropertyValueSpecification\",\"valueRequired\":true,\"valueName\":\"search_term_string\"}}],\"inLanguage\":\"es\"},{\"@type\":\"Organization\",\"@id\":\"https:\\\/\\\/jv-technoton.com\\\/#organization\",\"name\":\"Technoton\",\"url\":\"https:\\\/\\\/jv-technoton.com\\\/\",\"logo\":{\"@type\":\"ImageObject\",\"inLanguage\":\"es\",\"@id\":\"https:\\\/\\\/jv-technoton.com\\\/#\\\/schema\\\/logo\\\/image\\\/\",\"url\":\"https:\\\/\\\/jv-technoton.com\\\/wp-content\\\/uploads\\\/2022\\\/02\\\/technoton_logo_web.png\",\"contentUrl\":\"https:\\\/\\\/jv-technoton.com\\\/wp-content\\\/uploads\\\/2022\\\/02\\\/technoton_logo_web.png\",\"width\":800,\"height\":329,\"caption\":\"Technoton\"},\"image\":{\"@id\":\"https:\\\/\\\/jv-technoton.com\\\/#\\\/schema\\\/logo\\\/image\\\/\"},\"sameAs\":[\"https:\\\/\\\/www.linkedin.com\\\/company\\\/technoton\"]}]}<\/script>\n<!-- \/ Yoast SEO plugin. -->","yoast_head_json":{"title":"Adaptadores de servicio S6 SK y S6 BT","description":"Los adaptadores de servicio S6 sirven para la conexi\u00f3n de los dispositivos al ordenador, tableta o Smartphone para su ajuste, diagn\u00f3stico e intercambio de datos.","robots":{"index":"index","follow":"follow","max-snippet":"max-snippet:-1","max-image-preview":"max-image-preview:large","max-video-preview":"max-video-preview:-1"},"canonical":"https:\/\/jv-technoton.com\/es\/productos\/adaptadores-de-servicio-s6\/","og_locale":"es_ES","og_type":"article","og_title":"Adaptadores de servicio S6 SK y S6 BT","og_description":"Los adaptadores de servicio S6 sirven para la conexi\u00f3n de los dispositivos al ordenador, tableta o Smartphone para su ajuste, diagn\u00f3stico e intercambio de datos.","og_url":"https:\/\/jv-technoton.com\/es\/productos\/adaptadores-de-servicio-s6\/","og_site_name":"Technoton","article_modified_time":"2021-07-10T20:35:56+00:00","og_image":[{"url":"https:\/\/jv-technoton.com\/wp-content\/uploads\/2018\/01\/Komplekt-SK_S6_1.png","type":"","width":"","height":""}],"twitter_card":"summary_large_image","twitter_misc":{"Tiempo de lectura":"4 minutos"},"schema":{"@context":"https:\/\/schema.org","@graph":[{"@type":"WebPage","@id":"https:\/\/jv-technoton.com\/es\/productos\/adaptadores-de-servicio-s6\/","url":"https:\/\/jv-technoton.com\/es\/productos\/adaptadores-de-servicio-s6\/","name":"Adaptadores de servicio S6 SK y S6 BT","isPartOf":{"@id":"https:\/\/jv-technoton.com\/#website"},"primaryImageOfPage":{"@id":"https:\/\/jv-technoton.com\/es\/productos\/adaptadores-de-servicio-s6\/#primaryimage"},"image":{"@id":"https:\/\/jv-technoton.com\/es\/productos\/adaptadores-de-servicio-s6\/#primaryimage"},"thumbnailUrl":"https:\/\/jv-technoton.com\/wp-content\/uploads\/2018\/01\/Komplekt-SK_S6_1.png","datePublished":"2018-10-02T13:24:46+00:00","dateModified":"2021-07-10T20:35:56+00:00","description":"Los adaptadores de servicio S6 sirven para la conexi\u00f3n de los dispositivos al ordenador, tableta o Smartphone para su ajuste, diagn\u00f3stico e intercambio de datos.","breadcrumb":{"@id":"https:\/\/jv-technoton.com\/es\/productos\/adaptadores-de-servicio-s6\/#breadcrumb"},"inLanguage":"es","potentialAction":[{"@type":"ReadAction","target":["https:\/\/jv-technoton.com\/es\/productos\/adaptadores-de-servicio-s6\/"]}]},{"@type":"ImageObject","inLanguage":"es","@id":"https:\/\/jv-technoton.com\/es\/productos\/adaptadores-de-servicio-s6\/#primaryimage","url":"https:\/\/jv-technoton.com\/wp-content\/uploads\/2018\/01\/Komplekt-SK_S6_1.png","contentUrl":"https:\/\/jv-technoton.com\/wp-content\/uploads\/2018\/01\/Komplekt-SK_S6_1.png"},{"@type":"BreadcrumbList","@id":"https:\/\/jv-technoton.com\/es\/productos\/adaptadores-de-servicio-s6\/#breadcrumb","itemListElement":[{"@type":"ListItem","position":1,"name":"Home","item":"https:\/\/jv-technoton.com\/es\/"},{"@type":"ListItem","position":2,"name":"Productos Technoton","item":"https:\/\/jv-technoton.com\/es\/productos\/"},{"@type":"ListItem","position":3,"name":"Adaptadores de servicio S6"}]},{"@type":"WebSite","@id":"https:\/\/jv-technoton.com\/#website","url":"https:\/\/jv-technoton.com\/","name":"Advanced machinery telematics and fuel monitoring","description":"Telem\u00e1tica para maquinaria compleja | Technoton","publisher":{"@id":"https:\/\/jv-technoton.com\/#organization"},"potentialAction":[{"@type":"SearchAction","target":{"@type":"EntryPoint","urlTemplate":"https:\/\/jv-technoton.com\/?s={search_term_string}"},"query-input":{"@type":"PropertyValueSpecification","valueRequired":true,"valueName":"search_term_string"}}],"inLanguage":"es"},{"@type":"Organization","@id":"https:\/\/jv-technoton.com\/#organization","name":"Technoton","url":"https:\/\/jv-technoton.com\/","logo":{"@type":"ImageObject","inLanguage":"es","@id":"https:\/\/jv-technoton.com\/#\/schema\/logo\/image\/","url":"https:\/\/jv-technoton.com\/wp-content\/uploads\/2022\/02\/technoton_logo_web.png","contentUrl":"https:\/\/jv-technoton.com\/wp-content\/uploads\/2022\/02\/technoton_logo_web.png","width":800,"height":329,"caption":"Technoton"},"image":{"@id":"https:\/\/jv-technoton.com\/#\/schema\/logo\/image\/"},"sameAs":["https:\/\/www.linkedin.com\/company\/technoton"]}]}},"rttpg_featured_image_url":null,"rttpg_author":{"display_name":"Anya","author_link":"https:\/\/jv-technoton.com\/es\/author\/technoton-com\/"},"rttpg_comment":0,"rttpg_category":" <a href=\"https:\/\/jv-technoton.com\/es\/?taxonomy=translation_priority&#038;term=opcional\" rel=\"tag\">Opcional<\/a>","rttpg_excerpt":"[vc_row full_width=\u00bbstretch_row\u00bb css=\u00bb.vc_custom_1617346339765{background-color: #f7f7f7 !important;}\u00bb][vc_column][vc_column_text] Adaptadores de servicio S6 [\/vc_column_text][\/vc_column][\/vc_row][vc_row][vc_column][vc_column_text]Los adaptadores de servicio S6 sirven para: Ajuste Intercambio de datos Visualizaci\u00f3n de contadores Diagn\u00f3stico De los sensores de nivel de combustible DUT-E, fluj\u00f3metros DFM y otros productos de Technoton de manera al\u00e1mbrica o inal\u00e1mbrica. Peculiaridades: Su correspondencia a los est\u00e1ndares nacionales y europeos de autom\u00f3viles;&hellip;","_links":{"self":[{"href":"https:\/\/jv-technoton.com\/es\/wp-json\/wp\/v2\/pages\/19182","targetHints":{"allow":["GET"]}}],"collection":[{"href":"https:\/\/jv-technoton.com\/es\/wp-json\/wp\/v2\/pages"}],"about":[{"href":"https:\/\/jv-technoton.com\/es\/wp-json\/wp\/v2\/types\/page"}],"author":[{"embeddable":true,"href":"https:\/\/jv-technoton.com\/es\/wp-json\/wp\/v2\/users\/2"}],"replies":[{"embeddable":true,"href":"https:\/\/jv-technoton.com\/es\/wp-json\/wp\/v2\/comments?post=19182"}],"version-history":[{"count":2,"href":"https:\/\/jv-technoton.com\/es\/wp-json\/wp\/v2\/pages\/19182\/revisions"}],"predecessor-version":[{"id":71564,"href":"https:\/\/jv-technoton.com\/es\/wp-json\/wp\/v2\/pages\/19182\/revisions\/71564"}],"up":[{"embeddable":true,"href":"https:\/\/jv-technoton.com\/es\/wp-json\/wp\/v2\/pages\/13368"}],"wp:attachment":[{"href":"https:\/\/jv-technoton.com\/es\/wp-json\/wp\/v2\/media?parent=19182"}],"curies":[{"name":"wp","href":"https:\/\/api.w.org\/{rel}","templated":true}]}}