{"id":19313,"date":"2018-10-03T11:58:21","date_gmt":"2018-10-03T08:58:21","guid":{"rendered":"https:\/\/jv-technoton.com\/productos\/interface-telematica-can-j1939-s6\/"},"modified":"2021-06-10T13:48:11","modified_gmt":"2021-06-10T10:48:11","slug":"can-j1939-s6","status":"publish","type":"page","link":"https:\/\/jv-technoton.com\/es\/productos\/can-j1939-s6\/","title":{"rendered":"Interfaz telem\u00e1tica CAN j1939\/S6"},"content":{"rendered":"<div class=\"wpb-content-wrapper\"><p>[vc_row full_width=\u00bbstretch_row_content\u00bb equal_height=\u00bbyes\u00bb css=\u00bb.vc_custom_1513834684377{background-position: 0 0 !important;background-repeat: repeat !important;}\u00bb][vc_column width=\u00bb1\/2&#8243; css=\u00bb.vc_custom_1515047774627{background-color: #ebecec !important;background-position: 0 0 !important;background-repeat: repeat !important;}\u00bb][vc_column_text]<img decoding=\"async\" class=\"alignright wp-image-4046\" src=\"https:\/\/jv-technoton.com\/wp-content\/uploads\/2018\/01\/S6.png\" alt=\"S6\" width=\"58\" height=\"45\" srcset=\"https:\/\/jv-technoton.com\/wp-content\/uploads\/2018\/01\/S6.png 153w, https:\/\/jv-technoton.com\/wp-content\/uploads\/2018\/01\/S6-150x118.png 150w\" sizes=\"(max-width: 58px) 100vw, 58px\" \/>[\/vc_column_text][\/vc_column][vc_column width=\u00bb1\/2&#8243;][vc_column_text css=\u00bb.vc_custom_1578916104593{padding-left: 22px !important;}\u00bb]<\/p>\n<h1>Interfaz telem\u00e1tica CAN j1939\/S6<\/h1>\n<p>[\/vc_column_text][\/vc_column][\/vc_row][vc_row full_width=\u00bbstretch_row\u00bb equal_height=\u00bbyes\u00bb css=\u00bb.vc_custom_1511438438712{padding-top: 30px !important;}\u00bb][vc_column width=\u00bb1\/2&#8243;][vc_column_text]<img decoding=\"async\" class=\"aligncenter wp-image-19327\" title=\"Arquitectura de interfaz telem\u00e1tica S6\" src=\"https:\/\/jv-technoton.com\/wp-content\/uploads\/2018\/10\/Arquitectura-de-interfaz-telem\u00e1tica-S6-esp.png\" alt=\"Arquitectura de interfaz telem\u00e1tica S6\" width=\"282\" height=\"350\" \/>[\/vc_column_text]<div class=\"ult-spacer spacer-69d1b2899e827\" data-id=\"69d1b2899e827\" data-height=\"20\" data-height-mobile=\"20\" data-height-tab=\"20\" data-height-tab-portrait=\"\" data-height-mobile-landscape=\"\" style=\"clear:both;display:block;\"><\/div>[\/vc_column][vc_column width=\u00bb1\/2&#8243;][vc_column_text]CAN j1939\/S6 es una interfaz a base de CAN (j1939\/S6) que sirve para la captaci\u00f3n e integraci\u00f3n de datos en el sistema telem\u00e1tico desde el equipamiento est\u00e1ndar y adicional de a bordo del veh\u00edculo, recepci\u00f3n de la informaci\u00f3n desde una o m\u00e1s buses automovil\u00edsticos CAN y alimentaci\u00f3n y ajuste de los sensores telem\u00e1ticos.<\/p>\n<p>La arquitectura de la interfaz telem\u00e1tica CAN j1939\/S6 se basa en el cableado \u00fanico, interfaces f\u00edsicas y protocoles:<\/p>\n<ul>\n<li>Para la transmisi\u00f3n de datos se utiliza la interfaz CAN 2.0V<\/li>\n<li>El intercambio de datos a trav\u00e9s del bus CAN se determina por la capa de enlace de datos de acuerdo con el est\u00e1ndar SAE j1939\/S6<\/li>\n<li>Los par\u00e1metros, estructura y contenido de datos se determina por la capa de aplicaci\u00f3n del protocolo seg\u00fan el est\u00e1ndar SAE j1939\/S6 y la Base de datos S6<\/li>\n<\/ul>\n<p>[\/vc_column_text]<div class=\"ult-spacer spacer-69d1b2899e865\" data-id=\"69d1b2899e865\" data-height=\"10\" data-height-mobile=\"10\" data-height-tab=\"10\" data-height-tab-portrait=\"\" data-height-mobile-landscape=\"\" style=\"clear:both;display:block;\"><\/div><div class=\"ult-spacer spacer-69d1b2899e88c\" data-id=\"69d1b2899e88c\" data-height=\"20\" data-height-mobile=\"20\" data-height-tab=\"20\" data-height-tab-portrait=\"\" data-height-mobile-landscape=\"\" style=\"clear:both;display:block;\"><\/div>[\/vc_column][\/vc_row][vc_row full_width=\u00bbstretch_row\u00bb css=\u00bb.vc_custom_1623322084176{background-color: #f4f4f4 !important;}\u00bb][vc_column][vc_column_text css=\u00bb.vc_custom_1578916608964{margin-top: -20px !important;padding-bottom: 15px !important;}\u00bb]<\/p>\n<h2 style=\"text-align: left;\">Ventajas de la interfaz telem\u00e1tica CAN j1939\/S6<\/h2>\n<ul>\n<li style=\"text-align: left;\"><strong>Desde el punto de vista del integrador de sistema:<\/strong><\/li>\n<\/ul>\n<p>&#8211;\u00a0 Control de una cantidad grande de par\u00e1metros en tiempo real utilizando solo un rastreador<br \/>\n&#8211; Modularidad que facilita la amplificaci\u00f3n de las posibilidades funcionales del sistema y la multiplicaci\u00f3n del equipamiento de a bordo<br \/>\n-Control integrado de la maquinaria de complejidad cualquiera<\/p>\n<ul>\n<li><strong>\u00a0Desde el punto de vista del dise\u00f1ador de circuitos:<\/strong><\/li>\n<\/ul>\n<p>-Posibilidad de dejar en el rastreador la \u00fanica interface, la CAN j1939\/S6<\/p>\n<ul>\n<li><strong>Desde el punto de vista del programador del rastreador:<\/strong><\/li>\n<\/ul>\n<p>&#8211; 864 SPN telem\u00e1ticos \u00fanicos completan la informaci\u00f3n del protocolo est\u00e1ndar SAE j1939<br \/>\n&#8211; integraci\u00f3n f\u00e1cil de los datos desde los sensores de a bordo y la periferia a trav\u00e9s de la interface CAN j1939\/S6<\/p>\n<ul>\n<li><strong>Desde el punto de vista del instalador:<\/strong><\/li>\n<\/ul>\n<p>-un cableado seguro con un bus de alimentaci\u00f3n \u00fanico asegura una resistencia a las interferencias alta y reduce al m\u00ednimo la probabilidad de errores de conexi\u00f3n del equipamiento<br \/>\n&#8211; el bus digital CAN permite conectar con seguridad una cantidad grande de equipamiento telem\u00e1tico especial<br \/>\n&#8211; la interface digital com\u00fan K-Line permite realizar el ajuste de todos los sensores desde un punto.[\/vc_column_text]<div class=\"ult-spacer spacer-69d1b2899e8ad\" data-id=\"69d1b2899e8ad\" data-height=\"25\" data-height-mobile=\"25\" data-height-tab=\"25\" data-height-tab-portrait=\"\" data-height-mobile-landscape=\"\" style=\"clear:both;display:block;\"><\/div>[\/vc_column][\/vc_row][vc_row][vc_column][vc_column_text]<\/p>\n<h2>La uni\u00f3n segura del equipamiento est\u00e1ndar y adicional de a bordo del autom\u00f3vil en la red \u00fanica<\/h2>\n<p>[\/vc_column_text][vc_column_text]<img decoding=\"async\" class=\"aligncenter wp-image-19331 size-full\" title=\"La uni\u00f3n segura del equipamiento est\u00e1ndar y adicional de a bordo del autom\u00f3vil en la red \u00fanica mediante la Tecnolog\u00eda S6\" src=\"https:\/\/jv-technoton.com\/wp-content\/uploads\/2018\/10\/La-uni\u00f3n-segura-del-equipamiento-est\u00e1ndar-y-adicional-de-a-bordo-del-autom\u00f3vil-en-la-red-\u00fanica-mediante-la-Tecnolog\u00eda-S6.png\" alt=\"La uni\u00f3n segura del equipamiento est\u00e1ndar y adicional de a bordo del autom\u00f3vil en la red \u00fanica mediante la Tecnolog\u00eda S6\" width=\"761\" height=\"390\" srcset=\"https:\/\/jv-technoton.com\/wp-content\/uploads\/2018\/10\/La-uni\u00f3n-segura-del-equipamiento-est\u00e1ndar-y-adicional-de-a-bordo-del-autom\u00f3vil-en-la-red-\u00fanica-mediante-la-Tecnolog\u00eda-S6.png 761w, https:\/\/jv-technoton.com\/wp-content\/uploads\/2018\/10\/La-uni\u00f3n-segura-del-equipamiento-est\u00e1ndar-y-adicional-de-a-bordo-del-autom\u00f3vil-en-la-red-\u00fanica-mediante-la-Tecnolog\u00eda-S6-300x154.png 300w\" sizes=\"(max-width: 761px) 100vw, 761px\" \/>[\/vc_column_text][\/vc_column][\/vc_row][vc_row][vc_column][vc_column_text]La interfaz telem\u00e1tica CAN\/S6 permite unir con seguridad el equipamiento est\u00e1ndar y adicional en la red \u00fanica a trav\u00e9s de la tecnolog\u00eda S6<br \/>\nEl rastreador a trav\u00e9s de una entrada de interface CAN puede recibir la informaci\u00f3n desde hasta 8 fluj\u00f3metros <a href=\"https:\/\/jv-technoton.com\/productos\/dfm\/dfm-3\/\">DFM CAN\u00a0<\/a>y 8 sensores <a href=\"https:\/\/jv-technoton.com\/es\/productos\/dut-e\/\">DUT-E CAN.<\/a><br \/>\nEsta oportunidad es especialmente actual para el control de combustible el los objetos m\u00f3viles y fijos complejos (nav\u00edos, locomotoras di\u00e9sel, maquinaria para usos especiales, complejos de generadores di\u00e9sel, equipamiento de calderas, etc.)<\/p>\n<p>Vea las ventajas de la utilizaci\u00f3n de la interface telem\u00e1tica CAN \/S6 en comparaci\u00f3n con la arquitectura tradicional en el <a href=\"https:\/\/www.youtube.com\/embed\/Sk9ZGic8vYA\">v\u00eddeo animado<\/a>.<\/p>\n<p>La informaci\u00f3n m\u00e1s detallada sobre la arquitectura, unidades, cableado, adaptadores de servicio, software y aplicaciones m\u00f3viles de S6 est\u00e1s disponibles en el Manual de instrucciones de la interface telem\u00e1tica CAN j1939\/S6.[\/vc_column_text][\/vc_column][\/vc_row][vc_row][vc_column]<div class=\"ult-spacer spacer-69d1b2899e8d3\" data-id=\"69d1b2899e8d3\" data-height=\"50\" data-height-mobile=\"50\" data-height-tab=\"50\" data-height-tab-portrait=\"\" data-height-mobile-landscape=\"\" style=\"clear:both;display:block;\"><\/div>[\/vc_column][\/vc_row][vc_section][\/vc_section]<\/p>\n<\/div>","protected":false},"excerpt":{"rendered":"<p>[vc_row full_width=\u00bbstretch_row_content\u00bb equal_height=\u00bbyes\u00bb css=\u00bb.vc_custom_1513834684377{background-position: 0 0 !important;background-repeat: repeat !important;}\u00bb][vc_column width=\u00bb1\/2&#8243; css=\u00bb.vc_custom_1515047774627{background-color: #ebecec !important;background-position: 0 0 !important;background-repeat: repeat !important;}\u00bb][vc_column_text][\/vc_column_text][\/vc_column][vc_column width=\u00bb1\/2&#8243;][vc_column_text css=\u00bb.vc_custom_1578916104593{padding-left: 22px !important;}\u00bb] Interfaz telem\u00e1tica CAN j1939\/S6 [\/vc_column_text][\/vc_column][\/vc_row][vc_row full_width=\u00bbstretch_row\u00bb equal_height=\u00bbyes\u00bb css=\u00bb.vc_custom_1511438438712{padding-top: 30px !important;}\u00bb][vc_column width=\u00bb1\/2&#8243;][vc_column_text][\/vc_column_text][\/vc_column][vc_column width=\u00bb1\/2&#8243;][vc_column_text]CAN j1939\/S6 es una interfaz a base de CAN (j1939\/S6) que sirve para la captaci\u00f3n e integraci\u00f3n de datos en el sistema [&hellip;]<\/p>\n","protected":false},"author":2,"featured_media":0,"parent":13368,"menu_order":0,"comment_status":"closed","ping_status":"closed","template":"","meta":{"footnotes":""},"class_list":["post-19313","page","type-page","status-publish","hentry"],"yoast_head":"<!-- This site is optimized with the Yoast SEO Premium plugin v18.1 (Yoast SEO v27.2) - https:\/\/yoast.com\/product\/yoast-seo-premium-wordpress\/ -->\n<title>Interface telem\u00e1tica CAN j1939\/S6<\/title>\n<meta name=\"description\" content=\"CAN j1939\/S6 es una interface a base de CAN (j1939\/S6) que sirve para la captaci\u00f3n e integraci\u00f3n de datos en el sistema telem\u00e1tico desde el equipamiento est\u00e1ndar y adicional de a bordo del veh\u00edculo, recepci\u00f3n de la informaci\u00f3n desde una o m\u00e1s buses automovil\u00edsticos CAN y alimentaci\u00f3n y ajuste de los sensores telem\u00e1ticos.\" \/>\n<meta name=\"robots\" content=\"index, follow, max-snippet:-1, max-image-preview:large, max-video-preview:-1\" \/>\n<link rel=\"canonical\" href=\"https:\/\/jv-technoton.com\/es\/productos\/can-j1939-s6\/\" \/>\n<meta property=\"og:locale\" content=\"es_ES\" \/>\n<meta property=\"og:type\" content=\"article\" \/>\n<meta property=\"og:title\" content=\"Interfaz telem\u00e1tica CAN j1939\/S6\" \/>\n<meta property=\"og:description\" content=\"CAN j1939\/S6 es una interface a base de CAN (j1939\/S6) que sirve para la captaci\u00f3n e integraci\u00f3n de datos en el sistema telem\u00e1tico desde el equipamiento est\u00e1ndar y adicional de a bordo del veh\u00edculo, recepci\u00f3n de la informaci\u00f3n desde una o m\u00e1s buses automovil\u00edsticos CAN y alimentaci\u00f3n y ajuste de los sensores telem\u00e1ticos.\" \/>\n<meta property=\"og:url\" content=\"https:\/\/jv-technoton.com\/es\/productos\/can-j1939-s6\/\" \/>\n<meta property=\"og:site_name\" content=\"Technoton\" \/>\n<meta property=\"article:modified_time\" content=\"2021-06-10T10:48:11+00:00\" \/>\n<meta property=\"og:image\" content=\"https:\/\/jv-technoton.com\/wp-content\/uploads\/2018\/01\/S6.png\" \/>\n<meta name=\"twitter:card\" content=\"summary_large_image\" \/>\n<meta name=\"twitter:label1\" content=\"Tiempo de lectura\" \/>\n\t<meta name=\"twitter:data1\" content=\"3 minutos\" \/>\n<script type=\"application\/ld+json\" class=\"yoast-schema-graph\">{\"@context\":\"https:\/\/schema.org\",\"@graph\":[{\"@type\":\"WebPage\",\"@id\":\"https:\/\/jv-technoton.com\/es\/productos\/can-j1939-s6\/\",\"url\":\"https:\/\/jv-technoton.com\/es\/productos\/can-j1939-s6\/\",\"name\":\"Interface telem\u00e1tica CAN j1939\/S6\",\"isPartOf\":{\"@id\":\"https:\/\/jv-technoton.com\/#website\"},\"primaryImageOfPage\":{\"@id\":\"https:\/\/jv-technoton.com\/es\/productos\/can-j1939-s6\/#primaryimage\"},\"image\":{\"@id\":\"https:\/\/jv-technoton.com\/es\/productos\/can-j1939-s6\/#primaryimage\"},\"thumbnailUrl\":\"https:\/\/jv-technoton.com\/wp-content\/uploads\/2018\/01\/S6.png\",\"datePublished\":\"2018-10-03T08:58:21+00:00\",\"dateModified\":\"2021-06-10T10:48:11+00:00\",\"description\":\"CAN j1939\/S6 es una interface a base de CAN (j1939\/S6) que sirve para la captaci\u00f3n e integraci\u00f3n de datos en el sistema telem\u00e1tico desde el equipamiento est\u00e1ndar y adicional de a bordo del veh\u00edculo, recepci\u00f3n de la informaci\u00f3n desde una o m\u00e1s buses automovil\u00edsticos CAN y alimentaci\u00f3n y ajuste de los sensores telem\u00e1ticos.\",\"breadcrumb\":{\"@id\":\"https:\/\/jv-technoton.com\/es\/productos\/can-j1939-s6\/#breadcrumb\"},\"inLanguage\":\"es\",\"potentialAction\":[{\"@type\":\"ReadAction\",\"target\":[\"https:\/\/jv-technoton.com\/es\/productos\/can-j1939-s6\/\"]}]},{\"@type\":\"ImageObject\",\"inLanguage\":\"es\",\"@id\":\"https:\/\/jv-technoton.com\/es\/productos\/can-j1939-s6\/#primaryimage\",\"url\":\"https:\/\/jv-technoton.com\/wp-content\/uploads\/2018\/01\/S6.png\",\"contentUrl\":\"https:\/\/jv-technoton.com\/wp-content\/uploads\/2018\/01\/S6.png\"},{\"@type\":\"BreadcrumbList\",\"@id\":\"https:\/\/jv-technoton.com\/es\/productos\/can-j1939-s6\/#breadcrumb\",\"itemListElement\":[{\"@type\":\"ListItem\",\"position\":1,\"name\":\"Home\",\"item\":\"https:\/\/jv-technoton.com\/es\/\"},{\"@type\":\"ListItem\",\"position\":2,\"name\":\"Productos Technoton\",\"item\":\"https:\/\/jv-technoton.com\/es\/productos\/\"},{\"@type\":\"ListItem\",\"position\":3,\"name\":\"Interfaz telem\u00e1tica CAN j1939\/S6\"}]},{\"@type\":\"WebSite\",\"@id\":\"https:\/\/jv-technoton.com\/#website\",\"url\":\"https:\/\/jv-technoton.com\/\",\"name\":\"Advanced machinery telematics and fuel monitoring\",\"description\":\"Telem\u00e1tica para maquinaria compleja | Technoton\",\"publisher\":{\"@id\":\"https:\/\/jv-technoton.com\/#organization\"},\"potentialAction\":[{\"@type\":\"SearchAction\",\"target\":{\"@type\":\"EntryPoint\",\"urlTemplate\":\"https:\/\/jv-technoton.com\/?s={search_term_string}\"},\"query-input\":{\"@type\":\"PropertyValueSpecification\",\"valueRequired\":true,\"valueName\":\"search_term_string\"}}],\"inLanguage\":\"es\"},{\"@type\":\"Organization\",\"@id\":\"https:\/\/jv-technoton.com\/#organization\",\"name\":\"Technoton\",\"url\":\"https:\/\/jv-technoton.com\/\",\"logo\":{\"@type\":\"ImageObject\",\"inLanguage\":\"es\",\"@id\":\"https:\/\/jv-technoton.com\/#\/schema\/logo\/image\/\",\"url\":\"https:\/\/jv-technoton.com\/wp-content\/uploads\/2022\/02\/technoton_logo_web.png\",\"contentUrl\":\"https:\/\/jv-technoton.com\/wp-content\/uploads\/2022\/02\/technoton_logo_web.png\",\"width\":800,\"height\":329,\"caption\":\"Technoton\"},\"image\":{\"@id\":\"https:\/\/jv-technoton.com\/#\/schema\/logo\/image\/\"},\"sameAs\":[\"https:\/\/www.linkedin.com\/company\/technoton\"]}]}<\/script>\n<!-- \/ Yoast SEO Premium plugin. -->","yoast_head_json":{"title":"Interface telem\u00e1tica CAN j1939\/S6","description":"CAN j1939\/S6 es una interface a base de CAN (j1939\/S6) que sirve para la captaci\u00f3n e integraci\u00f3n de datos en el sistema telem\u00e1tico desde el equipamiento est\u00e1ndar y adicional de a bordo del veh\u00edculo, recepci\u00f3n de la informaci\u00f3n desde una o m\u00e1s buses automovil\u00edsticos CAN y alimentaci\u00f3n y ajuste de los sensores telem\u00e1ticos.","robots":{"index":"index","follow":"follow","max-snippet":"max-snippet:-1","max-image-preview":"max-image-preview:large","max-video-preview":"max-video-preview:-1"},"canonical":"https:\/\/jv-technoton.com\/es\/productos\/can-j1939-s6\/","og_locale":"es_ES","og_type":"article","og_title":"Interfaz telem\u00e1tica CAN j1939\/S6","og_description":"CAN j1939\/S6 es una interface a base de CAN (j1939\/S6) que sirve para la captaci\u00f3n e integraci\u00f3n de datos en el sistema telem\u00e1tico desde el equipamiento est\u00e1ndar y adicional de a bordo del veh\u00edculo, recepci\u00f3n de la informaci\u00f3n desde una o m\u00e1s buses automovil\u00edsticos CAN y alimentaci\u00f3n y ajuste de los sensores telem\u00e1ticos.","og_url":"https:\/\/jv-technoton.com\/es\/productos\/can-j1939-s6\/","og_site_name":"Technoton","article_modified_time":"2021-06-10T10:48:11+00:00","og_image":[{"url":"https:\/\/jv-technoton.com\/wp-content\/uploads\/2018\/01\/S6.png","type":"","width":"","height":""}],"twitter_card":"summary_large_image","twitter_misc":{"Tiempo de lectura":"3 minutos"},"schema":{"@context":"https:\/\/schema.org","@graph":[{"@type":"WebPage","@id":"https:\/\/jv-technoton.com\/es\/productos\/can-j1939-s6\/","url":"https:\/\/jv-technoton.com\/es\/productos\/can-j1939-s6\/","name":"Interface telem\u00e1tica CAN j1939\/S6","isPartOf":{"@id":"https:\/\/jv-technoton.com\/#website"},"primaryImageOfPage":{"@id":"https:\/\/jv-technoton.com\/es\/productos\/can-j1939-s6\/#primaryimage"},"image":{"@id":"https:\/\/jv-technoton.com\/es\/productos\/can-j1939-s6\/#primaryimage"},"thumbnailUrl":"https:\/\/jv-technoton.com\/wp-content\/uploads\/2018\/01\/S6.png","datePublished":"2018-10-03T08:58:21+00:00","dateModified":"2021-06-10T10:48:11+00:00","description":"CAN j1939\/S6 es una interface a base de CAN (j1939\/S6) que sirve para la captaci\u00f3n e integraci\u00f3n de datos en el sistema telem\u00e1tico desde el equipamiento est\u00e1ndar y adicional de a bordo del veh\u00edculo, recepci\u00f3n de la informaci\u00f3n desde una o m\u00e1s buses automovil\u00edsticos CAN y alimentaci\u00f3n y ajuste de los sensores telem\u00e1ticos.","breadcrumb":{"@id":"https:\/\/jv-technoton.com\/es\/productos\/can-j1939-s6\/#breadcrumb"},"inLanguage":"es","potentialAction":[{"@type":"ReadAction","target":["https:\/\/jv-technoton.com\/es\/productos\/can-j1939-s6\/"]}]},{"@type":"ImageObject","inLanguage":"es","@id":"https:\/\/jv-technoton.com\/es\/productos\/can-j1939-s6\/#primaryimage","url":"https:\/\/jv-technoton.com\/wp-content\/uploads\/2018\/01\/S6.png","contentUrl":"https:\/\/jv-technoton.com\/wp-content\/uploads\/2018\/01\/S6.png"},{"@type":"BreadcrumbList","@id":"https:\/\/jv-technoton.com\/es\/productos\/can-j1939-s6\/#breadcrumb","itemListElement":[{"@type":"ListItem","position":1,"name":"Home","item":"https:\/\/jv-technoton.com\/es\/"},{"@type":"ListItem","position":2,"name":"Productos Technoton","item":"https:\/\/jv-technoton.com\/es\/productos\/"},{"@type":"ListItem","position":3,"name":"Interfaz telem\u00e1tica CAN j1939\/S6"}]},{"@type":"WebSite","@id":"https:\/\/jv-technoton.com\/#website","url":"https:\/\/jv-technoton.com\/","name":"Advanced machinery telematics and fuel monitoring","description":"Telem\u00e1tica para maquinaria compleja | Technoton","publisher":{"@id":"https:\/\/jv-technoton.com\/#organization"},"potentialAction":[{"@type":"SearchAction","target":{"@type":"EntryPoint","urlTemplate":"https:\/\/jv-technoton.com\/?s={search_term_string}"},"query-input":{"@type":"PropertyValueSpecification","valueRequired":true,"valueName":"search_term_string"}}],"inLanguage":"es"},{"@type":"Organization","@id":"https:\/\/jv-technoton.com\/#organization","name":"Technoton","url":"https:\/\/jv-technoton.com\/","logo":{"@type":"ImageObject","inLanguage":"es","@id":"https:\/\/jv-technoton.com\/#\/schema\/logo\/image\/","url":"https:\/\/jv-technoton.com\/wp-content\/uploads\/2022\/02\/technoton_logo_web.png","contentUrl":"https:\/\/jv-technoton.com\/wp-content\/uploads\/2022\/02\/technoton_logo_web.png","width":800,"height":329,"caption":"Technoton"},"image":{"@id":"https:\/\/jv-technoton.com\/#\/schema\/logo\/image\/"},"sameAs":["https:\/\/www.linkedin.com\/company\/technoton"]}]}},"rttpg_featured_image_url":null,"rttpg_author":{"display_name":"Anya","author_link":"https:\/\/jv-technoton.com\/es\/author\/technoton-com\/"},"rttpg_comment":0,"rttpg_category":" <a href=\"https:\/\/jv-technoton.com\/es\/?taxonomy=translation_priority&#038;term=opcional\" rel=\"tag\">Opcional<\/a>","rttpg_excerpt":"[vc_row full_width=\u00bbstretch_row_content\u00bb equal_height=\u00bbyes\u00bb css=\u00bb.vc_custom_1513834684377{background-position: 0 0 !important;background-repeat: repeat !important;}\u00bb][vc_column width=\u00bb1\/2&#8243; css=\u00bb.vc_custom_1515047774627{background-color: #ebecec !important;background-position: 0 0 !important;background-repeat: repeat !important;}\u00bb][vc_column_text][\/vc_column_text][\/vc_column][vc_column width=\u00bb1\/2&#8243;][vc_column_text css=\u00bb.vc_custom_1578916104593{padding-left: 22px !important;}\u00bb] Interfaz telem\u00e1tica CAN j1939\/S6 [\/vc_column_text][\/vc_column][\/vc_row][vc_row full_width=\u00bbstretch_row\u00bb equal_height=\u00bbyes\u00bb css=\u00bb.vc_custom_1511438438712{padding-top: 30px !important;}\u00bb][vc_column width=\u00bb1\/2&#8243;][vc_column_text][\/vc_column_text][\/vc_column][vc_column width=\u00bb1\/2&#8243;][vc_column_text]CAN j1939\/S6 es una interfaz a base de CAN (j1939\/S6) que sirve para la captaci\u00f3n e integraci\u00f3n de datos en el sistema&hellip;","_links":{"self":[{"href":"https:\/\/jv-technoton.com\/es\/wp-json\/wp\/v2\/pages\/19313","targetHints":{"allow":["GET"]}}],"collection":[{"href":"https:\/\/jv-technoton.com\/es\/wp-json\/wp\/v2\/pages"}],"about":[{"href":"https:\/\/jv-technoton.com\/es\/wp-json\/wp\/v2\/types\/page"}],"author":[{"embeddable":true,"href":"https:\/\/jv-technoton.com\/es\/wp-json\/wp\/v2\/users\/2"}],"replies":[{"embeddable":true,"href":"https:\/\/jv-technoton.com\/es\/wp-json\/wp\/v2\/comments?post=19313"}],"version-history":[{"count":0,"href":"https:\/\/jv-technoton.com\/es\/wp-json\/wp\/v2\/pages\/19313\/revisions"}],"up":[{"embeddable":true,"href":"https:\/\/jv-technoton.com\/es\/wp-json\/wp\/v2\/pages\/13368"}],"wp:attachment":[{"href":"https:\/\/jv-technoton.com\/es\/wp-json\/wp\/v2\/media?parent=19313"}],"curies":[{"name":"wp","href":"https:\/\/api.w.org\/{rel}","templated":true}]}}