{"id":41532,"date":"2019-12-18T11:53:23","date_gmt":"2019-12-18T08:53:23","guid":{"rendered":"https:\/\/jv-technoton.com\/sensores-de-nivel-de-combustible\/%d0%b7%d0%b0%d0%bf%d1%80%d0%be%d1%81-%d0%bf%d0%be-%d0%b4%d0%b0%d1%82%d1%87%d0%b8%d0%ba%d0%b0%d0%bc-%d1%83%d1%80%d0%be%d0%b2%d0%bd%d1%8f-%d1%82%d0%be%d0%bf%d0%bb%d0%b8%d0%b2%d0%b0\/"},"modified":"2019-12-21T08:15:54","modified_gmt":"2019-12-21T05:15:54","slug":"solicitud-sobre-sensores-de-nivel-de-combustible","status":"publish","type":"page","link":"https:\/\/jv-technoton.com\/es\/productos\/sensores-de-nivel-de-combustible\/solicitud-sobre-sensores-de-nivel-de-combustible\/","title":{"rendered":"Solicitud sobre sensores de nivel de combustible"},"content":{"rendered":"<div class=\"wpb-content-wrapper\"><p>[vc_row][vc_column]<div class=\"ult-spacer spacer-69e13a85cf361\" data-id=\"69e13a85cf361\" data-height=\"22\" data-height-mobile=\"22\" data-height-tab=\"22\" data-height-tab-portrait=\"\" data-height-mobile-landscape=\"\" style=\"clear:both;display:block;\"><\/div>[vc_column_text]<\/p>\n<h1>Solicitud sobre sensores de nivel de combustible<\/h1>\n<p>[\/vc_column_text]<div class=\"ult-spacer spacer-69e13a85cf399\" data-id=\"69e13a85cf399\" data-height=\"22\" data-height-mobile=\"22\" data-height-tab=\"22\" data-height-tab-portrait=\"\" data-height-mobile-landscape=\"\" style=\"clear:both;display:block;\"><\/div>[\/vc_column][\/vc_row]<\/p>\n<p style=\"text-align: center;\">Env\u00edanos un mensaje y los especialistas de Tecnoton le ayudar\u00e1n a seleccionar un sensor de nivel de combustible para soluci\u00f3n necesaria.<\/p>\n<p style=\"text-align: center;\">\n<div class=\"wpcf7 no-js\" id=\"wpcf7-f41576-o1\" lang=\"en-US\" dir=\"ltr\" data-wpcf7-id=\"41576\">\n<div class=\"screen-reader-response\"><p role=\"status\" aria-live=\"polite\" aria-atomic=\"true\"><\/p> <ul><\/ul><\/div>\n<form action=\"\/es\/wp-json\/wp\/v2\/pages\/41532#wpcf7-f41576-o1\" method=\"post\" class=\"wpcf7-form init\" aria-label=\"Contact form\" novalidate=\"novalidate\" data-status=\"init\">\n<fieldset class=\"hidden-fields-container\"><input type=\"hidden\" name=\"_wpcf7\" value=\"41576\" \/><input type=\"hidden\" name=\"_wpcf7_version\" value=\"6.1.5\" \/><input type=\"hidden\" name=\"_wpcf7_locale\" value=\"en_US\" \/><input type=\"hidden\" name=\"_wpcf7_unit_tag\" value=\"wpcf7-f41576-o1\" \/><input type=\"hidden\" name=\"_wpcf7_container_post\" value=\"0\" \/><input type=\"hidden\" name=\"_wpcf7_posted_data_hash\" value=\"\" \/>\n<\/fieldset>\n<div style=\"max-width: 900px; margin: 0px auto;\">\n\t<p><label>Pais*<br \/>\n<span class=\"wpcf7-form-control-wrap\" data-name=\"text-315\"><input size=\"40\" maxlength=\"400\" class=\"wpcf7-form-control wpcf7-text wpcf7-validates-as-required\" aria-required=\"true\" aria-invalid=\"false\" value=\"\" type=\"text\" name=\"text-315\" \/><\/span><\/label>\n\t<\/p>\n\t<div style=\"width: 410px; display: inline-block; margin-right: 30px;\">\n\t\t<p>Su nombre<span style=\"color: red;\">*<\/span><br \/>\n<span class=\"wpcf7-form-control-wrap\" data-name=\"your-name\"><input size=\"40\" maxlength=\"400\" class=\"wpcf7-form-control wpcf7-text wpcf7-validates-as-required\" aria-required=\"true\" aria-invalid=\"false\" value=\"\" type=\"text\" name=\"your-name\" \/><\/span>\n\t\t<\/p>\n\t<\/div>\n\t<div style=\"width: 410px; display: inline-block; margin-bottom: 15px; margin-right: 30px;\">\n\t\t<p>Nombre de compa\u00f1\u00eda<span style=\"color: red;\">*<\/span><br \/>\n<span class=\"wpcf7-form-control-wrap\" data-name=\"text-912\"><input size=\"40\" maxlength=\"400\" class=\"wpcf7-form-control wpcf7-text\" aria-invalid=\"false\" value=\"\" type=\"text\" name=\"text-912\" \/><\/span>\n\t\t<\/p>\n\t<\/div>\n\t<div style=\"width: 410px; display: inline-block; margin-bottom: 15px;margin-right: 30px;\">\n\t\t<p>Su e-mail<span style=\"color: red;\">*<\/span><br \/>\n<span class=\"wpcf7-form-control-wrap\" data-name=\"your-email\"><input size=\"40\" maxlength=\"400\" class=\"wpcf7-form-control wpcf7-email wpcf7-validates-as-required wpcf7-text wpcf7-validates-as-email\" aria-required=\"true\" aria-invalid=\"false\" value=\"\" type=\"email\" name=\"your-email\" \/><\/span>\n\t\t<\/p>\n\t<\/div>\n\t<div style=\"width: 410px; display: inline-block; margin-bottom: 15px; margin-right: 30px;\">\n\t\t<p>Su tel\u00e9fono<span style=\"color: red;\">*<\/span><br \/>\n<span class=\"wpcf7-form-control-wrap\" data-name=\"tel-529\"><input size=\"40\" maxlength=\"400\" class=\"wpcf7-form-control wpcf7-tel wpcf7-validates-as-required wpcf7-text wpcf7-validates-as-tel\" aria-required=\"true\" aria-invalid=\"false\" value=\"\" type=\"tel\" name=\"tel-529\" \/><\/span>\n\t\t<\/p>\n\t<\/div>\n\t<div style=\"width: 410px; display: inline-block; margin-bottom: 15px; margin-right: 30px;\">\n\t\t<p>Nombre y modelo de transporte<br \/>\n<span class=\"wpcf7-form-control-wrap\" data-name=\"technika1\"><input size=\"40\" maxlength=\"400\" class=\"wpcf7-form-control wpcf7-text\" aria-invalid=\"false\" value=\"\" type=\"text\" name=\"technika1\" \/><\/span>\n\t\t<\/p>\n\t<\/div>\n\t<div style=\"width: 300px; display: inline-block; margin-bottom: 15px; margin-right: 20px;\">\n\t\t<p>Que dispositivos para monitoreo est\u00e1n instalados en transporte?<br \/>\n<span class=\"wpcf7-form-control-wrap\" data-name=\"text-771\"><input size=\"40\" maxlength=\"400\" class=\"wpcf7-form-control wpcf7-text\" aria-invalid=\"false\" value=\"\" type=\"text\" name=\"text-771\" \/><\/span>\n\t\t<\/p>\n\t<\/div>\n\t<div style=\"width: 90px; display: inline-block; margin-bottom: 15px;\">\n\t\t<p>Cantidad de transporte<br \/>\n<span class=\"wpcf7-form-control-wrap\" data-name=\"number-7\"><input class=\"wpcf7-form-control wpcf7-number wpcf7-validates-as-number\" aria-invalid=\"false\" value=\"\" type=\"number\" name=\"number-7\" \/><\/span>\n\t\t<\/p>\n\t<\/div>\n\t<div style=\"max-width: 860px;\">\n\t\t<p>Mensaje<br \/>\n<span class=\"wpcf7-form-control-wrap\" data-name=\"textarea-74\"><textarea cols=\"40\" rows=\"10\" maxlength=\"2000\" class=\"wpcf7-form-control wpcf7-textarea\" aria-invalid=\"false\" placeholder=\"De ser posible, ind\u00edque informaci\u00f3n adicional : 1) nombres y modelos de otro transporte de flota; 2) todos transportes de flota tienen solo un tanque o hay con 2 y m\u00e1s tanques; 3) el abastecimiento del transporte se realiza siempre en solo una gasolinera o en otros regiones\/pa\u00edses tambi\u00e9n; 4) otra informaci\u00f3n que considera importante.\" name=\"textarea-74\"><\/textarea><\/span>\n\t\t<\/p>\n\t<\/div>\n\t<div style=\"max-width: 860px;  margin: 15px 0px;\">\n\t\t<p><span class=\"wpcf7-form-control-wrap\" data-name=\"acceptance-874\"><span class=\"wpcf7-form-control wpcf7-acceptance\"><span class=\"wpcf7-list-item\"><input type=\"checkbox\" name=\"acceptance-874\" value=\"1\" aria-invalid=\"false\" \/><\/span><\/span><\/span> Estoy familiarizado con <a target=\"_blank\" href=\"https:\/\/jv-technoton.com\/personal-data-privacy-policy\/\"> la pol\u00edtica de privasidad <\/a> y doy consentimiento para procesar y utilizar mis datos personales.\n\t\t<\/p>\n\t<\/div>\n\t<div style=\"margin: 15px 0px;\">\n\t\t<p><span style=\"color: red;\">*<\/span> - rellene los campos indicados, por favor.\n\t\t<\/p>\n\t<\/div>\n\t<div style=\"max-width: 860px;margin-bottom: 15px;\">\n\t\t<p><input class=\"wpcf7-form-control wpcf7-submit has-spinner\" type=\"submit\" value=\"Enviar\" \/>\n\t\t<\/p>\n\t<\/div>\n<\/div><p style=\"display: none !important;\" class=\"akismet-fields-container\" data-prefix=\"_wpcf7_ak_\"><label>&#916;<textarea name=\"_wpcf7_ak_hp_textarea\" cols=\"45\" rows=\"8\" maxlength=\"100\"><\/textarea><\/label><input type=\"hidden\" id=\"ak_js_1\" name=\"_wpcf7_ak_js\" value=\"17\"\/><script>document.getElementById( \"ak_js_1\" ).setAttribute( \"value\", ( new Date() ).getTime() );<\/script><\/p><div class=\"wpcf7-response-output\" aria-hidden=\"true\"><\/div>\n<\/form>\n<\/div>\n<\/div>","protected":false},"excerpt":{"rendered":"<p>[vc_row][vc_column][vc_column_text] Solicitud sobre sensores de nivel de combustible [\/vc_column_text][\/vc_column][\/vc_row] Env\u00edanos un mensaje y los especialistas de Tecnoton le ayudar\u00e1n a seleccionar un sensor de nivel de combustible para soluci\u00f3n necesaria.<\/p>\n","protected":false},"author":2,"featured_media":0,"parent":29115,"menu_order":0,"comment_status":"closed","ping_status":"closed","template":"","meta":{"footnotes":""},"class_list":["post-41532","page","type-page","status-publish","hentry"],"yoast_head":"<!-- This site is optimized with the Yoast SEO plugin v27.3 - https:\/\/yoast.com\/product\/yoast-seo-wordpress\/ -->\n<title>Solicitud sobre sensores de nivel de combustible | Technoton<\/title>\n<meta name=\"robots\" content=\"index, follow, max-snippet:-1, max-image-preview:large, max-video-preview:-1\" \/>\n<link rel=\"canonical\" href=\"https:\/\/jv-technoton.com\/es\/productos\/sensores-de-nivel-de-combustible\/solicitud-sobre-sensores-de-nivel-de-combustible\/\" \/>\n<meta property=\"og:locale\" content=\"es_ES\" \/>\n<meta property=\"og:type\" content=\"article\" \/>\n<meta property=\"og:title\" content=\"Solicitud sobre sensores de nivel de combustible | Technoton\" \/>\n<meta property=\"og:description\" content=\"[vc_row][vc_column][vc_column_text] Solicitud sobre sensores de nivel de combustible [\/vc_column_text][\/vc_column][\/vc_row] Env\u00edanos un mensaje y los especialistas de Tecnoton le ayudar\u00e1n a seleccionar un sensor de nivel de combustible para soluci\u00f3n necesaria.\" \/>\n<meta property=\"og:url\" content=\"https:\/\/jv-technoton.com\/es\/productos\/sensores-de-nivel-de-combustible\/solicitud-sobre-sensores-de-nivel-de-combustible\/\" \/>\n<meta property=\"og:site_name\" content=\"Technoton\" \/>\n<meta property=\"article:modified_time\" content=\"2019-12-21T05:15:54+00:00\" \/>\n<meta name=\"twitter:card\" content=\"summary_large_image\" \/>\n<script type=\"application\/ld+json\" class=\"yoast-schema-graph\">{\"@context\":\"https:\\\/\\\/schema.org\",\"@graph\":[{\"@type\":\"WebPage\",\"@id\":\"https:\\\/\\\/jv-technoton.com\\\/es\\\/productos\\\/sensores-de-nivel-de-combustible\\\/solicitud-sobre-sensores-de-nivel-de-combustible\\\/\",\"url\":\"https:\\\/\\\/jv-technoton.com\\\/es\\\/productos\\\/sensores-de-nivel-de-combustible\\\/solicitud-sobre-sensores-de-nivel-de-combustible\\\/\",\"name\":\"Solicitud sobre sensores de nivel de combustible | Technoton\",\"isPartOf\":{\"@id\":\"https:\\\/\\\/jv-technoton.com\\\/#website\"},\"datePublished\":\"2019-12-18T08:53:23+00:00\",\"dateModified\":\"2019-12-21T05:15:54+00:00\",\"breadcrumb\":{\"@id\":\"https:\\\/\\\/jv-technoton.com\\\/es\\\/productos\\\/sensores-de-nivel-de-combustible\\\/solicitud-sobre-sensores-de-nivel-de-combustible\\\/#breadcrumb\"},\"inLanguage\":\"es\",\"potentialAction\":[{\"@type\":\"ReadAction\",\"target\":[\"https:\\\/\\\/jv-technoton.com\\\/es\\\/productos\\\/sensores-de-nivel-de-combustible\\\/solicitud-sobre-sensores-de-nivel-de-combustible\\\/\"]}]},{\"@type\":\"BreadcrumbList\",\"@id\":\"https:\\\/\\\/jv-technoton.com\\\/es\\\/productos\\\/sensores-de-nivel-de-combustible\\\/solicitud-sobre-sensores-de-nivel-de-combustible\\\/#breadcrumb\",\"itemListElement\":[{\"@type\":\"ListItem\",\"position\":1,\"name\":\"Home\",\"item\":\"https:\\\/\\\/jv-technoton.com\\\/es\\\/\"},{\"@type\":\"ListItem\",\"position\":2,\"name\":\"Productos Technoton\",\"item\":\"https:\\\/\\\/jv-technoton.com\\\/es\\\/productos\\\/\"},{\"@type\":\"ListItem\",\"position\":3,\"name\":\"Sensores de nivel de combustible\",\"item\":\"https:\\\/\\\/jv-technoton.com\\\/es\\\/productos\\\/sensores-de-nivel-de-combustible\\\/\"},{\"@type\":\"ListItem\",\"position\":4,\"name\":\"Solicitud sobre sensores de nivel de combustible\"}]},{\"@type\":\"WebSite\",\"@id\":\"https:\\\/\\\/jv-technoton.com\\\/#website\",\"url\":\"https:\\\/\\\/jv-technoton.com\\\/\",\"name\":\"Advanced machinery telematics and fuel monitoring\",\"description\":\"Telem\u00e1tica para maquinaria compleja | Technoton\",\"publisher\":{\"@id\":\"https:\\\/\\\/jv-technoton.com\\\/#organization\"},\"potentialAction\":[{\"@type\":\"SearchAction\",\"target\":{\"@type\":\"EntryPoint\",\"urlTemplate\":\"https:\\\/\\\/jv-technoton.com\\\/?s={search_term_string}\"},\"query-input\":{\"@type\":\"PropertyValueSpecification\",\"valueRequired\":true,\"valueName\":\"search_term_string\"}}],\"inLanguage\":\"es\"},{\"@type\":\"Organization\",\"@id\":\"https:\\\/\\\/jv-technoton.com\\\/#organization\",\"name\":\"Technoton\",\"url\":\"https:\\\/\\\/jv-technoton.com\\\/\",\"logo\":{\"@type\":\"ImageObject\",\"inLanguage\":\"es\",\"@id\":\"https:\\\/\\\/jv-technoton.com\\\/#\\\/schema\\\/logo\\\/image\\\/\",\"url\":\"https:\\\/\\\/jv-technoton.com\\\/wp-content\\\/uploads\\\/2022\\\/02\\\/technoton_logo_web.png\",\"contentUrl\":\"https:\\\/\\\/jv-technoton.com\\\/wp-content\\\/uploads\\\/2022\\\/02\\\/technoton_logo_web.png\",\"width\":800,\"height\":329,\"caption\":\"Technoton\"},\"image\":{\"@id\":\"https:\\\/\\\/jv-technoton.com\\\/#\\\/schema\\\/logo\\\/image\\\/\"},\"sameAs\":[\"https:\\\/\\\/www.linkedin.com\\\/company\\\/technoton\"]}]}<\/script>\n<!-- \/ Yoast SEO plugin. -->","yoast_head_json":{"title":"Solicitud sobre sensores de nivel de combustible | Technoton","robots":{"index":"index","follow":"follow","max-snippet":"max-snippet:-1","max-image-preview":"max-image-preview:large","max-video-preview":"max-video-preview:-1"},"canonical":"https:\/\/jv-technoton.com\/es\/productos\/sensores-de-nivel-de-combustible\/solicitud-sobre-sensores-de-nivel-de-combustible\/","og_locale":"es_ES","og_type":"article","og_title":"Solicitud sobre sensores de nivel de combustible | Technoton","og_description":"[vc_row][vc_column][vc_column_text] Solicitud sobre sensores de nivel de combustible [\/vc_column_text][\/vc_column][\/vc_row] Env\u00edanos un mensaje y los especialistas de Tecnoton le ayudar\u00e1n a seleccionar un sensor de nivel de combustible para soluci\u00f3n necesaria.","og_url":"https:\/\/jv-technoton.com\/es\/productos\/sensores-de-nivel-de-combustible\/solicitud-sobre-sensores-de-nivel-de-combustible\/","og_site_name":"Technoton","article_modified_time":"2019-12-21T05:15:54+00:00","twitter_card":"summary_large_image","schema":{"@context":"https:\/\/schema.org","@graph":[{"@type":"WebPage","@id":"https:\/\/jv-technoton.com\/es\/productos\/sensores-de-nivel-de-combustible\/solicitud-sobre-sensores-de-nivel-de-combustible\/","url":"https:\/\/jv-technoton.com\/es\/productos\/sensores-de-nivel-de-combustible\/solicitud-sobre-sensores-de-nivel-de-combustible\/","name":"Solicitud sobre sensores de nivel de combustible | Technoton","isPartOf":{"@id":"https:\/\/jv-technoton.com\/#website"},"datePublished":"2019-12-18T08:53:23+00:00","dateModified":"2019-12-21T05:15:54+00:00","breadcrumb":{"@id":"https:\/\/jv-technoton.com\/es\/productos\/sensores-de-nivel-de-combustible\/solicitud-sobre-sensores-de-nivel-de-combustible\/#breadcrumb"},"inLanguage":"es","potentialAction":[{"@type":"ReadAction","target":["https:\/\/jv-technoton.com\/es\/productos\/sensores-de-nivel-de-combustible\/solicitud-sobre-sensores-de-nivel-de-combustible\/"]}]},{"@type":"BreadcrumbList","@id":"https:\/\/jv-technoton.com\/es\/productos\/sensores-de-nivel-de-combustible\/solicitud-sobre-sensores-de-nivel-de-combustible\/#breadcrumb","itemListElement":[{"@type":"ListItem","position":1,"name":"Home","item":"https:\/\/jv-technoton.com\/es\/"},{"@type":"ListItem","position":2,"name":"Productos Technoton","item":"https:\/\/jv-technoton.com\/es\/productos\/"},{"@type":"ListItem","position":3,"name":"Sensores de nivel de combustible","item":"https:\/\/jv-technoton.com\/es\/productos\/sensores-de-nivel-de-combustible\/"},{"@type":"ListItem","position":4,"name":"Solicitud sobre sensores de nivel de combustible"}]},{"@type":"WebSite","@id":"https:\/\/jv-technoton.com\/#website","url":"https:\/\/jv-technoton.com\/","name":"Advanced machinery telematics and fuel monitoring","description":"Telem\u00e1tica para maquinaria compleja | Technoton","publisher":{"@id":"https:\/\/jv-technoton.com\/#organization"},"potentialAction":[{"@type":"SearchAction","target":{"@type":"EntryPoint","urlTemplate":"https:\/\/jv-technoton.com\/?s={search_term_string}"},"query-input":{"@type":"PropertyValueSpecification","valueRequired":true,"valueName":"search_term_string"}}],"inLanguage":"es"},{"@type":"Organization","@id":"https:\/\/jv-technoton.com\/#organization","name":"Technoton","url":"https:\/\/jv-technoton.com\/","logo":{"@type":"ImageObject","inLanguage":"es","@id":"https:\/\/jv-technoton.com\/#\/schema\/logo\/image\/","url":"https:\/\/jv-technoton.com\/wp-content\/uploads\/2022\/02\/technoton_logo_web.png","contentUrl":"https:\/\/jv-technoton.com\/wp-content\/uploads\/2022\/02\/technoton_logo_web.png","width":800,"height":329,"caption":"Technoton"},"image":{"@id":"https:\/\/jv-technoton.com\/#\/schema\/logo\/image\/"},"sameAs":["https:\/\/www.linkedin.com\/company\/technoton"]}]}},"rttpg_featured_image_url":null,"rttpg_author":{"display_name":"Anya","author_link":"https:\/\/jv-technoton.com\/es\/author\/technoton-com\/"},"rttpg_comment":0,"rttpg_category":" <a href=\"https:\/\/jv-technoton.com\/es\/?taxonomy=translation_priority&#038;term=opcional\" rel=\"tag\">Opcional<\/a>","rttpg_excerpt":"[vc_row][vc_column][vc_column_text] Solicitud sobre sensores de nivel de combustible [\/vc_column_text][\/vc_column][\/vc_row] Env\u00edanos un mensaje y los especialistas de Tecnoton le ayudar\u00e1n a seleccionar un sensor de nivel de combustible para soluci\u00f3n necesaria.","_links":{"self":[{"href":"https:\/\/jv-technoton.com\/es\/wp-json\/wp\/v2\/pages\/41532","targetHints":{"allow":["GET"]}}],"collection":[{"href":"https:\/\/jv-technoton.com\/es\/wp-json\/wp\/v2\/pages"}],"about":[{"href":"https:\/\/jv-technoton.com\/es\/wp-json\/wp\/v2\/types\/page"}],"author":[{"embeddable":true,"href":"https:\/\/jv-technoton.com\/es\/wp-json\/wp\/v2\/users\/2"}],"replies":[{"embeddable":true,"href":"https:\/\/jv-technoton.com\/es\/wp-json\/wp\/v2\/comments?post=41532"}],"version-history":[{"count":0,"href":"https:\/\/jv-technoton.com\/es\/wp-json\/wp\/v2\/pages\/41532\/revisions"}],"up":[{"embeddable":true,"href":"https:\/\/jv-technoton.com\/es\/wp-json\/wp\/v2\/pages\/29115"}],"wp:attachment":[{"href":"https:\/\/jv-technoton.com\/es\/wp-json\/wp\/v2\/media?parent=41532"}],"curies":[{"name":"wp","href":"https:\/\/api.w.org\/{rel}","templated":true}]}}