{"id":47593,"date":"2020-02-20T10:58:34","date_gmt":"2020-02-20T07:58:34","guid":{"rendered":"https:\/\/jv-technoton.com\/?page_id=47593"},"modified":"2025-07-28T12:57:58","modified_gmt":"2025-07-28T09:57:58","slug":"instalacion-del-sensor-de-nivel-de-combustible-dut-e-en-un-tractor-volvo","status":"publish","type":"page","link":"https:\/\/jv-technoton.com\/es\/galeria-de-instalaciones-de-equipos-technoton\/instalacion-del-sensor-de-nivel-de-combustible-dut-e-en-un-tractor-volvo\/","title":{"rendered":"Instalaci\u00f3n del Sensor de nivel de combustible DUT-E en un tractor Volvo"},"content":{"rendered":"<div class=\"wpb-content-wrapper\"><p>[vc_row][vc_column]<div class=\"ult-spacer spacer-69d9b875a68b3\" data-id=\"69d9b875a68b3\" data-height=\"40\" data-height-mobile=\"40\" data-height-tab=\"40\" data-height-tab-portrait=\"\" data-height-mobile-landscape=\"\" style=\"clear:both;display:block;\"><\/div>[vc_column_text]<\/p>\n<h1>Instalaci\u00f3n del Sensor de nivel de combustible DUT-E en un tractor Volvo<\/h1>\n<p>[\/vc_column_text][\/vc_column][\/vc_row][vc_row][vc_column width=\u00bb1\/3&#8243;][vc_single_image image=\u00bb43552&#8243; img_size=\u00bb380&#215;285&#8243; onclick=\u00bblink_image\u00bb]<div class=\"ult-spacer spacer-69d9b875a68e8\" data-id=\"69d9b875a68e8\" data-height=\"10\" data-height-mobile=\"10\" data-height-tab=\"10\" data-height-tab-portrait=\"\" data-height-mobile-landscape=\"\" style=\"clear:both;display:block;\"><\/div>[vc_column_text]<\/p>\n<p style=\"text-align: center;\">Tractora Volvo<\/p>\n<p>[\/vc_column_text][\/vc_column][vc_column width=\u00bb1\/3&#8243;][vc_single_image image=\u00bb40643&#8243; img_size=\u00bb380&#215;285&#8243; onclick=\u00bblink_image\u00bb]<div class=\"ult-spacer spacer-69d9b875a690b\" data-id=\"69d9b875a690b\" data-height=\"10\" data-height-mobile=\"10\" data-height-tab=\"10\" data-height-tab-portrait=\"\" data-height-mobile-landscape=\"\" style=\"clear:both;display:block;\"><\/div>[vc_column_text]<\/p>\n<p style=\"text-align: center;\">El Sensor de nivel de combustible DUT-E se puede recortar a la altura de un tanque espec\u00edfico durante el proceso de mantaje.<\/p>\n<p>[\/vc_column_text][\/vc_column][vc_column width=\u00bb1\/3&#8243;][vc_single_image image=\u00bb40647&#8243; img_size=\u00bb380&#215;285&#8243; onclick=\u00bblink_image\u00bb]<div class=\"ult-spacer spacer-69d9b875a693b\" data-id=\"69d9b875a693b\" data-height=\"10\" data-height-mobile=\"10\" data-height-tab=\"10\" data-height-tab-portrait=\"\" data-height-mobile-landscape=\"\" style=\"clear:both;display:block;\"><\/div>[vc_column_text]Calibraci\u00f3n del tanque de comustible \u00abredondo\u00bb. La curva de calibraci\u00f3n se almacena en la memoria del<a href=\"https:\/\/jv-technoton.com\/es\/productos\/dut-e\/\"> Sensor DUT-E.<\/a>[\/vc_column_text][\/vc_column][\/vc_row][vc_row][vc_column]<div class=\"ult-spacer spacer-69d9b875a695c\" data-id=\"69d9b875a695c\" data-height=\"40\" data-height-mobile=\"40\" data-height-tab=\"40\" data-height-tab-portrait=\"\" data-height-mobile-landscape=\"\" style=\"clear:both;display:block;\"><\/div>[\/vc_column][\/vc_row][vc_row][vc_column width=\u00bb1\/3&#8243;][vc_single_image image=\u00bb40651&#8243; img_size=\u00bb380&#215;285&#8243; onclick=\u00bblink_image\u00bb]<div class=\"ult-spacer spacer-69d9b875a6979\" data-id=\"69d9b875a6979\" data-height=\"10\" data-height-mobile=\"10\" data-height-tab=\"10\" data-height-tab-portrait=\"\" data-height-mobile-landscape=\"\" style=\"clear:both;display:block;\"><\/div>[vc_column_text]Control de \u00abdrenaje\u00bb de combustible para verificar la precisi\u00f3n de las lecturas. Control de datos \u2014 en el<a href=\"https:\/\/jv-technoton.com\/software-firmware\/\"> software Service DUT-E.<\/a>[\/vc_column_text][\/vc_column][vc_column width=\u00bb1\/3&#8243;][vc_single_image image=\u00bb40656&#8243; img_size=\u00bb380&#215;285&#8243; onclick=\u00bblink_image\u00bb]<div class=\"ult-spacer spacer-69d9b875a6994\" data-id=\"69d9b875a6994\" data-height=\"10\" data-height-mobile=\"10\" data-height-tab=\"10\" data-height-tab-portrait=\"\" data-height-mobile-landscape=\"\" style=\"clear:both;display:block;\"><\/div>[vc_column_text]<\/p>\n<p style=\"text-align: center;\">El Sensor de nivel de combustible DUT-E est\u00e1 instalado en un tanque cil\u00edndrico (tanque \u00abredondo\u00bb).<\/p>\n<p>[\/vc_column_text][\/vc_column][vc_column width=\u00bb1\/3&#8243;][\/vc_column][\/vc_row]<\/p>\n<\/div>","protected":false},"excerpt":{"rendered":"<p>[vc_row][vc_column][vc_column_text] Instalaci\u00f3n del Sensor de nivel de combustible DUT-E en un tractor Volvo [\/vc_column_text][\/vc_column][\/vc_row][vc_row][vc_column width=\u00bb1\/3&#8243;][vc_single_image image=\u00bb43552&#8243; img_size=\u00bb380&#215;285&#8243; onclick=\u00bblink_image\u00bb][vc_column_text] Tractora Volvo [\/vc_column_text][\/vc_column][vc_column width=\u00bb1\/3&#8243;][vc_single_image image=\u00bb40643&#8243; img_size=\u00bb380&#215;285&#8243; onclick=\u00bblink_image\u00bb][vc_column_text] El Sensor de nivel de combustible DUT-E se puede recortar a la altura de un tanque espec\u00edfico durante el proceso de mantaje. [\/vc_column_text][\/vc_column][vc_column width=\u00bb1\/3&#8243;][vc_single_image image=\u00bb40647&#8243; img_size=\u00bb380&#215;285&#8243; onclick=\u00bblink_image\u00bb][vc_column_text]Calibraci\u00f3n del tanque de [&hellip;]<\/p>\n","protected":false},"author":2,"featured_media":0,"parent":47585,"menu_order":0,"comment_status":"closed","ping_status":"closed","template":"","meta":{"footnotes":""},"class_list":["post-47593","page","type-page","status-publish","hentry"],"yoast_head":"<!-- This site is optimized with the Yoast SEO plugin v27.3 - https:\/\/yoast.com\/product\/yoast-seo-wordpress\/ -->\n<title>Instalaci\u00f3n del Sensor de nivel de combustible DUT-E en un tractor Volvo | Technoton<\/title>\n<meta name=\"description\" content=\"Instalaci\u00f3n del sensor de nivel de combustible DUT-E en tractor Volvo. Descubre c\u00f3mo mejorar el control de combustible y la eficiencia en maquinaria agr\u00edcola\" \/>\n<meta name=\"robots\" content=\"index, follow, max-snippet:-1, max-image-preview:large, max-video-preview:-1\" \/>\n<link rel=\"canonical\" href=\"https:\/\/jv-technoton.com\/es\/galeria-de-instalaciones-de-equipos-technoton\/instalacion-del-sensor-de-nivel-de-combustible-dut-e-en-un-tractor-volvo\/\" \/>\n<meta property=\"og:locale\" content=\"es_ES\" \/>\n<meta property=\"og:type\" content=\"article\" \/>\n<meta property=\"og:title\" content=\"Instalaci\u00f3n del Sensor de nivel de combustible DUT-E en un tractor Volvo | Technoton\" \/>\n<meta property=\"og:description\" content=\"Instalaci\u00f3n del sensor de nivel de combustible DUT-E en tractor Volvo. Descubre c\u00f3mo mejorar el control de combustible y la eficiencia en maquinaria agr\u00edcola\" \/>\n<meta property=\"og:url\" content=\"https:\/\/jv-technoton.com\/es\/galeria-de-instalaciones-de-equipos-technoton\/instalacion-del-sensor-de-nivel-de-combustible-dut-e-en-un-tractor-volvo\/\" \/>\n<meta property=\"og:site_name\" content=\"Technoton\" \/>\n<meta property=\"article:modified_time\" content=\"2025-07-28T09:57:58+00:00\" \/>\n<meta name=\"twitter:card\" content=\"summary_large_image\" \/>\n<meta name=\"twitter:label1\" content=\"Tiempo de lectura\" \/>\n\t<meta name=\"twitter:data1\" content=\"1 minuto\" \/>\n<script type=\"application\/ld+json\" class=\"yoast-schema-graph\">{\"@context\":\"https:\\\/\\\/schema.org\",\"@graph\":[{\"@type\":\"WebPage\",\"@id\":\"https:\\\/\\\/jv-technoton.com\\\/es\\\/galeria-de-instalaciones-de-equipos-technoton\\\/instalacion-del-sensor-de-nivel-de-combustible-dut-e-en-un-tractor-volvo\\\/\",\"url\":\"https:\\\/\\\/jv-technoton.com\\\/es\\\/galeria-de-instalaciones-de-equipos-technoton\\\/instalacion-del-sensor-de-nivel-de-combustible-dut-e-en-un-tractor-volvo\\\/\",\"name\":\"Instalaci\u00f3n del Sensor de nivel de combustible DUT-E en un tractor Volvo | Technoton\",\"isPartOf\":{\"@id\":\"https:\\\/\\\/jv-technoton.com\\\/#website\"},\"datePublished\":\"2020-02-20T07:58:34+00:00\",\"dateModified\":\"2025-07-28T09:57:58+00:00\",\"description\":\"Instalaci\u00f3n del sensor de nivel de combustible DUT-E en tractor Volvo. Descubre c\u00f3mo mejorar el control de combustible y la eficiencia en maquinaria agr\u00edcola\",\"breadcrumb\":{\"@id\":\"https:\\\/\\\/jv-technoton.com\\\/es\\\/galeria-de-instalaciones-de-equipos-technoton\\\/instalacion-del-sensor-de-nivel-de-combustible-dut-e-en-un-tractor-volvo\\\/#breadcrumb\"},\"inLanguage\":\"es\",\"potentialAction\":[{\"@type\":\"ReadAction\",\"target\":[\"https:\\\/\\\/jv-technoton.com\\\/es\\\/galeria-de-instalaciones-de-equipos-technoton\\\/instalacion-del-sensor-de-nivel-de-combustible-dut-e-en-un-tractor-volvo\\\/\"]}]},{\"@type\":\"BreadcrumbList\",\"@id\":\"https:\\\/\\\/jv-technoton.com\\\/es\\\/galeria-de-instalaciones-de-equipos-technoton\\\/instalacion-del-sensor-de-nivel-de-combustible-dut-e-en-un-tractor-volvo\\\/#breadcrumb\",\"itemListElement\":[{\"@type\":\"ListItem\",\"position\":1,\"name\":\"Home\",\"item\":\"https:\\\/\\\/jv-technoton.com\\\/es\\\/\"},{\"@type\":\"ListItem\",\"position\":2,\"name\":\"Galer\u00eda de instalaciones de equipos Technoton\",\"item\":\"https:\\\/\\\/jv-technoton.com\\\/es\\\/galeria-de-instalaciones-de-equipos-technoton\\\/\"},{\"@type\":\"ListItem\",\"position\":3,\"name\":\"Instalaci\u00f3n del Sensor de nivel de combustible DUT-E en un tractor Volvo\"}]},{\"@type\":\"WebSite\",\"@id\":\"https:\\\/\\\/jv-technoton.com\\\/#website\",\"url\":\"https:\\\/\\\/jv-technoton.com\\\/\",\"name\":\"Advanced machinery telematics and fuel monitoring\",\"description\":\"Telem\u00e1tica para maquinaria compleja | Technoton\",\"publisher\":{\"@id\":\"https:\\\/\\\/jv-technoton.com\\\/#organization\"},\"potentialAction\":[{\"@type\":\"SearchAction\",\"target\":{\"@type\":\"EntryPoint\",\"urlTemplate\":\"https:\\\/\\\/jv-technoton.com\\\/?s={search_term_string}\"},\"query-input\":{\"@type\":\"PropertyValueSpecification\",\"valueRequired\":true,\"valueName\":\"search_term_string\"}}],\"inLanguage\":\"es\"},{\"@type\":\"Organization\",\"@id\":\"https:\\\/\\\/jv-technoton.com\\\/#organization\",\"name\":\"Technoton\",\"url\":\"https:\\\/\\\/jv-technoton.com\\\/\",\"logo\":{\"@type\":\"ImageObject\",\"inLanguage\":\"es\",\"@id\":\"https:\\\/\\\/jv-technoton.com\\\/#\\\/schema\\\/logo\\\/image\\\/\",\"url\":\"https:\\\/\\\/jv-technoton.com\\\/wp-content\\\/uploads\\\/2022\\\/02\\\/technoton_logo_web.png\",\"contentUrl\":\"https:\\\/\\\/jv-technoton.com\\\/wp-content\\\/uploads\\\/2022\\\/02\\\/technoton_logo_web.png\",\"width\":800,\"height\":329,\"caption\":\"Technoton\"},\"image\":{\"@id\":\"https:\\\/\\\/jv-technoton.com\\\/#\\\/schema\\\/logo\\\/image\\\/\"},\"sameAs\":[\"https:\\\/\\\/www.linkedin.com\\\/company\\\/technoton\"]}]}<\/script>\n<!-- \/ Yoast SEO plugin. -->","yoast_head_json":{"title":"Instalaci\u00f3n del Sensor de nivel de combustible DUT-E en un tractor Volvo | Technoton","description":"Instalaci\u00f3n del sensor de nivel de combustible DUT-E en tractor Volvo. Descubre c\u00f3mo mejorar el control de combustible y la eficiencia en maquinaria agr\u00edcola","robots":{"index":"index","follow":"follow","max-snippet":"max-snippet:-1","max-image-preview":"max-image-preview:large","max-video-preview":"max-video-preview:-1"},"canonical":"https:\/\/jv-technoton.com\/es\/galeria-de-instalaciones-de-equipos-technoton\/instalacion-del-sensor-de-nivel-de-combustible-dut-e-en-un-tractor-volvo\/","og_locale":"es_ES","og_type":"article","og_title":"Instalaci\u00f3n del Sensor de nivel de combustible DUT-E en un tractor Volvo | Technoton","og_description":"Instalaci\u00f3n del sensor de nivel de combustible DUT-E en tractor Volvo. Descubre c\u00f3mo mejorar el control de combustible y la eficiencia en maquinaria agr\u00edcola","og_url":"https:\/\/jv-technoton.com\/es\/galeria-de-instalaciones-de-equipos-technoton\/instalacion-del-sensor-de-nivel-de-combustible-dut-e-en-un-tractor-volvo\/","og_site_name":"Technoton","article_modified_time":"2025-07-28T09:57:58+00:00","twitter_card":"summary_large_image","twitter_misc":{"Tiempo de lectura":"1 minuto"},"schema":{"@context":"https:\/\/schema.org","@graph":[{"@type":"WebPage","@id":"https:\/\/jv-technoton.com\/es\/galeria-de-instalaciones-de-equipos-technoton\/instalacion-del-sensor-de-nivel-de-combustible-dut-e-en-un-tractor-volvo\/","url":"https:\/\/jv-technoton.com\/es\/galeria-de-instalaciones-de-equipos-technoton\/instalacion-del-sensor-de-nivel-de-combustible-dut-e-en-un-tractor-volvo\/","name":"Instalaci\u00f3n del Sensor de nivel de combustible DUT-E en un tractor Volvo | Technoton","isPartOf":{"@id":"https:\/\/jv-technoton.com\/#website"},"datePublished":"2020-02-20T07:58:34+00:00","dateModified":"2025-07-28T09:57:58+00:00","description":"Instalaci\u00f3n del sensor de nivel de combustible DUT-E en tractor Volvo. Descubre c\u00f3mo mejorar el control de combustible y la eficiencia en maquinaria agr\u00edcola","breadcrumb":{"@id":"https:\/\/jv-technoton.com\/es\/galeria-de-instalaciones-de-equipos-technoton\/instalacion-del-sensor-de-nivel-de-combustible-dut-e-en-un-tractor-volvo\/#breadcrumb"},"inLanguage":"es","potentialAction":[{"@type":"ReadAction","target":["https:\/\/jv-technoton.com\/es\/galeria-de-instalaciones-de-equipos-technoton\/instalacion-del-sensor-de-nivel-de-combustible-dut-e-en-un-tractor-volvo\/"]}]},{"@type":"BreadcrumbList","@id":"https:\/\/jv-technoton.com\/es\/galeria-de-instalaciones-de-equipos-technoton\/instalacion-del-sensor-de-nivel-de-combustible-dut-e-en-un-tractor-volvo\/#breadcrumb","itemListElement":[{"@type":"ListItem","position":1,"name":"Home","item":"https:\/\/jv-technoton.com\/es\/"},{"@type":"ListItem","position":2,"name":"Galer\u00eda de instalaciones de equipos Technoton","item":"https:\/\/jv-technoton.com\/es\/galeria-de-instalaciones-de-equipos-technoton\/"},{"@type":"ListItem","position":3,"name":"Instalaci\u00f3n del Sensor de nivel de combustible DUT-E en un tractor Volvo"}]},{"@type":"WebSite","@id":"https:\/\/jv-technoton.com\/#website","url":"https:\/\/jv-technoton.com\/","name":"Advanced machinery telematics and fuel monitoring","description":"Telem\u00e1tica para maquinaria compleja | Technoton","publisher":{"@id":"https:\/\/jv-technoton.com\/#organization"},"potentialAction":[{"@type":"SearchAction","target":{"@type":"EntryPoint","urlTemplate":"https:\/\/jv-technoton.com\/?s={search_term_string}"},"query-input":{"@type":"PropertyValueSpecification","valueRequired":true,"valueName":"search_term_string"}}],"inLanguage":"es"},{"@type":"Organization","@id":"https:\/\/jv-technoton.com\/#organization","name":"Technoton","url":"https:\/\/jv-technoton.com\/","logo":{"@type":"ImageObject","inLanguage":"es","@id":"https:\/\/jv-technoton.com\/#\/schema\/logo\/image\/","url":"https:\/\/jv-technoton.com\/wp-content\/uploads\/2022\/02\/technoton_logo_web.png","contentUrl":"https:\/\/jv-technoton.com\/wp-content\/uploads\/2022\/02\/technoton_logo_web.png","width":800,"height":329,"caption":"Technoton"},"image":{"@id":"https:\/\/jv-technoton.com\/#\/schema\/logo\/image\/"},"sameAs":["https:\/\/www.linkedin.com\/company\/technoton"]}]}},"rttpg_featured_image_url":null,"rttpg_author":{"display_name":"Anya","author_link":"https:\/\/jv-technoton.com\/es\/author\/technoton-com\/"},"rttpg_comment":0,"rttpg_category":" <a href=\"https:\/\/jv-technoton.com\/es\/?taxonomy=translation_priority&#038;term=opcional\" rel=\"tag\">Opcional<\/a>","rttpg_excerpt":"[vc_row][vc_column][vc_column_text] Instalaci\u00f3n del Sensor de nivel de combustible DUT-E en un tractor Volvo [\/vc_column_text][\/vc_column][\/vc_row][vc_row][vc_column width=\u00bb1\/3&#8243;][vc_single_image image=\u00bb43552&#8243; img_size=\u00bb380&#215;285&#8243; onclick=\u00bblink_image\u00bb][vc_column_text] Tractora Volvo [\/vc_column_text][\/vc_column][vc_column width=\u00bb1\/3&#8243;][vc_single_image image=\u00bb40643&#8243; img_size=\u00bb380&#215;285&#8243; onclick=\u00bblink_image\u00bb][vc_column_text] El Sensor de nivel de combustible DUT-E se puede recortar a la altura de un tanque espec\u00edfico durante el proceso de mantaje. [\/vc_column_text][\/vc_column][vc_column width=\u00bb1\/3&#8243;][vc_single_image image=\u00bb40647&#8243; img_size=\u00bb380&#215;285&#8243; onclick=\u00bblink_image\u00bb][vc_column_text]Calibraci\u00f3n del tanque de&hellip;","_links":{"self":[{"href":"https:\/\/jv-technoton.com\/es\/wp-json\/wp\/v2\/pages\/47593","targetHints":{"allow":["GET"]}}],"collection":[{"href":"https:\/\/jv-technoton.com\/es\/wp-json\/wp\/v2\/pages"}],"about":[{"href":"https:\/\/jv-technoton.com\/es\/wp-json\/wp\/v2\/types\/page"}],"author":[{"embeddable":true,"href":"https:\/\/jv-technoton.com\/es\/wp-json\/wp\/v2\/users\/2"}],"replies":[{"embeddable":true,"href":"https:\/\/jv-technoton.com\/es\/wp-json\/wp\/v2\/comments?post=47593"}],"version-history":[{"count":2,"href":"https:\/\/jv-technoton.com\/es\/wp-json\/wp\/v2\/pages\/47593\/revisions"}],"predecessor-version":[{"id":68383,"href":"https:\/\/jv-technoton.com\/es\/wp-json\/wp\/v2\/pages\/47593\/revisions\/68383"}],"up":[{"embeddable":true,"href":"https:\/\/jv-technoton.com\/es\/wp-json\/wp\/v2\/pages\/47585"}],"wp:attachment":[{"href":"https:\/\/jv-technoton.com\/es\/wp-json\/wp\/v2\/media?parent=47593"}],"curies":[{"name":"wp","href":"https:\/\/api.w.org\/{rel}","templated":true}]}}