{"id":47614,"date":"2020-02-21T11:37:49","date_gmt":"2020-02-21T08:37:49","guid":{"rendered":"https:\/\/jv-technoton.com\/?page_id=47614"},"modified":"2025-07-25T15:03:44","modified_gmt":"2025-07-25T12:03:44","slug":"instalacion-en-cat-d8r","status":"publish","type":"page","link":"https:\/\/jv-technoton.com\/es\/galeria-de-instalaciones-de-equipos-technoton\/instalacion-en-cat-d8r\/","title":{"rendered":"Instalaci\u00f3n en excavadora CAT D8R"},"content":{"rendered":"<div class=\"wpb-content-wrapper\"><p>[vc_row][vc_column]<div class=\"ult-spacer spacer-69e4543032b55\" data-id=\"69e4543032b55\" data-height=\"40\" data-height-mobile=\"40\" data-height-tab=\"40\" data-height-tab-portrait=\"\" data-height-mobile-landscape=\"\" style=\"clear:both;display:block;\"><\/div>[vc_column_text]<\/p>\n<h1>Instalaci\u00f3n en CAT D8R<\/h1>\n<p>[\/vc_column_text][\/vc_column][\/vc_row][vc_row][vc_column width=\u00bb1\/3&#8243;][vc_single_image image=\u00bb14073&#8243; img_size=\u00bb380&#215;285&#8243; onclick=\u00bblink_image\u00bb]<div class=\"ult-spacer spacer-69e4543032b8f\" data-id=\"69e4543032b8f\" data-height=\"20\" data-height-mobile=\"20\" data-height-tab=\"20\" data-height-tab-portrait=\"\" data-height-mobile-landscape=\"\" style=\"clear:both;display:block;\"><\/div>[vc_column_text]Foto de la unidad de potencia[\/vc_column_text][\/vc_column][vc_column width=\u00bb1\/3&#8243;][vc_single_image image=\u00bb14077&#8243; img_size=\u00bb380&#215;285&#8243; onclick=\u00bblink_image\u00bb]<div class=\"ult-spacer spacer-69e4543032bb6\" data-id=\"69e4543032bb6\" data-height=\"20\" data-height-mobile=\"20\" data-height-tab=\"20\" data-height-tab-portrait=\"\" data-height-mobile-landscape=\"\" style=\"clear:both;display:block;\"><\/div>[vc_column_text]Fijaci\u00f3n de mangueras de combustible DFM[\/vc_column_text][\/vc_column][vc_column width=\u00bb1\/3&#8243;][vc_single_image image=\u00bb14081&#8243; img_size=\u00bb380&#215;285&#8243; onclick=\u00bblink_image\u00bb]<div class=\"ult-spacer spacer-69e4543032bd6\" data-id=\"69e4543032bd6\" data-height=\"20\" data-height-mobile=\"20\" data-height-tab=\"20\" data-height-tab-portrait=\"\" data-height-mobile-landscape=\"\" style=\"clear:both;display:block;\"><\/div>[vc_column_text]Preparaci\u00f3n para instalar DFM en CAT d8r_5[\/vc_column_text][\/vc_column][\/vc_row][vc_row][vc_column]<div class=\"ult-spacer spacer-69e4543032bf4\" data-id=\"69e4543032bf4\" data-height=\"40\" data-height-mobile=\"40\" data-height-tab=\"40\" data-height-tab-portrait=\"\" data-height-mobile-landscape=\"\" style=\"clear:both;display:block;\"><\/div>[\/vc_column][\/vc_row][vc_row][vc_column width=\u00bb1\/3&#8243;][vc_single_image image=\u00bb14085&#8243; img_size=\u00bb380&#215;285&#8243; onclick=\u00bblink_image\u00bb]<div class=\"ult-spacer spacer-69e4543032c11\" data-id=\"69e4543032c11\" data-height=\"20\" data-height-mobile=\"20\" data-height-tab=\"20\" data-height-tab-portrait=\"\" data-height-mobile-landscape=\"\" style=\"clear:both;display:block;\"><\/div>[vc_column_text]Medidor de flujo DFM en CAT d8r_5[\/vc_column_text][\/vc_column][vc_column width=\u00bb1\/3&#8243;][vc_single_image image=\u00bb14113&#8243; img_size=\u00bb380&#215;285&#8243; onclick=\u00bblink_image\u00bb]<div class=\"ult-spacer spacer-69e4543032c2e\" data-id=\"69e4543032c2e\" data-height=\"20\" data-height-mobile=\"20\" data-height-tab=\"20\" data-height-tab-portrait=\"\" data-height-mobile-landscape=\"\" style=\"clear:both;display:block;\"><\/div>[vc_column_text]Montaje DFM. Fotos de primer plano[\/vc_column_text][\/vc_column][vc_column width=\u00bb1\/3&#8243;][vc_single_image image=\u00bb14105&#8243; img_size=\u00bb380&#215;285&#8243; onclick=\u00bblink_image\u00bb]<div class=\"ult-spacer spacer-69e4543032c49\" data-id=\"69e4543032c49\" data-height=\"20\" data-height-mobile=\"20\" data-height-tab=\"20\" data-height-tab-portrait=\"\" data-height-mobile-landscape=\"\" style=\"clear:both;display:block;\"><\/div>[vc_column_text]Preparaci\u00f3n para la instalaci\u00f3n de DFM en CAT d8r_5[\/vc_column_text][\/vc_column][\/vc_row][vc_row][vc_column]<div class=\"ult-spacer spacer-69e4543032c64\" data-id=\"69e4543032c64\" data-height=\"40\" data-height-mobile=\"40\" data-height-tab=\"40\" data-height-tab-portrait=\"\" data-height-mobile-landscape=\"\" style=\"clear:both;display:block;\"><\/div>[\/vc_column][\/vc_row][vc_row][vc_column width=\u00bb1\/3&#8243;][vc_single_image image=\u00bb14097&#8243; img_size=\u00bb380&#215;285&#8243; onclick=\u00bblink_image\u00bb]<div class=\"ult-spacer spacer-69e4543032c7e\" data-id=\"69e4543032c7e\" data-height=\"20\" data-height-mobile=\"20\" data-height-tab=\"20\" data-height-tab-portrait=\"\" data-height-mobile-landscape=\"\" style=\"clear:both;display:block;\"><\/div>[vc_column_text]CAT D8R. Fotos 3[\/vc_column_text][\/vc_column][vc_column width=\u00bb1\/3&#8243;][vc_single_image image=\u00bb14093&#8243; img_size=\u00bb380&#215;285&#8243; onclick=\u00bblink_image\u00bb]<div class=\"ult-spacer spacer-69e4543032c99\" data-id=\"69e4543032c99\" data-height=\"20\" data-height-mobile=\"20\" data-height-tab=\"20\" data-height-tab-portrait=\"\" data-height-mobile-landscape=\"\" style=\"clear:both;display:block;\"><\/div>[vc_column_text]Preparaci\u00f3n para instalar de flujo de combustible[\/vc_column_text][\/vc_column][vc_column width=\u00bb1\/3&#8243;][vc_single_image image=\u00bb24003&#8243; img_size=\u00bb380&#215;285&#8243; onclick=\u00bblink_image\u00bb]<div class=\"ult-spacer spacer-69e4543032cb3\" data-id=\"69e4543032cb3\" data-height=\"20\" data-height-mobile=\"20\" data-height-tab=\"20\" data-height-tab-portrait=\"\" data-height-mobile-landscape=\"\" style=\"clear:both;display:block;\"><\/div>[vc_column_text]Protecci\u00f3n adicional para el sensor[\/vc_column_text][\/vc_column][\/vc_row]<\/p>\n<\/div>","protected":false},"excerpt":{"rendered":"<p>[vc_row][vc_column][vc_column_text] Instalaci\u00f3n en CAT D8R [\/vc_column_text][\/vc_column][\/vc_row][vc_row][vc_column width=\u00bb1\/3&#8243;][vc_single_image image=\u00bb14073&#8243; img_size=\u00bb380&#215;285&#8243; onclick=\u00bblink_image\u00bb][vc_column_text]Foto de la unidad de potencia[\/vc_column_text][\/vc_column][vc_column width=\u00bb1\/3&#8243;][vc_single_image image=\u00bb14077&#8243; img_size=\u00bb380&#215;285&#8243; onclick=\u00bblink_image\u00bb][vc_column_text]Fijaci\u00f3n de mangueras de combustible DFM[\/vc_column_text][\/vc_column][vc_column width=\u00bb1\/3&#8243;][vc_single_image image=\u00bb14081&#8243; img_size=\u00bb380&#215;285&#8243; onclick=\u00bblink_image\u00bb][vc_column_text]Preparaci\u00f3n para instalar DFM en CAT d8r_5[\/vc_column_text][\/vc_column][\/vc_row][vc_row][vc_column][\/vc_column][\/vc_row][vc_row][vc_column width=\u00bb1\/3&#8243;][vc_single_image image=\u00bb14085&#8243; img_size=\u00bb380&#215;285&#8243; onclick=\u00bblink_image\u00bb][vc_column_text]Medidor de flujo DFM en CAT d8r_5[\/vc_column_text][\/vc_column][vc_column width=\u00bb1\/3&#8243;][vc_single_image image=\u00bb14113&#8243; img_size=\u00bb380&#215;285&#8243; onclick=\u00bblink_image\u00bb][vc_column_text]Montaje DFM. Fotos de primer plano[\/vc_column_text][\/vc_column][vc_column width=\u00bb1\/3&#8243;][vc_single_image image=\u00bb14105&#8243; [&hellip;]<\/p>\n","protected":false},"author":2,"featured_media":0,"parent":47585,"menu_order":0,"comment_status":"closed","ping_status":"closed","template":"","meta":{"footnotes":""},"class_list":["post-47614","page","type-page","status-publish","hentry"],"yoast_head":"<!-- This site is optimized with the Yoast SEO plugin v27.3 - https:\/\/yoast.com\/product\/yoast-seo-wordpress\/ -->\n<title>Instalaci\u00f3n en excavadora CAT D8R | Technoton<\/title>\n<meta name=\"description\" content=\"Descubra la instalaci\u00f3n del medidor de flujo DFM en el excavadora CAT D8R. Ejemplo pr\u00e1ctico de monitoreo de combustible para optimizar el consumo y reducir costos en maquinaria pesada.\" \/>\n<meta name=\"robots\" content=\"index, follow, max-snippet:-1, max-image-preview:large, max-video-preview:-1\" \/>\n<link rel=\"canonical\" href=\"https:\/\/jv-technoton.com\/es\/galeria-de-instalaciones-de-equipos-technoton\/instalacion-en-cat-d8r\/\" \/>\n<meta property=\"og:locale\" content=\"es_ES\" \/>\n<meta property=\"og:type\" content=\"article\" \/>\n<meta property=\"og:title\" content=\"Instalaci\u00f3n en excavadora CAT D8R | Technoton\" \/>\n<meta property=\"og:description\" content=\"Descubra la instalaci\u00f3n del medidor de flujo DFM en el excavadora CAT D8R. Ejemplo pr\u00e1ctico de monitoreo de combustible para optimizar el consumo y reducir costos en maquinaria pesada.\" \/>\n<meta property=\"og:url\" content=\"https:\/\/jv-technoton.com\/es\/galeria-de-instalaciones-de-equipos-technoton\/instalacion-en-cat-d8r\/\" \/>\n<meta property=\"og:site_name\" content=\"Technoton\" \/>\n<meta property=\"article:modified_time\" content=\"2025-07-25T12:03:44+00:00\" \/>\n<meta name=\"twitter:card\" content=\"summary_large_image\" \/>\n<meta name=\"twitter:label1\" content=\"Tiempo de lectura\" \/>\n\t<meta name=\"twitter:data1\" content=\"1 minuto\" \/>\n<script type=\"application\/ld+json\" class=\"yoast-schema-graph\">{\"@context\":\"https:\\\/\\\/schema.org\",\"@graph\":[{\"@type\":\"WebPage\",\"@id\":\"https:\\\/\\\/jv-technoton.com\\\/es\\\/galeria-de-instalaciones-de-equipos-technoton\\\/instalacion-en-cat-d8r\\\/\",\"url\":\"https:\\\/\\\/jv-technoton.com\\\/es\\\/galeria-de-instalaciones-de-equipos-technoton\\\/instalacion-en-cat-d8r\\\/\",\"name\":\"Instalaci\u00f3n en excavadora CAT D8R | Technoton\",\"isPartOf\":{\"@id\":\"https:\\\/\\\/jv-technoton.com\\\/#website\"},\"datePublished\":\"2020-02-21T08:37:49+00:00\",\"dateModified\":\"2025-07-25T12:03:44+00:00\",\"description\":\"Descubra la instalaci\u00f3n del medidor de flujo DFM en el excavadora CAT D8R. Ejemplo pr\u00e1ctico de monitoreo de combustible para optimizar el consumo y reducir costos en maquinaria pesada.\",\"breadcrumb\":{\"@id\":\"https:\\\/\\\/jv-technoton.com\\\/es\\\/galeria-de-instalaciones-de-equipos-technoton\\\/instalacion-en-cat-d8r\\\/#breadcrumb\"},\"inLanguage\":\"es\",\"potentialAction\":[{\"@type\":\"ReadAction\",\"target\":[\"https:\\\/\\\/jv-technoton.com\\\/es\\\/galeria-de-instalaciones-de-equipos-technoton\\\/instalacion-en-cat-d8r\\\/\"]}]},{\"@type\":\"BreadcrumbList\",\"@id\":\"https:\\\/\\\/jv-technoton.com\\\/es\\\/galeria-de-instalaciones-de-equipos-technoton\\\/instalacion-en-cat-d8r\\\/#breadcrumb\",\"itemListElement\":[{\"@type\":\"ListItem\",\"position\":1,\"name\":\"Home\",\"item\":\"https:\\\/\\\/jv-technoton.com\\\/es\\\/\"},{\"@type\":\"ListItem\",\"position\":2,\"name\":\"Galer\u00eda de instalaciones de equipos Technoton\",\"item\":\"https:\\\/\\\/jv-technoton.com\\\/es\\\/galeria-de-instalaciones-de-equipos-technoton\\\/\"},{\"@type\":\"ListItem\",\"position\":3,\"name\":\"Instalaci\u00f3n en excavadora CAT D8R\"}]},{\"@type\":\"WebSite\",\"@id\":\"https:\\\/\\\/jv-technoton.com\\\/#website\",\"url\":\"https:\\\/\\\/jv-technoton.com\\\/\",\"name\":\"Advanced machinery telematics and fuel monitoring\",\"description\":\"Telem\u00e1tica para maquinaria compleja | Technoton\",\"publisher\":{\"@id\":\"https:\\\/\\\/jv-technoton.com\\\/#organization\"},\"potentialAction\":[{\"@type\":\"SearchAction\",\"target\":{\"@type\":\"EntryPoint\",\"urlTemplate\":\"https:\\\/\\\/jv-technoton.com\\\/?s={search_term_string}\"},\"query-input\":{\"@type\":\"PropertyValueSpecification\",\"valueRequired\":true,\"valueName\":\"search_term_string\"}}],\"inLanguage\":\"es\"},{\"@type\":\"Organization\",\"@id\":\"https:\\\/\\\/jv-technoton.com\\\/#organization\",\"name\":\"Technoton\",\"url\":\"https:\\\/\\\/jv-technoton.com\\\/\",\"logo\":{\"@type\":\"ImageObject\",\"inLanguage\":\"es\",\"@id\":\"https:\\\/\\\/jv-technoton.com\\\/#\\\/schema\\\/logo\\\/image\\\/\",\"url\":\"https:\\\/\\\/jv-technoton.com\\\/wp-content\\\/uploads\\\/2022\\\/02\\\/technoton_logo_web.png\",\"contentUrl\":\"https:\\\/\\\/jv-technoton.com\\\/wp-content\\\/uploads\\\/2022\\\/02\\\/technoton_logo_web.png\",\"width\":800,\"height\":329,\"caption\":\"Technoton\"},\"image\":{\"@id\":\"https:\\\/\\\/jv-technoton.com\\\/#\\\/schema\\\/logo\\\/image\\\/\"},\"sameAs\":[\"https:\\\/\\\/www.linkedin.com\\\/company\\\/technoton\"]}]}<\/script>\n<!-- \/ Yoast SEO plugin. -->","yoast_head_json":{"title":"Instalaci\u00f3n en excavadora CAT D8R | Technoton","description":"Descubra la instalaci\u00f3n del medidor de flujo DFM en el excavadora CAT D8R. Ejemplo pr\u00e1ctico de monitoreo de combustible para optimizar el consumo y reducir costos en maquinaria pesada.","robots":{"index":"index","follow":"follow","max-snippet":"max-snippet:-1","max-image-preview":"max-image-preview:large","max-video-preview":"max-video-preview:-1"},"canonical":"https:\/\/jv-technoton.com\/es\/galeria-de-instalaciones-de-equipos-technoton\/instalacion-en-cat-d8r\/","og_locale":"es_ES","og_type":"article","og_title":"Instalaci\u00f3n en excavadora CAT D8R | Technoton","og_description":"Descubra la instalaci\u00f3n del medidor de flujo DFM en el excavadora CAT D8R. Ejemplo pr\u00e1ctico de monitoreo de combustible para optimizar el consumo y reducir costos en maquinaria pesada.","og_url":"https:\/\/jv-technoton.com\/es\/galeria-de-instalaciones-de-equipos-technoton\/instalacion-en-cat-d8r\/","og_site_name":"Technoton","article_modified_time":"2025-07-25T12:03:44+00:00","twitter_card":"summary_large_image","twitter_misc":{"Tiempo de lectura":"1 minuto"},"schema":{"@context":"https:\/\/schema.org","@graph":[{"@type":"WebPage","@id":"https:\/\/jv-technoton.com\/es\/galeria-de-instalaciones-de-equipos-technoton\/instalacion-en-cat-d8r\/","url":"https:\/\/jv-technoton.com\/es\/galeria-de-instalaciones-de-equipos-technoton\/instalacion-en-cat-d8r\/","name":"Instalaci\u00f3n en excavadora CAT D8R | Technoton","isPartOf":{"@id":"https:\/\/jv-technoton.com\/#website"},"datePublished":"2020-02-21T08:37:49+00:00","dateModified":"2025-07-25T12:03:44+00:00","description":"Descubra la instalaci\u00f3n del medidor de flujo DFM en el excavadora CAT D8R. Ejemplo pr\u00e1ctico de monitoreo de combustible para optimizar el consumo y reducir costos en maquinaria pesada.","breadcrumb":{"@id":"https:\/\/jv-technoton.com\/es\/galeria-de-instalaciones-de-equipos-technoton\/instalacion-en-cat-d8r\/#breadcrumb"},"inLanguage":"es","potentialAction":[{"@type":"ReadAction","target":["https:\/\/jv-technoton.com\/es\/galeria-de-instalaciones-de-equipos-technoton\/instalacion-en-cat-d8r\/"]}]},{"@type":"BreadcrumbList","@id":"https:\/\/jv-technoton.com\/es\/galeria-de-instalaciones-de-equipos-technoton\/instalacion-en-cat-d8r\/#breadcrumb","itemListElement":[{"@type":"ListItem","position":1,"name":"Home","item":"https:\/\/jv-technoton.com\/es\/"},{"@type":"ListItem","position":2,"name":"Galer\u00eda de instalaciones de equipos Technoton","item":"https:\/\/jv-technoton.com\/es\/galeria-de-instalaciones-de-equipos-technoton\/"},{"@type":"ListItem","position":3,"name":"Instalaci\u00f3n en excavadora CAT D8R"}]},{"@type":"WebSite","@id":"https:\/\/jv-technoton.com\/#website","url":"https:\/\/jv-technoton.com\/","name":"Advanced machinery telematics and fuel monitoring","description":"Telem\u00e1tica para maquinaria compleja | Technoton","publisher":{"@id":"https:\/\/jv-technoton.com\/#organization"},"potentialAction":[{"@type":"SearchAction","target":{"@type":"EntryPoint","urlTemplate":"https:\/\/jv-technoton.com\/?s={search_term_string}"},"query-input":{"@type":"PropertyValueSpecification","valueRequired":true,"valueName":"search_term_string"}}],"inLanguage":"es"},{"@type":"Organization","@id":"https:\/\/jv-technoton.com\/#organization","name":"Technoton","url":"https:\/\/jv-technoton.com\/","logo":{"@type":"ImageObject","inLanguage":"es","@id":"https:\/\/jv-technoton.com\/#\/schema\/logo\/image\/","url":"https:\/\/jv-technoton.com\/wp-content\/uploads\/2022\/02\/technoton_logo_web.png","contentUrl":"https:\/\/jv-technoton.com\/wp-content\/uploads\/2022\/02\/technoton_logo_web.png","width":800,"height":329,"caption":"Technoton"},"image":{"@id":"https:\/\/jv-technoton.com\/#\/schema\/logo\/image\/"},"sameAs":["https:\/\/www.linkedin.com\/company\/technoton"]}]}},"rttpg_featured_image_url":null,"rttpg_author":{"display_name":"Anya","author_link":"https:\/\/jv-technoton.com\/es\/author\/technoton-com\/"},"rttpg_comment":0,"rttpg_category":" <a href=\"https:\/\/jv-technoton.com\/es\/?taxonomy=translation_priority&#038;term=opcional\" rel=\"tag\">Opcional<\/a>","rttpg_excerpt":"[vc_row][vc_column][vc_column_text] Instalaci\u00f3n en CAT D8R [\/vc_column_text][\/vc_column][\/vc_row][vc_row][vc_column width=\u00bb1\/3&#8243;][vc_single_image image=\u00bb14073&#8243; img_size=\u00bb380&#215;285&#8243; onclick=\u00bblink_image\u00bb][vc_column_text]Foto de la unidad de potencia[\/vc_column_text][\/vc_column][vc_column width=\u00bb1\/3&#8243;][vc_single_image image=\u00bb14077&#8243; img_size=\u00bb380&#215;285&#8243; onclick=\u00bblink_image\u00bb][vc_column_text]Fijaci\u00f3n de mangueras de combustible DFM[\/vc_column_text][\/vc_column][vc_column width=\u00bb1\/3&#8243;][vc_single_image image=\u00bb14081&#8243; img_size=\u00bb380&#215;285&#8243; onclick=\u00bblink_image\u00bb][vc_column_text]Preparaci\u00f3n para instalar DFM en CAT d8r_5[\/vc_column_text][\/vc_column][\/vc_row][vc_row][vc_column][\/vc_column][\/vc_row][vc_row][vc_column width=\u00bb1\/3&#8243;][vc_single_image image=\u00bb14085&#8243; img_size=\u00bb380&#215;285&#8243; onclick=\u00bblink_image\u00bb][vc_column_text]Medidor de flujo DFM en CAT d8r_5[\/vc_column_text][\/vc_column][vc_column width=\u00bb1\/3&#8243;][vc_single_image image=\u00bb14113&#8243; img_size=\u00bb380&#215;285&#8243; onclick=\u00bblink_image\u00bb][vc_column_text]Montaje DFM. Fotos de primer plano[\/vc_column_text][\/vc_column][vc_column width=\u00bb1\/3&#8243;][vc_single_image image=\u00bb14105&#8243;&hellip;","_links":{"self":[{"href":"https:\/\/jv-technoton.com\/es\/wp-json\/wp\/v2\/pages\/47614","targetHints":{"allow":["GET"]}}],"collection":[{"href":"https:\/\/jv-technoton.com\/es\/wp-json\/wp\/v2\/pages"}],"about":[{"href":"https:\/\/jv-technoton.com\/es\/wp-json\/wp\/v2\/types\/page"}],"author":[{"embeddable":true,"href":"https:\/\/jv-technoton.com\/es\/wp-json\/wp\/v2\/users\/2"}],"replies":[{"embeddable":true,"href":"https:\/\/jv-technoton.com\/es\/wp-json\/wp\/v2\/comments?post=47614"}],"version-history":[{"count":2,"href":"https:\/\/jv-technoton.com\/es\/wp-json\/wp\/v2\/pages\/47614\/revisions"}],"predecessor-version":[{"id":123716,"href":"https:\/\/jv-technoton.com\/es\/wp-json\/wp\/v2\/pages\/47614\/revisions\/123716"}],"up":[{"embeddable":true,"href":"https:\/\/jv-technoton.com\/es\/wp-json\/wp\/v2\/pages\/47585"}],"wp:attachment":[{"href":"https:\/\/jv-technoton.com\/es\/wp-json\/wp\/v2\/media?parent=47614"}],"curies":[{"name":"wp","href":"https:\/\/api.w.org\/{rel}","templated":true}]}}