{"id":47632,"date":"2020-02-21T11:43:36","date_gmt":"2020-02-21T08:43:36","guid":{"rendered":"https:\/\/jv-technoton.com\/?page_id=47632"},"modified":"2025-07-25T11:37:49","modified_gmt":"2025-07-25T08:37:49","slug":"instalacion-del-medidor-de-flujo-dfm-on-davino-exclusive-450-1","status":"publish","type":"page","link":"https:\/\/jv-technoton.com\/es\/galeria-de-instalaciones-de-equipos-technoton\/instalacion-del-medidor-de-flujo-dfm-on-davino-exclusive-450-1\/","title":{"rendered":"Instalaci\u00f3n del medidor de flujo DFM on cami\u00f3n hormigonera DAVINO Exclusive 450.1"},"content":{"rendered":"<div class=\"wpb-content-wrapper\"><p>[vc_row][vc_column]<div class=\"ult-spacer spacer-69d9f8f460f99\" data-id=\"69d9f8f460f99\" data-height=\"10\" data-height-mobile=\"10\" data-height-tab=\"10\" data-height-tab-portrait=\"\" data-height-mobile-landscape=\"\" style=\"clear:both;display:block;\"><\/div>[vc_column_text]<\/p>\n<h1>Instalaci\u00f3n del medidor de flujo DFM on DAVINO Exclusive 450.1<\/h1>\n<p>[\/vc_column_text][\/vc_column][\/vc_row][vc_row][vc_column width=\u00bb1\/2&#8243;][vc_single_image image=\u00bb14169&#8243; img_size=\u00bb1200&#215;800&#8243; onclick=\u00bblink_image\u00bb]<div class=\"ult-spacer spacer-69d9f8f460fd2\" data-id=\"69d9f8f460fd2\" data-height=\"10\" data-height-mobile=\"10\" data-height-tab=\"10\" data-height-tab-portrait=\"\" data-height-mobile-landscape=\"\" style=\"clear:both;display:block;\"><\/div>[vc_column_text]Medidor de flujo DFM instalado. Foto 1[\/vc_column_text][\/vc_column][vc_column width=\u00bb1\/2&#8243;][vc_single_image image=\u00bb14173&#8243; img_size=\u00bb1200&#215;800&#8243; onclick=\u00bblink_image\u00bb]<div class=\"ult-spacer spacer-69d9f8f460ff7\" data-id=\"69d9f8f460ff7\" data-height=\"10\" data-height-mobile=\"10\" data-height-tab=\"10\" data-height-tab-portrait=\"\" data-height-mobile-landscape=\"\" style=\"clear:both;display:block;\"><\/div>[vc_column_text]Medidor de flujo DFM instalado. Foto 2[\/vc_column_text][\/vc_column][\/vc_row][vc_row][vc_column]<div class=\"ult-spacer spacer-69d9f8f461016\" data-id=\"69d9f8f461016\" data-height=\"40\" data-height-mobile=\"40\" data-height-tab=\"40\" data-height-tab-portrait=\"\" data-height-mobile-landscape=\"\" style=\"clear:both;display:block;\"><\/div>[\/vc_column][\/vc_row][vc_row][vc_column width=\u00bb1\/2&#8243;][vc_single_image image=\u00bb14173&#8243; img_size=\u00bb1200&#215;800&#8243; onclick=\u00bblink_image\u00bb]<div class=\"ult-spacer spacer-69d9f8f461034\" data-id=\"69d9f8f461034\" data-height=\"10\" data-height-mobile=\"10\" data-height-tab=\"10\" data-height-tab-portrait=\"\" data-height-mobile-landscape=\"\" style=\"clear:both;display:block;\"><\/div>[vc_column_text]A trav\u00e9s del filtro transparente, se puede ver si hay espuma en el sistema de combustible[\/vc_column_text][\/vc_column][vc_column width=\u00bb1\/2&#8243;][vc_single_image image=\u00bb14165&#8243; img_size=\u00bb1200&#215;800&#8243; onclick=\u00bblink_image\u00bb]<div class=\"ult-spacer spacer-69d9f8f461050\" data-id=\"69d9f8f461050\" data-height=\"10\" data-height-mobile=\"10\" data-height-tab=\"10\" data-height-tab-portrait=\"\" data-height-mobile-landscape=\"\" style=\"clear:both;display:block;\"><\/div>[vc_column_text]Los cables DFM est\u00e1n sellados para evitar interferencias[\/vc_column_text][\/vc_column][\/vc_row]<\/p>\n<\/div>","protected":false},"excerpt":{"rendered":"<p>[vc_row][vc_column][vc_column_text] Instalaci\u00f3n del medidor de flujo DFM on DAVINO Exclusive 450.1 [\/vc_column_text][\/vc_column][\/vc_row][vc_row][vc_column width=\u00bb1\/2&#8243;][vc_single_image image=\u00bb14169&#8243; img_size=\u00bb1200&#215;800&#8243; onclick=\u00bblink_image\u00bb][vc_column_text]Medidor de flujo DFM instalado. Foto 1[\/vc_column_text][\/vc_column][vc_column width=\u00bb1\/2&#8243;][vc_single_image image=\u00bb14173&#8243; img_size=\u00bb1200&#215;800&#8243; onclick=\u00bblink_image\u00bb][vc_column_text]Medidor de flujo DFM instalado. Foto 2[\/vc_column_text][\/vc_column][\/vc_row][vc_row][vc_column][\/vc_column][\/vc_row][vc_row][vc_column width=\u00bb1\/2&#8243;][vc_single_image image=\u00bb14173&#8243; img_size=\u00bb1200&#215;800&#8243; onclick=\u00bblink_image\u00bb][vc_column_text]A trav\u00e9s del filtro transparente, se puede ver si hay espuma en el sistema de combustible[\/vc_column_text][\/vc_column][vc_column width=\u00bb1\/2&#8243;][vc_single_image image=\u00bb14165&#8243; img_size=\u00bb1200&#215;800&#8243; onclick=\u00bblink_image\u00bb][vc_column_text]Los [&hellip;]<\/p>\n","protected":false},"author":2,"featured_media":0,"parent":47585,"menu_order":0,"comment_status":"closed","ping_status":"closed","template":"","meta":{"footnotes":""},"class_list":["post-47632","page","type-page","status-publish","hentry"],"yoast_head":"<!-- This site is optimized with the Yoast SEO plugin v27.3 - https:\/\/yoast.com\/product\/yoast-seo-wordpress\/ -->\n<title>Instalaci\u00f3n del medidor de flujo DFM on cami\u00f3n hormigonera DAVINO Exclusive 450.1 | Technoton<\/title>\n<meta name=\"description\" content=\"Descubre la instalaci\u00f3n del medidor de flujo DFM en cami\u00f3n hormigonera Davino Exclusive 450. Ver fotos y detalles de la instalaci\u00f3n.\" \/>\n<meta name=\"robots\" content=\"index, follow, max-snippet:-1, max-image-preview:large, max-video-preview:-1\" \/>\n<link rel=\"canonical\" href=\"https:\/\/jv-technoton.com\/es\/galeria-de-instalaciones-de-equipos-technoton\/instalacion-del-medidor-de-flujo-dfm-on-davino-exclusive-450-1\/\" \/>\n<meta property=\"og:locale\" content=\"es_ES\" \/>\n<meta property=\"og:type\" content=\"article\" \/>\n<meta property=\"og:title\" content=\"Instalaci\u00f3n del medidor de flujo DFM on cami\u00f3n hormigonera DAVINO Exclusive 450.1 | Technoton\" \/>\n<meta property=\"og:description\" content=\"Descubre la instalaci\u00f3n del medidor de flujo DFM en cami\u00f3n hormigonera Davino Exclusive 450. Ver fotos y detalles de la instalaci\u00f3n.\" \/>\n<meta property=\"og:url\" content=\"https:\/\/jv-technoton.com\/es\/galeria-de-instalaciones-de-equipos-technoton\/instalacion-del-medidor-de-flujo-dfm-on-davino-exclusive-450-1\/\" \/>\n<meta property=\"og:site_name\" content=\"Technoton\" \/>\n<meta property=\"article:modified_time\" content=\"2025-07-25T08:37:49+00:00\" \/>\n<meta name=\"twitter:card\" content=\"summary_large_image\" \/>\n<meta name=\"twitter:label1\" content=\"Tiempo de lectura\" \/>\n\t<meta name=\"twitter:data1\" content=\"2 minutos\" \/>\n<script type=\"application\/ld+json\" class=\"yoast-schema-graph\">{\"@context\":\"https:\\\/\\\/schema.org\",\"@graph\":[{\"@type\":\"WebPage\",\"@id\":\"https:\\\/\\\/jv-technoton.com\\\/es\\\/galeria-de-instalaciones-de-equipos-technoton\\\/instalacion-del-medidor-de-flujo-dfm-on-davino-exclusive-450-1\\\/\",\"url\":\"https:\\\/\\\/jv-technoton.com\\\/es\\\/galeria-de-instalaciones-de-equipos-technoton\\\/instalacion-del-medidor-de-flujo-dfm-on-davino-exclusive-450-1\\\/\",\"name\":\"Instalaci\u00f3n del medidor de flujo DFM on cami\u00f3n hormigonera DAVINO Exclusive 450.1 | Technoton\",\"isPartOf\":{\"@id\":\"https:\\\/\\\/jv-technoton.com\\\/#website\"},\"datePublished\":\"2020-02-21T08:43:36+00:00\",\"dateModified\":\"2025-07-25T08:37:49+00:00\",\"description\":\"Descubre la instalaci\u00f3n del medidor de flujo DFM en cami\u00f3n hormigonera Davino Exclusive 450. Ver fotos y detalles de la instalaci\u00f3n.\",\"breadcrumb\":{\"@id\":\"https:\\\/\\\/jv-technoton.com\\\/es\\\/galeria-de-instalaciones-de-equipos-technoton\\\/instalacion-del-medidor-de-flujo-dfm-on-davino-exclusive-450-1\\\/#breadcrumb\"},\"inLanguage\":\"es\",\"potentialAction\":[{\"@type\":\"ReadAction\",\"target\":[\"https:\\\/\\\/jv-technoton.com\\\/es\\\/galeria-de-instalaciones-de-equipos-technoton\\\/instalacion-del-medidor-de-flujo-dfm-on-davino-exclusive-450-1\\\/\"]}]},{\"@type\":\"BreadcrumbList\",\"@id\":\"https:\\\/\\\/jv-technoton.com\\\/es\\\/galeria-de-instalaciones-de-equipos-technoton\\\/instalacion-del-medidor-de-flujo-dfm-on-davino-exclusive-450-1\\\/#breadcrumb\",\"itemListElement\":[{\"@type\":\"ListItem\",\"position\":1,\"name\":\"Home\",\"item\":\"https:\\\/\\\/jv-technoton.com\\\/es\\\/\"},{\"@type\":\"ListItem\",\"position\":2,\"name\":\"Galer\u00eda de instalaciones de equipos Technoton\",\"item\":\"https:\\\/\\\/jv-technoton.com\\\/es\\\/galeria-de-instalaciones-de-equipos-technoton\\\/\"},{\"@type\":\"ListItem\",\"position\":3,\"name\":\"Instalaci\u00f3n del medidor de flujo DFM on cami\u00f3n hormigonera DAVINO Exclusive 450.1\"}]},{\"@type\":\"WebSite\",\"@id\":\"https:\\\/\\\/jv-technoton.com\\\/#website\",\"url\":\"https:\\\/\\\/jv-technoton.com\\\/\",\"name\":\"Advanced machinery telematics and fuel monitoring\",\"description\":\"Telem\u00e1tica para maquinaria compleja | Technoton\",\"publisher\":{\"@id\":\"https:\\\/\\\/jv-technoton.com\\\/#organization\"},\"potentialAction\":[{\"@type\":\"SearchAction\",\"target\":{\"@type\":\"EntryPoint\",\"urlTemplate\":\"https:\\\/\\\/jv-technoton.com\\\/?s={search_term_string}\"},\"query-input\":{\"@type\":\"PropertyValueSpecification\",\"valueRequired\":true,\"valueName\":\"search_term_string\"}}],\"inLanguage\":\"es\"},{\"@type\":\"Organization\",\"@id\":\"https:\\\/\\\/jv-technoton.com\\\/#organization\",\"name\":\"Technoton\",\"url\":\"https:\\\/\\\/jv-technoton.com\\\/\",\"logo\":{\"@type\":\"ImageObject\",\"inLanguage\":\"es\",\"@id\":\"https:\\\/\\\/jv-technoton.com\\\/#\\\/schema\\\/logo\\\/image\\\/\",\"url\":\"https:\\\/\\\/jv-technoton.com\\\/wp-content\\\/uploads\\\/2022\\\/02\\\/technoton_logo_web.png\",\"contentUrl\":\"https:\\\/\\\/jv-technoton.com\\\/wp-content\\\/uploads\\\/2022\\\/02\\\/technoton_logo_web.png\",\"width\":800,\"height\":329,\"caption\":\"Technoton\"},\"image\":{\"@id\":\"https:\\\/\\\/jv-technoton.com\\\/#\\\/schema\\\/logo\\\/image\\\/\"},\"sameAs\":[\"https:\\\/\\\/www.linkedin.com\\\/company\\\/technoton\"]}]}<\/script>\n<!-- \/ Yoast SEO plugin. -->","yoast_head_json":{"title":"Instalaci\u00f3n del medidor de flujo DFM on cami\u00f3n hormigonera DAVINO Exclusive 450.1 | Technoton","description":"Descubre la instalaci\u00f3n del medidor de flujo DFM en cami\u00f3n hormigonera Davino Exclusive 450. Ver fotos y detalles de la instalaci\u00f3n.","robots":{"index":"index","follow":"follow","max-snippet":"max-snippet:-1","max-image-preview":"max-image-preview:large","max-video-preview":"max-video-preview:-1"},"canonical":"https:\/\/jv-technoton.com\/es\/galeria-de-instalaciones-de-equipos-technoton\/instalacion-del-medidor-de-flujo-dfm-on-davino-exclusive-450-1\/","og_locale":"es_ES","og_type":"article","og_title":"Instalaci\u00f3n del medidor de flujo DFM on cami\u00f3n hormigonera DAVINO Exclusive 450.1 | Technoton","og_description":"Descubre la instalaci\u00f3n del medidor de flujo DFM en cami\u00f3n hormigonera Davino Exclusive 450. Ver fotos y detalles de la instalaci\u00f3n.","og_url":"https:\/\/jv-technoton.com\/es\/galeria-de-instalaciones-de-equipos-technoton\/instalacion-del-medidor-de-flujo-dfm-on-davino-exclusive-450-1\/","og_site_name":"Technoton","article_modified_time":"2025-07-25T08:37:49+00:00","twitter_card":"summary_large_image","twitter_misc":{"Tiempo de lectura":"2 minutos"},"schema":{"@context":"https:\/\/schema.org","@graph":[{"@type":"WebPage","@id":"https:\/\/jv-technoton.com\/es\/galeria-de-instalaciones-de-equipos-technoton\/instalacion-del-medidor-de-flujo-dfm-on-davino-exclusive-450-1\/","url":"https:\/\/jv-technoton.com\/es\/galeria-de-instalaciones-de-equipos-technoton\/instalacion-del-medidor-de-flujo-dfm-on-davino-exclusive-450-1\/","name":"Instalaci\u00f3n del medidor de flujo DFM on cami\u00f3n hormigonera DAVINO Exclusive 450.1 | Technoton","isPartOf":{"@id":"https:\/\/jv-technoton.com\/#website"},"datePublished":"2020-02-21T08:43:36+00:00","dateModified":"2025-07-25T08:37:49+00:00","description":"Descubre la instalaci\u00f3n del medidor de flujo DFM en cami\u00f3n hormigonera Davino Exclusive 450. Ver fotos y detalles de la instalaci\u00f3n.","breadcrumb":{"@id":"https:\/\/jv-technoton.com\/es\/galeria-de-instalaciones-de-equipos-technoton\/instalacion-del-medidor-de-flujo-dfm-on-davino-exclusive-450-1\/#breadcrumb"},"inLanguage":"es","potentialAction":[{"@type":"ReadAction","target":["https:\/\/jv-technoton.com\/es\/galeria-de-instalaciones-de-equipos-technoton\/instalacion-del-medidor-de-flujo-dfm-on-davino-exclusive-450-1\/"]}]},{"@type":"BreadcrumbList","@id":"https:\/\/jv-technoton.com\/es\/galeria-de-instalaciones-de-equipos-technoton\/instalacion-del-medidor-de-flujo-dfm-on-davino-exclusive-450-1\/#breadcrumb","itemListElement":[{"@type":"ListItem","position":1,"name":"Home","item":"https:\/\/jv-technoton.com\/es\/"},{"@type":"ListItem","position":2,"name":"Galer\u00eda de instalaciones de equipos Technoton","item":"https:\/\/jv-technoton.com\/es\/galeria-de-instalaciones-de-equipos-technoton\/"},{"@type":"ListItem","position":3,"name":"Instalaci\u00f3n del medidor de flujo DFM on cami\u00f3n hormigonera DAVINO Exclusive 450.1"}]},{"@type":"WebSite","@id":"https:\/\/jv-technoton.com\/#website","url":"https:\/\/jv-technoton.com\/","name":"Advanced machinery telematics and fuel monitoring","description":"Telem\u00e1tica para maquinaria compleja | Technoton","publisher":{"@id":"https:\/\/jv-technoton.com\/#organization"},"potentialAction":[{"@type":"SearchAction","target":{"@type":"EntryPoint","urlTemplate":"https:\/\/jv-technoton.com\/?s={search_term_string}"},"query-input":{"@type":"PropertyValueSpecification","valueRequired":true,"valueName":"search_term_string"}}],"inLanguage":"es"},{"@type":"Organization","@id":"https:\/\/jv-technoton.com\/#organization","name":"Technoton","url":"https:\/\/jv-technoton.com\/","logo":{"@type":"ImageObject","inLanguage":"es","@id":"https:\/\/jv-technoton.com\/#\/schema\/logo\/image\/","url":"https:\/\/jv-technoton.com\/wp-content\/uploads\/2022\/02\/technoton_logo_web.png","contentUrl":"https:\/\/jv-technoton.com\/wp-content\/uploads\/2022\/02\/technoton_logo_web.png","width":800,"height":329,"caption":"Technoton"},"image":{"@id":"https:\/\/jv-technoton.com\/#\/schema\/logo\/image\/"},"sameAs":["https:\/\/www.linkedin.com\/company\/technoton"]}]}},"rttpg_featured_image_url":null,"rttpg_author":{"display_name":"Anya","author_link":"https:\/\/jv-technoton.com\/es\/author\/technoton-com\/"},"rttpg_comment":0,"rttpg_category":" <a href=\"https:\/\/jv-technoton.com\/es\/?taxonomy=translation_priority&#038;term=opcional\" rel=\"tag\">Opcional<\/a>","rttpg_excerpt":"[vc_row][vc_column][vc_column_text] Instalaci\u00f3n del medidor de flujo DFM on DAVINO Exclusive 450.1 [\/vc_column_text][\/vc_column][\/vc_row][vc_row][vc_column width=\u00bb1\/2&#8243;][vc_single_image image=\u00bb14169&#8243; img_size=\u00bb1200&#215;800&#8243; onclick=\u00bblink_image\u00bb][vc_column_text]Medidor de flujo DFM instalado. Foto 1[\/vc_column_text][\/vc_column][vc_column width=\u00bb1\/2&#8243;][vc_single_image image=\u00bb14173&#8243; img_size=\u00bb1200&#215;800&#8243; onclick=\u00bblink_image\u00bb][vc_column_text]Medidor de flujo DFM instalado. Foto 2[\/vc_column_text][\/vc_column][\/vc_row][vc_row][vc_column][\/vc_column][\/vc_row][vc_row][vc_column width=\u00bb1\/2&#8243;][vc_single_image image=\u00bb14173&#8243; img_size=\u00bb1200&#215;800&#8243; onclick=\u00bblink_image\u00bb][vc_column_text]A trav\u00e9s del filtro transparente, se puede ver si hay espuma en el sistema de combustible[\/vc_column_text][\/vc_column][vc_column width=\u00bb1\/2&#8243;][vc_single_image image=\u00bb14165&#8243; img_size=\u00bb1200&#215;800&#8243; onclick=\u00bblink_image\u00bb][vc_column_text]Los&hellip;","_links":{"self":[{"href":"https:\/\/jv-technoton.com\/es\/wp-json\/wp\/v2\/pages\/47632","targetHints":{"allow":["GET"]}}],"collection":[{"href":"https:\/\/jv-technoton.com\/es\/wp-json\/wp\/v2\/pages"}],"about":[{"href":"https:\/\/jv-technoton.com\/es\/wp-json\/wp\/v2\/types\/page"}],"author":[{"embeddable":true,"href":"https:\/\/jv-technoton.com\/es\/wp-json\/wp\/v2\/users\/2"}],"replies":[{"embeddable":true,"href":"https:\/\/jv-technoton.com\/es\/wp-json\/wp\/v2\/comments?post=47632"}],"version-history":[{"count":2,"href":"https:\/\/jv-technoton.com\/es\/wp-json\/wp\/v2\/pages\/47632\/revisions"}],"predecessor-version":[{"id":123709,"href":"https:\/\/jv-technoton.com\/es\/wp-json\/wp\/v2\/pages\/47632\/revisions\/123709"}],"up":[{"embeddable":true,"href":"https:\/\/jv-technoton.com\/es\/wp-json\/wp\/v2\/pages\/47585"}],"wp:attachment":[{"href":"https:\/\/jv-technoton.com\/es\/wp-json\/wp\/v2\/media?parent=47632"}],"curies":[{"name":"wp","href":"https:\/\/api.w.org\/{rel}","templated":true}]}}