{"id":47644,"date":"2020-02-21T13:52:39","date_gmt":"2020-02-21T10:52:39","guid":{"rendered":"https:\/\/jv-technoton.com\/?page_id=47644"},"modified":"2021-05-14T15:23:25","modified_gmt":"2021-05-14T12:23:25","slug":"instalacion-del-medidor-de-flujo-de-combustible-industrial-dfm-y-la-pantalla-can-en-el-ferry","status":"publish","type":"page","link":"https:\/\/jv-technoton.com\/es\/galeria-de-instalaciones-de-equipos-technoton\/instalacion-del-medidor-de-flujo-de-combustible-industrial-dfm-y-la-pantalla-can-en-el-ferry\/","title":{"rendered":"Instalaci\u00f3n del medidor de flujo de combustible Industrial DFM y la pantalla CAN en el ferry"},"content":{"rendered":"<div class=\"wpb-content-wrapper\"><p>[vc_row][vc_column]<div class=\"ult-spacer spacer-69e455a338287\" data-id=\"69e455a338287\" data-height=\"22\" data-height-mobile=\"22\" data-height-tab=\"22\" data-height-tab-portrait=\"\" data-height-mobile-landscape=\"\" style=\"clear:both;display:block;\"><\/div>[vc_column_text]<\/p>\n<h1>Instalaci\u00f3n del medidor de flujo de combustible Industrial DFM y la pantalla CAN en el ferry<\/h1>\n<p>[\/vc_column_text][\/vc_column][\/vc_row][vc_row][vc_column width=\u00bb1\/3&#8243;][vc_column_text]<img decoding=\"async\" src=\"https:\/\/jv-technoton.com\/wp-content\/uploads\/2019\/12\/01-Ferry-front-view.jpg\" alt=\"\u041f\u0430\u0440\u043e\u043c. \u0424\u0440\u043e\u043d\u0442\u0430\u043b\u044c\u043d\u044b\u0439 \u0432\u0438\u0434.\" \/>[\/vc_column_text][vc_column_text]<\/p>\n<p class=\"entry-title\">Ferry. Vista frontal.<\/p>\n<p>[\/vc_column_text][\/vc_column][vc_column width=\u00bb1\/3&#8243;][vc_column_text]<img decoding=\"async\" src=\"https:\/\/jv-technoton.com\/wp-content\/uploads\/2019\/12\/02-Ferry-rear-view.jpg\" alt=\"\u041f\u0430\u0440\u043e\u043c. \u0412\u0438\u0434 \u0441\u0431\u043e\u043a\u0443.\" \/>[\/vc_column_text][vc_column_text]<\/p>\n<p class=\"entry-title\">Ferry. Vista lateral.<\/p>\n<p>[\/vc_column_text][\/vc_column][vc_column width=\u00bb1\/3&#8243;][vc_column_text]<img decoding=\"async\" src=\"https:\/\/jv-technoton.com\/wp-content\/uploads\/2019\/12\/03-Ferry-ship-marine-engine.jpg\" alt=\"\u0421\u0443\u0434\u043e\u0432\u043e\u0439 \u0434\u0438\u0437\u0435\u043b\u044c\u043d\u044b\u0439 \u0434\u0432\u0438\u0433\u0430\u0442\u0435\u043b\u044c.\" \/>[\/vc_column_text][vc_column_text]<\/p>\n<p class=\"entry-title\">Motor diesel marino.<\/p>\n<p>[\/vc_column_text][\/vc_column][\/vc_row][vc_row][vc_column width=\u00bb1\/3&#8243;][vc_column_text]<img decoding=\"async\" src=\"https:\/\/jv-technoton.com\/wp-content\/uploads\/2019\/12\/04-Ferry-ship-control-panel-dashboard.jpg\" alt=\"\u041f\u0440\u0438\u0431\u043e\u0440\u043d\u0430\u044f \u043f\u0430\u043d\u0435\u043b\u044c \u0432 \u0440\u0443\u0431\u043a\u0435 \u043a\u043e\u0440\u0430\u0431\u043b\u044f\" \/>[\/vc_column_text][vc_column_text]<\/p>\n<p class=\"entry-title\">Tablero de instrumentos en la caseta del veh\u00edculo<\/p>\n<p>[\/vc_column_text][\/vc_column][vc_column width=\u00bb1\/3&#8243;][vc_column_text]<img decoding=\"async\" src=\"https:\/\/jv-technoton.com\/wp-content\/uploads\/2019\/12\/05-Marine-diesel-engine-plate.jpg\" alt=\"\u0422\u0430\u0431\u043b\u0438\u0447\u043a\u0430 \u0434\u0438\u0437\u0435\u043b\u044c\u043d\u043e\u0433\u043e \u0434\u0432\u0438\u0433\u0430\u0442\u0435\u043b\u044f Stork-Wartsila.\" \/>[\/vc_column_text][vc_column_text]Placa de identificaci\u00f3n del motor diesel Stork-Wartsila.[\/vc_column_text][\/vc_column][vc_column width=\u00bb1\/3&#8243;][vc_column_text]<img decoding=\"async\" src=\"https:\/\/jv-technoton.com\/wp-content\/uploads\/2019\/12\/6-Diesel-booster-unit.jpg\" alt=\"\u041e\u0431\u043e\u0437\u043d\u0430\u0447\u0435\u043d\u0438\u0435 \u043d\u0430\u0441\u043e\u0441\u0430 \u0432\u044b\u0441\u043e\u043a\u043e\u0433\u043e \u0434\u0430\u0432\u043b\u0435\u043d\u0438\u044f\" \/>[\/vc_column_text][vc_column_text]Designaci\u00f3n de la bomba de alta presi\u00f3n[\/vc_column_text][\/vc_column][\/vc_row][vc_row][vc_column width=\u00bb1\/3&#8243;][vc_column_text]<img decoding=\"async\" src=\"https:\/\/jv-technoton.com\/wp-content\/uploads\/2019\/12\/8-DFM-Indsustrial-on-marine-engine.jpg\" alt=\"\u0420\u0430\u0441\u0445\u043e\u0434\u043e\u043c\u0435\u0440 \u0442\u043e\u043f\u043b\u0438\u0432\u0430 DFM \u0432 \u043c\u0430\u0433\u0438\u0441\u0442\u0440\u0430\u043b\u0438 \u0441\u0443\u0434\u043e\u0432\u043e\u0433\u043e \u0434\u0432\u0438\u0433\u0430\u0442\u0435\u043b\u044f\" \/>[\/vc_column_text][vc_column_text]<\/p>\n<p class=\"entry-title\">Pantalla MasterCAN Display 35 en la caseta de la nave.<\/p>\n<p>[\/vc_column_text][\/vc_column][vc_column width=\u00bb1\/3&#8243;][vc_column_text]<img decoding=\"async\" src=\"https:\/\/jv-technoton.com\/wp-content\/uploads\/2019\/12\/7-DFM-Industrial-flow-meter-in-ship-1.jpg\" alt=\"\u0420\u0430\u0441\u0445\u043e\u0434\u043e\u043c\u0435\u0440 \u0442\u043e\u043f\u043b\u0438\u0432\u0430 DFM \u0443\u0441\u0442\u0430\u043d\u043e\u0432\u043b\u0435\u043d \u043d\u0430 \u043f\u0430\u0440\u043e\u043c\u0435\" \/>[\/vc_column_text][vc_column_text]Medidor de flujo de combustible DFM en la l\u00ednea principal del motor marino[\/vc_column_text][\/vc_column][vc_column width=\u00bb1\/3&#8243;][vc_column_text]<img decoding=\"async\" src=\"https:\/\/jv-technoton.com\/wp-content\/uploads\/2019\/12\/10-Flow-meter-installed-on-ship.jpg\" alt=\"\u0423\u0441\u0442\u0430\u043d\u043e\u0432\u043a\u0430 \u0440\u0430\u0441\u0445\u043e\u0434\u043e\u043c\u0435\u0440\u0430 \u0442\u043e\u043f\u043b\u0438\u0432\u0430 \u043d\u0430 \u043a\u043e\u0440\u0430\u0431\u043b\u044c\" \/>[\/vc_column_text][vc_column_text]Instalaci\u00f3n del medidor de flujo de combustible en el barco[\/vc_column_text][\/vc_column][\/vc_row][vc_row][vc_column width=\u00bb1\/3&#8243;][vc_column_text]<img decoding=\"async\" src=\"https:\/\/jv-technoton.com\/wp-content\/uploads\/2019\/12\/11-S6-Technology-cabling-system-on-ship.jpg\" alt=\"\u041f\u0435\u0440\u0435\u0434\u0430\u0447\u0430 \u0434\u0430\u043d\u043d\u044b\u0445 \u043e\u0442 \u0440\u0430\u0441\u0445\u043e\u0434\u043e\u043c\u0435\u0440\u0430 \u0432 \u0440\u0443\u0431\u043a\u0443 \u043f\u043e \u0422\u0435\u0445\u043d\u043e\u043b\u043e\u0433\u0438\u0438 S6\" \/>[\/vc_column_text][vc_column_text]Transmisi\u00f3n de datos desde el medidor de flujo a la cabina mediante tecnolog\u00eda S6[\/vc_column_text][\/vc_column][vc_column width=\u00bb1\/3&#8243;][vc_column_text]<img decoding=\"async\" src=\"https:\/\/jv-technoton.com\/wp-content\/uploads\/2019\/12\/12-MasterCAN-Display-35-on-ship.jpg\" alt=\"\u0420\u0430\u0441\u0445\u043e\u0434 \u0442\u043e\u043f\u043b\u0438\u0432\u0430 \u0441\u0443\u0434\u043d\u0430 \u043d\u0430 \u044d\u043a\u0440\u0430\u043d\u0435 MasterCAN Display 35\" \/>[\/vc_column_text][vc_column_text]Consumo de combustible del buque en la pantalla MasterCAN Display 35[\/vc_column_text][\/vc_column][vc_column width=\u00bb1\/3&#8243;][vc_column_text]<img decoding=\"async\" src=\"https:\/\/jv-technoton.com\/wp-content\/uploads\/2019\/12\/13-Display-35-on-deckhouse.jpg\" alt=\"\u0414\u0438\u0441\u043f\u043b\u0435\u0439 MasterCAN Display 35 \u0432 \u0440\u0443\u0431\u043a\u0435 \u043a\u043e\u0440\u0430\u0431\u043b\u044f.\" \/>[\/vc_column_text][vc_column_text]Pantalla MasterCAN Display 35 en la caseta de la nave.[\/vc_column_text][\/vc_column][\/vc_row]<\/p>\n<\/div>","protected":false},"excerpt":{"rendered":"<p>[vc_row][vc_column][vc_column_text] Instalaci\u00f3n del medidor de flujo de combustible Industrial DFM y la pantalla CAN en el ferry [\/vc_column_text][\/vc_column][\/vc_row][vc_row][vc_column width=\u00bb1\/3&#8243;][vc_column_text][\/vc_column_text][vc_column_text] Ferry. Vista frontal. [\/vc_column_text][\/vc_column][vc_column width=\u00bb1\/3&#8243;][vc_column_text][\/vc_column_text][vc_column_text] Ferry. Vista lateral. [\/vc_column_text][\/vc_column][vc_column width=\u00bb1\/3&#8243;][vc_column_text][\/vc_column_text][vc_column_text] Motor diesel marino. [\/vc_column_text][\/vc_column][\/vc_row][vc_row][vc_column width=\u00bb1\/3&#8243;][vc_column_text][\/vc_column_text][vc_column_text] Tablero de instrumentos en la caseta del veh\u00edculo [\/vc_column_text][\/vc_column][vc_column width=\u00bb1\/3&#8243;][vc_column_text][\/vc_column_text][vc_column_text]Placa de identificaci\u00f3n del motor diesel Stork-Wartsila.[\/vc_column_text][\/vc_column][vc_column width=\u00bb1\/3&#8243;][vc_column_text][\/vc_column_text][vc_column_text]Designaci\u00f3n de la bomba de [&hellip;]<\/p>\n","protected":false},"author":2,"featured_media":0,"parent":47585,"menu_order":0,"comment_status":"closed","ping_status":"closed","template":"","meta":{"footnotes":""},"class_list":["post-47644","page","type-page","status-publish","hentry"],"yoast_head":"<!-- This site is optimized with the Yoast SEO plugin v27.3 - https:\/\/yoast.com\/product\/yoast-seo-wordpress\/ -->\n<title>Instalaci\u00f3n del medidor de flujo de combustible Industrial DFM y la pantalla CAN en el ferry | Technoton<\/title>\n<meta name=\"description\" content=\"Galer\u00eda de instalaciones de equipos Technoton. Instalaci\u00f3n del medidor de flujo de combustible Industrial DFM y la pantalla CAN en el ferry.\" \/>\n<meta name=\"robots\" content=\"index, follow, max-snippet:-1, max-image-preview:large, max-video-preview:-1\" \/>\n<link rel=\"canonical\" href=\"https:\/\/jv-technoton.com\/es\/galeria-de-instalaciones-de-equipos-technoton\/instalacion-del-medidor-de-flujo-de-combustible-industrial-dfm-y-la-pantalla-can-en-el-ferry\/\" \/>\n<meta property=\"og:locale\" content=\"es_ES\" \/>\n<meta property=\"og:type\" content=\"article\" \/>\n<meta property=\"og:title\" content=\"Instalaci\u00f3n del medidor de flujo de combustible Industrial DFM y la pantalla CAN en el ferry | Technoton\" \/>\n<meta property=\"og:description\" content=\"Galer\u00eda de instalaciones de equipos Technoton. Instalaci\u00f3n del medidor de flujo de combustible Industrial DFM y la pantalla CAN en el ferry.\" \/>\n<meta property=\"og:url\" content=\"https:\/\/jv-technoton.com\/es\/galeria-de-instalaciones-de-equipos-technoton\/instalacion-del-medidor-de-flujo-de-combustible-industrial-dfm-y-la-pantalla-can-en-el-ferry\/\" \/>\n<meta property=\"og:site_name\" content=\"Technoton\" \/>\n<meta property=\"article:modified_time\" content=\"2021-05-14T12:23:25+00:00\" \/>\n<meta property=\"og:image\" content=\"https:\/\/jv-technoton.com\/wp-content\/uploads\/2019\/12\/01-Ferry-front-view.jpg\" \/>\n<meta name=\"twitter:card\" content=\"summary_large_image\" \/>\n<meta name=\"twitter:label1\" content=\"Tiempo de lectura\" \/>\n\t<meta name=\"twitter:data1\" content=\"4 minutos\" \/>\n<script type=\"application\/ld+json\" class=\"yoast-schema-graph\">{\"@context\":\"https:\\\/\\\/schema.org\",\"@graph\":[{\"@type\":\"WebPage\",\"@id\":\"https:\\\/\\\/jv-technoton.com\\\/es\\\/galeria-de-instalaciones-de-equipos-technoton\\\/instalacion-del-medidor-de-flujo-de-combustible-industrial-dfm-y-la-pantalla-can-en-el-ferry\\\/\",\"url\":\"https:\\\/\\\/jv-technoton.com\\\/es\\\/galeria-de-instalaciones-de-equipos-technoton\\\/instalacion-del-medidor-de-flujo-de-combustible-industrial-dfm-y-la-pantalla-can-en-el-ferry\\\/\",\"name\":\"Instalaci\u00f3n del medidor de flujo de combustible Industrial DFM y la pantalla CAN en el ferry | Technoton\",\"isPartOf\":{\"@id\":\"https:\\\/\\\/jv-technoton.com\\\/#website\"},\"primaryImageOfPage\":{\"@id\":\"https:\\\/\\\/jv-technoton.com\\\/es\\\/galeria-de-instalaciones-de-equipos-technoton\\\/instalacion-del-medidor-de-flujo-de-combustible-industrial-dfm-y-la-pantalla-can-en-el-ferry\\\/#primaryimage\"},\"image\":{\"@id\":\"https:\\\/\\\/jv-technoton.com\\\/es\\\/galeria-de-instalaciones-de-equipos-technoton\\\/instalacion-del-medidor-de-flujo-de-combustible-industrial-dfm-y-la-pantalla-can-en-el-ferry\\\/#primaryimage\"},\"thumbnailUrl\":\"https:\\\/\\\/jv-technoton.com\\\/wp-content\\\/uploads\\\/2019\\\/12\\\/01-Ferry-front-view.jpg\",\"datePublished\":\"2020-02-21T10:52:39+00:00\",\"dateModified\":\"2021-05-14T12:23:25+00:00\",\"description\":\"Galer\u00eda de instalaciones de equipos Technoton. Instalaci\u00f3n del medidor de flujo de combustible Industrial DFM y la pantalla CAN en el ferry.\",\"breadcrumb\":{\"@id\":\"https:\\\/\\\/jv-technoton.com\\\/es\\\/galeria-de-instalaciones-de-equipos-technoton\\\/instalacion-del-medidor-de-flujo-de-combustible-industrial-dfm-y-la-pantalla-can-en-el-ferry\\\/#breadcrumb\"},\"inLanguage\":\"es\",\"potentialAction\":[{\"@type\":\"ReadAction\",\"target\":[\"https:\\\/\\\/jv-technoton.com\\\/es\\\/galeria-de-instalaciones-de-equipos-technoton\\\/instalacion-del-medidor-de-flujo-de-combustible-industrial-dfm-y-la-pantalla-can-en-el-ferry\\\/\"]}]},{\"@type\":\"ImageObject\",\"inLanguage\":\"es\",\"@id\":\"https:\\\/\\\/jv-technoton.com\\\/es\\\/galeria-de-instalaciones-de-equipos-technoton\\\/instalacion-del-medidor-de-flujo-de-combustible-industrial-dfm-y-la-pantalla-can-en-el-ferry\\\/#primaryimage\",\"url\":\"https:\\\/\\\/jv-technoton.com\\\/wp-content\\\/uploads\\\/2019\\\/12\\\/01-Ferry-front-view.jpg\",\"contentUrl\":\"https:\\\/\\\/jv-technoton.com\\\/wp-content\\\/uploads\\\/2019\\\/12\\\/01-Ferry-front-view.jpg\"},{\"@type\":\"BreadcrumbList\",\"@id\":\"https:\\\/\\\/jv-technoton.com\\\/es\\\/galeria-de-instalaciones-de-equipos-technoton\\\/instalacion-del-medidor-de-flujo-de-combustible-industrial-dfm-y-la-pantalla-can-en-el-ferry\\\/#breadcrumb\",\"itemListElement\":[{\"@type\":\"ListItem\",\"position\":1,\"name\":\"Home\",\"item\":\"https:\\\/\\\/jv-technoton.com\\\/es\\\/\"},{\"@type\":\"ListItem\",\"position\":2,\"name\":\"Galer\u00eda de instalaciones de equipos Technoton\",\"item\":\"https:\\\/\\\/jv-technoton.com\\\/es\\\/galeria-de-instalaciones-de-equipos-technoton\\\/\"},{\"@type\":\"ListItem\",\"position\":3,\"name\":\"Instalaci\u00f3n del medidor de flujo de combustible Industrial DFM y la pantalla CAN en el ferry\"}]},{\"@type\":\"WebSite\",\"@id\":\"https:\\\/\\\/jv-technoton.com\\\/#website\",\"url\":\"https:\\\/\\\/jv-technoton.com\\\/\",\"name\":\"Advanced machinery telematics and fuel monitoring\",\"description\":\"Telem\u00e1tica para maquinaria compleja | Technoton\",\"publisher\":{\"@id\":\"https:\\\/\\\/jv-technoton.com\\\/#organization\"},\"potentialAction\":[{\"@type\":\"SearchAction\",\"target\":{\"@type\":\"EntryPoint\",\"urlTemplate\":\"https:\\\/\\\/jv-technoton.com\\\/?s={search_term_string}\"},\"query-input\":{\"@type\":\"PropertyValueSpecification\",\"valueRequired\":true,\"valueName\":\"search_term_string\"}}],\"inLanguage\":\"es\"},{\"@type\":\"Organization\",\"@id\":\"https:\\\/\\\/jv-technoton.com\\\/#organization\",\"name\":\"Technoton\",\"url\":\"https:\\\/\\\/jv-technoton.com\\\/\",\"logo\":{\"@type\":\"ImageObject\",\"inLanguage\":\"es\",\"@id\":\"https:\\\/\\\/jv-technoton.com\\\/#\\\/schema\\\/logo\\\/image\\\/\",\"url\":\"https:\\\/\\\/jv-technoton.com\\\/wp-content\\\/uploads\\\/2022\\\/02\\\/technoton_logo_web.png\",\"contentUrl\":\"https:\\\/\\\/jv-technoton.com\\\/wp-content\\\/uploads\\\/2022\\\/02\\\/technoton_logo_web.png\",\"width\":800,\"height\":329,\"caption\":\"Technoton\"},\"image\":{\"@id\":\"https:\\\/\\\/jv-technoton.com\\\/#\\\/schema\\\/logo\\\/image\\\/\"},\"sameAs\":[\"https:\\\/\\\/www.linkedin.com\\\/company\\\/technoton\"]}]}<\/script>\n<!-- \/ Yoast SEO plugin. -->","yoast_head_json":{"title":"Instalaci\u00f3n del medidor de flujo de combustible Industrial DFM y la pantalla CAN en el ferry | Technoton","description":"Galer\u00eda de instalaciones de equipos Technoton. Instalaci\u00f3n del medidor de flujo de combustible Industrial DFM y la pantalla CAN en el ferry.","robots":{"index":"index","follow":"follow","max-snippet":"max-snippet:-1","max-image-preview":"max-image-preview:large","max-video-preview":"max-video-preview:-1"},"canonical":"https:\/\/jv-technoton.com\/es\/galeria-de-instalaciones-de-equipos-technoton\/instalacion-del-medidor-de-flujo-de-combustible-industrial-dfm-y-la-pantalla-can-en-el-ferry\/","og_locale":"es_ES","og_type":"article","og_title":"Instalaci\u00f3n del medidor de flujo de combustible Industrial DFM y la pantalla CAN en el ferry | Technoton","og_description":"Galer\u00eda de instalaciones de equipos Technoton. Instalaci\u00f3n del medidor de flujo de combustible Industrial DFM y la pantalla CAN en el ferry.","og_url":"https:\/\/jv-technoton.com\/es\/galeria-de-instalaciones-de-equipos-technoton\/instalacion-del-medidor-de-flujo-de-combustible-industrial-dfm-y-la-pantalla-can-en-el-ferry\/","og_site_name":"Technoton","article_modified_time":"2021-05-14T12:23:25+00:00","og_image":[{"url":"https:\/\/jv-technoton.com\/wp-content\/uploads\/2019\/12\/01-Ferry-front-view.jpg","type":"","width":"","height":""}],"twitter_card":"summary_large_image","twitter_misc":{"Tiempo de lectura":"4 minutos"},"schema":{"@context":"https:\/\/schema.org","@graph":[{"@type":"WebPage","@id":"https:\/\/jv-technoton.com\/es\/galeria-de-instalaciones-de-equipos-technoton\/instalacion-del-medidor-de-flujo-de-combustible-industrial-dfm-y-la-pantalla-can-en-el-ferry\/","url":"https:\/\/jv-technoton.com\/es\/galeria-de-instalaciones-de-equipos-technoton\/instalacion-del-medidor-de-flujo-de-combustible-industrial-dfm-y-la-pantalla-can-en-el-ferry\/","name":"Instalaci\u00f3n del medidor de flujo de combustible Industrial DFM y la pantalla CAN en el ferry | Technoton","isPartOf":{"@id":"https:\/\/jv-technoton.com\/#website"},"primaryImageOfPage":{"@id":"https:\/\/jv-technoton.com\/es\/galeria-de-instalaciones-de-equipos-technoton\/instalacion-del-medidor-de-flujo-de-combustible-industrial-dfm-y-la-pantalla-can-en-el-ferry\/#primaryimage"},"image":{"@id":"https:\/\/jv-technoton.com\/es\/galeria-de-instalaciones-de-equipos-technoton\/instalacion-del-medidor-de-flujo-de-combustible-industrial-dfm-y-la-pantalla-can-en-el-ferry\/#primaryimage"},"thumbnailUrl":"https:\/\/jv-technoton.com\/wp-content\/uploads\/2019\/12\/01-Ferry-front-view.jpg","datePublished":"2020-02-21T10:52:39+00:00","dateModified":"2021-05-14T12:23:25+00:00","description":"Galer\u00eda de instalaciones de equipos Technoton. Instalaci\u00f3n del medidor de flujo de combustible Industrial DFM y la pantalla CAN en el ferry.","breadcrumb":{"@id":"https:\/\/jv-technoton.com\/es\/galeria-de-instalaciones-de-equipos-technoton\/instalacion-del-medidor-de-flujo-de-combustible-industrial-dfm-y-la-pantalla-can-en-el-ferry\/#breadcrumb"},"inLanguage":"es","potentialAction":[{"@type":"ReadAction","target":["https:\/\/jv-technoton.com\/es\/galeria-de-instalaciones-de-equipos-technoton\/instalacion-del-medidor-de-flujo-de-combustible-industrial-dfm-y-la-pantalla-can-en-el-ferry\/"]}]},{"@type":"ImageObject","inLanguage":"es","@id":"https:\/\/jv-technoton.com\/es\/galeria-de-instalaciones-de-equipos-technoton\/instalacion-del-medidor-de-flujo-de-combustible-industrial-dfm-y-la-pantalla-can-en-el-ferry\/#primaryimage","url":"https:\/\/jv-technoton.com\/wp-content\/uploads\/2019\/12\/01-Ferry-front-view.jpg","contentUrl":"https:\/\/jv-technoton.com\/wp-content\/uploads\/2019\/12\/01-Ferry-front-view.jpg"},{"@type":"BreadcrumbList","@id":"https:\/\/jv-technoton.com\/es\/galeria-de-instalaciones-de-equipos-technoton\/instalacion-del-medidor-de-flujo-de-combustible-industrial-dfm-y-la-pantalla-can-en-el-ferry\/#breadcrumb","itemListElement":[{"@type":"ListItem","position":1,"name":"Home","item":"https:\/\/jv-technoton.com\/es\/"},{"@type":"ListItem","position":2,"name":"Galer\u00eda de instalaciones de equipos Technoton","item":"https:\/\/jv-technoton.com\/es\/galeria-de-instalaciones-de-equipos-technoton\/"},{"@type":"ListItem","position":3,"name":"Instalaci\u00f3n del medidor de flujo de combustible Industrial DFM y la pantalla CAN en el ferry"}]},{"@type":"WebSite","@id":"https:\/\/jv-technoton.com\/#website","url":"https:\/\/jv-technoton.com\/","name":"Advanced machinery telematics and fuel monitoring","description":"Telem\u00e1tica para maquinaria compleja | Technoton","publisher":{"@id":"https:\/\/jv-technoton.com\/#organization"},"potentialAction":[{"@type":"SearchAction","target":{"@type":"EntryPoint","urlTemplate":"https:\/\/jv-technoton.com\/?s={search_term_string}"},"query-input":{"@type":"PropertyValueSpecification","valueRequired":true,"valueName":"search_term_string"}}],"inLanguage":"es"},{"@type":"Organization","@id":"https:\/\/jv-technoton.com\/#organization","name":"Technoton","url":"https:\/\/jv-technoton.com\/","logo":{"@type":"ImageObject","inLanguage":"es","@id":"https:\/\/jv-technoton.com\/#\/schema\/logo\/image\/","url":"https:\/\/jv-technoton.com\/wp-content\/uploads\/2022\/02\/technoton_logo_web.png","contentUrl":"https:\/\/jv-technoton.com\/wp-content\/uploads\/2022\/02\/technoton_logo_web.png","width":800,"height":329,"caption":"Technoton"},"image":{"@id":"https:\/\/jv-technoton.com\/#\/schema\/logo\/image\/"},"sameAs":["https:\/\/www.linkedin.com\/company\/technoton"]}]}},"rttpg_featured_image_url":null,"rttpg_author":{"display_name":"Anya","author_link":"https:\/\/jv-technoton.com\/es\/author\/technoton-com\/"},"rttpg_comment":0,"rttpg_category":" <a href=\"https:\/\/jv-technoton.com\/es\/?taxonomy=translation_priority&#038;term=opcional\" rel=\"tag\">Opcional<\/a>","rttpg_excerpt":"[vc_row][vc_column][vc_column_text] Instalaci\u00f3n del medidor de flujo de combustible Industrial DFM y la pantalla CAN en el ferry [\/vc_column_text][\/vc_column][\/vc_row][vc_row][vc_column width=\u00bb1\/3&#8243;][vc_column_text][\/vc_column_text][vc_column_text] Ferry. Vista frontal. [\/vc_column_text][\/vc_column][vc_column width=\u00bb1\/3&#8243;][vc_column_text][\/vc_column_text][vc_column_text] Ferry. Vista lateral. [\/vc_column_text][\/vc_column][vc_column width=\u00bb1\/3&#8243;][vc_column_text][\/vc_column_text][vc_column_text] Motor diesel marino. [\/vc_column_text][\/vc_column][\/vc_row][vc_row][vc_column width=\u00bb1\/3&#8243;][vc_column_text][\/vc_column_text][vc_column_text] Tablero de instrumentos en la caseta del veh\u00edculo [\/vc_column_text][\/vc_column][vc_column width=\u00bb1\/3&#8243;][vc_column_text][\/vc_column_text][vc_column_text]Placa de identificaci\u00f3n del motor diesel Stork-Wartsila.[\/vc_column_text][\/vc_column][vc_column width=\u00bb1\/3&#8243;][vc_column_text][\/vc_column_text][vc_column_text]Designaci\u00f3n de la bomba de&hellip;","_links":{"self":[{"href":"https:\/\/jv-technoton.com\/es\/wp-json\/wp\/v2\/pages\/47644","targetHints":{"allow":["GET"]}}],"collection":[{"href":"https:\/\/jv-technoton.com\/es\/wp-json\/wp\/v2\/pages"}],"about":[{"href":"https:\/\/jv-technoton.com\/es\/wp-json\/wp\/v2\/types\/page"}],"author":[{"embeddable":true,"href":"https:\/\/jv-technoton.com\/es\/wp-json\/wp\/v2\/users\/2"}],"replies":[{"embeddable":true,"href":"https:\/\/jv-technoton.com\/es\/wp-json\/wp\/v2\/comments?post=47644"}],"version-history":[{"count":0,"href":"https:\/\/jv-technoton.com\/es\/wp-json\/wp\/v2\/pages\/47644\/revisions"}],"up":[{"embeddable":true,"href":"https:\/\/jv-technoton.com\/es\/wp-json\/wp\/v2\/pages\/47585"}],"wp:attachment":[{"href":"https:\/\/jv-technoton.com\/es\/wp-json\/wp\/v2\/media?parent=47644"}],"curies":[{"name":"wp","href":"https:\/\/api.w.org\/{rel}","templated":true}]}}