{"id":47743,"date":"2020-02-21T11:58:40","date_gmt":"2020-02-21T08:58:40","guid":{"rendered":"https:\/\/jv-technoton.com\/?page_id=47743"},"modified":"2021-04-06T09:45:15","modified_gmt":"2021-04-06T06:45:15","slug":"instalacion-de-sensores-de-carga-por-eje-man-tgm","status":"publish","type":"page","link":"https:\/\/jv-technoton.com\/es\/galeria-de-instalaciones-de-equipos-technoton\/instalacion-de-sensores-de-carga-por-eje-man-tgm\/","title":{"rendered":"Instalaci\u00f3n de sensores de carga por eje. MAN TGM"},"content":{"rendered":"<div class=\"wpb-content-wrapper\"><p>[vc_row][vc_column]<div class=\"ult-spacer spacer-69f46bd436497\" data-id=\"69f46bd436497\" data-height=\"10\" data-height-mobile=\"10\" data-height-tab=\"10\" data-height-tab-portrait=\"\" data-height-mobile-landscape=\"\" style=\"clear:both;display:block;\"><\/div>[vc_column_text]<\/p>\n<h1>Instalaci\u00f3n de sensores de carga por eje. MAN TGM<\/h1>\n<p>[\/vc_column_text][\/vc_column][\/vc_row][vc_row][vc_column width=\u00bb1\/3&#8243; el_class=\u00bb.zoom\u00bb][vc_single_image image=\u00bb23472&#8243; img_size=\u00bb380&#215;285&#8243; onclick=\u00bblink_image\u00bb]<div class=\"ult-spacer spacer-69f46bd4364d9\" data-id=\"69f46bd4364d9\" data-height=\"10\" data-height-mobile=\"10\" data-height-tab=\"10\" data-height-tab-portrait=\"\" data-height-mobile-landscape=\"\" style=\"clear:both;display:block;\"><\/div>[vc_column_text]Suspensi\u00f3n neum\u00e1tica &#8211; vista lateral[\/vc_column_text][\/vc_column][vc_column width=\u00bb1\/3&#8243; el_class=\u00bb.zoom\u00bb][vc_single_image image=\u00bb23476&#8243; img_size=\u00bb380&#215;285&#8243; onclick=\u00bblink_image\u00bb]<div class=\"ult-spacer spacer-69f46bd436501\" data-id=\"69f46bd436501\" data-height=\"10\" data-height-mobile=\"10\" data-height-tab=\"10\" data-height-tab-portrait=\"\" data-height-mobile-landscape=\"\" style=\"clear:both;display:block;\"><\/div>[vc_column_text]Neum\u00e1tico sin presi\u00f3n[\/vc_column_text][\/vc_column][vc_column width=\u00bb1\/3&#8243; el_class=\u00bb.zoom\u00bb][vc_single_image image=\u00bb23792&#8243; img_size=\u00bb380&#215;285&#8243; onclick=\u00bblink_image\u00bb]<div class=\"ult-spacer spacer-69f46bd436520\" data-id=\"69f46bd436520\" data-height=\"10\" data-height-mobile=\"10\" data-height-tab=\"10\" data-height-tab-portrait=\"\" data-height-mobile-landscape=\"\" style=\"clear:both;display:block;\"><\/div>[vc_column_text]Suspensi\u00f3n neum\u00e1tica con tap\u00f3n[\/vc_column_text][\/vc_column][\/vc_row][vc_row][vc_column]<div class=\"ult-spacer spacer-69f46bd43653e\" data-id=\"69f46bd43653e\" data-height=\"20\" data-height-mobile=\"20\" data-height-tab=\"20\" data-height-tab-portrait=\"\" data-height-mobile-landscape=\"\" style=\"clear:both;display:block;\"><\/div>[\/vc_column][\/vc_row][vc_row][vc_column width=\u00bb1\/3&#8243; el_class=\u00bb.zoom\u00bb][vc_single_image image=\u00bb23489&#8243; img_size=\u00bb380&#215;285&#8243; onclick=\u00bblink_image\u00bb]<div class=\"ult-spacer spacer-69f46bd43655a\" data-id=\"69f46bd43655a\" data-height=\"10\" data-height-mobile=\"10\" data-height-tab=\"10\" data-height-tab-portrait=\"\" data-height-mobile-landscape=\"\" style=\"clear:both;display:block;\"><\/div>[vc_column_text]GNOM DDE est\u00e1 instalado en lugar de un enchufe est\u00e1ndar[\/vc_column_text][\/vc_column][vc_column width=\u00bb1\/3&#8243; el_class=\u00bb.zoom\u00bb][vc_single_image image=\u00bb23493&#8243; img_size=\u00bb380&#215;285&#8243; onclick=\u00bblink_image\u00bb]<div class=\"ult-spacer spacer-69f46bd436576\" data-id=\"69f46bd436576\" data-height=\"10\" data-height-mobile=\"10\" data-height-tab=\"10\" data-height-tab-portrait=\"\" data-height-mobile-landscape=\"\" style=\"clear:both;display:block;\"><\/div>[vc_column_text]GNOM DDE est\u00e1 conectado por cable[\/vc_column_text][\/vc_column][vc_column width=\u00bb1\/3&#8243;][\/vc_column][\/vc_row]<\/p>\n<\/div>","protected":false},"excerpt":{"rendered":"<p>[vc_row][vc_column][vc_column_text] Instalaci\u00f3n de sensores de carga por eje. MAN TGM [\/vc_column_text][\/vc_column][\/vc_row][vc_row][vc_column width=\u00bb1\/3&#8243; el_class=\u00bb.zoom\u00bb][vc_single_image image=\u00bb23472&#8243; img_size=\u00bb380&#215;285&#8243; onclick=\u00bblink_image\u00bb][vc_column_text]Suspensi\u00f3n neum\u00e1tica &#8211; vista lateral[\/vc_column_text][\/vc_column][vc_column width=\u00bb1\/3&#8243; el_class=\u00bb.zoom\u00bb][vc_single_image image=\u00bb23476&#8243; img_size=\u00bb380&#215;285&#8243; onclick=\u00bblink_image\u00bb][vc_column_text]Neum\u00e1tico sin presi\u00f3n[\/vc_column_text][\/vc_column][vc_column width=\u00bb1\/3&#8243; el_class=\u00bb.zoom\u00bb][vc_single_image image=\u00bb23792&#8243; img_size=\u00bb380&#215;285&#8243; onclick=\u00bblink_image\u00bb][vc_column_text]Suspensi\u00f3n neum\u00e1tica con tap\u00f3n[\/vc_column_text][\/vc_column][\/vc_row][vc_row][vc_column][\/vc_column][\/vc_row][vc_row][vc_column width=\u00bb1\/3&#8243; el_class=\u00bb.zoom\u00bb][vc_single_image image=\u00bb23489&#8243; img_size=\u00bb380&#215;285&#8243; onclick=\u00bblink_image\u00bb][vc_column_text]GNOM DDE est\u00e1 instalado en lugar de un enchufe est\u00e1ndar[\/vc_column_text][\/vc_column][vc_column width=\u00bb1\/3&#8243; el_class=\u00bb.zoom\u00bb][vc_single_image image=\u00bb23493&#8243; img_size=\u00bb380&#215;285&#8243; onclick=\u00bblink_image\u00bb][vc_column_text]GNOM DDE&#8230;<\/p>\n","protected":false},"author":2,"featured_media":0,"parent":47585,"menu_order":0,"comment_status":"closed","ping_status":"closed","template":"","meta":{"_kad_post_transparent":"","_kad_post_title":"","_kad_post_layout":"","_kad_post_sidebar_id":"","_kad_post_content_style":"","_kad_post_vertical_padding":"","_kad_post_feature":"","_kad_post_feature_position":"","_kad_post_header":false,"_kad_post_footer":false,"_kad_post_classname":"","footnotes":""},"class_list":["post-47743","page","type-page","status-publish","hentry"],"yoast_head":"<!-- This site is optimized with the Yoast SEO Premium plugin v18.1 (Yoast SEO v27.4) - https:\/\/yoast.com\/product\/yoast-seo-premium-wordpress\/ -->\n<title>Instalaci\u00f3n de sensores de carga por eje. MAN TGM | Technoton<\/title>\n<meta name=\"robots\" content=\"index, follow, max-snippet:-1, max-image-preview:large, max-video-preview:-1\" \/>\n<link rel=\"canonical\" href=\"https:\/\/jv-technoton.com\/es\/galeria-de-instalaciones-de-equipos-technoton\/instalacion-de-sensores-de-carga-por-eje-man-tgm\/\" \/>\n<meta property=\"og:locale\" content=\"es_ES\" \/>\n<meta property=\"og:type\" content=\"article\" \/>\n<meta property=\"og:title\" content=\"Instalaci\u00f3n de sensores de carga por eje. MAN TGM\" \/>\n<meta property=\"og:description\" content=\"[vc_row][vc_column][vc_column_text] Instalaci\u00f3n de sensores de carga por eje. MAN TGM [\/vc_column_text][\/vc_column][\/vc_row][vc_row][vc_column width=\u00bb1\/3&#8243; el_class=\u00bb.zoom\u00bb][vc_single_image image=\u00bb23472&#8243; img_size=\u00bb380&#215;285&#8243; onclick=\u00bblink_image\u00bb][vc_column_text]Suspensi\u00f3n neum\u00e1tica &#8211; vista lateral[\/vc_column_text][\/vc_column][vc_column width=\u00bb1\/3&#8243; el_class=\u00bb.zoom\u00bb][vc_single_image image=\u00bb23476&#8243; img_size=\u00bb380&#215;285&#8243; onclick=\u00bblink_image\u00bb][vc_column_text]Neum\u00e1tico sin presi\u00f3n[\/vc_column_text][\/vc_column][vc_column width=\u00bb1\/3&#8243; el_class=\u00bb.zoom\u00bb][vc_single_image image=\u00bb23792&#8243; img_size=\u00bb380&#215;285&#8243; onclick=\u00bblink_image\u00bb][vc_column_text]Suspensi\u00f3n neum\u00e1tica con tap\u00f3n[\/vc_column_text][\/vc_column][\/vc_row][vc_row][vc_column][\/vc_column][\/vc_row][vc_row][vc_column width=\u00bb1\/3&#8243; el_class=\u00bb.zoom\u00bb][vc_single_image image=\u00bb23489&#8243; img_size=\u00bb380&#215;285&#8243; onclick=\u00bblink_image\u00bb][vc_column_text]GNOM DDE est\u00e1 instalado en lugar de un enchufe est\u00e1ndar[\/vc_column_text][\/vc_column][vc_column width=\u00bb1\/3&#8243; el_class=\u00bb.zoom\u00bb][vc_single_image image=\u00bb23493&#8243; img_size=\u00bb380&#215;285&#8243; onclick=\u00bblink_image\u00bb][vc_column_text]GNOM DDE...\" \/>\n<meta property=\"og:url\" content=\"https:\/\/jv-technoton.com\/es\/galeria-de-instalaciones-de-equipos-technoton\/instalacion-de-sensores-de-carga-por-eje-man-tgm\/\" \/>\n<meta property=\"og:site_name\" content=\"Technoton\" \/>\n<meta property=\"article:modified_time\" content=\"2021-04-06T06:45:15+00:00\" \/>\n<meta name=\"twitter:card\" content=\"summary_large_image\" \/>\n<meta name=\"twitter:label1\" content=\"Tiempo de lectura\" \/>\n\t<meta name=\"twitter:data1\" content=\"1 minuto\" \/>\n<script type=\"application\/ld+json\" class=\"yoast-schema-graph\">{\"@context\":\"https:\\\/\\\/schema.org\",\"@graph\":[{\"@type\":\"WebPage\",\"@id\":\"https:\\\/\\\/jv-technoton.com\\\/es\\\/galeria-de-instalaciones-de-equipos-technoton\\\/instalacion-de-sensores-de-carga-por-eje-man-tgm\\\/\",\"url\":\"https:\\\/\\\/jv-technoton.com\\\/es\\\/galeria-de-instalaciones-de-equipos-technoton\\\/instalacion-de-sensores-de-carga-por-eje-man-tgm\\\/\",\"name\":\"Instalaci\u00f3n de sensores de carga por eje. MAN TGM | Technoton\",\"isPartOf\":{\"@id\":\"https:\\\/\\\/jv-technoton.com\\\/#website\"},\"datePublished\":\"2020-02-21T08:58:40+00:00\",\"dateModified\":\"2021-04-06T06:45:15+00:00\",\"breadcrumb\":{\"@id\":\"https:\\\/\\\/jv-technoton.com\\\/es\\\/galeria-de-instalaciones-de-equipos-technoton\\\/instalacion-de-sensores-de-carga-por-eje-man-tgm\\\/#breadcrumb\"},\"inLanguage\":\"es\",\"potentialAction\":[{\"@type\":\"ReadAction\",\"target\":[\"https:\\\/\\\/jv-technoton.com\\\/es\\\/galeria-de-instalaciones-de-equipos-technoton\\\/instalacion-de-sensores-de-carga-por-eje-man-tgm\\\/\"]}]},{\"@type\":\"BreadcrumbList\",\"@id\":\"https:\\\/\\\/jv-technoton.com\\\/es\\\/galeria-de-instalaciones-de-equipos-technoton\\\/instalacion-de-sensores-de-carga-por-eje-man-tgm\\\/#breadcrumb\",\"itemListElement\":[{\"@type\":\"ListItem\",\"position\":1,\"name\":\"Home\",\"item\":\"https:\\\/\\\/jv-technoton.com\\\/es\\\/\"},{\"@type\":\"ListItem\",\"position\":2,\"name\":\"Galer\u00eda de instalaciones de equipos Technoton\",\"item\":\"https:\\\/\\\/jv-technoton.com\\\/es\\\/galeria-de-instalaciones-de-equipos-technoton\\\/\"},{\"@type\":\"ListItem\",\"position\":3,\"name\":\"Instalaci\u00f3n de sensores de carga por eje. MAN TGM\"}]},{\"@type\":\"WebSite\",\"@id\":\"https:\\\/\\\/jv-technoton.com\\\/#website\",\"url\":\"https:\\\/\\\/jv-technoton.com\\\/\",\"name\":\"Advanced machinery telematics and fuel monitoring\",\"description\":\"Telem\u00e1tica para maquinaria compleja | Technoton\",\"publisher\":{\"@id\":\"https:\\\/\\\/jv-technoton.com\\\/#organization\"},\"potentialAction\":[{\"@type\":\"SearchAction\",\"target\":{\"@type\":\"EntryPoint\",\"urlTemplate\":\"https:\\\/\\\/jv-technoton.com\\\/?s={search_term_string}\"},\"query-input\":{\"@type\":\"PropertyValueSpecification\",\"valueRequired\":true,\"valueName\":\"search_term_string\"}}],\"inLanguage\":\"es\"},{\"@type\":\"Organization\",\"@id\":\"https:\\\/\\\/jv-technoton.com\\\/#organization\",\"name\":\"Technoton\",\"url\":\"https:\\\/\\\/jv-technoton.com\\\/\",\"logo\":{\"@type\":\"ImageObject\",\"inLanguage\":\"es\",\"@id\":\"https:\\\/\\\/jv-technoton.com\\\/#\\\/schema\\\/logo\\\/image\\\/\",\"url\":\"https:\\\/\\\/jv-technoton.com\\\/wp-content\\\/uploads\\\/2022\\\/02\\\/technoton_logo_web.png\",\"contentUrl\":\"https:\\\/\\\/jv-technoton.com\\\/wp-content\\\/uploads\\\/2022\\\/02\\\/technoton_logo_web.png\",\"width\":800,\"height\":329,\"caption\":\"Technoton\"},\"image\":{\"@id\":\"https:\\\/\\\/jv-technoton.com\\\/#\\\/schema\\\/logo\\\/image\\\/\"},\"sameAs\":[\"https:\\\/\\\/www.linkedin.com\\\/company\\\/technoton\"]}]}<\/script>\n<!-- \/ Yoast SEO Premium plugin. -->","yoast_head_json":{"title":"Instalaci\u00f3n de sensores de carga por eje. MAN TGM | Technoton","robots":{"index":"index","follow":"follow","max-snippet":"max-snippet:-1","max-image-preview":"max-image-preview:large","max-video-preview":"max-video-preview:-1"},"canonical":"https:\/\/jv-technoton.com\/es\/galeria-de-instalaciones-de-equipos-technoton\/instalacion-de-sensores-de-carga-por-eje-man-tgm\/","og_locale":"es_ES","og_type":"article","og_title":"Instalaci\u00f3n de sensores de carga por eje. MAN TGM","og_description":"[vc_row][vc_column][vc_column_text] Instalaci\u00f3n de sensores de carga por eje. MAN TGM [\/vc_column_text][\/vc_column][\/vc_row][vc_row][vc_column width=\u00bb1\/3&#8243; el_class=\u00bb.zoom\u00bb][vc_single_image image=\u00bb23472&#8243; img_size=\u00bb380&#215;285&#8243; onclick=\u00bblink_image\u00bb][vc_column_text]Suspensi\u00f3n neum\u00e1tica &#8211; vista lateral[\/vc_column_text][\/vc_column][vc_column width=\u00bb1\/3&#8243; el_class=\u00bb.zoom\u00bb][vc_single_image image=\u00bb23476&#8243; img_size=\u00bb380&#215;285&#8243; onclick=\u00bblink_image\u00bb][vc_column_text]Neum\u00e1tico sin presi\u00f3n[\/vc_column_text][\/vc_column][vc_column width=\u00bb1\/3&#8243; el_class=\u00bb.zoom\u00bb][vc_single_image image=\u00bb23792&#8243; img_size=\u00bb380&#215;285&#8243; onclick=\u00bblink_image\u00bb][vc_column_text]Suspensi\u00f3n neum\u00e1tica con tap\u00f3n[\/vc_column_text][\/vc_column][\/vc_row][vc_row][vc_column][\/vc_column][\/vc_row][vc_row][vc_column width=\u00bb1\/3&#8243; el_class=\u00bb.zoom\u00bb][vc_single_image image=\u00bb23489&#8243; img_size=\u00bb380&#215;285&#8243; onclick=\u00bblink_image\u00bb][vc_column_text]GNOM DDE est\u00e1 instalado en lugar de un enchufe est\u00e1ndar[\/vc_column_text][\/vc_column][vc_column width=\u00bb1\/3&#8243; el_class=\u00bb.zoom\u00bb][vc_single_image image=\u00bb23493&#8243; img_size=\u00bb380&#215;285&#8243; onclick=\u00bblink_image\u00bb][vc_column_text]GNOM DDE...","og_url":"https:\/\/jv-technoton.com\/es\/galeria-de-instalaciones-de-equipos-technoton\/instalacion-de-sensores-de-carga-por-eje-man-tgm\/","og_site_name":"Technoton","article_modified_time":"2021-04-06T06:45:15+00:00","twitter_card":"summary_large_image","twitter_misc":{"Tiempo de lectura":"1 minuto"},"schema":{"@context":"https:\/\/schema.org","@graph":[{"@type":"WebPage","@id":"https:\/\/jv-technoton.com\/es\/galeria-de-instalaciones-de-equipos-technoton\/instalacion-de-sensores-de-carga-por-eje-man-tgm\/","url":"https:\/\/jv-technoton.com\/es\/galeria-de-instalaciones-de-equipos-technoton\/instalacion-de-sensores-de-carga-por-eje-man-tgm\/","name":"Instalaci\u00f3n de sensores de carga por eje. MAN TGM | Technoton","isPartOf":{"@id":"https:\/\/jv-technoton.com\/#website"},"datePublished":"2020-02-21T08:58:40+00:00","dateModified":"2021-04-06T06:45:15+00:00","breadcrumb":{"@id":"https:\/\/jv-technoton.com\/es\/galeria-de-instalaciones-de-equipos-technoton\/instalacion-de-sensores-de-carga-por-eje-man-tgm\/#breadcrumb"},"inLanguage":"es","potentialAction":[{"@type":"ReadAction","target":["https:\/\/jv-technoton.com\/es\/galeria-de-instalaciones-de-equipos-technoton\/instalacion-de-sensores-de-carga-por-eje-man-tgm\/"]}]},{"@type":"BreadcrumbList","@id":"https:\/\/jv-technoton.com\/es\/galeria-de-instalaciones-de-equipos-technoton\/instalacion-de-sensores-de-carga-por-eje-man-tgm\/#breadcrumb","itemListElement":[{"@type":"ListItem","position":1,"name":"Home","item":"https:\/\/jv-technoton.com\/es\/"},{"@type":"ListItem","position":2,"name":"Galer\u00eda de instalaciones de equipos Technoton","item":"https:\/\/jv-technoton.com\/es\/galeria-de-instalaciones-de-equipos-technoton\/"},{"@type":"ListItem","position":3,"name":"Instalaci\u00f3n de sensores de carga por eje. MAN TGM"}]},{"@type":"WebSite","@id":"https:\/\/jv-technoton.com\/#website","url":"https:\/\/jv-technoton.com\/","name":"Advanced machinery telematics and fuel monitoring","description":"Telem\u00e1tica para maquinaria compleja | Technoton","publisher":{"@id":"https:\/\/jv-technoton.com\/#organization"},"potentialAction":[{"@type":"SearchAction","target":{"@type":"EntryPoint","urlTemplate":"https:\/\/jv-technoton.com\/?s={search_term_string}"},"query-input":{"@type":"PropertyValueSpecification","valueRequired":true,"valueName":"search_term_string"}}],"inLanguage":"es"},{"@type":"Organization","@id":"https:\/\/jv-technoton.com\/#organization","name":"Technoton","url":"https:\/\/jv-technoton.com\/","logo":{"@type":"ImageObject","inLanguage":"es","@id":"https:\/\/jv-technoton.com\/#\/schema\/logo\/image\/","url":"https:\/\/jv-technoton.com\/wp-content\/uploads\/2022\/02\/technoton_logo_web.png","contentUrl":"https:\/\/jv-technoton.com\/wp-content\/uploads\/2022\/02\/technoton_logo_web.png","width":800,"height":329,"caption":"Technoton"},"image":{"@id":"https:\/\/jv-technoton.com\/#\/schema\/logo\/image\/"},"sameAs":["https:\/\/www.linkedin.com\/company\/technoton"]}]}},"rttpg_featured_image_url":null,"rttpg_author":{"display_name":"Anya","author_link":"https:\/\/jv-technoton.com\/es\/author\/technoton-com\/"},"rttpg_comment":0,"rttpg_category":" <a href=\"https:\/\/jv-technoton.com\/es\/?taxonomy=translation_priority&#038;term=opcional\" rel=\"tag\">Opcional<\/a>","rttpg_excerpt":"[vc_row][vc_column][vc_column_text] Instalaci\u00f3n de sensores de carga por eje. MAN TGM [\/vc_column_text][\/vc_column][\/vc_row][vc_row][vc_column width=\u00bb1\/3&#8243; el_class=\u00bb.zoom\u00bb][vc_single_image image=\u00bb23472&#8243; img_size=\u00bb380&#215;285&#8243; onclick=\u00bblink_image\u00bb][vc_column_text]Suspensi\u00f3n neum\u00e1tica &#8211; vista lateral[\/vc_column_text][\/vc_column][vc_column width=\u00bb1\/3&#8243; el_class=\u00bb.zoom\u00bb][vc_single_image image=\u00bb23476&#8243; img_size=\u00bb380&#215;285&#8243; onclick=\u00bblink_image\u00bb][vc_column_text]Neum\u00e1tico sin presi\u00f3n[\/vc_column_text][\/vc_column][vc_column width=\u00bb1\/3&#8243; el_class=\u00bb.zoom\u00bb][vc_single_image image=\u00bb23792&#8243; img_size=\u00bb380&#215;285&#8243; onclick=\u00bblink_image\u00bb][vc_column_text]Suspensi\u00f3n neum\u00e1tica con tap\u00f3n[\/vc_column_text][\/vc_column][\/vc_row][vc_row][vc_column][\/vc_column][\/vc_row][vc_row][vc_column width=\u00bb1\/3&#8243; el_class=\u00bb.zoom\u00bb][vc_single_image image=\u00bb23489&#8243; img_size=\u00bb380&#215;285&#8243; onclick=\u00bblink_image\u00bb][vc_column_text]GNOM DDE est\u00e1 instalado en lugar de un enchufe est\u00e1ndar[\/vc_column_text][\/vc_column][vc_column width=\u00bb1\/3&#8243; el_class=\u00bb.zoom\u00bb][vc_single_image image=\u00bb23493&#8243; img_size=\u00bb380&#215;285&#8243; onclick=\u00bblink_image\u00bb][vc_column_text]GNOM DDE...","_links":{"self":[{"href":"https:\/\/jv-technoton.com\/es\/wp-json\/wp\/v2\/pages\/47743","targetHints":{"allow":["GET"]}}],"collection":[{"href":"https:\/\/jv-technoton.com\/es\/wp-json\/wp\/v2\/pages"}],"about":[{"href":"https:\/\/jv-technoton.com\/es\/wp-json\/wp\/v2\/types\/page"}],"author":[{"embeddable":true,"href":"https:\/\/jv-technoton.com\/es\/wp-json\/wp\/v2\/users\/2"}],"replies":[{"embeddable":true,"href":"https:\/\/jv-technoton.com\/es\/wp-json\/wp\/v2\/comments?post=47743"}],"version-history":[{"count":0,"href":"https:\/\/jv-technoton.com\/es\/wp-json\/wp\/v2\/pages\/47743\/revisions"}],"up":[{"embeddable":true,"href":"https:\/\/jv-technoton.com\/es\/wp-json\/wp\/v2\/pages\/47585"}],"wp:attachment":[{"href":"https:\/\/jv-technoton.com\/es\/wp-json\/wp\/v2\/media?parent=47743"}],"curies":[{"name":"wp","href":"https:\/\/api.w.org\/{rel}","templated":true}]}}