{"id":47748,"date":"2020-02-21T13:03:54","date_gmt":"2020-02-21T10:03:54","guid":{"rendered":"https:\/\/jv-technoton.com\/?page_id=47748"},"modified":"2025-07-25T10:39:47","modified_gmt":"2025-07-25T07:39:47","slug":"instalacion-de-sensores-de-carga-por-eje-renault-premium-lander","status":"publish","type":"page","link":"https:\/\/jv-technoton.com\/es\/galeria-de-instalaciones-de-equipos-technoton\/instalacion-de-sensores-de-carga-por-eje-renault-premium-lander\/","title":{"rendered":"Instalaci\u00f3n de sensores de carga por eje. Renault Premium Lander truck"},"content":{"rendered":"<div class=\"wpb-content-wrapper\"><p>[vc_row][vc_column]<div class=\"ult-spacer spacer-69d9b99e3ed10\" data-id=\"69d9b99e3ed10\" data-height=\"10\" data-height-mobile=\"10\" data-height-tab=\"10\" data-height-tab-portrait=\"\" data-height-mobile-landscape=\"\" style=\"clear:both;display:block;\"><\/div>[vc_column_text]<\/p>\n<h1>Instalaci\u00f3n de sensores de carga por eje. Renault Premium Lander<\/h1>\n<p>[\/vc_column_text][\/vc_column][\/vc_row][vc_row][vc_column width=\u00bb1\/3&#8243;][vc_single_image image=\u00bb23242&#8243; img_size=\u00bb380\u0445285&#8243; onclick=\u00bblink_image\u00bb]<div class=\"ult-spacer spacer-69d9b99e3ed51\" data-id=\"69d9b99e3ed51\" data-height=\"10\" data-height-mobile=\"10\" data-height-tab=\"10\" data-height-tab-portrait=\"\" data-height-mobile-landscape=\"\" style=\"clear:both;display:block;\"><\/div>[vc_column_text]Eje de remolque de contenedor de tres ejes con estructura de resorte[\/vc_column_text][\/vc_column][vc_column width=\u00bb1\/3&#8243;][vc_single_image image=\u00bb23774&#8243; img_size=\u00bb380\u0445285&#8243; onclick=\u00bblink_image\u00bb]<div class=\"ult-spacer spacer-69d9b99e3ed7c\" data-id=\"69d9b99e3ed7c\" data-height=\"10\" data-height-mobile=\"10\" data-height-tab=\"10\" data-height-tab-portrait=\"\" data-height-mobile-landscape=\"\" style=\"clear:both;display:block;\"><\/div>[vc_column_text]Montaje de GNOM DP con elemento flexible[\/vc_column_text][\/vc_column][vc_column width=\u00bb1\/3&#8243;][vc_single_image image=\u00bb23746&#8243; img_size=\u00bb380\u0445285&#8243; onclick=\u00bblink_image\u00bb]<div class=\"ult-spacer spacer-69d9b99e3eda1\" data-id=\"69d9b99e3eda1\" data-height=\"10\" data-height-mobile=\"10\" data-height-tab=\"10\" data-height-tab-portrait=\"\" data-height-mobile-landscape=\"\" style=\"clear:both;display:block;\"><\/div>[vc_column_text]Desde este \u00e1ngulo se ven pernos largos que protegen la retirada de la palanca fuera del \u00e1rea de trabajo[\/vc_column_text][\/vc_column][\/vc_row][vc_row][vc_column]<div class=\"ult-spacer spacer-69d9b99e3edc8\" data-id=\"69d9b99e3edc8\" data-height=\"30\" data-height-mobile=\"30\" data-height-tab=\"30\" data-height-tab-portrait=\"\" data-height-mobile-landscape=\"\" style=\"clear:both;display:block;\"><\/div>[\/vc_column][\/vc_row][vc_row][vc_column width=\u00bb1\/3&#8243;][vc_single_image image=\u00bb23750&#8243; img_size=\u00bb380\u0445285&#8243; onclick=\u00bblink_image\u00bb]<div class=\"ult-spacer spacer-69d9b99e3edeb\" data-id=\"69d9b99e3edeb\" data-height=\"10\" data-height-mobile=\"10\" data-height-tab=\"10\" data-height-tab-portrait=\"\" data-height-mobile-landscape=\"\" style=\"clear:both;display:block;\"><\/div>[vc_column_text]Conexi\u00f3n el\u00e9ctrica del cable GNOM DP a trav\u00e9s del enchufe est\u00e1ndar del remolque desenganchado[\/vc_column_text][\/vc_column][vc_column width=\u00bb1\/3&#8243;][vc_single_image image=\u00bb23754&#8243; img_size=\u00bb380\u0445285&#8243; onclick=\u00bblink_image\u00bb]<div class=\"ult-spacer spacer-69d9b99e3ee0d\" data-id=\"69d9b99e3ee0d\" data-height=\"10\" data-height-mobile=\"10\" data-height-tab=\"10\" data-height-tab-portrait=\"\" data-height-mobile-landscape=\"\" style=\"clear:both;display:block;\"><\/div>[vc_column_text]Calibraci\u00f3n de GNOM DP. Indicador de peso del veh\u00edculo en \u00abpeso\u00bb (veh\u00edculo en la calle, en la b\u00e1scula)[\/vc_column_text][\/vc_column][vc_column width=\u00bb1\/3&#8243;][\/vc_column][\/vc_row]<\/p>\n<\/div>","protected":false},"excerpt":{"rendered":"<p>[vc_row][vc_column][vc_column_text] Instalaci\u00f3n de sensores de carga por eje. Renault Premium Lander [\/vc_column_text][\/vc_column][\/vc_row][vc_row][vc_column width=\u00bb1\/3&#8243;][vc_single_image image=\u00bb23242&#8243; img_size=\u00bb380\u0445285&#8243; onclick=\u00bblink_image\u00bb][vc_column_text]Eje de remolque de contenedor de tres ejes con estructura de resorte[\/vc_column_text][\/vc_column][vc_column width=\u00bb1\/3&#8243;][vc_single_image image=\u00bb23774&#8243; img_size=\u00bb380\u0445285&#8243; onclick=\u00bblink_image\u00bb][vc_column_text]Montaje de GNOM DP con elemento flexible[\/vc_column_text][\/vc_column][vc_column width=\u00bb1\/3&#8243;][vc_single_image image=\u00bb23746&#8243; img_size=\u00bb380\u0445285&#8243; onclick=\u00bblink_image\u00bb][vc_column_text]Desde este \u00e1ngulo se ven pernos largos que protegen la retirada de la palanca fuera [&hellip;]<\/p>\n","protected":false},"author":2,"featured_media":0,"parent":47585,"menu_order":0,"comment_status":"closed","ping_status":"closed","template":"","meta":{"footnotes":""},"class_list":["post-47748","page","type-page","status-publish","hentry"],"yoast_head":"<!-- This site is optimized with the Yoast SEO plugin v27.3 - https:\/\/yoast.com\/product\/yoast-seo-wordpress\/ -->\n<title>Instalaci\u00f3n de sensores de carga por eje. Renault Premium Lander truck | Technoton<\/title>\n<meta name=\"description\" content=\"Descubra la instalaci\u00f3n de sensores de carga por eje GNOM en Renault Premium Lander truck. Optimice el control de carga, evite sobrecargas y mejore la eficiencia del transporte con la tecnolog\u00eda de Technoton.\" \/>\n<meta name=\"robots\" content=\"index, follow, max-snippet:-1, max-image-preview:large, max-video-preview:-1\" \/>\n<link rel=\"canonical\" href=\"https:\/\/jv-technoton.com\/es\/galeria-de-instalaciones-de-equipos-technoton\/instalacion-de-sensores-de-carga-por-eje-renault-premium-lander\/\" \/>\n<meta property=\"og:locale\" content=\"es_ES\" \/>\n<meta property=\"og:type\" content=\"article\" \/>\n<meta property=\"og:title\" content=\"Instalaci\u00f3n de sensores de carga por eje. Renault Premium Lander truck | Technoton\" \/>\n<meta property=\"og:description\" content=\"Descubra la instalaci\u00f3n de sensores de carga por eje GNOM en Renault Premium Lander truck. Optimice el control de carga, evite sobrecargas y mejore la eficiencia del transporte con la tecnolog\u00eda de Technoton.\" \/>\n<meta property=\"og:url\" content=\"https:\/\/jv-technoton.com\/es\/galeria-de-instalaciones-de-equipos-technoton\/instalacion-de-sensores-de-carga-por-eje-renault-premium-lander\/\" \/>\n<meta property=\"og:site_name\" content=\"Technoton\" \/>\n<meta property=\"article:modified_time\" content=\"2025-07-25T07:39:47+00:00\" \/>\n<meta name=\"twitter:card\" content=\"summary_large_image\" \/>\n<meta name=\"twitter:label1\" content=\"Tiempo de lectura\" \/>\n\t<meta name=\"twitter:data1\" content=\"2 minutos\" \/>\n<script type=\"application\/ld+json\" class=\"yoast-schema-graph\">{\"@context\":\"https:\\\/\\\/schema.org\",\"@graph\":[{\"@type\":\"WebPage\",\"@id\":\"https:\\\/\\\/jv-technoton.com\\\/es\\\/galeria-de-instalaciones-de-equipos-technoton\\\/instalacion-de-sensores-de-carga-por-eje-renault-premium-lander\\\/\",\"url\":\"https:\\\/\\\/jv-technoton.com\\\/es\\\/galeria-de-instalaciones-de-equipos-technoton\\\/instalacion-de-sensores-de-carga-por-eje-renault-premium-lander\\\/\",\"name\":\"Instalaci\u00f3n de sensores de carga por eje. Renault Premium Lander truck | Technoton\",\"isPartOf\":{\"@id\":\"https:\\\/\\\/jv-technoton.com\\\/#website\"},\"datePublished\":\"2020-02-21T10:03:54+00:00\",\"dateModified\":\"2025-07-25T07:39:47+00:00\",\"description\":\"Descubra la instalaci\u00f3n de sensores de carga por eje GNOM en Renault Premium Lander truck. Optimice el control de carga, evite sobrecargas y mejore la eficiencia del transporte con la tecnolog\u00eda de Technoton.\",\"breadcrumb\":{\"@id\":\"https:\\\/\\\/jv-technoton.com\\\/es\\\/galeria-de-instalaciones-de-equipos-technoton\\\/instalacion-de-sensores-de-carga-por-eje-renault-premium-lander\\\/#breadcrumb\"},\"inLanguage\":\"es\",\"potentialAction\":[{\"@type\":\"ReadAction\",\"target\":[\"https:\\\/\\\/jv-technoton.com\\\/es\\\/galeria-de-instalaciones-de-equipos-technoton\\\/instalacion-de-sensores-de-carga-por-eje-renault-premium-lander\\\/\"]}]},{\"@type\":\"BreadcrumbList\",\"@id\":\"https:\\\/\\\/jv-technoton.com\\\/es\\\/galeria-de-instalaciones-de-equipos-technoton\\\/instalacion-de-sensores-de-carga-por-eje-renault-premium-lander\\\/#breadcrumb\",\"itemListElement\":[{\"@type\":\"ListItem\",\"position\":1,\"name\":\"Home\",\"item\":\"https:\\\/\\\/jv-technoton.com\\\/es\\\/\"},{\"@type\":\"ListItem\",\"position\":2,\"name\":\"Galer\u00eda de instalaciones de equipos Technoton\",\"item\":\"https:\\\/\\\/jv-technoton.com\\\/es\\\/galeria-de-instalaciones-de-equipos-technoton\\\/\"},{\"@type\":\"ListItem\",\"position\":3,\"name\":\"Instalaci\u00f3n de sensores de carga por eje. Renault Premium Lander truck\"}]},{\"@type\":\"WebSite\",\"@id\":\"https:\\\/\\\/jv-technoton.com\\\/#website\",\"url\":\"https:\\\/\\\/jv-technoton.com\\\/\",\"name\":\"Advanced machinery telematics and fuel monitoring\",\"description\":\"Telem\u00e1tica para maquinaria compleja | Technoton\",\"publisher\":{\"@id\":\"https:\\\/\\\/jv-technoton.com\\\/#organization\"},\"potentialAction\":[{\"@type\":\"SearchAction\",\"target\":{\"@type\":\"EntryPoint\",\"urlTemplate\":\"https:\\\/\\\/jv-technoton.com\\\/?s={search_term_string}\"},\"query-input\":{\"@type\":\"PropertyValueSpecification\",\"valueRequired\":true,\"valueName\":\"search_term_string\"}}],\"inLanguage\":\"es\"},{\"@type\":\"Organization\",\"@id\":\"https:\\\/\\\/jv-technoton.com\\\/#organization\",\"name\":\"Technoton\",\"url\":\"https:\\\/\\\/jv-technoton.com\\\/\",\"logo\":{\"@type\":\"ImageObject\",\"inLanguage\":\"es\",\"@id\":\"https:\\\/\\\/jv-technoton.com\\\/#\\\/schema\\\/logo\\\/image\\\/\",\"url\":\"https:\\\/\\\/jv-technoton.com\\\/wp-content\\\/uploads\\\/2022\\\/02\\\/technoton_logo_web.png\",\"contentUrl\":\"https:\\\/\\\/jv-technoton.com\\\/wp-content\\\/uploads\\\/2022\\\/02\\\/technoton_logo_web.png\",\"width\":800,\"height\":329,\"caption\":\"Technoton\"},\"image\":{\"@id\":\"https:\\\/\\\/jv-technoton.com\\\/#\\\/schema\\\/logo\\\/image\\\/\"},\"sameAs\":[\"https:\\\/\\\/www.linkedin.com\\\/company\\\/technoton\"]}]}<\/script>\n<!-- \/ Yoast SEO plugin. -->","yoast_head_json":{"title":"Instalaci\u00f3n de sensores de carga por eje. Renault Premium Lander truck | Technoton","description":"Descubra la instalaci\u00f3n de sensores de carga por eje GNOM en Renault Premium Lander truck. Optimice el control de carga, evite sobrecargas y mejore la eficiencia del transporte con la tecnolog\u00eda de Technoton.","robots":{"index":"index","follow":"follow","max-snippet":"max-snippet:-1","max-image-preview":"max-image-preview:large","max-video-preview":"max-video-preview:-1"},"canonical":"https:\/\/jv-technoton.com\/es\/galeria-de-instalaciones-de-equipos-technoton\/instalacion-de-sensores-de-carga-por-eje-renault-premium-lander\/","og_locale":"es_ES","og_type":"article","og_title":"Instalaci\u00f3n de sensores de carga por eje. Renault Premium Lander truck | Technoton","og_description":"Descubra la instalaci\u00f3n de sensores de carga por eje GNOM en Renault Premium Lander truck. Optimice el control de carga, evite sobrecargas y mejore la eficiencia del transporte con la tecnolog\u00eda de Technoton.","og_url":"https:\/\/jv-technoton.com\/es\/galeria-de-instalaciones-de-equipos-technoton\/instalacion-de-sensores-de-carga-por-eje-renault-premium-lander\/","og_site_name":"Technoton","article_modified_time":"2025-07-25T07:39:47+00:00","twitter_card":"summary_large_image","twitter_misc":{"Tiempo de lectura":"2 minutos"},"schema":{"@context":"https:\/\/schema.org","@graph":[{"@type":"WebPage","@id":"https:\/\/jv-technoton.com\/es\/galeria-de-instalaciones-de-equipos-technoton\/instalacion-de-sensores-de-carga-por-eje-renault-premium-lander\/","url":"https:\/\/jv-technoton.com\/es\/galeria-de-instalaciones-de-equipos-technoton\/instalacion-de-sensores-de-carga-por-eje-renault-premium-lander\/","name":"Instalaci\u00f3n de sensores de carga por eje. Renault Premium Lander truck | Technoton","isPartOf":{"@id":"https:\/\/jv-technoton.com\/#website"},"datePublished":"2020-02-21T10:03:54+00:00","dateModified":"2025-07-25T07:39:47+00:00","description":"Descubra la instalaci\u00f3n de sensores de carga por eje GNOM en Renault Premium Lander truck. Optimice el control de carga, evite sobrecargas y mejore la eficiencia del transporte con la tecnolog\u00eda de Technoton.","breadcrumb":{"@id":"https:\/\/jv-technoton.com\/es\/galeria-de-instalaciones-de-equipos-technoton\/instalacion-de-sensores-de-carga-por-eje-renault-premium-lander\/#breadcrumb"},"inLanguage":"es","potentialAction":[{"@type":"ReadAction","target":["https:\/\/jv-technoton.com\/es\/galeria-de-instalaciones-de-equipos-technoton\/instalacion-de-sensores-de-carga-por-eje-renault-premium-lander\/"]}]},{"@type":"BreadcrumbList","@id":"https:\/\/jv-technoton.com\/es\/galeria-de-instalaciones-de-equipos-technoton\/instalacion-de-sensores-de-carga-por-eje-renault-premium-lander\/#breadcrumb","itemListElement":[{"@type":"ListItem","position":1,"name":"Home","item":"https:\/\/jv-technoton.com\/es\/"},{"@type":"ListItem","position":2,"name":"Galer\u00eda de instalaciones de equipos Technoton","item":"https:\/\/jv-technoton.com\/es\/galeria-de-instalaciones-de-equipos-technoton\/"},{"@type":"ListItem","position":3,"name":"Instalaci\u00f3n de sensores de carga por eje. Renault Premium Lander truck"}]},{"@type":"WebSite","@id":"https:\/\/jv-technoton.com\/#website","url":"https:\/\/jv-technoton.com\/","name":"Advanced machinery telematics and fuel monitoring","description":"Telem\u00e1tica para maquinaria compleja | Technoton","publisher":{"@id":"https:\/\/jv-technoton.com\/#organization"},"potentialAction":[{"@type":"SearchAction","target":{"@type":"EntryPoint","urlTemplate":"https:\/\/jv-technoton.com\/?s={search_term_string}"},"query-input":{"@type":"PropertyValueSpecification","valueRequired":true,"valueName":"search_term_string"}}],"inLanguage":"es"},{"@type":"Organization","@id":"https:\/\/jv-technoton.com\/#organization","name":"Technoton","url":"https:\/\/jv-technoton.com\/","logo":{"@type":"ImageObject","inLanguage":"es","@id":"https:\/\/jv-technoton.com\/#\/schema\/logo\/image\/","url":"https:\/\/jv-technoton.com\/wp-content\/uploads\/2022\/02\/technoton_logo_web.png","contentUrl":"https:\/\/jv-technoton.com\/wp-content\/uploads\/2022\/02\/technoton_logo_web.png","width":800,"height":329,"caption":"Technoton"},"image":{"@id":"https:\/\/jv-technoton.com\/#\/schema\/logo\/image\/"},"sameAs":["https:\/\/www.linkedin.com\/company\/technoton"]}]}},"rttpg_featured_image_url":null,"rttpg_author":{"display_name":"Anya","author_link":"https:\/\/jv-technoton.com\/es\/author\/technoton-com\/"},"rttpg_comment":0,"rttpg_category":" <a href=\"https:\/\/jv-technoton.com\/es\/?taxonomy=translation_priority&#038;term=opcional\" rel=\"tag\">Opcional<\/a>","rttpg_excerpt":"[vc_row][vc_column][vc_column_text] Instalaci\u00f3n de sensores de carga por eje. Renault Premium Lander [\/vc_column_text][\/vc_column][\/vc_row][vc_row][vc_column width=\u00bb1\/3&#8243;][vc_single_image image=\u00bb23242&#8243; img_size=\u00bb380\u0445285&#8243; onclick=\u00bblink_image\u00bb][vc_column_text]Eje de remolque de contenedor de tres ejes con estructura de resorte[\/vc_column_text][\/vc_column][vc_column width=\u00bb1\/3&#8243;][vc_single_image image=\u00bb23774&#8243; img_size=\u00bb380\u0445285&#8243; onclick=\u00bblink_image\u00bb][vc_column_text]Montaje de GNOM DP con elemento flexible[\/vc_column_text][\/vc_column][vc_column width=\u00bb1\/3&#8243;][vc_single_image image=\u00bb23746&#8243; img_size=\u00bb380\u0445285&#8243; onclick=\u00bblink_image\u00bb][vc_column_text]Desde este \u00e1ngulo se ven pernos largos que protegen la retirada de la palanca fuera&hellip;","_links":{"self":[{"href":"https:\/\/jv-technoton.com\/es\/wp-json\/wp\/v2\/pages\/47748","targetHints":{"allow":["GET"]}}],"collection":[{"href":"https:\/\/jv-technoton.com\/es\/wp-json\/wp\/v2\/pages"}],"about":[{"href":"https:\/\/jv-technoton.com\/es\/wp-json\/wp\/v2\/types\/page"}],"author":[{"embeddable":true,"href":"https:\/\/jv-technoton.com\/es\/wp-json\/wp\/v2\/users\/2"}],"replies":[{"embeddable":true,"href":"https:\/\/jv-technoton.com\/es\/wp-json\/wp\/v2\/comments?post=47748"}],"version-history":[{"count":1,"href":"https:\/\/jv-technoton.com\/es\/wp-json\/wp\/v2\/pages\/47748\/revisions"}],"predecessor-version":[{"id":68329,"href":"https:\/\/jv-technoton.com\/es\/wp-json\/wp\/v2\/pages\/47748\/revisions\/68329"}],"up":[{"embeddable":true,"href":"https:\/\/jv-technoton.com\/es\/wp-json\/wp\/v2\/pages\/47585"}],"wp:attachment":[{"href":"https:\/\/jv-technoton.com\/es\/wp-json\/wp\/v2\/media?parent=47748"}],"curies":[{"name":"wp","href":"https:\/\/api.w.org\/{rel}","templated":true}]}}