{"id":49633,"date":"2020-03-30T10:00:17","date_gmt":"2020-03-30T07:00:17","guid":{"rendered":"https:\/\/jv-technoton.com\/?page_id=49633"},"modified":"2021-05-14T15:22:34","modified_gmt":"2021-05-14T12:22:34","slug":"instalacion-del-medidor-de-flujo-de-combustible-dfm-marine-en-el-camion-volquete-cat-777d","status":"publish","type":"page","link":"https:\/\/jv-technoton.com\/es\/galeria-de-instalaciones-de-equipos-technoton\/instalacion-del-medidor-de-flujo-de-combustible-dfm-marine-en-el-camion-volquete-cat-777d\/","title":{"rendered":"Instalaci\u00f3n del medidor de flujo de combustible DFM Marine en el cami\u00f3n volquete CAT 777D"},"content":{"rendered":"<div class=\"wpb-content-wrapper\"><p>[vc_row][vc_column]<div class=\"ult-spacer spacer-69e95705bab7c\" data-id=\"69e95705bab7c\" data-height=\"22\" data-height-mobile=\"22\" data-height-tab=\"22\" data-height-tab-portrait=\"\" data-height-mobile-landscape=\"\" style=\"clear:both;display:block;\"><\/div>[vc_column_text]<\/p>\n<h1>Instalaci\u00f3n del medidor de flujo de combustible DFM Marine en el cami\u00f3n volquete CAT 777D<\/h1>\n<p>[\/vc_column_text][vc_column_text]Instalaci\u00f3n del medidor de flujo de combustible para maquinaria pesada <a href=\"https:\/\/jv-technoton.com\/es\/productos\/dfm-marine\/\">DFM Marine<\/a> CCAN en un cami\u00f3n volquete Caterpillar 777D todoterreno. Se Utiliza el modo de funcionamiento diferencial de los medidores de flujo: un medidor de flujo <a href=\"https:\/\/jv-technoton.com\/es\/productos\/dfm-marine\/\">DFM Marine<\/a> est\u00e1 instalado en la l\u00ednea de suministro de combustible, el segundo <a href=\"https:\/\/jv-technoton.com\/es\/productos\/dfm-marine\/\">DFM Marine<\/a> est\u00e1 en la tuber\u00eda de retorno.<a href=\"https:\/\/jv-technoton.com\/choosing-installation-scheme-of-dfm-fuel-flow-meters\/\"> Los medidores de flujo de combustible se instalan de acuerdo con el Esquema<\/a> \u00aba presi\u00f3n\u00bb, es decir, despu\u00e9s de filtro de depuraci\u00f3n fina y la pompa de presi\u00f3n alta.<br \/>\nEl terminal de monitoreo de transporte recibe informaci\u00f3n:<\/p>\n<ul>\n<li>* Consumo de combustible diferencial instant\u00e1neo<\/li>\n<li>Consumo total de combustible<\/li>\n<li>Consumo de combustible en la l\u00ednea de suministro de combustible<\/li>\n<li>Consumo de combustible en la l\u00ednea de retorno<\/li>\n<li>Consumo de combustible y tiempo de funcionamiento del motor en diferentes modos de funcionamiento del motor:<br \/>\n\u00abRalent\u00ed\u00bb, \u00ab\u00d3ptimo\u00bb, \u00abSobrecarga\u00bb, \u00abSubida\u00bb.<\/li>\n<\/ul>\n<p>[\/vc_column_text]<div class=\"ult-spacer spacer-69e95705babb4\" data-id=\"69e95705babb4\" data-height=\"22\" data-height-mobile=\"22\" data-height-tab=\"22\" data-height-tab-portrait=\"\" data-height-mobile-landscape=\"\" style=\"clear:both;display:block;\"><\/div>[\/vc_column][\/vc_row][vc_row][vc_column width=\u00bb1\/3&#8243;][vc_column_text]<img decoding=\"async\" src=\"https:\/\/jv-technoton.com\/wp-content\/uploads\/2020\/03\/1Caterpillar-777D_1200-1.jpg\" alt=\"Caterpillar 777d\" \/>[\/vc_column_text][vc_column_text]<\/p>\n<p class=\"entry-title\">Caterpillar 777d<\/p>\n<p>[\/vc_column_text][\/vc_column][vc_column width=\u00bb1\/3&#8243;][vc_column_text]<img decoding=\"async\" src=\"https:\/\/jv-technoton.com\/wp-content\/uploads\/2020\/03\/2TNVD-rashodomer_1200.jpg\" alt=\"\u0420\u0430\u0441\u0445\u043e\u0434\u043e\u043c\u0435\u0440 DFM Marine \u0443\u0441\u0442\u0430\u043d\u043e\u0432\u043b\u0435\u043d \u043d\u0430 \u0441\u0442\u043e\u0440\u043e\u043d\u0435 \u043f\u043e\u0434\u0430\u0447\u0438 \u0442\u043e\u043f\u043b\u0438\u0432\u0430\" \/>[\/vc_column_text][vc_column_text]<\/p>\n<p class=\"entry-title\">El medidor de flujo DFM Marine est\u00e1 montado en la l\u00ednea de llenado de combustible<\/p>\n<p>[\/vc_column_text][\/vc_column][vc_column width=\u00bb1\/3&#8243;][vc_column_text]<img decoding=\"async\" src=\"https:\/\/jv-technoton.com\/wp-content\/uploads\/2020\/03\/3DSC_0815_1200.jpg\" alt=\"\u0422\u043e\u043f\u043b\u0438\u0432\u043d\u0430\u044f \u0441\u0438\u0441\u0442\u0435\u043c\u0430 \u0434\u0432\u0438\u0433\u0430\u0442\u0435\u043b\u044f \u0441\u0430\u043c\u043e\u0441\u0432\u0430\u043b\u0430 CAT 777D\" \/>[\/vc_column_text][vc_column_text]Sistema de combustible del motor del cami\u00f3n volquete CAT 777D[\/vc_column_text][\/vc_column][\/vc_row][vc_row][vc_column width=\u00bb1\/3&#8243;][vc_column_text]<img decoding=\"async\" src=\"https:\/\/jv-technoton.com\/wp-content\/uploads\/2020\/03\/4Vhod_tnvd_1200.jpg\" alt=\"\u0412\u0445\u043e\u0434 \u0422\u041d\u0412\u0414 \u0434\u0432\u0438\u0433\u0430\u0442\u0435\u043b\u044f \u0441\u0430\u043c\u043e\u0441\u0432\u0430\u043b\u0430\" \/>[\/vc_column_text][vc_column_text]<\/p>\n<p class=\"entry-title\">Entrada de la pompa de presi\u00f3n alta del motor del cami\u00f3n volquete<\/p>\n<p>[\/vc_column_text][\/vc_column][vc_column width=\u00bb1\/3&#8243;][vc_column_text]<img decoding=\"async\" src=\"https:\/\/jv-technoton.com\/wp-content\/uploads\/2020\/03\/5DSC_0910.jpg\" alt=\"\u0420\u0430\u0441\u0445\u043e\u0434\u043e\u043c\u0435\u0440 \u0442\u043e\u043f\u043b\u0438\u0432\u0430 \u043d\u0430 &quot;\u043e\u0431\u0440\u0430\u0442\u043a\u0435&quot; \u0434\u0432\u0438\u0433\u0430\u0442\u0435\u043b\u044f\" \/>[\/vc_column_text][vc_column_text]Medidor de flujo de combustible en la l\u00ednea de retorno del motor[\/vc_column_text][\/vc_column][vc_column width=\u00bb1\/3&#8243;][vc_column_text]<img decoding=\"async\" src=\"https:\/\/jv-technoton.com\/wp-content\/uploads\/2020\/03\/6Obratka_rashodomer_1200.jpg\" alt=\"DFM Marine \u0432 \u0442\u043e\u043f\u043b\u0438\u0432\u043d\u043e\u0439 \u0441\u0438\u0441\u0442\u0435\u043c\u0435 \u0441\u0430\u043c\u043e\u0441\u0432\u0430\u043b\u0430 CAT 777D\" \/>[\/vc_column_text][vc_column_text]DFM Marine en el sistema de combustible del cami\u00f3n volquete CAT 777D[\/vc_column_text][\/vc_column][\/vc_row]<\/p>\n<\/div>","protected":false},"excerpt":{"rendered":"<p>[vc_row][vc_column][vc_column_text] Instalaci\u00f3n del medidor de flujo de combustible DFM Marine en el cami\u00f3n volquete CAT 777D [\/vc_column_text][vc_column_text]Instalaci\u00f3n del medidor de flujo de combustible para maquinaria pesada DFM Marine CCAN en un cami\u00f3n volquete Caterpillar 777D todoterreno. Se Utiliza el modo de funcionamiento diferencial de los medidores de flujo: un medidor de flujo DFM Marine est\u00e1&#8230;<\/p>\n","protected":false},"author":2,"featured_media":0,"parent":47585,"menu_order":0,"comment_status":"closed","ping_status":"closed","template":"","meta":{"_kad_post_transparent":"","_kad_post_title":"","_kad_post_layout":"","_kad_post_sidebar_id":"","_kad_post_content_style":"","_kad_post_vertical_padding":"","_kad_post_feature":"","_kad_post_feature_position":"","_kad_post_header":false,"_kad_post_footer":false,"_kad_post_classname":"","footnotes":""},"class_list":["post-49633","page","type-page","status-publish","hentry"],"yoast_head":"<!-- This site is optimized with the Yoast SEO Premium plugin v18.1 (Yoast SEO v27.4) - https:\/\/yoast.com\/product\/yoast-seo-premium-wordpress\/ -->\n<title>Instalaci\u00f3n del medidor de flujo de combustible DFM Marine en el cami\u00f3n volquete CAT 777D | Technoton<\/title>\n<meta name=\"description\" content=\"Instalaci\u00f3n del medidor de flujo de combustible para maquinaria pesada DFM Marine CCAN en un cami\u00f3n volquete Caterpillar 777D todoterreno.\" \/>\n<meta name=\"robots\" content=\"index, follow, max-snippet:-1, max-image-preview:large, max-video-preview:-1\" \/>\n<link rel=\"canonical\" href=\"https:\/\/jv-technoton.com\/es\/galeria-de-instalaciones-de-equipos-technoton\/instalacion-del-medidor-de-flujo-de-combustible-dfm-marine-en-el-camion-volquete-cat-777d\/\" \/>\n<meta property=\"og:locale\" content=\"es_ES\" \/>\n<meta property=\"og:type\" content=\"article\" \/>\n<meta property=\"og:title\" content=\"Instalaci\u00f3n del medidor de flujo de combustible DFM Marine en el cami\u00f3n volquete CAT 777D\" \/>\n<meta property=\"og:description\" content=\"Instalaci\u00f3n del medidor de flujo de combustible para maquinaria pesada DFM Marine CCAN en un cami\u00f3n volquete Caterpillar 777D todoterreno.\" \/>\n<meta property=\"og:url\" content=\"https:\/\/jv-technoton.com\/es\/galeria-de-instalaciones-de-equipos-technoton\/instalacion-del-medidor-de-flujo-de-combustible-dfm-marine-en-el-camion-volquete-cat-777d\/\" \/>\n<meta property=\"og:site_name\" content=\"Technoton\" \/>\n<meta property=\"article:modified_time\" content=\"2021-05-14T12:22:34+00:00\" \/>\n<meta property=\"og:image\" content=\"https:\/\/jv-technoton.com\/wp-content\/uploads\/2020\/03\/1Caterpillar-777D_1200-1.jpg\" \/>\n<meta name=\"twitter:card\" content=\"summary_large_image\" \/>\n<meta name=\"twitter:label1\" content=\"Tiempo de lectura\" \/>\n\t<meta name=\"twitter:data1\" content=\"3 minutos\" \/>\n<script type=\"application\/ld+json\" class=\"yoast-schema-graph\">{\"@context\":\"https:\\\/\\\/schema.org\",\"@graph\":[{\"@type\":\"WebPage\",\"@id\":\"https:\\\/\\\/jv-technoton.com\\\/es\\\/galeria-de-instalaciones-de-equipos-technoton\\\/instalacion-del-medidor-de-flujo-de-combustible-dfm-marine-en-el-camion-volquete-cat-777d\\\/\",\"url\":\"https:\\\/\\\/jv-technoton.com\\\/es\\\/galeria-de-instalaciones-de-equipos-technoton\\\/instalacion-del-medidor-de-flujo-de-combustible-dfm-marine-en-el-camion-volquete-cat-777d\\\/\",\"name\":\"Instalaci\u00f3n del medidor de flujo de combustible DFM Marine en el cami\u00f3n volquete CAT 777D | Technoton\",\"isPartOf\":{\"@id\":\"https:\\\/\\\/jv-technoton.com\\\/#website\"},\"primaryImageOfPage\":{\"@id\":\"https:\\\/\\\/jv-technoton.com\\\/es\\\/galeria-de-instalaciones-de-equipos-technoton\\\/instalacion-del-medidor-de-flujo-de-combustible-dfm-marine-en-el-camion-volquete-cat-777d\\\/#primaryimage\"},\"image\":{\"@id\":\"https:\\\/\\\/jv-technoton.com\\\/es\\\/galeria-de-instalaciones-de-equipos-technoton\\\/instalacion-del-medidor-de-flujo-de-combustible-dfm-marine-en-el-camion-volquete-cat-777d\\\/#primaryimage\"},\"thumbnailUrl\":\"https:\\\/\\\/jv-technoton.com\\\/wp-content\\\/uploads\\\/2020\\\/03\\\/1Caterpillar-777D_1200-1.jpg\",\"datePublished\":\"2020-03-30T07:00:17+00:00\",\"dateModified\":\"2021-05-14T12:22:34+00:00\",\"description\":\"Instalaci\u00f3n del medidor de flujo de combustible para maquinaria pesada DFM Marine CCAN en un cami\u00f3n volquete Caterpillar 777D todoterreno.\",\"breadcrumb\":{\"@id\":\"https:\\\/\\\/jv-technoton.com\\\/es\\\/galeria-de-instalaciones-de-equipos-technoton\\\/instalacion-del-medidor-de-flujo-de-combustible-dfm-marine-en-el-camion-volquete-cat-777d\\\/#breadcrumb\"},\"inLanguage\":\"es\",\"potentialAction\":[{\"@type\":\"ReadAction\",\"target\":[\"https:\\\/\\\/jv-technoton.com\\\/es\\\/galeria-de-instalaciones-de-equipos-technoton\\\/instalacion-del-medidor-de-flujo-de-combustible-dfm-marine-en-el-camion-volquete-cat-777d\\\/\"]}]},{\"@type\":\"ImageObject\",\"inLanguage\":\"es\",\"@id\":\"https:\\\/\\\/jv-technoton.com\\\/es\\\/galeria-de-instalaciones-de-equipos-technoton\\\/instalacion-del-medidor-de-flujo-de-combustible-dfm-marine-en-el-camion-volquete-cat-777d\\\/#primaryimage\",\"url\":\"https:\\\/\\\/jv-technoton.com\\\/wp-content\\\/uploads\\\/2020\\\/03\\\/1Caterpillar-777D_1200-1.jpg\",\"contentUrl\":\"https:\\\/\\\/jv-technoton.com\\\/wp-content\\\/uploads\\\/2020\\\/03\\\/1Caterpillar-777D_1200-1.jpg\"},{\"@type\":\"BreadcrumbList\",\"@id\":\"https:\\\/\\\/jv-technoton.com\\\/es\\\/galeria-de-instalaciones-de-equipos-technoton\\\/instalacion-del-medidor-de-flujo-de-combustible-dfm-marine-en-el-camion-volquete-cat-777d\\\/#breadcrumb\",\"itemListElement\":[{\"@type\":\"ListItem\",\"position\":1,\"name\":\"Home\",\"item\":\"https:\\\/\\\/jv-technoton.com\\\/es\\\/\"},{\"@type\":\"ListItem\",\"position\":2,\"name\":\"Galer\u00eda de instalaciones de equipos Technoton\",\"item\":\"https:\\\/\\\/jv-technoton.com\\\/es\\\/galeria-de-instalaciones-de-equipos-technoton\\\/\"},{\"@type\":\"ListItem\",\"position\":3,\"name\":\"Instalaci\u00f3n del medidor de flujo de combustible DFM Marine en el cami\u00f3n volquete CAT 777D\"}]},{\"@type\":\"WebSite\",\"@id\":\"https:\\\/\\\/jv-technoton.com\\\/#website\",\"url\":\"https:\\\/\\\/jv-technoton.com\\\/\",\"name\":\"Advanced machinery telematics and fuel monitoring\",\"description\":\"Telem\u00e1tica para maquinaria compleja | Technoton\",\"publisher\":{\"@id\":\"https:\\\/\\\/jv-technoton.com\\\/#organization\"},\"potentialAction\":[{\"@type\":\"SearchAction\",\"target\":{\"@type\":\"EntryPoint\",\"urlTemplate\":\"https:\\\/\\\/jv-technoton.com\\\/?s={search_term_string}\"},\"query-input\":{\"@type\":\"PropertyValueSpecification\",\"valueRequired\":true,\"valueName\":\"search_term_string\"}}],\"inLanguage\":\"es\"},{\"@type\":\"Organization\",\"@id\":\"https:\\\/\\\/jv-technoton.com\\\/#organization\",\"name\":\"Technoton\",\"url\":\"https:\\\/\\\/jv-technoton.com\\\/\",\"logo\":{\"@type\":\"ImageObject\",\"inLanguage\":\"es\",\"@id\":\"https:\\\/\\\/jv-technoton.com\\\/#\\\/schema\\\/logo\\\/image\\\/\",\"url\":\"https:\\\/\\\/jv-technoton.com\\\/wp-content\\\/uploads\\\/2022\\\/02\\\/technoton_logo_web.png\",\"contentUrl\":\"https:\\\/\\\/jv-technoton.com\\\/wp-content\\\/uploads\\\/2022\\\/02\\\/technoton_logo_web.png\",\"width\":800,\"height\":329,\"caption\":\"Technoton\"},\"image\":{\"@id\":\"https:\\\/\\\/jv-technoton.com\\\/#\\\/schema\\\/logo\\\/image\\\/\"},\"sameAs\":[\"https:\\\/\\\/www.linkedin.com\\\/company\\\/technoton\"]}]}<\/script>\n<!-- \/ Yoast SEO Premium plugin. -->","yoast_head_json":{"title":"Instalaci\u00f3n del medidor de flujo de combustible DFM Marine en el cami\u00f3n volquete CAT 777D | Technoton","description":"Instalaci\u00f3n del medidor de flujo de combustible para maquinaria pesada DFM Marine CCAN en un cami\u00f3n volquete Caterpillar 777D todoterreno.","robots":{"index":"index","follow":"follow","max-snippet":"max-snippet:-1","max-image-preview":"max-image-preview:large","max-video-preview":"max-video-preview:-1"},"canonical":"https:\/\/jv-technoton.com\/es\/galeria-de-instalaciones-de-equipos-technoton\/instalacion-del-medidor-de-flujo-de-combustible-dfm-marine-en-el-camion-volquete-cat-777d\/","og_locale":"es_ES","og_type":"article","og_title":"Instalaci\u00f3n del medidor de flujo de combustible DFM Marine en el cami\u00f3n volquete CAT 777D","og_description":"Instalaci\u00f3n del medidor de flujo de combustible para maquinaria pesada DFM Marine CCAN en un cami\u00f3n volquete Caterpillar 777D todoterreno.","og_url":"https:\/\/jv-technoton.com\/es\/galeria-de-instalaciones-de-equipos-technoton\/instalacion-del-medidor-de-flujo-de-combustible-dfm-marine-en-el-camion-volquete-cat-777d\/","og_site_name":"Technoton","article_modified_time":"2021-05-14T12:22:34+00:00","og_image":[{"url":"https:\/\/jv-technoton.com\/wp-content\/uploads\/2020\/03\/1Caterpillar-777D_1200-1.jpg","type":"","width":"","height":""}],"twitter_card":"summary_large_image","twitter_misc":{"Tiempo de lectura":"3 minutos"},"schema":{"@context":"https:\/\/schema.org","@graph":[{"@type":"WebPage","@id":"https:\/\/jv-technoton.com\/es\/galeria-de-instalaciones-de-equipos-technoton\/instalacion-del-medidor-de-flujo-de-combustible-dfm-marine-en-el-camion-volquete-cat-777d\/","url":"https:\/\/jv-technoton.com\/es\/galeria-de-instalaciones-de-equipos-technoton\/instalacion-del-medidor-de-flujo-de-combustible-dfm-marine-en-el-camion-volquete-cat-777d\/","name":"Instalaci\u00f3n del medidor de flujo de combustible DFM Marine en el cami\u00f3n volquete CAT 777D | Technoton","isPartOf":{"@id":"https:\/\/jv-technoton.com\/#website"},"primaryImageOfPage":{"@id":"https:\/\/jv-technoton.com\/es\/galeria-de-instalaciones-de-equipos-technoton\/instalacion-del-medidor-de-flujo-de-combustible-dfm-marine-en-el-camion-volquete-cat-777d\/#primaryimage"},"image":{"@id":"https:\/\/jv-technoton.com\/es\/galeria-de-instalaciones-de-equipos-technoton\/instalacion-del-medidor-de-flujo-de-combustible-dfm-marine-en-el-camion-volquete-cat-777d\/#primaryimage"},"thumbnailUrl":"https:\/\/jv-technoton.com\/wp-content\/uploads\/2020\/03\/1Caterpillar-777D_1200-1.jpg","datePublished":"2020-03-30T07:00:17+00:00","dateModified":"2021-05-14T12:22:34+00:00","description":"Instalaci\u00f3n del medidor de flujo de combustible para maquinaria pesada DFM Marine CCAN en un cami\u00f3n volquete Caterpillar 777D todoterreno.","breadcrumb":{"@id":"https:\/\/jv-technoton.com\/es\/galeria-de-instalaciones-de-equipos-technoton\/instalacion-del-medidor-de-flujo-de-combustible-dfm-marine-en-el-camion-volquete-cat-777d\/#breadcrumb"},"inLanguage":"es","potentialAction":[{"@type":"ReadAction","target":["https:\/\/jv-technoton.com\/es\/galeria-de-instalaciones-de-equipos-technoton\/instalacion-del-medidor-de-flujo-de-combustible-dfm-marine-en-el-camion-volquete-cat-777d\/"]}]},{"@type":"ImageObject","inLanguage":"es","@id":"https:\/\/jv-technoton.com\/es\/galeria-de-instalaciones-de-equipos-technoton\/instalacion-del-medidor-de-flujo-de-combustible-dfm-marine-en-el-camion-volquete-cat-777d\/#primaryimage","url":"https:\/\/jv-technoton.com\/wp-content\/uploads\/2020\/03\/1Caterpillar-777D_1200-1.jpg","contentUrl":"https:\/\/jv-technoton.com\/wp-content\/uploads\/2020\/03\/1Caterpillar-777D_1200-1.jpg"},{"@type":"BreadcrumbList","@id":"https:\/\/jv-technoton.com\/es\/galeria-de-instalaciones-de-equipos-technoton\/instalacion-del-medidor-de-flujo-de-combustible-dfm-marine-en-el-camion-volquete-cat-777d\/#breadcrumb","itemListElement":[{"@type":"ListItem","position":1,"name":"Home","item":"https:\/\/jv-technoton.com\/es\/"},{"@type":"ListItem","position":2,"name":"Galer\u00eda de instalaciones de equipos Technoton","item":"https:\/\/jv-technoton.com\/es\/galeria-de-instalaciones-de-equipos-technoton\/"},{"@type":"ListItem","position":3,"name":"Instalaci\u00f3n del medidor de flujo de combustible DFM Marine en el cami\u00f3n volquete CAT 777D"}]},{"@type":"WebSite","@id":"https:\/\/jv-technoton.com\/#website","url":"https:\/\/jv-technoton.com\/","name":"Advanced machinery telematics and fuel monitoring","description":"Telem\u00e1tica para maquinaria compleja | Technoton","publisher":{"@id":"https:\/\/jv-technoton.com\/#organization"},"potentialAction":[{"@type":"SearchAction","target":{"@type":"EntryPoint","urlTemplate":"https:\/\/jv-technoton.com\/?s={search_term_string}"},"query-input":{"@type":"PropertyValueSpecification","valueRequired":true,"valueName":"search_term_string"}}],"inLanguage":"es"},{"@type":"Organization","@id":"https:\/\/jv-technoton.com\/#organization","name":"Technoton","url":"https:\/\/jv-technoton.com\/","logo":{"@type":"ImageObject","inLanguage":"es","@id":"https:\/\/jv-technoton.com\/#\/schema\/logo\/image\/","url":"https:\/\/jv-technoton.com\/wp-content\/uploads\/2022\/02\/technoton_logo_web.png","contentUrl":"https:\/\/jv-technoton.com\/wp-content\/uploads\/2022\/02\/technoton_logo_web.png","width":800,"height":329,"caption":"Technoton"},"image":{"@id":"https:\/\/jv-technoton.com\/#\/schema\/logo\/image\/"},"sameAs":["https:\/\/www.linkedin.com\/company\/technoton"]}]}},"rttpg_featured_image_url":null,"rttpg_author":{"display_name":"Anya","author_link":"https:\/\/jv-technoton.com\/es\/author\/technoton-com\/"},"rttpg_comment":0,"rttpg_category":" <a href=\"https:\/\/jv-technoton.com\/es\/?taxonomy=translation_priority&#038;term=opcional\" rel=\"tag\">Opcional<\/a>","rttpg_excerpt":"[vc_row][vc_column][vc_column_text] Instalaci\u00f3n del medidor de flujo de combustible DFM Marine en el cami\u00f3n volquete CAT 777D [\/vc_column_text][vc_column_text]Instalaci\u00f3n del medidor de flujo de combustible para maquinaria pesada DFM Marine CCAN en un cami\u00f3n volquete Caterpillar 777D todoterreno. Se Utiliza el modo de funcionamiento diferencial de los medidores de flujo: un medidor de flujo DFM Marine est\u00e1...","_links":{"self":[{"href":"https:\/\/jv-technoton.com\/es\/wp-json\/wp\/v2\/pages\/49633","targetHints":{"allow":["GET"]}}],"collection":[{"href":"https:\/\/jv-technoton.com\/es\/wp-json\/wp\/v2\/pages"}],"about":[{"href":"https:\/\/jv-technoton.com\/es\/wp-json\/wp\/v2\/types\/page"}],"author":[{"embeddable":true,"href":"https:\/\/jv-technoton.com\/es\/wp-json\/wp\/v2\/users\/2"}],"replies":[{"embeddable":true,"href":"https:\/\/jv-technoton.com\/es\/wp-json\/wp\/v2\/comments?post=49633"}],"version-history":[{"count":0,"href":"https:\/\/jv-technoton.com\/es\/wp-json\/wp\/v2\/pages\/49633\/revisions"}],"up":[{"embeddable":true,"href":"https:\/\/jv-technoton.com\/es\/wp-json\/wp\/v2\/pages\/47585"}],"wp:attachment":[{"href":"https:\/\/jv-technoton.com\/es\/wp-json\/wp\/v2\/media?parent=49633"}],"curies":[{"name":"wp","href":"https:\/\/api.w.org\/{rel}","templated":true}]}}