{"id":51090,"date":"2020-04-20T14:04:01","date_gmt":"2020-04-20T11:04:01","guid":{"rendered":"https:\/\/jv-technoton.com\/?page_id=51090"},"modified":"2024-11-29T19:52:23","modified_gmt":"2024-11-29T16:52:23","slug":"seccion-adicional-de-sensores-de-nivel-de-combustible","status":"publish","type":"page","link":"https:\/\/jv-technoton.com\/es\/productos\/seccion-adicional-de-sensores-de-nivel-de-combustible\/","title":{"rendered":"Secci\u00f3n adicional de sensores de nivel de combustible"},"content":{"rendered":"<div class=\"wpb-content-wrapper\"><p>[vc_row][vc_column]<div class=\"ult-spacer spacer-69e92c2b36b76\" data-id=\"69e92c2b36b76\" data-height=\"30\" data-height-mobile=\"30\" data-height-tab=\"30\" data-height-tab-portrait=\"\" data-height-mobile-landscape=\"\" style=\"clear:both;display:block;\"><\/div>[vc_column_text]<\/p>\n<h1>Secci\u00f3n adicional de sensores de nivel de combustible<\/h1>\n<p>[\/vc_column_text][\/vc_column][\/vc_row][vc_row][vc_column width=\u00bb1\/2&#8243;][vc_column_text]<img loading=\"lazy\" decoding=\"async\" class=\"size-full wp-image-3631 aligncenter\" title=\"La secci\u00f3n adicional\" src=\"https:\/\/jv-technoton.com\/wp-content\/uploads\/2018\/01\/Dopolnitelnaja_sektsyja.png\" alt=\"La secci\u00f3n adicional\" width=\"400\" height=\"253\" srcset=\"https:\/\/jv-technoton.com\/wp-content\/uploads\/2018\/01\/Dopolnitelnaja_sektsyja.png 400w, https:\/\/jv-technoton.com\/wp-content\/uploads\/2018\/01\/Dopolnitelnaja_sektsyja-300x190.png 300w\" sizes=\"auto, (max-width: 400px) 100vw, 400px\" \/>[\/vc_column_text]<div class=\"ult-spacer spacer-69e92c2b36bb0\" data-id=\"69e92c2b36bb0\" data-height=\"20\" data-height-mobile=\"20\" data-height-tab=\"20\" data-height-tab-portrait=\"\" data-height-mobile-landscape=\"\" style=\"clear:both;display:block;\"><\/div>[vc_separator][vc_column_text]<\/p>\n<h2 style=\"text-align: center;\">Aplicaci\u00f3n<\/h2>\n<p>[\/vc_column_text]<div class=\"ult-spacer spacer-69e92c2b36bd7\" data-id=\"69e92c2b36bd7\" data-height=\"20\" data-height-mobile=\"20\" data-height-tab=\"20\" data-height-tab-portrait=\"\" data-height-mobile-landscape=\"\" style=\"clear:both;display:block;\"><\/div>[vc_row_inner][vc_column_inner width=\u00bb1\/3&#8243;][vc_column_text]<a href=\"https:\/\/jv-technoton.com\/ru\/produkty\/dut-e\/\"><img loading=\"lazy\" decoding=\"async\" class=\"wp-image-4395 aligncenter\" title=\"DUT-E\" src=\"https:\/\/jv-technoton.com\/wp-content\/uploads\/2018\/01\/DUT-E-kopiya.png\" alt=\"DUT-E\" width=\"126\" height=\"25\" srcset=\"https:\/\/jv-technoton.com\/wp-content\/uploads\/2018\/01\/DUT-E-kopiya.png 308w, https:\/\/jv-technoton.com\/wp-content\/uploads\/2018\/01\/DUT-E-kopiya-300x59.png 300w\" sizes=\"auto, (max-width: 126px) 100vw, 126px\" \/><\/a>[\/vc_column_text][\/vc_column_inner][vc_column_inner width=\u00bb1\/3&#8243;][vc_column_text]<a href=\"https:\/\/jv-technoton.com\/ru\/produkty\/dut-e-gsm\/\"><img loading=\"lazy\" decoding=\"async\" class=\"alignnone wp-image-4400\" title=\"DUT-E GSM\" src=\"https:\/\/jv-technoton.com\/wp-content\/uploads\/2018\/01\/DUT-E_GSM.png\" alt=\"DUT-E GSM\" width=\"164\" height=\"25\" srcset=\"https:\/\/jv-technoton.com\/wp-content\/uploads\/2018\/01\/DUT-E_GSM.png 400w, https:\/\/jv-technoton.com\/wp-content\/uploads\/2018\/01\/DUT-E_GSM-300x46.png 300w\" sizes=\"auto, (max-width: 164px) 100vw, 164px\" \/><\/a>[\/vc_column_text][\/vc_column_inner][vc_column_inner width=\u00bb1\/3&#8243;][vc_column_text]<a href=\"https:\/\/jv-technoton.com\/ru\/produkty\/dut-e-2-bio\/\"><img loading=\"lazy\" decoding=\"async\" class=\"alignnone wp-image-2370\" title=\"DUT-E 2Bio\" src=\"https:\/\/jv-technoton.com\/wp-content\/uploads\/2017\/12\/2bio_Logo-e1516265512697.png\" alt=\"DUT-E 2Bio\" width=\"119\" height=\"25\" \/><\/a>[\/vc_column_text][\/vc_column_inner][\/vc_row_inner]<div class=\"ult-spacer spacer-69e92c2b36bf7\" data-id=\"69e92c2b36bf7\" data-height=\"30\" data-height-mobile=\"30\" data-height-tab=\"30\" data-height-tab-portrait=\"\" data-height-mobile-landscape=\"\" style=\"clear:both;display:block;\"><\/div>[\/vc_column][vc_column width=\u00bb1\/2&#8243;]<div class=\"ult-spacer spacer-69e92c2b36c15\" data-id=\"69e92c2b36c15\" data-height=\"30\" data-height-mobile=\"30\" data-height-tab=\"30\" data-height-tab-portrait=\"\" data-height-mobile-landscape=\"\" style=\"clear:both;display:block;\"><\/div>[\/vc_column][vc_column width=\u00bb1\/2&#8243;][vc_column_text]<\/p>\n<div align=\"justify\">\n<p>La secci\u00f3n adicional de DUT-E est\u00e1 destinada al alargamiento de cualesquiera sensores de nivel de combustible incluso los que fueron acortados previamente.<\/p>\n<p>Modelos de la secci\u00f3n adicional:<\/p>\n<ul>\n<li><strong>KDC 250;<\/strong><\/li>\n<li><strong>KDC 500;<\/strong><\/li>\n<li><strong>KDC 1000.<\/strong><\/li>\n<\/ul>\n<p>Las cifras designan la longitud de la secci\u00f3n en milimetros.<\/p>\n<p>Se permite alargar el sensor hasta 6000 mm. La conexi\u00f3n segura garantiza una se\u00f1al de calidad.<\/p>\n<p>La secci\u00f3n adicional ahorra los gastos en transportaci\u00f3n de sensores sobredimensionados de m\u00e1s de 1000 mm de largo.<\/p>\n<\/div>\n<p>[\/vc_column_text][\/vc_column][\/vc_row][vc_row][vc_column][vc_separator]<div class=\"ult-spacer spacer-69e92c2b36c32\" data-id=\"69e92c2b36c32\" data-height=\"30\" data-height-mobile=\"30\" data-height-tab=\"30\" data-height-tab-portrait=\"\" data-height-mobile-landscape=\"\" style=\"clear:both;display:block;\"><\/div>[\/vc_column][\/vc_row][vc_row][vc_column width=\u00bb1\/2&#8243;][vc_column_text]<\/p>\n<h2>Alargamiento de sensores de nivel de combustible DUT-E, DUT-E GSM, DUT-E 2Bio<\/h2>\n<p>[\/vc_column_text]<div class=\"ult-spacer spacer-69e92c2b36c50\" data-id=\"69e92c2b36c50\" data-height=\"20\" data-height-mobile=\"20\" data-height-tab=\"20\" data-height-tab-portrait=\"\" data-height-mobile-landscape=\"\" style=\"clear:both;display:block;\"><\/div>[vc_column_text]El alargamiento es posible tanto para los sensores de combustible cortados, como para los nuevos. La longitud m\u00e1xima del sensor con secciones adicionales no debe superar los 6000 mm.<\/p>\n<p>Despu\u00e9s del alargamiento y recorte posterior de sensor seg\u00fan la necesidad, pero antes de haber calibrado el tanque, es necesario calibrar el sensor.<\/p>\n<p><strong>Ejemplo 1:<\/strong>\u00a0DUT-E 2Bio 1000 mm cortado hasta los 800 mm ahora debe ser instalado en un tanque con 900 mm de profundidad. Alargu\u00e9moslo con una secci\u00f3n adicional KDC 250 hasta la longitud de 800+250=1050 mm y cortamos 150 mm.<\/p>\n<p><strong>Ejemplo 2:<\/strong>\u00a0Un tanque de 1900 mm de profundidad debe ser controlado. Necesitamos \u00a0DUT-E 232 de 1000 mm y lo alargamos con la secci\u00f3n adicional KDC 1000, despu\u00e9s cortamos 100 mm.<\/p>\n<p><strong>Ejemplo 3:<\/strong>\u00a0Un tanque de 4400 mm de profundidad debe ser controlado. Necesitamos DUT-E GSM de 1000 mm y lo alargamos con 3 secciones adicionales KDC 1000 y una KDC 500, despu\u00e9s cortamos 100 mm.[\/vc_column_text][\/vc_column][vc_column width=\u00bb1\/2&#8243;][vc_column_text]<\/p>\n<h2 style=\"text-align: center;\">El alargamiento del sensor de nivel de combustible con la ayuda de la secci\u00f3n adicional<\/h2>\n<p>[\/vc_column_text][vc_column_text]<img loading=\"lazy\" decoding=\"async\" class=\"alignnone wp-image-5730 size-full\" src=\"https:\/\/jv-technoton.com\/wp-content\/uploads\/2018\/01\/dut_e_kdc.gif\" alt=\"\" width=\"240\" height=\"400\" \/>[\/vc_column_text][vc_btn title=\u00bbInstrucciones detalladas en YouTube\u00bb color=\u00bbprimary\u00bb align=\u00bbcenter\u00bb i_align=\u00bbright\u00bb i_icon_fontawesome=\u00bbfas fa-arrow-right\u00bb css=\u00bb\u00bb add_icon=\u00bbtrue\u00bb link=\u00bburl:https%3A%2F%2Fwww.youtube.com%2Fwatch%3Fv%3DvPBCvA7N-vg|target:_blank\u00bb]<div class=\"ult-spacer spacer-69e92c2b36c6b\" data-id=\"69e92c2b36c6b\" data-height=\"30\" data-height-mobile=\"30\" data-height-tab=\"30\" data-height-tab-portrait=\"\" data-height-mobile-landscape=\"\" style=\"clear:both;display:block;\"><\/div>[\/vc_column][\/vc_row]<\/p>\n<\/div>","protected":false},"excerpt":{"rendered":"<p>[vc_row][vc_column][vc_column_text] Secci\u00f3n adicional de sensores de nivel de combustible [\/vc_column_text][\/vc_column][\/vc_row][vc_row][vc_column width=\u00bb1\/2&#8243;][vc_column_text][\/vc_column_text][vc_separator][vc_column_text] Aplicaci\u00f3n [\/vc_column_text][vc_row_inner][vc_column_inner width=\u00bb1\/3&#8243;][vc_column_text][\/vc_column_text][\/vc_column_inner][vc_column_inner width=\u00bb1\/3&#8243;][vc_column_text][\/vc_column_text][\/vc_column_inner][vc_column_inner width=\u00bb1\/3&#8243;][vc_column_text][\/vc_column_text][\/vc_column_inner][\/vc_row_inner][\/vc_column][vc_column width=\u00bb1\/2&#8243;][\/vc_column][vc_column width=\u00bb1\/2&#8243;][vc_column_text] La secci\u00f3n adicional de DUT-E est\u00e1 destinada al alargamiento de cualesquiera sensores de nivel de combustible incluso los que fueron acortados previamente. Modelos de la secci\u00f3n adicional: KDC 250; KDC 500; KDC 1000. Las cifras designan la&#8230;<\/p>\n","protected":false},"author":2,"featured_media":0,"parent":13368,"menu_order":0,"comment_status":"closed","ping_status":"closed","template":"","meta":{"_kad_post_transparent":"","_kad_post_title":"","_kad_post_layout":"","_kad_post_sidebar_id":"","_kad_post_content_style":"","_kad_post_vertical_padding":"","_kad_post_feature":"","_kad_post_feature_position":"","_kad_post_header":false,"_kad_post_footer":false,"_kad_post_classname":"","footnotes":""},"class_list":["post-51090","page","type-page","status-publish","hentry"],"yoast_head":"<!-- This site is optimized with the Yoast SEO Premium plugin v18.1 (Yoast SEO v27.4) - https:\/\/yoast.com\/product\/yoast-seo-premium-wordpress\/ -->\n<title>Secci\u00f3n adicional de sensores de nivel de combustible | Technoton<\/title>\n<meta name=\"description\" content=\"El alargamiento es posible tanto para los sensores de combustible cortados, como para los nuevos. La longitud m\u00e1xima del sensor con secciones adicionales no debe superar los 6000 mm.\" \/>\n<meta name=\"robots\" content=\"index, follow, max-snippet:-1, max-image-preview:large, max-video-preview:-1\" \/>\n<link rel=\"canonical\" href=\"https:\/\/jv-technoton.com\/es\/productos\/seccion-adicional-de-sensores-de-nivel-de-combustible\/\" \/>\n<meta property=\"og:locale\" content=\"es_ES\" \/>\n<meta property=\"og:type\" content=\"article\" \/>\n<meta property=\"og:title\" content=\"Secci\u00f3n adicional de sensores de nivel de combustible\" \/>\n<meta property=\"og:description\" content=\"El alargamiento es posible tanto para los sensores de combustible cortados, como para los nuevos. La longitud m\u00e1xima del sensor con secciones adicionales no debe superar los 6000 mm.\" \/>\n<meta property=\"og:url\" content=\"https:\/\/jv-technoton.com\/es\/productos\/seccion-adicional-de-sensores-de-nivel-de-combustible\/\" \/>\n<meta property=\"og:site_name\" content=\"Technoton\" \/>\n<meta property=\"article:modified_time\" content=\"2024-11-29T16:52:23+00:00\" \/>\n<meta property=\"og:image\" content=\"https:\/\/jv-technoton.com\/wp-content\/uploads\/2018\/01\/Dopolnitelnaja_sektsyja.png\" \/>\n<meta name=\"twitter:card\" content=\"summary_large_image\" \/>\n<meta name=\"twitter:label1\" content=\"Tiempo de lectura\" \/>\n\t<meta name=\"twitter:data1\" content=\"3 minutos\" \/>\n<script type=\"application\/ld+json\" class=\"yoast-schema-graph\">{\"@context\":\"https:\\\/\\\/schema.org\",\"@graph\":[{\"@type\":\"WebPage\",\"@id\":\"https:\\\/\\\/jv-technoton.com\\\/es\\\/productos\\\/seccion-adicional-de-sensores-de-nivel-de-combustible\\\/\",\"url\":\"https:\\\/\\\/jv-technoton.com\\\/es\\\/productos\\\/seccion-adicional-de-sensores-de-nivel-de-combustible\\\/\",\"name\":\"Secci\u00f3n adicional de sensores de nivel de combustible | Technoton\",\"isPartOf\":{\"@id\":\"https:\\\/\\\/jv-technoton.com\\\/#website\"},\"primaryImageOfPage\":{\"@id\":\"https:\\\/\\\/jv-technoton.com\\\/es\\\/productos\\\/seccion-adicional-de-sensores-de-nivel-de-combustible\\\/#primaryimage\"},\"image\":{\"@id\":\"https:\\\/\\\/jv-technoton.com\\\/es\\\/productos\\\/seccion-adicional-de-sensores-de-nivel-de-combustible\\\/#primaryimage\"},\"thumbnailUrl\":\"https:\\\/\\\/jv-technoton.com\\\/wp-content\\\/uploads\\\/2018\\\/01\\\/Dopolnitelnaja_sektsyja.png\",\"datePublished\":\"2020-04-20T11:04:01+00:00\",\"dateModified\":\"2024-11-29T16:52:23+00:00\",\"description\":\"El alargamiento es posible tanto para los sensores de combustible cortados, como para los nuevos. La longitud m\u00e1xima del sensor con secciones adicionales no debe superar los 6000 mm.\",\"breadcrumb\":{\"@id\":\"https:\\\/\\\/jv-technoton.com\\\/es\\\/productos\\\/seccion-adicional-de-sensores-de-nivel-de-combustible\\\/#breadcrumb\"},\"inLanguage\":\"es\",\"potentialAction\":[{\"@type\":\"ReadAction\",\"target\":[\"https:\\\/\\\/jv-technoton.com\\\/es\\\/productos\\\/seccion-adicional-de-sensores-de-nivel-de-combustible\\\/\"]}]},{\"@type\":\"ImageObject\",\"inLanguage\":\"es\",\"@id\":\"https:\\\/\\\/jv-technoton.com\\\/es\\\/productos\\\/seccion-adicional-de-sensores-de-nivel-de-combustible\\\/#primaryimage\",\"url\":\"https:\\\/\\\/jv-technoton.com\\\/wp-content\\\/uploads\\\/2018\\\/01\\\/Dopolnitelnaja_sektsyja.png\",\"contentUrl\":\"https:\\\/\\\/jv-technoton.com\\\/wp-content\\\/uploads\\\/2018\\\/01\\\/Dopolnitelnaja_sektsyja.png\"},{\"@type\":\"BreadcrumbList\",\"@id\":\"https:\\\/\\\/jv-technoton.com\\\/es\\\/productos\\\/seccion-adicional-de-sensores-de-nivel-de-combustible\\\/#breadcrumb\",\"itemListElement\":[{\"@type\":\"ListItem\",\"position\":1,\"name\":\"Home\",\"item\":\"https:\\\/\\\/jv-technoton.com\\\/es\\\/\"},{\"@type\":\"ListItem\",\"position\":2,\"name\":\"Productos Technoton\",\"item\":\"https:\\\/\\\/jv-technoton.com\\\/es\\\/productos\\\/\"},{\"@type\":\"ListItem\",\"position\":3,\"name\":\"Secci\u00f3n adicional de sensores de nivel de combustible\"}]},{\"@type\":\"WebSite\",\"@id\":\"https:\\\/\\\/jv-technoton.com\\\/#website\",\"url\":\"https:\\\/\\\/jv-technoton.com\\\/\",\"name\":\"Advanced machinery telematics and fuel monitoring\",\"description\":\"Telem\u00e1tica para maquinaria compleja | Technoton\",\"publisher\":{\"@id\":\"https:\\\/\\\/jv-technoton.com\\\/#organization\"},\"potentialAction\":[{\"@type\":\"SearchAction\",\"target\":{\"@type\":\"EntryPoint\",\"urlTemplate\":\"https:\\\/\\\/jv-technoton.com\\\/?s={search_term_string}\"},\"query-input\":{\"@type\":\"PropertyValueSpecification\",\"valueRequired\":true,\"valueName\":\"search_term_string\"}}],\"inLanguage\":\"es\"},{\"@type\":\"Organization\",\"@id\":\"https:\\\/\\\/jv-technoton.com\\\/#organization\",\"name\":\"Technoton\",\"url\":\"https:\\\/\\\/jv-technoton.com\\\/\",\"logo\":{\"@type\":\"ImageObject\",\"inLanguage\":\"es\",\"@id\":\"https:\\\/\\\/jv-technoton.com\\\/#\\\/schema\\\/logo\\\/image\\\/\",\"url\":\"https:\\\/\\\/jv-technoton.com\\\/wp-content\\\/uploads\\\/2022\\\/02\\\/technoton_logo_web.png\",\"contentUrl\":\"https:\\\/\\\/jv-technoton.com\\\/wp-content\\\/uploads\\\/2022\\\/02\\\/technoton_logo_web.png\",\"width\":800,\"height\":329,\"caption\":\"Technoton\"},\"image\":{\"@id\":\"https:\\\/\\\/jv-technoton.com\\\/#\\\/schema\\\/logo\\\/image\\\/\"},\"sameAs\":[\"https:\\\/\\\/www.linkedin.com\\\/company\\\/technoton\"]}]}<\/script>\n<!-- \/ Yoast SEO Premium plugin. -->","yoast_head_json":{"title":"Secci\u00f3n adicional de sensores de nivel de combustible | Technoton","description":"El alargamiento es posible tanto para los sensores de combustible cortados, como para los nuevos. La longitud m\u00e1xima del sensor con secciones adicionales no debe superar los 6000 mm.","robots":{"index":"index","follow":"follow","max-snippet":"max-snippet:-1","max-image-preview":"max-image-preview:large","max-video-preview":"max-video-preview:-1"},"canonical":"https:\/\/jv-technoton.com\/es\/productos\/seccion-adicional-de-sensores-de-nivel-de-combustible\/","og_locale":"es_ES","og_type":"article","og_title":"Secci\u00f3n adicional de sensores de nivel de combustible","og_description":"El alargamiento es posible tanto para los sensores de combustible cortados, como para los nuevos. La longitud m\u00e1xima del sensor con secciones adicionales no debe superar los 6000 mm.","og_url":"https:\/\/jv-technoton.com\/es\/productos\/seccion-adicional-de-sensores-de-nivel-de-combustible\/","og_site_name":"Technoton","article_modified_time":"2024-11-29T16:52:23+00:00","og_image":[{"url":"https:\/\/jv-technoton.com\/wp-content\/uploads\/2018\/01\/Dopolnitelnaja_sektsyja.png","type":"","width":"","height":""}],"twitter_card":"summary_large_image","twitter_misc":{"Tiempo de lectura":"3 minutos"},"schema":{"@context":"https:\/\/schema.org","@graph":[{"@type":"WebPage","@id":"https:\/\/jv-technoton.com\/es\/productos\/seccion-adicional-de-sensores-de-nivel-de-combustible\/","url":"https:\/\/jv-technoton.com\/es\/productos\/seccion-adicional-de-sensores-de-nivel-de-combustible\/","name":"Secci\u00f3n adicional de sensores de nivel de combustible | Technoton","isPartOf":{"@id":"https:\/\/jv-technoton.com\/#website"},"primaryImageOfPage":{"@id":"https:\/\/jv-technoton.com\/es\/productos\/seccion-adicional-de-sensores-de-nivel-de-combustible\/#primaryimage"},"image":{"@id":"https:\/\/jv-technoton.com\/es\/productos\/seccion-adicional-de-sensores-de-nivel-de-combustible\/#primaryimage"},"thumbnailUrl":"https:\/\/jv-technoton.com\/wp-content\/uploads\/2018\/01\/Dopolnitelnaja_sektsyja.png","datePublished":"2020-04-20T11:04:01+00:00","dateModified":"2024-11-29T16:52:23+00:00","description":"El alargamiento es posible tanto para los sensores de combustible cortados, como para los nuevos. La longitud m\u00e1xima del sensor con secciones adicionales no debe superar los 6000 mm.","breadcrumb":{"@id":"https:\/\/jv-technoton.com\/es\/productos\/seccion-adicional-de-sensores-de-nivel-de-combustible\/#breadcrumb"},"inLanguage":"es","potentialAction":[{"@type":"ReadAction","target":["https:\/\/jv-technoton.com\/es\/productos\/seccion-adicional-de-sensores-de-nivel-de-combustible\/"]}]},{"@type":"ImageObject","inLanguage":"es","@id":"https:\/\/jv-technoton.com\/es\/productos\/seccion-adicional-de-sensores-de-nivel-de-combustible\/#primaryimage","url":"https:\/\/jv-technoton.com\/wp-content\/uploads\/2018\/01\/Dopolnitelnaja_sektsyja.png","contentUrl":"https:\/\/jv-technoton.com\/wp-content\/uploads\/2018\/01\/Dopolnitelnaja_sektsyja.png"},{"@type":"BreadcrumbList","@id":"https:\/\/jv-technoton.com\/es\/productos\/seccion-adicional-de-sensores-de-nivel-de-combustible\/#breadcrumb","itemListElement":[{"@type":"ListItem","position":1,"name":"Home","item":"https:\/\/jv-technoton.com\/es\/"},{"@type":"ListItem","position":2,"name":"Productos Technoton","item":"https:\/\/jv-technoton.com\/es\/productos\/"},{"@type":"ListItem","position":3,"name":"Secci\u00f3n adicional de sensores de nivel de combustible"}]},{"@type":"WebSite","@id":"https:\/\/jv-technoton.com\/#website","url":"https:\/\/jv-technoton.com\/","name":"Advanced machinery telematics and fuel monitoring","description":"Telem\u00e1tica para maquinaria compleja | Technoton","publisher":{"@id":"https:\/\/jv-technoton.com\/#organization"},"potentialAction":[{"@type":"SearchAction","target":{"@type":"EntryPoint","urlTemplate":"https:\/\/jv-technoton.com\/?s={search_term_string}"},"query-input":{"@type":"PropertyValueSpecification","valueRequired":true,"valueName":"search_term_string"}}],"inLanguage":"es"},{"@type":"Organization","@id":"https:\/\/jv-technoton.com\/#organization","name":"Technoton","url":"https:\/\/jv-technoton.com\/","logo":{"@type":"ImageObject","inLanguage":"es","@id":"https:\/\/jv-technoton.com\/#\/schema\/logo\/image\/","url":"https:\/\/jv-technoton.com\/wp-content\/uploads\/2022\/02\/technoton_logo_web.png","contentUrl":"https:\/\/jv-technoton.com\/wp-content\/uploads\/2022\/02\/technoton_logo_web.png","width":800,"height":329,"caption":"Technoton"},"image":{"@id":"https:\/\/jv-technoton.com\/#\/schema\/logo\/image\/"},"sameAs":["https:\/\/www.linkedin.com\/company\/technoton"]}]}},"rttpg_featured_image_url":null,"rttpg_author":{"display_name":"Anya","author_link":"https:\/\/jv-technoton.com\/es\/author\/technoton-com\/"},"rttpg_comment":0,"rttpg_category":" <a href=\"https:\/\/jv-technoton.com\/es\/?taxonomy=translation_priority&#038;term=opcional\" rel=\"tag\">Opcional<\/a>","rttpg_excerpt":"[vc_row][vc_column][vc_column_text] Secci\u00f3n adicional de sensores de nivel de combustible [\/vc_column_text][\/vc_column][\/vc_row][vc_row][vc_column width=\u00bb1\/2&#8243;][vc_column_text][\/vc_column_text][vc_separator][vc_column_text] Aplicaci\u00f3n [\/vc_column_text][vc_row_inner][vc_column_inner width=\u00bb1\/3&#8243;][vc_column_text][\/vc_column_text][\/vc_column_inner][vc_column_inner width=\u00bb1\/3&#8243;][vc_column_text][\/vc_column_text][\/vc_column_inner][vc_column_inner width=\u00bb1\/3&#8243;][vc_column_text][\/vc_column_text][\/vc_column_inner][\/vc_row_inner][\/vc_column][vc_column width=\u00bb1\/2&#8243;][\/vc_column][vc_column width=\u00bb1\/2&#8243;][vc_column_text] La secci\u00f3n adicional de DUT-E est\u00e1 destinada al alargamiento de cualesquiera sensores de nivel de combustible incluso los que fueron acortados previamente. Modelos de la secci\u00f3n adicional: KDC 250; KDC 500; KDC 1000. Las cifras designan la...","_links":{"self":[{"href":"https:\/\/jv-technoton.com\/es\/wp-json\/wp\/v2\/pages\/51090","targetHints":{"allow":["GET"]}}],"collection":[{"href":"https:\/\/jv-technoton.com\/es\/wp-json\/wp\/v2\/pages"}],"about":[{"href":"https:\/\/jv-technoton.com\/es\/wp-json\/wp\/v2\/types\/page"}],"author":[{"embeddable":true,"href":"https:\/\/jv-technoton.com\/es\/wp-json\/wp\/v2\/users\/2"}],"replies":[{"embeddable":true,"href":"https:\/\/jv-technoton.com\/es\/wp-json\/wp\/v2\/comments?post=51090"}],"version-history":[{"count":2,"href":"https:\/\/jv-technoton.com\/es\/wp-json\/wp\/v2\/pages\/51090\/revisions"}],"predecessor-version":[{"id":112537,"href":"https:\/\/jv-technoton.com\/es\/wp-json\/wp\/v2\/pages\/51090\/revisions\/112537"}],"up":[{"embeddable":true,"href":"https:\/\/jv-technoton.com\/es\/wp-json\/wp\/v2\/pages\/13368"}],"wp:attachment":[{"href":"https:\/\/jv-technoton.com\/es\/wp-json\/wp\/v2\/media?parent=51090"}],"curies":[{"name":"wp","href":"https:\/\/api.w.org\/{rel}","templated":true}]}}