{"id":51096,"date":"2020-04-20T15:06:34","date_gmt":"2020-04-20T12:06:34","guid":{"rendered":"https:\/\/jv-technoton.com\/?page_id=51096"},"modified":"2023-05-19T09:42:50","modified_gmt":"2023-05-19T06:42:50","slug":"sumadores-de-sensores-de-nivel-de-combustible-dut-e-sum","status":"publish","type":"page","link":"https:\/\/jv-technoton.com\/es\/productos\/sumadores-de-sensores-de-nivel-de-combustible-dut-e-sum\/","title":{"rendered":"Sumadores de sensores de nivel de combustible DUT-E SUM"},"content":{"rendered":"<div class=\"wpb-content-wrapper\"><p>[vc_row][vc_column]<div class=\"ult-spacer spacer-69e4b6da840e5\" data-id=\"69e4b6da840e5\" data-height=\"20\" data-height-mobile=\"20\" data-height-tab=\"20\" data-height-tab-portrait=\"\" data-height-mobile-landscape=\"\" style=\"clear:both;display:block;\"><\/div>[vc_column_text]<\/p>\n<h1>Sumadores de sensores de nivel de combustible DUT-E SUM<\/h1>\n<p>[\/vc_column_text][\/vc_column][\/vc_row][vc_row][vc_column width=\u00bb1\/2&#8243;]<div class=\"ult-spacer spacer-69e4b6da8411f\" data-id=\"69e4b6da8411f\" data-height=\"40\" data-height-mobile=\"40\" data-height-tab=\"40\" data-height-tab-portrait=\"\" data-height-mobile-landscape=\"\" style=\"clear:both;display:block;\"><\/div>[vc_column_text]<img decoding=\"async\" class=\"size-full wp-image-3797 aligncenter\" title=\"Los sumadores DUT-E\u00a0SUM 232 (DUT-E SUM AF)\" src=\"https:\/\/jv-technoton.com\/wp-content\/uploads\/2018\/01\/summator_datchikov_urovnya_topliva_dut-e_sum.jpg\" alt=\"Los sumadores DUT-E\u00a0SUM 232 (DUT-E SUM AF)\" width=\"300\" height=\"240\" \/>[\/vc_column_text][\/vc_column][vc_column width=\u00bb1\/2&#8243;][vc_column_text]Los sumadores <strong>DUT-E\u00a0SUM 232 (DUT-E SUM AF)<\/strong>\u00a0est\u00e1n destinados a la totalizaci\u00f3n de las indicaciones de dos sensores de nivel de combustible DUT-E 232 o dos sensores DUT-E\u00a0AF.<\/p>\n<p><strong>Peculiaridades:<\/strong><\/p>\n<ul>\n<li>terminal recibe <strong>los datos listos sobre la cantidad de combustible <\/strong>en varios tanques (en litros);<\/li>\n<li>sumador <strong>no requiere ning\u00fan ajuste<\/strong>, su instalaci\u00f3n es simple;<\/li>\n<li>se permite <strong>la conexi\u00f3n escalonada <\/strong>para la medici\u00f3n del nivel de combustible en tres y m\u00e1s tanques;<\/li>\n<li>se aplica con los sensores precisos y seguros de nivel de combustible DUT-E 232, DUT-E \u00a0AF.<\/li>\n<\/ul>\n<p>[\/vc_column_text][\/vc_column][\/vc_row][vc_row][vc_column][vc_text_separator title=\u00bbAplicaci\u00f3n\u00bb title_align=\u00bbseparator_align_left\u00bb]<div class=\"ult-spacer spacer-69e4b6da84145\" data-id=\"69e4b6da84145\" data-height=\"20\" data-height-mobile=\"20\" data-height-tab=\"20\" data-height-tab-portrait=\"\" data-height-mobile-landscape=\"\" style=\"clear:both;display:block;\"><\/div>[\/vc_column][\/vc_row][vc_row][vc_column width=\u00bb1\/2&#8243;][vc_column_text]<img decoding=\"async\" class=\"size-full wp-image-51098 aligncenter\" title=\"La medici\u00f3n del volumen de combustible en dos tanques\" src=\"https:\/\/jv-technoton.com\/wp-content\/uploads\/2020\/04\/summirivanie_urovnya_topliva_dva_baka.jpg\" alt=\"La medici\u00f3n del volumen de combustible en dos tanques\" width=\"350\" height=\"185\" srcset=\"https:\/\/jv-technoton.com\/wp-content\/uploads\/2020\/04\/summirivanie_urovnya_topliva_dva_baka.jpg 350w, https:\/\/jv-technoton.com\/wp-content\/uploads\/2020\/04\/summirivanie_urovnya_topliva_dva_baka-300x159.jpg 300w\" sizes=\"(max-width: 350px) 100vw, 350px\" \/>[\/vc_column_text][vc_column_text]Para resolver el problema de control de combustible en un autom\u00f3vil de dos tanques es necesario instalar dos sensores de nivel de combustible DUT-E 232 o DUT-E\u00a0AF y un sumador. El terminal de monitoreo de transporte recibe la informaci\u00f3n sobre la cantidad total de combustible en ambos tanques (en litros) desde el sumador.[\/vc_column_text][\/vc_column][vc_column width=\u00bb1\/2&#8243;][vc_column_text]<img decoding=\"async\" class=\"size-full wp-image-51375 aligncenter\" title=\"La medici\u00f3n del volumen de combustible en tres tanques\" src=\"https:\/\/jv-technoton.com\/wp-content\/uploads\/2020\/05\/summirivanie_urovnya_topliva_tri_baka.jpg\" alt=\"La medici\u00f3n del volumen de combustible en tres tanques\" width=\"350\" height=\"185\" srcset=\"https:\/\/jv-technoton.com\/wp-content\/uploads\/2020\/05\/summirivanie_urovnya_topliva_tri_baka.jpg 350w, https:\/\/jv-technoton.com\/wp-content\/uploads\/2020\/05\/summirivanie_urovnya_topliva_tri_baka-300x159.jpg 300w\" sizes=\"(max-width: 350px) 100vw, 350px\" \/>[\/vc_column_text][vc_column_text]En caso de tres y m\u00e1s tanques la conexi\u00f3n se realiza seg\u00fan el\u00a0<strong>esquema de cascada<\/strong>:<\/p>\n<ul>\n<li>el primer sumador recibe las se\u00f1ales desde los sensores instalados en el primer tanque y en el segundo,<\/li>\n<li>el segundo sumador recible la informaci\u00f3n desde el primer sumador y desde el sensor instalado en el tercer tanque, etc.<\/li>\n<\/ul>\n<p>El terminal del monitoreo de transporte recibe la informaci\u00f3n sobre la cantidad total de combustible (en litros) en todos los tanques. Para el control del volumen total de combustible en varios tanques la cantidad de sumadores debe ser <strong>una unidad menos<\/strong> de la cantidad total de los tanques.[\/vc_column_text][\/vc_column][\/vc_row]<\/p>\n<\/div>","protected":false},"excerpt":{"rendered":"<p>[vc_row][vc_column][vc_column_text] Sumadores de sensores de nivel de combustible DUT-E SUM [\/vc_column_text][\/vc_column][\/vc_row][vc_row][vc_column width=\u00bb1\/2&#8243;][vc_column_text][\/vc_column_text][\/vc_column][vc_column width=\u00bb1\/2&#8243;][vc_column_text]Los sumadores DUT-E\u00a0SUM 232 (DUT-E SUM AF)\u00a0est\u00e1n destinados a la totalizaci\u00f3n de las indicaciones de dos sensores de nivel de combustible DUT-E 232 o dos sensores DUT-E\u00a0AF. Peculiaridades: terminal recibe los datos listos sobre la cantidad de combustible en varios tanques (en litros); [&hellip;]<\/p>\n","protected":false},"author":2,"featured_media":0,"parent":13368,"menu_order":0,"comment_status":"closed","ping_status":"closed","template":"","meta":{"footnotes":""},"class_list":["post-51096","page","type-page","status-publish","hentry"],"yoast_head":"<!-- This site is optimized with the Yoast SEO plugin v27.3 - https:\/\/yoast.com\/product\/yoast-seo-wordpress\/ -->\n<title>Sumadores de sensores de nivel de combustible DUT-E SUM | Technoton<\/title>\n<meta name=\"description\" content=\"Los sumadores DUT-E\u00a0SUM 232 (DUT-E SUM AF)\u00a0est\u00e1n destinados a la totalizaci\u00f3n de las indicaciones de dos sensores de nivel de combustible DUT-E 232 o dos sensores DUT-E\u00a0AF.\" \/>\n<meta name=\"robots\" content=\"index, follow, max-snippet:-1, max-image-preview:large, max-video-preview:-1\" \/>\n<link rel=\"canonical\" href=\"https:\/\/jv-technoton.com\/es\/productos\/sumadores-de-sensores-de-nivel-de-combustible-dut-e-sum\/\" \/>\n<meta property=\"og:locale\" content=\"es_ES\" \/>\n<meta property=\"og:type\" content=\"article\" \/>\n<meta property=\"og:title\" content=\"Sumadores de sensores de nivel de combustible DUT-E SUM | Technoton\" \/>\n<meta property=\"og:description\" content=\"Los sumadores DUT-E\u00a0SUM 232 (DUT-E SUM AF)\u00a0est\u00e1n destinados a la totalizaci\u00f3n de las indicaciones de dos sensores de nivel de combustible DUT-E 232 o dos sensores DUT-E\u00a0AF.\" \/>\n<meta property=\"og:url\" content=\"https:\/\/jv-technoton.com\/es\/productos\/sumadores-de-sensores-de-nivel-de-combustible-dut-e-sum\/\" \/>\n<meta property=\"og:site_name\" content=\"Technoton\" \/>\n<meta property=\"article:modified_time\" content=\"2023-05-19T06:42:50+00:00\" \/>\n<meta property=\"og:image\" content=\"https:\/\/jv-technoton.com\/wp-content\/uploads\/2018\/01\/summator_datchikov_urovnya_topliva_dut-e_sum.jpg\" \/>\n<meta name=\"twitter:card\" content=\"summary_large_image\" \/>\n<meta name=\"twitter:label1\" content=\"Tiempo de lectura\" \/>\n\t<meta name=\"twitter:data1\" content=\"3 minutos\" \/>\n<script type=\"application\/ld+json\" class=\"yoast-schema-graph\">{\"@context\":\"https:\\\/\\\/schema.org\",\"@graph\":[{\"@type\":\"WebPage\",\"@id\":\"https:\\\/\\\/jv-technoton.com\\\/es\\\/productos\\\/sumadores-de-sensores-de-nivel-de-combustible-dut-e-sum\\\/\",\"url\":\"https:\\\/\\\/jv-technoton.com\\\/es\\\/productos\\\/sumadores-de-sensores-de-nivel-de-combustible-dut-e-sum\\\/\",\"name\":\"Sumadores de sensores de nivel de combustible DUT-E SUM | Technoton\",\"isPartOf\":{\"@id\":\"https:\\\/\\\/jv-technoton.com\\\/#website\"},\"primaryImageOfPage\":{\"@id\":\"https:\\\/\\\/jv-technoton.com\\\/es\\\/productos\\\/sumadores-de-sensores-de-nivel-de-combustible-dut-e-sum\\\/#primaryimage\"},\"image\":{\"@id\":\"https:\\\/\\\/jv-technoton.com\\\/es\\\/productos\\\/sumadores-de-sensores-de-nivel-de-combustible-dut-e-sum\\\/#primaryimage\"},\"thumbnailUrl\":\"https:\\\/\\\/jv-technoton.com\\\/wp-content\\\/uploads\\\/2018\\\/01\\\/summator_datchikov_urovnya_topliva_dut-e_sum.jpg\",\"datePublished\":\"2020-04-20T12:06:34+00:00\",\"dateModified\":\"2023-05-19T06:42:50+00:00\",\"description\":\"Los sumadores DUT-E\u00a0SUM 232 (DUT-E SUM AF)\u00a0est\u00e1n destinados a la totalizaci\u00f3n de las indicaciones de dos sensores de nivel de combustible DUT-E 232 o dos sensores DUT-E\u00a0AF.\",\"breadcrumb\":{\"@id\":\"https:\\\/\\\/jv-technoton.com\\\/es\\\/productos\\\/sumadores-de-sensores-de-nivel-de-combustible-dut-e-sum\\\/#breadcrumb\"},\"inLanguage\":\"es\",\"potentialAction\":[{\"@type\":\"ReadAction\",\"target\":[\"https:\\\/\\\/jv-technoton.com\\\/es\\\/productos\\\/sumadores-de-sensores-de-nivel-de-combustible-dut-e-sum\\\/\"]}]},{\"@type\":\"ImageObject\",\"inLanguage\":\"es\",\"@id\":\"https:\\\/\\\/jv-technoton.com\\\/es\\\/productos\\\/sumadores-de-sensores-de-nivel-de-combustible-dut-e-sum\\\/#primaryimage\",\"url\":\"https:\\\/\\\/jv-technoton.com\\\/wp-content\\\/uploads\\\/2018\\\/01\\\/summator_datchikov_urovnya_topliva_dut-e_sum.jpg\",\"contentUrl\":\"https:\\\/\\\/jv-technoton.com\\\/wp-content\\\/uploads\\\/2018\\\/01\\\/summator_datchikov_urovnya_topliva_dut-e_sum.jpg\"},{\"@type\":\"BreadcrumbList\",\"@id\":\"https:\\\/\\\/jv-technoton.com\\\/es\\\/productos\\\/sumadores-de-sensores-de-nivel-de-combustible-dut-e-sum\\\/#breadcrumb\",\"itemListElement\":[{\"@type\":\"ListItem\",\"position\":1,\"name\":\"Home\",\"item\":\"https:\\\/\\\/jv-technoton.com\\\/es\\\/\"},{\"@type\":\"ListItem\",\"position\":2,\"name\":\"Productos Technoton\",\"item\":\"https:\\\/\\\/jv-technoton.com\\\/es\\\/productos\\\/\"},{\"@type\":\"ListItem\",\"position\":3,\"name\":\"Sumadores de sensores de nivel de combustible DUT-E SUM\"}]},{\"@type\":\"WebSite\",\"@id\":\"https:\\\/\\\/jv-technoton.com\\\/#website\",\"url\":\"https:\\\/\\\/jv-technoton.com\\\/\",\"name\":\"Advanced machinery telematics and fuel monitoring\",\"description\":\"Telem\u00e1tica para maquinaria compleja | Technoton\",\"publisher\":{\"@id\":\"https:\\\/\\\/jv-technoton.com\\\/#organization\"},\"potentialAction\":[{\"@type\":\"SearchAction\",\"target\":{\"@type\":\"EntryPoint\",\"urlTemplate\":\"https:\\\/\\\/jv-technoton.com\\\/?s={search_term_string}\"},\"query-input\":{\"@type\":\"PropertyValueSpecification\",\"valueRequired\":true,\"valueName\":\"search_term_string\"}}],\"inLanguage\":\"es\"},{\"@type\":\"Organization\",\"@id\":\"https:\\\/\\\/jv-technoton.com\\\/#organization\",\"name\":\"Technoton\",\"url\":\"https:\\\/\\\/jv-technoton.com\\\/\",\"logo\":{\"@type\":\"ImageObject\",\"inLanguage\":\"es\",\"@id\":\"https:\\\/\\\/jv-technoton.com\\\/#\\\/schema\\\/logo\\\/image\\\/\",\"url\":\"https:\\\/\\\/jv-technoton.com\\\/wp-content\\\/uploads\\\/2022\\\/02\\\/technoton_logo_web.png\",\"contentUrl\":\"https:\\\/\\\/jv-technoton.com\\\/wp-content\\\/uploads\\\/2022\\\/02\\\/technoton_logo_web.png\",\"width\":800,\"height\":329,\"caption\":\"Technoton\"},\"image\":{\"@id\":\"https:\\\/\\\/jv-technoton.com\\\/#\\\/schema\\\/logo\\\/image\\\/\"},\"sameAs\":[\"https:\\\/\\\/www.linkedin.com\\\/company\\\/technoton\"]}]}<\/script>\n<!-- \/ Yoast SEO plugin. -->","yoast_head_json":{"title":"Sumadores de sensores de nivel de combustible DUT-E SUM | Technoton","description":"Los sumadores DUT-E\u00a0SUM 232 (DUT-E SUM AF)\u00a0est\u00e1n destinados a la totalizaci\u00f3n de las indicaciones de dos sensores de nivel de combustible DUT-E 232 o dos sensores DUT-E\u00a0AF.","robots":{"index":"index","follow":"follow","max-snippet":"max-snippet:-1","max-image-preview":"max-image-preview:large","max-video-preview":"max-video-preview:-1"},"canonical":"https:\/\/jv-technoton.com\/es\/productos\/sumadores-de-sensores-de-nivel-de-combustible-dut-e-sum\/","og_locale":"es_ES","og_type":"article","og_title":"Sumadores de sensores de nivel de combustible DUT-E SUM | Technoton","og_description":"Los sumadores DUT-E\u00a0SUM 232 (DUT-E SUM AF)\u00a0est\u00e1n destinados a la totalizaci\u00f3n de las indicaciones de dos sensores de nivel de combustible DUT-E 232 o dos sensores DUT-E\u00a0AF.","og_url":"https:\/\/jv-technoton.com\/es\/productos\/sumadores-de-sensores-de-nivel-de-combustible-dut-e-sum\/","og_site_name":"Technoton","article_modified_time":"2023-05-19T06:42:50+00:00","og_image":[{"url":"https:\/\/jv-technoton.com\/wp-content\/uploads\/2018\/01\/summator_datchikov_urovnya_topliva_dut-e_sum.jpg","type":"","width":"","height":""}],"twitter_card":"summary_large_image","twitter_misc":{"Tiempo de lectura":"3 minutos"},"schema":{"@context":"https:\/\/schema.org","@graph":[{"@type":"WebPage","@id":"https:\/\/jv-technoton.com\/es\/productos\/sumadores-de-sensores-de-nivel-de-combustible-dut-e-sum\/","url":"https:\/\/jv-technoton.com\/es\/productos\/sumadores-de-sensores-de-nivel-de-combustible-dut-e-sum\/","name":"Sumadores de sensores de nivel de combustible DUT-E SUM | Technoton","isPartOf":{"@id":"https:\/\/jv-technoton.com\/#website"},"primaryImageOfPage":{"@id":"https:\/\/jv-technoton.com\/es\/productos\/sumadores-de-sensores-de-nivel-de-combustible-dut-e-sum\/#primaryimage"},"image":{"@id":"https:\/\/jv-technoton.com\/es\/productos\/sumadores-de-sensores-de-nivel-de-combustible-dut-e-sum\/#primaryimage"},"thumbnailUrl":"https:\/\/jv-technoton.com\/wp-content\/uploads\/2018\/01\/summator_datchikov_urovnya_topliva_dut-e_sum.jpg","datePublished":"2020-04-20T12:06:34+00:00","dateModified":"2023-05-19T06:42:50+00:00","description":"Los sumadores DUT-E\u00a0SUM 232 (DUT-E SUM AF)\u00a0est\u00e1n destinados a la totalizaci\u00f3n de las indicaciones de dos sensores de nivel de combustible DUT-E 232 o dos sensores DUT-E\u00a0AF.","breadcrumb":{"@id":"https:\/\/jv-technoton.com\/es\/productos\/sumadores-de-sensores-de-nivel-de-combustible-dut-e-sum\/#breadcrumb"},"inLanguage":"es","potentialAction":[{"@type":"ReadAction","target":["https:\/\/jv-technoton.com\/es\/productos\/sumadores-de-sensores-de-nivel-de-combustible-dut-e-sum\/"]}]},{"@type":"ImageObject","inLanguage":"es","@id":"https:\/\/jv-technoton.com\/es\/productos\/sumadores-de-sensores-de-nivel-de-combustible-dut-e-sum\/#primaryimage","url":"https:\/\/jv-technoton.com\/wp-content\/uploads\/2018\/01\/summator_datchikov_urovnya_topliva_dut-e_sum.jpg","contentUrl":"https:\/\/jv-technoton.com\/wp-content\/uploads\/2018\/01\/summator_datchikov_urovnya_topliva_dut-e_sum.jpg"},{"@type":"BreadcrumbList","@id":"https:\/\/jv-technoton.com\/es\/productos\/sumadores-de-sensores-de-nivel-de-combustible-dut-e-sum\/#breadcrumb","itemListElement":[{"@type":"ListItem","position":1,"name":"Home","item":"https:\/\/jv-technoton.com\/es\/"},{"@type":"ListItem","position":2,"name":"Productos Technoton","item":"https:\/\/jv-technoton.com\/es\/productos\/"},{"@type":"ListItem","position":3,"name":"Sumadores de sensores de nivel de combustible DUT-E SUM"}]},{"@type":"WebSite","@id":"https:\/\/jv-technoton.com\/#website","url":"https:\/\/jv-technoton.com\/","name":"Advanced machinery telematics and fuel monitoring","description":"Telem\u00e1tica para maquinaria compleja | Technoton","publisher":{"@id":"https:\/\/jv-technoton.com\/#organization"},"potentialAction":[{"@type":"SearchAction","target":{"@type":"EntryPoint","urlTemplate":"https:\/\/jv-technoton.com\/?s={search_term_string}"},"query-input":{"@type":"PropertyValueSpecification","valueRequired":true,"valueName":"search_term_string"}}],"inLanguage":"es"},{"@type":"Organization","@id":"https:\/\/jv-technoton.com\/#organization","name":"Technoton","url":"https:\/\/jv-technoton.com\/","logo":{"@type":"ImageObject","inLanguage":"es","@id":"https:\/\/jv-technoton.com\/#\/schema\/logo\/image\/","url":"https:\/\/jv-technoton.com\/wp-content\/uploads\/2022\/02\/technoton_logo_web.png","contentUrl":"https:\/\/jv-technoton.com\/wp-content\/uploads\/2022\/02\/technoton_logo_web.png","width":800,"height":329,"caption":"Technoton"},"image":{"@id":"https:\/\/jv-technoton.com\/#\/schema\/logo\/image\/"},"sameAs":["https:\/\/www.linkedin.com\/company\/technoton"]}]}},"rttpg_featured_image_url":null,"rttpg_author":{"display_name":"Anya","author_link":"https:\/\/jv-technoton.com\/es\/author\/technoton-com\/"},"rttpg_comment":0,"rttpg_category":" <a href=\"https:\/\/jv-technoton.com\/es\/?taxonomy=translation_priority&#038;term=opcional\" rel=\"tag\">Opcional<\/a>","rttpg_excerpt":"[vc_row][vc_column][vc_column_text] Sumadores de sensores de nivel de combustible DUT-E SUM [\/vc_column_text][\/vc_column][\/vc_row][vc_row][vc_column width=\u00bb1\/2&#8243;][vc_column_text][\/vc_column_text][\/vc_column][vc_column width=\u00bb1\/2&#8243;][vc_column_text]Los sumadores DUT-E\u00a0SUM 232 (DUT-E SUM AF)\u00a0est\u00e1n destinados a la totalizaci\u00f3n de las indicaciones de dos sensores de nivel de combustible DUT-E 232 o dos sensores DUT-E\u00a0AF. Peculiaridades: terminal recibe los datos listos sobre la cantidad de combustible en varios tanques (en litros);&hellip;","_links":{"self":[{"href":"https:\/\/jv-technoton.com\/es\/wp-json\/wp\/v2\/pages\/51096","targetHints":{"allow":["GET"]}}],"collection":[{"href":"https:\/\/jv-technoton.com\/es\/wp-json\/wp\/v2\/pages"}],"about":[{"href":"https:\/\/jv-technoton.com\/es\/wp-json\/wp\/v2\/types\/page"}],"author":[{"embeddable":true,"href":"https:\/\/jv-technoton.com\/es\/wp-json\/wp\/v2\/users\/2"}],"replies":[{"embeddable":true,"href":"https:\/\/jv-technoton.com\/es\/wp-json\/wp\/v2\/comments?post=51096"}],"version-history":[{"count":0,"href":"https:\/\/jv-technoton.com\/es\/wp-json\/wp\/v2\/pages\/51096\/revisions"}],"up":[{"embeddable":true,"href":"https:\/\/jv-technoton.com\/es\/wp-json\/wp\/v2\/pages\/13368"}],"wp:attachment":[{"href":"https:\/\/jv-technoton.com\/es\/wp-json\/wp\/v2\/media?parent=51096"}],"curies":[{"name":"wp","href":"https:\/\/api.w.org\/{rel}","templated":true}]}}