{"id":51184,"date":"2020-04-23T09:46:48","date_gmt":"2020-04-23T06:46:48","guid":{"rendered":"https:\/\/jv-technoton.com\/?page_id=51184"},"modified":"2021-05-14T15:35:21","modified_gmt":"2021-05-14T12:35:21","slug":"kit-de-montaje-gnom-mk-dp","status":"publish","type":"page","link":"https:\/\/jv-technoton.com\/es\/productos\/kit-de-montaje-gnom-mk-dp\/","title":{"rendered":"Kit de montaje GNOM MK DP"},"content":{"rendered":"<div class=\"wpb-content-wrapper\"><p>[vc_row][vc_column]<div class=\"ult-spacer spacer-69d10d2e722d6\" data-id=\"69d10d2e722d6\" data-height=\"40\" data-height-mobile=\"20\" data-height-tab=\"20\" data-height-tab-portrait=\"20\" data-height-mobile-landscape=\"20\" style=\"clear:both;display:block;\"><\/div>[vc_column_text]<\/p>\n<h1>Kit de montaje GNOM MK DP<\/h1>\n<p>[\/vc_column_text][\/vc_column][\/vc_row][vc_row][vc_column width=\u00bb1\/2&#8243;]<div class=\"ult-spacer spacer-69d10d2e72317\" data-id=\"69d10d2e72317\" data-height=\"40\" data-height-mobile=\"20\" data-height-tab=\"20\" data-height-tab-portrait=\"20\" data-height-mobile-landscape=\"20\" style=\"clear:both;display:block;\"><\/div>[vc_column_text]<img decoding=\"async\" class=\"size-full wp-image-25502 aligncenter\" title=\"Kit de montaje GNOM MK DP\" src=\"https:\/\/jv-technoton.com\/wp-content\/uploads\/2019\/04\/Montazhnii-komplect-GNOM-MK-DP.png\" alt=\"Kit de montaje GNOM MK DP\" width=\"541\" height=\"211\" srcset=\"https:\/\/jv-technoton.com\/wp-content\/uploads\/2019\/04\/Montazhnii-komplect-GNOM-MK-DP.png 541w, https:\/\/jv-technoton.com\/wp-content\/uploads\/2019\/04\/Montazhnii-komplect-GNOM-MK-DP-300x117.png 300w\" sizes=\"(max-width: 541px) 100vw, 541px\" \/>[\/vc_column_text]<div class=\"ult-spacer spacer-69d10d2e72341\" data-id=\"69d10d2e72341\" data-height=\"40\" data-height-mobile=\"20\" data-height-tab=\"20\" data-height-tab-portrait=\"20\" data-height-mobile-landscape=\"20\" style=\"clear:both;display:block;\"><\/div>[vc_separator][vc_column_text]<\/p>\n<h2 style=\"text-align: center;\"><span style=\"font-size: 16px;\">Aplicaci\u00f3n<\/span><\/h2>\n<p>[\/vc_column_text]<div class=\"ult-spacer spacer-69d10d2e72364\" data-id=\"69d10d2e72364\" data-height=\"20\" data-height-mobile=\"20\" data-height-tab=\"20\" data-height-tab-portrait=\"20\" data-height-mobile-landscape=\"20\" style=\"clear:both;display:block;\"><\/div>[vc_single_image image=\u00bb2232&#8243; img_size=\u00bb164 x 25&#8243; alignment=\u00bbcenter\u00bb]<div class=\"ult-spacer spacer-69d10d2e72387\" data-id=\"69d10d2e72387\" data-height=\"40\" data-height-mobile=\"20\" data-height-tab=\"20\" data-height-tab-portrait=\"20\" data-height-mobile-landscape=\"20\" style=\"clear:both;display:block;\"><\/div>[\/vc_column][vc_column width=\u00bb1\/2&#8243;]<div class=\"ult-spacer spacer-69d10d2e723a8\" data-id=\"69d10d2e723a8\" data-height=\"60\" data-height-mobile=\"20\" data-height-tab=\"20\" data-height-tab-portrait=\"20\" data-height-mobile-landscape=\"20\" style=\"clear:both;display:block;\"><\/div>[vc_column_text]El kit de montaje GNOM MK DP sirve para la intsalaci\u00f3n del sensor de desplazamiento GNOM DP. El contenido del kit est\u00e1 bien meditado. Son 67 elementos que aseguran el funcionamiento fiable del sensor hasta en condiciones comlicadas de explotaci\u00f3n.<\/p>\n<p>El kit de montaje asegura una instalaci\u00f3n r\u00e1pida y f\u00e1cil del sensor de carga por eje.[\/vc_column_text]<div class=\"ult-spacer spacer-69d10d2e723c9\" data-id=\"69d10d2e723c9\" data-height=\"40\" data-height-mobile=\"20\" data-height-tab=\"20\" data-height-tab-portrait=\"20\" data-height-mobile-landscape=\"20\" style=\"clear:both;display:block;\"><\/div>[\/vc_column][\/vc_row][vc_row][vc_column][vc_separator][\/vc_column][\/vc_row][vc_row][vc_column][ult_tab_element tab_style=\u00bbStyle_4&#8243;][single_tab title=\u00bbContenido\u00bb tab_id=\u00bb1515063150933-8&#8243;][vc_column_text]<img decoding=\"async\" class=\"size-full wp-image-25502 aligncenter\" title=\"Kit de montaje GNOM MK DP\" src=\"https:\/\/jv-technoton.com\/wp-content\/uploads\/2019\/04\/Montazhnii-komplect-GNOM-MK-DP.png\" alt=\"Kit de montaje GNOM MK DP\" width=\"541\" height=\"211\" srcset=\"https:\/\/jv-technoton.com\/wp-content\/uploads\/2019\/04\/Montazhnii-komplect-GNOM-MK-DP.png 541w, https:\/\/jv-technoton.com\/wp-content\/uploads\/2019\/04\/Montazhnii-komplect-GNOM-MK-DP-300x117.png 300w\" sizes=\"(max-width: 541px) 100vw, 541px\" \/>[\/vc_column_text][vc_column_text]<\/p>\n<ol>\n<li>Barra \u2013 1 unidad;<\/li>\n<li>Anilla \u2013 1 unidad;<\/li>\n<li>Varilla \u2013 2 unidades;<\/li>\n<li>Tornillo de cabeza \u041c6 \u2013 2 unidades;<\/li>\n<li>Tornillo de cabeza \u041c8 \u2013 6 unidades;<\/li>\n<li>Tornillo de cabeza \u041c8 \u2013 2 unidades;<\/li>\n<li>Tuerca \u041c6 \u2013 2 unidades;<\/li>\n<li>Tuerca \u041c8 \u2013 10 unidades;<\/li>\n<li>Arandela muelle \u041c6 \u2013 4 unidades;<\/li>\n<li>Arandela muelle \u041c8 \u2013 19 unidades;<\/li>\n<li>Arandela \u041c8 \u2013 2 unidades;<\/li>\n<li>Acoplamiento de la varilla\u2013 3 unidades;<\/li>\n<li>Eje del elemento el\u00e1stico \u2013 2 unidades;<\/li>\n<li>Varilla del compensador \u2013 1 unidad;<\/li>\n<li>Varilla del compensador angular\u2013 1 unidad;<\/li>\n<li>Elemento el\u00e1stico \u2013 1 unidad;<\/li>\n<li>Anillo \u2013 4 unidades;<\/li>\n<li>Chaveta de aletas \u2013 2 unidades;<\/li>\n<li>Tornillo de cabeza \u041c12 \u2013 1 unidad;<\/li>\n<li>Arandela muelle \u041c12 \u2013 1 unidad.<\/li>\n<\/ol>\n<p>[\/vc_column_text][\/single_tab][single_tab title=\u00bbSelecci\u00f3n de la longitud de la barra y la altura de la varilla\u00bb tab_id=\u00bb1515063151041-8&#8243;][vc_column_text]<img decoding=\"async\" class=\"size-full wp-image-51390 aligncenter\" title=\"Selecci\u00f3n de la longitud de la barra y la altura de la varilla\" src=\"https:\/\/jv-technoton.com\/wp-content\/uploads\/2020\/05\/GNOM_DP_MK.jpg\" alt=\"Selecci\u00f3n de la longitud de la barra y la altura de la varilla\" width=\"500\" height=\"401\" srcset=\"https:\/\/jv-technoton.com\/wp-content\/uploads\/2020\/05\/GNOM_DP_MK.jpg 1205w, https:\/\/jv-technoton.com\/wp-content\/uploads\/2020\/05\/GNOM_DP_MK-300x241.jpg 300w, https:\/\/jv-technoton.com\/wp-content\/uploads\/2020\/05\/GNOM_DP_MK-768x616.jpg 768w, https:\/\/jv-technoton.com\/wp-content\/uploads\/2020\/05\/GNOM_DP_MK-1024x822.jpg 1024w\" sizes=\"(max-width: 500px) 100vw, 500px\" \/>[\/vc_column_text][\/single_tab][single_tab title=\u00bbEsquema t\u00edpico de la instalaci\u00f3n de GNOM DP en un veh\u00edculo de dos ejes\u00bb tab_id=\u00bb1515063255274-2-4&#8243;][vc_column_text]<img decoding=\"async\" class=\"size-full wp-image-51396 aligncenter\" title=\"Esquema t\u00edpico de la instalaci\u00f3n de GNOM DP en un veh\u00edculo de dos ejes\" src=\"https:\/\/jv-technoton.com\/wp-content\/uploads\/2020\/05\/GNOM_DP_MK2.jpg\" alt=\"Esquema t\u00edpico de la instalaci\u00f3n de GNOM DP en un veh\u00edculo de dos ejes\" width=\"560\" height=\"400\" srcset=\"https:\/\/jv-technoton.com\/wp-content\/uploads\/2020\/05\/GNOM_DP_MK2.jpg 1142w, https:\/\/jv-technoton.com\/wp-content\/uploads\/2020\/05\/GNOM_DP_MK2-300x214.jpg 300w, https:\/\/jv-technoton.com\/wp-content\/uploads\/2020\/05\/GNOM_DP_MK2-768x548.jpg 768w, https:\/\/jv-technoton.com\/wp-content\/uploads\/2020\/05\/GNOM_DP_MK2-1024x731.jpg 1024w\" sizes=\"(max-width: 560px) 100vw, 560px\" \/>[\/vc_column_text][\/single_tab][single_tab title=\u00bbEsquema t\u00edpico de la instalaci\u00f3n de GNOM DP en un veh\u00edculo de tres ejes\u00bb tab_id=\u00bb1515063270353-3-0&#8243;][vc_column_text]<img decoding=\"async\" class=\"size-full wp-image-51400 aligncenter\" title=\"Esquema t\u00edpico de la instalaci\u00f3n de GNOM DP en un veh\u00edculo de tres ejes\" src=\"https:\/\/jv-technoton.com\/wp-content\/uploads\/2020\/05\/GNOM_DP_MK3.jpg\" alt=\"Esquema t\u00edpico de la instalaci\u00f3n de GNOM DP en un veh\u00edculo de tres ejes\" width=\"600\" height=\"400\" srcset=\"https:\/\/jv-technoton.com\/wp-content\/uploads\/2020\/05\/GNOM_DP_MK3.jpg 1303w, https:\/\/jv-technoton.com\/wp-content\/uploads\/2020\/05\/GNOM_DP_MK3-300x200.jpg 300w, https:\/\/jv-technoton.com\/wp-content\/uploads\/2020\/05\/GNOM_DP_MK3-768x512.jpg 768w, https:\/\/jv-technoton.com\/wp-content\/uploads\/2020\/05\/GNOM_DP_MK3-1024x682.jpg 1024w\" sizes=\"(max-width: 600px) 100vw, 600px\" \/>[\/vc_column_text][\/single_tab][\/ult_tab_element][\/vc_column][\/vc_row]<\/p>\n<\/div>","protected":false},"excerpt":{"rendered":"<p>[vc_row][vc_column][vc_column_text] Kit de montaje GNOM MK DP [\/vc_column_text][\/vc_column][\/vc_row][vc_row][vc_column width=\u00bb1\/2&#8243;][vc_column_text][\/vc_column_text][vc_separator][vc_column_text] Aplicaci\u00f3n [\/vc_column_text][vc_single_image image=\u00bb2232&#8243; img_size=\u00bb164 x 25&#8243; alignment=\u00bbcenter\u00bb][\/vc_column][vc_column width=\u00bb1\/2&#8243;][vc_column_text]El kit de montaje GNOM MK DP sirve para la intsalaci\u00f3n del sensor de desplazamiento GNOM DP. El contenido del kit est\u00e1 bien meditado. Son 67 elementos que aseguran el funcionamiento fiable del sensor hasta en condiciones comlicadas de [&hellip;]<\/p>\n","protected":false},"author":2,"featured_media":0,"parent":13368,"menu_order":0,"comment_status":"closed","ping_status":"closed","template":"","meta":{"footnotes":""},"class_list":["post-51184","page","type-page","status-publish","hentry"],"yoast_head":"<!-- This site is optimized with the Yoast SEO Premium plugin v18.1 (Yoast SEO v27.2) - https:\/\/yoast.com\/product\/yoast-seo-premium-wordpress\/ -->\n<title>Kit de montaje GNOM MK DP | Technoton<\/title>\n<meta name=\"description\" content=\"El kit de montaje GNOM MK DP sirve para la intsalaci\u00f3n del sensor de desplazamiento GNOM DP. El contenido del kit est\u00e1 bien meditado.\" \/>\n<meta name=\"robots\" content=\"index, follow, max-snippet:-1, max-image-preview:large, max-video-preview:-1\" \/>\n<link rel=\"canonical\" href=\"https:\/\/jv-technoton.com\/es\/productos\/kit-de-montaje-gnom-mk-dp\/\" \/>\n<meta property=\"og:locale\" content=\"es_ES\" \/>\n<meta property=\"og:type\" content=\"article\" \/>\n<meta property=\"og:title\" content=\"Kit de montaje GNOM MK DP\" \/>\n<meta property=\"og:description\" content=\"El kit de montaje GNOM MK DP sirve para la intsalaci\u00f3n del sensor de desplazamiento GNOM DP. El contenido del kit est\u00e1 bien meditado.\" \/>\n<meta property=\"og:url\" content=\"https:\/\/jv-technoton.com\/es\/productos\/kit-de-montaje-gnom-mk-dp\/\" \/>\n<meta property=\"og:site_name\" content=\"Technoton\" \/>\n<meta property=\"article:modified_time\" content=\"2021-05-14T12:35:21+00:00\" \/>\n<meta property=\"og:image\" content=\"https:\/\/jv-technoton.com\/wp-content\/uploads\/2019\/04\/Montazhnii-komplect-GNOM-MK-DP.png\" \/>\n<meta name=\"twitter:card\" content=\"summary_large_image\" \/>\n<meta name=\"twitter:label1\" content=\"Tiempo de lectura\" \/>\n\t<meta name=\"twitter:data1\" content=\"3 minutos\" \/>\n<script type=\"application\/ld+json\" class=\"yoast-schema-graph\">{\"@context\":\"https:\/\/schema.org\",\"@graph\":[{\"@type\":\"WebPage\",\"@id\":\"https:\/\/jv-technoton.com\/es\/productos\/kit-de-montaje-gnom-mk-dp\/\",\"url\":\"https:\/\/jv-technoton.com\/es\/productos\/kit-de-montaje-gnom-mk-dp\/\",\"name\":\"Kit de montaje GNOM MK DP | Technoton\",\"isPartOf\":{\"@id\":\"https:\/\/jv-technoton.com\/#website\"},\"primaryImageOfPage\":{\"@id\":\"https:\/\/jv-technoton.com\/es\/productos\/kit-de-montaje-gnom-mk-dp\/#primaryimage\"},\"image\":{\"@id\":\"https:\/\/jv-technoton.com\/es\/productos\/kit-de-montaje-gnom-mk-dp\/#primaryimage\"},\"thumbnailUrl\":\"https:\/\/jv-technoton.com\/wp-content\/uploads\/2019\/04\/Montazhnii-komplect-GNOM-MK-DP.png\",\"datePublished\":\"2020-04-23T06:46:48+00:00\",\"dateModified\":\"2021-05-14T12:35:21+00:00\",\"description\":\"El kit de montaje GNOM MK DP sirve para la intsalaci\u00f3n del sensor de desplazamiento GNOM DP. El contenido del kit est\u00e1 bien meditado.\",\"breadcrumb\":{\"@id\":\"https:\/\/jv-technoton.com\/es\/productos\/kit-de-montaje-gnom-mk-dp\/#breadcrumb\"},\"inLanguage\":\"es\",\"potentialAction\":[{\"@type\":\"ReadAction\",\"target\":[\"https:\/\/jv-technoton.com\/es\/productos\/kit-de-montaje-gnom-mk-dp\/\"]}]},{\"@type\":\"ImageObject\",\"inLanguage\":\"es\",\"@id\":\"https:\/\/jv-technoton.com\/es\/productos\/kit-de-montaje-gnom-mk-dp\/#primaryimage\",\"url\":\"https:\/\/jv-technoton.com\/wp-content\/uploads\/2019\/04\/Montazhnii-komplect-GNOM-MK-DP.png\",\"contentUrl\":\"https:\/\/jv-technoton.com\/wp-content\/uploads\/2019\/04\/Montazhnii-komplect-GNOM-MK-DP.png\"},{\"@type\":\"BreadcrumbList\",\"@id\":\"https:\/\/jv-technoton.com\/es\/productos\/kit-de-montaje-gnom-mk-dp\/#breadcrumb\",\"itemListElement\":[{\"@type\":\"ListItem\",\"position\":1,\"name\":\"Home\",\"item\":\"https:\/\/jv-technoton.com\/es\/\"},{\"@type\":\"ListItem\",\"position\":2,\"name\":\"Productos Technoton\",\"item\":\"https:\/\/jv-technoton.com\/es\/productos\/\"},{\"@type\":\"ListItem\",\"position\":3,\"name\":\"Kit de montaje GNOM MK DP\"}]},{\"@type\":\"WebSite\",\"@id\":\"https:\/\/jv-technoton.com\/#website\",\"url\":\"https:\/\/jv-technoton.com\/\",\"name\":\"Advanced machinery telematics and fuel monitoring\",\"description\":\"Telem\u00e1tica para maquinaria compleja | Technoton\",\"publisher\":{\"@id\":\"https:\/\/jv-technoton.com\/#organization\"},\"potentialAction\":[{\"@type\":\"SearchAction\",\"target\":{\"@type\":\"EntryPoint\",\"urlTemplate\":\"https:\/\/jv-technoton.com\/?s={search_term_string}\"},\"query-input\":{\"@type\":\"PropertyValueSpecification\",\"valueRequired\":true,\"valueName\":\"search_term_string\"}}],\"inLanguage\":\"es\"},{\"@type\":\"Organization\",\"@id\":\"https:\/\/jv-technoton.com\/#organization\",\"name\":\"Technoton\",\"url\":\"https:\/\/jv-technoton.com\/\",\"logo\":{\"@type\":\"ImageObject\",\"inLanguage\":\"es\",\"@id\":\"https:\/\/jv-technoton.com\/#\/schema\/logo\/image\/\",\"url\":\"https:\/\/jv-technoton.com\/wp-content\/uploads\/2022\/02\/technoton_logo_web.png\",\"contentUrl\":\"https:\/\/jv-technoton.com\/wp-content\/uploads\/2022\/02\/technoton_logo_web.png\",\"width\":800,\"height\":329,\"caption\":\"Technoton\"},\"image\":{\"@id\":\"https:\/\/jv-technoton.com\/#\/schema\/logo\/image\/\"},\"sameAs\":[\"https:\/\/www.linkedin.com\/company\/technoton\"]}]}<\/script>\n<!-- \/ Yoast SEO Premium plugin. -->","yoast_head_json":{"title":"Kit de montaje GNOM MK DP | Technoton","description":"El kit de montaje GNOM MK DP sirve para la intsalaci\u00f3n del sensor de desplazamiento GNOM DP. El contenido del kit est\u00e1 bien meditado.","robots":{"index":"index","follow":"follow","max-snippet":"max-snippet:-1","max-image-preview":"max-image-preview:large","max-video-preview":"max-video-preview:-1"},"canonical":"https:\/\/jv-technoton.com\/es\/productos\/kit-de-montaje-gnom-mk-dp\/","og_locale":"es_ES","og_type":"article","og_title":"Kit de montaje GNOM MK DP","og_description":"El kit de montaje GNOM MK DP sirve para la intsalaci\u00f3n del sensor de desplazamiento GNOM DP. El contenido del kit est\u00e1 bien meditado.","og_url":"https:\/\/jv-technoton.com\/es\/productos\/kit-de-montaje-gnom-mk-dp\/","og_site_name":"Technoton","article_modified_time":"2021-05-14T12:35:21+00:00","og_image":[{"url":"https:\/\/jv-technoton.com\/wp-content\/uploads\/2019\/04\/Montazhnii-komplect-GNOM-MK-DP.png","type":"","width":"","height":""}],"twitter_card":"summary_large_image","twitter_misc":{"Tiempo de lectura":"3 minutos"},"schema":{"@context":"https:\/\/schema.org","@graph":[{"@type":"WebPage","@id":"https:\/\/jv-technoton.com\/es\/productos\/kit-de-montaje-gnom-mk-dp\/","url":"https:\/\/jv-technoton.com\/es\/productos\/kit-de-montaje-gnom-mk-dp\/","name":"Kit de montaje GNOM MK DP | Technoton","isPartOf":{"@id":"https:\/\/jv-technoton.com\/#website"},"primaryImageOfPage":{"@id":"https:\/\/jv-technoton.com\/es\/productos\/kit-de-montaje-gnom-mk-dp\/#primaryimage"},"image":{"@id":"https:\/\/jv-technoton.com\/es\/productos\/kit-de-montaje-gnom-mk-dp\/#primaryimage"},"thumbnailUrl":"https:\/\/jv-technoton.com\/wp-content\/uploads\/2019\/04\/Montazhnii-komplect-GNOM-MK-DP.png","datePublished":"2020-04-23T06:46:48+00:00","dateModified":"2021-05-14T12:35:21+00:00","description":"El kit de montaje GNOM MK DP sirve para la intsalaci\u00f3n del sensor de desplazamiento GNOM DP. El contenido del kit est\u00e1 bien meditado.","breadcrumb":{"@id":"https:\/\/jv-technoton.com\/es\/productos\/kit-de-montaje-gnom-mk-dp\/#breadcrumb"},"inLanguage":"es","potentialAction":[{"@type":"ReadAction","target":["https:\/\/jv-technoton.com\/es\/productos\/kit-de-montaje-gnom-mk-dp\/"]}]},{"@type":"ImageObject","inLanguage":"es","@id":"https:\/\/jv-technoton.com\/es\/productos\/kit-de-montaje-gnom-mk-dp\/#primaryimage","url":"https:\/\/jv-technoton.com\/wp-content\/uploads\/2019\/04\/Montazhnii-komplect-GNOM-MK-DP.png","contentUrl":"https:\/\/jv-technoton.com\/wp-content\/uploads\/2019\/04\/Montazhnii-komplect-GNOM-MK-DP.png"},{"@type":"BreadcrumbList","@id":"https:\/\/jv-technoton.com\/es\/productos\/kit-de-montaje-gnom-mk-dp\/#breadcrumb","itemListElement":[{"@type":"ListItem","position":1,"name":"Home","item":"https:\/\/jv-technoton.com\/es\/"},{"@type":"ListItem","position":2,"name":"Productos Technoton","item":"https:\/\/jv-technoton.com\/es\/productos\/"},{"@type":"ListItem","position":3,"name":"Kit de montaje GNOM MK DP"}]},{"@type":"WebSite","@id":"https:\/\/jv-technoton.com\/#website","url":"https:\/\/jv-technoton.com\/","name":"Advanced machinery telematics and fuel monitoring","description":"Telem\u00e1tica para maquinaria compleja | Technoton","publisher":{"@id":"https:\/\/jv-technoton.com\/#organization"},"potentialAction":[{"@type":"SearchAction","target":{"@type":"EntryPoint","urlTemplate":"https:\/\/jv-technoton.com\/?s={search_term_string}"},"query-input":{"@type":"PropertyValueSpecification","valueRequired":true,"valueName":"search_term_string"}}],"inLanguage":"es"},{"@type":"Organization","@id":"https:\/\/jv-technoton.com\/#organization","name":"Technoton","url":"https:\/\/jv-technoton.com\/","logo":{"@type":"ImageObject","inLanguage":"es","@id":"https:\/\/jv-technoton.com\/#\/schema\/logo\/image\/","url":"https:\/\/jv-technoton.com\/wp-content\/uploads\/2022\/02\/technoton_logo_web.png","contentUrl":"https:\/\/jv-technoton.com\/wp-content\/uploads\/2022\/02\/technoton_logo_web.png","width":800,"height":329,"caption":"Technoton"},"image":{"@id":"https:\/\/jv-technoton.com\/#\/schema\/logo\/image\/"},"sameAs":["https:\/\/www.linkedin.com\/company\/technoton"]}]}},"rttpg_featured_image_url":null,"rttpg_author":{"display_name":"Anya","author_link":"https:\/\/jv-technoton.com\/es\/author\/technoton-com\/"},"rttpg_comment":0,"rttpg_category":" <a href=\"https:\/\/jv-technoton.com\/es\/?taxonomy=translation_priority&#038;term=opcional\" rel=\"tag\">Opcional<\/a>","rttpg_excerpt":"[vc_row][vc_column][vc_column_text] Kit de montaje GNOM MK DP [\/vc_column_text][\/vc_column][\/vc_row][vc_row][vc_column width=\u00bb1\/2&#8243;][vc_column_text][\/vc_column_text][vc_separator][vc_column_text] Aplicaci\u00f3n [\/vc_column_text][vc_single_image image=\u00bb2232&#8243; img_size=\u00bb164 x 25&#8243; alignment=\u00bbcenter\u00bb][\/vc_column][vc_column width=\u00bb1\/2&#8243;][vc_column_text]El kit de montaje GNOM MK DP sirve para la intsalaci\u00f3n del sensor de desplazamiento GNOM DP. El contenido del kit est\u00e1 bien meditado. Son 67 elementos que aseguran el funcionamiento fiable del sensor hasta en condiciones comlicadas de&hellip;","_links":{"self":[{"href":"https:\/\/jv-technoton.com\/es\/wp-json\/wp\/v2\/pages\/51184","targetHints":{"allow":["GET"]}}],"collection":[{"href":"https:\/\/jv-technoton.com\/es\/wp-json\/wp\/v2\/pages"}],"about":[{"href":"https:\/\/jv-technoton.com\/es\/wp-json\/wp\/v2\/types\/page"}],"author":[{"embeddable":true,"href":"https:\/\/jv-technoton.com\/es\/wp-json\/wp\/v2\/users\/2"}],"replies":[{"embeddable":true,"href":"https:\/\/jv-technoton.com\/es\/wp-json\/wp\/v2\/comments?post=51184"}],"version-history":[{"count":0,"href":"https:\/\/jv-technoton.com\/es\/wp-json\/wp\/v2\/pages\/51184\/revisions"}],"up":[{"embeddable":true,"href":"https:\/\/jv-technoton.com\/es\/wp-json\/wp\/v2\/pages\/13368"}],"wp:attachment":[{"href":"https:\/\/jv-technoton.com\/es\/wp-json\/wp\/v2\/media?parent=51184"}],"curies":[{"name":"wp","href":"https:\/\/api.w.org\/{rel}","templated":true}]}}