{"id":51190,"date":"2020-04-23T10:32:43","date_gmt":"2020-04-23T07:32:43","guid":{"rendered":"https:\/\/jv-technoton.com\/?page_id=51190"},"modified":"2021-05-14T15:34:28","modified_gmt":"2021-05-14T12:34:28","slug":"kit-de-montaje-gnom-mk-dde","status":"publish","type":"page","link":"https:\/\/jv-technoton.com\/es\/productos\/kit-de-montaje-gnom-mk-dde\/","title":{"rendered":"Kit de montaje GNOM MK DDE"},"content":{"rendered":"<div class=\"wpb-content-wrapper\"><p>[vc_row][vc_column]<div class=\"ult-spacer spacer-69f2c201854f9\" data-id=\"69f2c201854f9\" data-height=\"20\" data-height-mobile=\"20\" data-height-tab=\"20\" data-height-tab-portrait=\"\" data-height-mobile-landscape=\"\" style=\"clear:both;display:block;\"><\/div>[vc_column_text]<\/p>\n<h1>Kit de montaje GNOM MK DDE<\/h1>\n<p>[\/vc_column_text][\/vc_column][\/vc_row][vc_row][vc_column width=\u00bb1\/2&#8243;]<div class=\"ult-spacer spacer-69f2c20185537\" data-id=\"69f2c20185537\" data-height=\"20\" data-height-mobile=\"20\" data-height-tab=\"20\" data-height-tab-portrait=\"\" data-height-mobile-landscape=\"\" style=\"clear:both;display:block;\"><\/div><div class=\"ult-spacer spacer-69f2c2018555c\" data-id=\"69f2c2018555c\" data-height=\"20\" data-height-mobile=\"20\" data-height-tab=\"20\" data-height-tab-portrait=\"\" data-height-mobile-landscape=\"\" style=\"clear:both;display:block;\"><\/div>[vc_column_text]<img loading=\"lazy\" decoding=\"async\" class=\"size-full wp-image-3948 aligncenter\" title=\"Kit de montaje GNOM MK DDE\" src=\"https:\/\/jv-technoton.com\/wp-content\/uploads\/2018\/01\/GNOM_mk_dde2.png\" alt=\"Kit de montaje GNOM MK DDE\" width=\"1613\" height=\"1210\" srcset=\"https:\/\/jv-technoton.com\/wp-content\/uploads\/2018\/01\/GNOM_mk_dde2.png 1613w, https:\/\/jv-technoton.com\/wp-content\/uploads\/2018\/01\/GNOM_mk_dde2-300x225.png 300w, https:\/\/jv-technoton.com\/wp-content\/uploads\/2018\/01\/GNOM_mk_dde2-768x576.png 768w, https:\/\/jv-technoton.com\/wp-content\/uploads\/2018\/01\/GNOM_mk_dde2-1024x768.png 1024w\" sizes=\"auto, (max-width: 1613px) 100vw, 1613px\" \/>[\/vc_column_text]<div class=\"ult-spacer spacer-69f2c2018557b\" data-id=\"69f2c2018557b\" data-height=\"20\" data-height-mobile=\"20\" data-height-tab=\"20\" data-height-tab-portrait=\"\" data-height-mobile-landscape=\"\" style=\"clear:both;display:block;\"><\/div><div class=\"ult-spacer spacer-69f2c20185598\" data-id=\"69f2c20185598\" data-height=\"20\" data-height-mobile=\"20\" data-height-tab=\"20\" data-height-tab-portrait=\"\" data-height-mobile-landscape=\"\" style=\"clear:both;display:block;\"><\/div>[vc_separator][vc_column_text]<\/p>\n<h2 style=\"text-align: center;\">Aplicaci\u00f3n<\/h2>\n<p>[\/vc_column_text]<div class=\"ult-spacer spacer-69f2c201855b3\" data-id=\"69f2c201855b3\" data-height=\"20\" data-height-mobile=\"20\" data-height-tab=\"20\" data-height-tab-portrait=\"\" data-height-mobile-landscape=\"\" style=\"clear:both;display:block;\"><\/div>[vc_single_image image=\u00bb3096&#8243; img_size=\u00bb160 x 25&#8243; alignment=\u00bbcenter\u00bb]<div class=\"ult-spacer spacer-69f2c201855cf\" data-id=\"69f2c201855cf\" data-height=\"20\" data-height-mobile=\"20\" data-height-tab=\"20\" data-height-tab-portrait=\"\" data-height-mobile-landscape=\"\" style=\"clear:both;display:block;\"><\/div><div class=\"ult-spacer spacer-69f2c201855ea\" data-id=\"69f2c201855ea\" data-height=\"20\" data-height-mobile=\"20\" data-height-tab=\"20\" data-height-tab-portrait=\"\" data-height-mobile-landscape=\"\" style=\"clear:both;display:block;\"><\/div>[\/vc_column][vc_column width=\u00bb1\/2&#8243;]<div class=\"ult-spacer spacer-69f2c20185606\" data-id=\"69f2c20185606\" data-height=\"20\" data-height-mobile=\"20\" data-height-tab=\"20\" data-height-tab-portrait=\"\" data-height-mobile-landscape=\"\" style=\"clear:both;display:block;\"><\/div>[vc_column_text]Kit de montaje GNOM MK DDE2 \u00a0est\u00e1 destinado a la conexi\u00f3n de GNOM DDE al sistema de la suspensi\u00f3n neum\u00e1tica del veh\u00edculo:<\/p>\n<ul>\n<li>al instalar GNOM DDE en el orificio \u041c22\u00d71,5 con la continuaci\u00f3n de la l\u00ednea de suministro del aire comprimido;<\/li>\n<li>al instalar GNOM DDE en el corte de la l\u00ednea de suministro del aire comprimido \u00d8=8 mm;<\/li>\n<li>al instalar GNOM DDE en ek lugar de montaje de la l\u00ednea de suministro del aire comprimido \u00d8=8 mm.<\/li>\n<\/ul>\n<p>En GNOM MK DDE2 se utilizan \u00fanicamente los componentes de calidad destinados a la explotaci\u00f3n en el sistema neum\u00e1tico de veh\u00edculos.[\/vc_column_text]<div class=\"ult-spacer spacer-69f2c2018563a\" data-id=\"69f2c2018563a\" data-height=\"20\" data-height-mobile=\"20\" data-height-tab=\"20\" data-height-tab-portrait=\"\" data-height-mobile-landscape=\"\" style=\"clear:both;display:block;\"><\/div>[vc_column_text]<\/p>\n<h2 style=\"text-align: center;\">Contenido del kit de montaje<\/h2>\n<p>[\/vc_column_text]<div class=\"ult-spacer spacer-69f2c2018565a\" data-id=\"69f2c2018565a\" data-height=\"20\" data-height-mobile=\"20\" data-height-tab=\"20\" data-height-tab-portrait=\"\" data-height-mobile-landscape=\"\" style=\"clear:both;display:block;\"><\/div>[vc_row_inner content_placement=\u00bbtop\u00bb gap=\u00bb2&#8243;][vc_column_inner width=\u00bb1\/2&#8243;][vc_column_text]<\/p>\n<ol>\n<li>\u00a0Embrague c\u00f3nico \u2014 2 unidades;<\/li>\n<li>Niple conector \u2014 1 unidad;<\/li>\n<li>\u00a0Boquilla de uni\u00f3n \u2014 2 unidades;<\/li>\n<li>\u00a0Tubo \u00d8=8 mm \u2014 1 unidad;<\/li>\n<li>\u00a0Aro de empaquetadura \u2014 2 unidades;<\/li>\n<li>\u00a0Aro de empaquetadura \u2014 1 unidad;<\/li>\n<li>\u00a0Tuerca de uni\u00f3n \u2014 2 unidades;<\/li>\n<\/ol>\n<p>[\/vc_column_text][\/vc_column_inner][vc_column_inner width=\u00bb1\/2&#8243;][vc_column_text]<\/p>\n<ol start=\"8\">\n<li>Arandela 16 \u2014 1 unidad;<\/li>\n<li>\u00a0Placa de montaje \u2014 1 unidad;<\/li>\n<li>Tornillo \u041c6\u00d78 \u2014 2 unidades;<\/li>\n<li>\u00a0Tornillo autoroscante 6,3\u044513 \u2014 2 unidades;<\/li>\n<li>Tornillo de cabeza \u041c6\u044520 \u2014 2 unidades;<\/li>\n<li>Tuerca \u041c6 \u2014 2 unidades;<\/li>\n<li>\u00a0Arandela \u041c6 \u2014 2 unidades.<\/li>\n<\/ol>\n<p>[\/vc_column_text][\/vc_column_inner][\/vc_row_inner]<div class=\"ult-spacer spacer-69f2c2018567c\" data-id=\"69f2c2018567c\" data-height=\"20\" data-height-mobile=\"20\" data-height-tab=\"20\" data-height-tab-portrait=\"\" data-height-mobile-landscape=\"\" style=\"clear:both;display:block;\"><\/div>[\/vc_column][\/vc_row]<\/p>\n<\/div>","protected":false},"excerpt":{"rendered":"<p>[vc_row][vc_column][vc_column_text] Kit de montaje GNOM MK DDE [\/vc_column_text][\/vc_column][\/vc_row][vc_row][vc_column width=\u00bb1\/2&#8243;][vc_column_text][\/vc_column_text][vc_separator][vc_column_text] Aplicaci\u00f3n [\/vc_column_text][vc_single_image image=\u00bb3096&#8243; img_size=\u00bb160 x 25&#8243; alignment=\u00bbcenter\u00bb][\/vc_column][vc_column width=\u00bb1\/2&#8243;][vc_column_text]Kit de montaje GNOM MK DDE2 \u00a0est\u00e1 destinado a la conexi\u00f3n de GNOM DDE al sistema de la suspensi\u00f3n neum\u00e1tica del veh\u00edculo: al instalar GNOM DDE en el orificio \u041c22\u00d71,5 con la continuaci\u00f3n de la l\u00ednea de suministro del&#8230;<\/p>\n","protected":false},"author":2,"featured_media":0,"parent":13368,"menu_order":0,"comment_status":"closed","ping_status":"closed","template":"","meta":{"_kad_post_transparent":"","_kad_post_title":"","_kad_post_layout":"","_kad_post_sidebar_id":"","_kad_post_content_style":"","_kad_post_vertical_padding":"","_kad_post_feature":"","_kad_post_feature_position":"","_kad_post_header":false,"_kad_post_footer":false,"_kad_post_classname":"","footnotes":""},"class_list":["post-51190","page","type-page","status-publish","hentry"],"yoast_head":"<!-- This site is optimized with the Yoast SEO Premium plugin v18.1 (Yoast SEO v27.4) - https:\/\/yoast.com\/product\/yoast-seo-premium-wordpress\/ -->\n<title>Kit de montaje GNOM MK DDE | Technoton<\/title>\n<meta name=\"description\" content=\"Kit de montaje GNOM MK DDE2 \u00a0est\u00e1 destinado a la conexi\u00f3n de GNOM DDE al sistema de la suspensi\u00f3n neum\u00e1tica del veh\u00edculo.\" \/>\n<meta name=\"robots\" content=\"index, follow, max-snippet:-1, max-image-preview:large, max-video-preview:-1\" \/>\n<link rel=\"canonical\" href=\"https:\/\/jv-technoton.com\/es\/productos\/kit-de-montaje-gnom-mk-dde\/\" \/>\n<meta property=\"og:locale\" content=\"es_ES\" \/>\n<meta property=\"og:type\" content=\"article\" \/>\n<meta property=\"og:title\" content=\"Kit de montaje GNOM MK DDE\" \/>\n<meta property=\"og:description\" content=\"Kit de montaje GNOM MK DDE2 \u00a0est\u00e1 destinado a la conexi\u00f3n de GNOM DDE al sistema de la suspensi\u00f3n neum\u00e1tica del veh\u00edculo.\" \/>\n<meta property=\"og:url\" content=\"https:\/\/jv-technoton.com\/es\/productos\/kit-de-montaje-gnom-mk-dde\/\" \/>\n<meta property=\"og:site_name\" content=\"Technoton\" \/>\n<meta property=\"article:modified_time\" content=\"2021-05-14T12:34:28+00:00\" \/>\n<meta property=\"og:image\" content=\"https:\/\/jv-technoton.com\/wp-content\/uploads\/2018\/01\/GNOM_mk_dde2.png\" \/>\n<meta name=\"twitter:card\" content=\"summary_large_image\" \/>\n<meta name=\"twitter:label1\" content=\"Tiempo de lectura\" \/>\n\t<meta name=\"twitter:data1\" content=\"2 minutos\" \/>\n<script type=\"application\/ld+json\" class=\"yoast-schema-graph\">{\"@context\":\"https:\\\/\\\/schema.org\",\"@graph\":[{\"@type\":\"WebPage\",\"@id\":\"https:\\\/\\\/jv-technoton.com\\\/es\\\/productos\\\/kit-de-montaje-gnom-mk-dde\\\/\",\"url\":\"https:\\\/\\\/jv-technoton.com\\\/es\\\/productos\\\/kit-de-montaje-gnom-mk-dde\\\/\",\"name\":\"Kit de montaje GNOM MK DDE | Technoton\",\"isPartOf\":{\"@id\":\"https:\\\/\\\/jv-technoton.com\\\/#website\"},\"primaryImageOfPage\":{\"@id\":\"https:\\\/\\\/jv-technoton.com\\\/es\\\/productos\\\/kit-de-montaje-gnom-mk-dde\\\/#primaryimage\"},\"image\":{\"@id\":\"https:\\\/\\\/jv-technoton.com\\\/es\\\/productos\\\/kit-de-montaje-gnom-mk-dde\\\/#primaryimage\"},\"thumbnailUrl\":\"https:\\\/\\\/jv-technoton.com\\\/wp-content\\\/uploads\\\/2018\\\/01\\\/GNOM_mk_dde2.png\",\"datePublished\":\"2020-04-23T07:32:43+00:00\",\"dateModified\":\"2021-05-14T12:34:28+00:00\",\"description\":\"Kit de montaje GNOM MK DDE2 \u00a0est\u00e1 destinado a la conexi\u00f3n de GNOM DDE al sistema de la suspensi\u00f3n neum\u00e1tica del veh\u00edculo.\",\"breadcrumb\":{\"@id\":\"https:\\\/\\\/jv-technoton.com\\\/es\\\/productos\\\/kit-de-montaje-gnom-mk-dde\\\/#breadcrumb\"},\"inLanguage\":\"es\",\"potentialAction\":[{\"@type\":\"ReadAction\",\"target\":[\"https:\\\/\\\/jv-technoton.com\\\/es\\\/productos\\\/kit-de-montaje-gnom-mk-dde\\\/\"]}]},{\"@type\":\"ImageObject\",\"inLanguage\":\"es\",\"@id\":\"https:\\\/\\\/jv-technoton.com\\\/es\\\/productos\\\/kit-de-montaje-gnom-mk-dde\\\/#primaryimage\",\"url\":\"https:\\\/\\\/jv-technoton.com\\\/wp-content\\\/uploads\\\/2018\\\/01\\\/GNOM_mk_dde2.png\",\"contentUrl\":\"https:\\\/\\\/jv-technoton.com\\\/wp-content\\\/uploads\\\/2018\\\/01\\\/GNOM_mk_dde2.png\"},{\"@type\":\"BreadcrumbList\",\"@id\":\"https:\\\/\\\/jv-technoton.com\\\/es\\\/productos\\\/kit-de-montaje-gnom-mk-dde\\\/#breadcrumb\",\"itemListElement\":[{\"@type\":\"ListItem\",\"position\":1,\"name\":\"Home\",\"item\":\"https:\\\/\\\/jv-technoton.com\\\/es\\\/\"},{\"@type\":\"ListItem\",\"position\":2,\"name\":\"Productos Technoton\",\"item\":\"https:\\\/\\\/jv-technoton.com\\\/es\\\/productos\\\/\"},{\"@type\":\"ListItem\",\"position\":3,\"name\":\"Kit de montaje GNOM MK DDE\"}]},{\"@type\":\"WebSite\",\"@id\":\"https:\\\/\\\/jv-technoton.com\\\/#website\",\"url\":\"https:\\\/\\\/jv-technoton.com\\\/\",\"name\":\"Advanced machinery telematics and fuel monitoring\",\"description\":\"Telem\u00e1tica para maquinaria compleja | Technoton\",\"publisher\":{\"@id\":\"https:\\\/\\\/jv-technoton.com\\\/#organization\"},\"potentialAction\":[{\"@type\":\"SearchAction\",\"target\":{\"@type\":\"EntryPoint\",\"urlTemplate\":\"https:\\\/\\\/jv-technoton.com\\\/?s={search_term_string}\"},\"query-input\":{\"@type\":\"PropertyValueSpecification\",\"valueRequired\":true,\"valueName\":\"search_term_string\"}}],\"inLanguage\":\"es\"},{\"@type\":\"Organization\",\"@id\":\"https:\\\/\\\/jv-technoton.com\\\/#organization\",\"name\":\"Technoton\",\"url\":\"https:\\\/\\\/jv-technoton.com\\\/\",\"logo\":{\"@type\":\"ImageObject\",\"inLanguage\":\"es\",\"@id\":\"https:\\\/\\\/jv-technoton.com\\\/#\\\/schema\\\/logo\\\/image\\\/\",\"url\":\"https:\\\/\\\/jv-technoton.com\\\/wp-content\\\/uploads\\\/2022\\\/02\\\/technoton_logo_web.png\",\"contentUrl\":\"https:\\\/\\\/jv-technoton.com\\\/wp-content\\\/uploads\\\/2022\\\/02\\\/technoton_logo_web.png\",\"width\":800,\"height\":329,\"caption\":\"Technoton\"},\"image\":{\"@id\":\"https:\\\/\\\/jv-technoton.com\\\/#\\\/schema\\\/logo\\\/image\\\/\"},\"sameAs\":[\"https:\\\/\\\/www.linkedin.com\\\/company\\\/technoton\"]}]}<\/script>\n<!-- \/ Yoast SEO Premium plugin. -->","yoast_head_json":{"title":"Kit de montaje GNOM MK DDE | Technoton","description":"Kit de montaje GNOM MK DDE2 \u00a0est\u00e1 destinado a la conexi\u00f3n de GNOM DDE al sistema de la suspensi\u00f3n neum\u00e1tica del veh\u00edculo.","robots":{"index":"index","follow":"follow","max-snippet":"max-snippet:-1","max-image-preview":"max-image-preview:large","max-video-preview":"max-video-preview:-1"},"canonical":"https:\/\/jv-technoton.com\/es\/productos\/kit-de-montaje-gnom-mk-dde\/","og_locale":"es_ES","og_type":"article","og_title":"Kit de montaje GNOM MK DDE","og_description":"Kit de montaje GNOM MK DDE2 \u00a0est\u00e1 destinado a la conexi\u00f3n de GNOM DDE al sistema de la suspensi\u00f3n neum\u00e1tica del veh\u00edculo.","og_url":"https:\/\/jv-technoton.com\/es\/productos\/kit-de-montaje-gnom-mk-dde\/","og_site_name":"Technoton","article_modified_time":"2021-05-14T12:34:28+00:00","og_image":[{"url":"https:\/\/jv-technoton.com\/wp-content\/uploads\/2018\/01\/GNOM_mk_dde2.png","type":"","width":"","height":""}],"twitter_card":"summary_large_image","twitter_misc":{"Tiempo de lectura":"2 minutos"},"schema":{"@context":"https:\/\/schema.org","@graph":[{"@type":"WebPage","@id":"https:\/\/jv-technoton.com\/es\/productos\/kit-de-montaje-gnom-mk-dde\/","url":"https:\/\/jv-technoton.com\/es\/productos\/kit-de-montaje-gnom-mk-dde\/","name":"Kit de montaje GNOM MK DDE | Technoton","isPartOf":{"@id":"https:\/\/jv-technoton.com\/#website"},"primaryImageOfPage":{"@id":"https:\/\/jv-technoton.com\/es\/productos\/kit-de-montaje-gnom-mk-dde\/#primaryimage"},"image":{"@id":"https:\/\/jv-technoton.com\/es\/productos\/kit-de-montaje-gnom-mk-dde\/#primaryimage"},"thumbnailUrl":"https:\/\/jv-technoton.com\/wp-content\/uploads\/2018\/01\/GNOM_mk_dde2.png","datePublished":"2020-04-23T07:32:43+00:00","dateModified":"2021-05-14T12:34:28+00:00","description":"Kit de montaje GNOM MK DDE2 \u00a0est\u00e1 destinado a la conexi\u00f3n de GNOM DDE al sistema de la suspensi\u00f3n neum\u00e1tica del veh\u00edculo.","breadcrumb":{"@id":"https:\/\/jv-technoton.com\/es\/productos\/kit-de-montaje-gnom-mk-dde\/#breadcrumb"},"inLanguage":"es","potentialAction":[{"@type":"ReadAction","target":["https:\/\/jv-technoton.com\/es\/productos\/kit-de-montaje-gnom-mk-dde\/"]}]},{"@type":"ImageObject","inLanguage":"es","@id":"https:\/\/jv-technoton.com\/es\/productos\/kit-de-montaje-gnom-mk-dde\/#primaryimage","url":"https:\/\/jv-technoton.com\/wp-content\/uploads\/2018\/01\/GNOM_mk_dde2.png","contentUrl":"https:\/\/jv-technoton.com\/wp-content\/uploads\/2018\/01\/GNOM_mk_dde2.png"},{"@type":"BreadcrumbList","@id":"https:\/\/jv-technoton.com\/es\/productos\/kit-de-montaje-gnom-mk-dde\/#breadcrumb","itemListElement":[{"@type":"ListItem","position":1,"name":"Home","item":"https:\/\/jv-technoton.com\/es\/"},{"@type":"ListItem","position":2,"name":"Productos Technoton","item":"https:\/\/jv-technoton.com\/es\/productos\/"},{"@type":"ListItem","position":3,"name":"Kit de montaje GNOM MK DDE"}]},{"@type":"WebSite","@id":"https:\/\/jv-technoton.com\/#website","url":"https:\/\/jv-technoton.com\/","name":"Advanced machinery telematics and fuel monitoring","description":"Telem\u00e1tica para maquinaria compleja | Technoton","publisher":{"@id":"https:\/\/jv-technoton.com\/#organization"},"potentialAction":[{"@type":"SearchAction","target":{"@type":"EntryPoint","urlTemplate":"https:\/\/jv-technoton.com\/?s={search_term_string}"},"query-input":{"@type":"PropertyValueSpecification","valueRequired":true,"valueName":"search_term_string"}}],"inLanguage":"es"},{"@type":"Organization","@id":"https:\/\/jv-technoton.com\/#organization","name":"Technoton","url":"https:\/\/jv-technoton.com\/","logo":{"@type":"ImageObject","inLanguage":"es","@id":"https:\/\/jv-technoton.com\/#\/schema\/logo\/image\/","url":"https:\/\/jv-technoton.com\/wp-content\/uploads\/2022\/02\/technoton_logo_web.png","contentUrl":"https:\/\/jv-technoton.com\/wp-content\/uploads\/2022\/02\/technoton_logo_web.png","width":800,"height":329,"caption":"Technoton"},"image":{"@id":"https:\/\/jv-technoton.com\/#\/schema\/logo\/image\/"},"sameAs":["https:\/\/www.linkedin.com\/company\/technoton"]}]}},"rttpg_featured_image_url":null,"rttpg_author":{"display_name":"Anya","author_link":"https:\/\/jv-technoton.com\/es\/author\/technoton-com\/"},"rttpg_comment":0,"rttpg_category":" <a href=\"https:\/\/jv-technoton.com\/es\/?taxonomy=translation_priority&#038;term=opcional\" rel=\"tag\">Opcional<\/a>","rttpg_excerpt":"[vc_row][vc_column][vc_column_text] Kit de montaje GNOM MK DDE [\/vc_column_text][\/vc_column][\/vc_row][vc_row][vc_column width=\u00bb1\/2&#8243;][vc_column_text][\/vc_column_text][vc_separator][vc_column_text] Aplicaci\u00f3n [\/vc_column_text][vc_single_image image=\u00bb3096&#8243; img_size=\u00bb160 x 25&#8243; alignment=\u00bbcenter\u00bb][\/vc_column][vc_column width=\u00bb1\/2&#8243;][vc_column_text]Kit de montaje GNOM MK DDE2 \u00a0est\u00e1 destinado a la conexi\u00f3n de GNOM DDE al sistema de la suspensi\u00f3n neum\u00e1tica del veh\u00edculo: al instalar GNOM DDE en el orificio \u041c22\u00d71,5 con la continuaci\u00f3n de la l\u00ednea de suministro del...","_links":{"self":[{"href":"https:\/\/jv-technoton.com\/es\/wp-json\/wp\/v2\/pages\/51190","targetHints":{"allow":["GET"]}}],"collection":[{"href":"https:\/\/jv-technoton.com\/es\/wp-json\/wp\/v2\/pages"}],"about":[{"href":"https:\/\/jv-technoton.com\/es\/wp-json\/wp\/v2\/types\/page"}],"author":[{"embeddable":true,"href":"https:\/\/jv-technoton.com\/es\/wp-json\/wp\/v2\/users\/2"}],"replies":[{"embeddable":true,"href":"https:\/\/jv-technoton.com\/es\/wp-json\/wp\/v2\/comments?post=51190"}],"version-history":[{"count":0,"href":"https:\/\/jv-technoton.com\/es\/wp-json\/wp\/v2\/pages\/51190\/revisions"}],"up":[{"embeddable":true,"href":"https:\/\/jv-technoton.com\/es\/wp-json\/wp\/v2\/pages\/13368"}],"wp:attachment":[{"href":"https:\/\/jv-technoton.com\/es\/wp-json\/wp\/v2\/media?parent=51190"}],"curies":[{"name":"wp","href":"https:\/\/api.w.org\/{rel}","templated":true}]}}