{"id":52166,"date":"2020-05-12T08:57:09","date_gmt":"2020-05-12T05:57:09","guid":{"rendered":"https:\/\/jv-technoton.com\/?page_id=52166"},"modified":"2025-01-15T09:05:12","modified_gmt":"2025-01-15T06:05:12","slug":"kit-de-montaje-mk-dut-e","status":"publish","type":"page","link":"https:\/\/jv-technoton.com\/es\/productos\/kit-de-montaje-mk-dut-e\/","title":{"rendered":"Kit de montaje MK DUT-E"},"content":{"rendered":"<div class=\"wpb-content-wrapper\"><p>[vc_row][vc_column]<div class=\"ult-spacer spacer-69e13b2ab09e1\" data-id=\"69e13b2ab09e1\" data-height=\"30\" data-height-mobile=\"30\" data-height-tab=\"30\" data-height-tab-portrait=\"\" data-height-mobile-landscape=\"\" style=\"clear:both;display:block;\"><\/div>[vc_column_text]<\/p>\n<h1>Kit de montaje MK DUT-E<\/h1>\n<p>[\/vc_column_text][\/vc_column][\/vc_row][vc_row][vc_column width=\u00bb1\/2&#8243;][vc_column_text]<img decoding=\"async\" class=\"alignnone wp-image-21947 size-full\" title=\"Kit de montaje MK DUT-E\" src=\"https:\/\/jv-technoton.com\/wp-content\/uploads\/2019\/01\/montazhni-komplect-dut-e.png\" alt=\"Kit de montaje MK DUT-E\" width=\"509\" height=\"179\" srcset=\"https:\/\/jv-technoton.com\/wp-content\/uploads\/2019\/01\/montazhni-komplect-dut-e.png 509w, https:\/\/jv-technoton.com\/wp-content\/uploads\/2019\/01\/montazhni-komplect-dut-e-300x106.png 300w\" sizes=\"(max-width: 509px) 100vw, 509px\" \/>[\/vc_column_text]<div class=\"ult-spacer spacer-69e13b2ab0a2e\" data-id=\"69e13b2ab0a2e\" data-height=\"30\" data-height-mobile=\"30\" data-height-tab=\"30\" data-height-tab-portrait=\"\" data-height-mobile-landscape=\"\" style=\"clear:both;display:block;\"><\/div>[vc_separator][vc_column_text]<\/p>\n<h2>Aplicaci\u00f3n<\/h2>\n<p>[\/vc_column_text]<div class=\"ult-spacer spacer-69e13b2ab0a6b\" data-id=\"69e13b2ab0a6b\" data-height=\"30\" data-height-mobile=\"30\" data-height-tab=\"30\" data-height-tab-portrait=\"\" data-height-mobile-landscape=\"\" style=\"clear:both;display:block;\"><\/div>[vc_row_inner][vc_column_inner width=\u00bb1\/3&#8243;][vc_column_text]<a href=\"https:\/\/jv-technoton.com\/es\/productos\/dut-e\/\"><img decoding=\"async\" class=\"wp-image-4395 aligncenter\" title=\"DUT-E\" src=\"https:\/\/jv-technoton.com\/wp-content\/uploads\/2018\/01\/DUT-E-kopiya.png\" alt=\"DUT-E\" width=\"126\" height=\"25\" srcset=\"https:\/\/jv-technoton.com\/wp-content\/uploads\/2018\/01\/DUT-E-kopiya.png 308w, https:\/\/jv-technoton.com\/wp-content\/uploads\/2018\/01\/DUT-E-kopiya-300x59.png 300w\" sizes=\"(max-width: 126px) 100vw, 126px\" \/><\/a>[\/vc_column_text][\/vc_column_inner][vc_column_inner width=\u00bb1\/3&#8243;][vc_column_text css=\u00bb\u00bb]<img decoding=\"async\" class=\"alignnone size-full wp-image-114716\" src=\"https:\/\/jv-technoton.com\/wp-content\/uploads\/2025\/01\/dut-e-gsm-1.png\" alt=\"\" width=\"128\" height=\"25\" \/>[\/vc_column_text][\/vc_column_inner][vc_column_inner width=\u00bb1\/3&#8243;][vc_column_text]<a href=\"https:\/\/jv-technoton.com\/es\/productos\/dut-e-2bio\/\"><img decoding=\"async\" class=\"alignnone wp-image-2370\" title=\"DUT-E 2Bio\" src=\"https:\/\/jv-technoton.com\/wp-content\/uploads\/2017\/12\/2bio_Logo-e1516265512697.png\" alt=\"DUT-E 2Bio\" width=\"119\" height=\"25\" \/><\/a>[\/vc_column_text][\/vc_column_inner][\/vc_row_inner]<div class=\"ult-spacer spacer-69e13b2ab0a91\" data-id=\"69e13b2ab0a91\" data-height=\"30\" data-height-mobile=\"30\" data-height-tab=\"30\" data-height-tab-portrait=\"\" data-height-mobile-landscape=\"\" style=\"clear:both;display:block;\"><\/div>[\/vc_column][vc_column width=\u00bb1\/2&#8243;][vc_column_text]Kit de montaje\u00a0<strong>MK DUT-E\u00a0<\/strong>es necesario para la instalaci\u00f3n del sensor en el tanque de un veh\u00edculo o un tanque fijo. El contenido de MK DUT-E permite instalar el sensor con r\u00e1pidez y fiabilidad. Una junta de hule el\u00e1stica debajo de la placa de fijaci\u00f3n asegura la hermeticidad a cualquier temperatura.<\/p>\n<p>Los orificios en la placa de fijaci\u00f3n de pl\u00e1stico permiten instalar el sensor en lugar del sensor est\u00e1ndar en los autom\u00f3viles fabricados en CEI sin necesidad de perforar el tanque. Es posible el suministro de la placa de fijaci\u00f3n con los orificios situados de acuerda al estandar de los fabricantes europeos.<\/p>\n<p>En dependencia del grueso y material del tanque se puede utilizar los tornillos normales o autorroscantes. Para las instalaciones en los tanques de metal con paredes finas el kit contiene remaches roscados.<\/p>\n<p>El tope de fondo asegura la firmeza adicional de la fijaci\u00f3n de DUT-E en el tanque. El plomado impide la intervenci\u00f3n no autorizada en el fucnionamiento del sensor.[\/vc_column_text][\/vc_column][\/vc_row][vc_row][vc_column][vc_separator][\/vc_column][\/vc_row][vc_row][vc_column width=\u00bb1\/2&#8243;][vc_column_text]<\/p>\n<h2>Contenido del kit de montaje de DUT-E<\/h2>\n<ul>\n<li>tope de fondo \u2013 1 unidad;<\/li>\n<li>placa de fijaci\u00f3n de pl\u00e1stico \u2013 1 unidad;<\/li>\n<li>patr\u00f3n de localizaci\u00f3n de los orificios \u2013 1 unidad;<\/li>\n<li>junta de hule bajo la placa de fijaci\u00f3n \u2013 2 unidades *;<\/li>\n<li>aro de empaquetadura de goma de la placa de fijaci\u00f3n de pl\u00e1stico \u2013 2 unidades *;<\/li>\n<li>tornillo \u2013 5 unidades;<\/li>\n<li>remache roscado \u2013 5 unidades;<\/li>\n<li>tornillo autorroscante \u2013 5 unidades;<\/li>\n<li>plomado de pl\u00e1stico \u2013 2 unidades;<\/li>\n<li>cord\u00f3n de plomado \u2013 2 unidades;<\/li>\n<li>fusible (2 \u0410) con soporte \u2013 2 unidades.<\/li>\n<\/ul>\n<p>&nbsp;<\/p>\n<p>* 1 unidad se utiliza al instalar DUT-E y 1 unidad se queda como pieza de recambio. Es posible incluir una empaquetadura de 4 mm.[\/vc_column_text][\/vc_column][vc_column width=\u00bb1\/2&#8243;][vc_column_text]<\/p>\n<h2 style=\"text-align: center;\">El tipo de fijaci\u00f3n de bayoneta ahorra el tiempo al instalar el sensor<\/h2>\n<p><img decoding=\"async\" class=\"size-full wp-image-5724 aligncenter\" title=\"El tipo de fijaci\u00f3n de bayoneta ahorra el tiempo al instalar el sensor \" src=\"https:\/\/jv-technoton.com\/wp-content\/uploads\/2018\/01\/byonet.gif\" alt=\"El tipo de fijaci\u00f3n de bayoneta ahorra el tiempo al instalar el sensor \" width=\"267\" height=\"400\" \/>[\/vc_column_text][\/vc_column][\/vc_row][vc_row][vc_column][\/vc_column][\/vc_row]<\/p>\n<\/div>","protected":false},"excerpt":{"rendered":"<p>[vc_row][vc_column][vc_column_text] Kit de montaje MK DUT-E [\/vc_column_text][\/vc_column][\/vc_row][vc_row][vc_column width=\u00bb1\/2&#8243;][vc_column_text][\/vc_column_text][vc_separator][vc_column_text] Aplicaci\u00f3n [\/vc_column_text][vc_row_inner][vc_column_inner width=\u00bb1\/3&#8243;][vc_column_text][\/vc_column_text][\/vc_column_inner][vc_column_inner width=\u00bb1\/3&#8243;][vc_column_text css=\u00bb\u00bb][\/vc_column_text][\/vc_column_inner][vc_column_inner width=\u00bb1\/3&#8243;][vc_column_text][\/vc_column_text][\/vc_column_inner][\/vc_row_inner][\/vc_column][vc_column width=\u00bb1\/2&#8243;][vc_column_text]Kit de montaje\u00a0MK DUT-E\u00a0es necesario para la instalaci\u00f3n del sensor en el tanque de un veh\u00edculo o un tanque fijo. El contenido de MK DUT-E permite instalar el sensor con r\u00e1pidez y fiabilidad. Una junta de hule el\u00e1stica debajo de la [&hellip;]<\/p>\n","protected":false},"author":2,"featured_media":0,"parent":13368,"menu_order":0,"comment_status":"closed","ping_status":"closed","template":"","meta":{"footnotes":""},"class_list":["post-52166","page","type-page","status-publish","hentry"],"yoast_head":"<!-- This site is optimized with the Yoast SEO plugin v27.3 - https:\/\/yoast.com\/product\/yoast-seo-wordpress\/ -->\n<title>Kit de montaje MK DUT-E | Technoton<\/title>\n<meta name=\"description\" content=\"Kit de montaje MK DUT-E es necesario para la instalaci\u00f3n del sensor en el tanque de un veh\u00edculo o un tanque fijo.\" \/>\n<meta name=\"robots\" content=\"index, follow, max-snippet:-1, max-image-preview:large, max-video-preview:-1\" \/>\n<link rel=\"canonical\" href=\"https:\/\/jv-technoton.com\/es\/productos\/kit-de-montaje-mk-dut-e\/\" \/>\n<meta property=\"og:locale\" content=\"es_ES\" \/>\n<meta property=\"og:type\" content=\"article\" \/>\n<meta property=\"og:title\" content=\"Kit de montaje MK DUT-E | Technoton\" \/>\n<meta property=\"og:description\" content=\"Kit de montaje MK DUT-E es necesario para la instalaci\u00f3n del sensor en el tanque de un veh\u00edculo o un tanque fijo.\" \/>\n<meta property=\"og:url\" content=\"https:\/\/jv-technoton.com\/es\/productos\/kit-de-montaje-mk-dut-e\/\" \/>\n<meta property=\"og:site_name\" content=\"Technoton\" \/>\n<meta property=\"article:modified_time\" content=\"2025-01-15T06:05:12+00:00\" \/>\n<meta property=\"og:image\" content=\"https:\/\/jv-technoton.com\/wp-content\/uploads\/2019\/01\/montazhni-komplect-dut-e.png\" \/>\n\t<meta property=\"og:image:width\" content=\"509\" \/>\n\t<meta property=\"og:image:height\" content=\"179\" \/>\n\t<meta property=\"og:image:type\" content=\"image\/png\" \/>\n<meta name=\"twitter:card\" content=\"summary_large_image\" \/>\n<meta name=\"twitter:label1\" content=\"Tiempo de lectura\" \/>\n\t<meta name=\"twitter:data1\" content=\"3 minutos\" \/>\n<script type=\"application\/ld+json\" class=\"yoast-schema-graph\">{\"@context\":\"https:\\\/\\\/schema.org\",\"@graph\":[{\"@type\":\"WebPage\",\"@id\":\"https:\\\/\\\/jv-technoton.com\\\/es\\\/productos\\\/kit-de-montaje-mk-dut-e\\\/\",\"url\":\"https:\\\/\\\/jv-technoton.com\\\/es\\\/productos\\\/kit-de-montaje-mk-dut-e\\\/\",\"name\":\"Kit de montaje MK DUT-E | Technoton\",\"isPartOf\":{\"@id\":\"https:\\\/\\\/jv-technoton.com\\\/#website\"},\"primaryImageOfPage\":{\"@id\":\"https:\\\/\\\/jv-technoton.com\\\/es\\\/productos\\\/kit-de-montaje-mk-dut-e\\\/#primaryimage\"},\"image\":{\"@id\":\"https:\\\/\\\/jv-technoton.com\\\/es\\\/productos\\\/kit-de-montaje-mk-dut-e\\\/#primaryimage\"},\"thumbnailUrl\":\"https:\\\/\\\/jv-technoton.com\\\/wp-content\\\/uploads\\\/2019\\\/01\\\/montazhni-komplect-dut-e.png\",\"datePublished\":\"2020-05-12T05:57:09+00:00\",\"dateModified\":\"2025-01-15T06:05:12+00:00\",\"description\":\"Kit de montaje MK DUT-E es necesario para la instalaci\u00f3n del sensor en el tanque de un veh\u00edculo o un tanque fijo.\",\"breadcrumb\":{\"@id\":\"https:\\\/\\\/jv-technoton.com\\\/es\\\/productos\\\/kit-de-montaje-mk-dut-e\\\/#breadcrumb\"},\"inLanguage\":\"es\",\"potentialAction\":[{\"@type\":\"ReadAction\",\"target\":[\"https:\\\/\\\/jv-technoton.com\\\/es\\\/productos\\\/kit-de-montaje-mk-dut-e\\\/\"]}]},{\"@type\":\"ImageObject\",\"inLanguage\":\"es\",\"@id\":\"https:\\\/\\\/jv-technoton.com\\\/es\\\/productos\\\/kit-de-montaje-mk-dut-e\\\/#primaryimage\",\"url\":\"https:\\\/\\\/jv-technoton.com\\\/wp-content\\\/uploads\\\/2019\\\/01\\\/montazhni-komplect-dut-e.png\",\"contentUrl\":\"https:\\\/\\\/jv-technoton.com\\\/wp-content\\\/uploads\\\/2019\\\/01\\\/montazhni-komplect-dut-e.png\"},{\"@type\":\"BreadcrumbList\",\"@id\":\"https:\\\/\\\/jv-technoton.com\\\/es\\\/productos\\\/kit-de-montaje-mk-dut-e\\\/#breadcrumb\",\"itemListElement\":[{\"@type\":\"ListItem\",\"position\":1,\"name\":\"Home\",\"item\":\"https:\\\/\\\/jv-technoton.com\\\/es\\\/\"},{\"@type\":\"ListItem\",\"position\":2,\"name\":\"Productos Technoton\",\"item\":\"https:\\\/\\\/jv-technoton.com\\\/es\\\/productos\\\/\"},{\"@type\":\"ListItem\",\"position\":3,\"name\":\"Kit de montaje MK DUT-E\"}]},{\"@type\":\"WebSite\",\"@id\":\"https:\\\/\\\/jv-technoton.com\\\/#website\",\"url\":\"https:\\\/\\\/jv-technoton.com\\\/\",\"name\":\"Advanced machinery telematics and fuel monitoring\",\"description\":\"Telem\u00e1tica para maquinaria compleja | Technoton\",\"publisher\":{\"@id\":\"https:\\\/\\\/jv-technoton.com\\\/#organization\"},\"potentialAction\":[{\"@type\":\"SearchAction\",\"target\":{\"@type\":\"EntryPoint\",\"urlTemplate\":\"https:\\\/\\\/jv-technoton.com\\\/?s={search_term_string}\"},\"query-input\":{\"@type\":\"PropertyValueSpecification\",\"valueRequired\":true,\"valueName\":\"search_term_string\"}}],\"inLanguage\":\"es\"},{\"@type\":\"Organization\",\"@id\":\"https:\\\/\\\/jv-technoton.com\\\/#organization\",\"name\":\"Technoton\",\"url\":\"https:\\\/\\\/jv-technoton.com\\\/\",\"logo\":{\"@type\":\"ImageObject\",\"inLanguage\":\"es\",\"@id\":\"https:\\\/\\\/jv-technoton.com\\\/#\\\/schema\\\/logo\\\/image\\\/\",\"url\":\"https:\\\/\\\/jv-technoton.com\\\/wp-content\\\/uploads\\\/2022\\\/02\\\/technoton_logo_web.png\",\"contentUrl\":\"https:\\\/\\\/jv-technoton.com\\\/wp-content\\\/uploads\\\/2022\\\/02\\\/technoton_logo_web.png\",\"width\":800,\"height\":329,\"caption\":\"Technoton\"},\"image\":{\"@id\":\"https:\\\/\\\/jv-technoton.com\\\/#\\\/schema\\\/logo\\\/image\\\/\"},\"sameAs\":[\"https:\\\/\\\/www.linkedin.com\\\/company\\\/technoton\"]}]}<\/script>\n<!-- \/ Yoast SEO plugin. -->","yoast_head_json":{"title":"Kit de montaje MK DUT-E | Technoton","description":"Kit de montaje MK DUT-E es necesario para la instalaci\u00f3n del sensor en el tanque de un veh\u00edculo o un tanque fijo.","robots":{"index":"index","follow":"follow","max-snippet":"max-snippet:-1","max-image-preview":"max-image-preview:large","max-video-preview":"max-video-preview:-1"},"canonical":"https:\/\/jv-technoton.com\/es\/productos\/kit-de-montaje-mk-dut-e\/","og_locale":"es_ES","og_type":"article","og_title":"Kit de montaje MK DUT-E | Technoton","og_description":"Kit de montaje MK DUT-E es necesario para la instalaci\u00f3n del sensor en el tanque de un veh\u00edculo o un tanque fijo.","og_url":"https:\/\/jv-technoton.com\/es\/productos\/kit-de-montaje-mk-dut-e\/","og_site_name":"Technoton","article_modified_time":"2025-01-15T06:05:12+00:00","og_image":[{"width":509,"height":179,"url":"https:\/\/jv-technoton.com\/wp-content\/uploads\/2019\/01\/montazhni-komplect-dut-e.png","type":"image\/png"}],"twitter_card":"summary_large_image","twitter_misc":{"Tiempo de lectura":"3 minutos"},"schema":{"@context":"https:\/\/schema.org","@graph":[{"@type":"WebPage","@id":"https:\/\/jv-technoton.com\/es\/productos\/kit-de-montaje-mk-dut-e\/","url":"https:\/\/jv-technoton.com\/es\/productos\/kit-de-montaje-mk-dut-e\/","name":"Kit de montaje MK DUT-E | Technoton","isPartOf":{"@id":"https:\/\/jv-technoton.com\/#website"},"primaryImageOfPage":{"@id":"https:\/\/jv-technoton.com\/es\/productos\/kit-de-montaje-mk-dut-e\/#primaryimage"},"image":{"@id":"https:\/\/jv-technoton.com\/es\/productos\/kit-de-montaje-mk-dut-e\/#primaryimage"},"thumbnailUrl":"https:\/\/jv-technoton.com\/wp-content\/uploads\/2019\/01\/montazhni-komplect-dut-e.png","datePublished":"2020-05-12T05:57:09+00:00","dateModified":"2025-01-15T06:05:12+00:00","description":"Kit de montaje MK DUT-E es necesario para la instalaci\u00f3n del sensor en el tanque de un veh\u00edculo o un tanque fijo.","breadcrumb":{"@id":"https:\/\/jv-technoton.com\/es\/productos\/kit-de-montaje-mk-dut-e\/#breadcrumb"},"inLanguage":"es","potentialAction":[{"@type":"ReadAction","target":["https:\/\/jv-technoton.com\/es\/productos\/kit-de-montaje-mk-dut-e\/"]}]},{"@type":"ImageObject","inLanguage":"es","@id":"https:\/\/jv-technoton.com\/es\/productos\/kit-de-montaje-mk-dut-e\/#primaryimage","url":"https:\/\/jv-technoton.com\/wp-content\/uploads\/2019\/01\/montazhni-komplect-dut-e.png","contentUrl":"https:\/\/jv-technoton.com\/wp-content\/uploads\/2019\/01\/montazhni-komplect-dut-e.png"},{"@type":"BreadcrumbList","@id":"https:\/\/jv-technoton.com\/es\/productos\/kit-de-montaje-mk-dut-e\/#breadcrumb","itemListElement":[{"@type":"ListItem","position":1,"name":"Home","item":"https:\/\/jv-technoton.com\/es\/"},{"@type":"ListItem","position":2,"name":"Productos Technoton","item":"https:\/\/jv-technoton.com\/es\/productos\/"},{"@type":"ListItem","position":3,"name":"Kit de montaje MK DUT-E"}]},{"@type":"WebSite","@id":"https:\/\/jv-technoton.com\/#website","url":"https:\/\/jv-technoton.com\/","name":"Advanced machinery telematics and fuel monitoring","description":"Telem\u00e1tica para maquinaria compleja | Technoton","publisher":{"@id":"https:\/\/jv-technoton.com\/#organization"},"potentialAction":[{"@type":"SearchAction","target":{"@type":"EntryPoint","urlTemplate":"https:\/\/jv-technoton.com\/?s={search_term_string}"},"query-input":{"@type":"PropertyValueSpecification","valueRequired":true,"valueName":"search_term_string"}}],"inLanguage":"es"},{"@type":"Organization","@id":"https:\/\/jv-technoton.com\/#organization","name":"Technoton","url":"https:\/\/jv-technoton.com\/","logo":{"@type":"ImageObject","inLanguage":"es","@id":"https:\/\/jv-technoton.com\/#\/schema\/logo\/image\/","url":"https:\/\/jv-technoton.com\/wp-content\/uploads\/2022\/02\/technoton_logo_web.png","contentUrl":"https:\/\/jv-technoton.com\/wp-content\/uploads\/2022\/02\/technoton_logo_web.png","width":800,"height":329,"caption":"Technoton"},"image":{"@id":"https:\/\/jv-technoton.com\/#\/schema\/logo\/image\/"},"sameAs":["https:\/\/www.linkedin.com\/company\/technoton"]}]}},"rttpg_featured_image_url":null,"rttpg_author":{"display_name":"Anya","author_link":"https:\/\/jv-technoton.com\/es\/author\/technoton-com\/"},"rttpg_comment":0,"rttpg_category":" <a href=\"https:\/\/jv-technoton.com\/es\/?taxonomy=translation_priority&#038;term=opcional\" rel=\"tag\">Opcional<\/a>","rttpg_excerpt":"[vc_row][vc_column][vc_column_text] Kit de montaje MK DUT-E [\/vc_column_text][\/vc_column][\/vc_row][vc_row][vc_column width=\u00bb1\/2&#8243;][vc_column_text][\/vc_column_text][vc_separator][vc_column_text] Aplicaci\u00f3n [\/vc_column_text][vc_row_inner][vc_column_inner width=\u00bb1\/3&#8243;][vc_column_text][\/vc_column_text][\/vc_column_inner][vc_column_inner width=\u00bb1\/3&#8243;][vc_column_text css=\u00bb\u00bb][\/vc_column_text][\/vc_column_inner][vc_column_inner width=\u00bb1\/3&#8243;][vc_column_text][\/vc_column_text][\/vc_column_inner][\/vc_row_inner][\/vc_column][vc_column width=\u00bb1\/2&#8243;][vc_column_text]Kit de montaje\u00a0MK DUT-E\u00a0es necesario para la instalaci\u00f3n del sensor en el tanque de un veh\u00edculo o un tanque fijo. El contenido de MK DUT-E permite instalar el sensor con r\u00e1pidez y fiabilidad. Una junta de hule el\u00e1stica debajo de la&hellip;","_links":{"self":[{"href":"https:\/\/jv-technoton.com\/es\/wp-json\/wp\/v2\/pages\/52166","targetHints":{"allow":["GET"]}}],"collection":[{"href":"https:\/\/jv-technoton.com\/es\/wp-json\/wp\/v2\/pages"}],"about":[{"href":"https:\/\/jv-technoton.com\/es\/wp-json\/wp\/v2\/types\/page"}],"author":[{"embeddable":true,"href":"https:\/\/jv-technoton.com\/es\/wp-json\/wp\/v2\/users\/2"}],"replies":[{"embeddable":true,"href":"https:\/\/jv-technoton.com\/es\/wp-json\/wp\/v2\/comments?post=52166"}],"version-history":[{"count":0,"href":"https:\/\/jv-technoton.com\/es\/wp-json\/wp\/v2\/pages\/52166\/revisions"}],"up":[{"embeddable":true,"href":"https:\/\/jv-technoton.com\/es\/wp-json\/wp\/v2\/pages\/13368"}],"wp:attachment":[{"href":"https:\/\/jv-technoton.com\/es\/wp-json\/wp\/v2\/media?parent=52166"}],"curies":[{"name":"wp","href":"https:\/\/api.w.org\/{rel}","templated":true}]}}