{"id":52176,"date":"2020-05-12T15:15:27","date_gmt":"2020-05-12T12:15:27","guid":{"rendered":"https:\/\/jv-technoton.com\/?page_id=52176"},"modified":"2025-07-25T11:46:43","modified_gmt":"2025-07-25T08:46:43","slug":"video","status":"publish","type":"page","link":"https:\/\/jv-technoton.com\/es\/video\/","title":{"rendered":"V\u00eddeo"},"content":{"rendered":"<div class=\"wpb-content-wrapper\"><p>[vc_row][vc_column]<div class=\"ult-spacer spacer-69dc0691f1157\" data-id=\"69dc0691f1157\" data-height=\"20\" data-height-mobile=\"20\" data-height-tab=\"20\" data-height-tab-portrait=\"\" data-height-mobile-landscape=\"\" style=\"clear:both;display:block;\"><\/div>[vc_column_text css=\u00bb\u00bb]<\/p>\n<h1>Video<\/h1>\n<p>[\/vc_column_text][\/vc_column][\/vc_row][vc_row][vc_column]<div class=\"ult-spacer spacer-69dc0691f1193\" data-id=\"69dc0691f1193\" data-height=\"20\" data-height-mobile=\"20\" data-height-tab=\"20\" data-height-tab-portrait=\"\" data-height-mobile-landscape=\"\" style=\"clear:both;display:block;\"><\/div>[vc_separator css=\u00bb\u00bb][vc_column_text css=\u00bb\u00bb]<\/p>\n<h2>Sensores de nivel de combustible<\/h2>\n<p>[\/vc_column_text]<div class=\"ult-spacer spacer-69dc0691f11bb\" data-id=\"69dc0691f11bb\" data-height=\"20\" data-height-mobile=\"20\" data-height-tab=\"20\" data-height-tab-portrait=\"\" data-height-mobile-landscape=\"\" style=\"clear:both;display:block;\"><\/div>[\/vc_column][\/vc_row][vc_row][vc_column width=\u00bb1\/3&#8243;][vc_video link=\u00bbhttps:\/\/youtu.be\/UFVlycRnUMA\u00bb][vc_column_text css=\u00bb\u00bb]<\/p>\n<h3><a href=\"https:\/\/youtu.be\/UFVlycRnUMA\">Sensor de nivel de combustible DUT E 2Bio<\/a><\/h3>\n<p>[\/vc_column_text][vc_column_text]Diferentes tipos de combustible (el mineral de verano, el mineral de invierno, y el biocombustible en especial) tienen diferente coeficiente de permitividad.[\/vc_column_text]<div class=\"ult-spacer spacer-69dc0691f11dd\" data-id=\"69dc0691f11dd\" data-height=\"20\" data-height-mobile=\"20\" data-height-tab=\"20\" data-height-tab-portrait=\"\" data-height-mobile-landscape=\"\" style=\"clear:both;display:block;\"><\/div>[\/vc_column][vc_column width=\u00bb1\/3&#8243;][vc_video link=\u00bbhttps:\/\/youtu.be\/RUkrmin6CnU\u00bb][vc_column_text css=\u00bb\u00bb]<\/p>\n<h3><a href=\"https:\/\/youtu.be\/RUkrmin6CnU\">Sensor de nivel de combustible DUT-E GSM<\/a><\/h3>\n<p>[\/vc_column_text][vc_column_text]Una soluci\u00f3n completa para el rastreo de movimiento y el control de combustible en tiempo real.[\/vc_column_text]<div class=\"ult-spacer spacer-69dc0691f11fd\" data-id=\"69dc0691f11fd\" data-height=\"20\" data-height-mobile=\"20\" data-height-tab=\"20\" data-height-tab-portrait=\"\" data-height-mobile-landscape=\"\" style=\"clear:both;display:block;\"><\/div>[\/vc_column][vc_column width=\u00bb1\/3&#8243;][vc_video link=\u00bbhttps:\/\/youtu.be\/Y1yFx7cJ7R8&#8243;][vc_column_text css=\u00bb\u00bb]<\/p>\n<h3><a href=\"https:\/\/youtu.be\/Y1yFx7cJ7R8\">Sensor de nivel de combustible DUT-E<\/a><\/h3>\n<p>[\/vc_column_text][vc_column_text css=\u00bb\u00bb]<\/p>\n<ul>\n<li>\u00a0Filtro: protecci\u00f3n contra agua y suciedad.<\/li>\n<li>\u00a0Tope de fondo con muelle: fijaci\u00f3n segura.<\/li>\n<li>\u00a0Alargaci\u00f3n hasta 6 metros.<\/li>\n<li>\u00a0Sumar las se\u00f1ales.<\/li>\n<li>\u00a05 a\u00f1os de garant\u00eda confinable.<\/li>\n<\/ul>\n<p>[\/vc_column_text]<div class=\"ult-spacer spacer-69dc0691f121c\" data-id=\"69dc0691f121c\" data-height=\"20\" data-height-mobile=\"20\" data-height-tab=\"20\" data-height-tab-portrait=\"\" data-height-mobile-landscape=\"\" style=\"clear:both;display:block;\"><\/div>[\/vc_column][\/vc_row][vc_row][vc_column width=\u00bb1\/3&#8243;][vc_video link=\u00bbhttps:\/\/youtu.be\/8aIYYs_YDw4&#8243;][vc_column_text css=\u00bb\u00bb]<\/p>\n<h3><a href=\"https:\/\/youtu.be\/8aIYYs_YDw4\">Sensor de nivel DUT E 2Bio: reacci\u00f3n a la presencia de substancias extra\u00f1as en el tanque<\/a><\/h3>\n<p>[\/vc_column_text][vc_column_text]\u00bfC\u00f3mo se comporta DUT E 2Bio al agregar l\u00edquidos con alta permitividad? \u00a1Mira esa pel\u00edcula para saberlo![\/vc_column_text]<div class=\"ult-spacer spacer-69dc0691f123b\" data-id=\"69dc0691f123b\" data-height=\"20\" data-height-mobile=\"20\" data-height-tab=\"20\" data-height-tab-portrait=\"\" data-height-mobile-landscape=\"\" style=\"clear:both;display:block;\"><\/div>[\/vc_column][vc_column width=\u00bb1\/3&#8243;][vc_video link=\u00bbhttps:\/\/youtu.be\/v9lcCnNp6PI\u00bb][vc_column_text css=\u00bb\u00bb]<\/p>\n<h3><a href=\"https:\/\/youtu.be\/v9lcCnNp6PI\">DUT E 2Bio Determinaci\u00f3n de los cambios en el tipo y la calidad del combustible<\/a><\/h3>\n<p>[\/vc_column_text][vc_column_text]Tipos de combustible diferentes (el combustible mineral de verano, el de invierno y el biocombustible sobre todo) tienen el coeficiente de la inductividad diferente.[\/vc_column_text]<div class=\"ult-spacer spacer-69dc0691f125a\" data-id=\"69dc0691f125a\" data-height=\"20\" data-height-mobile=\"20\" data-height-tab=\"20\" data-height-tab-portrait=\"\" data-height-mobile-landscape=\"\" style=\"clear:both;display:block;\"><\/div>[\/vc_column][vc_column width=\u00bb1\/3&#8243;][vc_video link=\u00bbhttps:\/\/youtu.be\/BraafU5Q164&#8243;][vc_column_text css=\u00bb\u00bb]<\/p>\n<h3><a href=\"https:\/\/youtu.be\/BraafU5Q164\">Instalaci\u00f3n del sensor de nivel de combustible DUT-E 485<\/a><\/h3>\n<p>[\/vc_column_text][vc_column_text]La instalaci\u00f3n, el montaje y la calibraci\u00f3n de los sensores de nivel de combustible DUT-E.[\/vc_column_text]<div class=\"ult-spacer spacer-69dc0691f127c\" data-id=\"69dc0691f127c\" data-height=\"20\" data-height-mobile=\"20\" data-height-tab=\"20\" data-height-tab-portrait=\"\" data-height-mobile-landscape=\"\" style=\"clear:both;display:block;\"><\/div>[\/vc_column][\/vc_row][vc_row equal_height=\u00bbyes\u00bb][vc_column width=\u00bb1\/3&#8243;][vc_video link=\u00bbhttps:\/\/youtu.be\/9qTmDW5YKg4&#8243;][vc_column_text css=\u00bb\u00bb]<\/p>\n<h3><a href=\"https:\/\/youtu.be\/9qTmDW5YKg4\">Sensor de nivel de combustible DUT-E GSM. Como insertar la tarjeta SIM<\/a><\/h3>\n<p>[\/vc_column_text][vc_column_text]Una solucion completa para el rastreo de movimiento y el control de combustible en tiempo real.[\/vc_column_text]<div class=\"ult-spacer spacer-69dc0691f12a9\" data-id=\"69dc0691f12a9\" data-height=\"20\" data-height-mobile=\"20\" data-height-tab=\"20\" data-height-tab-portrait=\"\" data-height-mobile-landscape=\"\" style=\"clear:both;display:block;\"><\/div>[\/vc_column][vc_column width=\u00bb1\/3&#8243;][vc_video link=\u00bbhttps:\/\/youtu.be\/ttw2meoJMB8&#8243;][vc_column_text css=\u00bb\u00bb]<\/p>\n<h3><a href=\"https:\/\/youtu.be\/ttw2meoJMB8\">Instalaci\u00f3n del sensor de nivel en un tanque con paredes finas usando los roblones<\/a><\/h3>\n<p>[\/vc_column_text][vc_column_text]Instalaci\u00f3n del sensor de nivel en un tanque con paredes finas usando los roblones.[\/vc_column_text]<div class=\"ult-spacer spacer-69dc0691f12cb\" data-id=\"69dc0691f12cb\" data-height=\"20\" data-height-mobile=\"20\" data-height-tab=\"20\" data-height-tab-portrait=\"\" data-height-mobile-landscape=\"\" style=\"clear:both;display:block;\"><\/div>[\/vc_column][vc_column width=\u00bb1\/3&#8243;][vc_video link=\u00bbhttps:\/\/youtu.be\/nnxwMhteXXk\u00bb][vc_column_text css=\u00bb\u00bb]<\/p>\n<h3><a href=\"https:\/\/youtu.be\/nnxwMhteXXk\">Filtro de malla del sensor de nivel DUT-E<\/a><\/h3>\n<p>[\/vc_column_text][vc_column_text]El sensor de nivel DUT-E est\u00e1 bien protegido contra el cortocircuito. El filtro de malla solo transmite el diesel y protege el sensor contra el agua y suciedad en el tanque del veh\u00edculo. \u00a1Compru\u00e9belo![\/vc_column_text]<div class=\"ult-spacer spacer-69dc0691f12e8\" data-id=\"69dc0691f12e8\" data-height=\"20\" data-height-mobile=\"20\" data-height-tab=\"20\" data-height-tab-portrait=\"\" data-height-mobile-landscape=\"\" style=\"clear:both;display:block;\"><\/div>[\/vc_column][\/vc_row][vc_row][vc_column]<div class=\"ult-spacer spacer-69dc0691f1305\" data-id=\"69dc0691f1305\" data-height=\"40\" data-height-mobile=\"40\" data-height-tab=\"40\" data-height-tab-portrait=\"\" data-height-mobile-landscape=\"\" style=\"clear:both;display:block;\"><\/div>[vc_separator css=\u00bb\u00bb][vc_column_text css=\u00bb\u00bb]<\/p>\n<h2>Medidores de flujo de combustible<\/h2>\n<p>[\/vc_column_text]<div class=\"ult-spacer spacer-69dc0691f1321\" data-id=\"69dc0691f1321\" data-height=\"20\" data-height-mobile=\"20\" data-height-tab=\"20\" data-height-tab-portrait=\"\" data-height-mobile-landscape=\"\" style=\"clear:both;display:block;\"><\/div>[\/vc_column][\/vc_row][vc_row][vc_column width=\u00bb1\/3&#8243;][vc_video link=\u00bbhttps:\/\/youtu.be\/m3fF22X3GQQ\u00bb][vc_column_text css=\u00bb\u00bb]<\/p>\n<h3><a href=\"https:\/\/youtu.be\/m3fF22X3GQQ\">Medidores de flujo de combustible DFM Marine<\/a><\/h3>\n<p>[\/vc_column_text][vc_column_text]Los medidores de flujo de combustible DFM Marine se utilizan como parte de los sistemas telem\u00e1ticos (GPS \/ GLONASS monitoreo de transporte) e independientemente.[\/vc_column_text]<div class=\"ult-spacer spacer-69dc0691f133d\" data-id=\"69dc0691f133d\" data-height=\"20\" data-height-mobile=\"20\" data-height-tab=\"20\" data-height-tab-portrait=\"\" data-height-mobile-landscape=\"\" style=\"clear:both;display:block;\"><\/div>[\/vc_column][vc_column width=\u00bb1\/3&#8243;][vc_video link=\u00bbhttps:\/\/youtu.be\/Vgg8vH8JOkY\u00bb][vc_column_text css=\u00bb\u00bb]<\/p>\n<h3><a href=\"https:\/\/youtu.be\/Vgg8vH8JOkY\">Monitoreo del consumo de combustible. Medidor de flujo de combustible DFM.<\/a><\/h3>\n<p>[\/vc_column_text][vc_column_text]<\/p>\n<ul>\n<li>\u00a0La medici\u00f3n del consumo de combustible directa.<\/li>\n<li>\u00a0La medici\u00f3n precisa en terrenos dif\u00edciles.<\/li>\n<li>\u00a0No se require calibrar el dep\u00f3sito.<\/li>\n<\/ul>\n<p>[\/vc_column_text]<div class=\"ult-spacer spacer-69dc0691f1359\" data-id=\"69dc0691f1359\" data-height=\"20\" data-height-mobile=\"20\" data-height-tab=\"20\" data-height-tab-portrait=\"\" data-height-mobile-landscape=\"\" style=\"clear:both;display:block;\"><\/div>[\/vc_column][vc_column width=\u00bb1\/3&#8243;][vc_video link=\u00bbhttps:\/\/youtu.be\/Ci98nsXtHmA\u00bb][vc_column_text css=\u00bb\u00bb]<\/p>\n<h3><a href=\"https:\/\/youtu.be\/Ci98nsXtHmA\">Montaje del medidor de flujo de combustible DFM<\/a><\/h3>\n<p>[\/vc_column_text][vc_column_text]Instalaci\u00f3n del medidor de flujo de combustible DFM 100CK de una sola c\u00e1mara seg\u00fan el esquema \u00aba presi\u00f3n\u00bb (la instalaci\u00f3n de un sensor de flujo de combustible despu\u00e9s de la bomba).[\/vc_column_text]<div class=\"ult-spacer spacer-69dc0691f1375\" data-id=\"69dc0691f1375\" data-height=\"20\" data-height-mobile=\"20\" data-height-tab=\"20\" data-height-tab-portrait=\"\" data-height-mobile-landscape=\"\" style=\"clear:both;display:block;\"><\/div>[\/vc_column][\/vc_row][vc_row][vc_column width=\u00bb1\/3&#8243;]<div class=\"ult-spacer spacer-69dc0691f1390\" data-id=\"69dc0691f1390\" data-height=\"40\" data-height-mobile=\"40\" data-height-tab=\"40\" data-height-tab-portrait=\"\" data-height-mobile-landscape=\"\" style=\"clear:both;display:block;\"><\/div>[vc_separator css=\u00bb\u00bb][vc_column_text css=\u00bb\u00bb]<\/p>\n<h2>Sensores de carga por eje<\/h2>\n<p>[\/vc_column_text]<div class=\"ult-spacer spacer-69dc0691f13ab\" data-id=\"69dc0691f13ab\" data-height=\"20\" data-height-mobile=\"20\" data-height-tab=\"20\" data-height-tab-portrait=\"\" data-height-mobile-landscape=\"\" style=\"clear:both;display:block;\"><\/div>[vc_video link=\u00bbhttps:\/\/youtu.be\/cR7tfBmrvbw\u00bb][vc_column_text css=\u00bb\u00bb]<\/p>\n<h3><a href=\"https:\/\/youtu.be\/cR7tfBmrvbw\">Instalaci\u00f3n de sensores de la carga por eje GNOM DP<\/a><\/h3>\n<p>[\/vc_column_text][vc_column_text]Technoton presenta un nuevo v\u00eddeo educativo de la instalaci\u00f3n y aplicaci\u00f3n de los sensores de la carga por eje GNOM DP. El v\u00eddeo demuestra los esquemas de montaje a veh\u00edculos con dos y tres ejes (con la suspensi\u00f3n de ballestas).[\/vc_column_text][\/vc_column][vc_column width=\u00bb1\/3&#8243;]<div class=\"ult-spacer spacer-69dc0691f13c7\" data-id=\"69dc0691f13c7\" data-height=\"40\" data-height-mobile=\"40\" data-height-tab=\"40\" data-height-tab-portrait=\"\" data-height-mobile-landscape=\"\" style=\"clear:both;display:block;\"><\/div>[vc_separator css=\u00bb\u00bb][vc_column_text css=\u00bb\u00bb]<\/p>\n<h2>Interfaz telem\u00e1tica S6<\/h2>\n<p>[\/vc_column_text]<div class=\"ult-spacer spacer-69dc0691f13e2\" data-id=\"69dc0691f13e2\" data-height=\"20\" data-height-mobile=\"20\" data-height-tab=\"20\" data-height-tab-portrait=\"\" data-height-mobile-landscape=\"\" style=\"clear:both;display:block;\"><\/div>[vc_video link=\u00bbhttps:\/\/youtu.be\/Sk9ZGic8vYA\u00bb][vc_column_text css=\u00bb\u00bb]<\/p>\n<h3><a href=\"https:\/\/youtu.be\/Sk9ZGic8vYA\">Interfaz telem\u00e1tica S6<\/a><\/h3>\n<p>[\/vc_column_text][vc_column_text]<\/p>\n<ul>\n<li>\u00a0todas las unidades est\u00e1n conectadas con cable com\u00fan y funcionan seg\u00fan est\u00e1ndar interfaz CAN y protocolo J1939\/S6<\/li>\n<li>\u00a0terminal sencillo<\/li>\n<\/ul>\n<p>[\/vc_column_text][\/vc_column][vc_column width=\u00bb1\/3&#8243;]<div class=\"ult-spacer spacer-69dc0691f13fd\" data-id=\"69dc0691f13fd\" data-height=\"40\" data-height-mobile=\"40\" data-height-tab=\"40\" data-height-tab-portrait=\"\" data-height-mobile-landscape=\"\" style=\"clear:both;display:block;\"><\/div>[vc_separator css=\u00bb\u00bb][vc_column_text css=\u00bb\u00bb]<\/p>\n<h2>Lector sin contacto Crocodile<\/h2>\n<p>[\/vc_column_text]<div class=\"ult-spacer spacer-69dc0691f1419\" data-id=\"69dc0691f1419\" data-height=\"20\" data-height-mobile=\"20\" data-height-tab=\"20\" data-height-tab-portrait=\"\" data-height-mobile-landscape=\"\" style=\"clear:both;display:block;\"><\/div>[vc_video link=\u00bbhttps:\/\/youtu.be\/yM-MEOwlqmw\u00bb][vc_column_text css=\u00bb\u00bb]<\/p>\n<h3><a href=\"https:\/\/youtu.be\/yM-MEOwlqmw\">Lector sin contacto Crocodile<\/a><\/h3>\n<p>[\/vc_column_text][vc_column_text]<\/p>\n<ul>\n<li>\u00a0Recepcion segura de datos de bus CAN.<\/li>\n<li>\u00a0Recepcion segura de datos de bus J1708.<\/li>\n<li>\u00a0Control de consumo de gasolina y de gas.<\/li>\n<\/ul>\n<p>[\/vc_column_text][\/vc_column][\/vc_row][vc_row][vc_column width=\u00bb1\/3&#8243;]<div class=\"ult-spacer spacer-69dc0691f1434\" data-id=\"69dc0691f1434\" data-height=\"40\" data-height-mobile=\"40\" data-height-tab=\"40\" data-height-tab-portrait=\"\" data-height-mobile-landscape=\"\" style=\"clear:both;display:block;\"><\/div>[vc_separator css=\u00bb\u00bb][vc_column_text css=\u00bb\u00bb]<\/p>\n<h2>Temporizador de alimentaci\u00f3n<\/h2>\n<p>[\/vc_column_text]<div class=\"ult-spacer spacer-69dc0691f144f\" data-id=\"69dc0691f144f\" data-height=\"20\" data-height-mobile=\"20\" data-height-tab=\"20\" data-height-tab-portrait=\"\" data-height-mobile-landscape=\"\" style=\"clear:both;display:block;\"><\/div>[vc_video link=\u00bbhttps:\/\/youtu.be\/mTTEGKAq9HA\u00bb][vc_column_text css=\u00bb\u00bb]<\/p>\n<h3><a href=\"https:\/\/youtu.be\/mTTEGKAq9HA\">Temporizador de alimentaci\u00f3n<\/a><\/h3>\n<p>[\/vc_column_text][vc_column_text]Proteger el equipo a bordo contra interferencias de red a bordo de veh\u00edculo. Garantiza alimentaci\u00f3n de modo 24\/7 Demorar en apagar alimentaci\u00f3n para equipo de a bordo.[\/vc_column_text]<div class=\"ult-spacer spacer-69dc0691f1469\" data-id=\"69dc0691f1469\" data-height=\"20\" data-height-mobile=\"20\" data-height-tab=\"20\" data-height-tab-portrait=\"\" data-height-mobile-landscape=\"\" style=\"clear:both;display:block;\"><\/div>[\/vc_column][vc_column width=\u00bb1\/3&#8243;]<div class=\"ult-spacer spacer-69dc0691f1483\" data-id=\"69dc0691f1483\" data-height=\"40\" data-height-mobile=\"40\" data-height-tab=\"40\" data-height-tab-portrait=\"\" data-height-mobile-landscape=\"\" style=\"clear:both;display:block;\"><\/div>[vc_separator css=\u00bb\u00bb][vc_column_text css=\u00bb\u00bb]<\/p>\n<h2>La f\u00e1brica \u00abZavod Flowmeter\u00bb<\/h2>\n<p>[\/vc_column_text]<div class=\"ult-spacer spacer-69dc0691f149c\" data-id=\"69dc0691f149c\" data-height=\"20\" data-height-mobile=\"20\" data-height-tab=\"20\" data-height-tab-portrait=\"\" data-height-mobile-landscape=\"\" style=\"clear:both;display:block;\"><\/div>[vc_video link=\u00bbhttps:\/\/youtu.be\/HXgycoobZmM\u00bb][vc_column_text css=\u00bb\u00bb]<\/p>\n<h3><a href=\"https:\/\/youtu.be\/HXgycoobZmM\">La f\u00e1brica \u00abZavod Flowmeter\u00bb<\/a><\/h3>\n<p>[\/vc_column_text][vc_column_text]La capacidad de la fabricaci\u00f3n \u2013 hasta 100 000 sensores de nivel de combustible y medidores de flujo de combustible al a\u00f1o.[\/vc_column_text]<div class=\"ult-spacer spacer-69dc0691f14b6\" data-id=\"69dc0691f14b6\" data-height=\"20\" data-height-mobile=\"20\" data-height-tab=\"20\" data-height-tab-portrait=\"\" data-height-mobile-landscape=\"\" style=\"clear:both;display:block;\"><\/div>[\/vc_column][vc_column width=\u00bb1\/3&#8243;][\/vc_column][\/vc_row]<\/p>\n<\/div>","protected":false},"excerpt":{"rendered":"<p>[vc_row][vc_column][vc_column_text css=\u00bb\u00bb] Video [\/vc_column_text][\/vc_column][\/vc_row][vc_row][vc_column][vc_separator css=\u00bb\u00bb][vc_column_text css=\u00bb\u00bb] Sensores de nivel de combustible [\/vc_column_text][\/vc_column][\/vc_row][vc_row][vc_column width=\u00bb1\/3&#8243;][vc_video link=\u00bbhttps:\/\/youtu.be\/UFVlycRnUMA\u00bb][vc_column_text css=\u00bb\u00bb] Sensor de nivel de combustible DUT E 2Bio [\/vc_column_text][vc_column_text]Diferentes tipos de combustible (el mineral de verano, el mineral de invierno, y el biocombustible en especial) tienen diferente coeficiente de permitividad.[\/vc_column_text][\/vc_column][vc_column width=\u00bb1\/3&#8243;][vc_video link=\u00bbhttps:\/\/youtu.be\/RUkrmin6CnU\u00bb][vc_column_text css=\u00bb\u00bb] Sensor de nivel de combustible DUT-E GSM [&hellip;]<\/p>\n","protected":false},"author":2,"featured_media":0,"parent":0,"menu_order":0,"comment_status":"closed","ping_status":"closed","template":"","meta":{"footnotes":""},"class_list":["post-52176","page","type-page","status-publish","hentry"],"yoast_head":"<!-- This site is optimized with the Yoast SEO plugin v27.3 - https:\/\/yoast.com\/product\/yoast-seo-wordpress\/ -->\n<title>V\u00eddeo | Technoton<\/title>\n<meta name=\"description\" content=\"Explora nuestra videoteca de soluciones Technoton: demostraciones de instalaci\u00f3n, funcionamiento de sensores y sistemas de monitoreo de combustible, y casos de \u00e9xito en distintos sectores.\" \/>\n<meta name=\"robots\" content=\"index, follow, max-snippet:-1, max-image-preview:large, max-video-preview:-1\" \/>\n<link rel=\"canonical\" href=\"https:\/\/jv-technoton.com\/es\/video\/\" \/>\n<meta property=\"og:locale\" content=\"es_ES\" \/>\n<meta property=\"og:type\" content=\"article\" \/>\n<meta property=\"og:title\" content=\"V\u00eddeo | Technoton\" \/>\n<meta property=\"og:description\" content=\"Explora nuestra videoteca de soluciones Technoton: demostraciones de instalaci\u00f3n, funcionamiento de sensores y sistemas de monitoreo de combustible, y casos de \u00e9xito en distintos sectores.\" \/>\n<meta property=\"og:url\" content=\"https:\/\/jv-technoton.com\/es\/video\/\" \/>\n<meta property=\"og:site_name\" content=\"Technoton\" \/>\n<meta property=\"article:modified_time\" content=\"2025-07-25T08:46:43+00:00\" \/>\n<meta name=\"twitter:card\" content=\"summary_large_image\" \/>\n<meta name=\"twitter:label1\" content=\"Tiempo de lectura\" \/>\n\t<meta name=\"twitter:data1\" content=\"3 minutos\" \/>\n<script type=\"application\/ld+json\" class=\"yoast-schema-graph\">{\"@context\":\"https:\\\/\\\/schema.org\",\"@graph\":[{\"@type\":\"WebPage\",\"@id\":\"https:\\\/\\\/jv-technoton.com\\\/es\\\/video\\\/\",\"url\":\"https:\\\/\\\/jv-technoton.com\\\/es\\\/video\\\/\",\"name\":\"V\u00eddeo | Technoton\",\"isPartOf\":{\"@id\":\"https:\\\/\\\/jv-technoton.com\\\/#website\"},\"datePublished\":\"2020-05-12T12:15:27+00:00\",\"dateModified\":\"2025-07-25T08:46:43+00:00\",\"description\":\"Explora nuestra videoteca de soluciones Technoton: demostraciones de instalaci\u00f3n, funcionamiento de sensores y sistemas de monitoreo de combustible, y casos de \u00e9xito en distintos sectores.\",\"breadcrumb\":{\"@id\":\"https:\\\/\\\/jv-technoton.com\\\/es\\\/video\\\/#breadcrumb\"},\"inLanguage\":\"es\",\"potentialAction\":[{\"@type\":\"ReadAction\",\"target\":[\"https:\\\/\\\/jv-technoton.com\\\/es\\\/video\\\/\"]}]},{\"@type\":\"BreadcrumbList\",\"@id\":\"https:\\\/\\\/jv-technoton.com\\\/es\\\/video\\\/#breadcrumb\",\"itemListElement\":[{\"@type\":\"ListItem\",\"position\":1,\"name\":\"Home\",\"item\":\"https:\\\/\\\/jv-technoton.com\\\/es\\\/\"},{\"@type\":\"ListItem\",\"position\":2,\"name\":\"V\u00eddeo\"}]},{\"@type\":\"WebSite\",\"@id\":\"https:\\\/\\\/jv-technoton.com\\\/#website\",\"url\":\"https:\\\/\\\/jv-technoton.com\\\/\",\"name\":\"Advanced machinery telematics and fuel monitoring\",\"description\":\"Telem\u00e1tica para maquinaria compleja | Technoton\",\"publisher\":{\"@id\":\"https:\\\/\\\/jv-technoton.com\\\/#organization\"},\"potentialAction\":[{\"@type\":\"SearchAction\",\"target\":{\"@type\":\"EntryPoint\",\"urlTemplate\":\"https:\\\/\\\/jv-technoton.com\\\/?s={search_term_string}\"},\"query-input\":{\"@type\":\"PropertyValueSpecification\",\"valueRequired\":true,\"valueName\":\"search_term_string\"}}],\"inLanguage\":\"es\"},{\"@type\":\"Organization\",\"@id\":\"https:\\\/\\\/jv-technoton.com\\\/#organization\",\"name\":\"Technoton\",\"url\":\"https:\\\/\\\/jv-technoton.com\\\/\",\"logo\":{\"@type\":\"ImageObject\",\"inLanguage\":\"es\",\"@id\":\"https:\\\/\\\/jv-technoton.com\\\/#\\\/schema\\\/logo\\\/image\\\/\",\"url\":\"https:\\\/\\\/jv-technoton.com\\\/wp-content\\\/uploads\\\/2022\\\/02\\\/technoton_logo_web.png\",\"contentUrl\":\"https:\\\/\\\/jv-technoton.com\\\/wp-content\\\/uploads\\\/2022\\\/02\\\/technoton_logo_web.png\",\"width\":800,\"height\":329,\"caption\":\"Technoton\"},\"image\":{\"@id\":\"https:\\\/\\\/jv-technoton.com\\\/#\\\/schema\\\/logo\\\/image\\\/\"},\"sameAs\":[\"https:\\\/\\\/www.linkedin.com\\\/company\\\/technoton\"]}]}<\/script>\n<!-- \/ Yoast SEO plugin. -->","yoast_head_json":{"title":"V\u00eddeo | Technoton","description":"Explora nuestra videoteca de soluciones Technoton: demostraciones de instalaci\u00f3n, funcionamiento de sensores y sistemas de monitoreo de combustible, y casos de \u00e9xito en distintos sectores.","robots":{"index":"index","follow":"follow","max-snippet":"max-snippet:-1","max-image-preview":"max-image-preview:large","max-video-preview":"max-video-preview:-1"},"canonical":"https:\/\/jv-technoton.com\/es\/video\/","og_locale":"es_ES","og_type":"article","og_title":"V\u00eddeo | Technoton","og_description":"Explora nuestra videoteca de soluciones Technoton: demostraciones de instalaci\u00f3n, funcionamiento de sensores y sistemas de monitoreo de combustible, y casos de \u00e9xito en distintos sectores.","og_url":"https:\/\/jv-technoton.com\/es\/video\/","og_site_name":"Technoton","article_modified_time":"2025-07-25T08:46:43+00:00","twitter_card":"summary_large_image","twitter_misc":{"Tiempo de lectura":"3 minutos"},"schema":{"@context":"https:\/\/schema.org","@graph":[{"@type":"WebPage","@id":"https:\/\/jv-technoton.com\/es\/video\/","url":"https:\/\/jv-technoton.com\/es\/video\/","name":"V\u00eddeo | Technoton","isPartOf":{"@id":"https:\/\/jv-technoton.com\/#website"},"datePublished":"2020-05-12T12:15:27+00:00","dateModified":"2025-07-25T08:46:43+00:00","description":"Explora nuestra videoteca de soluciones Technoton: demostraciones de instalaci\u00f3n, funcionamiento de sensores y sistemas de monitoreo de combustible, y casos de \u00e9xito en distintos sectores.","breadcrumb":{"@id":"https:\/\/jv-technoton.com\/es\/video\/#breadcrumb"},"inLanguage":"es","potentialAction":[{"@type":"ReadAction","target":["https:\/\/jv-technoton.com\/es\/video\/"]}]},{"@type":"BreadcrumbList","@id":"https:\/\/jv-technoton.com\/es\/video\/#breadcrumb","itemListElement":[{"@type":"ListItem","position":1,"name":"Home","item":"https:\/\/jv-technoton.com\/es\/"},{"@type":"ListItem","position":2,"name":"V\u00eddeo"}]},{"@type":"WebSite","@id":"https:\/\/jv-technoton.com\/#website","url":"https:\/\/jv-technoton.com\/","name":"Advanced machinery telematics and fuel monitoring","description":"Telem\u00e1tica para maquinaria compleja | Technoton","publisher":{"@id":"https:\/\/jv-technoton.com\/#organization"},"potentialAction":[{"@type":"SearchAction","target":{"@type":"EntryPoint","urlTemplate":"https:\/\/jv-technoton.com\/?s={search_term_string}"},"query-input":{"@type":"PropertyValueSpecification","valueRequired":true,"valueName":"search_term_string"}}],"inLanguage":"es"},{"@type":"Organization","@id":"https:\/\/jv-technoton.com\/#organization","name":"Technoton","url":"https:\/\/jv-technoton.com\/","logo":{"@type":"ImageObject","inLanguage":"es","@id":"https:\/\/jv-technoton.com\/#\/schema\/logo\/image\/","url":"https:\/\/jv-technoton.com\/wp-content\/uploads\/2022\/02\/technoton_logo_web.png","contentUrl":"https:\/\/jv-technoton.com\/wp-content\/uploads\/2022\/02\/technoton_logo_web.png","width":800,"height":329,"caption":"Technoton"},"image":{"@id":"https:\/\/jv-technoton.com\/#\/schema\/logo\/image\/"},"sameAs":["https:\/\/www.linkedin.com\/company\/technoton"]}]}},"rttpg_featured_image_url":null,"rttpg_author":{"display_name":"Anya","author_link":"https:\/\/jv-technoton.com\/es\/author\/technoton-com\/"},"rttpg_comment":0,"rttpg_category":" <a href=\"https:\/\/jv-technoton.com\/es\/?taxonomy=translation_priority&#038;term=opcional\" rel=\"tag\">Opcional<\/a>","rttpg_excerpt":"[vc_row][vc_column][vc_column_text css=\u00bb\u00bb] Video [\/vc_column_text][\/vc_column][\/vc_row][vc_row][vc_column][vc_separator css=\u00bb\u00bb][vc_column_text css=\u00bb\u00bb] Sensores de nivel de combustible [\/vc_column_text][\/vc_column][\/vc_row][vc_row][vc_column width=\u00bb1\/3&#8243;][vc_video link=\u00bbhttps:\/\/youtu.be\/UFVlycRnUMA\u00bb][vc_column_text css=\u00bb\u00bb] Sensor de nivel de combustible DUT E 2Bio [\/vc_column_text][vc_column_text]Diferentes tipos de combustible (el mineral de verano, el mineral de invierno, y el biocombustible en especial) tienen diferente coeficiente de permitividad.[\/vc_column_text][\/vc_column][vc_column width=\u00bb1\/3&#8243;][vc_video link=\u00bbhttps:\/\/youtu.be\/RUkrmin6CnU\u00bb][vc_column_text css=\u00bb\u00bb] Sensor de nivel de combustible DUT-E GSM&hellip;","_links":{"self":[{"href":"https:\/\/jv-technoton.com\/es\/wp-json\/wp\/v2\/pages\/52176","targetHints":{"allow":["GET"]}}],"collection":[{"href":"https:\/\/jv-technoton.com\/es\/wp-json\/wp\/v2\/pages"}],"about":[{"href":"https:\/\/jv-technoton.com\/es\/wp-json\/wp\/v2\/types\/page"}],"author":[{"embeddable":true,"href":"https:\/\/jv-technoton.com\/es\/wp-json\/wp\/v2\/users\/2"}],"replies":[{"embeddable":true,"href":"https:\/\/jv-technoton.com\/es\/wp-json\/wp\/v2\/comments?post=52176"}],"version-history":[{"count":0,"href":"https:\/\/jv-technoton.com\/es\/wp-json\/wp\/v2\/pages\/52176\/revisions"}],"wp:attachment":[{"href":"https:\/\/jv-technoton.com\/es\/wp-json\/wp\/v2\/media?parent=52176"}],"curies":[{"name":"wp","href":"https:\/\/api.w.org\/{rel}","templated":true}]}}