{"id":52219,"date":"2020-05-13T12:47:54","date_gmt":"2020-05-13T09:47:54","guid":{"rendered":"https:\/\/jv-technoton.com\/?page_id=52219"},"modified":"2023-03-09T14:39:57","modified_gmt":"2023-03-09T11:39:57","slug":"tecnologias","status":"publish","type":"page","link":"https:\/\/jv-technoton.com\/es\/tecnologias\/","title":{"rendered":"Tecnolog\u00edas"},"content":{"rendered":"<div class=\"wpb-content-wrapper\"><p>[vc_row full_width=\u00bbstretch_row\u00bb css=\u00bb.vc_custom_1615464635160{background-color: #f7f7f7 !important;}\u00bb][vc_column][vc_column_text]<\/p>\n<h1>Tecnolog\u00edas<\/h1>\n<p>[\/vc_column_text][\/vc_column][\/vc_row][vc_row full_width=\u00bbstretch_row\u00bb css=\u00bb.vc_custom_1617255073390{background-color: #ffffff !important;}\u00bb][vc_column]<div class=\"ult-spacer spacer-69db996e97c26\" data-id=\"69db996e97c26\" data-height=\"22\" data-height-mobile=\"22\" data-height-tab=\"22\" data-height-tab-portrait=\"\" data-height-mobile-landscape=\"\" style=\"clear:both;display:block;\"><\/div>[\/vc_column][\/vc_row][vc_row equal_height=\u00bbyes\u00bb][vc_column width=\u00bb1\/2&#8243;]<div class=\"ult-spacer spacer-69db996e97c5e\" data-id=\"69db996e97c5e\" data-height=\"20\" data-height-mobile=\"20\" data-height-tab=\"20\" data-height-tab-portrait=\"\" data-height-mobile-landscape=\"\" style=\"clear:both;display:block;\"><\/div>[vc_column_text css=\u00bb.vc_custom_1617254708859{padding-left: 0px !important;}\u00bb]<\/p>\n<h2>Interface telem\u00e1tica CAN j1939\/S6<\/h2>\n<p style=\"text-align: justify;\">CAN j1939\/S6 es una interface a base de CAN (SAE J1939) destinada a la colecci\u00f3n e integraci\u00f3n en el sistema telem\u00e1tico de los datos recibidos desde el equipamiento de a bordo est\u00e1ndar y adicional del veh\u00edculo, junto con la recepci\u00f3n de la informaci\u00f3n desde uno o varios buses automovil\u00edsticos CAN, tanto como para la alimentaci\u00f3n y ajuste de los sensores telem\u00e1ticos.<\/p>\n<p>[\/vc_column_text]<div class=\"ult-spacer spacer-69db996e97c83\" data-id=\"69db996e97c83\" data-height=\"20\" data-height-mobile=\"20\" data-height-tab=\"20\" data-height-tab-portrait=\"\" data-height-mobile-landscape=\"\" style=\"clear:both;display:block;\"><\/div>[vc_raw_html]JTNDYSUyMGhyZWYlM0QlMjJodHRwcyUzQSUyRiUyRnd3dy5qdi10ZWNobm90b24uY29tJTJGZXMlMkZwcm9kdWN0b3MlMkZjYW4tajE5MzktczYlMkYlMjIlM0UlM0NidXR0b24lMjBjbGFzcyUzRCUyMmJ0dG5fciUyMGJ0dG5fMDglMjIlM0VDb25vY2VyJTIwbSVDMyVBMXMlMjBkZXRhbGxlcyUzQyUyRmJ1dHRvbiUzRSUzQyUyRmElM0U=[\/vc_raw_html]<div class=\"ult-spacer spacer-69db996e97ca3\" data-id=\"69db996e97ca3\" data-height=\"20\" data-height-mobile=\"20\" data-height-tab=\"20\" data-height-tab-portrait=\"\" data-height-mobile-landscape=\"\" style=\"clear:both;display:block;\"><\/div>[\/vc_column][vc_column width=\u00bb1\/2&#8243; css=\u00bb.vc_custom_1553764202627{background-color: #f4f4f4 !important;}\u00bb]<div class=\"ult-spacer spacer-69db996e97cc0\" data-id=\"69db996e97cc0\" data-height=\"20\" data-height-mobile=\"20\" data-height-tab=\"20\" data-height-tab-portrait=\"\" data-height-mobile-landscape=\"\" style=\"clear:both;display:block;\"><\/div>[vc_column_text css=\u00bb.vc_custom_1589350395559{background-color: #f4f4f4 !important;}\u00bb]<a href=\"https:\/\/jv-technoton.com\/es\/productos\/can-j1939-s6\/\"><img decoding=\"async\" class=\"wp-image-24511 size-full aligncenter\" title=\"Interface telem\u00e1tica CAN j1939\/S6\" src=\"https:\/\/jv-technoton.com\/wp-content\/uploads\/2020\/05\/tehnologiya-s6-esp.png\" alt=\"Interface telem\u00e1tica CAN j1939\/S6\" width=\"500\" height=\"331\" \/><\/a>[\/vc_column_text][\/vc_column][\/vc_row][vc_row equal_height=\u00bbyes\u00bb columns_right=\u00bbyes\u00bb][vc_column width=\u00bb1\/2&#8243; css=\u00bb.vc_custom_1571907065689{background-color: #f4f4f4 !important;}\u00bb]<div class=\"ult-spacer spacer-69db996e97cdc\" data-id=\"69db996e97cdc\" data-height=\"50\" data-height-mobile=\"50\" data-height-tab=\"50\" data-height-tab-portrait=\"\" data-height-mobile-landscape=\"\" style=\"clear:both;display:block;\"><\/div>[vc_column_text]<\/p>\n<p style=\"text-align: center;\"><a href=\"https:\/\/jv-technoton.com\/es\/tecnologia-s7\/\"><img decoding=\"async\" class=\"alignnone wp-image-24506 size-full\" title=\"Tecnolog\u00eda de la transmisi\u00f3n de datos S7\" src=\"https:\/\/jv-technoton.com\/wp-content\/uploads\/2020\/05\/tehnologiya-s7-esp.png\" alt=\"Tecnolog\u00eda de la transmisi\u00f3n de datos S7 \" width=\"500\" height=\"331\" \/><\/a><\/p>\n<p>[\/vc_column_text][\/vc_column][vc_column width=\u00bb1\/2&#8243;]<div class=\"ult-spacer spacer-69db996e97d0c\" data-id=\"69db996e97d0c\" data-height=\"50\" data-height-mobile=\"50\" data-height-tab=\"50\" data-height-tab-portrait=\"\" data-height-mobile-landscape=\"\" style=\"clear:both;display:block;\"><\/div>[vc_column_text css=\u00bb.vc_custom_1617254726478{padding-right: 0px !important;}\u00bb]<\/p>\n<h2>Tecnolog\u00eda de la transmisi\u00f3n de datos S7<\/h2>\n<p>La Tecnolog\u00eda S7 de la colecci\u00f3n inal\u00e1mbrica de la informaci\u00f3n desde los sensores aut\u00f3nomos en los sistemas de la telem\u00e1tica de transporte e industrial. La Tecnolog\u00eda S7 se utiliza en tanto en autom\u00f3viles como sistemas fijos.[\/vc_column_text]<div class=\"ult-spacer spacer-69db996e97d2b\" data-id=\"69db996e97d2b\" data-height=\"20\" data-height-mobile=\"20\" data-height-tab=\"20\" data-height-tab-portrait=\"\" data-height-mobile-landscape=\"\" style=\"clear:both;display:block;\"><\/div>[vc_raw_html]JTNDYSUyMGhyZWYlM0QlMjJodHRwcyUzQSUyRiUyRnd3dy5qdi10ZWNobm90b24uY29tJTJGZXMlMkZ0ZWNub2xvZ2lhLXM3JTJGJTIyJTNFJTNDYnV0dG9uJTIwY2xhc3MlM0QlMjJidHRuX3IlMjBidHRuXzA4JTIyJTNFQ29ub2NlciUyMG0lQzMlQTFzJTIwZGV0YWxsZXMlM0MlMkZidXR0b24lM0UlM0MlMkZhJTNF[\/vc_raw_html]<div class=\"ult-spacer spacer-69db996e97d47\" data-id=\"69db996e97d47\" data-height=\"20\" data-height-mobile=\"20\" data-height-tab=\"20\" data-height-tab-portrait=\"\" data-height-mobile-landscape=\"\" style=\"clear:both;display:block;\"><\/div>[\/vc_column][\/vc_row]<\/p>\n<\/div>","protected":false},"excerpt":{"rendered":"<p>[vc_row full_width=\u00bbstretch_row\u00bb css=\u00bb.vc_custom_1615464635160{background-color: #f7f7f7 !important;}\u00bb][vc_column][vc_column_text] Tecnolog\u00edas [\/vc_column_text][\/vc_column][\/vc_row][vc_row full_width=\u00bbstretch_row\u00bb css=\u00bb.vc_custom_1617255073390{background-color: #ffffff !important;}\u00bb][vc_column][\/vc_column][\/vc_row][vc_row equal_height=\u00bbyes\u00bb][vc_column width=\u00bb1\/2&#8243;][vc_column_text css=\u00bb.vc_custom_1617254708859{padding-left: 0px !important;}\u00bb] Interface telem\u00e1tica CAN j1939\/S6 CAN j1939\/S6 es una interface a base de CAN (SAE J1939) destinada a la colecci\u00f3n e integraci\u00f3n en el sistema telem\u00e1tico de los datos recibidos desde el equipamiento de a bordo est\u00e1ndar y adicional del [&hellip;]<\/p>\n","protected":false},"author":2,"featured_media":0,"parent":0,"menu_order":0,"comment_status":"closed","ping_status":"closed","template":"","meta":{"footnotes":""},"class_list":["post-52219","page","type-page","status-publish","hentry"],"yoast_head":"<!-- This site is optimized with the Yoast SEO plugin v27.3 - https:\/\/yoast.com\/product\/yoast-seo-wordpress\/ -->\n<title>Tecnolog\u00edas | Technoton<\/title>\n<meta name=\"description\" content=\"Tecnolog\u00edas cableadas S6 e inal\u00e1mbricas (Bluetooth) S7 para recopilar y transmitir datos entre dispositivos con interfaces CAN y BLE para telem\u00e1tica industrial y de transporte\" \/>\n<meta name=\"robots\" content=\"index, follow, max-snippet:-1, max-image-preview:large, max-video-preview:-1\" \/>\n<link rel=\"canonical\" href=\"https:\/\/jv-technoton.com\/es\/tecnologias\/\" \/>\n<meta property=\"og:locale\" content=\"es_ES\" \/>\n<meta property=\"og:type\" content=\"article\" \/>\n<meta property=\"og:title\" content=\"Tecnolog\u00edas | Technoton\" \/>\n<meta property=\"og:description\" content=\"Tecnolog\u00edas cableadas S6 e inal\u00e1mbricas (Bluetooth) S7 para recopilar y transmitir datos entre dispositivos con interfaces CAN y BLE para telem\u00e1tica industrial y de transporte\" \/>\n<meta property=\"og:url\" content=\"https:\/\/jv-technoton.com\/es\/tecnologias\/\" \/>\n<meta property=\"og:site_name\" content=\"Technoton\" \/>\n<meta property=\"article:modified_time\" content=\"2023-03-09T11:39:57+00:00\" \/>\n<meta property=\"og:image\" content=\"https:\/\/jv-technoton.com\/wp-content\/uploads\/2023\/03\/tecnologias.jpg\" \/>\n\t<meta property=\"og:image:width\" content=\"2000\" \/>\n\t<meta property=\"og:image:height\" content=\"1000\" \/>\n\t<meta property=\"og:image:type\" content=\"image\/jpeg\" \/>\n<meta name=\"twitter:card\" content=\"summary_large_image\" \/>\n<meta name=\"twitter:label1\" content=\"Tiempo de lectura\" \/>\n\t<meta name=\"twitter:data1\" content=\"2 minutos\" \/>\n<script type=\"application\/ld+json\" class=\"yoast-schema-graph\">{\"@context\":\"https:\\\/\\\/schema.org\",\"@graph\":[{\"@type\":\"WebPage\",\"@id\":\"https:\\\/\\\/jv-technoton.com\\\/es\\\/tecnologias\\\/\",\"url\":\"https:\\\/\\\/jv-technoton.com\\\/es\\\/tecnologias\\\/\",\"name\":\"Tecnolog\u00edas | Technoton\",\"isPartOf\":{\"@id\":\"https:\\\/\\\/jv-technoton.com\\\/#website\"},\"primaryImageOfPage\":{\"@id\":\"https:\\\/\\\/jv-technoton.com\\\/es\\\/tecnologias\\\/#primaryimage\"},\"image\":{\"@id\":\"https:\\\/\\\/jv-technoton.com\\\/es\\\/tecnologias\\\/#primaryimage\"},\"thumbnailUrl\":\"https:\\\/\\\/jv-technoton.com\\\/wp-content\\\/uploads\\\/2020\\\/05\\\/tehnologiya-s6-esp.png\",\"datePublished\":\"2020-05-13T09:47:54+00:00\",\"dateModified\":\"2023-03-09T11:39:57+00:00\",\"description\":\"Tecnolog\u00edas cableadas S6 e inal\u00e1mbricas (Bluetooth) S7 para recopilar y transmitir datos entre dispositivos con interfaces CAN y BLE para telem\u00e1tica industrial y de transporte\",\"breadcrumb\":{\"@id\":\"https:\\\/\\\/jv-technoton.com\\\/es\\\/tecnologias\\\/#breadcrumb\"},\"inLanguage\":\"es\",\"potentialAction\":[{\"@type\":\"ReadAction\",\"target\":[\"https:\\\/\\\/jv-technoton.com\\\/es\\\/tecnologias\\\/\"]}]},{\"@type\":\"ImageObject\",\"inLanguage\":\"es\",\"@id\":\"https:\\\/\\\/jv-technoton.com\\\/es\\\/tecnologias\\\/#primaryimage\",\"url\":\"https:\\\/\\\/jv-technoton.com\\\/wp-content\\\/uploads\\\/2020\\\/05\\\/tehnologiya-s6-esp.png\",\"contentUrl\":\"https:\\\/\\\/jv-technoton.com\\\/wp-content\\\/uploads\\\/2020\\\/05\\\/tehnologiya-s6-esp.png\"},{\"@type\":\"BreadcrumbList\",\"@id\":\"https:\\\/\\\/jv-technoton.com\\\/es\\\/tecnologias\\\/#breadcrumb\",\"itemListElement\":[{\"@type\":\"ListItem\",\"position\":1,\"name\":\"Home\",\"item\":\"https:\\\/\\\/jv-technoton.com\\\/es\\\/\"},{\"@type\":\"ListItem\",\"position\":2,\"name\":\"Tecnolog\u00edas\"}]},{\"@type\":\"WebSite\",\"@id\":\"https:\\\/\\\/jv-technoton.com\\\/#website\",\"url\":\"https:\\\/\\\/jv-technoton.com\\\/\",\"name\":\"Advanced machinery telematics and fuel monitoring\",\"description\":\"Telem\u00e1tica para maquinaria compleja | Technoton\",\"publisher\":{\"@id\":\"https:\\\/\\\/jv-technoton.com\\\/#organization\"},\"potentialAction\":[{\"@type\":\"SearchAction\",\"target\":{\"@type\":\"EntryPoint\",\"urlTemplate\":\"https:\\\/\\\/jv-technoton.com\\\/?s={search_term_string}\"},\"query-input\":{\"@type\":\"PropertyValueSpecification\",\"valueRequired\":true,\"valueName\":\"search_term_string\"}}],\"inLanguage\":\"es\"},{\"@type\":\"Organization\",\"@id\":\"https:\\\/\\\/jv-technoton.com\\\/#organization\",\"name\":\"Technoton\",\"url\":\"https:\\\/\\\/jv-technoton.com\\\/\",\"logo\":{\"@type\":\"ImageObject\",\"inLanguage\":\"es\",\"@id\":\"https:\\\/\\\/jv-technoton.com\\\/#\\\/schema\\\/logo\\\/image\\\/\",\"url\":\"https:\\\/\\\/jv-technoton.com\\\/wp-content\\\/uploads\\\/2022\\\/02\\\/technoton_logo_web.png\",\"contentUrl\":\"https:\\\/\\\/jv-technoton.com\\\/wp-content\\\/uploads\\\/2022\\\/02\\\/technoton_logo_web.png\",\"width\":800,\"height\":329,\"caption\":\"Technoton\"},\"image\":{\"@id\":\"https:\\\/\\\/jv-technoton.com\\\/#\\\/schema\\\/logo\\\/image\\\/\"},\"sameAs\":[\"https:\\\/\\\/www.linkedin.com\\\/company\\\/technoton\"]}]}<\/script>\n<!-- \/ Yoast SEO plugin. -->","yoast_head_json":{"title":"Tecnolog\u00edas | Technoton","description":"Tecnolog\u00edas cableadas S6 e inal\u00e1mbricas (Bluetooth) S7 para recopilar y transmitir datos entre dispositivos con interfaces CAN y BLE para telem\u00e1tica industrial y de transporte","robots":{"index":"index","follow":"follow","max-snippet":"max-snippet:-1","max-image-preview":"max-image-preview:large","max-video-preview":"max-video-preview:-1"},"canonical":"https:\/\/jv-technoton.com\/es\/tecnologias\/","og_locale":"es_ES","og_type":"article","og_title":"Tecnolog\u00edas | Technoton","og_description":"Tecnolog\u00edas cableadas S6 e inal\u00e1mbricas (Bluetooth) S7 para recopilar y transmitir datos entre dispositivos con interfaces CAN y BLE para telem\u00e1tica industrial y de transporte","og_url":"https:\/\/jv-technoton.com\/es\/tecnologias\/","og_site_name":"Technoton","article_modified_time":"2023-03-09T11:39:57+00:00","og_image":[{"width":2000,"height":1000,"url":"https:\/\/jv-technoton.com\/wp-content\/uploads\/2023\/03\/tecnologias.jpg","type":"image\/jpeg"}],"twitter_card":"summary_large_image","twitter_misc":{"Tiempo de lectura":"2 minutos"},"schema":{"@context":"https:\/\/schema.org","@graph":[{"@type":"WebPage","@id":"https:\/\/jv-technoton.com\/es\/tecnologias\/","url":"https:\/\/jv-technoton.com\/es\/tecnologias\/","name":"Tecnolog\u00edas | Technoton","isPartOf":{"@id":"https:\/\/jv-technoton.com\/#website"},"primaryImageOfPage":{"@id":"https:\/\/jv-technoton.com\/es\/tecnologias\/#primaryimage"},"image":{"@id":"https:\/\/jv-technoton.com\/es\/tecnologias\/#primaryimage"},"thumbnailUrl":"https:\/\/jv-technoton.com\/wp-content\/uploads\/2020\/05\/tehnologiya-s6-esp.png","datePublished":"2020-05-13T09:47:54+00:00","dateModified":"2023-03-09T11:39:57+00:00","description":"Tecnolog\u00edas cableadas S6 e inal\u00e1mbricas (Bluetooth) S7 para recopilar y transmitir datos entre dispositivos con interfaces CAN y BLE para telem\u00e1tica industrial y de transporte","breadcrumb":{"@id":"https:\/\/jv-technoton.com\/es\/tecnologias\/#breadcrumb"},"inLanguage":"es","potentialAction":[{"@type":"ReadAction","target":["https:\/\/jv-technoton.com\/es\/tecnologias\/"]}]},{"@type":"ImageObject","inLanguage":"es","@id":"https:\/\/jv-technoton.com\/es\/tecnologias\/#primaryimage","url":"https:\/\/jv-technoton.com\/wp-content\/uploads\/2020\/05\/tehnologiya-s6-esp.png","contentUrl":"https:\/\/jv-technoton.com\/wp-content\/uploads\/2020\/05\/tehnologiya-s6-esp.png"},{"@type":"BreadcrumbList","@id":"https:\/\/jv-technoton.com\/es\/tecnologias\/#breadcrumb","itemListElement":[{"@type":"ListItem","position":1,"name":"Home","item":"https:\/\/jv-technoton.com\/es\/"},{"@type":"ListItem","position":2,"name":"Tecnolog\u00edas"}]},{"@type":"WebSite","@id":"https:\/\/jv-technoton.com\/#website","url":"https:\/\/jv-technoton.com\/","name":"Advanced machinery telematics and fuel monitoring","description":"Telem\u00e1tica para maquinaria compleja | Technoton","publisher":{"@id":"https:\/\/jv-technoton.com\/#organization"},"potentialAction":[{"@type":"SearchAction","target":{"@type":"EntryPoint","urlTemplate":"https:\/\/jv-technoton.com\/?s={search_term_string}"},"query-input":{"@type":"PropertyValueSpecification","valueRequired":true,"valueName":"search_term_string"}}],"inLanguage":"es"},{"@type":"Organization","@id":"https:\/\/jv-technoton.com\/#organization","name":"Technoton","url":"https:\/\/jv-technoton.com\/","logo":{"@type":"ImageObject","inLanguage":"es","@id":"https:\/\/jv-technoton.com\/#\/schema\/logo\/image\/","url":"https:\/\/jv-technoton.com\/wp-content\/uploads\/2022\/02\/technoton_logo_web.png","contentUrl":"https:\/\/jv-technoton.com\/wp-content\/uploads\/2022\/02\/technoton_logo_web.png","width":800,"height":329,"caption":"Technoton"},"image":{"@id":"https:\/\/jv-technoton.com\/#\/schema\/logo\/image\/"},"sameAs":["https:\/\/www.linkedin.com\/company\/technoton"]}]}},"rttpg_featured_image_url":null,"rttpg_author":{"display_name":"Anya","author_link":"https:\/\/jv-technoton.com\/es\/author\/technoton-com\/"},"rttpg_comment":0,"rttpg_category":" <a href=\"https:\/\/jv-technoton.com\/es\/?taxonomy=translation_priority&#038;term=opcional\" rel=\"tag\">Opcional<\/a>","rttpg_excerpt":"[vc_row full_width=\u00bbstretch_row\u00bb css=\u00bb.vc_custom_1615464635160{background-color: #f7f7f7 !important;}\u00bb][vc_column][vc_column_text] Tecnolog\u00edas [\/vc_column_text][\/vc_column][\/vc_row][vc_row full_width=\u00bbstretch_row\u00bb css=\u00bb.vc_custom_1617255073390{background-color: #ffffff !important;}\u00bb][vc_column][\/vc_column][\/vc_row][vc_row equal_height=\u00bbyes\u00bb][vc_column width=\u00bb1\/2&#8243;][vc_column_text css=\u00bb.vc_custom_1617254708859{padding-left: 0px !important;}\u00bb] Interface telem\u00e1tica CAN j1939\/S6 CAN j1939\/S6 es una interface a base de CAN (SAE J1939) destinada a la colecci\u00f3n e integraci\u00f3n en el sistema telem\u00e1tico de los datos recibidos desde el equipamiento de a bordo est\u00e1ndar y adicional del&hellip;","_links":{"self":[{"href":"https:\/\/jv-technoton.com\/es\/wp-json\/wp\/v2\/pages\/52219","targetHints":{"allow":["GET"]}}],"collection":[{"href":"https:\/\/jv-technoton.com\/es\/wp-json\/wp\/v2\/pages"}],"about":[{"href":"https:\/\/jv-technoton.com\/es\/wp-json\/wp\/v2\/types\/page"}],"author":[{"embeddable":true,"href":"https:\/\/jv-technoton.com\/es\/wp-json\/wp\/v2\/users\/2"}],"replies":[{"embeddable":true,"href":"https:\/\/jv-technoton.com\/es\/wp-json\/wp\/v2\/comments?post=52219"}],"version-history":[{"count":2,"href":"https:\/\/jv-technoton.com\/es\/wp-json\/wp\/v2\/pages\/52219\/revisions"}],"predecessor-version":[{"id":74982,"href":"https:\/\/jv-technoton.com\/es\/wp-json\/wp\/v2\/pages\/52219\/revisions\/74982"}],"wp:attachment":[{"href":"https:\/\/jv-technoton.com\/es\/wp-json\/wp\/v2\/media?parent=52219"}],"curies":[{"name":"wp","href":"https:\/\/api.w.org\/{rel}","templated":true}]}}