{"id":53269,"date":"2020-06-01T13:51:47","date_gmt":"2020-06-01T10:51:47","guid":{"rendered":"https:\/\/jv-technoton.com\/?page_id=53269"},"modified":"2025-06-17T10:04:03","modified_gmt":"2025-06-17T07:04:03","slug":"sobre-nosotros","status":"publish","type":"page","link":"https:\/\/jv-technoton.com\/es\/sobre-nosotros\/","title":{"rendered":"Sobre nosotros"},"content":{"rendered":"<div class=\"wpb-content-wrapper\"><p>[vc_row full_width=\u00bbstretch_row\u00bb css=\u00bb.vc_custom_1578475407348{background-color: #f7f7f7 !important;}\u00bb visibility=\u00bbhidden-phone\u00bb][vc_column][vc_column_text]<\/p>\n<h1>Sobre Technoton<\/h1>\n<p>[\/vc_column_text][\/vc_column][\/vc_row][vc_row visibility=\u00bbhidden-phone\u00bb][vc_column width=\u00bb1\/3&#8243; css=\u00bb.vc_custom_1674627666616{border-right-width: 1px !important;border-left-width: 1px !important;background-color: rgba(219,219,219,0.4) !important;background-position: center !important;background-repeat: no-repeat !important;background-size: contain !important;*background-color: rgb(219,219,219) !important;border-left-color: rgba(22,22,22,0.4) !important;border-left-style: solid !important;border-right-color: rgba(22,22,22,0.4) !important;border-right-style: solid !important;}\u00bb][vc_column_text css=\u00bb.vc_custom_1674722245563{padding-right: 10px !important;padding-bottom: 15px !important;padding-left: 10px !important;}\u00bb]<\/p>\n<div class=\"row widget\">\n<div class=\"col-xs-12\">\n<h3><a href=\"https:\/\/jv-technoton.com\/es\/contactos\/\">Contactos<\/a><\/h3>\n<p>Oficinas Technoton, Dealers y Distribuidores<\/p>\n<\/div>\n<\/div>\n<p>[\/vc_column_text][vc_column_text css=\u00bb.vc_custom_1750143842839{padding-right: 10px !important;padding-bottom: 15px !important;padding-left: 10px !important;}\u00bb]<\/p>\n<div class=\"row widget\">\n<div class=\"col-xs-12\">\n<h3><a href=\"https:\/\/jv-technoton.com\/es\/programa-de-concesion-de-technoton\/\">Programa de distribuidor<\/a><\/h3>\n<p>Convi\u00e9rtase en distribuidor de Technoton<\/p>\n<\/div>\n<\/div>\n<p>[\/vc_column_text][vc_column_text css=\u00bb.vc_custom_1674722353863{padding-right: 10px !important;padding-bottom: 15px !important;padding-left: 10px !important;}\u00bb]<\/p>\n<div class=\"row widget\">\n<div class=\"col-xs-12\">\n<h3><a href=\"https:\/\/jv-technoton.com\/es\/servicio\/\">Servicio de producto<\/a><\/h3>\n<p>Reach out regional Technoton service centers<\/p>\n<\/div>\n<\/div>\n<p>[\/vc_column_text][vc_column_text css=\u00bb.vc_custom_1674722517120{padding-right: 10px !important;padding-bottom: 15px !important;padding-left: 10px !important;}\u00bb]<\/p>\n<div class=\"row widget\">\n<div class=\"col-xs-12\">\n<h3><a href=\"https:\/\/jv-technoton.com\/es\/soporte-tecnico\/\">Entrenamiento t\u00e9cnico<\/a><\/h3>\n<p>Aprenda a instalar y configurar los productos Technoton<\/p>\n<\/div>\n<\/div>\n<p>[\/vc_column_text][\/vc_column][vc_column width=\u00bb2\/3&#8243; full_width=\u00bb\u00bb gap=\u00bb0&#8243; full_height=\u00bb\u00bb columns_placement=\u00bbmiddle\u00bb equal_height=\u00bb\u00bb rtl_reverse=\u00bb\u00bb content_placement=\u00bb\u00bb disable_element=\u00bb\u00bb bg_type=\u00bb\u00bb parallax_style=\u00bb\u00bb bg_image_new=\u00bb\u00bb layer_image=\u00bb\u00bb bg_image_repeat=\u00bb\u00bb bg_image_size=\u00bb\u00bb bg_cstm_size=\u00bb\u00bb bg_img_attach=\u00bb\u00bb parallax_sense=\u00bb\u00bb bg_image_posiiton=\u00bb\u00bb animation_direction=\u00bb\u00bb animation_repeat=\u00bb\u00bb video_url=\u00bb\u00bb video_url_2=\u00bb\u00bb u_video_url=\u00bb\u00bb video_opts=\u00bb\u00bb video_poster=\u00bb\u00bb u_start_time=\u00bb\u00bb u_stop_time=\u00bb\u00bb viewport_vdo=\u00bb\u00bb enable_controls=\u00bb\u00bb bg_override=\u00bb\u00bb disable_on_mobile_img_parallax=\u00bb\u00bb parallax_content=\u00bb\u00bb parallax_content_sense=\u00bb\u00bb fadeout_row=\u00bb\u00bb fadeout_start_effect=\u00bb\u00bb enable_overlay=\u00bb\u00bb overlay_color=\u00bb\u00bb overlay_pattern=\u00bb\u00bb overlay_pattern_opacity=\u00bb\u00bb overlay_pattern_size=\u00bb\u00bb overlay_pattern_attachment=\u00bb\u00bb multi_color_overlay=\u00bb\u00bb multi_color_overlay_opacity=\u00bb\u00bb seperator_enable=\u00bb\u00bb seperator_type=\u00bb\u00bb seperator_position=\u00bb\u00bb seperator_shape_size=\u00bb\u00bb seperator_svg_height=\u00bb\u00bb seperator_shape_background=\u00bb\u00bb seperator_shape_border=\u00bb\u00bb seperator_shape_border_color=\u00bb\u00bb seperator_shape_border_width=\u00bb\u00bb icon_type=\u00bb\u00bb icon=\u00bb\u00bb icon_size=\u00bb\u00bb icon_color=\u00bb\u00bb icon_style=\u00bb\u00bb icon_color_bg=\u00bb\u00bb icon_border_style=\u00bb\u00bb icon_color_border=\u00bb\u00bb icon_border_size=\u00bb\u00bb icon_border_radius=\u00bb\u00bb icon_border_spacing=\u00bb\u00bb icon_img=\u00bb\u00bb img_width=\u00bb\u00bb ult_hide_row=\u00bb\u00bb ult_hide_row_large_screen=\u00bb\u00bb ult_hide_row_desktop=\u00bb\u00bb ult_hide_row_tablet=\u00bb\u00bb ult_hide_row_tablet_small=\u00bb\u00bb ult_hide_row_mobile=\u00bb\u00bb ult_hide_row_mobile_large=\u00bb\u00bb visibility=\u00bbhidden-phone\u00bb][vc_column_text]<\/p>\n<div style=\"text-align: justify;\">\n<h2>Compa\u00f1\u00eda<\/h2>\n<p><span style=\"font-weight: 400;\">La empresa conjunta Technoton fue creada en abril de 2000, al comienzo de la formaci\u00f3n del mercado de la telem\u00e1tica de transporte y los sistemas de monitoreo satelital del transporte. La compa\u00f1\u00eda comenz\u00f3 su desarrollo con la elaboraci\u00f3n y la producci\u00f3n de terminales GPS de monitoreo de transporte, sensores de nivel y medidores de flujo de combustible, centr\u00e1ndose m\u00e1s tarde en la soluci\u00f3n de problemas de monitoreo de combustible y an\u00e1lisis de datos CAN-bus.<\/span><\/p>\n<p>La atenci\u00f3n al detalle en el desarrollo, el control de calidad en la producci\u00f3n y el enfoque sensato en resolver los problemas de los clientes nos han llevado a liderar el mercado, como lo demuestran 20 Dealers y Distribuidores, as\u00ed como m\u00e1s de 800 Socios en 150 pa\u00edses, donde fueron instalados 400.000 sensores de combustible DUT \u2013 E, 90.000 medidores de combustible DFM y 200.000 lectores sin contacto Crocodile.<\/p>\n<p>Se presta mucha atenci\u00f3n en la empresa a la capacitaci\u00f3n de empleados, distribuidores y socios. Desde julio de 2006 m\u00e1s de 700 especialistas han recibido capacitaci\u00f3n y certificados de instaladores. Cada a\u00f1o se realizan seminarios para nuestros Dealers y Socios en diferentes regiones, en los que se discuten los problemas actuales del mercado de la telem\u00e1tica del transporte y el papel de Technoton en el desarrollo de sistemas de monitoreo del transporte.<\/p>\n<\/div>\n<p>[\/vc_column_text][\/vc_column][\/vc_row][vc_row][vc_column]<div class=\"ult-spacer spacer-69e5bf7c92363\" data-id=\"69e5bf7c92363\" data-height=\"33\" data-height-mobile=\"33\" data-height-tab=\"33\" data-height-tab-portrait=\"\" data-height-mobile-landscape=\"\" style=\"clear:both;display:block;\"><\/div>[vc_column_text]<\/p>\n<h2>Equipo de Technoton<\/h2>\n<p class=\"line\">Technoton es una empresa en desarrollo din\u00e1mico. El equipo de la empresa supera 120 especialistas calificados (incluida la producci\u00f3n). Contamos con dos instalaciones principales de producci\u00f3n y prueba especializadas en montaje de electr\u00f3nica y trabajos de mec\u00e1nica precisa.<br \/>\nLos especialistas principales de la compa\u00f1\u00eda Technoton han recibido la educaci\u00f3n en las Universidades principales del pa\u00eds: BSU, BGUIR, BGEU y tienen la experiencia rica del trabajo en la producci\u00f3n de la electr\u00f3nica, la construcci\u00f3n de instrumentos y la metrolog\u00eda.<\/p>\n<p class=\"line\">El personal t\u00e9cnico de Technoton incluye un equipo de ingenieros y desarrolladores altamente calificados con amplia competencia en microcontroladores, ingenier\u00eda mec\u00e1nica, diagn\u00f3stico y programaci\u00f3n. La compa\u00f1\u00eda tiene su propia oficina de ingenier\u00eda y dise\u00f1o, Departamento de producci\u00f3n, Departamento de marketing, Departamento de instalaci\u00f3n y capacitaci\u00f3n..<\/p>\n<p>[\/vc_column_text][\/vc_column][\/vc_row][vc_row][vc_column]<div class=\"ult-spacer spacer-69e5bf7c923a3\" data-id=\"69e5bf7c923a3\" data-height=\"33\" data-height-mobile=\"33\" data-height-tab=\"33\" data-height-tab-portrait=\"\" data-height-mobile-landscape=\"\" style=\"clear:both;display:block;\"><\/div>[vc_column_text]<\/p>\n<h2>Misi\u00f3n de la compa\u00f1\u00eda<\/h2>\n<p class=\"line\">Resolvemos la tarea de la explotaci\u00f3n eficaz de la maquinaria automovil\u00edstica en las condiciones del aumento global de los precios del combustible, la ampliaci\u00f3n de la flota de las m\u00e1quinas, la complicaci\u00f3n de su construcci\u00f3n y las condiciones de trabajo.<br \/>\nDise\u00f1amos, fabricamos e implementamos soluciones de monitoreo de consumo de combustible y monitoreo de transporte.<\/p>\n<p>[\/vc_column_text][\/vc_column][\/vc_row][vc_row][vc_column]<div class=\"ult-spacer spacer-69e5bf7c923ca\" data-id=\"69e5bf7c923ca\" data-height=\"33\" data-height-mobile=\"33\" data-height-tab=\"33\" data-height-tab-portrait=\"\" data-height-mobile-landscape=\"\" style=\"clear:both;display:block;\"><\/div>[vc_column_text]<\/p>\n<h2>Certificados<\/h2>\n<p>El sistema de la gesti\u00f3n de la cualidad de la empresa es certificada por el cumplimiento de los requisitos <a href=\"https:\/\/jv-technoton.com\/data\/ISO_9001-2015_en.pdf\">ISO 9001:2015<\/a>en el sistema Alem\u00e1n de la acreditaci\u00f3n DAkkS. Los certificados se aplican al conjunto completo de trabajos:<\/p>\n<ul>\n<li>producci\u00f3n,<\/li>\n<li>instalaci\u00f3n,<\/li>\n<li>el mantenimiento de los sistemas del control, el diagn\u00f3stico y el monitoreo por sat\u00e9lite de la t\u00e9cnica automovil\u00edstica.<\/li>\n<\/ul>\n<p>[\/vc_column_text][\/vc_column][\/vc_row]<\/p>\n<\/div>","protected":false},"excerpt":{"rendered":"<p>[vc_row full_width=\u00bbstretch_row\u00bb css=\u00bb.vc_custom_1578475407348{background-color: #f7f7f7 !important;}\u00bb visibility=\u00bbhidden-phone\u00bb][vc_column][vc_column_text] Sobre Technoton [\/vc_column_text][\/vc_column][\/vc_row][vc_row visibility=\u00bbhidden-phone\u00bb][vc_column width=\u00bb1\/3&#8243; css=\u00bb.vc_custom_1674627666616{border-right-width: 1px !important;border-left-width: 1px !important;background-color: rgba(219,219,219,0.4) !important;background-position: center !important;background-repeat: no-repeat !important;background-size: contain !important;*background-color: rgb(219,219,219) !important;border-left-color: rgba(22,22,22,0.4) !important;border-left-style: solid !important;border-right-color: rgba(22,22,22,0.4) !important;border-right-style: solid !important;}\u00bb][vc_column_text css=\u00bb.vc_custom_1674722245563{padding-right: 10px !important;padding-bottom: 15px !important;padding-left: 10px !important;}\u00bb] Contactos Oficinas Technoton, Dealers y Distribuidores [\/vc_column_text][vc_column_text css=\u00bb.vc_custom_1750143842839{padding-right: 10px !important;padding-bottom: 15px !important;padding-left: 10px !important;}\u00bb]&#8230;<\/p>\n","protected":false},"author":2,"featured_media":0,"parent":0,"menu_order":0,"comment_status":"closed","ping_status":"closed","template":"","meta":{"_kad_post_transparent":"","_kad_post_title":"","_kad_post_layout":"","_kad_post_sidebar_id":"","_kad_post_content_style":"","_kad_post_vertical_padding":"","_kad_post_feature":"","_kad_post_feature_position":"","_kad_post_header":false,"_kad_post_footer":false,"_kad_post_classname":"","footnotes":""},"class_list":["post-53269","page","type-page","status-publish","hentry"],"yoast_head":"<!-- This site is optimized with the Yoast SEO plugin v27.4 - https:\/\/yoast.com\/product\/yoast-seo-wordpress\/ -->\n<title>Sobre nosotros | Technoton<\/title>\n<meta name=\"description\" content=\"La historia de la creaci\u00f3n de la compa\u00f1\u00eda del productor del sistema del control del consumo de combustible y el monitoreo del transporte. Acerca de Technoton\" \/>\n<meta name=\"robots\" content=\"index, follow, max-snippet:-1, max-image-preview:large, max-video-preview:-1\" \/>\n<link rel=\"canonical\" href=\"https:\/\/jv-technoton.com\/es\/sobre-nosotros\/\" \/>\n<meta property=\"og:locale\" content=\"es_ES\" \/>\n<meta property=\"og:type\" content=\"article\" \/>\n<meta property=\"og:title\" content=\"Sobre nosotros | Technoton\" \/>\n<meta property=\"og:description\" content=\"La historia de la creaci\u00f3n de la compa\u00f1\u00eda del productor del sistema del control del consumo de combustible y el monitoreo del transporte. Acerca de Technoton\" \/>\n<meta property=\"og:url\" content=\"https:\/\/jv-technoton.com\/es\/sobre-nosotros\/\" \/>\n<meta property=\"og:site_name\" content=\"Technoton\" \/>\n<meta property=\"article:modified_time\" content=\"2025-06-17T07:04:03+00:00\" \/>\n<meta property=\"og:image\" content=\"https:\/\/jv-technoton.com\/wp-content\/uploads\/2023\/03\/tt-new-1.jpg\" \/>\n\t<meta property=\"og:image:width\" content=\"1024\" \/>\n\t<meta property=\"og:image:height\" content=\"532\" \/>\n\t<meta property=\"og:image:type\" content=\"image\/jpeg\" \/>\n<meta name=\"twitter:card\" content=\"summary_large_image\" \/>\n<meta name=\"twitter:label1\" content=\"Tiempo de lectura\" \/>\n\t<meta name=\"twitter:data1\" content=\"3 minutos\" \/>\n<script type=\"application\/ld+json\" class=\"yoast-schema-graph\">{\"@context\":\"https:\\\/\\\/schema.org\",\"@graph\":[{\"@type\":\"WebPage\",\"@id\":\"https:\\\/\\\/jv-technoton.com\\\/es\\\/sobre-nosotros\\\/\",\"url\":\"https:\\\/\\\/jv-technoton.com\\\/es\\\/sobre-nosotros\\\/\",\"name\":\"Sobre nosotros | Technoton\",\"isPartOf\":{\"@id\":\"https:\\\/\\\/jv-technoton.com\\\/#website\"},\"datePublished\":\"2020-06-01T10:51:47+00:00\",\"dateModified\":\"2025-06-17T07:04:03+00:00\",\"description\":\"La historia de la creaci\u00f3n de la compa\u00f1\u00eda del productor del sistema del control del consumo de combustible y el monitoreo del transporte. Acerca de Technoton\",\"breadcrumb\":{\"@id\":\"https:\\\/\\\/jv-technoton.com\\\/es\\\/sobre-nosotros\\\/#breadcrumb\"},\"inLanguage\":\"es\",\"potentialAction\":[{\"@type\":\"ReadAction\",\"target\":[\"https:\\\/\\\/jv-technoton.com\\\/es\\\/sobre-nosotros\\\/\"]}]},{\"@type\":\"BreadcrumbList\",\"@id\":\"https:\\\/\\\/jv-technoton.com\\\/es\\\/sobre-nosotros\\\/#breadcrumb\",\"itemListElement\":[{\"@type\":\"ListItem\",\"position\":1,\"name\":\"Home\",\"item\":\"https:\\\/\\\/jv-technoton.com\\\/es\\\/\"},{\"@type\":\"ListItem\",\"position\":2,\"name\":\"Sobre nosotros\"}]},{\"@type\":\"WebSite\",\"@id\":\"https:\\\/\\\/jv-technoton.com\\\/#website\",\"url\":\"https:\\\/\\\/jv-technoton.com\\\/\",\"name\":\"Advanced machinery telematics and fuel monitoring\",\"description\":\"Telem\u00e1tica para maquinaria compleja | Technoton\",\"publisher\":{\"@id\":\"https:\\\/\\\/jv-technoton.com\\\/#organization\"},\"potentialAction\":[{\"@type\":\"SearchAction\",\"target\":{\"@type\":\"EntryPoint\",\"urlTemplate\":\"https:\\\/\\\/jv-technoton.com\\\/?s={search_term_string}\"},\"query-input\":{\"@type\":\"PropertyValueSpecification\",\"valueRequired\":true,\"valueName\":\"search_term_string\"}}],\"inLanguage\":\"es\"},{\"@type\":\"Organization\",\"@id\":\"https:\\\/\\\/jv-technoton.com\\\/#organization\",\"name\":\"Technoton\",\"url\":\"https:\\\/\\\/jv-technoton.com\\\/\",\"logo\":{\"@type\":\"ImageObject\",\"inLanguage\":\"es\",\"@id\":\"https:\\\/\\\/jv-technoton.com\\\/#\\\/schema\\\/logo\\\/image\\\/\",\"url\":\"https:\\\/\\\/jv-technoton.com\\\/wp-content\\\/uploads\\\/2022\\\/02\\\/technoton_logo_web.png\",\"contentUrl\":\"https:\\\/\\\/jv-technoton.com\\\/wp-content\\\/uploads\\\/2022\\\/02\\\/technoton_logo_web.png\",\"width\":800,\"height\":329,\"caption\":\"Technoton\"},\"image\":{\"@id\":\"https:\\\/\\\/jv-technoton.com\\\/#\\\/schema\\\/logo\\\/image\\\/\"},\"sameAs\":[\"https:\\\/\\\/www.linkedin.com\\\/company\\\/technoton\"]}]}<\/script>\n<!-- \/ Yoast SEO plugin. -->","yoast_head_json":{"title":"Sobre nosotros | Technoton","description":"La historia de la creaci\u00f3n de la compa\u00f1\u00eda del productor del sistema del control del consumo de combustible y el monitoreo del transporte. Acerca de Technoton","robots":{"index":"index","follow":"follow","max-snippet":"max-snippet:-1","max-image-preview":"max-image-preview:large","max-video-preview":"max-video-preview:-1"},"canonical":"https:\/\/jv-technoton.com\/es\/sobre-nosotros\/","og_locale":"es_ES","og_type":"article","og_title":"Sobre nosotros | Technoton","og_description":"La historia de la creaci\u00f3n de la compa\u00f1\u00eda del productor del sistema del control del consumo de combustible y el monitoreo del transporte. Acerca de Technoton","og_url":"https:\/\/jv-technoton.com\/es\/sobre-nosotros\/","og_site_name":"Technoton","article_modified_time":"2025-06-17T07:04:03+00:00","og_image":[{"width":1024,"height":532,"url":"https:\/\/jv-technoton.com\/wp-content\/uploads\/2023\/03\/tt-new-1.jpg","type":"image\/jpeg"}],"twitter_card":"summary_large_image","twitter_misc":{"Tiempo de lectura":"3 minutos"},"schema":{"@context":"https:\/\/schema.org","@graph":[{"@type":"WebPage","@id":"https:\/\/jv-technoton.com\/es\/sobre-nosotros\/","url":"https:\/\/jv-technoton.com\/es\/sobre-nosotros\/","name":"Sobre nosotros | Technoton","isPartOf":{"@id":"https:\/\/jv-technoton.com\/#website"},"datePublished":"2020-06-01T10:51:47+00:00","dateModified":"2025-06-17T07:04:03+00:00","description":"La historia de la creaci\u00f3n de la compa\u00f1\u00eda del productor del sistema del control del consumo de combustible y el monitoreo del transporte. Acerca de Technoton","breadcrumb":{"@id":"https:\/\/jv-technoton.com\/es\/sobre-nosotros\/#breadcrumb"},"inLanguage":"es","potentialAction":[{"@type":"ReadAction","target":["https:\/\/jv-technoton.com\/es\/sobre-nosotros\/"]}]},{"@type":"BreadcrumbList","@id":"https:\/\/jv-technoton.com\/es\/sobre-nosotros\/#breadcrumb","itemListElement":[{"@type":"ListItem","position":1,"name":"Home","item":"https:\/\/jv-technoton.com\/es\/"},{"@type":"ListItem","position":2,"name":"Sobre nosotros"}]},{"@type":"WebSite","@id":"https:\/\/jv-technoton.com\/#website","url":"https:\/\/jv-technoton.com\/","name":"Advanced machinery telematics and fuel monitoring","description":"Telem\u00e1tica para maquinaria compleja | Technoton","publisher":{"@id":"https:\/\/jv-technoton.com\/#organization"},"potentialAction":[{"@type":"SearchAction","target":{"@type":"EntryPoint","urlTemplate":"https:\/\/jv-technoton.com\/?s={search_term_string}"},"query-input":{"@type":"PropertyValueSpecification","valueRequired":true,"valueName":"search_term_string"}}],"inLanguage":"es"},{"@type":"Organization","@id":"https:\/\/jv-technoton.com\/#organization","name":"Technoton","url":"https:\/\/jv-technoton.com\/","logo":{"@type":"ImageObject","inLanguage":"es","@id":"https:\/\/jv-technoton.com\/#\/schema\/logo\/image\/","url":"https:\/\/jv-technoton.com\/wp-content\/uploads\/2022\/02\/technoton_logo_web.png","contentUrl":"https:\/\/jv-technoton.com\/wp-content\/uploads\/2022\/02\/technoton_logo_web.png","width":800,"height":329,"caption":"Technoton"},"image":{"@id":"https:\/\/jv-technoton.com\/#\/schema\/logo\/image\/"},"sameAs":["https:\/\/www.linkedin.com\/company\/technoton"]}]}},"rttpg_featured_image_url":null,"rttpg_author":{"display_name":"Anya","author_link":"https:\/\/jv-technoton.com\/es\/author\/technoton-com\/"},"rttpg_comment":0,"rttpg_category":" <a href=\"https:\/\/jv-technoton.com\/es\/?taxonomy=translation_priority&#038;term=opcional\" rel=\"tag\">Opcional<\/a>","rttpg_excerpt":"[vc_row full_width=\u00bbstretch_row\u00bb css=\u00bb.vc_custom_1578475407348{background-color: #f7f7f7 !important;}\u00bb visibility=\u00bbhidden-phone\u00bb][vc_column][vc_column_text] Sobre Technoton [\/vc_column_text][\/vc_column][\/vc_row][vc_row visibility=\u00bbhidden-phone\u00bb][vc_column width=\u00bb1\/3&#8243; css=\u00bb.vc_custom_1674627666616{border-right-width: 1px !important;border-left-width: 1px !important;background-color: rgba(219,219,219,0.4) !important;background-position: center !important;background-repeat: no-repeat !important;background-size: contain !important;*background-color: rgb(219,219,219) !important;border-left-color: rgba(22,22,22,0.4) !important;border-left-style: solid !important;border-right-color: rgba(22,22,22,0.4) !important;border-right-style: solid !important;}\u00bb][vc_column_text css=\u00bb.vc_custom_1674722245563{padding-right: 10px !important;padding-bottom: 15px !important;padding-left: 10px !important;}\u00bb] Contactos Oficinas Technoton, Dealers y Distribuidores [\/vc_column_text][vc_column_text css=\u00bb.vc_custom_1750143842839{padding-right: 10px !important;padding-bottom: 15px !important;padding-left: 10px !important;}\u00bb]...","_links":{"self":[{"href":"https:\/\/jv-technoton.com\/es\/wp-json\/wp\/v2\/pages\/53269","targetHints":{"allow":["GET"]}}],"collection":[{"href":"https:\/\/jv-technoton.com\/es\/wp-json\/wp\/v2\/pages"}],"about":[{"href":"https:\/\/jv-technoton.com\/es\/wp-json\/wp\/v2\/types\/page"}],"author":[{"embeddable":true,"href":"https:\/\/jv-technoton.com\/es\/wp-json\/wp\/v2\/users\/2"}],"replies":[{"embeddable":true,"href":"https:\/\/jv-technoton.com\/es\/wp-json\/wp\/v2\/comments?post=53269"}],"version-history":[{"count":1,"href":"https:\/\/jv-technoton.com\/es\/wp-json\/wp\/v2\/pages\/53269\/revisions"}],"predecessor-version":[{"id":122368,"href":"https:\/\/jv-technoton.com\/es\/wp-json\/wp\/v2\/pages\/53269\/revisions\/122368"}],"wp:attachment":[{"href":"https:\/\/jv-technoton.com\/es\/wp-json\/wp\/v2\/media?parent=53269"}],"curies":[{"name":"wp","href":"https:\/\/api.w.org\/{rel}","templated":true}]}}