{"id":82869,"date":"2022-06-10T14:44:35","date_gmt":"2022-06-10T11:44:35","guid":{"rendered":"https:\/\/jv-technoton.com\/?page_id=82869"},"modified":"2025-07-08T09:50:48","modified_gmt":"2025-07-08T06:50:48","slug":"tareas","status":"publish","type":"page","link":"https:\/\/jv-technoton.com\/es\/tareas\/","title":{"rendered":"Tareas telem\u00e1ticas"},"content":{"rendered":"<div class=\"wpb-content-wrapper\"><p>[vc_row][vc_column]<div class=\"ult-spacer spacer-69e9435079f27\" data-id=\"69e9435079f27\" data-height=\"10\" data-height-mobile=\"10\" data-height-tab=\"10\" data-height-tab-portrait=\"\" data-height-mobile-landscape=\"\" style=\"clear:both;display:block;\"><\/div>[vc_column_text]<\/p>\n<h1>Tareas telem\u00e1ticas<\/h1>\n<p>[\/vc_column_text][\/vc_column][\/vc_row][vc_row equal_height=\u00bbyes\u00bb][vc_column width=\u00bb1\/2&#8243;]<div class=\"ult-spacer spacer-69e9435079f63\" data-id=\"69e9435079f63\" data-height=\"10\" data-height-mobile=\"10\" data-height-tab=\"10\" data-height-tab-portrait=\"\" data-height-mobile-landscape=\"\" style=\"clear:both;display:block;\"><\/div>[vc_column_text]<a href=\"https:\/\/jv-technoton.com\/es\/tareas\/control-de-consumo-de-combustible\/\"><img loading=\"lazy\" decoding=\"async\" class=\"aligncenter wp-image-39730 size-full\" src=\"https:\/\/jv-technoton.com\/wp-content\/uploads\/2022\/06\/control-de-consumo-de-combustible.webp\" alt=\"Control de consumo de combustible\" width=\"558\" height=\"279\" \/><\/a>[\/vc_column_text][vc_column_text css=\u00bb.vc_custom_1674813551264{margin-top: -15px !important;}\u00bb]<\/p>\n<h2 class=\"page-header-title wpex-clr\" style=\"text-align: center;\"><a href=\"https:\/\/jv-technoton.com\/es\/tareas\/control-de-consumo-de-combustible\/\"><span style=\"font-size: 18px;\">Control de consumo de combustible<\/span><\/a><\/h2>\n<p>[\/vc_column_text]<div class=\"ult-spacer spacer-69e9435079f8b\" data-id=\"69e9435079f8b\" data-height=\"11\" data-height-mobile=\"11\" data-height-tab=\"11\" data-height-tab-portrait=\"\" data-height-mobile-landscape=\"\" style=\"clear:both;display:block;\"><\/div>[\/vc_column][vc_column width=\u00bb1\/2&#8243;]<div class=\"ult-spacer spacer-69e9435079faf\" data-id=\"69e9435079faf\" data-height=\"10\" data-height-mobile=\"10\" data-height-tab=\"10\" data-height-tab-portrait=\"\" data-height-mobile-landscape=\"\" style=\"clear:both;display:block;\"><\/div>[vc_column_text]<a href=\"https:\/\/jv-technoton.com\/es\/control-de-la-carga-por-eje\/control-de-la-carga-por-eje\/\"><img loading=\"lazy\" decoding=\"async\" class=\"aligncenter wp-image-59633 size-full\" src=\"https:\/\/jv-technoton.com\/wp-content\/uploads\/2022\/06\/control-de-la-carga-por-eje.webp\" alt=\"Control de la carga por eje\" width=\"558\" height=\"279\" \/><\/a>[\/vc_column_text][vc_column_text css=\u00bb.vc_custom_1674813557598{margin-top: -15px !important;}\u00bb]<\/p>\n<h2 class=\"page-header-title wpex-clr\" style=\"text-align: center;\"><a href=\"https:\/\/jv-technoton.com\/es\/control-de-la-carga-por-eje\/control-de-la-carga-por-eje\/\"><span style=\"font-size: 18px;\">Control de la carga por eje<\/span><\/a><\/h2>\n<p>[\/vc_column_text]<div class=\"ult-spacer spacer-69e9435079fd0\" data-id=\"69e9435079fd0\" data-height=\"11\" data-height-mobile=\"11\" data-height-tab=\"11\" data-height-tab-portrait=\"\" data-height-mobile-landscape=\"\" style=\"clear:both;display:block;\"><\/div>[\/vc_column][\/vc_row][vc_row equal_height=\u00bbyes\u00bb][vc_column width=\u00bb1\/2&#8243;]<div class=\"ult-spacer spacer-69e9435079ff0\" data-id=\"69e9435079ff0\" data-height=\"10\" data-height-mobile=\"10\" data-height-tab=\"10\" data-height-tab-portrait=\"\" data-height-mobile-landscape=\"\" style=\"clear:both;display:block;\"><\/div>[vc_column_text]<a href=\"https:\/\/jv-technoton.com\/es\/control-del-combustible-en-el-tanque\/control-del-combustible-en-el-tanque\/\"><img loading=\"lazy\" decoding=\"async\" class=\"aligncenter wp-image-59644 size-full\" src=\"https:\/\/jv-technoton.com\/wp-content\/uploads\/2022\/06\/control-del-combustible-en-el-tanque.webp\" width=\"558\" height=\"279\" \/><\/a>[\/vc_column_text][vc_column_text css=\u00bb.vc_custom_1674813564133{margin-top: -15px !important;}\u00bb]<\/p>\n<h2 class=\"page-header-title wpex-clr\" style=\"text-align: center;\"><a href=\"https:\/\/jv-technoton.com\/es\/control-del-combustible-en-el-tanque\/control-del-combustible-en-el-tanque\/\"><span style=\"font-size: 18px;\">Control del combustible en el tanque<\/span><\/a><\/h2>\n<p>[\/vc_column_text]<div class=\"ult-spacer spacer-69e943507a026\" data-id=\"69e943507a026\" data-height=\"11\" data-height-mobile=\"11\" data-height-tab=\"11\" data-height-tab-portrait=\"\" data-height-mobile-landscape=\"\" style=\"clear:both;display:block;\"><\/div>[\/vc_column][vc_column width=\u00bb1\/2&#8243;]<div class=\"ult-spacer spacer-69e943507a04d\" data-id=\"69e943507a04d\" data-height=\"10\" data-height-mobile=\"10\" data-height-tab=\"10\" data-height-tab-portrait=\"\" data-height-mobile-landscape=\"\" style=\"clear:both;display:block;\"><\/div>[vc_column_text css=\u00bb\u00bb]<a href=\"\/es\/tareas\/mantenimiento-predictivo\/\"><img loading=\"lazy\" decoding=\"async\" class=\"size-full wp-image-116285 aligncenter\" title=\"Mantenimiento predictivo\" src=\"https:\/\/jv-technoton.com\/wp-content\/uploads\/2025\/04\/mantenimiento-predictivo-banner.webp\" alt=\"Mantenimiento predictivo\" width=\"558\" height=\"279\" \/><\/a>[\/vc_column_text][vc_column_text css=\u00bb.vc_custom_1744280045080{margin-top: -15px !important;}\u00bb]<\/p>\n<h2 class=\"page-header-title wpex-clr\" style=\"text-align: center;\"><a href=\"\/es\/tareas\/mantenimiento-predictivo\/\"><span style=\"font-size: 18px;\">Mantenimiento predictivo<\/span><\/a><\/h2>\n<p>[\/vc_column_text]<div class=\"ult-spacer spacer-69e943507a06b\" data-id=\"69e943507a06b\" data-height=\"11\" data-height-mobile=\"11\" data-height-tab=\"11\" data-height-tab-portrait=\"\" data-height-mobile-landscape=\"\" style=\"clear:both;display:block;\"><\/div>[\/vc_column][\/vc_row][vc_row equal_height=\u00bbyes\u00bb][vc_column width=\u00bb1\/2&#8243;]<div class=\"ult-spacer spacer-69e943507a087\" data-id=\"69e943507a087\" data-height=\"10\" data-height-mobile=\"10\" data-height-tab=\"10\" data-height-tab-portrait=\"\" data-height-mobile-landscape=\"\" style=\"clear:both;display:block;\"><\/div>[vc_column_text css=\u00bb\u00bb]<a href=\"\/es\/tareas\/monitoreo-del-tiempo-de-funcionamiento-y-rendimiento-del-motor\/\"><img loading=\"lazy\" decoding=\"async\" class=\"aligncenter wp-image-59644 size-full\" title=\"Monitoreo de las horas y el rendimiento del motor\" src=\"https:\/\/jv-technoton.com\/wp-content\/uploads\/2025\/04\/ESP-monitoreo-horas-rendimiento-motor.webp\" alt=\"Monitoreo de las horas y el rendimiento del motor\" width=\"558\" height=\"279\" \/><\/a>[\/vc_column_text][vc_column_text css=\u00bb.vc_custom_1744704136199{margin-top: -15px !important;}\u00bb]<\/p>\n<h2 class=\"page-header-title wpex-clr\" style=\"text-align: center;\"><a href=\"\/es\/tareas\/monitoreo-del-tiempo-de-funcionamiento-y-rendimiento-del-motor\/\"><span style=\"font-size: 18px;\">Monitoreo de las horas y el rendimiento del motor<\/span><\/a><\/h2>\n<p>[\/vc_column_text]<div class=\"ult-spacer spacer-69e943507a0a4\" data-id=\"69e943507a0a4\" data-height=\"11\" data-height-mobile=\"11\" data-height-tab=\"11\" data-height-tab-portrait=\"\" data-height-mobile-landscape=\"\" style=\"clear:both;display:block;\"><\/div>[\/vc_column][vc_column width=\u00bb1\/2&#8243;]<div class=\"ult-spacer spacer-69e943507a0c2\" data-id=\"69e943507a0c2\" data-height=\"10\" data-height-mobile=\"10\" data-height-tab=\"10\" data-height-tab-portrait=\"\" data-height-mobile-landscape=\"\" style=\"clear:both;display:block;\"><\/div>[vc_column_text css=\u00bb\u00bb]<a href=\"https:\/\/jv-technoton.com\/es\/tareas\/monitoreo-emisiones-co2\/\"><img loading=\"lazy\" decoding=\"async\" class=\"size-full wp-image-116285 aligncenter\" title=\"Monitoreo de emisiones de CO\u2082\" src=\"https:\/\/jv-technoton.com\/wp-content\/uploads\/2025\/02\/monitoreo-emisiones-co2-esp.webp\" alt=\"Monitoreo de emisiones de CO\u2082\" width=\"558\" height=\"279\" srcset=\"https:\/\/jv-technoton.com\/wp-content\/uploads\/2025\/02\/monitoreo-emisiones-co2-esp.webp 558w, https:\/\/jv-technoton.com\/wp-content\/uploads\/2025\/02\/monitoreo-emisiones-co2-esp-300x150.webp 300w\" sizes=\"auto, (max-width: 558px) 100vw, 558px\" \/><\/a>[\/vc_column_text][vc_column_text css=\u00bb.vc_custom_1740485510354{margin-top: -15px !important;}\u00bb]<\/p>\n<h2 class=\"page-header-title wpex-clr\" style=\"text-align: center;\"><a href=\"https:\/\/jv-technoton.com\/es\/tareas\/monitoreo-emisiones-co2\/\"><span style=\"font-size: 18px;\">Monitoreo de emisiones de CO\u2082<\/span><\/a><\/h2>\n<p>[\/vc_column_text]<div class=\"ult-spacer spacer-69e943507a0de\" data-id=\"69e943507a0de\" data-height=\"11\" data-height-mobile=\"11\" data-height-tab=\"11\" data-height-tab-portrait=\"\" data-height-mobile-landscape=\"\" style=\"clear:both;display:block;\"><\/div>[\/vc_column][\/vc_row][vc_row equal_height=\u00bbyes\u00bb][vc_column width=\u00bb1\/2&#8243;]<div class=\"ult-spacer spacer-69e943507a0f9\" data-id=\"69e943507a0f9\" data-height=\"10\" data-height-mobile=\"10\" data-height-tab=\"10\" data-height-tab-portrait=\"\" data-height-mobile-landscape=\"\" style=\"clear:both;display:block;\"><\/div>[vc_column_text css=\u00bb\u00bb]<a href=\"\/es\/tareas\/control-remoto-flota-equipos\/\"><img loading=\"lazy\" decoding=\"async\" class=\"aligncenter wp-image-59644 size-full\" title=\"Control remoto de la flota de equipos\" src=\"https:\/\/jv-technoton.com\/wp-content\/uploads\/2025\/07\/control-remoto-equipos-esp.webp\" alt=\"Control remoto de la flota de equipos\" width=\"558\" height=\"279\" \/><\/a>[\/vc_column_text][vc_column_text css=\u00bb.vc_custom_1751957398487{margin-top: -15px !important;}\u00bb]<\/p>\n<h2 class=\"page-header-title wpex-clr\" style=\"text-align: center;\"><a href=\"\/es\/tareas\/control-remoto-flota-equipos\/\"><span style=\"font-size: 18px;\">Control remoto de la flota de equipos<\/span><\/a><\/h2>\n<p>[\/vc_column_text]<div class=\"ult-spacer spacer-69e943507a114\" data-id=\"69e943507a114\" data-height=\"11\" data-height-mobile=\"11\" data-height-tab=\"11\" data-height-tab-portrait=\"\" data-height-mobile-landscape=\"\" style=\"clear:both;display:block;\"><\/div>[\/vc_column][vc_column width=\u00bb1\/2&#8243; offset=\u00bbvc_hidden-lg vc_hidden-md vc_hidden-sm vc_hidden-xs\u00bb]<div class=\"ult-spacer spacer-69e943507a136\" data-id=\"69e943507a136\" data-height=\"10\" data-height-mobile=\"10\" data-height-tab=\"10\" data-height-tab-portrait=\"\" data-height-mobile-landscape=\"\" style=\"clear:both;display:block;\"><\/div>[vc_column_text css=\u00bb\u00bb]<a href=\"https:\/\/jv-technoton.com\/es\/tareas\/monitoreo-emisiones-co2\/\"><img loading=\"lazy\" decoding=\"async\" class=\"size-full wp-image-116285 aligncenter\" title=\"Monitoreo de emisiones de CO\u2082\" src=\"https:\/\/jv-technoton.com\/wp-content\/uploads\/2025\/02\/monitoreo-emisiones-co2-esp.webp\" alt=\"Monitoreo de emisiones de CO\u2082\" width=\"558\" height=\"279\" srcset=\"https:\/\/jv-technoton.com\/wp-content\/uploads\/2025\/02\/monitoreo-emisiones-co2-esp.webp 558w, https:\/\/jv-technoton.com\/wp-content\/uploads\/2025\/02\/monitoreo-emisiones-co2-esp-300x150.webp 300w\" sizes=\"auto, (max-width: 558px) 100vw, 558px\" \/><\/a>[\/vc_column_text][vc_column_text css=\u00bb.vc_custom_1740485510354{margin-top: -15px !important;}\u00bb]<\/p>\n<h2 class=\"page-header-title wpex-clr\" style=\"text-align: center;\"><a href=\"https:\/\/jv-technoton.com\/es\/tareas\/monitoreo-emisiones-co2\/\"><span style=\"font-size: 18px;\">Monitoreo de emisiones de CO\u2082<\/span><\/a><\/h2>\n<p>[\/vc_column_text]<div class=\"ult-spacer spacer-69e943507a153\" data-id=\"69e943507a153\" data-height=\"11\" data-height-mobile=\"11\" data-height-tab=\"11\" data-height-tab-portrait=\"\" data-height-mobile-landscape=\"\" style=\"clear:both;display:block;\"><\/div>[\/vc_column][\/vc_row]<\/p>\n<\/div>","protected":false},"excerpt":{"rendered":"<p>[vc_row][vc_column][vc_column_text] Tareas telem\u00e1ticas [\/vc_column_text][\/vc_column][\/vc_row][vc_row equal_height=\u00bbyes\u00bb][vc_column width=\u00bb1\/2&#8243;][vc_column_text][\/vc_column_text][vc_column_text css=\u00bb.vc_custom_1674813551264{margin-top: -15px !important;}\u00bb] Control de consumo de combustible [\/vc_column_text][\/vc_column][vc_column width=\u00bb1\/2&#8243;][vc_column_text][\/vc_column_text][vc_column_text css=\u00bb.vc_custom_1674813557598{margin-top: -15px !important;}\u00bb] Control de la carga por eje [\/vc_column_text][\/vc_column][\/vc_row][vc_row equal_height=\u00bbyes\u00bb][vc_column width=\u00bb1\/2&#8243;][vc_column_text][\/vc_column_text][vc_column_text css=\u00bb.vc_custom_1674813564133{margin-top: -15px !important;}\u00bb] Control del combustible en el tanque [\/vc_column_text][\/vc_column][vc_column width=\u00bb1\/2&#8243;][vc_column_text css=\u00bb\u00bb][\/vc_column_text][vc_column_text css=\u00bb.vc_custom_1744280045080{margin-top: -15px !important;}\u00bb] Mantenimiento predictivo [\/vc_column_text][\/vc_column][\/vc_row][vc_row equal_height=\u00bbyes\u00bb][vc_column width=\u00bb1\/2&#8243;][vc_column_text css=\u00bb\u00bb][\/vc_column_text][vc_column_text css=\u00bb.vc_custom_1744704136199{margin-top: -15px !important;}\u00bb] Monitoreo de las&#8230;<\/p>\n","protected":false},"author":14,"featured_media":0,"parent":0,"menu_order":0,"comment_status":"closed","ping_status":"closed","template":"","meta":{"_kad_post_transparent":"","_kad_post_title":"","_kad_post_layout":"","_kad_post_sidebar_id":"","_kad_post_content_style":"","_kad_post_vertical_padding":"","_kad_post_feature":"","_kad_post_feature_position":"","_kad_post_header":false,"_kad_post_footer":false,"_kad_post_classname":"","footnotes":""},"class_list":["post-82869","page","type-page","status-publish","hentry"],"yoast_head":"<!-- This site is optimized with the Yoast SEO Premium plugin v18.1 (Yoast SEO v27.4) - https:\/\/yoast.com\/product\/yoast-seo-premium-wordpress\/ -->\n<title>Tareas telem\u00e1ticas | Technoton<\/title>\n<meta name=\"description\" content=\"Tareas de telem\u00e1tica y seguimiento de veh\u00edculos y maquinaria estacionaria - formas de resolver, productos utilizados, relevancia en industrias\" \/>\n<meta name=\"robots\" content=\"index, follow, max-snippet:-1, max-image-preview:large, max-video-preview:-1\" \/>\n<link rel=\"canonical\" href=\"https:\/\/jv-technoton.com\/es\/tareas\/\" \/>\n<meta property=\"og:locale\" content=\"es_ES\" \/>\n<meta property=\"og:type\" content=\"article\" \/>\n<meta property=\"og:title\" content=\"Tareas telem\u00e1ticas - Technoton\" \/>\n<meta property=\"og:description\" content=\"Tareas de telem\u00e1tica y seguimiento de veh\u00edculos y maquinaria estacionaria - formas de resolver, productos utilizados, relevancia en industrias\" \/>\n<meta property=\"og:url\" content=\"https:\/\/jv-technoton.com\/es\/tareas\/\" \/>\n<meta property=\"og:site_name\" content=\"Technoton\" \/>\n<meta property=\"article:modified_time\" content=\"2025-07-08T06:50:48+00:00\" \/>\n<meta property=\"og:image\" content=\"https:\/\/jv-technoton.com\/wp-content\/uploads\/2019\/11\/fuel_consumption_monitoring.jpg\" \/>\n\t<meta property=\"og:image:width\" content=\"600\" \/>\n\t<meta property=\"og:image:height\" content=\"300\" \/>\n\t<meta property=\"og:image:type\" content=\"image\/jpeg\" \/>\n<meta name=\"twitter:card\" content=\"summary_large_image\" \/>\n<meta name=\"twitter:title\" content=\"Tareas telem\u00e1ticas - Technoton\" \/>\n<meta name=\"twitter:description\" content=\"Tareas de telem\u00e1tica y seguimiento de veh\u00edculos y maquinaria estacionaria - formas de resolver, productos utilizados, relevancia en industrias\" \/>\n<meta name=\"twitter:label1\" content=\"Tiempo de lectura\" \/>\n\t<meta name=\"twitter:data1\" content=\"3 minutos\" \/>\n<script type=\"application\/ld+json\" class=\"yoast-schema-graph\">{\"@context\":\"https:\\\/\\\/schema.org\",\"@graph\":[{\"@type\":\"WebPage\",\"@id\":\"https:\\\/\\\/jv-technoton.com\\\/es\\\/tareas\\\/\",\"url\":\"https:\\\/\\\/jv-technoton.com\\\/es\\\/tareas\\\/\",\"name\":\"Tareas telem\u00e1ticas | Technoton\",\"isPartOf\":{\"@id\":\"https:\\\/\\\/jv-technoton.com\\\/#website\"},\"primaryImageOfPage\":{\"@id\":\"https:\\\/\\\/jv-technoton.com\\\/es\\\/tareas\\\/#primaryimage\"},\"image\":{\"@id\":\"https:\\\/\\\/jv-technoton.com\\\/es\\\/tareas\\\/#primaryimage\"},\"thumbnailUrl\":\"https:\\\/\\\/jv-technoton.com\\\/wp-content\\\/uploads\\\/2022\\\/06\\\/control-de-consumo-de-combustible.webp\",\"datePublished\":\"2022-06-10T11:44:35+00:00\",\"dateModified\":\"2025-07-08T06:50:48+00:00\",\"description\":\"Tareas de telem\u00e1tica y seguimiento de veh\u00edculos y maquinaria estacionaria - formas de resolver, productos utilizados, relevancia en industrias\",\"breadcrumb\":{\"@id\":\"https:\\\/\\\/jv-technoton.com\\\/es\\\/tareas\\\/#breadcrumb\"},\"inLanguage\":\"es\",\"potentialAction\":[{\"@type\":\"ReadAction\",\"target\":[\"https:\\\/\\\/jv-technoton.com\\\/es\\\/tareas\\\/\"]}]},{\"@type\":\"ImageObject\",\"inLanguage\":\"es\",\"@id\":\"https:\\\/\\\/jv-technoton.com\\\/es\\\/tareas\\\/#primaryimage\",\"url\":\"https:\\\/\\\/jv-technoton.com\\\/wp-content\\\/uploads\\\/2022\\\/06\\\/control-de-consumo-de-combustible.webp\",\"contentUrl\":\"https:\\\/\\\/jv-technoton.com\\\/wp-content\\\/uploads\\\/2022\\\/06\\\/control-de-consumo-de-combustible.webp\"},{\"@type\":\"BreadcrumbList\",\"@id\":\"https:\\\/\\\/jv-technoton.com\\\/es\\\/tareas\\\/#breadcrumb\",\"itemListElement\":[{\"@type\":\"ListItem\",\"position\":1,\"name\":\"Home\",\"item\":\"https:\\\/\\\/jv-technoton.com\\\/es\\\/\"},{\"@type\":\"ListItem\",\"position\":2,\"name\":\"Tareas telem\u00e1ticas\"}]},{\"@type\":\"WebSite\",\"@id\":\"https:\\\/\\\/jv-technoton.com\\\/#website\",\"url\":\"https:\\\/\\\/jv-technoton.com\\\/\",\"name\":\"Advanced machinery telematics and fuel monitoring\",\"description\":\"Telem\u00e1tica para maquinaria compleja | Technoton\",\"publisher\":{\"@id\":\"https:\\\/\\\/jv-technoton.com\\\/#organization\"},\"potentialAction\":[{\"@type\":\"SearchAction\",\"target\":{\"@type\":\"EntryPoint\",\"urlTemplate\":\"https:\\\/\\\/jv-technoton.com\\\/?s={search_term_string}\"},\"query-input\":{\"@type\":\"PropertyValueSpecification\",\"valueRequired\":true,\"valueName\":\"search_term_string\"}}],\"inLanguage\":\"es\"},{\"@type\":\"Organization\",\"@id\":\"https:\\\/\\\/jv-technoton.com\\\/#organization\",\"name\":\"Technoton\",\"url\":\"https:\\\/\\\/jv-technoton.com\\\/\",\"logo\":{\"@type\":\"ImageObject\",\"inLanguage\":\"es\",\"@id\":\"https:\\\/\\\/jv-technoton.com\\\/#\\\/schema\\\/logo\\\/image\\\/\",\"url\":\"https:\\\/\\\/jv-technoton.com\\\/wp-content\\\/uploads\\\/2022\\\/02\\\/technoton_logo_web.png\",\"contentUrl\":\"https:\\\/\\\/jv-technoton.com\\\/wp-content\\\/uploads\\\/2022\\\/02\\\/technoton_logo_web.png\",\"width\":800,\"height\":329,\"caption\":\"Technoton\"},\"image\":{\"@id\":\"https:\\\/\\\/jv-technoton.com\\\/#\\\/schema\\\/logo\\\/image\\\/\"},\"sameAs\":[\"https:\\\/\\\/www.linkedin.com\\\/company\\\/technoton\"]}]}<\/script>\n<!-- \/ Yoast SEO Premium plugin. -->","yoast_head_json":{"title":"Tareas telem\u00e1ticas | Technoton","description":"Tareas de telem\u00e1tica y seguimiento de veh\u00edculos y maquinaria estacionaria - formas de resolver, productos utilizados, relevancia en industrias","robots":{"index":"index","follow":"follow","max-snippet":"max-snippet:-1","max-image-preview":"max-image-preview:large","max-video-preview":"max-video-preview:-1"},"canonical":"https:\/\/jv-technoton.com\/es\/tareas\/","og_locale":"es_ES","og_type":"article","og_title":"Tareas telem\u00e1ticas - Technoton","og_description":"Tareas de telem\u00e1tica y seguimiento de veh\u00edculos y maquinaria estacionaria - formas de resolver, productos utilizados, relevancia en industrias","og_url":"https:\/\/jv-technoton.com\/es\/tareas\/","og_site_name":"Technoton","article_modified_time":"2025-07-08T06:50:48+00:00","og_image":[{"width":600,"height":300,"url":"https:\/\/jv-technoton.com\/wp-content\/uploads\/2019\/11\/fuel_consumption_monitoring.jpg","type":"image\/jpeg"}],"twitter_card":"summary_large_image","twitter_title":"Tareas telem\u00e1ticas - Technoton","twitter_description":"Tareas de telem\u00e1tica y seguimiento de veh\u00edculos y maquinaria estacionaria - formas de resolver, productos utilizados, relevancia en industrias","twitter_misc":{"Tiempo de lectura":"3 minutos"},"schema":{"@context":"https:\/\/schema.org","@graph":[{"@type":"WebPage","@id":"https:\/\/jv-technoton.com\/es\/tareas\/","url":"https:\/\/jv-technoton.com\/es\/tareas\/","name":"Tareas telem\u00e1ticas | Technoton","isPartOf":{"@id":"https:\/\/jv-technoton.com\/#website"},"primaryImageOfPage":{"@id":"https:\/\/jv-technoton.com\/es\/tareas\/#primaryimage"},"image":{"@id":"https:\/\/jv-technoton.com\/es\/tareas\/#primaryimage"},"thumbnailUrl":"https:\/\/jv-technoton.com\/wp-content\/uploads\/2022\/06\/control-de-consumo-de-combustible.webp","datePublished":"2022-06-10T11:44:35+00:00","dateModified":"2025-07-08T06:50:48+00:00","description":"Tareas de telem\u00e1tica y seguimiento de veh\u00edculos y maquinaria estacionaria - formas de resolver, productos utilizados, relevancia en industrias","breadcrumb":{"@id":"https:\/\/jv-technoton.com\/es\/tareas\/#breadcrumb"},"inLanguage":"es","potentialAction":[{"@type":"ReadAction","target":["https:\/\/jv-technoton.com\/es\/tareas\/"]}]},{"@type":"ImageObject","inLanguage":"es","@id":"https:\/\/jv-technoton.com\/es\/tareas\/#primaryimage","url":"https:\/\/jv-technoton.com\/wp-content\/uploads\/2022\/06\/control-de-consumo-de-combustible.webp","contentUrl":"https:\/\/jv-technoton.com\/wp-content\/uploads\/2022\/06\/control-de-consumo-de-combustible.webp"},{"@type":"BreadcrumbList","@id":"https:\/\/jv-technoton.com\/es\/tareas\/#breadcrumb","itemListElement":[{"@type":"ListItem","position":1,"name":"Home","item":"https:\/\/jv-technoton.com\/es\/"},{"@type":"ListItem","position":2,"name":"Tareas telem\u00e1ticas"}]},{"@type":"WebSite","@id":"https:\/\/jv-technoton.com\/#website","url":"https:\/\/jv-technoton.com\/","name":"Advanced machinery telematics and fuel monitoring","description":"Telem\u00e1tica para maquinaria compleja | Technoton","publisher":{"@id":"https:\/\/jv-technoton.com\/#organization"},"potentialAction":[{"@type":"SearchAction","target":{"@type":"EntryPoint","urlTemplate":"https:\/\/jv-technoton.com\/?s={search_term_string}"},"query-input":{"@type":"PropertyValueSpecification","valueRequired":true,"valueName":"search_term_string"}}],"inLanguage":"es"},{"@type":"Organization","@id":"https:\/\/jv-technoton.com\/#organization","name":"Technoton","url":"https:\/\/jv-technoton.com\/","logo":{"@type":"ImageObject","inLanguage":"es","@id":"https:\/\/jv-technoton.com\/#\/schema\/logo\/image\/","url":"https:\/\/jv-technoton.com\/wp-content\/uploads\/2022\/02\/technoton_logo_web.png","contentUrl":"https:\/\/jv-technoton.com\/wp-content\/uploads\/2022\/02\/technoton_logo_web.png","width":800,"height":329,"caption":"Technoton"},"image":{"@id":"https:\/\/jv-technoton.com\/#\/schema\/logo\/image\/"},"sameAs":["https:\/\/www.linkedin.com\/company\/technoton"]}]}},"rttpg_featured_image_url":null,"rttpg_author":{"display_name":"Ruslan_Lednik","author_link":"https:\/\/jv-technoton.com\/es\/author\/ruslan_lednik\/"},"rttpg_comment":0,"rttpg_category":false,"rttpg_excerpt":"[vc_row][vc_column][vc_column_text] Tareas telem\u00e1ticas [\/vc_column_text][\/vc_column][\/vc_row][vc_row equal_height=\u00bbyes\u00bb][vc_column width=\u00bb1\/2&#8243;][vc_column_text][\/vc_column_text][vc_column_text css=\u00bb.vc_custom_1674813551264{margin-top: -15px !important;}\u00bb] Control de consumo de combustible [\/vc_column_text][\/vc_column][vc_column width=\u00bb1\/2&#8243;][vc_column_text][\/vc_column_text][vc_column_text css=\u00bb.vc_custom_1674813557598{margin-top: -15px !important;}\u00bb] Control de la carga por eje [\/vc_column_text][\/vc_column][\/vc_row][vc_row equal_height=\u00bbyes\u00bb][vc_column width=\u00bb1\/2&#8243;][vc_column_text][\/vc_column_text][vc_column_text css=\u00bb.vc_custom_1674813564133{margin-top: -15px !important;}\u00bb] Control del combustible en el tanque [\/vc_column_text][\/vc_column][vc_column width=\u00bb1\/2&#8243;][vc_column_text css=\u00bb\u00bb][\/vc_column_text][vc_column_text css=\u00bb.vc_custom_1744280045080{margin-top: -15px !important;}\u00bb] Mantenimiento predictivo [\/vc_column_text][\/vc_column][\/vc_row][vc_row equal_height=\u00bbyes\u00bb][vc_column width=\u00bb1\/2&#8243;][vc_column_text css=\u00bb\u00bb][\/vc_column_text][vc_column_text css=\u00bb.vc_custom_1744704136199{margin-top: -15px !important;}\u00bb] Monitoreo de las...","_links":{"self":[{"href":"https:\/\/jv-technoton.com\/es\/wp-json\/wp\/v2\/pages\/82869","targetHints":{"allow":["GET"]}}],"collection":[{"href":"https:\/\/jv-technoton.com\/es\/wp-json\/wp\/v2\/pages"}],"about":[{"href":"https:\/\/jv-technoton.com\/es\/wp-json\/wp\/v2\/types\/page"}],"author":[{"embeddable":true,"href":"https:\/\/jv-technoton.com\/es\/wp-json\/wp\/v2\/users\/14"}],"replies":[{"embeddable":true,"href":"https:\/\/jv-technoton.com\/es\/wp-json\/wp\/v2\/comments?post=82869"}],"version-history":[{"count":0,"href":"https:\/\/jv-technoton.com\/es\/wp-json\/wp\/v2\/pages\/82869\/revisions"}],"wp:attachment":[{"href":"https:\/\/jv-technoton.com\/es\/wp-json\/wp\/v2\/media?parent=82869"}],"curies":[{"name":"wp","href":"https:\/\/api.w.org\/{rel}","templated":true}]}}