{"id":94017,"date":"2023-06-20T09:13:05","date_gmt":"2023-06-20T06:13:05","guid":{"rendered":"https:\/\/jv-technoton.com\/?page_id=94017"},"modified":"2023-06-20T11:03:01","modified_gmt":"2023-06-20T08:03:01","slug":"solicitud","status":"publish","type":"page","link":"https:\/\/jv-technoton.com\/es\/productos\/unidad-de-automatizacion-del-suministro-de-combustible\/solicitud\/","title":{"rendered":"Solicitud sobre unidad de automatizaci\u00f3n del suministro de combustible DUT-E SAU"},"content":{"rendered":"<div class=\"wpb-content-wrapper\"><p>[vc_row][vc_column]<div class=\"ult-spacer spacer-69d7bdafbc079\" data-id=\"69d7bdafbc079\" data-height=\"40\" data-height-mobile=\"\" data-height-tab=\"20\" data-height-tab-portrait=\"\" data-height-mobile-landscape=\"\" style=\"clear:both;display:block;\"><\/div>[vc_column_text]<\/p>\n<h1>Solicitud sobre unidad de automatizaci\u00f3n del suministro de combustible DUT-E SAU<\/h1>\n<p>[\/vc_column_text][\/vc_column][\/vc_row][vc_row][vc_column][vc_column_text]<\/p>\n<p>P\u00f3ngase en contacto con nosotros y los especialistas de Technoton le enviar\u00e1n una oferta de precio para <a href=\"\/es\/productos\/unidad-de-automatizacion-del-suministro-de-combustible\/\">unidad de automatizaci\u00f3n del suministro de combustible DUT-E SAU<\/a> para soluci\u00f3n necesaria.<\/p>\n<p style=\"text-align: center;\">\n<div class=\"wpcf7 no-js\" id=\"wpcf7-f94005-o1\" lang=\"en-US\" dir=\"ltr\" data-wpcf7-id=\"94005\">\n<div class=\"screen-reader-response\"><p role=\"status\" aria-live=\"polite\" aria-atomic=\"true\"><\/p> <ul><\/ul><\/div>\n<form action=\"\/es\/wp-json\/wp\/v2\/pages\/94017#wpcf7-f94005-o1\" method=\"post\" class=\"wpcf7-form init\" aria-label=\"Contact form\" novalidate=\"novalidate\" data-status=\"init\">\n<fieldset class=\"hidden-fields-container\"><input type=\"hidden\" name=\"_wpcf7\" value=\"94005\" \/><input type=\"hidden\" name=\"_wpcf7_version\" value=\"6.1.5\" \/><input type=\"hidden\" name=\"_wpcf7_locale\" value=\"en_US\" \/><input type=\"hidden\" name=\"_wpcf7_unit_tag\" value=\"wpcf7-f94005-o1\" \/><input type=\"hidden\" name=\"_wpcf7_container_post\" value=\"0\" \/><input type=\"hidden\" name=\"_wpcf7_posted_data_hash\" value=\"\" \/>\n<\/fieldset>\n<p><label>Su nombre <span style=\"color: red;\">*<\/span><br \/>\n<span class=\"wpcf7-form-control-wrap\" data-name=\"your-name\"><input size=\"40\" maxlength=\"400\" class=\"wpcf7-form-control wpcf7-text wpcf7-validates-as-required\" aria-required=\"true\" aria-invalid=\"false\" value=\"\" type=\"text\" name=\"your-name\" \/><\/span><\/label><br \/>\n<label>Nombre de compa\u00f1\u00eda <span style=\"color: red;\">*<\/span><br \/>\n<span class=\"wpcf7-form-control-wrap\" data-name=\"text-912\"><input size=\"40\" maxlength=\"400\" class=\"wpcf7-form-control wpcf7-text wpcf7-validates-as-required\" aria-required=\"true\" aria-invalid=\"false\" value=\"\" type=\"text\" name=\"text-912\" \/><\/span><\/label><br \/>\n<label>Su e-mail <span style=\"color: red;\">*<\/span><br \/>\n<span class=\"wpcf7-form-control-wrap\" data-name=\"your-email\"><input size=\"40\" maxlength=\"400\" class=\"wpcf7-form-control wpcf7-email wpcf7-validates-as-required wpcf7-text wpcf7-validates-as-email\" aria-required=\"true\" aria-invalid=\"false\" value=\"\" type=\"email\" name=\"your-email\" \/><\/span><\/label><br \/>\n<label>Su tel\u00e9fono <span style=\"color: red;\">*<\/span><br \/>\n<span class=\"wpcf7-form-control-wrap\" data-name=\"tel-529\"><input size=\"40\" maxlength=\"400\" class=\"wpcf7-form-control wpcf7-tel wpcf7-validates-as-required wpcf7-text wpcf7-validates-as-tel\" aria-required=\"true\" aria-invalid=\"false\" value=\"\" type=\"tel\" name=\"tel-529\" \/><\/span><\/label><br \/>\n<label>Pais <span style=\"color: red;\">*<\/span><br \/>\n<span class=\"wpcf7-form-control-wrap\" data-name=\"text-405\"><input size=\"40\" maxlength=\"400\" class=\"wpcf7-form-control wpcf7-text wpcf7-validates-as-required\" aria-required=\"true\" aria-invalid=\"false\" value=\"\" type=\"text\" name=\"text-405\" \/><\/span><\/label>\n<\/p>\n<p><label>Tipo de equipo sobre el que se instalar\u00e1 DUT-E SAU <span style=\"color: red;\">*<\/span><br \/>\n<span class=\"wpcf7-form-control-wrap\" data-name=\"text-917\"><input size=\"40\" maxlength=\"400\" class=\"wpcf7-form-control wpcf7-text wpcf7-validates-as-required\" aria-required=\"true\" aria-invalid=\"false\" value=\"\" type=\"text\" name=\"text-917\" \/><\/span><\/label>\n<\/p>\n<p>\u00bfUtiliza actualmente un sensor de nivel <a target=\"_blank\" href=\"https:\/\/jv-technoton.com\/es\/productos\/dut-e\/\">DUT-E CAN<\/a>? <span style=\"color: red;\">*<\/span><br \/>\n<span class=\"wpcf7-form-control-wrap\" data-name=\"checkbox-277\"><span class=\"wpcf7-form-control wpcf7-checkbox wpcf7-validates-as-required\"><span class=\"wpcf7-list-item first\"><label><input type=\"checkbox\" name=\"checkbox-277[]\" value=\"s\u00ed\" \/><span class=\"wpcf7-list-item-label\">s\u00ed<\/span><\/label><\/span><span class=\"wpcf7-list-item last\"><label><input type=\"checkbox\" name=\"checkbox-277[]\" value=\"no\" \/><span class=\"wpcf7-list-item-label\">no<\/span><\/label><\/span><\/span><\/span>\n<\/p>\n<p><label>Mensaje<br \/>\n<span class=\"wpcf7-form-control-wrap\" data-name=\"textarea-74\"><textarea cols=\"40\" rows=\"10\" maxlength=\"2000\" class=\"wpcf7-form-control wpcf7-textarea\" aria-invalid=\"false\" name=\"textarea-74\"><\/textarea><\/span><\/label>\n<\/p>\n<p><label><span class=\"wpcf7-form-control-wrap\" data-name=\"acceptance-874\"><span class=\"wpcf7-form-control wpcf7-acceptance\"><span class=\"wpcf7-list-item\"><input type=\"checkbox\" name=\"acceptance-874\" value=\"1\" aria-invalid=\"false\" \/><\/span><\/span><\/span> Estoy familiarizado con <a target=\"_blank\" href=\"https:\/\/jv-technoton.com\/personal-data-privacy-policy\/\"> la pol\u00edtica de privasidad <\/a> y doy consentimiento para procesar y utilizar mis datos personales.<\/label>\n<\/p>\n<p><label><span style=\"color: red;\">*<\/span> - rellene los campos indicados, por favor.<\/label>\n<\/p>\n<p><input class=\"wpcf7-form-control wpcf7-submit has-spinner\" type=\"submit\" value=\"Enviar\" \/>\n<\/p><p style=\"display: none !important;\" class=\"akismet-fields-container\" data-prefix=\"_wpcf7_ak_\"><label>&#916;<textarea name=\"_wpcf7_ak_hp_textarea\" cols=\"45\" rows=\"8\" maxlength=\"100\"><\/textarea><\/label><input type=\"hidden\" id=\"ak_js_1\" name=\"_wpcf7_ak_js\" value=\"161\"\/><script>document.getElementById( \"ak_js_1\" ).setAttribute( \"value\", ( new Date() ).getTime() );<\/script><\/p><div class=\"wpcf7-response-output\" aria-hidden=\"true\"><\/div>\n<\/form>\n<\/div>\n<p>[\/vc_column_text][\/vc_column][\/vc_row]<\/p>\n<\/div>","protected":false},"excerpt":{"rendered":"<p>[vc_row][vc_column][vc_column_text] Solicitud sobre unidad de automatizaci\u00f3n del suministro de combustible DUT-E SAU [\/vc_column_text][\/vc_column][\/vc_row][vc_row][vc_column][vc_column_text] P\u00f3ngase en contacto con nosotros y los especialistas de Technoton le enviar\u00e1n una oferta de precio para unidad de automatizaci\u00f3n del suministro de combustible DUT-E SAU para soluci\u00f3n necesaria. [\/vc_column_text][\/vc_column][\/vc_row]<\/p>\n","protected":false},"author":14,"featured_media":0,"parent":91658,"menu_order":0,"comment_status":"closed","ping_status":"closed","template":"","meta":{"footnotes":""},"class_list":["post-94017","page","type-page","status-publish","hentry"],"yoast_head":"<!-- This site is optimized with the Yoast SEO plugin v27.3 - https:\/\/yoast.com\/product\/yoast-seo-wordpress\/ -->\n<title>Solicitud sobre unidad de automatizaci\u00f3n del suministro de combustible DUT-E SAU | Technoton<\/title>\n<meta name=\"description\" content=\"Escr\u00edbanos para conocer el precio de la automatizaci\u00f3n del suministro de combustible DUT-E SAU.\" \/>\n<meta name=\"robots\" content=\"index, follow, max-snippet:-1, max-image-preview:large, max-video-preview:-1\" \/>\n<link rel=\"canonical\" href=\"https:\/\/jv-technoton.com\/es\/productos\/unidad-de-automatizacion-del-suministro-de-combustible\/solicitud\/\" \/>\n<meta property=\"og:locale\" content=\"es_ES\" \/>\n<meta property=\"og:type\" content=\"article\" \/>\n<meta property=\"og:title\" content=\"Solicitud sobre unidad de automatizaci\u00f3n del suministro de combustible DUT-E SAU | Technoton\" \/>\n<meta property=\"og:description\" content=\"Escr\u00edbanos para conocer el precio de la automatizaci\u00f3n del suministro de combustible DUT-E SAU.\" \/>\n<meta property=\"og:url\" content=\"https:\/\/jv-technoton.com\/es\/productos\/unidad-de-automatizacion-del-suministro-de-combustible\/solicitud\/\" \/>\n<meta property=\"og:site_name\" content=\"Technoton\" \/>\n<meta property=\"article:modified_time\" content=\"2023-06-20T08:03:01+00:00\" \/>\n<meta name=\"twitter:card\" content=\"summary_large_image\" \/>\n<meta name=\"twitter:label1\" content=\"Tiempo de lectura\" \/>\n\t<meta name=\"twitter:data1\" content=\"1 minuto\" \/>\n<script type=\"application\/ld+json\" class=\"yoast-schema-graph\">{\"@context\":\"https:\\\/\\\/schema.org\",\"@graph\":[{\"@type\":\"WebPage\",\"@id\":\"https:\\\/\\\/jv-technoton.com\\\/es\\\/productos\\\/unidad-de-automatizacion-del-suministro-de-combustible\\\/solicitud\\\/\",\"url\":\"https:\\\/\\\/jv-technoton.com\\\/es\\\/productos\\\/unidad-de-automatizacion-del-suministro-de-combustible\\\/solicitud\\\/\",\"name\":\"Solicitud sobre unidad de automatizaci\u00f3n del suministro de combustible DUT-E SAU | Technoton\",\"isPartOf\":{\"@id\":\"https:\\\/\\\/jv-technoton.com\\\/#website\"},\"datePublished\":\"2023-06-20T06:13:05+00:00\",\"dateModified\":\"2023-06-20T08:03:01+00:00\",\"description\":\"Escr\u00edbanos para conocer el precio de la automatizaci\u00f3n del suministro de combustible DUT-E SAU.\",\"breadcrumb\":{\"@id\":\"https:\\\/\\\/jv-technoton.com\\\/es\\\/productos\\\/unidad-de-automatizacion-del-suministro-de-combustible\\\/solicitud\\\/#breadcrumb\"},\"inLanguage\":\"es\",\"potentialAction\":[{\"@type\":\"ReadAction\",\"target\":[\"https:\\\/\\\/jv-technoton.com\\\/es\\\/productos\\\/unidad-de-automatizacion-del-suministro-de-combustible\\\/solicitud\\\/\"]}]},{\"@type\":\"BreadcrumbList\",\"@id\":\"https:\\\/\\\/jv-technoton.com\\\/es\\\/productos\\\/unidad-de-automatizacion-del-suministro-de-combustible\\\/solicitud\\\/#breadcrumb\",\"itemListElement\":[{\"@type\":\"ListItem\",\"position\":1,\"name\":\"Home\",\"item\":\"https:\\\/\\\/jv-technoton.com\\\/es\\\/\"},{\"@type\":\"ListItem\",\"position\":2,\"name\":\"Productos Technoton\",\"item\":\"https:\\\/\\\/jv-technoton.com\\\/es\\\/productos\\\/\"},{\"@type\":\"ListItem\",\"position\":3,\"name\":\"Unidad de automatizaci\u00f3n del suministro de combustible\",\"item\":\"https:\\\/\\\/jv-technoton.com\\\/es\\\/productos\\\/unidad-de-automatizacion-del-suministro-de-combustible\\\/\"},{\"@type\":\"ListItem\",\"position\":4,\"name\":\"Solicitud sobre unidad de automatizaci\u00f3n del suministro de combustible DUT-E SAU\"}]},{\"@type\":\"WebSite\",\"@id\":\"https:\\\/\\\/jv-technoton.com\\\/#website\",\"url\":\"https:\\\/\\\/jv-technoton.com\\\/\",\"name\":\"Advanced machinery telematics and fuel monitoring\",\"description\":\"Telem\u00e1tica para maquinaria compleja | Technoton\",\"publisher\":{\"@id\":\"https:\\\/\\\/jv-technoton.com\\\/#organization\"},\"potentialAction\":[{\"@type\":\"SearchAction\",\"target\":{\"@type\":\"EntryPoint\",\"urlTemplate\":\"https:\\\/\\\/jv-technoton.com\\\/?s={search_term_string}\"},\"query-input\":{\"@type\":\"PropertyValueSpecification\",\"valueRequired\":true,\"valueName\":\"search_term_string\"}}],\"inLanguage\":\"es\"},{\"@type\":\"Organization\",\"@id\":\"https:\\\/\\\/jv-technoton.com\\\/#organization\",\"name\":\"Technoton\",\"url\":\"https:\\\/\\\/jv-technoton.com\\\/\",\"logo\":{\"@type\":\"ImageObject\",\"inLanguage\":\"es\",\"@id\":\"https:\\\/\\\/jv-technoton.com\\\/#\\\/schema\\\/logo\\\/image\\\/\",\"url\":\"https:\\\/\\\/jv-technoton.com\\\/wp-content\\\/uploads\\\/2022\\\/02\\\/technoton_logo_web.png\",\"contentUrl\":\"https:\\\/\\\/jv-technoton.com\\\/wp-content\\\/uploads\\\/2022\\\/02\\\/technoton_logo_web.png\",\"width\":800,\"height\":329,\"caption\":\"Technoton\"},\"image\":{\"@id\":\"https:\\\/\\\/jv-technoton.com\\\/#\\\/schema\\\/logo\\\/image\\\/\"},\"sameAs\":[\"https:\\\/\\\/www.linkedin.com\\\/company\\\/technoton\"]}]}<\/script>\n<!-- \/ Yoast SEO plugin. -->","yoast_head_json":{"title":"Solicitud sobre unidad de automatizaci\u00f3n del suministro de combustible DUT-E SAU | Technoton","description":"Escr\u00edbanos para conocer el precio de la automatizaci\u00f3n del suministro de combustible DUT-E SAU.","robots":{"index":"index","follow":"follow","max-snippet":"max-snippet:-1","max-image-preview":"max-image-preview:large","max-video-preview":"max-video-preview:-1"},"canonical":"https:\/\/jv-technoton.com\/es\/productos\/unidad-de-automatizacion-del-suministro-de-combustible\/solicitud\/","og_locale":"es_ES","og_type":"article","og_title":"Solicitud sobre unidad de automatizaci\u00f3n del suministro de combustible DUT-E SAU | Technoton","og_description":"Escr\u00edbanos para conocer el precio de la automatizaci\u00f3n del suministro de combustible DUT-E SAU.","og_url":"https:\/\/jv-technoton.com\/es\/productos\/unidad-de-automatizacion-del-suministro-de-combustible\/solicitud\/","og_site_name":"Technoton","article_modified_time":"2023-06-20T08:03:01+00:00","twitter_card":"summary_large_image","twitter_misc":{"Tiempo de lectura":"1 minuto"},"schema":{"@context":"https:\/\/schema.org","@graph":[{"@type":"WebPage","@id":"https:\/\/jv-technoton.com\/es\/productos\/unidad-de-automatizacion-del-suministro-de-combustible\/solicitud\/","url":"https:\/\/jv-technoton.com\/es\/productos\/unidad-de-automatizacion-del-suministro-de-combustible\/solicitud\/","name":"Solicitud sobre unidad de automatizaci\u00f3n del suministro de combustible DUT-E SAU | Technoton","isPartOf":{"@id":"https:\/\/jv-technoton.com\/#website"},"datePublished":"2023-06-20T06:13:05+00:00","dateModified":"2023-06-20T08:03:01+00:00","description":"Escr\u00edbanos para conocer el precio de la automatizaci\u00f3n del suministro de combustible DUT-E SAU.","breadcrumb":{"@id":"https:\/\/jv-technoton.com\/es\/productos\/unidad-de-automatizacion-del-suministro-de-combustible\/solicitud\/#breadcrumb"},"inLanguage":"es","potentialAction":[{"@type":"ReadAction","target":["https:\/\/jv-technoton.com\/es\/productos\/unidad-de-automatizacion-del-suministro-de-combustible\/solicitud\/"]}]},{"@type":"BreadcrumbList","@id":"https:\/\/jv-technoton.com\/es\/productos\/unidad-de-automatizacion-del-suministro-de-combustible\/solicitud\/#breadcrumb","itemListElement":[{"@type":"ListItem","position":1,"name":"Home","item":"https:\/\/jv-technoton.com\/es\/"},{"@type":"ListItem","position":2,"name":"Productos Technoton","item":"https:\/\/jv-technoton.com\/es\/productos\/"},{"@type":"ListItem","position":3,"name":"Unidad de automatizaci\u00f3n del suministro de combustible","item":"https:\/\/jv-technoton.com\/es\/productos\/unidad-de-automatizacion-del-suministro-de-combustible\/"},{"@type":"ListItem","position":4,"name":"Solicitud sobre unidad de automatizaci\u00f3n del suministro de combustible DUT-E SAU"}]},{"@type":"WebSite","@id":"https:\/\/jv-technoton.com\/#website","url":"https:\/\/jv-technoton.com\/","name":"Advanced machinery telematics and fuel monitoring","description":"Telem\u00e1tica para maquinaria compleja | Technoton","publisher":{"@id":"https:\/\/jv-technoton.com\/#organization"},"potentialAction":[{"@type":"SearchAction","target":{"@type":"EntryPoint","urlTemplate":"https:\/\/jv-technoton.com\/?s={search_term_string}"},"query-input":{"@type":"PropertyValueSpecification","valueRequired":true,"valueName":"search_term_string"}}],"inLanguage":"es"},{"@type":"Organization","@id":"https:\/\/jv-technoton.com\/#organization","name":"Technoton","url":"https:\/\/jv-technoton.com\/","logo":{"@type":"ImageObject","inLanguage":"es","@id":"https:\/\/jv-technoton.com\/#\/schema\/logo\/image\/","url":"https:\/\/jv-technoton.com\/wp-content\/uploads\/2022\/02\/technoton_logo_web.png","contentUrl":"https:\/\/jv-technoton.com\/wp-content\/uploads\/2022\/02\/technoton_logo_web.png","width":800,"height":329,"caption":"Technoton"},"image":{"@id":"https:\/\/jv-technoton.com\/#\/schema\/logo\/image\/"},"sameAs":["https:\/\/www.linkedin.com\/company\/technoton"]}]}},"rttpg_featured_image_url":null,"rttpg_author":{"display_name":"Ruslan_Lednik","author_link":"https:\/\/jv-technoton.com\/es\/author\/ruslan_lednik\/"},"rttpg_comment":0,"rttpg_category":false,"rttpg_excerpt":"[vc_row][vc_column][vc_column_text] Solicitud sobre unidad de automatizaci\u00f3n del suministro de combustible DUT-E SAU [\/vc_column_text][\/vc_column][\/vc_row][vc_row][vc_column][vc_column_text] P\u00f3ngase en contacto con nosotros y los especialistas de Technoton le enviar\u00e1n una oferta de precio para unidad de automatizaci\u00f3n del suministro de combustible DUT-E SAU para soluci\u00f3n necesaria. [\/vc_column_text][\/vc_column][\/vc_row]","_links":{"self":[{"href":"https:\/\/jv-technoton.com\/es\/wp-json\/wp\/v2\/pages\/94017","targetHints":{"allow":["GET"]}}],"collection":[{"href":"https:\/\/jv-technoton.com\/es\/wp-json\/wp\/v2\/pages"}],"about":[{"href":"https:\/\/jv-technoton.com\/es\/wp-json\/wp\/v2\/types\/page"}],"author":[{"embeddable":true,"href":"https:\/\/jv-technoton.com\/es\/wp-json\/wp\/v2\/users\/14"}],"replies":[{"embeddable":true,"href":"https:\/\/jv-technoton.com\/es\/wp-json\/wp\/v2\/comments?post=94017"}],"version-history":[{"count":0,"href":"https:\/\/jv-technoton.com\/es\/wp-json\/wp\/v2\/pages\/94017\/revisions"}],"up":[{"embeddable":true,"href":"https:\/\/jv-technoton.com\/es\/wp-json\/wp\/v2\/pages\/91658"}],"wp:attachment":[{"href":"https:\/\/jv-technoton.com\/es\/wp-json\/wp\/v2\/media?parent=94017"}],"curies":[{"name":"wp","href":"https:\/\/api.w.org\/{rel}","templated":true}]}}