{"id":98965,"date":"2023-12-14T13:33:09","date_gmt":"2023-12-14T10:33:09","guid":{"rendered":"https:\/\/jv-technoton.com\/?page_id=98965"},"modified":"2023-12-14T13:33:09","modified_gmt":"2023-12-14T10:33:09","slug":"conseguir-una-oferta-monitoreo-de-recipientes-fijos","status":"publish","type":"page","link":"https:\/\/jv-technoton.com\/es\/soluciones\/monitoreo-de-recipientes-fijos\/conseguir-una-oferta-monitoreo-de-recipientes-fijos\/","title":{"rendered":"Solicite una oferta de precio para una soluci\u00f3n de monitoreo remoto de tanques estacionarios"},"content":{"rendered":"<div class=\"wpb-content-wrapper\"><p>[vc_row][vc_column][vc_column_text]<\/p>\n<h1>Solicitud de soluci\u00f3n de monitoreo de recipientes fijos<\/h1>\n<p>[\/vc_column_text][vc_raw_html]UG9yJTIwZmF2b3IlMkMlMjByZWxsZW5lJTIwZWwlMjBzaWd1aWVudGUlMjBmb3JtdWxhcmlvJTJDJTIwcGFyYSUyMHF1ZSUyMG51ZXN0cm9zJTIwZXF1aXBvcyUyMHQlQzMlQTljbmljb3MlMjB5JTIwY29tZXJjaWFsZXMlMjBwdWVkYW4lMjBwcmVwYXJhciUyMHVuYSUyMHNvbHVjaSVDMyVCM24lMjB0ZWxlbSVDMyVBMXRpY2ElMjBpbmRpdmlkdWFsJTIwcGFyYSUyMGVsJTIwJTNDYSUyMGhyZWYlM0QlMjIlMkZlcyUyRnNvbHVjaW9uZXMlMkZtb25pdG9yZW8tZGUtcmVjaXBpZW50ZXMtZmlqb3MlMkYlMjIlM0Vtb25pdG9yZW8lMjBkZSUyMHJlY2lwaWVudGVzJTIwZmlqb3MlM0MlMkZhJTNFJTIwcXVlJTIwc2UlMjBhanVzdGUlMjBhJTIwc3VzJTIwbmVjZXNpZGFkZXMu[\/vc_raw_html][\/vc_column][\/vc_row][vc_row][vc_column width=\u00bb1\/4&#8243;][\/vc_column][vc_column width=\u00bb1\/2&#8243;][vc_column_text]\n<div class=\"wpcf7 no-js\" id=\"wpcf7-f99044-o1\" lang=\"en-US\" dir=\"ltr\" data-wpcf7-id=\"99044\">\n<div class=\"screen-reader-response\"><p role=\"status\" aria-live=\"polite\" aria-atomic=\"true\"><\/p> <ul><\/ul><\/div>\n<form action=\"\/es\/wp-json\/wp\/v2\/pages\/98965#wpcf7-f99044-o1\" method=\"post\" class=\"wpcf7-form init\" aria-label=\"Contact form\" novalidate=\"novalidate\" data-status=\"init\">\n<fieldset class=\"hidden-fields-container\"><input type=\"hidden\" name=\"_wpcf7\" value=\"99044\" \/><input type=\"hidden\" name=\"_wpcf7_version\" value=\"6.1.5\" \/><input type=\"hidden\" name=\"_wpcf7_locale\" value=\"en_US\" \/><input type=\"hidden\" name=\"_wpcf7_unit_tag\" value=\"wpcf7-f99044-o1\" \/><input type=\"hidden\" name=\"_wpcf7_container_post\" value=\"0\" \/><input type=\"hidden\" name=\"_wpcf7_posted_data_hash\" value=\"\" \/>\n<\/fieldset>\n<p><label>Tu nombre *<br \/>\n<span class=\"wpcf7-form-control-wrap\" data-name=\"your-name\"><input size=\"40\" maxlength=\"400\" class=\"wpcf7-form-control wpcf7-text wpcf7-validates-as-required\" aria-required=\"true\" aria-invalid=\"false\" value=\"\" type=\"text\" name=\"your-name\" \/><\/span> <\/label>\n<\/p>\n<p><label>Empresa *<br \/>\n<span class=\"wpcf7-form-control-wrap\" data-name=\"text-419\"><input size=\"40\" maxlength=\"400\" class=\"wpcf7-form-control wpcf7-text wpcf7-validates-as-required\" aria-required=\"true\" aria-invalid=\"false\" value=\"\" type=\"text\" name=\"text-419\" \/><\/span><\/label>\n<\/p>\n<p><label>Pa\u00eds *<br \/>\n<span class=\"wpcf7-form-control-wrap\" data-name=\"text-738\"><input size=\"40\" maxlength=\"400\" class=\"wpcf7-form-control wpcf7-text wpcf7-validates-as-required\" aria-required=\"true\" aria-invalid=\"false\" value=\"\" type=\"text\" name=\"text-738\" \/><\/span><\/label>\n<\/p>\n<p><label>E-mail *<br \/>\n<span class=\"wpcf7-form-control-wrap\" data-name=\"your-email\"><input size=\"40\" maxlength=\"400\" class=\"wpcf7-form-control wpcf7-email wpcf7-validates-as-required wpcf7-text wpcf7-validates-as-email\" aria-required=\"true\" aria-invalid=\"false\" value=\"\" type=\"email\" name=\"your-email\" \/><\/span> <\/label>\n<\/p>\n<p><label>N\u00famero de tel\u00e9fono *<br \/>\n<span class=\"wpcf7-form-control-wrap\" data-name=\"tel-529\"><input size=\"40\" maxlength=\"400\" class=\"wpcf7-form-control wpcf7-tel wpcf7-validates-as-required wpcf7-text wpcf7-validates-as-tel\" aria-required=\"true\" aria-invalid=\"false\" value=\"\" type=\"tel\" name=\"tel-529\" \/><\/span><\/label>\n<\/p>\n<p><label>P\u00e1gina Web de la compa\u00f1\u00eda<br \/>\n<span class=\"wpcf7-form-control-wrap\" data-name=\"text-81\"><input size=\"40\" maxlength=\"400\" class=\"wpcf7-form-control wpcf7-text\" aria-invalid=\"false\" value=\"\" type=\"text\" name=\"text-81\" \/><\/span> <\/label>\n<\/p>\n<p><label>Tipos de tanques (estacionarios\/ subterr\u00e1neos, gasolineras, etc.) *<br \/>\n<span class=\"wpcf7-form-control-wrap\" data-name=\"text-81\"><input size=\"40\" maxlength=\"400\" class=\"wpcf7-form-control wpcf7-text wpcf7-validates-as-required\" aria-required=\"true\" aria-invalid=\"false\" value=\"\" type=\"text\" name=\"text-81\" \/><\/span><\/label>\n<\/p>\n<p><label>Volumen m\u00e1ximo del tanque *<br \/>\n<span class=\"wpcf7-form-control-wrap\" data-name=\"text-84\"><input size=\"40\" maxlength=\"400\" class=\"wpcf7-form-control wpcf7-text wpcf7-validates-as-required\" aria-required=\"true\" aria-invalid=\"false\" value=\"\" type=\"text\" name=\"text-84\" \/><\/span><\/label>\n<\/p>\n<p><label>Altura m\u00e1xima del tanque *<br \/>\n<span class=\"wpcf7-form-control-wrap\" data-name=\"text-85\"><input size=\"40\" maxlength=\"400\" class=\"wpcf7-form-control wpcf7-text wpcf7-validates-as-required\" aria-required=\"true\" aria-invalid=\"false\" value=\"\" type=\"text\" name=\"text-85\" \/><\/span><\/label>\n<\/p>\n<p><label>Tipo de combustible *<br \/>\n<span class=\"wpcf7-form-control-wrap\" data-name=\"text-83\"><input size=\"40\" maxlength=\"400\" class=\"wpcf7-form-control wpcf7-text wpcf7-validates-as-required\" aria-required=\"true\" aria-invalid=\"false\" value=\"\" type=\"text\" name=\"text-83\" \/><\/span><\/label>\n<\/p>\n<div style=\"display:inline-block;\" class=\"checked_list\">\n\t<p>Tareas a resolver: * <span class=\"wpcf7-form-control-wrap\" data-name=\"checkbox-221\"><span class=\"wpcf7-form-control wpcf7-checkbox wpcf7-validates-as-required\"><span class=\"wpcf7-list-item first\"><label><input type=\"checkbox\" name=\"checkbox-221[]\" value=\"Controlar cambios de volumen de combustible\" \/><span class=\"wpcf7-list-item-label\">Controlar cambios de volumen de combustible<\/span><\/label><\/span><span class=\"wpcf7-list-item\"><label><input type=\"checkbox\" name=\"checkbox-221[]\" value=\"Medir volumenes de despacho de combustible\" \/><span class=\"wpcf7-list-item-label\">Medir volumenes de despacho de combustible<\/span><\/label><\/span><span class=\"wpcf7-list-item\"><label><input type=\"checkbox\" name=\"checkbox-221[]\" value=\"Recibir notificaciones sobre llenados y vaciados\" \/><span class=\"wpcf7-list-item-label\">Recibir notificaciones sobre llenados y vaciados<\/span><\/label><\/span><span class=\"wpcf7-list-item\"><label><input type=\"checkbox\" name=\"checkbox-221[]\" value=\"Prevenir robos de combustible\" \/><span class=\"wpcf7-list-item-label\">Prevenir robos de combustible<\/span><\/label><\/span><span class=\"wpcf7-list-item last\"><label><input type=\"checkbox\" name=\"checkbox-221[]\" value=\"otro (especifique a continuaci\u00f3n)\" \/><span class=\"wpcf7-list-item-label\">otro (especifique a continuaci\u00f3n)<\/span><\/label><\/span><\/span><\/span>\n\t<\/p>\n<\/div>\n<div style=\"display:block; margin: 0 0 50px 35px; width: 337px;\">\n\t<p><span class=\"wpcf7-form-control-wrap\" data-name=\"text-581\"><input size=\"40\" maxlength=\"400\" class=\"wpcf7-form-control wpcf7-text\" aria-invalid=\"false\" value=\"\" type=\"text\" name=\"text-581\" \/><\/span>\n\t<\/p>\n<\/div>\n<p><label>Comentarios<br \/>\n<span class=\"wpcf7-form-control-wrap\" data-name=\"textarea-754\"><textarea cols=\"40\" rows=\"10\" maxlength=\"2000\" class=\"wpcf7-form-control wpcf7-textarea\" aria-invalid=\"false\" name=\"textarea-754\"><\/textarea><\/span> <\/label>\n<\/p>\n<p><label> <span class=\"wpcf7-form-control-wrap\" data-name=\"acceptance-777\"><span class=\"wpcf7-form-control wpcf7-acceptance\"><span class=\"wpcf7-list-item\"><input type=\"checkbox\" name=\"acceptance-777\" value=\"1\" aria-invalid=\"false\" \/><\/span><\/span><\/span> He le\u00eddo la <a href=\"\/personal-data-privacy-policy\/\">Pol\u00edtica de privacidad<\/a> y acepto el uso y procesamiento de mis datos personales.<\/label>\n<\/p>\n<p><input class=\"wpcf7-form-control wpcf7-submit has-spinner\" type=\"submit\" value=\"Enviar petici\u00f3n\" \/>\n<\/p><p style=\"display: none !important;\" class=\"akismet-fields-container\" data-prefix=\"_wpcf7_ak_\"><label>&#916;<textarea name=\"_wpcf7_ak_hp_textarea\" cols=\"45\" rows=\"8\" maxlength=\"100\"><\/textarea><\/label><input type=\"hidden\" id=\"ak_js_1\" name=\"_wpcf7_ak_js\" value=\"11\"\/><script>\ndocument.getElementById( \"ak_js_1\" ).setAttribute( \"value\", ( new Date() ).getTime() );\n<\/script>\n<\/p><div class=\"wpcf7-response-output\" aria-hidden=\"true\"><\/div>\n<\/form>\n<\/div>\n[\/vc_column_text][\/vc_column][vc_column width=\u00bb1\/4&#8243;][\/vc_column][\/vc_row]<\/p>\n<\/div>","protected":false},"excerpt":{"rendered":"<p>[vc_row][vc_column][vc_column_text] Solicitud de soluci\u00f3n de monitoreo de recipientes fijos [\/vc_column_text][vc_raw_html]UG9yJTIwZmF2b3IlMkMlMjByZWxsZW5lJTIwZWwlMjBzaWd1aWVudGUlMjBmb3JtdWxhcmlvJTJDJTIwcGFyYSUyMHF1ZSUyMG51ZXN0cm9zJTIwZXF1aXBvcyUyMHQlQzMlQTljbmljb3MlMjB5JTIwY29tZXJjaWFsZXMlMjBwdWVkYW4lMjBwcmVwYXJhciUyMHVuYSUyMHNvbHVjaSVDMyVCM24lMjB0ZWxlbSVDMyVBMXRpY2ElMjBpbmRpdmlkdWFsJTIwcGFyYSUyMGVsJTIwJTNDYSUyMGhyZWYlM0QlMjIlMkZlcyUyRnNvbHVjaW9uZXMlMkZtb25pdG9yZW8tZGUtcmVjaXBpZW50ZXMtZmlqb3MlMkYlMjIlM0Vtb25pdG9yZW8lMjBkZSUyMHJlY2lwaWVudGVzJTIwZmlqb3MlM0MlMkZhJTNFJTIwcXVlJTIwc2UlMjBhanVzdGUlMjBhJTIwc3VzJTIwbmVjZXNpZGFkZXMu[\/vc_raw_html][\/vc_column][\/vc_row][vc_row][vc_column width=\u00bb1\/4&#8243;][\/vc_column][vc_column width=\u00bb1\/2&#8243;][vc_column_text][\/vc_column_text][\/vc_column][vc_column width=\u00bb1\/4&#8243;][\/vc_column][\/vc_row]<\/p>\n","protected":false},"author":14,"featured_media":0,"parent":98953,"menu_order":0,"comment_status":"closed","ping_status":"closed","template":"","meta":{"_kad_post_transparent":"","_kad_post_title":"","_kad_post_layout":"","_kad_post_sidebar_id":"","_kad_post_content_style":"","_kad_post_vertical_padding":"","_kad_post_feature":"","_kad_post_feature_position":"","_kad_post_header":false,"_kad_post_footer":false,"_kad_post_classname":"","footnotes":""},"class_list":["post-98965","page","type-page","status-publish","hentry"],"yoast_head":"<!-- This site is optimized with the Yoast SEO Premium plugin v18.1 (Yoast SEO v27.4) - https:\/\/yoast.com\/product\/yoast-seo-premium-wordpress\/ -->\n<title>Solicite una oferta de precio para una soluci\u00f3n de monitoreo remoto de tanques estacionarios | Technoton<\/title>\n<meta name=\"robots\" content=\"index, follow, max-snippet:-1, max-image-preview:large, max-video-preview:-1\" \/>\n<link rel=\"canonical\" href=\"https:\/\/jv-technoton.com\/es\/soluciones\/monitoreo-de-recipientes-fijos\/conseguir-una-oferta-monitoreo-de-recipientes-fijos\/\" \/>\n<meta property=\"og:locale\" content=\"es_ES\" \/>\n<meta property=\"og:type\" content=\"article\" \/>\n<meta property=\"og:title\" content=\"Solicite una oferta de precio para una soluci\u00f3n de monitoreo remoto de tanques estacionarios\" \/>\n<meta property=\"og:description\" content=\"[vc_row][vc_column][vc_column_text] Solicitud de soluci\u00f3n de monitoreo de recipientes fijos [\/vc_column_text][vc_raw_html]UG9yJTIwZmF2b3IlMkMlMjByZWxsZW5lJTIwZWwlMjBzaWd1aWVudGUlMjBmb3JtdWxhcmlvJTJDJTIwcGFyYSUyMHF1ZSUyMG51ZXN0cm9zJTIwZXF1aXBvcyUyMHQlQzMlQTljbmljb3MlMjB5JTIwY29tZXJjaWFsZXMlMjBwdWVkYW4lMjBwcmVwYXJhciUyMHVuYSUyMHNvbHVjaSVDMyVCM24lMjB0ZWxlbSVDMyVBMXRpY2ElMjBpbmRpdmlkdWFsJTIwcGFyYSUyMGVsJTIwJTNDYSUyMGhyZWYlM0QlMjIlMkZlcyUyRnNvbHVjaW9uZXMlMkZtb25pdG9yZW8tZGUtcmVjaXBpZW50ZXMtZmlqb3MlMkYlMjIlM0Vtb25pdG9yZW8lMjBkZSUyMHJlY2lwaWVudGVzJTIwZmlqb3MlM0MlMkZhJTNFJTIwcXVlJTIwc2UlMjBhanVzdGUlMjBhJTIwc3VzJTIwbmVjZXNpZGFkZXMu[\/vc_raw_html][\/vc_column][\/vc_row][vc_row][vc_column width=\u00bb1\/4&#8243;][\/vc_column][vc_column width=\u00bb1\/2&#8243;][vc_column_text][\/vc_column_text][\/vc_column][vc_column width=\u00bb1\/4&#8243;][\/vc_column][\/vc_row]\" \/>\n<meta property=\"og:url\" content=\"https:\/\/jv-technoton.com\/es\/soluciones\/monitoreo-de-recipientes-fijos\/conseguir-una-oferta-monitoreo-de-recipientes-fijos\/\" \/>\n<meta property=\"og:site_name\" content=\"Technoton\" \/>\n<meta name=\"twitter:card\" content=\"summary_large_image\" \/>\n<meta name=\"twitter:label1\" content=\"Tiempo de lectura\" \/>\n\t<meta name=\"twitter:data1\" content=\"1 minuto\" \/>\n<script type=\"application\/ld+json\" class=\"yoast-schema-graph\">{\"@context\":\"https:\\\/\\\/schema.org\",\"@graph\":[{\"@type\":\"WebPage\",\"@id\":\"https:\\\/\\\/jv-technoton.com\\\/es\\\/soluciones\\\/monitoreo-de-recipientes-fijos\\\/conseguir-una-oferta-monitoreo-de-recipientes-fijos\\\/\",\"url\":\"https:\\\/\\\/jv-technoton.com\\\/es\\\/soluciones\\\/monitoreo-de-recipientes-fijos\\\/conseguir-una-oferta-monitoreo-de-recipientes-fijos\\\/\",\"name\":\"Solicite una oferta de precio para una soluci\u00f3n de monitoreo remoto de tanques estacionarios | Technoton\",\"isPartOf\":{\"@id\":\"https:\\\/\\\/jv-technoton.com\\\/#website\"},\"datePublished\":\"2023-12-14T10:33:09+00:00\",\"breadcrumb\":{\"@id\":\"https:\\\/\\\/jv-technoton.com\\\/es\\\/soluciones\\\/monitoreo-de-recipientes-fijos\\\/conseguir-una-oferta-monitoreo-de-recipientes-fijos\\\/#breadcrumb\"},\"inLanguage\":\"es\",\"potentialAction\":[{\"@type\":\"ReadAction\",\"target\":[\"https:\\\/\\\/jv-technoton.com\\\/es\\\/soluciones\\\/monitoreo-de-recipientes-fijos\\\/conseguir-una-oferta-monitoreo-de-recipientes-fijos\\\/\"]}]},{\"@type\":\"BreadcrumbList\",\"@id\":\"https:\\\/\\\/jv-technoton.com\\\/es\\\/soluciones\\\/monitoreo-de-recipientes-fijos\\\/conseguir-una-oferta-monitoreo-de-recipientes-fijos\\\/#breadcrumb\",\"itemListElement\":[{\"@type\":\"ListItem\",\"position\":1,\"name\":\"Home\",\"item\":\"https:\\\/\\\/jv-technoton.com\\\/es\\\/\"},{\"@type\":\"ListItem\",\"position\":2,\"name\":\"Soluciones telem\u00e1ticas\",\"item\":\"https:\\\/\\\/jv-technoton.com\\\/es\\\/soluciones\\\/\"},{\"@type\":\"ListItem\",\"position\":3,\"name\":\"Monitoreo remoto de almacenamiento de combustible\",\"item\":\"https:\\\/\\\/jv-technoton.com\\\/es\\\/soluciones\\\/monitoreo-de-recipientes-fijos\\\/\"},{\"@type\":\"ListItem\",\"position\":4,\"name\":\"Solicite una oferta de precio para una soluci\u00f3n de monitoreo remoto de tanques estacionarios\"}]},{\"@type\":\"WebSite\",\"@id\":\"https:\\\/\\\/jv-technoton.com\\\/#website\",\"url\":\"https:\\\/\\\/jv-technoton.com\\\/\",\"name\":\"Advanced machinery telematics and fuel monitoring\",\"description\":\"Telem\u00e1tica para maquinaria compleja | Technoton\",\"publisher\":{\"@id\":\"https:\\\/\\\/jv-technoton.com\\\/#organization\"},\"potentialAction\":[{\"@type\":\"SearchAction\",\"target\":{\"@type\":\"EntryPoint\",\"urlTemplate\":\"https:\\\/\\\/jv-technoton.com\\\/?s={search_term_string}\"},\"query-input\":{\"@type\":\"PropertyValueSpecification\",\"valueRequired\":true,\"valueName\":\"search_term_string\"}}],\"inLanguage\":\"es\"},{\"@type\":\"Organization\",\"@id\":\"https:\\\/\\\/jv-technoton.com\\\/#organization\",\"name\":\"Technoton\",\"url\":\"https:\\\/\\\/jv-technoton.com\\\/\",\"logo\":{\"@type\":\"ImageObject\",\"inLanguage\":\"es\",\"@id\":\"https:\\\/\\\/jv-technoton.com\\\/#\\\/schema\\\/logo\\\/image\\\/\",\"url\":\"https:\\\/\\\/jv-technoton.com\\\/wp-content\\\/uploads\\\/2022\\\/02\\\/technoton_logo_web.png\",\"contentUrl\":\"https:\\\/\\\/jv-technoton.com\\\/wp-content\\\/uploads\\\/2022\\\/02\\\/technoton_logo_web.png\",\"width\":800,\"height\":329,\"caption\":\"Technoton\"},\"image\":{\"@id\":\"https:\\\/\\\/jv-technoton.com\\\/#\\\/schema\\\/logo\\\/image\\\/\"},\"sameAs\":[\"https:\\\/\\\/www.linkedin.com\\\/company\\\/technoton\"]}]}<\/script>\n<!-- \/ Yoast SEO Premium plugin. -->","yoast_head_json":{"title":"Solicite una oferta de precio para una soluci\u00f3n de monitoreo remoto de tanques estacionarios | Technoton","robots":{"index":"index","follow":"follow","max-snippet":"max-snippet:-1","max-image-preview":"max-image-preview:large","max-video-preview":"max-video-preview:-1"},"canonical":"https:\/\/jv-technoton.com\/es\/soluciones\/monitoreo-de-recipientes-fijos\/conseguir-una-oferta-monitoreo-de-recipientes-fijos\/","og_locale":"es_ES","og_type":"article","og_title":"Solicite una oferta de precio para una soluci\u00f3n de monitoreo remoto de tanques estacionarios","og_description":"[vc_row][vc_column][vc_column_text] Solicitud de soluci\u00f3n de monitoreo de recipientes fijos [\/vc_column_text][vc_raw_html]UG9yJTIwZmF2b3IlMkMlMjByZWxsZW5lJTIwZWwlMjBzaWd1aWVudGUlMjBmb3JtdWxhcmlvJTJDJTIwcGFyYSUyMHF1ZSUyMG51ZXN0cm9zJTIwZXF1aXBvcyUyMHQlQzMlQTljbmljb3MlMjB5JTIwY29tZXJjaWFsZXMlMjBwdWVkYW4lMjBwcmVwYXJhciUyMHVuYSUyMHNvbHVjaSVDMyVCM24lMjB0ZWxlbSVDMyVBMXRpY2ElMjBpbmRpdmlkdWFsJTIwcGFyYSUyMGVsJTIwJTNDYSUyMGhyZWYlM0QlMjIlMkZlcyUyRnNvbHVjaW9uZXMlMkZtb25pdG9yZW8tZGUtcmVjaXBpZW50ZXMtZmlqb3MlMkYlMjIlM0Vtb25pdG9yZW8lMjBkZSUyMHJlY2lwaWVudGVzJTIwZmlqb3MlM0MlMkZhJTNFJTIwcXVlJTIwc2UlMjBhanVzdGUlMjBhJTIwc3VzJTIwbmVjZXNpZGFkZXMu[\/vc_raw_html][\/vc_column][\/vc_row][vc_row][vc_column width=\u00bb1\/4&#8243;][\/vc_column][vc_column width=\u00bb1\/2&#8243;][vc_column_text][\/vc_column_text][\/vc_column][vc_column width=\u00bb1\/4&#8243;][\/vc_column][\/vc_row]","og_url":"https:\/\/jv-technoton.com\/es\/soluciones\/monitoreo-de-recipientes-fijos\/conseguir-una-oferta-monitoreo-de-recipientes-fijos\/","og_site_name":"Technoton","twitter_card":"summary_large_image","twitter_misc":{"Tiempo de lectura":"1 minuto"},"schema":{"@context":"https:\/\/schema.org","@graph":[{"@type":"WebPage","@id":"https:\/\/jv-technoton.com\/es\/soluciones\/monitoreo-de-recipientes-fijos\/conseguir-una-oferta-monitoreo-de-recipientes-fijos\/","url":"https:\/\/jv-technoton.com\/es\/soluciones\/monitoreo-de-recipientes-fijos\/conseguir-una-oferta-monitoreo-de-recipientes-fijos\/","name":"Solicite una oferta de precio para una soluci\u00f3n de monitoreo remoto de tanques estacionarios | Technoton","isPartOf":{"@id":"https:\/\/jv-technoton.com\/#website"},"datePublished":"2023-12-14T10:33:09+00:00","breadcrumb":{"@id":"https:\/\/jv-technoton.com\/es\/soluciones\/monitoreo-de-recipientes-fijos\/conseguir-una-oferta-monitoreo-de-recipientes-fijos\/#breadcrumb"},"inLanguage":"es","potentialAction":[{"@type":"ReadAction","target":["https:\/\/jv-technoton.com\/es\/soluciones\/monitoreo-de-recipientes-fijos\/conseguir-una-oferta-monitoreo-de-recipientes-fijos\/"]}]},{"@type":"BreadcrumbList","@id":"https:\/\/jv-technoton.com\/es\/soluciones\/monitoreo-de-recipientes-fijos\/conseguir-una-oferta-monitoreo-de-recipientes-fijos\/#breadcrumb","itemListElement":[{"@type":"ListItem","position":1,"name":"Home","item":"https:\/\/jv-technoton.com\/es\/"},{"@type":"ListItem","position":2,"name":"Soluciones telem\u00e1ticas","item":"https:\/\/jv-technoton.com\/es\/soluciones\/"},{"@type":"ListItem","position":3,"name":"Monitoreo remoto de almacenamiento de combustible","item":"https:\/\/jv-technoton.com\/es\/soluciones\/monitoreo-de-recipientes-fijos\/"},{"@type":"ListItem","position":4,"name":"Solicite una oferta de precio para una soluci\u00f3n de monitoreo remoto de tanques estacionarios"}]},{"@type":"WebSite","@id":"https:\/\/jv-technoton.com\/#website","url":"https:\/\/jv-technoton.com\/","name":"Advanced machinery telematics and fuel monitoring","description":"Telem\u00e1tica para maquinaria compleja | Technoton","publisher":{"@id":"https:\/\/jv-technoton.com\/#organization"},"potentialAction":[{"@type":"SearchAction","target":{"@type":"EntryPoint","urlTemplate":"https:\/\/jv-technoton.com\/?s={search_term_string}"},"query-input":{"@type":"PropertyValueSpecification","valueRequired":true,"valueName":"search_term_string"}}],"inLanguage":"es"},{"@type":"Organization","@id":"https:\/\/jv-technoton.com\/#organization","name":"Technoton","url":"https:\/\/jv-technoton.com\/","logo":{"@type":"ImageObject","inLanguage":"es","@id":"https:\/\/jv-technoton.com\/#\/schema\/logo\/image\/","url":"https:\/\/jv-technoton.com\/wp-content\/uploads\/2022\/02\/technoton_logo_web.png","contentUrl":"https:\/\/jv-technoton.com\/wp-content\/uploads\/2022\/02\/technoton_logo_web.png","width":800,"height":329,"caption":"Technoton"},"image":{"@id":"https:\/\/jv-technoton.com\/#\/schema\/logo\/image\/"},"sameAs":["https:\/\/www.linkedin.com\/company\/technoton"]}]}},"rttpg_featured_image_url":null,"rttpg_author":{"display_name":"Ruslan_Lednik","author_link":"https:\/\/jv-technoton.com\/es\/author\/ruslan_lednik\/"},"rttpg_comment":0,"rttpg_category":false,"rttpg_excerpt":"[vc_row][vc_column][vc_column_text] Solicitud de soluci\u00f3n de monitoreo de recipientes fijos [\/vc_column_text][vc_raw_html]UG9yJTIwZmF2b3IlMkMlMjByZWxsZW5lJTIwZWwlMjBzaWd1aWVudGUlMjBmb3JtdWxhcmlvJTJDJTIwcGFyYSUyMHF1ZSUyMG51ZXN0cm9zJTIwZXF1aXBvcyUyMHQlQzMlQTljbmljb3MlMjB5JTIwY29tZXJjaWFsZXMlMjBwdWVkYW4lMjBwcmVwYXJhciUyMHVuYSUyMHNvbHVjaSVDMyVCM24lMjB0ZWxlbSVDMyVBMXRpY2ElMjBpbmRpdmlkdWFsJTIwcGFyYSUyMGVsJTIwJTNDYSUyMGhyZWYlM0QlMjIlMkZlcyUyRnNvbHVjaW9uZXMlMkZtb25pdG9yZW8tZGUtcmVjaXBpZW50ZXMtZmlqb3MlMkYlMjIlM0Vtb25pdG9yZW8lMjBkZSUyMHJlY2lwaWVudGVzJTIwZmlqb3MlM0MlMkZhJTNFJTIwcXVlJTIwc2UlMjBhanVzdGUlMjBhJTIwc3VzJTIwbmVjZXNpZGFkZXMu[\/vc_raw_html][\/vc_column][\/vc_row][vc_row][vc_column width=\u00bb1\/4&#8243;][\/vc_column][vc_column width=\u00bb1\/2&#8243;][vc_column_text][\/vc_column_text][\/vc_column][vc_column width=\u00bb1\/4&#8243;][\/vc_column][\/vc_row]","_links":{"self":[{"href":"https:\/\/jv-technoton.com\/es\/wp-json\/wp\/v2\/pages\/98965","targetHints":{"allow":["GET"]}}],"collection":[{"href":"https:\/\/jv-technoton.com\/es\/wp-json\/wp\/v2\/pages"}],"about":[{"href":"https:\/\/jv-technoton.com\/es\/wp-json\/wp\/v2\/types\/page"}],"author":[{"embeddable":true,"href":"https:\/\/jv-technoton.com\/es\/wp-json\/wp\/v2\/users\/14"}],"replies":[{"embeddable":true,"href":"https:\/\/jv-technoton.com\/es\/wp-json\/wp\/v2\/comments?post=98965"}],"version-history":[{"count":0,"href":"https:\/\/jv-technoton.com\/es\/wp-json\/wp\/v2\/pages\/98965\/revisions"}],"up":[{"embeddable":true,"href":"https:\/\/jv-technoton.com\/es\/wp-json\/wp\/v2\/pages\/98953"}],"wp:attachment":[{"href":"https:\/\/jv-technoton.com\/es\/wp-json\/wp\/v2\/media?parent=98965"}],"curies":[{"name":"wp","href":"https:\/\/api.w.org\/{rel}","templated":true}]}}