{"id":112626,"date":"2024-12-17T09:08:25","date_gmt":"2024-12-17T06:08:25","guid":{"rendered":"https:\/\/jv-technoton.com\/?page_id=112626"},"modified":"2025-02-13T07:56:16","modified_gmt":"2025-02-13T04:56:16","slug":"entreprise","status":"publish","type":"page","link":"https:\/\/jv-technoton.com\/fr\/entreprise\/","title":{"rendered":"Entreprise"},"content":{"rendered":"<div class=\"wpb-content-wrapper\"><p>[vc_row full_width=\u00a0\u00bbstretch_row\u00a0\u00bb css=\u00a0\u00bb.vc_custom_1578475407348{background-color: #f7f7f7 !important;}\u00a0\u00bb visibility=\u00a0\u00bbhidden-phone\u00a0\u00bb][vc_column][vc_column_text css=\u00a0\u00bb\u00a0\u00bb]<\/p>\n<h1>\u00c0 propos de Technoton<\/h1>\n<p>[\/vc_column_text][\/vc_column][\/vc_row][vc_row visibility=\u00a0\u00bbhidden-phone\u00a0\u00bb][vc_column width=\u00a0\u00bb1\/3&Prime; css=\u00a0\u00bb.vc_custom_1674627666616{border-right-width: 1px !important;border-left-width: 1px !important;background-color: rgba(219,219,219,0.4) !important;background-position: center !important;background-repeat: no-repeat !important;background-size: contain !important;*background-color: rgb(219,219,219) !important;border-left-color: rgba(22,22,22,0.4) !important;border-left-style: solid !important;border-right-color: rgba(22,22,22,0.4) !important;border-right-style: solid !important;}\u00a0\u00bb][vc_column_text css=\u00a0\u00bb.vc_custom_1739422515093{padding-right: 10px !important;padding-bottom: 15px !important;padding-left: 10px !important;}\u00a0\u00bb]<\/p>\n<div class=\"row widget\">\n<div class=\"col-xs-12\">\n<h3><a href=\"https:\/\/jv-technoton.com\/fr\/contacts\/\">Contacts<\/a><\/h3>\n<p>Coordonn\u00e9es des bureaux, des revendeurs et des distributeurs de Technoton<\/p>\n<\/div>\n<\/div>\n<p>[\/vc_column_text][vc_column_text css=\u00a0\u00bb.vc_custom_1739422532533{padding-right: 10px !important;padding-bottom: 15px !important;padding-left: 10px !important;}\u00a0\u00bb]<\/p>\n<div class=\"row widget\">\n<div class=\"col-xs-12\">\n<h3><a href=\"https:\/\/jv-technoton.com\/fr\/programme-de-partenariat-technoton\/\">Programme de revendeur<\/a><\/h3>\n<p>Comment devenir revendeur Technoton<\/p>\n<\/div>\n<\/div>\n<p>[\/vc_column_text][vc_column_text css=\u00a0\u00bb.vc_custom_1739422545461{padding-right: 10px !important;padding-bottom: 15px !important;padding-left: 10px !important;}\u00a0\u00bb]<\/p>\n<div class=\"row widget\">\n<div class=\"col-xs-12\">\n<h3><a href=\"https:\/\/jv-technoton.com\/fr\/service\/\">Service produit<\/a><\/h3>\n<p>Contactez les centres de service r\u00e9gionaux Technoton<\/p>\n<\/div>\n<\/div>\n<p>[\/vc_column_text][vc_column_text css=\u00a0\u00bb.vc_custom_1739422576950{padding-right: 10px !important;padding-bottom: 15px !important;padding-left: 10px !important;}\u00a0\u00bb]<\/p>\n<div class=\"row widget\">\n<div class=\"col-xs-12\">\n<h3><a href=\"https:\/\/jv-technoton.com\/fr\/support-technique\/\">Formation technique<\/a><\/h3>\n<p>Apprenez \u00e0 installer et configurer les produits Technoton<\/p>\n<\/div>\n<\/div>\n<p>[\/vc_column_text][\/vc_column][vc_column width=\u00a0\u00bb2\/3&Prime; full_width=\u00a0\u00bb\u00a0\u00bb gap=\u00a0\u00bb0&Prime; full_height=\u00a0\u00bb\u00a0\u00bb columns_placement=\u00a0\u00bbmiddle\u00a0\u00bb equal_height=\u00a0\u00bb\u00a0\u00bb rtl_reverse=\u00a0\u00bb\u00a0\u00bb content_placement=\u00a0\u00bb\u00a0\u00bb disable_element=\u00a0\u00bb\u00a0\u00bb bg_type=\u00a0\u00bb\u00a0\u00bb parallax_style=\u00a0\u00bb\u00a0\u00bb bg_image_new=\u00a0\u00bb\u00a0\u00bb layer_image=\u00a0\u00bb\u00a0\u00bb bg_image_repeat=\u00a0\u00bb\u00a0\u00bb bg_image_size=\u00a0\u00bb\u00a0\u00bb bg_cstm_size=\u00a0\u00bb\u00a0\u00bb bg_img_attach=\u00a0\u00bb\u00a0\u00bb parallax_sense=\u00a0\u00bb\u00a0\u00bb bg_image_posiiton=\u00a0\u00bb\u00a0\u00bb animation_direction=\u00a0\u00bb\u00a0\u00bb animation_repeat=\u00a0\u00bb\u00a0\u00bb video_url=\u00a0\u00bb\u00a0\u00bb video_url_2=\u00a0\u00bb\u00a0\u00bb u_video_url=\u00a0\u00bb\u00a0\u00bb video_opts=\u00a0\u00bb\u00a0\u00bb video_poster=\u00a0\u00bb\u00a0\u00bb u_start_time=\u00a0\u00bb\u00a0\u00bb u_stop_time=\u00a0\u00bb\u00a0\u00bb viewport_vdo=\u00a0\u00bb\u00a0\u00bb enable_controls=\u00a0\u00bb\u00a0\u00bb bg_override=\u00a0\u00bb\u00a0\u00bb disable_on_mobile_img_parallax=\u00a0\u00bb\u00a0\u00bb parallax_content=\u00a0\u00bb\u00a0\u00bb parallax_content_sense=\u00a0\u00bb\u00a0\u00bb fadeout_row=\u00a0\u00bb\u00a0\u00bb fadeout_start_effect=\u00a0\u00bb\u00a0\u00bb enable_overlay=\u00a0\u00bb\u00a0\u00bb overlay_color=\u00a0\u00bb\u00a0\u00bb overlay_pattern=\u00a0\u00bb\u00a0\u00bb overlay_pattern_opacity=\u00a0\u00bb\u00a0\u00bb overlay_pattern_size=\u00a0\u00bb\u00a0\u00bb overlay_pattern_attachment=\u00a0\u00bb\u00a0\u00bb multi_color_overlay=\u00a0\u00bb\u00a0\u00bb multi_color_overlay_opacity=\u00a0\u00bb\u00a0\u00bb seperator_enable=\u00a0\u00bb\u00a0\u00bb seperator_type=\u00a0\u00bb\u00a0\u00bb seperator_position=\u00a0\u00bb\u00a0\u00bb seperator_shape_size=\u00a0\u00bb\u00a0\u00bb seperator_svg_height=\u00a0\u00bb\u00a0\u00bb seperator_shape_background=\u00a0\u00bb\u00a0\u00bb seperator_shape_border=\u00a0\u00bb\u00a0\u00bb seperator_shape_border_color=\u00a0\u00bb\u00a0\u00bb seperator_shape_border_width=\u00a0\u00bb\u00a0\u00bb icon_type=\u00a0\u00bb\u00a0\u00bb icon=\u00a0\u00bb\u00a0\u00bb icon_size=\u00a0\u00bb\u00a0\u00bb icon_color=\u00a0\u00bb\u00a0\u00bb icon_style=\u00a0\u00bb\u00a0\u00bb icon_color_bg=\u00a0\u00bb\u00a0\u00bb icon_border_style=\u00a0\u00bb\u00a0\u00bb icon_color_border=\u00a0\u00bb\u00a0\u00bb icon_border_size=\u00a0\u00bb\u00a0\u00bb icon_border_radius=\u00a0\u00bb\u00a0\u00bb icon_border_spacing=\u00a0\u00bb\u00a0\u00bb icon_img=\u00a0\u00bb\u00a0\u00bb img_width=\u00a0\u00bb\u00a0\u00bb ult_hide_row=\u00a0\u00bb\u00a0\u00bb ult_hide_row_large_screen=\u00a0\u00bb\u00a0\u00bb ult_hide_row_desktop=\u00a0\u00bb\u00a0\u00bb ult_hide_row_tablet=\u00a0\u00bb\u00a0\u00bb ult_hide_row_tablet_small=\u00a0\u00bb\u00a0\u00bb ult_hide_row_mobile=\u00a0\u00bb\u00a0\u00bb ult_hide_row_mobile_large=\u00a0\u00bb\u00a0\u00bb visibility=\u00a0\u00bbhidden-phone\u00a0\u00bb][vc_column_text css=\u00a0\u00bb\u00a0\u00bb]<\/p>\n<div style=\"text-align: justify;\">\n<p><strong>La soci\u00e9t\u00e9<br \/>\n<\/strong><br \/>\nTechnoton a \u00e9t\u00e9 fond\u00e9e en avril 2000, au tout d\u00e9but du d\u00e9veloppement du march\u00e9 de la t\u00e9l\u00e9matique des transports et des syst\u00e8mes de surveillance des transports par satellite. Nous avons commenc\u00e9 par d\u00e9velopper et fabriquer des dispositifs de suivi GPS, des capteurs de niveau de carburant et des d\u00e9bitm\u00e8tres de carburant. Rapidement, nous nous sommes concentr\u00e9s sur la mesure de la consommation de carburant, la surveillance de son utilisation, et l&rsquo;analyse s\u00e9curis\u00e9e des donn\u00e9es CANbus.<\/p>\n<p>Nous avons produit plus de 400 000 capteurs DUT-E, 90 000 d\u00e9bitm\u00e8tres DFM et 200 000 lecteurs sans contact Crocodile, distribu\u00e9s dans plus de 150 pays via 20 distributeurs et 800 partenaires.<\/p>\n<\/div>\n<p>[\/vc_column_text]<div class=\"ult-spacer spacer-69d77bf38f99f\" data-id=\"69d77bf38f99f\" data-height=\"33\" data-height-mobile=\"33\" data-height-tab=\"33\" data-height-tab-portrait=\"\" data-height-mobile-landscape=\"\" style=\"clear:both;display:block;\"><\/div>[vc_column_text css=\u00a0\u00bb\u00a0\u00bb]<\/p>\n<div style=\"text-align: justify;\">\n<h2><strong>Notre mission<\/strong><\/h2>\n<p>Nous cherchons \u00e0 augmenter l&rsquo;efficacit\u00e9 des v\u00e9hicules et des machines face \u00e0 la hausse des co\u00fbts de carburant, des d\u00e9penses d\u2019entretien, et \u00e0 la complexit\u00e9 croissante des conceptions automobiles.<br \/>\nPour cela, nous d\u00e9veloppons, fabriquons et int\u00e9grons des solutions de surveillance du carburant et de suivi des performances des v\u00e9hicules.<\/p>\n<\/div>\n<p>[\/vc_column_text][\/vc_column][\/vc_row][vc_row el_id=\u00a0\u00bbwho-we-are\u00a0\u00bb][vc_column]<div class=\"ult-spacer spacer-69d77bf38f9de\" data-id=\"69d77bf38f9de\" data-height=\"99\" data-height-mobile=\"99\" data-height-tab=\"99\" data-height-tab-portrait=\"\" data-height-mobile-landscape=\"\" style=\"clear:both;display:block;\"><\/div>[\/vc_column][\/vc_row][vc_row][vc_column]<div class=\"ult-spacer spacer-69d77bf38fa02\" data-id=\"69d77bf38fa02\" data-height=\"33\" data-height-mobile=\"33\" data-height-tab=\"33\" data-height-tab-portrait=\"\" data-height-mobile-landscape=\"\" style=\"clear:both;display:block;\"><\/div>[vc_column_text css=\u00a0\u00bb\u00a0\u00bb]<\/p>\n<div style=\"text-align: justify;\">\n<h2>L&rsquo;\u00e9quipe Technoton<\/h2>\n<p>L&rsquo;\u00e9quipe de Technoton est compos\u00e9e de 120 employ\u00e9s, dont les ing\u00e9nieurs et les d\u00e9veloppeurs sont hautement qualifi\u00e9s dans les domaines des unit\u00e9s de microcontr\u00f4leurs, de la programmation, de la m\u00e9canique, de l&rsquo;instrumentation et de la m\u00e9trologie. Nous disposons de deux principaux sites de production et de tests sp\u00e9cialis\u00e9s dans l&rsquo;assemblage \u00e9lectronique et les travaux de m\u00e9canique de pr\u00e9cision.<\/p>\n<p>Nous mettons un accent particulier sur la formation technique de notre \u00e9quipe, ainsi que de nos distributeurs, revendeurs et partenaires. Plus de 700 personnes ont \u00e9t\u00e9 certifi\u00e9es pour l&rsquo;installation de nos produits.<\/p>\n<\/div>\n<p>[\/vc_column_text][\/vc_column][\/vc_row]<\/p>\n<\/div>","protected":false},"excerpt":{"rendered":"<p>[vc_row full_width=\u00a0\u00bbstretch_row\u00a0\u00bb css=\u00a0\u00bb.vc_custom_1578475407348{background-color: #f7f7f7 !important;}\u00a0\u00bb visibility=\u00a0\u00bbhidden-phone\u00a0\u00bb][vc_column][vc_column_text css=\u00a0\u00bb\u00a0\u00bb] \u00c0 propos de Technoton [\/vc_column_text][\/vc_column][\/vc_row][vc_row visibility=\u00a0\u00bbhidden-phone\u00a0\u00bb][vc_column width=\u00a0\u00bb1\/3&Prime; css=\u00a0\u00bb.vc_custom_1674627666616{border-right-width: 1px !important;border-left-width: 1px !important;background-color: rgba(219,219,219,0.4) !important;background-position: center !important;background-repeat: no-repeat !important;background-size: contain !important;*background-color: rgb(219,219,219) !important;border-left-color: rgba(22,22,22,0.4) !important;border-left-style: solid !important;border-right-color: rgba(22,22,22,0.4) !important;border-right-style: solid !important;}\u00a0\u00bb][vc_column_text css=\u00a0\u00bb.vc_custom_1739422515093{padding-right: 10px !important;padding-bottom: 15px !important;padding-left: 10px !important;}\u00a0\u00bb] Contacts Coordonn\u00e9es des bureaux, des revendeurs et des distributeurs de Technoton [&hellip;]<\/p>\n","protected":false},"author":8,"featured_media":0,"parent":0,"menu_order":0,"comment_status":"closed","ping_status":"closed","template":"","meta":{"footnotes":""},"class_list":["post-112626","page","type-page","status-publish","hentry"],"yoast_head":"<!-- This site is optimized with the Yoast SEO plugin v27.3 - https:\/\/yoast.com\/product\/yoast-seo-wordpress\/ -->\n<title>Entreprise | Technoton<\/title>\n<meta name=\"description\" content=\"Histoire de la cr\u00e9ation de l&#039;entreprise fabricante du syst\u00e8me de contr\u00f4le de la consommation de carburant et de surveillance des v\u00e9hicules. \u00c0 propos de l&#039;entreprise Technoton.\" \/>\n<meta name=\"robots\" content=\"index, follow, max-snippet:-1, max-image-preview:large, max-video-preview:-1\" \/>\n<link rel=\"canonical\" href=\"https:\/\/jv-technoton.com\/fr\/entreprise\/\" \/>\n<meta property=\"og:locale\" content=\"fr_FR\" \/>\n<meta property=\"og:type\" content=\"article\" \/>\n<meta property=\"og:title\" content=\"Entreprise | Technoton\" \/>\n<meta property=\"og:description\" content=\"Histoire de la cr\u00e9ation de l&#039;entreprise fabricante du syst\u00e8me de contr\u00f4le de la consommation de carburant et de surveillance des v\u00e9hicules. \u00c0 propos de l&#039;entreprise Technoton.\" \/>\n<meta property=\"og:url\" content=\"https:\/\/jv-technoton.com\/fr\/entreprise\/\" \/>\n<meta property=\"og:site_name\" content=\"Technoton\" \/>\n<meta property=\"article:modified_time\" content=\"2025-02-13T04:56:16+00:00\" \/>\n<meta name=\"twitter:card\" content=\"summary_large_image\" \/>\n<meta name=\"twitter:label1\" content=\"Dur\u00e9e de lecture estim\u00e9e\" \/>\n\t<meta name=\"twitter:data1\" content=\"2 minutes\" \/>\n<script type=\"application\/ld+json\" class=\"yoast-schema-graph\">{\"@context\":\"https:\\\/\\\/schema.org\",\"@graph\":[{\"@type\":\"WebPage\",\"@id\":\"https:\\\/\\\/jv-technoton.com\\\/fr\\\/entreprise\\\/\",\"url\":\"https:\\\/\\\/jv-technoton.com\\\/fr\\\/entreprise\\\/\",\"name\":\"Entreprise | Technoton\",\"isPartOf\":{\"@id\":\"https:\\\/\\\/jv-technoton.com\\\/#website\"},\"datePublished\":\"2024-12-17T06:08:25+00:00\",\"dateModified\":\"2025-02-13T04:56:16+00:00\",\"description\":\"Histoire de la cr\u00e9ation de l'entreprise fabricante du syst\u00e8me de contr\u00f4le de la consommation de carburant et de surveillance des v\u00e9hicules. \u00c0 propos de l'entreprise Technoton.\",\"breadcrumb\":{\"@id\":\"https:\\\/\\\/jv-technoton.com\\\/fr\\\/entreprise\\\/#breadcrumb\"},\"inLanguage\":\"fr-FR\",\"potentialAction\":[{\"@type\":\"ReadAction\",\"target\":[\"https:\\\/\\\/jv-technoton.com\\\/fr\\\/entreprise\\\/\"]}]},{\"@type\":\"BreadcrumbList\",\"@id\":\"https:\\\/\\\/jv-technoton.com\\\/fr\\\/entreprise\\\/#breadcrumb\",\"itemListElement\":[{\"@type\":\"ListItem\",\"position\":1,\"name\":\"Home\",\"item\":\"https:\\\/\\\/jv-technoton.com\\\/fr\\\/\"},{\"@type\":\"ListItem\",\"position\":2,\"name\":\"Entreprise\"}]},{\"@type\":\"WebSite\",\"@id\":\"https:\\\/\\\/jv-technoton.com\\\/#website\",\"url\":\"https:\\\/\\\/jv-technoton.com\\\/\",\"name\":\"Advanced machinery telematics and fuel monitoring\",\"description\":\"T\u00e9l\u00e9matique et suivi du carburant pour machines complexes\",\"publisher\":{\"@id\":\"https:\\\/\\\/jv-technoton.com\\\/#organization\"},\"potentialAction\":[{\"@type\":\"SearchAction\",\"target\":{\"@type\":\"EntryPoint\",\"urlTemplate\":\"https:\\\/\\\/jv-technoton.com\\\/?s={search_term_string}\"},\"query-input\":{\"@type\":\"PropertyValueSpecification\",\"valueRequired\":true,\"valueName\":\"search_term_string\"}}],\"inLanguage\":\"fr-FR\"},{\"@type\":\"Organization\",\"@id\":\"https:\\\/\\\/jv-technoton.com\\\/#organization\",\"name\":\"Technoton\",\"url\":\"https:\\\/\\\/jv-technoton.com\\\/\",\"logo\":{\"@type\":\"ImageObject\",\"inLanguage\":\"fr-FR\",\"@id\":\"https:\\\/\\\/jv-technoton.com\\\/#\\\/schema\\\/logo\\\/image\\\/\",\"url\":\"https:\\\/\\\/jv-technoton.com\\\/wp-content\\\/uploads\\\/2022\\\/02\\\/technoton_logo_web.png\",\"contentUrl\":\"https:\\\/\\\/jv-technoton.com\\\/wp-content\\\/uploads\\\/2022\\\/02\\\/technoton_logo_web.png\",\"width\":800,\"height\":329,\"caption\":\"Technoton\"},\"image\":{\"@id\":\"https:\\\/\\\/jv-technoton.com\\\/#\\\/schema\\\/logo\\\/image\\\/\"},\"sameAs\":[\"https:\\\/\\\/www.linkedin.com\\\/company\\\/technoton\"]}]}<\/script>\n<!-- \/ Yoast SEO plugin. -->","yoast_head_json":{"title":"Entreprise | Technoton","description":"Histoire de la cr\u00e9ation de l'entreprise fabricante du syst\u00e8me de contr\u00f4le de la consommation de carburant et de surveillance des v\u00e9hicules. \u00c0 propos de l'entreprise Technoton.","robots":{"index":"index","follow":"follow","max-snippet":"max-snippet:-1","max-image-preview":"max-image-preview:large","max-video-preview":"max-video-preview:-1"},"canonical":"https:\/\/jv-technoton.com\/fr\/entreprise\/","og_locale":"fr_FR","og_type":"article","og_title":"Entreprise | Technoton","og_description":"Histoire de la cr\u00e9ation de l'entreprise fabricante du syst\u00e8me de contr\u00f4le de la consommation de carburant et de surveillance des v\u00e9hicules. \u00c0 propos de l'entreprise Technoton.","og_url":"https:\/\/jv-technoton.com\/fr\/entreprise\/","og_site_name":"Technoton","article_modified_time":"2025-02-13T04:56:16+00:00","twitter_card":"summary_large_image","twitter_misc":{"Dur\u00e9e de lecture estim\u00e9e":"2 minutes"},"schema":{"@context":"https:\/\/schema.org","@graph":[{"@type":"WebPage","@id":"https:\/\/jv-technoton.com\/fr\/entreprise\/","url":"https:\/\/jv-technoton.com\/fr\/entreprise\/","name":"Entreprise | Technoton","isPartOf":{"@id":"https:\/\/jv-technoton.com\/#website"},"datePublished":"2024-12-17T06:08:25+00:00","dateModified":"2025-02-13T04:56:16+00:00","description":"Histoire de la cr\u00e9ation de l'entreprise fabricante du syst\u00e8me de contr\u00f4le de la consommation de carburant et de surveillance des v\u00e9hicules. \u00c0 propos de l'entreprise Technoton.","breadcrumb":{"@id":"https:\/\/jv-technoton.com\/fr\/entreprise\/#breadcrumb"},"inLanguage":"fr-FR","potentialAction":[{"@type":"ReadAction","target":["https:\/\/jv-technoton.com\/fr\/entreprise\/"]}]},{"@type":"BreadcrumbList","@id":"https:\/\/jv-technoton.com\/fr\/entreprise\/#breadcrumb","itemListElement":[{"@type":"ListItem","position":1,"name":"Home","item":"https:\/\/jv-technoton.com\/fr\/"},{"@type":"ListItem","position":2,"name":"Entreprise"}]},{"@type":"WebSite","@id":"https:\/\/jv-technoton.com\/#website","url":"https:\/\/jv-technoton.com\/","name":"Advanced machinery telematics and fuel monitoring","description":"T\u00e9l\u00e9matique et suivi du carburant pour machines complexes","publisher":{"@id":"https:\/\/jv-technoton.com\/#organization"},"potentialAction":[{"@type":"SearchAction","target":{"@type":"EntryPoint","urlTemplate":"https:\/\/jv-technoton.com\/?s={search_term_string}"},"query-input":{"@type":"PropertyValueSpecification","valueRequired":true,"valueName":"search_term_string"}}],"inLanguage":"fr-FR"},{"@type":"Organization","@id":"https:\/\/jv-technoton.com\/#organization","name":"Technoton","url":"https:\/\/jv-technoton.com\/","logo":{"@type":"ImageObject","inLanguage":"fr-FR","@id":"https:\/\/jv-technoton.com\/#\/schema\/logo\/image\/","url":"https:\/\/jv-technoton.com\/wp-content\/uploads\/2022\/02\/technoton_logo_web.png","contentUrl":"https:\/\/jv-technoton.com\/wp-content\/uploads\/2022\/02\/technoton_logo_web.png","width":800,"height":329,"caption":"Technoton"},"image":{"@id":"https:\/\/jv-technoton.com\/#\/schema\/logo\/image\/"},"sameAs":["https:\/\/www.linkedin.com\/company\/technoton"]}]}},"rttpg_featured_image_url":null,"rttpg_author":{"display_name":"Tretyakov Sergey","author_link":"https:\/\/jv-technoton.com\/fr\/author\/sergei_tretyakov\/"},"rttpg_comment":0,"rttpg_category":false,"rttpg_excerpt":"[vc_row full_width=\u00a0\u00bbstretch_row\u00a0\u00bb css=\u00a0\u00bb.vc_custom_1578475407348{background-color: #f7f7f7 !important;}\u00a0\u00bb visibility=\u00a0\u00bbhidden-phone\u00a0\u00bb][vc_column][vc_column_text css=\u00a0\u00bb\u00a0\u00bb] \u00c0 propos de Technoton [\/vc_column_text][\/vc_column][\/vc_row][vc_row visibility=\u00a0\u00bbhidden-phone\u00a0\u00bb][vc_column width=\u00a0\u00bb1\/3&Prime; css=\u00a0\u00bb.vc_custom_1674627666616{border-right-width: 1px !important;border-left-width: 1px !important;background-color: rgba(219,219,219,0.4) !important;background-position: center !important;background-repeat: no-repeat !important;background-size: contain !important;*background-color: rgb(219,219,219) !important;border-left-color: rgba(22,22,22,0.4) !important;border-left-style: solid !important;border-right-color: rgba(22,22,22,0.4) !important;border-right-style: solid !important;}\u00a0\u00bb][vc_column_text css=\u00a0\u00bb.vc_custom_1739422515093{padding-right: 10px !important;padding-bottom: 15px !important;padding-left: 10px !important;}\u00a0\u00bb] Contacts Coordonn\u00e9es des bureaux, des revendeurs et des distributeurs de Technoton\u2026","_links":{"self":[{"href":"https:\/\/jv-technoton.com\/fr\/wp-json\/wp\/v2\/pages\/112626","targetHints":{"allow":["GET"]}}],"collection":[{"href":"https:\/\/jv-technoton.com\/fr\/wp-json\/wp\/v2\/pages"}],"about":[{"href":"https:\/\/jv-technoton.com\/fr\/wp-json\/wp\/v2\/types\/page"}],"author":[{"embeddable":true,"href":"https:\/\/jv-technoton.com\/fr\/wp-json\/wp\/v2\/users\/8"}],"replies":[{"embeddable":true,"href":"https:\/\/jv-technoton.com\/fr\/wp-json\/wp\/v2\/comments?post=112626"}],"version-history":[{"count":2,"href":"https:\/\/jv-technoton.com\/fr\/wp-json\/wp\/v2\/pages\/112626\/revisions"}],"predecessor-version":[{"id":115984,"href":"https:\/\/jv-technoton.com\/fr\/wp-json\/wp\/v2\/pages\/112626\/revisions\/115984"}],"wp:attachment":[{"href":"https:\/\/jv-technoton.com\/fr\/wp-json\/wp\/v2\/media?parent=112626"}],"curies":[{"name":"wp","href":"https:\/\/api.w.org\/{rel}","templated":true}]}}