{"id":112630,"date":"2024-12-20T11:09:37","date_gmt":"2024-12-20T08:09:37","guid":{"rendered":"https:\/\/jv-technoton.com\/?page_id=112630"},"modified":"2026-02-10T08:14:11","modified_gmt":"2026-02-10T05:14:11","slug":"contacts","status":"publish","type":"page","link":"https:\/\/jv-technoton.com\/fr\/contacts\/","title":{"rendered":"Contacts"},"content":{"rendered":"<div class=\"wpb-content-wrapper\"><p>[vc_row full_width=\u00a0\u00bbstretch_row_content\u00a0\u00bb css=\u00a0\u00bb.vc_custom_1653923610820{margin-top: 0px !important;padding-top: 0px !important;}\u00a0\u00bb][vc_column width=\u00a0\u00bb1\/2&Prime; offset=\u00a0\u00bbvc_hidden-sm vc_hidden-xs\u00a0\u00bb css=\u00a0\u00bb.vc_custom_1653600090976{margin-top: 0px !important;padding-top: 0px !important;}\u00a0\u00bb]<div class=\"ult-spacer spacer-69e49d32bef3a\" data-id=\"69e49d32bef3a\" data-height=\"64\" data-height-mobile=\"32\" data-height-tab=\"32\" data-height-tab-portrait=\"32\" data-height-mobile-landscape=\"32\" style=\"clear:both;display:block;\"><\/div><div class=\"ult-spacer spacer-69e49d32bef81\" data-id=\"69e49d32bef81\" data-height=\"12\" data-height-mobile=\"16\" data-height-tab=\"16\" data-height-tab-portrait=\"16\" data-height-mobile-landscape=\"16\" style=\"clear:both;display:block;\"><\/div>[vc_column_text css=\u00a0\u00bb.vc_custom_1653923700386{margin-top: 0px !important;padding-top: 0px !important;}\u00a0\u00bb]<img decoding=\"async\" class=\"wp-image-81867 alignright\" src=\"https:\/\/jv-technoton.com\/wp-content\/uploads\/2022\/05\/Technoton_map_eu-4.webp\" alt=\"\" width=\"664\" height=\"540\" srcset=\"https:\/\/jv-technoton.com\/wp-content\/uploads\/2022\/05\/Technoton_map_eu-4.webp 1327w, https:\/\/jv-technoton.com\/wp-content\/uploads\/2022\/05\/Technoton_map_eu-4-300x244.webp 300w, https:\/\/jv-technoton.com\/wp-content\/uploads\/2022\/05\/Technoton_map_eu-4-1024x833.webp 1024w, https:\/\/jv-technoton.com\/wp-content\/uploads\/2022\/05\/Technoton_map_eu-4-768x625.webp 768w\" sizes=\"(max-width: 664px) 100vw, 664px\" \/>[\/vc_column_text][\/vc_column][vc_column width=\u00a0\u00bb1\/2&Prime;]<div class=\"ult-spacer spacer-69e49d32befad\" data-id=\"69e49d32befad\" data-height=\"24\" data-height-mobile=\"32\" data-height-tab=\"32\" data-height-tab-portrait=\"32\" data-height-mobile-landscape=\"32\" style=\"clear:both;display:block;\"><\/div>[vc_column_text css=\u00a0\u00bb.vc_custom_1738130058336{margin-bottom: 0px !important;padding-top: 32px !important;}\u00a0\u00bb]<\/p>\n<h1>Contacts de Technoton<\/h1>\n<p>[\/vc_column_text]<div class=\"ult-spacer spacer-69e49d32befd3\" data-id=\"69e49d32befd3\" data-height=\"24\" data-height-mobile=\"32\" data-height-tab=\"32\" data-height-tab-portrait=\"32\" data-height-mobile-landscape=\"32\" style=\"clear:both;display:block;\"><\/div>[vc_column_text css=\u00a0\u00bb.vc_custom_1738130081095{margin-bottom: 0px !important;padding-top: 32px !important;}\u00a0\u00bb]<\/p>\n<h2>Contacts g\u00e9n\u00e9raux des bureaux de vente de l&rsquo;UE<\/h2>\n<p>[\/vc_column_text][vc_row_inner css=\u00a0\u00bb.vc_custom_1653917108636{padding-top: 24px !important;}\u00a0\u00bb][vc_column_inner width=\u00a0\u00bb2\/5&Prime; css=\u00a0\u00bb.vc_custom_1653598325692{padding-top: 0px !important;}\u00a0\u00bb][vc_column_text css=\u00a0\u00bb.vc_custom_1704985776826{margin-bottom: 0px !important;}\u00a0\u00bb]<\/p>\n<h3><span style=\"font-size: 18px;\">Czech Republic<\/span><\/h3>\n<p>Hole\u010dkova 777\/39, 150 00 Prague[\/vc_column_text][vc_column_text css=\u00a0\u00bb.vc_custom_1738130095248{margin-bottom: 0px !important;padding-top: 8px !important;}\u00a0\u00bb]E-mail: <a href=\"mailto:sales@jv-technoton.com\">sales@jv-technoton.com<\/a><br \/>\nWorking hours: (GMT+1) 7:00-16:00[\/vc_column_text][\/vc_column_inner][vc_column_inner width=\u00a0\u00bb3\/5&Prime; css=\u00a0\u00bb.vc_custom_1653598333945{padding-top: 0px !important;}\u00a0\u00bb][vc_column_text css=\u00a0\u00bb.vc_custom_1704986077322{margin-bottom: 0px !important;}\u00a0\u00bb]<\/p>\n<h3><span style=\"font-size: 18px;\">Latvia<\/span><\/h3>\n<p>Gustava zemgala 71\u0410, LV 1039 Riga[\/vc_column_text][vc_column_text css=\u00a0\u00bb.vc_custom_1738130102170{margin-bottom: 0px !important;padding-top: 8px !important;}\u00a0\u00bb]E-mail: <a href=\"mailto:sales@jv-technoton.com\">sales@jv-technoton.com<\/a><br \/>\nWorking hours: (GMT+2) 8:00-17:00[\/vc_column_text][\/vc_column_inner][\/vc_row_inner]<div class=\"ult-spacer spacer-69e49d32beff5\" data-id=\"69e49d32beff5\" data-height=\"24\" data-height-mobile=\"32\" data-height-tab=\"32\" data-height-tab-portrait=\"32\" data-height-mobile-landscape=\"32\" style=\"clear:both;display:block;\"><\/div><div class=\"ult-spacer spacer-69e49d32bf016\" data-id=\"69e49d32bf016\" data-height=\"24\" data-height-mobile=\"32\" data-height-tab=\"32\" data-height-tab-portrait=\"32\" data-height-mobile-landscape=\"32\" style=\"clear:both;display:block;\"><\/div><div class=\"ult-spacer spacer-69e49d32bf04e\" data-id=\"69e49d32bf04e\" data-height=\"12\" data-height-mobile=\"16\" data-height-tab=\"16\" data-height-tab-portrait=\"16\" data-height-mobile-landscape=\"16\" style=\"clear:both;display:block;\"><\/div>[vc_row_inner equal_height=\u00a0\u00bbyes\u00a0\u00bb css=\u00a0\u00bb.vc_custom_1653600356053{margin-bottom: 0px !important;padding-bottom: 0px !important;}\u00a0\u00bb][vc_column_inner width=\u00a0\u00bb2\/5&Prime; css=\u00a0\u00bb.vc_custom_1653599820644{margin-bottom: 0px !important;padding-bottom: 0px !important;}\u00a0\u00bb][vc_column_text css=\u00a0\u00bb\u00a0\u00bb]<strong><span style=\"color: #e31f23;\">Technical support, training,<br \/>\ninstallation supervision<br \/>\n<\/span><\/strong>E-mail: <a href=\"mailto:support@jv-technoton.com\">support@jv-technoton.com<\/a><br \/>\nHeures de travail: (GMT+1) 6:00-21:00<br \/>\n<a href=\"https:\/\/docs.jv-technoton.com\/fra\/\">Documentation des produits &gt;&gt;&gt;<\/a>[\/vc_column_text][\/vc_column_inner][vc_column_inner width=\u00a0\u00bb3\/5&Prime; css=\u00a0\u00bb.vc_custom_1653599826696{margin-bottom: 0px !important;padding-top: 0px !important;}\u00a0\u00bb][vc_column_text css=\u00a0\u00bb\u00a0\u00bb]<strong><span style=\"color: #e31f23;\">Garantie et service apr\u00e8s-garantie<br \/>\n<\/span><\/strong><a href=\"https:\/\/jv-technoton.com\/fr\/service\/\">S\u00e9lectionner un centre de service &gt;&gt;&gt;<\/a>[\/vc_column_text][vc_column_text css=\u00a0\u00bb\u00a0\u00bb]<strong style=\"color: red;\">R&amp;D, personnalisation de produits et ODM<\/strong><br \/>\nE-mail: <a href=\"mailto:info@rd-technoton.com\">info@rd-technoton.com<\/a><br \/>\n<a href=\"https:\/\/rd-technoton.com\">https:\/\/rd-technoton.com<\/a>[\/vc_column_text][\/vc_column_inner][\/vc_row_inner][\/vc_column][\/vc_row][vc_row full_width=\u00a0\u00bbstretch_row_content\u00a0\u00bb css=\u00a0\u00bb.vc_custom_1653652092638{margin-top: 0px !important;margin-bottom: 0px !important;padding-top: 0px !important;padding-bottom: 0px !important;}\u00a0\u00bb][vc_column][vc_column_text css=\u00a0\u00bb\u00a0\u00bb]<a href=\"https:\/\/jv-technoton.com\/fr\/contacts\/bureaux-commerciaux-regionaux-technoton\/\"><button class=\"bttn_r bttn_07\" style=\"margin: 0 auto; display: block; width: 75%;\">Contacts des bureaux r\u00e9gionaux<\/button><\/a>[\/vc_column_text][\/vc_column][\/vc_row][vc_row full_width=\u00a0\u00bbstretch_row_content\u00a0\u00bb css=\u00a0\u00bb.vc_custom_1653652092638{margin-top: 0px !important;margin-bottom: 0px !important;padding-top: 0px !important;padding-bottom: 0px !important;}\u00a0\u00bb][vc_column]<div class=\"ult-spacer spacer-69e49d32bf06f\" data-id=\"69e49d32bf06f\" data-height=\"32\" data-height-mobile=\"32\" data-height-tab=\"32\" data-height-tab-portrait=\"\" data-height-mobile-landscape=\"\" style=\"clear:both;display:block;\"><\/div>[\/vc_column][\/vc_row][vc_row full_width=\u00a0\u00bbstretch_row\u00a0\u00bb][vc_column width=\u00a0\u00bb1\/2&Prime; css=\u00a0\u00bb.vc_custom_1653652515249{background-image: url(https:\/\/jv-technoton.com\/wp-content\/uploads\/2022\/05\/bg-contact-gray.webp?id=81638) !important;background-position: 0 0 !important;background-repeat: no-repeat !important;}\u00a0\u00bb]<div class=\"ult-spacer spacer-69e49d32bf08d\" data-id=\"69e49d32bf08d\" data-height=\"200\" data-height-mobile=\"40\" data-height-tab=\"\" data-height-tab-portrait=\"\" data-height-mobile-landscape=\"40\" style=\"clear:both;display:block;\"><\/div>[vc_column_text css=\u00a0\u00bb\u00a0\u00bb]<span style=\"color: #e31f23; font-size: 18px;\">Vous avez une question ?<\/span><br \/>\nEnvoyez-nous un message et nous<br \/>\nvous r\u00e9pondrons d\u00e8s que possible.[\/vc_column_text]<div class=\"ult-spacer spacer-69e49d32bf0ab\" data-id=\"69e49d32bf0ab\" data-height=\"180\" data-height-mobile=\"32\" data-height-tab=\"\" data-height-tab-portrait=\"\" data-height-mobile-landscape=\"32\" style=\"clear:both;display:block;\"><\/div>[vc_column_text css=\u00a0\u00bb\u00a0\u00bb]<a href=\"https:\/\/www.facebook.com\/Technoton\"><img decoding=\"async\" class=\"alignnone size-full wp-image-81610\" src=\"https:\/\/jv-technoton.com\/wp-content\/uploads\/2022\/05\/FB-1.webp\" alt=\"\" width=\"32\" height=\"32\" \/><\/a><a href=\"https:\/\/www.linkedin.com\/company\/technoton\/mycompany\/verification\/\"><img decoding=\"async\" class=\"alignnone size-full wp-image-81610\" src=\"https:\/\/jv-technoton.com\/wp-content\/uploads\/2022\/05\/li.webp\" alt=\"\" width=\"32\" height=\"32\" \/><\/a><a href=\"https:\/\/www.instagram.com\/jv_technoton\/\"><img decoding=\"async\" class=\"alignnone size-full wp-image-81610\" src=\"https:\/\/jv-technoton.com\/wp-content\/uploads\/2022\/05\/ig.webp\" alt=\"\" width=\"32\" height=\"32\" \/><\/a>[\/vc_column_text][\/vc_column][vc_column width=\u00a0\u00bb1\/2&Prime; css=\u00a0\u00bb.vc_custom_1653652551543{margin-top: 0px !important;padding-top: 0px !important;}\u00a0\u00bb][vc_column_text css=\u00a0\u00bb\u00a0\u00bb]<\/p>\n<h2>Envoyer une demande \u00e0 Technoton<\/h2>\n<p>[\/vc_column_text][vc_column_text css=\u00a0\u00bb\u00a0\u00bb]\n<div class=\"wpcf7 no-js\" id=\"wpcf7-f44548-o1\" lang=\"ru-RU\" dir=\"ltr\" data-wpcf7-id=\"44548\">\n<div class=\"screen-reader-response\"><p role=\"status\" aria-live=\"polite\" aria-atomic=\"true\"><\/p> <ul><\/ul><\/div>\n<form action=\"\/fr\/wp-json\/wp\/v2\/pages\/112630#wpcf7-f44548-o1\" method=\"post\" class=\"wpcf7-form init\" aria-label=\"\u041a\u043e\u043d\u0442\u0430\u043a\u0442\u043d\u0430\u044f \u0444\u043e\u0440\u043c\u0430\" novalidate=\"novalidate\" data-status=\"init\">\n<fieldset class=\"hidden-fields-container\"><input type=\"hidden\" name=\"_wpcf7\" value=\"44548\" \/><input type=\"hidden\" name=\"_wpcf7_version\" value=\"6.1.5\" \/><input type=\"hidden\" name=\"_wpcf7_locale\" value=\"ru_RU\" \/><input type=\"hidden\" name=\"_wpcf7_unit_tag\" value=\"wpcf7-f44548-o1\" \/><input type=\"hidden\" name=\"_wpcf7_container_post\" value=\"0\" \/><input type=\"hidden\" name=\"_wpcf7_posted_data_hash\" value=\"\" \/>\n<\/fieldset>\n<div class=\"one-half\">\n\t<p><label>Votre nom*<br \/>\n<span class=\"wpcf7-form-control-wrap\" data-name=\"your-name\"><input size=\"40\" maxlength=\"400\" class=\"wpcf7-form-control wpcf7-text wpcf7-validates-as-required\" aria-required=\"true\" aria-invalid=\"false\" value=\"\" type=\"text\" name=\"your-name\" \/><\/span> <\/label>\n\t<\/p>\n<\/div>\n<div class=\"one-half last\">\n\t<p><label>Nom de soci\u00e9t\u00e9*<br \/>\n<span class=\"wpcf7-form-control-wrap\" data-name=\"comp\"><input size=\"40\" maxlength=\"400\" class=\"wpcf7-form-control wpcf7-text wpcf7-validates-as-required\" aria-required=\"true\" aria-invalid=\"false\" value=\"\" type=\"text\" name=\"comp\" \/><\/span> <\/label>\n\t<\/p>\n<\/div>\n<div class=\"one-half last\">\n\t<p><label>Votre address e-mail*<br \/>\n<span class=\"wpcf7-form-control-wrap\" data-name=\"your-email\"><input size=\"40\" maxlength=\"400\" class=\"wpcf7-form-control wpcf7-email wpcf7-validates-as-required wpcf7-text wpcf7-validates-as-email\" aria-required=\"true\" aria-invalid=\"false\" value=\"\" type=\"email\" name=\"your-email\" \/><\/span> <\/label>\n\t<\/p>\n<\/div>\n<div class=\"one-half\">\n\t<p><label>Numero de t\u00e9l\u00e9phone*<br \/>\n<span class=\"wpcf7-form-control-wrap\" data-name=\"tel-114\"><input size=\"40\" maxlength=\"400\" class=\"wpcf7-form-control wpcf7-tel wpcf7-validates-as-required wpcf7-text wpcf7-validates-as-tel\" aria-required=\"true\" aria-invalid=\"false\" value=\"\" type=\"tel\" name=\"tel-114\" \/><\/span><\/label>\n\t<\/p>\n<\/div>\n<p><label>Pays*<br \/>\n<span class=\"wpcf7-form-control-wrap\" data-name=\"text-83\"><input size=\"40\" maxlength=\"400\" class=\"wpcf7-form-control wpcf7-text wpcf7-validates-as-required\" aria-required=\"true\" aria-invalid=\"false\" value=\"\" type=\"text\" name=\"text-83\" \/><\/span><\/label>\n<\/p>\n<div class=\"last\">\n\t<p><label>Votre message*<br \/>\n<\/label>\n\t<\/p>\n<\/div>\n<p><span class=\"wpcf7-form-control-wrap\" data-name=\"your-message\"><textarea cols=\"40\" rows=\"10\" maxlength=\"2000\" class=\"wpcf7-form-control wpcf7-textarea wpcf7-validates-as-required\" aria-required=\"true\" aria-invalid=\"false\" name=\"your-message\"><\/textarea><\/span>\n<\/p>\n<p><input class=\"wpcf7-form-control wpcf7-submit has-spinner\" type=\"submit\" value=\"Envoyer\" \/>\n<\/p><p style=\"display: none !important;\" class=\"akismet-fields-container\" data-prefix=\"_wpcf7_ak_\"><label>&#916;<textarea name=\"_wpcf7_ak_hp_textarea\" cols=\"45\" rows=\"8\" maxlength=\"100\"><\/textarea><\/label><input type=\"hidden\" id=\"ak_js_1\" name=\"_wpcf7_ak_js\" value=\"88\"\/><script>document.getElementById( \"ak_js_1\" ).setAttribute( \"value\", ( new Date() ).getTime() );<\/script><\/p><div class=\"wpcf7-response-output\" aria-hidden=\"true\"><\/div>\n<\/form>\n<\/div>\n[\/vc_column_text][\/vc_column][\/vc_row]<\/p>\n<\/div>","protected":false},"excerpt":{"rendered":"<p>[vc_row full_width=\u00a0\u00bbstretch_row_content\u00a0\u00bb css=\u00a0\u00bb.vc_custom_1653923610820{margin-top: 0px !important;padding-top: 0px !important;}\u00a0\u00bb][vc_column width=\u00a0\u00bb1\/2&Prime; offset=\u00a0\u00bbvc_hidden-sm vc_hidden-xs\u00a0\u00bb css=\u00a0\u00bb.vc_custom_1653600090976{margin-top: 0px !important;padding-top: 0px !important;}\u00a0\u00bb][vc_column_text css=\u00a0\u00bb.vc_custom_1653923700386{margin-top: 0px !important;padding-top: 0px !important;}\u00a0\u00bb][\/vc_column_text][\/vc_column][vc_column width=\u00a0\u00bb1\/2&Prime;][vc_column_text css=\u00a0\u00bb.vc_custom_1738130058336{margin-bottom: 0px !important;padding-top: 32px !important;}\u00a0\u00bb] Contacts de Technoton [\/vc_column_text][vc_column_text css=\u00a0\u00bb.vc_custom_1738130081095{margin-bottom: 0px !important;padding-top: 32px !important;}\u00a0\u00bb] Contacts g\u00e9n\u00e9raux des bureaux de vente de l&rsquo;UE [\/vc_column_text][vc_row_inner css=\u00a0\u00bb.vc_custom_1653917108636{padding-top: 24px !important;}\u00a0\u00bb][vc_column_inner width=\u00a0\u00bb2\/5&Prime; css=\u00a0\u00bb.vc_custom_1653598325692{padding-top: 0px !important;}\u00a0\u00bb][vc_column_text css=\u00a0\u00bb.vc_custom_1704985776826{margin-bottom: 0px !important;}\u00a0\u00bb] Czech [&hellip;]<\/p>\n","protected":false},"author":8,"featured_media":0,"parent":0,"menu_order":0,"comment_status":"closed","ping_status":"closed","template":"","meta":{"footnotes":""},"class_list":["post-112630","page","type-page","status-publish","hentry"],"yoast_head":"<!-- This site is optimized with the Yoast SEO plugin v27.3 - https:\/\/yoast.com\/product\/yoast-seo-wordpress\/ -->\n<title>Contacts | Technoton<\/title>\n<meta name=\"description\" content=\"T\u00e9l\u00e9phones, messageries, e-mail pour obtenir des informations sur les capteurs de contr\u00f4le du carburant, les outils CAN, les syst\u00e8mes de t\u00e9l\u00e9matique et de suivi GPS.\" \/>\n<meta name=\"robots\" content=\"index, follow, max-snippet:-1, max-image-preview:large, max-video-preview:-1\" \/>\n<link rel=\"canonical\" href=\"https:\/\/jv-technoton.com\/fr\/contacts\/\" \/>\n<meta property=\"og:locale\" content=\"fr_FR\" \/>\n<meta property=\"og:type\" content=\"article\" \/>\n<meta property=\"og:title\" content=\"Contacts | Technoton\" \/>\n<meta property=\"og:description\" content=\"T\u00e9l\u00e9phones, messageries, e-mail pour obtenir des informations sur les capteurs de contr\u00f4le du carburant, les outils CAN, les syst\u00e8mes de t\u00e9l\u00e9matique et de suivi GPS.\" \/>\n<meta property=\"og:url\" content=\"https:\/\/jv-technoton.com\/fr\/contacts\/\" \/>\n<meta property=\"og:site_name\" content=\"Technoton\" \/>\n<meta property=\"article:modified_time\" content=\"2026-02-10T05:14:11+00:00\" \/>\n<meta property=\"og:image\" content=\"https:\/\/jv-technoton.com\/wp-content\/uploads\/2022\/05\/Technoton_map_eu-4.webp\" \/>\n\t<meta property=\"og:image:width\" content=\"1327\" \/>\n\t<meta property=\"og:image:height\" content=\"1080\" \/>\n\t<meta property=\"og:image:type\" content=\"image\/webp\" \/>\n<meta name=\"twitter:card\" content=\"summary_large_image\" \/>\n<meta name=\"twitter:label1\" content=\"Dur\u00e9e de lecture estim\u00e9e\" \/>\n\t<meta name=\"twitter:data1\" content=\"2 minutes\" \/>\n<script type=\"application\/ld+json\" class=\"yoast-schema-graph\">{\"@context\":\"https:\\\/\\\/schema.org\",\"@graph\":[{\"@type\":\"WebPage\",\"@id\":\"https:\\\/\\\/jv-technoton.com\\\/fr\\\/contacts\\\/\",\"url\":\"https:\\\/\\\/jv-technoton.com\\\/fr\\\/contacts\\\/\",\"name\":\"Contacts | Technoton\",\"isPartOf\":{\"@id\":\"https:\\\/\\\/jv-technoton.com\\\/#website\"},\"primaryImageOfPage\":{\"@id\":\"https:\\\/\\\/jv-technoton.com\\\/fr\\\/contacts\\\/#primaryimage\"},\"image\":{\"@id\":\"https:\\\/\\\/jv-technoton.com\\\/fr\\\/contacts\\\/#primaryimage\"},\"thumbnailUrl\":\"https:\\\/\\\/jv-technoton.com\\\/wp-content\\\/uploads\\\/2022\\\/05\\\/Technoton_map_eu-4.webp\",\"datePublished\":\"2024-12-20T08:09:37+00:00\",\"dateModified\":\"2026-02-10T05:14:11+00:00\",\"description\":\"T\u00e9l\u00e9phones, messageries, e-mail pour obtenir des informations sur les capteurs de contr\u00f4le du carburant, les outils CAN, les syst\u00e8mes de t\u00e9l\u00e9matique et de suivi GPS.\",\"breadcrumb\":{\"@id\":\"https:\\\/\\\/jv-technoton.com\\\/fr\\\/contacts\\\/#breadcrumb\"},\"inLanguage\":\"fr-FR\",\"potentialAction\":[{\"@type\":\"ReadAction\",\"target\":[\"https:\\\/\\\/jv-technoton.com\\\/fr\\\/contacts\\\/\"]}]},{\"@type\":\"ImageObject\",\"inLanguage\":\"fr-FR\",\"@id\":\"https:\\\/\\\/jv-technoton.com\\\/fr\\\/contacts\\\/#primaryimage\",\"url\":\"https:\\\/\\\/jv-technoton.com\\\/wp-content\\\/uploads\\\/2022\\\/05\\\/Technoton_map_eu-4.webp\",\"contentUrl\":\"https:\\\/\\\/jv-technoton.com\\\/wp-content\\\/uploads\\\/2022\\\/05\\\/Technoton_map_eu-4.webp\"},{\"@type\":\"BreadcrumbList\",\"@id\":\"https:\\\/\\\/jv-technoton.com\\\/fr\\\/contacts\\\/#breadcrumb\",\"itemListElement\":[{\"@type\":\"ListItem\",\"position\":1,\"name\":\"Home\",\"item\":\"https:\\\/\\\/jv-technoton.com\\\/fr\\\/\"},{\"@type\":\"ListItem\",\"position\":2,\"name\":\"Contacts\"}]},{\"@type\":\"WebSite\",\"@id\":\"https:\\\/\\\/jv-technoton.com\\\/#website\",\"url\":\"https:\\\/\\\/jv-technoton.com\\\/\",\"name\":\"Advanced machinery telematics and fuel monitoring\",\"description\":\"T\u00e9l\u00e9matique et suivi du carburant pour machines complexes\",\"publisher\":{\"@id\":\"https:\\\/\\\/jv-technoton.com\\\/#organization\"},\"potentialAction\":[{\"@type\":\"SearchAction\",\"target\":{\"@type\":\"EntryPoint\",\"urlTemplate\":\"https:\\\/\\\/jv-technoton.com\\\/?s={search_term_string}\"},\"query-input\":{\"@type\":\"PropertyValueSpecification\",\"valueRequired\":true,\"valueName\":\"search_term_string\"}}],\"inLanguage\":\"fr-FR\"},{\"@type\":\"Organization\",\"@id\":\"https:\\\/\\\/jv-technoton.com\\\/#organization\",\"name\":\"Technoton\",\"url\":\"https:\\\/\\\/jv-technoton.com\\\/\",\"logo\":{\"@type\":\"ImageObject\",\"inLanguage\":\"fr-FR\",\"@id\":\"https:\\\/\\\/jv-technoton.com\\\/#\\\/schema\\\/logo\\\/image\\\/\",\"url\":\"https:\\\/\\\/jv-technoton.com\\\/wp-content\\\/uploads\\\/2022\\\/02\\\/technoton_logo_web.png\",\"contentUrl\":\"https:\\\/\\\/jv-technoton.com\\\/wp-content\\\/uploads\\\/2022\\\/02\\\/technoton_logo_web.png\",\"width\":800,\"height\":329,\"caption\":\"Technoton\"},\"image\":{\"@id\":\"https:\\\/\\\/jv-technoton.com\\\/#\\\/schema\\\/logo\\\/image\\\/\"},\"sameAs\":[\"https:\\\/\\\/www.linkedin.com\\\/company\\\/technoton\"]}]}<\/script>\n<!-- \/ Yoast SEO plugin. -->","yoast_head_json":{"title":"Contacts | Technoton","description":"T\u00e9l\u00e9phones, messageries, e-mail pour obtenir des informations sur les capteurs de contr\u00f4le du carburant, les outils CAN, les syst\u00e8mes de t\u00e9l\u00e9matique et de suivi GPS.","robots":{"index":"index","follow":"follow","max-snippet":"max-snippet:-1","max-image-preview":"max-image-preview:large","max-video-preview":"max-video-preview:-1"},"canonical":"https:\/\/jv-technoton.com\/fr\/contacts\/","og_locale":"fr_FR","og_type":"article","og_title":"Contacts | Technoton","og_description":"T\u00e9l\u00e9phones, messageries, e-mail pour obtenir des informations sur les capteurs de contr\u00f4le du carburant, les outils CAN, les syst\u00e8mes de t\u00e9l\u00e9matique et de suivi GPS.","og_url":"https:\/\/jv-technoton.com\/fr\/contacts\/","og_site_name":"Technoton","article_modified_time":"2026-02-10T05:14:11+00:00","og_image":[{"width":1327,"height":1080,"url":"https:\/\/jv-technoton.com\/wp-content\/uploads\/2022\/05\/Technoton_map_eu-4.webp","type":"image\/webp"}],"twitter_card":"summary_large_image","twitter_misc":{"Dur\u00e9e de lecture estim\u00e9e":"2 minutes"},"schema":{"@context":"https:\/\/schema.org","@graph":[{"@type":"WebPage","@id":"https:\/\/jv-technoton.com\/fr\/contacts\/","url":"https:\/\/jv-technoton.com\/fr\/contacts\/","name":"Contacts | Technoton","isPartOf":{"@id":"https:\/\/jv-technoton.com\/#website"},"primaryImageOfPage":{"@id":"https:\/\/jv-technoton.com\/fr\/contacts\/#primaryimage"},"image":{"@id":"https:\/\/jv-technoton.com\/fr\/contacts\/#primaryimage"},"thumbnailUrl":"https:\/\/jv-technoton.com\/wp-content\/uploads\/2022\/05\/Technoton_map_eu-4.webp","datePublished":"2024-12-20T08:09:37+00:00","dateModified":"2026-02-10T05:14:11+00:00","description":"T\u00e9l\u00e9phones, messageries, e-mail pour obtenir des informations sur les capteurs de contr\u00f4le du carburant, les outils CAN, les syst\u00e8mes de t\u00e9l\u00e9matique et de suivi GPS.","breadcrumb":{"@id":"https:\/\/jv-technoton.com\/fr\/contacts\/#breadcrumb"},"inLanguage":"fr-FR","potentialAction":[{"@type":"ReadAction","target":["https:\/\/jv-technoton.com\/fr\/contacts\/"]}]},{"@type":"ImageObject","inLanguage":"fr-FR","@id":"https:\/\/jv-technoton.com\/fr\/contacts\/#primaryimage","url":"https:\/\/jv-technoton.com\/wp-content\/uploads\/2022\/05\/Technoton_map_eu-4.webp","contentUrl":"https:\/\/jv-technoton.com\/wp-content\/uploads\/2022\/05\/Technoton_map_eu-4.webp"},{"@type":"BreadcrumbList","@id":"https:\/\/jv-technoton.com\/fr\/contacts\/#breadcrumb","itemListElement":[{"@type":"ListItem","position":1,"name":"Home","item":"https:\/\/jv-technoton.com\/fr\/"},{"@type":"ListItem","position":2,"name":"Contacts"}]},{"@type":"WebSite","@id":"https:\/\/jv-technoton.com\/#website","url":"https:\/\/jv-technoton.com\/","name":"Advanced machinery telematics and fuel monitoring","description":"T\u00e9l\u00e9matique et suivi du carburant pour machines complexes","publisher":{"@id":"https:\/\/jv-technoton.com\/#organization"},"potentialAction":[{"@type":"SearchAction","target":{"@type":"EntryPoint","urlTemplate":"https:\/\/jv-technoton.com\/?s={search_term_string}"},"query-input":{"@type":"PropertyValueSpecification","valueRequired":true,"valueName":"search_term_string"}}],"inLanguage":"fr-FR"},{"@type":"Organization","@id":"https:\/\/jv-technoton.com\/#organization","name":"Technoton","url":"https:\/\/jv-technoton.com\/","logo":{"@type":"ImageObject","inLanguage":"fr-FR","@id":"https:\/\/jv-technoton.com\/#\/schema\/logo\/image\/","url":"https:\/\/jv-technoton.com\/wp-content\/uploads\/2022\/02\/technoton_logo_web.png","contentUrl":"https:\/\/jv-technoton.com\/wp-content\/uploads\/2022\/02\/technoton_logo_web.png","width":800,"height":329,"caption":"Technoton"},"image":{"@id":"https:\/\/jv-technoton.com\/#\/schema\/logo\/image\/"},"sameAs":["https:\/\/www.linkedin.com\/company\/technoton"]}]}},"rttpg_featured_image_url":null,"rttpg_author":{"display_name":"Tretyakov Sergey","author_link":"https:\/\/jv-technoton.com\/fr\/author\/sergei_tretyakov\/"},"rttpg_comment":0,"rttpg_category":false,"rttpg_excerpt":"[vc_row full_width=\u00a0\u00bbstretch_row_content\u00a0\u00bb css=\u00a0\u00bb.vc_custom_1653923610820{margin-top: 0px !important;padding-top: 0px !important;}\u00a0\u00bb][vc_column width=\u00a0\u00bb1\/2&Prime; offset=\u00a0\u00bbvc_hidden-sm vc_hidden-xs\u00a0\u00bb css=\u00a0\u00bb.vc_custom_1653600090976{margin-top: 0px !important;padding-top: 0px !important;}\u00a0\u00bb][vc_column_text css=\u00a0\u00bb.vc_custom_1653923700386{margin-top: 0px !important;padding-top: 0px !important;}\u00a0\u00bb][\/vc_column_text][\/vc_column][vc_column width=\u00a0\u00bb1\/2&Prime;][vc_column_text css=\u00a0\u00bb.vc_custom_1738130058336{margin-bottom: 0px !important;padding-top: 32px !important;}\u00a0\u00bb] Contacts de Technoton [\/vc_column_text][vc_column_text css=\u00a0\u00bb.vc_custom_1738130081095{margin-bottom: 0px !important;padding-top: 32px !important;}\u00a0\u00bb] Contacts g\u00e9n\u00e9raux des bureaux de vente de l&rsquo;UE [\/vc_column_text][vc_row_inner css=\u00a0\u00bb.vc_custom_1653917108636{padding-top: 24px !important;}\u00a0\u00bb][vc_column_inner width=\u00a0\u00bb2\/5&Prime; css=\u00a0\u00bb.vc_custom_1653598325692{padding-top: 0px !important;}\u00a0\u00bb][vc_column_text css=\u00a0\u00bb.vc_custom_1704985776826{margin-bottom: 0px !important;}\u00a0\u00bb] Czech\u2026","_links":{"self":[{"href":"https:\/\/jv-technoton.com\/fr\/wp-json\/wp\/v2\/pages\/112630","targetHints":{"allow":["GET"]}}],"collection":[{"href":"https:\/\/jv-technoton.com\/fr\/wp-json\/wp\/v2\/pages"}],"about":[{"href":"https:\/\/jv-technoton.com\/fr\/wp-json\/wp\/v2\/types\/page"}],"author":[{"embeddable":true,"href":"https:\/\/jv-technoton.com\/fr\/wp-json\/wp\/v2\/users\/8"}],"replies":[{"embeddable":true,"href":"https:\/\/jv-technoton.com\/fr\/wp-json\/wp\/v2\/comments?post=112630"}],"version-history":[{"count":3,"href":"https:\/\/jv-technoton.com\/fr\/wp-json\/wp\/v2\/pages\/112630\/revisions"}],"predecessor-version":[{"id":132132,"href":"https:\/\/jv-technoton.com\/fr\/wp-json\/wp\/v2\/pages\/112630\/revisions\/132132"}],"wp:attachment":[{"href":"https:\/\/jv-technoton.com\/fr\/wp-json\/wp\/v2\/media?parent=112630"}],"curies":[{"name":"wp","href":"https:\/\/api.w.org\/{rel}","templated":true}]}}