{"id":112873,"date":"2024-12-20T11:10:42","date_gmt":"2024-12-20T08:10:42","guid":{"rendered":"https:\/\/jv-technoton.com\/?page_id=112873"},"modified":"2025-08-29T14:43:17","modified_gmt":"2025-08-29T11:43:17","slug":"application-de-partenariat","status":"publish","type":"page","link":"https:\/\/jv-technoton.com\/fr\/programme-de-partenariat-technoton\/application-de-partenariat\/","title":{"rendered":"Candidature de partenaire pour les produits et solutions Technoton"},"content":{"rendered":"<div class=\"wpb-content-wrapper\"><p>[vc_row][vc_column]<div class=\"ult-spacer spacer-69d77c1d527f3\" data-id=\"69d77c1d527f3\" data-height=\"40\" data-height-mobile=\"1\" data-height-tab=\"1\" data-height-tab-portrait=\"1\" data-height-mobile-landscape=\"1\" style=\"clear:both;display:block;\"><\/div>[vc_column_text css=\u00a0\u00bb\u00a0\u00bb]<\/p>\n<h1>Commencez avec des produits de surveillance du carburant haut de gamme et des solutions de t\u00e9l\u00e9matique avanc\u00e9es \u2013 rejoignez notre programme de partenariat exclusif Technoton<\/h1>\n<p>[\/vc_column_text][vc_column_text css=\u00a0\u00bb\u00a0\u00bb]<\/p>\n<ol>\n<li>Remplissez et soumettez votre demande.<\/li>\n<li>Nous vous contacterons dans les meilleurs d\u00e9lais pour vous pr\u00e9senter les conditions de notre programme de partenariat.<\/li>\n<li>D\u00e9finissez avec nous la r\u00e9gion ou le secteur de votre activit\u00e9.<\/li>\n<li>Formez votre \u00e9quipe commerciale et technique.<\/li>\n<\/ol>\n<p>[\/vc_column_text][\/vc_column][\/vc_row][vc_row max_width=\u00a0\u00bb80&Prime;][vc_column width=\u00a0\u00bb1\/12&Prime;][\/vc_column][vc_column width=\u00a0\u00bb5\/6&Prime;]\n<div class=\"wpcf7 no-js\" id=\"wpcf7-f124811-o1\" lang=\"ru-RU\" dir=\"ltr\" data-wpcf7-id=\"124811\">\n<div class=\"screen-reader-response\"><p role=\"status\" aria-live=\"polite\" aria-atomic=\"true\"><\/p> <ul><\/ul><\/div>\n<form action=\"\/fr\/wp-json\/wp\/v2\/pages\/112873#wpcf7-f124811-o1\" method=\"post\" class=\"wpcf7-form init\" aria-label=\"\u041a\u043e\u043d\u0442\u0430\u043a\u0442\u043d\u0430\u044f \u0444\u043e\u0440\u043c\u0430\" novalidate=\"novalidate\" data-status=\"init\">\n<fieldset class=\"hidden-fields-container\"><input type=\"hidden\" name=\"_wpcf7\" value=\"124811\" \/><input type=\"hidden\" name=\"_wpcf7_version\" value=\"6.1.5\" \/><input type=\"hidden\" name=\"_wpcf7_locale\" value=\"ru_RU\" \/><input type=\"hidden\" name=\"_wpcf7_unit_tag\" value=\"wpcf7-f124811-o1\" \/><input type=\"hidden\" name=\"_wpcf7_container_post\" value=\"0\" \/><input type=\"hidden\" name=\"_wpcf7_posted_data_hash\" value=\"\" \/>\n<\/fieldset>\n<div style=\"max-width: 1000px; margin: 0 auto;\">\n\n<!-- 1. Company Information -->\n\t<div style=\"margin-bottom: 10px;\">\n\t\t<p><strong>1. Informations sur l\u2019entreprise<\/strong>\n\t\t<\/p>\n\t<\/div>\n\t<div style=\"display: inline-block; margin-right: 30px; margin-bottom: 10px;\">\n\t\t<p>Nom de l\u2019entreprise\n\t\t<\/p>\n\t\t<p><span class=\"wpcf7-form-control-wrap\" data-name=\"company-name\"><input size=\"40\" maxlength=\"400\" class=\"wpcf7-form-control wpcf7-text wpcf7-validates-as-required\" aria-required=\"true\" aria-invalid=\"false\" value=\"\" type=\"text\" name=\"company-name\" \/><\/span>\n\t\t<\/p>\n\t<\/div>\n\t<div style=\"display: inline-block; margin-right: 30px; margin-bottom: 10px;\">\n\t\t<p>Pays \/ r\u00e9gion \/ ville d\u2019activit\u00e9\n\t\t<\/p>\n\t\t<p><span class=\"wpcf7-form-control-wrap\" data-name=\"company-region\"><input size=\"40\" maxlength=\"400\" class=\"wpcf7-form-control wpcf7-text wpcf7-validates-as-required\" aria-required=\"true\" aria-invalid=\"false\" value=\"\" type=\"text\" name=\"company-region\" \/><\/span>\n\t\t<\/p>\n\t<\/div>\n\t<div style=\"display: inline-block; margin-right: 30px; margin-bottom: 10px;\">\n\t\t<p>Site web\n\t\t<\/p>\n\t\t<p><span class=\"wpcf7-form-control-wrap\" data-name=\"company-website\"><input size=\"40\" maxlength=\"400\" class=\"wpcf7-form-control wpcf7-url wpcf7-validates-as-required wpcf7-text wpcf7-validates-as-url\" aria-required=\"true\" aria-invalid=\"false\" value=\"\" type=\"url\" name=\"company-website\" \/><\/span>\n\t\t<\/p>\n\t<\/div>\n\t<div style=\"display: inline-block; margin-right: 30px; margin-bottom: 10px;\">\n\t\t<p>Activit\u00e9s principales\n\t\t<\/p>\n\t\t<p><span class=\"wpcf7-form-control-wrap\" data-name=\"business-activities\"><input size=\"40\" maxlength=\"400\" class=\"wpcf7-form-control wpcf7-text wpcf7-validates-as-required\" aria-required=\"true\" aria-invalid=\"false\" value=\"\" type=\"text\" name=\"business-activities\" \/><\/span>\n\t\t<\/p>\n\t<\/div>\n\t<div style=\"display: inline-block; margin-right: 30px; margin-bottom: 10px;\">\n\t\t<p>Chiffre d\u2019affaires annuel (USD)\n\t\t<\/p>\n\t\t<p><span class=\"wpcf7-form-control-wrap\" data-name=\"turnover-usd\"><input class=\"wpcf7-form-control wpcf7-number wpcf7-validates-as-required wpcf7-validates-as-number\" min=\"0\" aria-required=\"true\" aria-invalid=\"false\" value=\"\" type=\"number\" name=\"turnover-usd\" \/><\/span>\n\t\t<\/p>\n\t<\/div>\n<hr style=\"margin: 18px 0;\" \/>\n\n<!-- 2. Experience & Competence -->\n\t<div style=\"margin-bottom: 10px;\">\n\t\t<p><strong>2. Exp\u00e9rience & Comp\u00e9tences<\/strong>\n\t\t<\/p>\n\t<\/div>\n\t<div style=\"display: inline-block; margin-right: 30px; margin-bottom: 10px;\">\n\t\t<p>Ann\u00e9es sur le march\u00e9 de la t\u00e9l\u00e9matique & IIoT\n\t\t<\/p>\n\t\t<p><span class=\"wpcf7-form-control-wrap\" data-name=\"exp-years\"><input class=\"wpcf7-form-control wpcf7-number wpcf7-validates-as-required wpcf7-validates-as-number\" min=\"0\" aria-required=\"true\" aria-invalid=\"false\" value=\"\" type=\"number\" name=\"exp-years\" \/><\/span>\n\t\t<\/p>\n\t<\/div>\n\t<div style=\"display: block; margin-bottom: 10px;\">\n\t\t<p>Types d\u2019\u00e9quipements avec lesquels vous travaillez\n\t\t<\/p>\n\t\t<p><span class=\"wpcf7-form-control-wrap\" data-name=\"equip-types\"><span class=\"wpcf7-form-control wpcf7-checkbox wpcf7-validates-as-required\"><span class=\"wpcf7-list-item first\"><label><input type=\"checkbox\" name=\"equip-types[]\" value=\"Camions lourds \/ transport routier\" \/><span class=\"wpcf7-list-item-label\">Camions lourds \/ transport routier<\/span><\/label><\/span><span class=\"wpcf7-list-item\"><label><input type=\"checkbox\" name=\"equip-types[]\" value=\"Voitures particuli\u00e8res\" \/><span class=\"wpcf7-list-item-label\">Voitures particuli\u00e8res<\/span><\/label><\/span><span class=\"wpcf7-list-item\"><label><input type=\"checkbox\" name=\"equip-types[]\" value=\"Transport maritime \/ navires\" \/><span class=\"wpcf7-list-item-label\">Transport maritime \/ navires<\/span><\/label><\/span><span class=\"wpcf7-list-item\"><label><input type=\"checkbox\" name=\"equip-types[]\" value=\"Groupes \u00e9lectrog\u00e8nes diesel, chaudi\u00e8res, br\u00fbleurs\" \/><span class=\"wpcf7-list-item-label\">Groupes \u00e9lectrog\u00e8nes diesel, chaudi\u00e8res, br\u00fbleurs<\/span><\/label><\/span><span class=\"wpcf7-list-item\"><label><input type=\"checkbox\" name=\"equip-types[]\" value=\"Stations-service \/ r\u00e9servoirs fixes de carburant\" \/><span class=\"wpcf7-list-item-label\">Stations-service \/ r\u00e9servoirs fixes de carburant<\/span><\/label><\/span><span class=\"wpcf7-list-item\"><label><input type=\"checkbox\" name=\"equip-types[]\" value=\"Machines agricoles \/ foresti\u00e8res\" \/><span class=\"wpcf7-list-item-label\">Machines agricoles \/ foresti\u00e8res<\/span><\/label><\/span><span class=\"wpcf7-list-item\"><label><input type=\"checkbox\" name=\"equip-types[]\" value=\"Transport ferroviaire\" \/><span class=\"wpcf7-list-item-label\">Transport ferroviaire<\/span><\/label><\/span><span class=\"wpcf7-list-item\"><label><input type=\"checkbox\" name=\"equip-types[]\" value=\"Mat\u00e9riel minier \/ de construction\" \/><span class=\"wpcf7-list-item-label\">Mat\u00e9riel minier \/ de construction<\/span><\/label><\/span><span class=\"wpcf7-list-item last\"><label><input type=\"checkbox\" name=\"equip-types[]\" value=\"Autre\" \/><span class=\"wpcf7-list-item-label\">Autre<\/span><\/label><\/span><\/span><\/span>\n\t\t<\/p>\n\t<\/div>\n\t<div style=\"display: inline-block; margin-right: 30px; margin-bottom: 10px;\">\n\t\t<p>Marques que vous repr\u00e9sentez actuellement\n\t\t<\/p>\n\t\t<p><span class=\"wpcf7-form-control-wrap\" data-name=\"brands-now\"><input size=\"40\" maxlength=\"400\" class=\"wpcf7-form-control wpcf7-text wpcf7-validates-as-required\" aria-required=\"true\" aria-invalid=\"false\" value=\"\" type=\"text\" name=\"brands-now\" \/><\/span>\n\t\t<\/p>\n\t<\/div>\n\t<div style=\"display: inline-block; margin-right: 30px; margin-bottom: 10px;\">\n\t\t<p>Logiciels de t\u00e9l\u00e9matique que vous utilisez\n\t\t<\/p>\n\t\t<p><span class=\"wpcf7-form-control-wrap\" data-name=\"sw-used\"><input size=\"40\" maxlength=\"400\" class=\"wpcf7-form-control wpcf7-text wpcf7-validates-as-required\" aria-required=\"true\" aria-invalid=\"false\" value=\"\" type=\"text\" name=\"sw-used\" \/><\/span>\n\t\t<\/p>\n\t<\/div>\n<hr style=\"margin: 18px 0;\" \/>\n\n<!-- 3. Team -->\n\t<div style=\"margin-bottom: 10px;\">\n\t\t<p><strong>3. \u00c9quipe<\/strong>\n\t\t<\/p>\n\t<\/div>\n\t<div style=\"display: inline-block; margin-right: 30px; margin-bottom: 10px;\">\n\t\t<p>Nombre total d\u2019employ\u00e9s\n\t\t<\/p>\n\t\t<p><span class=\"wpcf7-form-control-wrap\" data-name=\"staff-total\"><input class=\"wpcf7-form-control wpcf7-number wpcf7-validates-as-required wpcf7-validates-as-number\" min=\"0\" aria-required=\"true\" aria-invalid=\"false\" value=\"\" type=\"number\" name=\"staff-total\" \/><\/span>\n\t\t<\/p>\n\t<\/div>\n\t<div style=\"display: inline-block; margin-right: 30px; margin-bottom: 10px;\">\n\t\t<p>Avez-vous un d\u00e9partement technique d\u00e9di\u00e9 ?\n\t\t<\/p>\n\t\t<p><span class=\"wpcf7-form-control-wrap\" data-name=\"dept-tech\"><span class=\"wpcf7-form-control wpcf7-radio\"><span class=\"wpcf7-list-item first\"><label><input type=\"radio\" name=\"dept-tech\" value=\"Oui\" \/><span class=\"wpcf7-list-item-label\">Oui<\/span><\/label><\/span><span class=\"wpcf7-list-item last\"><label><input type=\"radio\" name=\"dept-tech\" value=\"Non\" \/><span class=\"wpcf7-list-item-label\">Non<\/span><\/label><\/span><\/span><\/span>\n\t\t<\/p>\n\t<\/div>\n\t<div>\n\t<\/div>\n\t<div style=\"display: inline-block; margin-right: 30px; margin-bottom: 10px;\">\n\t\t<p>Nombre d\u2019installateurs\n\t\t<\/p>\n\t\t<p><span class=\"wpcf7-form-control-wrap\" data-name=\"staff-installers\"><input class=\"wpcf7-form-control wpcf7-number wpcf7-validates-as-required wpcf7-validates-as-number\" min=\"0\" aria-required=\"true\" aria-invalid=\"false\" value=\"\" type=\"number\" name=\"staff-installers\" \/><\/span>\n\t\t<\/p>\n\t<\/div>\n\t<div style=\"display: inline-block; margin-right: 30px; margin-bottom: 10px;\">\n\t\t<p>Nombre de commerciaux\n\t\t<\/p>\n\t\t<p><span class=\"wpcf7-form-control-wrap\" data-name=\"staff-sales\"><input class=\"wpcf7-form-control wpcf7-number wpcf7-validates-as-required wpcf7-validates-as-number\" min=\"0\" aria-required=\"true\" aria-invalid=\"false\" value=\"\" type=\"number\" name=\"staff-sales\" \/><\/span>\n\t\t<\/p>\n\t<\/div>\n\t<div style=\"display: inline-block; margin-right: 30px; margin-bottom: 10px;\">\n\t\t<p>Nombre d\u2019ing\u00e9nieurs \/ personnel de support\n\t\t<\/p>\n\t\t<p><span class=\"wpcf7-form-control-wrap\" data-name=\"staff-support\"><input class=\"wpcf7-form-control wpcf7-number wpcf7-validates-as-required wpcf7-validates-as-number\" min=\"0\" aria-required=\"true\" aria-invalid=\"false\" value=\"\" type=\"number\" name=\"staff-support\" \/><\/span>\n\t\t<\/p>\n\t<\/div>\n<hr style=\"margin: 18px 0;\" \/>\n\n<!-- 4. Business & Projects -->\n\t<div style=\"margin-bottom: 10px;\">\n\t\t<p><strong>4. Activit\u00e9 & Projets<\/strong>\n\t\t<\/p>\n\t<\/div>\n\t<div style=\"display: inline-block; margin-right: 30px; margin-bottom: 10px;\">\n\t\t<p>Nombre moyen d\u2019installations\/projets par mois\n\t\t<\/p>\n\t\t<p><span class=\"wpcf7-form-control-wrap\" data-name=\"avg-projects\"><input class=\"wpcf7-form-control wpcf7-number wpcf7-validates-as-required wpcf7-validates-as-number\" min=\"0\" aria-required=\"true\" aria-invalid=\"false\" value=\"\" type=\"number\" name=\"avg-projects\" \/><\/span>\n\t\t<\/p>\n\t<\/div>\n\t<div style=\"display: inline-block; margin-right: 30px; margin-bottom: 10px;\">\n\t\t<p>Produits \/ solutions Technoton qui vous int\u00e9ressent le plus\n\t\t<\/p>\n\t\t<p><span class=\"wpcf7-form-control-wrap\" data-name=\"technoton-products\"><input size=\"40\" maxlength=\"400\" class=\"wpcf7-form-control wpcf7-text wpcf7-validates-as-required\" aria-required=\"true\" aria-invalid=\"false\" value=\"\" type=\"text\" name=\"technoton-products\" \/><\/span>\n\t\t<\/p>\n\t<\/div>\n\t<div style=\"display: inline-block; margin-right: 30px; margin-bottom: 10px;\">\n\t\t<p>R\u00e9gions \/ pays o\u00f9 vous pr\u00e9voyez de travailler avec les produits Technoton\n\t\t<\/p>\n\t\t<p><span class=\"wpcf7-form-control-wrap\" data-name=\"regions\"><input size=\"40\" maxlength=\"400\" class=\"wpcf7-form-control wpcf7-text wpcf7-validates-as-required\" aria-required=\"true\" aria-invalid=\"false\" value=\"\" type=\"text\" name=\"regions\" \/><\/span>\n\t\t<\/p>\n\t<\/div>\n<hr style=\"margin: 18px 0;\" \/>\n\n<!-- 5. Contact Details -->\n\t<div style=\"margin-bottom: 10px;\">\n\t\t<p><strong>5. Coordonn\u00e9es<\/strong>\n\t\t<\/p>\n\t<\/div>\n\t<div style=\"display: inline-block; margin-right: 30px; margin-bottom: 10px;\">\n\t\t<p>Pr\u00e9nom & nom\n\t\t<\/p>\n\t\t<p><span class=\"wpcf7-form-control-wrap\" data-name=\"full-name\"><input size=\"40\" maxlength=\"400\" class=\"wpcf7-form-control wpcf7-text wpcf7-validates-as-required\" aria-required=\"true\" aria-invalid=\"false\" value=\"\" type=\"text\" name=\"full-name\" \/><\/span>\n\t\t<\/p>\n\t<\/div>\n\t<div style=\"display: inline-block; margin-right: 30px; margin-bottom: 10px;\">\n\t\t<p>Poste occup\u00e9\n\t\t<\/p>\n\t\t<p><span class=\"wpcf7-form-control-wrap\" data-name=\"job-title\"><input size=\"40\" maxlength=\"400\" class=\"wpcf7-form-control wpcf7-text wpcf7-validates-as-required\" aria-required=\"true\" aria-invalid=\"false\" value=\"\" type=\"text\" name=\"job-title\" \/><\/span>\n\t\t<\/p>\n\t<\/div>\n\t<div style=\"display: inline-block; margin-right: 30px; margin-bottom: 10px;\">\n\t\t<p>E-mail\n\t\t<\/p>\n\t\t<p><span class=\"wpcf7-form-control-wrap\" data-name=\"email\"><input size=\"40\" maxlength=\"400\" class=\"wpcf7-form-control wpcf7-email wpcf7-validates-as-required wpcf7-text wpcf7-validates-as-email\" aria-required=\"true\" aria-invalid=\"false\" value=\"\" type=\"email\" name=\"email\" \/><\/span>\n\t\t<\/p>\n\t<\/div>\n\t<div style=\"display: inline-block; margin-right: 30px; margin-bottom: 10px;\">\n\t\t<p>T\u00e9l\u00e9phone\n\t\t<\/p>\n\t\t<p><span class=\"wpcf7-form-control-wrap\" data-name=\"phone\"><input size=\"40\" maxlength=\"400\" class=\"wpcf7-form-control wpcf7-tel wpcf7-validates-as-required wpcf7-text wpcf7-validates-as-tel\" aria-required=\"true\" aria-invalid=\"false\" value=\"\" type=\"tel\" name=\"phone\" \/><\/span>\n\t\t<\/p>\n\t<\/div>\n<\/div>\n<p><input class=\"wpcf7-form-control wpcf7-submit has-spinner\" type=\"submit\" value=\"Envoyer\" \/>\n<\/p><p style=\"display: none !important;\" class=\"akismet-fields-container\" data-prefix=\"_wpcf7_ak_\"><label>&#916;<textarea name=\"_wpcf7_ak_hp_textarea\" cols=\"45\" rows=\"8\" maxlength=\"100\"><\/textarea><\/label><input type=\"hidden\" id=\"ak_js_1\" name=\"_wpcf7_ak_js\" value=\"114\"\/><script>document.getElementById( \"ak_js_1\" ).setAttribute( \"value\", ( new Date() ).getTime() );<\/script><\/p><div class=\"wpcf7-response-output\" aria-hidden=\"true\"><\/div>\n<\/form>\n<\/div>\n<div class=\"ult-spacer spacer-69d77c1d56453\" data-id=\"69d77c1d56453\" data-height=\"40\" data-height-mobile=\"1\" data-height-tab=\"1\" data-height-tab-portrait=\"1\" data-height-mobile-landscape=\"1\" style=\"clear:both;display:block;\"><\/div>[\/vc_column][vc_column width=\u00a0\u00bb1\/12&Prime;][\/vc_column][\/vc_row]<\/p>\n<\/div>","protected":false},"excerpt":{"rendered":"<p>[vc_row][vc_column][vc_column_text css=\u00a0\u00bb\u00a0\u00bb] Commencez avec des produits de surveillance du carburant haut de gamme et des solutions de t\u00e9l\u00e9matique avanc\u00e9es \u2013 rejoignez notre programme de partenariat exclusif Technoton [\/vc_column_text][vc_column_text css=\u00a0\u00bb\u00a0\u00bb] Remplissez et soumettez votre demande. Nous vous contacterons dans les meilleurs d\u00e9lais pour vous pr\u00e9senter les conditions de notre programme de partenariat. D\u00e9finissez avec nous la [&hellip;]<\/p>\n","protected":false},"author":8,"featured_media":0,"parent":112632,"menu_order":0,"comment_status":"closed","ping_status":"closed","template":"","meta":{"footnotes":""},"class_list":["post-112873","page","type-page","status-publish","hentry"],"yoast_head":"<!-- This site is optimized with the Yoast SEO plugin v27.3 - https:\/\/yoast.com\/product\/yoast-seo-wordpress\/ -->\n<title>Candidature de partenaire pour les produits et solutions Technoton | Technoton<\/title>\n<meta name=\"robots\" content=\"index, follow, max-snippet:-1, max-image-preview:large, max-video-preview:-1\" \/>\n<link rel=\"canonical\" href=\"https:\/\/jv-technoton.com\/fr\/programme-de-partenariat-technoton\/application-de-partenariat\/\" \/>\n<meta property=\"og:locale\" content=\"fr_FR\" \/>\n<meta property=\"og:type\" content=\"article\" \/>\n<meta property=\"og:title\" content=\"Candidature de partenaire pour les produits et solutions Technoton | Technoton\" \/>\n<meta property=\"og:description\" content=\"[vc_row][vc_column][vc_column_text css=\u00a0\u00bb\u00a0\u00bb] Commencez avec des produits de surveillance du carburant haut de gamme et des solutions de t\u00e9l\u00e9matique avanc\u00e9es \u2013 rejoignez notre programme de partenariat exclusif Technoton [\/vc_column_text][vc_column_text css=\u00a0\u00bb\u00a0\u00bb] Remplissez et soumettez votre demande. Nous vous contacterons dans les meilleurs d\u00e9lais pour vous pr\u00e9senter les conditions de notre programme de partenariat. D\u00e9finissez avec nous la [&hellip;]\" \/>\n<meta property=\"og:url\" content=\"https:\/\/jv-technoton.com\/fr\/programme-de-partenariat-technoton\/application-de-partenariat\/\" \/>\n<meta property=\"og:site_name\" content=\"Technoton\" \/>\n<meta property=\"article:modified_time\" content=\"2025-08-29T11:43:17+00:00\" \/>\n<meta name=\"twitter:card\" content=\"summary_large_image\" \/>\n<meta name=\"twitter:label1\" content=\"Dur\u00e9e de lecture estim\u00e9e\" \/>\n\t<meta name=\"twitter:data1\" content=\"1 minute\" \/>\n<script type=\"application\/ld+json\" class=\"yoast-schema-graph\">{\"@context\":\"https:\\\/\\\/schema.org\",\"@graph\":[{\"@type\":\"WebPage\",\"@id\":\"https:\\\/\\\/jv-technoton.com\\\/fr\\\/programme-de-partenariat-technoton\\\/application-de-partenariat\\\/\",\"url\":\"https:\\\/\\\/jv-technoton.com\\\/fr\\\/programme-de-partenariat-technoton\\\/application-de-partenariat\\\/\",\"name\":\"Candidature de partenaire pour les produits et solutions Technoton | Technoton\",\"isPartOf\":{\"@id\":\"https:\\\/\\\/jv-technoton.com\\\/#website\"},\"datePublished\":\"2024-12-20T08:10:42+00:00\",\"dateModified\":\"2025-08-29T11:43:17+00:00\",\"breadcrumb\":{\"@id\":\"https:\\\/\\\/jv-technoton.com\\\/fr\\\/programme-de-partenariat-technoton\\\/application-de-partenariat\\\/#breadcrumb\"},\"inLanguage\":\"fr-FR\",\"potentialAction\":[{\"@type\":\"ReadAction\",\"target\":[\"https:\\\/\\\/jv-technoton.com\\\/fr\\\/programme-de-partenariat-technoton\\\/application-de-partenariat\\\/\"]}]},{\"@type\":\"BreadcrumbList\",\"@id\":\"https:\\\/\\\/jv-technoton.com\\\/fr\\\/programme-de-partenariat-technoton\\\/application-de-partenariat\\\/#breadcrumb\",\"itemListElement\":[{\"@type\":\"ListItem\",\"position\":1,\"name\":\"Home\",\"item\":\"https:\\\/\\\/jv-technoton.com\\\/fr\\\/\"},{\"@type\":\"ListItem\",\"position\":2,\"name\":\"Programme de Partenariat Technoton\",\"item\":\"https:\\\/\\\/jv-technoton.com\\\/fr\\\/programme-de-partenariat-technoton\\\/\"},{\"@type\":\"ListItem\",\"position\":3,\"name\":\"Candidature de partenaire pour les produits et solutions Technoton\"}]},{\"@type\":\"WebSite\",\"@id\":\"https:\\\/\\\/jv-technoton.com\\\/#website\",\"url\":\"https:\\\/\\\/jv-technoton.com\\\/\",\"name\":\"Advanced machinery telematics and fuel monitoring\",\"description\":\"T\u00e9l\u00e9matique et suivi du carburant pour machines complexes\",\"publisher\":{\"@id\":\"https:\\\/\\\/jv-technoton.com\\\/#organization\"},\"potentialAction\":[{\"@type\":\"SearchAction\",\"target\":{\"@type\":\"EntryPoint\",\"urlTemplate\":\"https:\\\/\\\/jv-technoton.com\\\/?s={search_term_string}\"},\"query-input\":{\"@type\":\"PropertyValueSpecification\",\"valueRequired\":true,\"valueName\":\"search_term_string\"}}],\"inLanguage\":\"fr-FR\"},{\"@type\":\"Organization\",\"@id\":\"https:\\\/\\\/jv-technoton.com\\\/#organization\",\"name\":\"Technoton\",\"url\":\"https:\\\/\\\/jv-technoton.com\\\/\",\"logo\":{\"@type\":\"ImageObject\",\"inLanguage\":\"fr-FR\",\"@id\":\"https:\\\/\\\/jv-technoton.com\\\/#\\\/schema\\\/logo\\\/image\\\/\",\"url\":\"https:\\\/\\\/jv-technoton.com\\\/wp-content\\\/uploads\\\/2022\\\/02\\\/technoton_logo_web.png\",\"contentUrl\":\"https:\\\/\\\/jv-technoton.com\\\/wp-content\\\/uploads\\\/2022\\\/02\\\/technoton_logo_web.png\",\"width\":800,\"height\":329,\"caption\":\"Technoton\"},\"image\":{\"@id\":\"https:\\\/\\\/jv-technoton.com\\\/#\\\/schema\\\/logo\\\/image\\\/\"},\"sameAs\":[\"https:\\\/\\\/www.linkedin.com\\\/company\\\/technoton\"]}]}<\/script>\n<!-- \/ Yoast SEO plugin. -->","yoast_head_json":{"title":"Candidature de partenaire pour les produits et solutions Technoton | Technoton","robots":{"index":"index","follow":"follow","max-snippet":"max-snippet:-1","max-image-preview":"max-image-preview:large","max-video-preview":"max-video-preview:-1"},"canonical":"https:\/\/jv-technoton.com\/fr\/programme-de-partenariat-technoton\/application-de-partenariat\/","og_locale":"fr_FR","og_type":"article","og_title":"Candidature de partenaire pour les produits et solutions Technoton | Technoton","og_description":"[vc_row][vc_column][vc_column_text css=\u00a0\u00bb\u00a0\u00bb] Commencez avec des produits de surveillance du carburant haut de gamme et des solutions de t\u00e9l\u00e9matique avanc\u00e9es \u2013 rejoignez notre programme de partenariat exclusif Technoton [\/vc_column_text][vc_column_text css=\u00a0\u00bb\u00a0\u00bb] Remplissez et soumettez votre demande. Nous vous contacterons dans les meilleurs d\u00e9lais pour vous pr\u00e9senter les conditions de notre programme de partenariat. D\u00e9finissez avec nous la [&hellip;]","og_url":"https:\/\/jv-technoton.com\/fr\/programme-de-partenariat-technoton\/application-de-partenariat\/","og_site_name":"Technoton","article_modified_time":"2025-08-29T11:43:17+00:00","twitter_card":"summary_large_image","twitter_misc":{"Dur\u00e9e de lecture estim\u00e9e":"1 minute"},"schema":{"@context":"https:\/\/schema.org","@graph":[{"@type":"WebPage","@id":"https:\/\/jv-technoton.com\/fr\/programme-de-partenariat-technoton\/application-de-partenariat\/","url":"https:\/\/jv-technoton.com\/fr\/programme-de-partenariat-technoton\/application-de-partenariat\/","name":"Candidature de partenaire pour les produits et solutions Technoton | Technoton","isPartOf":{"@id":"https:\/\/jv-technoton.com\/#website"},"datePublished":"2024-12-20T08:10:42+00:00","dateModified":"2025-08-29T11:43:17+00:00","breadcrumb":{"@id":"https:\/\/jv-technoton.com\/fr\/programme-de-partenariat-technoton\/application-de-partenariat\/#breadcrumb"},"inLanguage":"fr-FR","potentialAction":[{"@type":"ReadAction","target":["https:\/\/jv-technoton.com\/fr\/programme-de-partenariat-technoton\/application-de-partenariat\/"]}]},{"@type":"BreadcrumbList","@id":"https:\/\/jv-technoton.com\/fr\/programme-de-partenariat-technoton\/application-de-partenariat\/#breadcrumb","itemListElement":[{"@type":"ListItem","position":1,"name":"Home","item":"https:\/\/jv-technoton.com\/fr\/"},{"@type":"ListItem","position":2,"name":"Programme de Partenariat Technoton","item":"https:\/\/jv-technoton.com\/fr\/programme-de-partenariat-technoton\/"},{"@type":"ListItem","position":3,"name":"Candidature de partenaire pour les produits et solutions Technoton"}]},{"@type":"WebSite","@id":"https:\/\/jv-technoton.com\/#website","url":"https:\/\/jv-technoton.com\/","name":"Advanced machinery telematics and fuel monitoring","description":"T\u00e9l\u00e9matique et suivi du carburant pour machines complexes","publisher":{"@id":"https:\/\/jv-technoton.com\/#organization"},"potentialAction":[{"@type":"SearchAction","target":{"@type":"EntryPoint","urlTemplate":"https:\/\/jv-technoton.com\/?s={search_term_string}"},"query-input":{"@type":"PropertyValueSpecification","valueRequired":true,"valueName":"search_term_string"}}],"inLanguage":"fr-FR"},{"@type":"Organization","@id":"https:\/\/jv-technoton.com\/#organization","name":"Technoton","url":"https:\/\/jv-technoton.com\/","logo":{"@type":"ImageObject","inLanguage":"fr-FR","@id":"https:\/\/jv-technoton.com\/#\/schema\/logo\/image\/","url":"https:\/\/jv-technoton.com\/wp-content\/uploads\/2022\/02\/technoton_logo_web.png","contentUrl":"https:\/\/jv-technoton.com\/wp-content\/uploads\/2022\/02\/technoton_logo_web.png","width":800,"height":329,"caption":"Technoton"},"image":{"@id":"https:\/\/jv-technoton.com\/#\/schema\/logo\/image\/"},"sameAs":["https:\/\/www.linkedin.com\/company\/technoton"]}]}},"rttpg_featured_image_url":null,"rttpg_author":{"display_name":"Tretyakov Sergey","author_link":"https:\/\/jv-technoton.com\/fr\/author\/sergei_tretyakov\/"},"rttpg_comment":0,"rttpg_category":false,"rttpg_excerpt":"[vc_row][vc_column][vc_column_text css=\u00a0\u00bb\u00a0\u00bb] Commencez avec des produits de surveillance du carburant haut de gamme et des solutions de t\u00e9l\u00e9matique avanc\u00e9es \u2013 rejoignez notre programme de partenariat exclusif Technoton [\/vc_column_text][vc_column_text css=\u00a0\u00bb\u00a0\u00bb] Remplissez et soumettez votre demande. Nous vous contacterons dans les meilleurs d\u00e9lais pour vous pr\u00e9senter les conditions de notre programme de partenariat. D\u00e9finissez avec nous la\u2026","_links":{"self":[{"href":"https:\/\/jv-technoton.com\/fr\/wp-json\/wp\/v2\/pages\/112873","targetHints":{"allow":["GET"]}}],"collection":[{"href":"https:\/\/jv-technoton.com\/fr\/wp-json\/wp\/v2\/pages"}],"about":[{"href":"https:\/\/jv-technoton.com\/fr\/wp-json\/wp\/v2\/types\/page"}],"author":[{"embeddable":true,"href":"https:\/\/jv-technoton.com\/fr\/wp-json\/wp\/v2\/users\/8"}],"replies":[{"embeddable":true,"href":"https:\/\/jv-technoton.com\/fr\/wp-json\/wp\/v2\/comments?post=112873"}],"version-history":[{"count":2,"href":"https:\/\/jv-technoton.com\/fr\/wp-json\/wp\/v2\/pages\/112873\/revisions"}],"predecessor-version":[{"id":124825,"href":"https:\/\/jv-technoton.com\/fr\/wp-json\/wp\/v2\/pages\/112873\/revisions\/124825"}],"up":[{"embeddable":true,"href":"https:\/\/jv-technoton.com\/fr\/wp-json\/wp\/v2\/pages\/112632"}],"wp:attachment":[{"href":"https:\/\/jv-technoton.com\/fr\/wp-json\/wp\/v2\/media?parent=112873"}],"curies":[{"name":"wp","href":"https:\/\/api.w.org\/{rel}","templated":true}]}}