{"id":113292,"date":"2024-12-18T16:05:44","date_gmt":"2024-12-18T13:05:44","guid":{"rendered":"https:\/\/jv-technoton.com\/?page_id=113292"},"modified":"2026-03-16T14:43:13","modified_gmt":"2026-03-16T11:43:13","slug":"demande-de-surveillance-de-la-consommation-de-carburant","status":"publish","type":"page","link":"https:\/\/jv-technoton.com\/fr\/surveillance-de-la-consommation-de-carburant\/demande-de-surveillance-de-la-consommation-de-carburant\/","title":{"rendered":"Demande de surveillance de la consommation de carburant"},"content":{"rendered":"<div class=\"wpb-content-wrapper\"><p>[vc_row][vc_column]<div class=\"ult-spacer spacer-69d032347fffc\" data-id=\"69d032347fffc\" data-height=\"22\" data-height-mobile=\"22\" data-height-tab=\"22\" data-height-tab-portrait=\"\" data-height-mobile-landscape=\"\" style=\"clear:both;display:block;\"><\/div>[vc_column_text]<\/p>\n<h1>Demande de surveillance de la consommation de carburant<\/h1>\n<p>[\/vc_column_text][vc_row_inner][vc_column_inner][vc_column_text]Veuillez remplir le formulaire ci-dessous afin que nos \u00e9quipes techniques et commerciales puissent pr\u00e9parer les informations pour la <a href=\"https:\/\/jv-technoton.com\/fr\/surveillance-de-la-consommation-de-carburant\/\">surveillance de la consommation de carburant<\/a>, adapt\u00e9es \u00e0 vos besoins.[\/vc_column_text][\/vc_column_inner][\/vc_row_inner][\/vc_column][\/vc_row][vc_row][vc_column width=\u00a0\u00bb1\/4&Prime;][\/vc_column][vc_column width=\u00a0\u00bb1\/2&Prime; offset=\u00a0\u00bbvc_hidden-sm vc_hidden-xs\u00a0\u00bb][vc_raw_html css=\u00a0\u00bb\u00a0\u00bb]JTNDaWZyYW1lJTIwYXJpYS1sYWJlbCUzRCUyN1pvaG8lMjBGb3JtJTNBJTIwJUQwJTk3JUQwJUIwJUQwJUI0JUQwJUIwJUQxJTg3JUQwJUIwJTIwJUQwJTlBJUQwJUJFJUQwJUJEJUQxJTgyJUQxJTgwJUQwJUJFJUQwJUJCJUQxJThDJTIwJUQxJTgwJUQwJUIwJUQxJTgxJUQxJTg1JUQwJUJFJUQwJUI0JUQwJUIwJTIwJUQxJTgyJUQwJUJFJUQwJUJGJUQwJUJCJUQwJUI4JUQwJUIyJUQwJUIwJTIwVFQlMjBSVSUyNyUyMGZyYW1lYm9yZGVyJTNEJTIyMCUyMiUyMHN0eWxlJTNEJTIyaGVpZ2h0JTNBNjAwcHglM0J3aWR0aCUzQTk5JTI1JTNCYm9yZGVyJTNBbm9uZSUzQiUyMiUyMHNyYyUzRCUyN2h0dHBzJTNBJTJGJTJGZm9ybXMuem9ob3B1YmxpYy5jb20lMkZ6b2hvMTc5MjElMkZmb3JtJTJGWm9ob0Zvcm1UVFJVJTJGZm9ybXBlcm1hJTJGcVFqVmpVcWJEZXoxaUdEUTZrNEo0WFQtMmlqX1FCUlpSNGhwQUViYU90dyUzRnpmX2xhbmclM0RmciUyNyUzRSUzQyUyRmlmcmFtZSUzRQ==[\/vc_raw_html][\/vc_column][vc_column width=\u00a0\u00bb1\/4&Prime;][\/vc_column][\/vc_row][vc_row][vc_column width=\u00a0\u00bb1\/4&Prime;][\/vc_column][vc_column width=\u00a0\u00bb1\/2&Prime; offset=\u00a0\u00bbvc_hidden-lg vc_hidden-md\u00a0\u00bb][vc_raw_html css=\u00a0\u00bb\u00a0\u00bb]JTNDaWZyYW1lJTIwYXJpYS1sYWJlbCUzRCUyN1pvaG8lMjBGb3JtJTNBJTIwJUQwJTk3JUQwJUIwJUQwJUI0JUQwJUIwJUQxJTg3JUQwJUIwJTIwJUQwJTlBJUQwJUJFJUQwJUJEJUQxJTgyJUQxJTgwJUQwJUJFJUQwJUJCJUQxJThDJTIwJUQxJTgwJUQwJUIwJUQxJTgxJUQxJTg1JUQwJUJFJUQwJUI0JUQwJUIwJTIwJUQxJTgyJUQwJUJFJUQwJUJGJUQwJUJCJUQwJUI4JUQwJUIyJUQwJUIwJTIwVFQlMjBSVSUyNyUyMGZyYW1lYm9yZGVyJTNEJTIyMCUyMiUyMHN0eWxlJTNEJTIyaGVpZ2h0JTNBODUwcHglM0J3aWR0aCUzQTk5JTI1JTNCYm9yZGVyJTNBbm9uZSUzQiUyMiUyMHNyYyUzRCUyN2h0dHBzJTNBJTJGJTJGZm9ybXMuem9ob3B1YmxpYy5jb20lMkZ6b2hvMTc5MjElMkZmb3JtJTJGWm9ob0Zvcm1UVFJVJTJGZm9ybXBlcm1hJTJGcVFqVmpVcWJEZXoxaUdEUTZrNEo0WFQtMmlqX1FCUlpSNGhwQUViYU90dyUzRnpmX2xhbmclM0RmciUyNyUzRSUzQyUyRmlmcmFtZSUzRQ==[\/vc_raw_html][\/vc_column][vc_column width=\u00a0\u00bb1\/4&Prime;][\/vc_column][\/vc_row][vc_row disable_element=\u00a0\u00bbyes\u00a0\u00bb][vc_column width=\u00a0\u00bb1\/4&Prime;][\/vc_column][vc_column width=\u00a0\u00bb1\/2&Prime;][vc_column_text]\n<div class=\"wpcf7 no-js\" id=\"wpcf7-f113294-o1\" lang=\"en-US\" dir=\"ltr\" data-wpcf7-id=\"113294\">\n<div class=\"screen-reader-response\"><p role=\"status\" aria-live=\"polite\" aria-atomic=\"true\"><\/p> <ul><\/ul><\/div>\n<form action=\"\/fr\/wp-json\/wp\/v2\/pages\/113292#wpcf7-f113294-o1\" method=\"post\" class=\"wpcf7-form init\" aria-label=\"Contact form\" novalidate=\"novalidate\" data-status=\"init\">\n<fieldset class=\"hidden-fields-container\"><input type=\"hidden\" name=\"_wpcf7\" value=\"113294\" \/><input type=\"hidden\" name=\"_wpcf7_version\" value=\"6.1.5\" \/><input type=\"hidden\" name=\"_wpcf7_locale\" value=\"en_US\" \/><input type=\"hidden\" name=\"_wpcf7_unit_tag\" value=\"wpcf7-f113294-o1\" \/><input type=\"hidden\" name=\"_wpcf7_container_post\" value=\"0\" \/><input type=\"hidden\" name=\"_wpcf7_posted_data_hash\" value=\"\" \/>\n<\/fieldset>\n<p><label> Votre nom *<br \/>\n<span class=\"wpcf7-form-control-wrap\" data-name=\"your-name\"><input size=\"40\" maxlength=\"400\" class=\"wpcf7-form-control wpcf7-text wpcf7-validates-as-required\" aria-required=\"true\" aria-invalid=\"false\" value=\"\" type=\"text\" name=\"your-name\" \/><\/span> <\/label>\n<\/p>\n<p><label> Entreprise *<br \/>\n<span class=\"wpcf7-form-control-wrap\" data-name=\"comp\"><input size=\"40\" maxlength=\"400\" class=\"wpcf7-form-control wpcf7-text wpcf7-validates-as-required\" aria-required=\"true\" aria-invalid=\"false\" value=\"\" type=\"text\" name=\"comp\" \/><\/span> <\/label>\n<\/p>\n<p><label> T\u00e9l\u00e9phone *<br \/>\n<span class=\"wpcf7-form-control-wrap\" data-name=\"tel-114\"><input size=\"40\" maxlength=\"400\" class=\"wpcf7-form-control wpcf7-tel wpcf7-validates-as-required wpcf7-text wpcf7-validates-as-tel\" aria-required=\"true\" aria-invalid=\"false\" value=\"\" type=\"tel\" name=\"tel-114\" \/><\/span><\/label>\n<\/p>\n<p><label> E-mail *<br \/>\n<span class=\"wpcf7-form-control-wrap\" data-name=\"your-email\"><input size=\"40\" maxlength=\"400\" class=\"wpcf7-form-control wpcf7-email wpcf7-validates-as-required wpcf7-text wpcf7-validates-as-email\" aria-required=\"true\" aria-invalid=\"false\" value=\"\" type=\"email\" name=\"your-email\" \/><\/span> <\/label>\n<\/p>\n<p><label> Pays *<br \/>\n<span class=\"wpcf7-form-control-wrap\" data-name=\"text-299\"><input size=\"40\" maxlength=\"400\" class=\"wpcf7-form-control wpcf7-text wpcf7-validates-as-required\" aria-required=\"true\" aria-invalid=\"false\" value=\"\" type=\"text\" name=\"text-299\" \/><\/span><\/label>\n<\/p>\n<p><label> Message *<br \/>\n<span class=\"wpcf7-form-control-wrap\" data-name=\"your-message\"><textarea cols=\"40\" rows=\"10\" maxlength=\"2000\" class=\"wpcf7-form-control wpcf7-textarea wpcf7-validates-as-required\" aria-required=\"true\" aria-invalid=\"false\" name=\"your-message\"><\/textarea><\/span><\/label>\n<\/p>\n<div style=\"padding:10px 0;\">\n\t<p><span class=\"wpcf7-form-control-wrap\" data-name=\"acceptance-682\"><span class=\"wpcf7-form-control wpcf7-acceptance\"><span class=\"wpcf7-list-item\"><label><input type=\"checkbox\" name=\"acceptance-682\" value=\"1\" aria-invalid=\"false\" \/><span class=\"wpcf7-list-item-label\">J'accepte le traitement des donn\u00e9es personnelles<\/span><\/label><\/span><\/span><\/span>\n\t<\/p>\n<\/div>\n<p><input class=\"wpcf7-form-control wpcf7-submit has-spinner\" type=\"submit\" value=\"Envoyer\" \/>\n<\/p><p style=\"display: none !important;\" class=\"akismet-fields-container\" data-prefix=\"_wpcf7_ak_\"><label>&#916;<textarea name=\"_wpcf7_ak_hp_textarea\" cols=\"45\" rows=\"8\" maxlength=\"100\"><\/textarea><\/label><input type=\"hidden\" id=\"ak_js_1\" name=\"_wpcf7_ak_js\" value=\"152\"\/><script>document.getElementById( \"ak_js_1\" ).setAttribute( \"value\", ( new Date() ).getTime() );<\/script><\/p><div class=\"wpcf7-response-output\" aria-hidden=\"true\"><\/div>\n<\/form>\n<\/div>\n[\/vc_column_text][\/vc_column][vc_column width=\u00a0\u00bb1\/4&Prime;][\/vc_column][\/vc_row]<\/p>\n<\/div>","protected":false},"excerpt":{"rendered":"<p>[vc_row][vc_column][vc_column_text] Demande de surveillance de la consommation de carburant [\/vc_column_text][vc_row_inner][vc_column_inner][vc_column_text]Veuillez remplir le formulaire ci-dessous afin que nos \u00e9quipes techniques et commerciales puissent pr\u00e9parer les informations pour la surveillance de la consommation de carburant, adapt\u00e9es \u00e0 vos besoins.[\/vc_column_text][\/vc_column_inner][\/vc_row_inner][\/vc_column][\/vc_row][vc_row][vc_column width=\u00a0\u00bb1\/4&Prime;][\/vc_column][vc_column width=\u00a0\u00bb1\/2&Prime; offset=\u00a0\u00bbvc_hidden-sm vc_hidden-xs\u00a0\u00bb][vc_raw_html css=\u00a0\u00bb\u00a0\u00bb]JTNDaWZyYW1lJTIwYXJpYS1sYWJlbCUzRCUyN1pvaG8lMjBGb3JtJTNBJTIwJUQwJTk3JUQwJUIwJUQwJUI0JUQwJUIwJUQxJTg3JUQwJUIwJTIwJUQwJTlBJUQwJUJFJUQwJUJEJUQxJTgyJUQxJTgwJUQwJUJFJUQwJUJCJUQxJThDJTIwJUQxJTgwJUQwJUIwJUQxJTgxJUQxJTg1JUQwJUJFJUQwJUI0JUQwJUIwJTIwJUQxJTgyJUQwJUJFJUQwJUJGJUQwJUJCJUQwJUI4JUQwJUIyJUQwJUIwJTIwVFQlMjBSVSUyNyUyMGZyYW1lYm9yZGVyJTNEJTIyMCUyMiUyMHN0eWxlJTNEJTIyaGVpZ2h0JTNBNjAwcHglM0J3aWR0aCUzQTk5JTI1JTNCYm9yZGVyJTNBbm9uZSUzQiUyMiUyMHNyYyUzRCUyN2h0dHBzJTNBJTJGJTJGZm9ybXMuem9ob3B1YmxpYy5jb20lMkZ6b2hvMTc5MjElMkZmb3JtJTJGWm9ob0Zvcm1UVFJVJTJGZm9ybXBlcm1hJTJGcVFqVmpVcWJEZXoxaUdEUTZrNEo0WFQtMmlqX1FCUlpSNGhwQUViYU90dyUzRnpmX2xhbmclM0RmciUyNyUzRSUzQyUyRmlmcmFtZSUzRQ==[\/vc_raw_html][\/vc_column][vc_column width=\u00a0\u00bb1\/4&Prime;][\/vc_column][\/vc_row][vc_row][vc_column width=\u00a0\u00bb1\/4&Prime;][\/vc_column][vc_column width=\u00a0\u00bb1\/2&Prime; offset=\u00a0\u00bbvc_hidden-lg vc_hidden-md\u00a0\u00bb][vc_raw_html css=\u00a0\u00bb\u00a0\u00bb]JTNDaWZyYW1lJTIwYXJpYS1sYWJlbCUzRCUyN1pvaG8lMjBGb3JtJTNBJTIwJUQwJTk3JUQwJUIwJUQwJUI0JUQwJUIwJUQxJTg3JUQwJUIwJTIwJUQwJTlBJUQwJUJFJUQwJUJEJUQxJTgyJUQxJTgwJUQwJUJFJUQwJUJCJUQxJThDJTIwJUQxJTgwJUQwJUIwJUQxJTgxJUQxJTg1JUQwJUJFJUQwJUI0JUQwJUIwJTIwJUQxJTgyJUQwJUJFJUQwJUJGJUQwJUJCJUQwJUI4JUQwJUIyJUQwJUIwJTIwVFQlMjBSVSUyNyUyMGZyYW1lYm9yZGVyJTNEJTIyMCUyMiUyMHN0eWxlJTNEJTIyaGVpZ2h0JTNBODUwcHglM0J3aWR0aCUzQTk5JTI1JTNCYm9yZGVyJTNBbm9uZSUzQiUyMiUyMHNyYyUzRCUyN2h0dHBzJTNBJTJGJTJGZm9ybXMuem9ob3B1YmxpYy5jb20lMkZ6b2hvMTc5MjElMkZmb3JtJTJGWm9ob0Zvcm1UVFJVJTJGZm9ybXBlcm1hJTJGcVFqVmpVcWJEZXoxaUdEUTZrNEo0WFQtMmlqX1FCUlpSNGhwQUViYU90dyUzRnpmX2xhbmclM0RmciUyNyUzRSUzQyUyRmlmcmFtZSUzRQ==[\/vc_raw_html][\/vc_column][vc_column width=\u00a0\u00bb1\/4&Prime;][\/vc_column][\/vc_row][vc_row disable_element=\u00a0\u00bbyes\u00a0\u00bb][vc_column width=\u00a0\u00bb1\/4&Prime;][\/vc_column][vc_column width=\u00a0\u00bb1\/2&Prime;][vc_column_text][\/vc_column_text][\/vc_column][vc_column width=\u00a0\u00bb1\/4&Prime;][\/vc_column][\/vc_row]<\/p>\n","protected":false},"author":14,"featured_media":0,"parent":113113,"menu_order":0,"comment_status":"closed","ping_status":"closed","template":"","meta":{"footnotes":""},"class_list":["post-113292","page","type-page","status-publish","hentry"],"yoast_head":"<!-- This site is optimized with the Yoast SEO Premium plugin v18.1 (Yoast SEO v27.2) - https:\/\/yoast.com\/product\/yoast-seo-premium-wordpress\/ -->\n<title>Demande de surveillance de la consommation de carburant | Technoton<\/title>\n<meta name=\"robots\" content=\"index, follow, max-snippet:-1, max-image-preview:large, max-video-preview:-1\" \/>\n<link rel=\"canonical\" href=\"https:\/\/jv-technoton.com\/fr\/surveillance-de-la-consommation-de-carburant\/demande-de-surveillance-de-la-consommation-de-carburant\/\" \/>\n<meta property=\"og:locale\" content=\"fr_FR\" \/>\n<meta property=\"og:type\" content=\"article\" \/>\n<meta property=\"og:title\" content=\"Demande de surveillance de la consommation de carburant\" \/>\n<meta property=\"og:description\" content=\"[vc_row][vc_column][vc_column_text] Demande de surveillance de la consommation de carburant [\/vc_column_text][vc_row_inner][vc_column_inner][vc_column_text]Veuillez remplir le formulaire ci-dessous afin que nos \u00e9quipes techniques et commerciales puissent pr\u00e9parer les informations pour la surveillance de la consommation de carburant, adapt\u00e9es \u00e0 vos besoins.[\/vc_column_text][\/vc_column_inner][\/vc_row_inner][\/vc_column][\/vc_row][vc_row][vc_column width=\u00a0\u00bb1\/4&Prime;][\/vc_column][vc_column width=\u00a0\u00bb1\/2&Prime; offset=\u00a0\u00bbvc_hidden-sm vc_hidden-xs\u00a0\u00bb][vc_raw_html css=\u00a0\u00bb\u00a0\u00bb]JTNDaWZyYW1lJTIwYXJpYS1sYWJlbCUzRCUyN1pvaG8lMjBGb3JtJTNBJTIwJUQwJTk3JUQwJUIwJUQwJUI0JUQwJUIwJUQxJTg3JUQwJUIwJTIwJUQwJTlBJUQwJUJFJUQwJUJEJUQxJTgyJUQxJTgwJUQwJUJFJUQwJUJCJUQxJThDJTIwJUQxJTgwJUQwJUIwJUQxJTgxJUQxJTg1JUQwJUJFJUQwJUI0JUQwJUIwJTIwJUQxJTgyJUQwJUJFJUQwJUJGJUQwJUJCJUQwJUI4JUQwJUIyJUQwJUIwJTIwVFQlMjBSVSUyNyUyMGZyYW1lYm9yZGVyJTNEJTIyMCUyMiUyMHN0eWxlJTNEJTIyaGVpZ2h0JTNBNjAwcHglM0J3aWR0aCUzQTk5JTI1JTNCYm9yZGVyJTNBbm9uZSUzQiUyMiUyMHNyYyUzRCUyN2h0dHBzJTNBJTJGJTJGZm9ybXMuem9ob3B1YmxpYy5jb20lMkZ6b2hvMTc5MjElMkZmb3JtJTJGWm9ob0Zvcm1UVFJVJTJGZm9ybXBlcm1hJTJGcVFqVmpVcWJEZXoxaUdEUTZrNEo0WFQtMmlqX1FCUlpSNGhwQUViYU90dyUzRnpmX2xhbmclM0RmciUyNyUzRSUzQyUyRmlmcmFtZSUzRQ==[\/vc_raw_html][\/vc_column][vc_column width=\u00a0\u00bb1\/4&Prime;][\/vc_column][\/vc_row][vc_row][vc_column width=\u00a0\u00bb1\/4&Prime;][\/vc_column][vc_column width=\u00a0\u00bb1\/2&Prime; offset=\u00a0\u00bbvc_hidden-lg vc_hidden-md\u00a0\u00bb][vc_raw_html css=\u00a0\u00bb\u00a0\u00bb]JTNDaWZyYW1lJTIwYXJpYS1sYWJlbCUzRCUyN1pvaG8lMjBGb3JtJTNBJTIwJUQwJTk3JUQwJUIwJUQwJUI0JUQwJUIwJUQxJTg3JUQwJUIwJTIwJUQwJTlBJUQwJUJFJUQwJUJEJUQxJTgyJUQxJTgwJUQwJUJFJUQwJUJCJUQxJThDJTIwJUQxJTgwJUQwJUIwJUQxJTgxJUQxJTg1JUQwJUJFJUQwJUI0JUQwJUIwJTIwJUQxJTgyJUQwJUJFJUQwJUJGJUQwJUJCJUQwJUI4JUQwJUIyJUQwJUIwJTIwVFQlMjBSVSUyNyUyMGZyYW1lYm9yZGVyJTNEJTIyMCUyMiUyMHN0eWxlJTNEJTIyaGVpZ2h0JTNBODUwcHglM0J3aWR0aCUzQTk5JTI1JTNCYm9yZGVyJTNBbm9uZSUzQiUyMiUyMHNyYyUzRCUyN2h0dHBzJTNBJTJGJTJGZm9ybXMuem9ob3B1YmxpYy5jb20lMkZ6b2hvMTc5MjElMkZmb3JtJTJGWm9ob0Zvcm1UVFJVJTJGZm9ybXBlcm1hJTJGcVFqVmpVcWJEZXoxaUdEUTZrNEo0WFQtMmlqX1FCUlpSNGhwQUViYU90dyUzRnpmX2xhbmclM0RmciUyNyUzRSUzQyUyRmlmcmFtZSUzRQ==[\/vc_raw_html][\/vc_column][vc_column width=\u00a0\u00bb1\/4&Prime;][\/vc_column][\/vc_row][vc_row disable_element=\u00a0\u00bbyes\u00a0\u00bb][vc_column width=\u00a0\u00bb1\/4&Prime;][\/vc_column][vc_column width=\u00a0\u00bb1\/2&Prime;][vc_column_text][\/vc_column_text][\/vc_column][vc_column width=\u00a0\u00bb1\/4&Prime;][\/vc_column][\/vc_row]\" \/>\n<meta property=\"og:url\" content=\"https:\/\/jv-technoton.com\/fr\/surveillance-de-la-consommation-de-carburant\/demande-de-surveillance-de-la-consommation-de-carburant\/\" \/>\n<meta property=\"og:site_name\" content=\"Technoton\" \/>\n<meta property=\"article:modified_time\" content=\"2026-03-16T11:43:13+00:00\" \/>\n<meta name=\"twitter:card\" content=\"summary_large_image\" \/>\n<meta name=\"twitter:label1\" content=\"Dur\u00e9e de lecture estim\u00e9e\" \/>\n\t<meta name=\"twitter:data1\" content=\"1 minute\" \/>\n<script type=\"application\/ld+json\" class=\"yoast-schema-graph\">{\"@context\":\"https:\/\/schema.org\",\"@graph\":[{\"@type\":\"WebPage\",\"@id\":\"https:\/\/jv-technoton.com\/fr\/surveillance-de-la-consommation-de-carburant\/demande-de-surveillance-de-la-consommation-de-carburant\/\",\"url\":\"https:\/\/jv-technoton.com\/fr\/surveillance-de-la-consommation-de-carburant\/demande-de-surveillance-de-la-consommation-de-carburant\/\",\"name\":\"Demande de surveillance de la consommation de carburant | Technoton\",\"isPartOf\":{\"@id\":\"https:\/\/jv-technoton.com\/#website\"},\"datePublished\":\"2024-12-18T13:05:44+00:00\",\"dateModified\":\"2026-03-16T11:43:13+00:00\",\"breadcrumb\":{\"@id\":\"https:\/\/jv-technoton.com\/fr\/surveillance-de-la-consommation-de-carburant\/demande-de-surveillance-de-la-consommation-de-carburant\/#breadcrumb\"},\"inLanguage\":\"fr-FR\",\"potentialAction\":[{\"@type\":\"ReadAction\",\"target\":[\"https:\/\/jv-technoton.com\/fr\/surveillance-de-la-consommation-de-carburant\/demande-de-surveillance-de-la-consommation-de-carburant\/\"]}]},{\"@type\":\"BreadcrumbList\",\"@id\":\"https:\/\/jv-technoton.com\/fr\/surveillance-de-la-consommation-de-carburant\/demande-de-surveillance-de-la-consommation-de-carburant\/#breadcrumb\",\"itemListElement\":[{\"@type\":\"ListItem\",\"position\":1,\"name\":\"Home\",\"item\":\"https:\/\/jv-technoton.com\/fr\/\"},{\"@type\":\"ListItem\",\"position\":2,\"name\":\"Surveillance de la consommation de carburant\",\"item\":\"https:\/\/jv-technoton.com\/fr\/surveillance-de-la-consommation-de-carburant\/\"},{\"@type\":\"ListItem\",\"position\":3,\"name\":\"Demande de surveillance de la consommation de carburant\"}]},{\"@type\":\"WebSite\",\"@id\":\"https:\/\/jv-technoton.com\/#website\",\"url\":\"https:\/\/jv-technoton.com\/\",\"name\":\"Advanced machinery telematics and fuel monitoring\",\"description\":\"T\u00e9l\u00e9matique et suivi du carburant pour machines complexes\",\"publisher\":{\"@id\":\"https:\/\/jv-technoton.com\/#organization\"},\"potentialAction\":[{\"@type\":\"SearchAction\",\"target\":{\"@type\":\"EntryPoint\",\"urlTemplate\":\"https:\/\/jv-technoton.com\/?s={search_term_string}\"},\"query-input\":{\"@type\":\"PropertyValueSpecification\",\"valueRequired\":true,\"valueName\":\"search_term_string\"}}],\"inLanguage\":\"fr-FR\"},{\"@type\":\"Organization\",\"@id\":\"https:\/\/jv-technoton.com\/#organization\",\"name\":\"Technoton\",\"url\":\"https:\/\/jv-technoton.com\/\",\"logo\":{\"@type\":\"ImageObject\",\"inLanguage\":\"fr-FR\",\"@id\":\"https:\/\/jv-technoton.com\/#\/schema\/logo\/image\/\",\"url\":\"https:\/\/jv-technoton.com\/wp-content\/uploads\/2022\/02\/technoton_logo_web.png\",\"contentUrl\":\"https:\/\/jv-technoton.com\/wp-content\/uploads\/2022\/02\/technoton_logo_web.png\",\"width\":800,\"height\":329,\"caption\":\"Technoton\"},\"image\":{\"@id\":\"https:\/\/jv-technoton.com\/#\/schema\/logo\/image\/\"},\"sameAs\":[\"https:\/\/www.linkedin.com\/company\/technoton\"]}]}<\/script>\n<!-- \/ Yoast SEO Premium plugin. -->","yoast_head_json":{"title":"Demande de surveillance de la consommation de carburant | Technoton","robots":{"index":"index","follow":"follow","max-snippet":"max-snippet:-1","max-image-preview":"max-image-preview:large","max-video-preview":"max-video-preview:-1"},"canonical":"https:\/\/jv-technoton.com\/fr\/surveillance-de-la-consommation-de-carburant\/demande-de-surveillance-de-la-consommation-de-carburant\/","og_locale":"fr_FR","og_type":"article","og_title":"Demande de surveillance de la consommation de carburant","og_description":"[vc_row][vc_column][vc_column_text] Demande de surveillance de la consommation de carburant [\/vc_column_text][vc_row_inner][vc_column_inner][vc_column_text]Veuillez remplir le formulaire ci-dessous afin que nos \u00e9quipes techniques et commerciales puissent pr\u00e9parer les informations pour la surveillance de la consommation de carburant, adapt\u00e9es \u00e0 vos besoins.[\/vc_column_text][\/vc_column_inner][\/vc_row_inner][\/vc_column][\/vc_row][vc_row][vc_column width=\u00a0\u00bb1\/4&Prime;][\/vc_column][vc_column width=\u00a0\u00bb1\/2&Prime; offset=\u00a0\u00bbvc_hidden-sm vc_hidden-xs\u00a0\u00bb][vc_raw_html css=\u00a0\u00bb\u00a0\u00bb]JTNDaWZyYW1lJTIwYXJpYS1sYWJlbCUzRCUyN1pvaG8lMjBGb3JtJTNBJTIwJUQwJTk3JUQwJUIwJUQwJUI0JUQwJUIwJUQxJTg3JUQwJUIwJTIwJUQwJTlBJUQwJUJFJUQwJUJEJUQxJTgyJUQxJTgwJUQwJUJFJUQwJUJCJUQxJThDJTIwJUQxJTgwJUQwJUIwJUQxJTgxJUQxJTg1JUQwJUJFJUQwJUI0JUQwJUIwJTIwJUQxJTgyJUQwJUJFJUQwJUJGJUQwJUJCJUQwJUI4JUQwJUIyJUQwJUIwJTIwVFQlMjBSVSUyNyUyMGZyYW1lYm9yZGVyJTNEJTIyMCUyMiUyMHN0eWxlJTNEJTIyaGVpZ2h0JTNBNjAwcHglM0J3aWR0aCUzQTk5JTI1JTNCYm9yZGVyJTNBbm9uZSUzQiUyMiUyMHNyYyUzRCUyN2h0dHBzJTNBJTJGJTJGZm9ybXMuem9ob3B1YmxpYy5jb20lMkZ6b2hvMTc5MjElMkZmb3JtJTJGWm9ob0Zvcm1UVFJVJTJGZm9ybXBlcm1hJTJGcVFqVmpVcWJEZXoxaUdEUTZrNEo0WFQtMmlqX1FCUlpSNGhwQUViYU90dyUzRnpmX2xhbmclM0RmciUyNyUzRSUzQyUyRmlmcmFtZSUzRQ==[\/vc_raw_html][\/vc_column][vc_column width=\u00a0\u00bb1\/4&Prime;][\/vc_column][\/vc_row][vc_row][vc_column width=\u00a0\u00bb1\/4&Prime;][\/vc_column][vc_column width=\u00a0\u00bb1\/2&Prime; offset=\u00a0\u00bbvc_hidden-lg vc_hidden-md\u00a0\u00bb][vc_raw_html css=\u00a0\u00bb\u00a0\u00bb]JTNDaWZyYW1lJTIwYXJpYS1sYWJlbCUzRCUyN1pvaG8lMjBGb3JtJTNBJTIwJUQwJTk3JUQwJUIwJUQwJUI0JUQwJUIwJUQxJTg3JUQwJUIwJTIwJUQwJTlBJUQwJUJFJUQwJUJEJUQxJTgyJUQxJTgwJUQwJUJFJUQwJUJCJUQxJThDJTIwJUQxJTgwJUQwJUIwJUQxJTgxJUQxJTg1JUQwJUJFJUQwJUI0JUQwJUIwJTIwJUQxJTgyJUQwJUJFJUQwJUJGJUQwJUJCJUQwJUI4JUQwJUIyJUQwJUIwJTIwVFQlMjBSVSUyNyUyMGZyYW1lYm9yZGVyJTNEJTIyMCUyMiUyMHN0eWxlJTNEJTIyaGVpZ2h0JTNBODUwcHglM0J3aWR0aCUzQTk5JTI1JTNCYm9yZGVyJTNBbm9uZSUzQiUyMiUyMHNyYyUzRCUyN2h0dHBzJTNBJTJGJTJGZm9ybXMuem9ob3B1YmxpYy5jb20lMkZ6b2hvMTc5MjElMkZmb3JtJTJGWm9ob0Zvcm1UVFJVJTJGZm9ybXBlcm1hJTJGcVFqVmpVcWJEZXoxaUdEUTZrNEo0WFQtMmlqX1FCUlpSNGhwQUViYU90dyUzRnpmX2xhbmclM0RmciUyNyUzRSUzQyUyRmlmcmFtZSUzRQ==[\/vc_raw_html][\/vc_column][vc_column width=\u00a0\u00bb1\/4&Prime;][\/vc_column][\/vc_row][vc_row disable_element=\u00a0\u00bbyes\u00a0\u00bb][vc_column width=\u00a0\u00bb1\/4&Prime;][\/vc_column][vc_column width=\u00a0\u00bb1\/2&Prime;][vc_column_text][\/vc_column_text][\/vc_column][vc_column width=\u00a0\u00bb1\/4&Prime;][\/vc_column][\/vc_row]","og_url":"https:\/\/jv-technoton.com\/fr\/surveillance-de-la-consommation-de-carburant\/demande-de-surveillance-de-la-consommation-de-carburant\/","og_site_name":"Technoton","article_modified_time":"2026-03-16T11:43:13+00:00","twitter_card":"summary_large_image","twitter_misc":{"Dur\u00e9e de lecture estim\u00e9e":"1 minute"},"schema":{"@context":"https:\/\/schema.org","@graph":[{"@type":"WebPage","@id":"https:\/\/jv-technoton.com\/fr\/surveillance-de-la-consommation-de-carburant\/demande-de-surveillance-de-la-consommation-de-carburant\/","url":"https:\/\/jv-technoton.com\/fr\/surveillance-de-la-consommation-de-carburant\/demande-de-surveillance-de-la-consommation-de-carburant\/","name":"Demande de surveillance de la consommation de carburant | Technoton","isPartOf":{"@id":"https:\/\/jv-technoton.com\/#website"},"datePublished":"2024-12-18T13:05:44+00:00","dateModified":"2026-03-16T11:43:13+00:00","breadcrumb":{"@id":"https:\/\/jv-technoton.com\/fr\/surveillance-de-la-consommation-de-carburant\/demande-de-surveillance-de-la-consommation-de-carburant\/#breadcrumb"},"inLanguage":"fr-FR","potentialAction":[{"@type":"ReadAction","target":["https:\/\/jv-technoton.com\/fr\/surveillance-de-la-consommation-de-carburant\/demande-de-surveillance-de-la-consommation-de-carburant\/"]}]},{"@type":"BreadcrumbList","@id":"https:\/\/jv-technoton.com\/fr\/surveillance-de-la-consommation-de-carburant\/demande-de-surveillance-de-la-consommation-de-carburant\/#breadcrumb","itemListElement":[{"@type":"ListItem","position":1,"name":"Home","item":"https:\/\/jv-technoton.com\/fr\/"},{"@type":"ListItem","position":2,"name":"Surveillance de la consommation de carburant","item":"https:\/\/jv-technoton.com\/fr\/surveillance-de-la-consommation-de-carburant\/"},{"@type":"ListItem","position":3,"name":"Demande de surveillance de la consommation de carburant"}]},{"@type":"WebSite","@id":"https:\/\/jv-technoton.com\/#website","url":"https:\/\/jv-technoton.com\/","name":"Advanced machinery telematics and fuel monitoring","description":"T\u00e9l\u00e9matique et suivi du carburant pour machines complexes","publisher":{"@id":"https:\/\/jv-technoton.com\/#organization"},"potentialAction":[{"@type":"SearchAction","target":{"@type":"EntryPoint","urlTemplate":"https:\/\/jv-technoton.com\/?s={search_term_string}"},"query-input":{"@type":"PropertyValueSpecification","valueRequired":true,"valueName":"search_term_string"}}],"inLanguage":"fr-FR"},{"@type":"Organization","@id":"https:\/\/jv-technoton.com\/#organization","name":"Technoton","url":"https:\/\/jv-technoton.com\/","logo":{"@type":"ImageObject","inLanguage":"fr-FR","@id":"https:\/\/jv-technoton.com\/#\/schema\/logo\/image\/","url":"https:\/\/jv-technoton.com\/wp-content\/uploads\/2022\/02\/technoton_logo_web.png","contentUrl":"https:\/\/jv-technoton.com\/wp-content\/uploads\/2022\/02\/technoton_logo_web.png","width":800,"height":329,"caption":"Technoton"},"image":{"@id":"https:\/\/jv-technoton.com\/#\/schema\/logo\/image\/"},"sameAs":["https:\/\/www.linkedin.com\/company\/technoton"]}]}},"rttpg_featured_image_url":null,"rttpg_author":{"display_name":"Ruslan_Lednik","author_link":"https:\/\/jv-technoton.com\/fr\/author\/ruslan_lednik\/"},"rttpg_comment":0,"rttpg_category":" <a href=\"https:\/\/jv-technoton.com\/fr\/?taxonomy=translation_priority&#038;term=%d0%bd%d0%b5%d0%be%d0%b1%d1%8f%d0%b7%d0%b0%d1%82%d0%b5%d0%bb%d1%8c%d0%bd%d1%8b%d0%b9-fr\" rel=\"tag\">\u041d\u0435\u043e\u0431\u044f\u0437\u0430\u0442\u0435\u043b\u044c\u043d\u044b\u0439<\/a>","rttpg_excerpt":"[vc_row][vc_column][vc_column_text] Demande de surveillance de la consommation de carburant [\/vc_column_text][vc_row_inner][vc_column_inner][vc_column_text]Veuillez remplir le formulaire ci-dessous afin que nos \u00e9quipes techniques et commerciales puissent pr\u00e9parer les informations pour la surveillance de la consommation de carburant, adapt\u00e9es \u00e0 vos besoins.[\/vc_column_text][\/vc_column_inner][\/vc_row_inner][\/vc_column][\/vc_row][vc_row][vc_column width=\u00a0\u00bb1\/4&Prime;][\/vc_column][vc_column width=\u00a0\u00bb1\/2&Prime; offset=\u00a0\u00bbvc_hidden-sm vc_hidden-xs\u00a0\u00bb][vc_raw_html css=\u00a0\u00bb\u00a0\u00bb]JTNDaWZyYW1lJTIwYXJpYS1sYWJlbCUzRCUyN1pvaG8lMjBGb3JtJTNBJTIwJUQwJTk3JUQwJUIwJUQwJUI0JUQwJUIwJUQxJTg3JUQwJUIwJTIwJUQwJTlBJUQwJUJFJUQwJUJEJUQxJTgyJUQxJTgwJUQwJUJFJUQwJUJCJUQxJThDJTIwJUQxJTgwJUQwJUIwJUQxJTgxJUQxJTg1JUQwJUJFJUQwJUI0JUQwJUIwJTIwJUQxJTgyJUQwJUJFJUQwJUJGJUQwJUJCJUQwJUI4JUQwJUIyJUQwJUIwJTIwVFQlMjBSVSUyNyUyMGZyYW1lYm9yZGVyJTNEJTIyMCUyMiUyMHN0eWxlJTNEJTIyaGVpZ2h0JTNBNjAwcHglM0J3aWR0aCUzQTk5JTI1JTNCYm9yZGVyJTNBbm9uZSUzQiUyMiUyMHNyYyUzRCUyN2h0dHBzJTNBJTJGJTJGZm9ybXMuem9ob3B1YmxpYy5jb20lMkZ6b2hvMTc5MjElMkZmb3JtJTJGWm9ob0Zvcm1UVFJVJTJGZm9ybXBlcm1hJTJGcVFqVmpVcWJEZXoxaUdEUTZrNEo0WFQtMmlqX1FCUlpSNGhwQUViYU90dyUzRnpmX2xhbmclM0RmciUyNyUzRSUzQyUyRmlmcmFtZSUzRQ==[\/vc_raw_html][\/vc_column][vc_column width=\u00a0\u00bb1\/4&Prime;][\/vc_column][\/vc_row][vc_row][vc_column width=\u00a0\u00bb1\/4&Prime;][\/vc_column][vc_column width=\u00a0\u00bb1\/2&Prime; offset=\u00a0\u00bbvc_hidden-lg vc_hidden-md\u00a0\u00bb][vc_raw_html css=\u00a0\u00bb\u00a0\u00bb]JTNDaWZyYW1lJTIwYXJpYS1sYWJlbCUzRCUyN1pvaG8lMjBGb3JtJTNBJTIwJUQwJTk3JUQwJUIwJUQwJUI0JUQwJUIwJUQxJTg3JUQwJUIwJTIwJUQwJTlBJUQwJUJFJUQwJUJEJUQxJTgyJUQxJTgwJUQwJUJFJUQwJUJCJUQxJThDJTIwJUQxJTgwJUQwJUIwJUQxJTgxJUQxJTg1JUQwJUJFJUQwJUI0JUQwJUIwJTIwJUQxJTgyJUQwJUJFJUQwJUJGJUQwJUJCJUQwJUI4JUQwJUIyJUQwJUIwJTIwVFQlMjBSVSUyNyUyMGZyYW1lYm9yZGVyJTNEJTIyMCUyMiUyMHN0eWxlJTNEJTIyaGVpZ2h0JTNBODUwcHglM0J3aWR0aCUzQTk5JTI1JTNCYm9yZGVyJTNBbm9uZSUzQiUyMiUyMHNyYyUzRCUyN2h0dHBzJTNBJTJGJTJGZm9ybXMuem9ob3B1YmxpYy5jb20lMkZ6b2hvMTc5MjElMkZmb3JtJTJGWm9ob0Zvcm1UVFJVJTJGZm9ybXBlcm1hJTJGcVFqVmpVcWJEZXoxaUdEUTZrNEo0WFQtMmlqX1FCUlpSNGhwQUViYU90dyUzRnpmX2xhbmclM0RmciUyNyUzRSUzQyUyRmlmcmFtZSUzRQ==[\/vc_raw_html][\/vc_column][vc_column width=\u00a0\u00bb1\/4&Prime;][\/vc_column][\/vc_row][vc_row disable_element=\u00a0\u00bbyes\u00a0\u00bb][vc_column width=\u00a0\u00bb1\/4&Prime;][\/vc_column][vc_column width=\u00a0\u00bb1\/2&Prime;][vc_column_text][\/vc_column_text][\/vc_column][vc_column width=\u00a0\u00bb1\/4&Prime;][\/vc_column][\/vc_row]","_links":{"self":[{"href":"https:\/\/jv-technoton.com\/fr\/wp-json\/wp\/v2\/pages\/113292","targetHints":{"allow":["GET"]}}],"collection":[{"href":"https:\/\/jv-technoton.com\/fr\/wp-json\/wp\/v2\/pages"}],"about":[{"href":"https:\/\/jv-technoton.com\/fr\/wp-json\/wp\/v2\/types\/page"}],"author":[{"embeddable":true,"href":"https:\/\/jv-technoton.com\/fr\/wp-json\/wp\/v2\/users\/14"}],"replies":[{"embeddable":true,"href":"https:\/\/jv-technoton.com\/fr\/wp-json\/wp\/v2\/comments?post=113292"}],"version-history":[{"count":3,"href":"https:\/\/jv-technoton.com\/fr\/wp-json\/wp\/v2\/pages\/113292\/revisions"}],"predecessor-version":[{"id":133056,"href":"https:\/\/jv-technoton.com\/fr\/wp-json\/wp\/v2\/pages\/113292\/revisions\/133056"}],"up":[{"embeddable":true,"href":"https:\/\/jv-technoton.com\/fr\/wp-json\/wp\/v2\/pages\/113113"}],"wp:attachment":[{"href":"https:\/\/jv-technoton.com\/fr\/wp-json\/wp\/v2\/media?parent=113292"}],"curies":[{"name":"wp","href":"https:\/\/api.w.org\/{rel}","templated":true}]}}