{"id":113401,"date":"2024-12-18T16:04:01","date_gmt":"2024-12-18T13:04:01","guid":{"rendered":"https:\/\/jv-technoton.com\/?page_id=113401"},"modified":"2025-07-08T09:55:26","modified_gmt":"2025-07-08T06:55:26","slug":"solutions","status":"publish","type":"page","link":"https:\/\/jv-technoton.com\/fr\/solutions\/","title":{"rendered":"Solutions aux t\u00e2ches actuelles de t\u00e9l\u00e9matique"},"content":{"rendered":"<div class=\"wpb-content-wrapper\"><p>[vc_row][vc_column]<div class=\"ult-spacer spacer-69e1dd5db6e0a\" data-id=\"69e1dd5db6e0a\" data-height=\"20\" data-height-mobile=\"20\" data-height-tab=\"20\" data-height-tab-portrait=\"\" data-height-mobile-landscape=\"\" style=\"clear:both;display:block;\"><\/div>[vc_column_text css=\u00a0\u00bb\u00a0\u00bb]<\/p>\n<h1>Solutions aux t\u00e2ches actuelles de t\u00e9l\u00e9matique<\/h1>\n<p>[\/vc_column_text][\/vc_column][\/vc_row][vc_row equal_height=\u00a0\u00bbyes\u00a0\u00bb][vc_column width=\u00a0\u00bb1\/2&Prime;]<div class=\"ult-spacer spacer-69e1dd5db6e46\" data-id=\"69e1dd5db6e46\" data-height=\"10\" data-height-mobile=\"10\" data-height-tab=\"10\" data-height-tab-portrait=\"\" data-height-mobile-landscape=\"\" style=\"clear:both;display:block;\"><\/div>[vc_column_text css=\u00a0\u00bb\u00a0\u00bb]<a href=\"\/fr\/surveillance-de-la-consommation-de-carburant\/\"><img decoding=\"async\" class=\"aligncenter wp-image-39730 size-full\" src=\"https:\/\/jv-technoton.com\/wp-content\/uploads\/2024\/12\/surveillance-consommation-carburant-1.webp\" alt=\"Surveillance de la consommation de carburant\" width=\"558\" height=\"279\" \/><\/a>[\/vc_column_text][vc_column_text css=\u00a0\u00bb.vc_custom_1734502737787{margin-top: -15px !important;}\u00a0\u00bb]<\/p>\n<h2 class=\"page-header-title wpex-clr\" style=\"text-align: center;\"><a href=\"\/fr\/surveillance-de-la-consommation-de-carburant\/\"><span style=\"font-size: 18px;\">Surveillance de la consommation de carburant<\/span><\/a><\/h2>\n<p>[\/vc_column_text]<div class=\"ult-spacer spacer-69e1dd5db6e7f\" data-id=\"69e1dd5db6e7f\" data-height=\"11\" data-height-mobile=\"11\" data-height-tab=\"11\" data-height-tab-portrait=\"\" data-height-mobile-landscape=\"\" style=\"clear:both;display:block;\"><\/div>[\/vc_column][vc_column width=\u00a0\u00bb1\/2&Prime;]<div class=\"ult-spacer spacer-69e1dd5db6ea5\" data-id=\"69e1dd5db6ea5\" data-height=\"10\" data-height-mobile=\"10\" data-height-tab=\"10\" data-height-tab-portrait=\"\" data-height-mobile-landscape=\"\" style=\"clear:both;display:block;\"><\/div>[vc_column_text css=\u00a0\u00bb\u00a0\u00bb]<a href=\"\/fr\/solutions\/maintenance-preventive\/\"><img decoding=\"async\" class=\"aligncenter size-full wp-image-82828\" src=\"https:\/\/jv-technoton.com\/wp-content\/uploads\/2024\/12\/maintenance-preventive.webp\" alt=\"Maintenance pr\u00e9ventive\" width=\"558\" height=\"279\" \/><\/a>[\/vc_column_text][vc_column_text css=\u00a0\u00bb.vc_custom_1734595430164{margin-top: -15px !important;}\u00a0\u00bb]<\/p>\n<h2 class=\"page-header-title wpex-clr\" style=\"text-align: center;\"><a href=\"\/fr\/solutions\/maintenance-preventive\/\"><span style=\"font-size: 18px;\">Maintenance pr\u00e9ventive<\/span><\/a><\/h2>\n<p>[\/vc_column_text]<div class=\"ult-spacer spacer-69e1dd5db6ec5\" data-id=\"69e1dd5db6ec5\" data-height=\"11\" data-height-mobile=\"11\" data-height-tab=\"11\" data-height-tab-portrait=\"\" data-height-mobile-landscape=\"\" style=\"clear:both;display:block;\"><\/div>[\/vc_column][\/vc_row][vc_row equal_height=\u00a0\u00bbyes\u00a0\u00bb][vc_column width=\u00a0\u00bb1\/2&Prime;]<div class=\"ult-spacer spacer-69e1dd5db6ee5\" data-id=\"69e1dd5db6ee5\" data-height=\"10\" data-height-mobile=\"10\" data-height-tab=\"10\" data-height-tab-portrait=\"\" data-height-mobile-landscape=\"\" style=\"clear:both;display:block;\"><\/div>[vc_column_text css=\u00a0\u00bb\u00a0\u00bb]<a href=\"\/fr\/surveillance-de-carburant-dans-le-reservoir\/\"><img decoding=\"async\" class=\"aligncenter wp-image-59644 size-full\" src=\"https:\/\/jv-technoton.com\/wp-content\/uploads\/2024\/12\/surveillance-carburant-dans-reservoir.webp\" alt=\"Surveillance de carburant dans le r\u00e9servoir\" width=\"558\" height=\"279\" \/><\/a><\/p>\n<p>[\/vc_column_text][vc_column_text css=\u00a0\u00bb.vc_custom_1734503106603{margin-top: -15px !important;}\u00a0\u00bb]<\/p>\n<h2 class=\"page-header-title wpex-clr\" style=\"text-align: center;\"><a href=\"\/fr\/surveillance-de-carburant-dans-le-reservoir\/\"><span style=\"font-size: 18px;\">Surveillance de carburant dans le r\u00e9servoir<\/span><\/a><\/h2>\n<p>[\/vc_column_text]<div class=\"ult-spacer spacer-69e1dd5db6f02\" data-id=\"69e1dd5db6f02\" data-height=\"11\" data-height-mobile=\"11\" data-height-tab=\"11\" data-height-tab-portrait=\"\" data-height-mobile-landscape=\"\" style=\"clear:both;display:block;\"><\/div>[\/vc_column][vc_column width=\u00a0\u00bb1\/2&Prime;]<div class=\"ult-spacer spacer-69e1dd5db6f1f\" data-id=\"69e1dd5db6f1f\" data-height=\"10\" data-height-mobile=\"10\" data-height-tab=\"10\" data-height-tab-portrait=\"\" data-height-mobile-landscape=\"\" style=\"clear:both;display:block;\"><\/div>[vc_column_text css=\u00a0\u00bb\u00a0\u00bb]<a href=\"\/fr\/solutions\/suivi-du-temps-et-modes-de-fonctionnement-des-machines\/\"><img decoding=\"async\" class=\"aligncenter wp-image-85467 size-full\" src=\"https:\/\/jv-technoton.com\/wp-content\/uploads\/2025\/04\/surveillance-temps-modes-fonctionnement-machines.webp\" alt=\"Surveillance de temps et de modes de fonctionnement des machines\" width=\"558\" height=\"279\" \/><\/a>[\/vc_column_text][vc_column_text css=\u00a0\u00bb.vc_custom_1744715847432{margin-top: -15px !important;}\u00a0\u00bb]<\/p>\n<h2 class=\"page-header-title wpex-clr\" style=\"text-align: center;\"><a href=\"\/fr\/solutions\/suivi-du-temps-et-modes-de-fonctionnement-des-machines\/\"><span style=\"font-size: 18px;\">Suivi des temps et modes de fonctionnement des machines<\/span><\/a><\/h2>\n<p>[\/vc_column_text]<div class=\"ult-spacer spacer-69e1dd5db6f3b\" data-id=\"69e1dd5db6f3b\" data-height=\"11\" data-height-mobile=\"11\" data-height-tab=\"11\" data-height-tab-portrait=\"\" data-height-mobile-landscape=\"\" style=\"clear:both;display:block;\"><\/div>[\/vc_column][\/vc_row][vc_row equal_height=\u00a0\u00bbyes\u00a0\u00bb][vc_column width=\u00a0\u00bb1\/2&Prime;]<div class=\"ult-spacer spacer-69e1dd5db6f56\" data-id=\"69e1dd5db6f56\" data-height=\"10\" data-height-mobile=\"10\" data-height-tab=\"10\" data-height-tab-portrait=\"\" data-height-mobile-landscape=\"\" style=\"clear:both;display:block;\"><\/div>[vc_column_text css=\u00a0\u00bb\u00a0\u00bb]<a href=\"\/fr\/controle-de-la-charge-a-lessieu\/\"><img decoding=\"async\" class=\"aligncenter wp-image-59633 size-full\" src=\"https:\/\/jv-technoton.com\/wp-content\/uploads\/2024\/12\/surveillance-charge-par-essieu.webp\" alt=\"Surveillance de la charge par essieu\" width=\"558\" height=\"279\" \/><\/a><\/p>\n<p>[\/vc_column_text][vc_column_text css=\u00a0\u00bb.vc_custom_1740485582188{margin-top: -15px !important;}\u00a0\u00bb]<\/p>\n<h2 class=\"page-header-title wpex-clr\" style=\"text-align: center;\"><a href=\"\/fr\/controle-de-la-charge-a-lessieu\/\"><span style=\"font-size: 18px;\">Surveillance de la charge par essieu<\/span><\/a><\/h2>\n<p>[\/vc_column_text]<div class=\"ult-spacer spacer-69e1dd5db6f71\" data-id=\"69e1dd5db6f71\" data-height=\"11\" data-height-mobile=\"11\" data-height-tab=\"11\" data-height-tab-portrait=\"\" data-height-mobile-landscape=\"\" style=\"clear:both;display:block;\"><\/div>[\/vc_column][vc_column width=\u00a0\u00bb1\/2&Prime;]<div class=\"ult-spacer spacer-69e1dd5db6f8b\" data-id=\"69e1dd5db6f8b\" data-height=\"10\" data-height-mobile=\"10\" data-height-tab=\"10\" data-height-tab-portrait=\"\" data-height-mobile-landscape=\"\" style=\"clear:both;display:block;\"><\/div>[vc_column_text css=\u00a0\u00bb\u00a0\u00bb]<a href=\"https:\/\/jv-technoton.com\/fr\/solutions\/surveillance-emissions-co2\/\"><img decoding=\"async\" class=\"size-full wp-image-116288 aligncenter\" title=\"Surveillance des \u00e9missions de CO\u2082 sur la machinerie lourde\" src=\"https:\/\/jv-technoton.com\/wp-content\/uploads\/2025\/02\/surveillance-emissions-co2-fra.webp\" alt=\"Surveillance des \u00e9missions de CO\u2082 sur la machinerie lourde\" width=\"558\" height=\"279\" srcset=\"https:\/\/jv-technoton.com\/wp-content\/uploads\/2025\/02\/surveillance-emissions-co2-fra.webp 558w, https:\/\/jv-technoton.com\/wp-content\/uploads\/2025\/02\/surveillance-emissions-co2-fra-300x150.webp 300w\" sizes=\"(max-width: 558px) 100vw, 558px\" \/><\/a>[\/vc_column_text][vc_column_text css=\u00a0\u00bb.vc_custom_1740485633784{margin-top: -15px !important;}\u00a0\u00bb]<\/p>\n<h2 class=\"page-header-title wpex-clr\" style=\"text-align: center;\"><a href=\"https:\/\/jv-technoton.com\/fr\/solutions\/surveillance-emissions-co2\/\"><span style=\"font-size: 18px;\">Surveillance des \u00e9missions de CO\u2082 <\/span><\/a><\/h2>\n<p>[\/vc_column_text]<div class=\"ult-spacer spacer-69e1dd5db6fa6\" data-id=\"69e1dd5db6fa6\" data-height=\"10\" data-height-mobile=\"10\" data-height-tab=\"10\" data-height-tab-portrait=\"\" data-height-mobile-landscape=\"\" style=\"clear:both;display:block;\"><\/div>[\/vc_column][\/vc_row][vc_row equal_height=\u00a0\u00bbyes\u00a0\u00bb][vc_column width=\u00a0\u00bb1\/2&Prime;]<div class=\"ult-spacer spacer-69e1dd5db6fc1\" data-id=\"69e1dd5db6fc1\" data-height=\"10\" data-height-mobile=\"10\" data-height-tab=\"10\" data-height-tab-portrait=\"\" data-height-mobile-landscape=\"\" style=\"clear:both;display:block;\"><\/div>[vc_column_text css=\u00a0\u00bb\u00a0\u00bb]<a href=\"\/fr\/solutions\/commande-distance-flotte-dequipements\/\"><img decoding=\"async\" class=\"aligncenter wp-image-59633 size-full\" src=\"https:\/\/jv-technoton.com\/wp-content\/uploads\/2025\/07\/commande-distance-equipements-fra.webp\" alt=\"Commande \u00e0 distance de la flotte d\u2019\u00e9quipements\" width=\"558\" height=\"279\" \/><\/a>[\/vc_column_text][vc_column_text css=\u00a0\u00bb.vc_custom_1751957686516{margin-top: -15px !important;}\u00a0\u00bb]<\/p>\n<h2 class=\"page-header-title wpex-clr\" style=\"text-align: center;\"><a href=\"\/fr\/solutions\/commande-distance-flotte-dequipements\/\"><span style=\"font-size: 18px;\">Commande \u00e0 distance de la flotte d\u2019\u00e9quipements<\/span><\/a><\/h2>\n<p>[\/vc_column_text]<div class=\"ult-spacer spacer-69e1dd5db6fe0\" data-id=\"69e1dd5db6fe0\" data-height=\"11\" data-height-mobile=\"11\" data-height-tab=\"11\" data-height-tab-portrait=\"\" data-height-mobile-landscape=\"\" style=\"clear:both;display:block;\"><\/div>[\/vc_column][vc_column width=\u00a0\u00bb1\/2&Prime; offset=\u00a0\u00bbvc_hidden-lg vc_hidden-md vc_hidden-sm vc_hidden-xs\u00a0\u00bb]<div class=\"ult-spacer spacer-69e1dd5db7016\" data-id=\"69e1dd5db7016\" data-height=\"10\" data-height-mobile=\"10\" data-height-tab=\"10\" data-height-tab-portrait=\"\" data-height-mobile-landscape=\"\" style=\"clear:both;display:block;\"><\/div>[vc_column_text css=\u00a0\u00bb\u00a0\u00bb]<a href=\"https:\/\/jv-technoton.com\/fr\/solutions\/surveillance-emissions-co2\/\"><img decoding=\"async\" class=\"size-full wp-image-116288 aligncenter\" title=\"Surveillance des \u00e9missions de CO\u2082 sur la machinerie lourde\" src=\"https:\/\/jv-technoton.com\/wp-content\/uploads\/2025\/02\/surveillance-emissions-co2-fra.webp\" alt=\"Surveillance des \u00e9missions de CO\u2082 sur la machinerie lourde\" width=\"558\" height=\"279\" srcset=\"https:\/\/jv-technoton.com\/wp-content\/uploads\/2025\/02\/surveillance-emissions-co2-fra.webp 558w, https:\/\/jv-technoton.com\/wp-content\/uploads\/2025\/02\/surveillance-emissions-co2-fra-300x150.webp 300w\" sizes=\"(max-width: 558px) 100vw, 558px\" \/><\/a>[\/vc_column_text][vc_column_text css=\u00a0\u00bb.vc_custom_1740485633784{margin-top: -15px !important;}\u00a0\u00bb]<\/p>\n<h2 class=\"page-header-title wpex-clr\" style=\"text-align: center;\"><a href=\"https:\/\/jv-technoton.com\/fr\/solutions\/surveillance-emissions-co2\/\"><span style=\"font-size: 18px;\">Surveillance des \u00e9missions de CO\u2082 <\/span><\/a><\/h2>\n<p>[\/vc_column_text]<div class=\"ult-spacer spacer-69e1dd5db7036\" data-id=\"69e1dd5db7036\" data-height=\"10\" data-height-mobile=\"10\" data-height-tab=\"10\" data-height-tab-portrait=\"\" data-height-mobile-landscape=\"\" style=\"clear:both;display:block;\"><\/div>[\/vc_column][\/vc_row]<\/p>\n<\/div>","protected":false},"excerpt":{"rendered":"<p>[vc_row][vc_column][vc_column_text css=\u00a0\u00bb\u00a0\u00bb] Solutions aux t\u00e2ches actuelles de t\u00e9l\u00e9matique [\/vc_column_text][\/vc_column][\/vc_row][vc_row equal_height=\u00a0\u00bbyes\u00a0\u00bb][vc_column width=\u00a0\u00bb1\/2&Prime;][vc_column_text css=\u00a0\u00bb\u00a0\u00bb][\/vc_column_text][vc_column_text css=\u00a0\u00bb.vc_custom_1734502737787{margin-top: -15px !important;}\u00a0\u00bb] Surveillance de la consommation de carburant [\/vc_column_text][\/vc_column][vc_column width=\u00a0\u00bb1\/2&Prime;][vc_column_text css=\u00a0\u00bb\u00a0\u00bb][\/vc_column_text][vc_column_text css=\u00a0\u00bb.vc_custom_1734595430164{margin-top: -15px !important;}\u00a0\u00bb] Maintenance pr\u00e9ventive [\/vc_column_text][\/vc_column][\/vc_row][vc_row equal_height=\u00a0\u00bbyes\u00a0\u00bb][vc_column width=\u00a0\u00bb1\/2&Prime;][vc_column_text css=\u00a0\u00bb\u00a0\u00bb] [\/vc_column_text][vc_column_text css=\u00a0\u00bb.vc_custom_1734503106603{margin-top: -15px !important;}\u00a0\u00bb] Surveillance de carburant dans le r\u00e9servoir [\/vc_column_text][\/vc_column][vc_column width=\u00a0\u00bb1\/2&Prime;][vc_column_text css=\u00a0\u00bb\u00a0\u00bb][\/vc_column_text][vc_column_text css=\u00a0\u00bb.vc_custom_1744715847432{margin-top: -15px !important;}\u00a0\u00bb] Suivi des temps et modes de [&hellip;]<\/p>\n","protected":false},"author":14,"featured_media":0,"parent":0,"menu_order":0,"comment_status":"closed","ping_status":"closed","template":"","meta":{"footnotes":""},"class_list":["post-113401","page","type-page","status-publish","hentry"],"yoast_head":"<!-- This site is optimized with the Yoast SEO plugin v27.3 - https:\/\/yoast.com\/product\/yoast-seo-wordpress\/ -->\n<title>Solutions aux t\u00e2ches actuelles de t\u00e9l\u00e9matique | Technoton<\/title>\n<meta name=\"description\" content=\"Les t\u00e2ches de t\u00e9l\u00e9matique et de suivi des v\u00e9hicules et des machines stationnaires \u2013 m\u00e9thodes de r\u00e9solution, produits utilis\u00e9s, pertinence pour diverses industries\" \/>\n<meta name=\"robots\" content=\"index, follow, max-snippet:-1, max-image-preview:large, max-video-preview:-1\" \/>\n<link rel=\"canonical\" href=\"https:\/\/jv-technoton.com\/fr\/solutions\/\" \/>\n<meta property=\"og:locale\" content=\"fr_FR\" \/>\n<meta property=\"og:type\" content=\"article\" \/>\n<meta property=\"og:title\" content=\"Solutions aux t\u00e2ches actuelles de t\u00e9l\u00e9matique - Technoton\" \/>\n<meta property=\"og:description\" content=\"Les t\u00e2ches de t\u00e9l\u00e9matique et de suivi des v\u00e9hicules et des machines stationnaires \u2013 m\u00e9thodes de r\u00e9solution, produits utilis\u00e9s, pertinence pour diverses industries\" \/>\n<meta property=\"og:url\" content=\"https:\/\/jv-technoton.com\/fr\/solutions\/\" \/>\n<meta property=\"og:site_name\" content=\"Technoton\" \/>\n<meta property=\"article:modified_time\" content=\"2025-07-08T06:55:26+00:00\" \/>\n<meta property=\"og:image\" content=\"https:\/\/jv-technoton.com\/wp-content\/uploads\/2019\/11\/fuel_consumption_monitoring.jpg\" \/>\n\t<meta property=\"og:image:width\" content=\"600\" \/>\n\t<meta property=\"og:image:height\" content=\"300\" \/>\n\t<meta property=\"og:image:type\" content=\"image\/jpeg\" \/>\n<meta name=\"twitter:card\" content=\"summary_large_image\" \/>\n<meta name=\"twitter:title\" content=\"Solutions aux t\u00e2ches actuelles de t\u00e9l\u00e9matique - Technoton\" \/>\n<meta name=\"twitter:description\" content=\"Les t\u00e2ches de t\u00e9l\u00e9matique et de suivi des v\u00e9hicules et des machines stationnaires \u2013 m\u00e9thodes de r\u00e9solution, produits utilis\u00e9s, pertinence pour diverses industries\" \/>\n<meta name=\"twitter:label1\" content=\"Dur\u00e9e de lecture estim\u00e9e\" \/>\n\t<meta name=\"twitter:data1\" content=\"3 minutes\" \/>\n<script type=\"application\/ld+json\" class=\"yoast-schema-graph\">{\"@context\":\"https:\\\/\\\/schema.org\",\"@graph\":[{\"@type\":\"WebPage\",\"@id\":\"https:\\\/\\\/jv-technoton.com\\\/fr\\\/solutions\\\/\",\"url\":\"https:\\\/\\\/jv-technoton.com\\\/fr\\\/solutions\\\/\",\"name\":\"Solutions aux t\u00e2ches actuelles de t\u00e9l\u00e9matique | Technoton\",\"isPartOf\":{\"@id\":\"https:\\\/\\\/jv-technoton.com\\\/#website\"},\"primaryImageOfPage\":{\"@id\":\"https:\\\/\\\/jv-technoton.com\\\/fr\\\/solutions\\\/#primaryimage\"},\"image\":{\"@id\":\"https:\\\/\\\/jv-technoton.com\\\/fr\\\/solutions\\\/#primaryimage\"},\"thumbnailUrl\":\"https:\\\/\\\/jv-technoton.com\\\/wp-content\\\/uploads\\\/2024\\\/12\\\/surveillance-consommation-carburant-1.webp\",\"datePublished\":\"2024-12-18T13:04:01+00:00\",\"dateModified\":\"2025-07-08T06:55:26+00:00\",\"description\":\"Les t\u00e2ches de t\u00e9l\u00e9matique et de suivi des v\u00e9hicules et des machines stationnaires \u2013 m\u00e9thodes de r\u00e9solution, produits utilis\u00e9s, pertinence pour diverses industries\",\"breadcrumb\":{\"@id\":\"https:\\\/\\\/jv-technoton.com\\\/fr\\\/solutions\\\/#breadcrumb\"},\"inLanguage\":\"fr-FR\",\"potentialAction\":[{\"@type\":\"ReadAction\",\"target\":[\"https:\\\/\\\/jv-technoton.com\\\/fr\\\/solutions\\\/\"]}]},{\"@type\":\"ImageObject\",\"inLanguage\":\"fr-FR\",\"@id\":\"https:\\\/\\\/jv-technoton.com\\\/fr\\\/solutions\\\/#primaryimage\",\"url\":\"https:\\\/\\\/jv-technoton.com\\\/wp-content\\\/uploads\\\/2024\\\/12\\\/surveillance-consommation-carburant-1.webp\",\"contentUrl\":\"https:\\\/\\\/jv-technoton.com\\\/wp-content\\\/uploads\\\/2024\\\/12\\\/surveillance-consommation-carburant-1.webp\"},{\"@type\":\"BreadcrumbList\",\"@id\":\"https:\\\/\\\/jv-technoton.com\\\/fr\\\/solutions\\\/#breadcrumb\",\"itemListElement\":[{\"@type\":\"ListItem\",\"position\":1,\"name\":\"Home\",\"item\":\"https:\\\/\\\/jv-technoton.com\\\/fr\\\/\"},{\"@type\":\"ListItem\",\"position\":2,\"name\":\"Solutions aux t\u00e2ches actuelles de t\u00e9l\u00e9matique\"}]},{\"@type\":\"WebSite\",\"@id\":\"https:\\\/\\\/jv-technoton.com\\\/#website\",\"url\":\"https:\\\/\\\/jv-technoton.com\\\/\",\"name\":\"Advanced machinery telematics and fuel monitoring\",\"description\":\"T\u00e9l\u00e9matique et suivi du carburant pour machines complexes\",\"publisher\":{\"@id\":\"https:\\\/\\\/jv-technoton.com\\\/#organization\"},\"potentialAction\":[{\"@type\":\"SearchAction\",\"target\":{\"@type\":\"EntryPoint\",\"urlTemplate\":\"https:\\\/\\\/jv-technoton.com\\\/?s={search_term_string}\"},\"query-input\":{\"@type\":\"PropertyValueSpecification\",\"valueRequired\":true,\"valueName\":\"search_term_string\"}}],\"inLanguage\":\"fr-FR\"},{\"@type\":\"Organization\",\"@id\":\"https:\\\/\\\/jv-technoton.com\\\/#organization\",\"name\":\"Technoton\",\"url\":\"https:\\\/\\\/jv-technoton.com\\\/\",\"logo\":{\"@type\":\"ImageObject\",\"inLanguage\":\"fr-FR\",\"@id\":\"https:\\\/\\\/jv-technoton.com\\\/#\\\/schema\\\/logo\\\/image\\\/\",\"url\":\"https:\\\/\\\/jv-technoton.com\\\/wp-content\\\/uploads\\\/2022\\\/02\\\/technoton_logo_web.png\",\"contentUrl\":\"https:\\\/\\\/jv-technoton.com\\\/wp-content\\\/uploads\\\/2022\\\/02\\\/technoton_logo_web.png\",\"width\":800,\"height\":329,\"caption\":\"Technoton\"},\"image\":{\"@id\":\"https:\\\/\\\/jv-technoton.com\\\/#\\\/schema\\\/logo\\\/image\\\/\"},\"sameAs\":[\"https:\\\/\\\/www.linkedin.com\\\/company\\\/technoton\"]}]}<\/script>\n<!-- \/ Yoast SEO plugin. -->","yoast_head_json":{"title":"Solutions aux t\u00e2ches actuelles de t\u00e9l\u00e9matique | Technoton","description":"Les t\u00e2ches de t\u00e9l\u00e9matique et de suivi des v\u00e9hicules et des machines stationnaires \u2013 m\u00e9thodes de r\u00e9solution, produits utilis\u00e9s, pertinence pour diverses industries","robots":{"index":"index","follow":"follow","max-snippet":"max-snippet:-1","max-image-preview":"max-image-preview:large","max-video-preview":"max-video-preview:-1"},"canonical":"https:\/\/jv-technoton.com\/fr\/solutions\/","og_locale":"fr_FR","og_type":"article","og_title":"Solutions aux t\u00e2ches actuelles de t\u00e9l\u00e9matique - Technoton","og_description":"Les t\u00e2ches de t\u00e9l\u00e9matique et de suivi des v\u00e9hicules et des machines stationnaires \u2013 m\u00e9thodes de r\u00e9solution, produits utilis\u00e9s, pertinence pour diverses industries","og_url":"https:\/\/jv-technoton.com\/fr\/solutions\/","og_site_name":"Technoton","article_modified_time":"2025-07-08T06:55:26+00:00","og_image":[{"width":600,"height":300,"url":"https:\/\/jv-technoton.com\/wp-content\/uploads\/2019\/11\/fuel_consumption_monitoring.jpg","type":"image\/jpeg"}],"twitter_card":"summary_large_image","twitter_title":"Solutions aux t\u00e2ches actuelles de t\u00e9l\u00e9matique - Technoton","twitter_description":"Les t\u00e2ches de t\u00e9l\u00e9matique et de suivi des v\u00e9hicules et des machines stationnaires \u2013 m\u00e9thodes de r\u00e9solution, produits utilis\u00e9s, pertinence pour diverses industries","twitter_misc":{"Dur\u00e9e de lecture estim\u00e9e":"3 minutes"},"schema":{"@context":"https:\/\/schema.org","@graph":[{"@type":"WebPage","@id":"https:\/\/jv-technoton.com\/fr\/solutions\/","url":"https:\/\/jv-technoton.com\/fr\/solutions\/","name":"Solutions aux t\u00e2ches actuelles de t\u00e9l\u00e9matique | Technoton","isPartOf":{"@id":"https:\/\/jv-technoton.com\/#website"},"primaryImageOfPage":{"@id":"https:\/\/jv-technoton.com\/fr\/solutions\/#primaryimage"},"image":{"@id":"https:\/\/jv-technoton.com\/fr\/solutions\/#primaryimage"},"thumbnailUrl":"https:\/\/jv-technoton.com\/wp-content\/uploads\/2024\/12\/surveillance-consommation-carburant-1.webp","datePublished":"2024-12-18T13:04:01+00:00","dateModified":"2025-07-08T06:55:26+00:00","description":"Les t\u00e2ches de t\u00e9l\u00e9matique et de suivi des v\u00e9hicules et des machines stationnaires \u2013 m\u00e9thodes de r\u00e9solution, produits utilis\u00e9s, pertinence pour diverses industries","breadcrumb":{"@id":"https:\/\/jv-technoton.com\/fr\/solutions\/#breadcrumb"},"inLanguage":"fr-FR","potentialAction":[{"@type":"ReadAction","target":["https:\/\/jv-technoton.com\/fr\/solutions\/"]}]},{"@type":"ImageObject","inLanguage":"fr-FR","@id":"https:\/\/jv-technoton.com\/fr\/solutions\/#primaryimage","url":"https:\/\/jv-technoton.com\/wp-content\/uploads\/2024\/12\/surveillance-consommation-carburant-1.webp","contentUrl":"https:\/\/jv-technoton.com\/wp-content\/uploads\/2024\/12\/surveillance-consommation-carburant-1.webp"},{"@type":"BreadcrumbList","@id":"https:\/\/jv-technoton.com\/fr\/solutions\/#breadcrumb","itemListElement":[{"@type":"ListItem","position":1,"name":"Home","item":"https:\/\/jv-technoton.com\/fr\/"},{"@type":"ListItem","position":2,"name":"Solutions aux t\u00e2ches actuelles de t\u00e9l\u00e9matique"}]},{"@type":"WebSite","@id":"https:\/\/jv-technoton.com\/#website","url":"https:\/\/jv-technoton.com\/","name":"Advanced machinery telematics and fuel monitoring","description":"T\u00e9l\u00e9matique et suivi du carburant pour machines complexes","publisher":{"@id":"https:\/\/jv-technoton.com\/#organization"},"potentialAction":[{"@type":"SearchAction","target":{"@type":"EntryPoint","urlTemplate":"https:\/\/jv-technoton.com\/?s={search_term_string}"},"query-input":{"@type":"PropertyValueSpecification","valueRequired":true,"valueName":"search_term_string"}}],"inLanguage":"fr-FR"},{"@type":"Organization","@id":"https:\/\/jv-technoton.com\/#organization","name":"Technoton","url":"https:\/\/jv-technoton.com\/","logo":{"@type":"ImageObject","inLanguage":"fr-FR","@id":"https:\/\/jv-technoton.com\/#\/schema\/logo\/image\/","url":"https:\/\/jv-technoton.com\/wp-content\/uploads\/2022\/02\/technoton_logo_web.png","contentUrl":"https:\/\/jv-technoton.com\/wp-content\/uploads\/2022\/02\/technoton_logo_web.png","width":800,"height":329,"caption":"Technoton"},"image":{"@id":"https:\/\/jv-technoton.com\/#\/schema\/logo\/image\/"},"sameAs":["https:\/\/www.linkedin.com\/company\/technoton"]}]}},"rttpg_featured_image_url":null,"rttpg_author":{"display_name":"Ruslan_Lednik","author_link":"https:\/\/jv-technoton.com\/fr\/author\/ruslan_lednik\/"},"rttpg_comment":0,"rttpg_category":false,"rttpg_excerpt":"[vc_row][vc_column][vc_column_text css=\u00a0\u00bb\u00a0\u00bb] Solutions aux t\u00e2ches actuelles de t\u00e9l\u00e9matique [\/vc_column_text][\/vc_column][\/vc_row][vc_row equal_height=\u00a0\u00bbyes\u00a0\u00bb][vc_column width=\u00a0\u00bb1\/2&Prime;][vc_column_text css=\u00a0\u00bb\u00a0\u00bb][\/vc_column_text][vc_column_text css=\u00a0\u00bb.vc_custom_1734502737787{margin-top: -15px !important;}\u00a0\u00bb] Surveillance de la consommation de carburant [\/vc_column_text][\/vc_column][vc_column width=\u00a0\u00bb1\/2&Prime;][vc_column_text css=\u00a0\u00bb\u00a0\u00bb][\/vc_column_text][vc_column_text css=\u00a0\u00bb.vc_custom_1734595430164{margin-top: -15px !important;}\u00a0\u00bb] Maintenance pr\u00e9ventive [\/vc_column_text][\/vc_column][\/vc_row][vc_row equal_height=\u00a0\u00bbyes\u00a0\u00bb][vc_column width=\u00a0\u00bb1\/2&Prime;][vc_column_text css=\u00a0\u00bb\u00a0\u00bb] [\/vc_column_text][vc_column_text css=\u00a0\u00bb.vc_custom_1734503106603{margin-top: -15px !important;}\u00a0\u00bb] Surveillance de carburant dans le r\u00e9servoir [\/vc_column_text][\/vc_column][vc_column width=\u00a0\u00bb1\/2&Prime;][vc_column_text css=\u00a0\u00bb\u00a0\u00bb][\/vc_column_text][vc_column_text css=\u00a0\u00bb.vc_custom_1744715847432{margin-top: -15px !important;}\u00a0\u00bb] Suivi des temps et modes de\u2026","_links":{"self":[{"href":"https:\/\/jv-technoton.com\/fr\/wp-json\/wp\/v2\/pages\/113401","targetHints":{"allow":["GET"]}}],"collection":[{"href":"https:\/\/jv-technoton.com\/fr\/wp-json\/wp\/v2\/pages"}],"about":[{"href":"https:\/\/jv-technoton.com\/fr\/wp-json\/wp\/v2\/types\/page"}],"author":[{"embeddable":true,"href":"https:\/\/jv-technoton.com\/fr\/wp-json\/wp\/v2\/users\/14"}],"replies":[{"embeddable":true,"href":"https:\/\/jv-technoton.com\/fr\/wp-json\/wp\/v2\/comments?post=113401"}],"version-history":[{"count":0,"href":"https:\/\/jv-technoton.com\/fr\/wp-json\/wp\/v2\/pages\/113401\/revisions"}],"wp:attachment":[{"href":"https:\/\/jv-technoton.com\/fr\/wp-json\/wp\/v2\/media?parent=113401"}],"curies":[{"name":"wp","href":"https:\/\/api.w.org\/{rel}","templated":true}]}}