{"id":113452,"date":"2024-12-18T10:27:39","date_gmt":"2024-12-18T07:27:39","guid":{"rendered":"https:\/\/jv-technoton.com\/?page_id=113452"},"modified":"2024-12-18T10:30:01","modified_gmt":"2024-12-18T07:30:01","slug":"demande-de-capteurs-de-charge-dessieu","status":"publish","type":"page","link":"https:\/\/jv-technoton.com\/fr\/produits-technoton\/capteurs-de-charge-dessieu\/demande-de-capteurs-de-charge-dessieu\/","title":{"rendered":"Demande de capteurs de charge d&rsquo;essieu"},"content":{"rendered":"<div class=\"wpb-content-wrapper\"><p>[vc_row][vc_column]<div class=\"ult-spacer spacer-69d05c6a64490\" data-id=\"69d05c6a64490\" data-height=\"22\" data-height-mobile=\"22\" data-height-tab=\"22\" data-height-tab-portrait=\"\" data-height-mobile-landscape=\"\" style=\"clear:both;display:block;\"><\/div>[vc_column_text]<\/p>\n<h1>Demande de capteurs de charge d&rsquo;essieu<\/h1>\n<p>[\/vc_column_text]<div class=\"ult-spacer spacer-69d05c6a644ca\" data-id=\"69d05c6a644ca\" data-height=\"22\" data-height-mobile=\"22\" data-height-tab=\"22\" data-height-tab-portrait=\"\" data-height-mobile-landscape=\"\" style=\"clear:both;display:block;\"><\/div>[\/vc_column][\/vc_row][vc_row][vc_column][vc_column_text css=\u00a0\u00bb\u00a0\u00bb]<\/p>\n<p style=\"text-align: center;\">Contactez-nous et les experts de Technoton vous aideront \u00e0 choisir la passerelle t\u00e9l\u00e9matique de calcul en p\u00e9riph\u00e9rie pour r\u00e9soudre vos t\u00e2ches.<\/p>\n<p style=\"text-align: center;\">\n<div class=\"wpcf7 no-js\" id=\"wpcf7-f113456-o1\" lang=\"en-US\" dir=\"ltr\" data-wpcf7-id=\"113456\">\n<div class=\"screen-reader-response\"><p role=\"status\" aria-live=\"polite\" aria-atomic=\"true\"><\/p> <ul><\/ul><\/div>\n<form action=\"\/fr\/wp-json\/wp\/v2\/pages\/113452#wpcf7-f113456-o1\" method=\"post\" class=\"wpcf7-form init\" aria-label=\"Contact form\" novalidate=\"novalidate\" data-status=\"init\">\n<fieldset class=\"hidden-fields-container\"><input type=\"hidden\" name=\"_wpcf7\" value=\"113456\" \/><input type=\"hidden\" name=\"_wpcf7_version\" value=\"6.1.5\" \/><input type=\"hidden\" name=\"_wpcf7_locale\" value=\"en_US\" \/><input type=\"hidden\" name=\"_wpcf7_unit_tag\" value=\"wpcf7-f113456-o1\" \/><input type=\"hidden\" name=\"_wpcf7_container_post\" value=\"0\" \/><input type=\"hidden\" name=\"_wpcf7_posted_data_hash\" value=\"\" \/>\n<\/fieldset>\n<div style=\"max-width: 900px; margin: 0px auto;\">\n\t<p><label>Pays<span style=\"color: red;\">*<\/span><br \/>\n<span class=\"wpcf7-form-control-wrap\" data-name=\"text-561\"><input size=\"40\" maxlength=\"400\" class=\"wpcf7-form-control wpcf7-text wpcf7-validates-as-required\" aria-required=\"true\" aria-invalid=\"false\" value=\"\" type=\"text\" name=\"text-561\" \/><\/span><\/label>\n\t<\/p>\n\t<div style=\"width: 410px; display: inline-block; margin-right: 30px;\"\">\n\t\t<p>Nom<span style=\"color: red;\">*<\/span><br \/>\n<span class=\"wpcf7-form-control-wrap\" data-name=\"your-name\"><input size=\"40\" maxlength=\"400\" class=\"wpcf7-form-control wpcf7-text wpcf7-validates-as-required\" aria-required=\"true\" aria-invalid=\"false\" value=\"\" type=\"text\" name=\"your-name\" \/><\/span>\n\t\t<\/p>\n\t<\/div>\n\t<div style=\"width: 410px; display: inline-block; margin-bottom: 15px; margin-right: 30px;\">\n\t\t<p>Nom de l'entreprise<span style=\"color: red;\">*<\/span><br \/>\n<span class=\"wpcf7-form-control-wrap\" data-name=\"text-912\"><input size=\"40\" maxlength=\"400\" class=\"wpcf7-form-control wpcf7-text\" aria-invalid=\"false\" value=\"\" type=\"text\" name=\"text-912\" \/><\/span>\n\t\t<\/p>\n\t<\/div>\n\t<div style=\"width: 410px; display: inline-block; margin-bottom: 15px; margin-right: 30px;\">\n\t\t<p>Votre e-mail<span style=\"color: red;\">*<\/span><br \/>\n<span class=\"wpcf7-form-control-wrap\" data-name=\"your-email\"><input size=\"40\" maxlength=\"400\" class=\"wpcf7-form-control wpcf7-email wpcf7-validates-as-required wpcf7-text wpcf7-validates-as-email\" aria-required=\"true\" aria-invalid=\"false\" value=\"\" type=\"email\" name=\"your-email\" \/><\/span>\n\t\t<\/p>\n\t<\/div>\n\t<div style=\"width: 410px; display: inline-block; margin-bottom: 15px; margin-right: 30px;\">\n\t\t<p>Num\u00e9ro de t\u00e9l\u00e9phone<span style=\"color: red;\">*<\/span><br \/>\n<span class=\"wpcf7-form-control-wrap\" data-name=\"tel-529\"><input size=\"40\" maxlength=\"400\" class=\"wpcf7-form-control wpcf7-tel wpcf7-validates-as-required wpcf7-text wpcf7-validates-as-tel\" aria-required=\"true\" aria-invalid=\"false\" value=\"\" type=\"tel\" name=\"tel-529\" \/><\/span>\n\t\t<\/p>\n\t<\/div>\n\t<div style=\"width: 410px; display: inline-block; margin-bottom: 15px; margin-right: 30px;\">\n\t\t<p>Marque et mod\u00e8le du v\u00e9hicule\/machine<br \/>\n<span class=\"wpcf7-form-control-wrap\" data-name=\"technika1\"><input size=\"40\" maxlength=\"400\" class=\"wpcf7-form-control wpcf7-text\" aria-invalid=\"false\" value=\"\" type=\"text\" name=\"technika1\" \/><\/span>\n\t\t<\/p>\n\t<\/div>\n\t<div style=\"width: 135px; display: inline-block; margin-bottom: 15px; margin-right: 86px; vertical-align: top;\">\n\t\t<p>Type de suspension<br \/>\n<span class=\"wpcf7-form-control-wrap\" data-name=\"menu-130\"><select class=\"wpcf7-form-control wpcf7-select\" aria-invalid=\"false\" name=\"menu-130\"><option value=\"\">&#8212;Please choose an option&#8212;<\/option><option value=\"Suspension \u00e0 ressorts \u00e0 lames\">Suspension \u00e0 ressorts \u00e0 lames<\/option><option value=\"Suspension pneumatique\">Suspension pneumatique<\/option><option value=\"Je ne sais pas\">Je ne sais pas<\/option><\/select><\/span>\n\t\t<\/p>\n\t<\/div>\n\t<div style=\"width: 184px; display: inline-block; margin-bottom: 15px; align: right;\">\n\t\t<p>Quantit\u00e9<br \/>\n<span class=\"wpcf7-form-control-wrap\" data-name=\"number-7\"><input class=\"wpcf7-form-control wpcf7-number wpcf7-validates-as-number\" aria-invalid=\"false\" value=\"\" type=\"number\" name=\"number-7\" \/><\/span>\n\t\t<\/p>\n\t<\/div>\n\t<div style=\"max-width: 860px;\">\n\t\t<p>Message<br \/>\n<span class=\"wpcf7-form-control-wrap\" data-name=\"textarea-74\"><textarea cols=\"40\" rows=\"10\" maxlength=\"2000\" class=\"wpcf7-form-control wpcf7-textarea\" aria-invalid=\"false\" placeholder=\"Fournissez plus d&#039;informations, si possible : 1) marques et mod\u00e8les d&#039;autres unit\u00e9s de v\u00e9hicules\/machinerie, 2) quels dispositifs de suivi\/t\u00e9l\u00e9maque sont install\u00e9s sur les v\u00e9hicules, 3) toute autre information importante.\" name=\"textarea-74\"><\/textarea><\/span>\n\t\t<\/p>\n\t<\/div>\n\t<div style=\"max-width: 860px;  margin: 15px 0px;\">\n\t\t<p><span class=\"wpcf7-form-control-wrap\" data-name=\"acceptance-874\"><span class=\"wpcf7-form-control wpcf7-acceptance\"><span class=\"wpcf7-list-item\"><input type=\"checkbox\" name=\"acceptance-874\" value=\"1\" aria-invalid=\"false\" \/><\/span><\/span><\/span> J'ai lu <a target=\"_blank\" href=\"https:\/\/jv-technoton.com\/personal-data-privacy-policy\/\">la politique de confidentialit\u00e9<\/a> et j'accepte l'utilisation et le traitement de mes donn\u00e9es personnelles.\n\t\t<\/p>\n\t<\/div>\n\t<div style=\"margin: 15px 0px;\">\n\t\t<p><span style=\"color: red;\">*<\/span> - Veuillez remplir les champs indiqu\u00e9s.\n\t\t<\/p>\n\t<\/div>\n\t<div style=\"max-width: 860px;margin-bottom: 15px;\">\n\t\t<p><input class=\"wpcf7-form-control wpcf7-submit has-spinner\" id=\"234234323\" type=\"submit\" value=\"Envoyer\" \/>\n\t\t<\/p>\n\t<\/div>\n<\/div><p style=\"display: none !important;\" class=\"akismet-fields-container\" data-prefix=\"_wpcf7_ak_\"><label>&#916;<textarea name=\"_wpcf7_ak_hp_textarea\" cols=\"45\" rows=\"8\" maxlength=\"100\"><\/textarea><\/label><input type=\"hidden\" id=\"ak_js_1\" name=\"_wpcf7_ak_js\" value=\"18\"\/><script>document.getElementById( \"ak_js_1\" ).setAttribute( \"value\", ( new Date() ).getTime() );<\/script><\/p><div class=\"wpcf7-response-output\" aria-hidden=\"true\"><\/div>\n<\/form>\n<\/div>\n<p>[\/vc_column_text][\/vc_column][\/vc_row]<\/p>\n<\/div>","protected":false},"excerpt":{"rendered":"<p>[vc_row][vc_column][vc_column_text] Demande de capteurs de charge d&rsquo;essieu [\/vc_column_text][\/vc_column][\/vc_row][vc_row][vc_column][vc_column_text css=\u00a0\u00bb\u00a0\u00bb] Contactez-nous et les experts de Technoton vous aideront \u00e0 choisir la passerelle t\u00e9l\u00e9matique de calcul en p\u00e9riph\u00e9rie pour r\u00e9soudre vos t\u00e2ches. [\/vc_column_text][\/vc_column][\/vc_row]<\/p>\n","protected":false},"author":8,"featured_media":0,"parent":113437,"menu_order":0,"comment_status":"closed","ping_status":"closed","template":"","meta":{"footnotes":""},"class_list":["post-113452","page","type-page","status-publish","hentry"],"yoast_head":"<!-- This site is optimized with the Yoast SEO Premium plugin v18.1 (Yoast SEO v27.2) - https:\/\/yoast.com\/product\/yoast-seo-premium-wordpress\/ -->\n<title>Demande de capteurs de charge d&#039;essieu | Technoton<\/title>\n<meta name=\"robots\" content=\"index, follow, max-snippet:-1, max-image-preview:large, max-video-preview:-1\" \/>\n<link rel=\"canonical\" href=\"https:\/\/jv-technoton.com\/fr\/produits-technoton\/capteurs-de-charge-dessieu\/demande-de-capteurs-de-charge-dessieu\/\" \/>\n<meta property=\"og:locale\" content=\"fr_FR\" \/>\n<meta property=\"og:type\" content=\"article\" \/>\n<meta property=\"og:title\" content=\"Demande de capteurs de charge d&#039;essieu\" \/>\n<meta property=\"og:description\" content=\"[vc_row][vc_column][vc_column_text] Demande de capteurs de charge d&rsquo;essieu [\/vc_column_text][\/vc_column][\/vc_row][vc_row][vc_column][vc_column_text css=\u00a0\u00bb\u00a0\u00bb] Contactez-nous et les experts de Technoton vous aideront \u00e0 choisir la passerelle t\u00e9l\u00e9matique de calcul en p\u00e9riph\u00e9rie pour r\u00e9soudre vos t\u00e2ches. [\/vc_column_text][\/vc_column][\/vc_row]\" \/>\n<meta property=\"og:url\" content=\"https:\/\/jv-technoton.com\/fr\/produits-technoton\/capteurs-de-charge-dessieu\/demande-de-capteurs-de-charge-dessieu\/\" \/>\n<meta property=\"og:site_name\" content=\"Technoton\" \/>\n<meta property=\"article:modified_time\" content=\"2024-12-18T07:30:01+00:00\" \/>\n<meta name=\"twitter:card\" content=\"summary_large_image\" \/>\n<meta name=\"twitter:label1\" content=\"Dur\u00e9e de lecture estim\u00e9e\" \/>\n\t<meta name=\"twitter:data1\" content=\"1 minute\" \/>\n<script type=\"application\/ld+json\" class=\"yoast-schema-graph\">{\"@context\":\"https:\/\/schema.org\",\"@graph\":[{\"@type\":\"WebPage\",\"@id\":\"https:\/\/jv-technoton.com\/fr\/produits-technoton\/capteurs-de-charge-dessieu\/demande-de-capteurs-de-charge-dessieu\/\",\"url\":\"https:\/\/jv-technoton.com\/fr\/produits-technoton\/capteurs-de-charge-dessieu\/demande-de-capteurs-de-charge-dessieu\/\",\"name\":\"Demande de capteurs de charge d'essieu | Technoton\",\"isPartOf\":{\"@id\":\"https:\/\/jv-technoton.com\/#website\"},\"datePublished\":\"2024-12-18T07:27:39+00:00\",\"dateModified\":\"2024-12-18T07:30:01+00:00\",\"breadcrumb\":{\"@id\":\"https:\/\/jv-technoton.com\/fr\/produits-technoton\/capteurs-de-charge-dessieu\/demande-de-capteurs-de-charge-dessieu\/#breadcrumb\"},\"inLanguage\":\"fr-FR\",\"potentialAction\":[{\"@type\":\"ReadAction\",\"target\":[\"https:\/\/jv-technoton.com\/fr\/produits-technoton\/capteurs-de-charge-dessieu\/demande-de-capteurs-de-charge-dessieu\/\"]}]},{\"@type\":\"BreadcrumbList\",\"@id\":\"https:\/\/jv-technoton.com\/fr\/produits-technoton\/capteurs-de-charge-dessieu\/demande-de-capteurs-de-charge-dessieu\/#breadcrumb\",\"itemListElement\":[{\"@type\":\"ListItem\",\"position\":1,\"name\":\"Home\",\"item\":\"https:\/\/jv-technoton.com\/fr\/\"},{\"@type\":\"ListItem\",\"position\":2,\"name\":\"Produits Technoton\",\"item\":\"https:\/\/jv-technoton.com\/fr\/produits-technoton\/\"},{\"@type\":\"ListItem\",\"position\":3,\"name\":\"Capteurs de charge \u00e0 l&#8217;essieu\",\"item\":\"https:\/\/jv-technoton.com\/fr\/produits-technoton\/capteurs-de-charge-dessieu\/\"},{\"@type\":\"ListItem\",\"position\":4,\"name\":\"Demande de capteurs de charge d&#8217;essieu\"}]},{\"@type\":\"WebSite\",\"@id\":\"https:\/\/jv-technoton.com\/#website\",\"url\":\"https:\/\/jv-technoton.com\/\",\"name\":\"Advanced machinery telematics and fuel monitoring\",\"description\":\"T\u00e9l\u00e9matique et suivi du carburant pour machines complexes\",\"publisher\":{\"@id\":\"https:\/\/jv-technoton.com\/#organization\"},\"potentialAction\":[{\"@type\":\"SearchAction\",\"target\":{\"@type\":\"EntryPoint\",\"urlTemplate\":\"https:\/\/jv-technoton.com\/?s={search_term_string}\"},\"query-input\":{\"@type\":\"PropertyValueSpecification\",\"valueRequired\":true,\"valueName\":\"search_term_string\"}}],\"inLanguage\":\"fr-FR\"},{\"@type\":\"Organization\",\"@id\":\"https:\/\/jv-technoton.com\/#organization\",\"name\":\"Technoton\",\"url\":\"https:\/\/jv-technoton.com\/\",\"logo\":{\"@type\":\"ImageObject\",\"inLanguage\":\"fr-FR\",\"@id\":\"https:\/\/jv-technoton.com\/#\/schema\/logo\/image\/\",\"url\":\"https:\/\/jv-technoton.com\/wp-content\/uploads\/2022\/02\/technoton_logo_web.png\",\"contentUrl\":\"https:\/\/jv-technoton.com\/wp-content\/uploads\/2022\/02\/technoton_logo_web.png\",\"width\":800,\"height\":329,\"caption\":\"Technoton\"},\"image\":{\"@id\":\"https:\/\/jv-technoton.com\/#\/schema\/logo\/image\/\"},\"sameAs\":[\"https:\/\/www.linkedin.com\/company\/technoton\"]}]}<\/script>\n<!-- \/ Yoast SEO Premium plugin. -->","yoast_head_json":{"title":"Demande de capteurs de charge d'essieu | Technoton","robots":{"index":"index","follow":"follow","max-snippet":"max-snippet:-1","max-image-preview":"max-image-preview:large","max-video-preview":"max-video-preview:-1"},"canonical":"https:\/\/jv-technoton.com\/fr\/produits-technoton\/capteurs-de-charge-dessieu\/demande-de-capteurs-de-charge-dessieu\/","og_locale":"fr_FR","og_type":"article","og_title":"Demande de capteurs de charge d'essieu","og_description":"[vc_row][vc_column][vc_column_text] Demande de capteurs de charge d&rsquo;essieu [\/vc_column_text][\/vc_column][\/vc_row][vc_row][vc_column][vc_column_text css=\u00a0\u00bb\u00a0\u00bb] Contactez-nous et les experts de Technoton vous aideront \u00e0 choisir la passerelle t\u00e9l\u00e9matique de calcul en p\u00e9riph\u00e9rie pour r\u00e9soudre vos t\u00e2ches. [\/vc_column_text][\/vc_column][\/vc_row]","og_url":"https:\/\/jv-technoton.com\/fr\/produits-technoton\/capteurs-de-charge-dessieu\/demande-de-capteurs-de-charge-dessieu\/","og_site_name":"Technoton","article_modified_time":"2024-12-18T07:30:01+00:00","twitter_card":"summary_large_image","twitter_misc":{"Dur\u00e9e de lecture estim\u00e9e":"1 minute"},"schema":{"@context":"https:\/\/schema.org","@graph":[{"@type":"WebPage","@id":"https:\/\/jv-technoton.com\/fr\/produits-technoton\/capteurs-de-charge-dessieu\/demande-de-capteurs-de-charge-dessieu\/","url":"https:\/\/jv-technoton.com\/fr\/produits-technoton\/capteurs-de-charge-dessieu\/demande-de-capteurs-de-charge-dessieu\/","name":"Demande de capteurs de charge d'essieu | Technoton","isPartOf":{"@id":"https:\/\/jv-technoton.com\/#website"},"datePublished":"2024-12-18T07:27:39+00:00","dateModified":"2024-12-18T07:30:01+00:00","breadcrumb":{"@id":"https:\/\/jv-technoton.com\/fr\/produits-technoton\/capteurs-de-charge-dessieu\/demande-de-capteurs-de-charge-dessieu\/#breadcrumb"},"inLanguage":"fr-FR","potentialAction":[{"@type":"ReadAction","target":["https:\/\/jv-technoton.com\/fr\/produits-technoton\/capteurs-de-charge-dessieu\/demande-de-capteurs-de-charge-dessieu\/"]}]},{"@type":"BreadcrumbList","@id":"https:\/\/jv-technoton.com\/fr\/produits-technoton\/capteurs-de-charge-dessieu\/demande-de-capteurs-de-charge-dessieu\/#breadcrumb","itemListElement":[{"@type":"ListItem","position":1,"name":"Home","item":"https:\/\/jv-technoton.com\/fr\/"},{"@type":"ListItem","position":2,"name":"Produits Technoton","item":"https:\/\/jv-technoton.com\/fr\/produits-technoton\/"},{"@type":"ListItem","position":3,"name":"Capteurs de charge \u00e0 l&#8217;essieu","item":"https:\/\/jv-technoton.com\/fr\/produits-technoton\/capteurs-de-charge-dessieu\/"},{"@type":"ListItem","position":4,"name":"Demande de capteurs de charge d&#8217;essieu"}]},{"@type":"WebSite","@id":"https:\/\/jv-technoton.com\/#website","url":"https:\/\/jv-technoton.com\/","name":"Advanced machinery telematics and fuel monitoring","description":"T\u00e9l\u00e9matique et suivi du carburant pour machines complexes","publisher":{"@id":"https:\/\/jv-technoton.com\/#organization"},"potentialAction":[{"@type":"SearchAction","target":{"@type":"EntryPoint","urlTemplate":"https:\/\/jv-technoton.com\/?s={search_term_string}"},"query-input":{"@type":"PropertyValueSpecification","valueRequired":true,"valueName":"search_term_string"}}],"inLanguage":"fr-FR"},{"@type":"Organization","@id":"https:\/\/jv-technoton.com\/#organization","name":"Technoton","url":"https:\/\/jv-technoton.com\/","logo":{"@type":"ImageObject","inLanguage":"fr-FR","@id":"https:\/\/jv-technoton.com\/#\/schema\/logo\/image\/","url":"https:\/\/jv-technoton.com\/wp-content\/uploads\/2022\/02\/technoton_logo_web.png","contentUrl":"https:\/\/jv-technoton.com\/wp-content\/uploads\/2022\/02\/technoton_logo_web.png","width":800,"height":329,"caption":"Technoton"},"image":{"@id":"https:\/\/jv-technoton.com\/#\/schema\/logo\/image\/"},"sameAs":["https:\/\/www.linkedin.com\/company\/technoton"]}]}},"rttpg_featured_image_url":null,"rttpg_author":{"display_name":"Tretyakov Sergey","author_link":"https:\/\/jv-technoton.com\/fr\/author\/sergei_tretyakov\/"},"rttpg_comment":0,"rttpg_category":false,"rttpg_excerpt":"[vc_row][vc_column][vc_column_text] Demande de capteurs de charge d&rsquo;essieu [\/vc_column_text][\/vc_column][\/vc_row][vc_row][vc_column][vc_column_text css=\u00a0\u00bb\u00a0\u00bb] Contactez-nous et les experts de Technoton vous aideront \u00e0 choisir la passerelle t\u00e9l\u00e9matique de calcul en p\u00e9riph\u00e9rie pour r\u00e9soudre vos t\u00e2ches. [\/vc_column_text][\/vc_column][\/vc_row]","_links":{"self":[{"href":"https:\/\/jv-technoton.com\/fr\/wp-json\/wp\/v2\/pages\/113452","targetHints":{"allow":["GET"]}}],"collection":[{"href":"https:\/\/jv-technoton.com\/fr\/wp-json\/wp\/v2\/pages"}],"about":[{"href":"https:\/\/jv-technoton.com\/fr\/wp-json\/wp\/v2\/types\/page"}],"author":[{"embeddable":true,"href":"https:\/\/jv-technoton.com\/fr\/wp-json\/wp\/v2\/users\/8"}],"replies":[{"embeddable":true,"href":"https:\/\/jv-technoton.com\/fr\/wp-json\/wp\/v2\/comments?post=113452"}],"version-history":[{"count":2,"href":"https:\/\/jv-technoton.com\/fr\/wp-json\/wp\/v2\/pages\/113452\/revisions"}],"predecessor-version":[{"id":113458,"href":"https:\/\/jv-technoton.com\/fr\/wp-json\/wp\/v2\/pages\/113452\/revisions\/113458"}],"up":[{"embeddable":true,"href":"https:\/\/jv-technoton.com\/fr\/wp-json\/wp\/v2\/pages\/113437"}],"wp:attachment":[{"href":"https:\/\/jv-technoton.com\/fr\/wp-json\/wp\/v2\/media?parent=113452"}],"curies":[{"name":"wp","href":"https:\/\/api.w.org\/{rel}","templated":true}]}}