{"id":113493,"date":"2024-12-18T13:28:45","date_gmt":"2024-12-18T10:28:45","guid":{"rendered":"https:\/\/jv-technoton.com\/?page_id=113493"},"modified":"2024-12-18T13:30:50","modified_gmt":"2024-12-18T10:30:50","slug":"demande-doutils-de-bus-can","status":"publish","type":"page","link":"https:\/\/jv-technoton.com\/fr\/produits-technoton\/outils-pour-bus-can\/demande-doutils-de-bus-can\/","title":{"rendered":"Demande d&rsquo;outils de bus CAN"},"content":{"rendered":"<div class=\"wpb-content-wrapper\"><p>[vc_row][vc_column]<div class=\"ult-spacer spacer-69e48629ce3b8\" data-id=\"69e48629ce3b8\" data-height=\"22\" data-height-mobile=\"22\" data-height-tab=\"22\" data-height-tab-portrait=\"\" data-height-mobile-landscape=\"\" style=\"clear:both;display:block;\"><\/div>[vc_column_text css=\u00a0\u00bb\u00a0\u00bb]<\/p>\n<h1>Demande d&rsquo;outils de bus CAN<\/h1>\n<p>[\/vc_column_text]<div class=\"ult-spacer spacer-69e48629ce3f0\" data-id=\"69e48629ce3f0\" data-height=\"22\" data-height-mobile=\"22\" data-height-tab=\"22\" data-height-tab-portrait=\"\" data-height-mobile-landscape=\"\" style=\"clear:both;display:block;\"><\/div>[\/vc_column][\/vc_row][vc_row][vc_column][vc_column_text css=\u00a0\u00bb\u00a0\u00bb]<\/p>\n<p style=\"text-align: center;\">Contactez-nous et les experts de Technoton vous aideront \u00e0 choisir les outils de bus CAN pour r\u00e9soudre vos probl\u00e8mes.<\/p>\n<p style=\"text-align: center;\">\n<div class=\"wpcf7 no-js\" id=\"wpcf7-f113496-o1\" lang=\"en-US\" dir=\"ltr\" data-wpcf7-id=\"113496\">\n<div class=\"screen-reader-response\"><p role=\"status\" aria-live=\"polite\" aria-atomic=\"true\"><\/p> <ul><\/ul><\/div>\n<form action=\"\/fr\/wp-json\/wp\/v2\/pages\/113493#wpcf7-f113496-o1\" method=\"post\" class=\"wpcf7-form init\" aria-label=\"Contact form\" novalidate=\"novalidate\" data-status=\"init\">\n<fieldset class=\"hidden-fields-container\"><input type=\"hidden\" name=\"_wpcf7\" value=\"113496\" \/><input type=\"hidden\" name=\"_wpcf7_version\" value=\"6.1.5\" \/><input type=\"hidden\" name=\"_wpcf7_locale\" value=\"en_US\" \/><input type=\"hidden\" name=\"_wpcf7_unit_tag\" value=\"wpcf7-f113496-o1\" \/><input type=\"hidden\" name=\"_wpcf7_container_post\" value=\"0\" \/><input type=\"hidden\" name=\"_wpcf7_posted_data_hash\" value=\"\" \/>\n<\/fieldset>\n<div style=\"max-width: 900px; margin: 0px auto;\">\n\t<p><label>Pays*<br \/>\n<span class=\"wpcf7-form-control-wrap\" data-name=\"text-697\"><input size=\"40\" maxlength=\"400\" class=\"wpcf7-form-control wpcf7-text wpcf7-validates-as-required\" aria-required=\"true\" aria-invalid=\"false\" value=\"\" type=\"text\" name=\"text-697\" \/><\/span><\/label>\n\t<\/p>\n\t<div style=\"width: 410px; display: inline-block; margin-right: 30px;\">\n\t\t<p>Nom<span style=\"color: red;\">*<\/span><br \/>\n<span class=\"wpcf7-form-control-wrap\" data-name=\"your-name\"><input size=\"40\" maxlength=\"400\" class=\"wpcf7-form-control wpcf7-text wpcf7-validates-as-required\" aria-required=\"true\" aria-invalid=\"false\" value=\"\" type=\"text\" name=\"your-name\" \/><\/span>\n\t\t<\/p>\n\t<\/div>\n\t<div style=\"width: 410px; display: inline-block; margin-bottom: 15px; margin-right: 30px;\">\n\t\t<p>Nom de l'entreprise<span style=\"color: red;\">*<\/span><br \/>\n<span class=\"wpcf7-form-control-wrap\" data-name=\"text-912\"><input size=\"40\" maxlength=\"400\" class=\"wpcf7-form-control wpcf7-text\" aria-invalid=\"false\" value=\"\" type=\"text\" name=\"text-912\" \/><\/span>\n\t\t<\/p>\n\t<\/div>\n\t<div style=\"width: 410px; display: inline-block; margin-bottom: 15px;margin-right: 30px;\">\n\t\t<p>Votre e-mail<span style=\"color: red;\">*<\/span><br \/>\n<span class=\"wpcf7-form-control-wrap\" data-name=\"your-email\"><input size=\"40\" maxlength=\"400\" class=\"wpcf7-form-control wpcf7-email wpcf7-validates-as-required wpcf7-text wpcf7-validates-as-email\" aria-required=\"true\" aria-invalid=\"false\" value=\"\" type=\"email\" name=\"your-email\" \/><\/span>\n\t\t<\/p>\n\t<\/div>\n\t<div style=\"width: 410px; display: inline-block; margin-bottom: 15px; margin-right: 30px;\">\n\t\t<p>Num\u00e9ro de t\u00e9l\u00e9phone<span style=\"color: red;\">*<\/span><br \/>\n<span class=\"wpcf7-form-control-wrap\" data-name=\"tel-529\"><input size=\"40\" maxlength=\"400\" class=\"wpcf7-form-control wpcf7-tel wpcf7-validates-as-required wpcf7-text wpcf7-validates-as-tel\" aria-required=\"true\" aria-invalid=\"false\" value=\"\" type=\"tel\" name=\"tel-529\" \/><\/span>\n\t\t<\/p>\n\t<\/div>\n\t<div style=\"max-width: 560px; display: inline-block; margin-bottom: 15px; margin-right: 30px;\">\n\t\t<p>T\u00e2ches<span style=\"color: red;\">*<\/span><br \/>\n<span class=\"wpcf7-form-control-wrap\" data-name=\"checkbox-576\"><span class=\"wpcf7-form-control wpcf7-checkbox wpcf7-validates-as-required\"><span class=\"wpcf7-list-item first\"><input type=\"checkbox\" name=\"checkbox-576[]\" value=\"Afficher localement les messages CAN j1939 sur l&#039;\u00e9cran\" \/><span class=\"wpcf7-list-item-label\">Afficher localement les messages CAN j1939 sur l&#039;\u00e9cran<\/span><\/span><span class=\"wpcf7-list-item\"><input type=\"checkbox\" name=\"checkbox-576[]\" value=\"Lire et analyser en toute s\u00e9curit\u00e9 les messages J1708\" \/><span class=\"wpcf7-list-item-label\">Lire et analyser en toute s\u00e9curit\u00e9 les messages J1708<\/span><\/span><span class=\"wpcf7-list-item\"><input type=\"checkbox\" name=\"checkbox-576[]\" value=\"Lire et analyser en toute s\u00e9curit\u00e9 les messages CAN j1939\" \/><span class=\"wpcf7-list-item-label\">Lire et analyser en toute s\u00e9curit\u00e9 les messages CAN j1939<\/span><\/span><span class=\"wpcf7-list-item\"><input type=\"checkbox\" name=\"checkbox-576[]\" value=\"Convertir les messages CAN j1939 et J1708 en RS-232 \/ RS-485\" \/><span class=\"wpcf7-list-item-label\">Convertir les messages CAN j1939 et J1708 en RS-232 \/ RS-485<\/span><\/span><span class=\"wpcf7-list-item\"><input type=\"checkbox\" name=\"checkbox-576[]\" value=\"Imitation et analyse du bus CAN j1939 sur PC\" \/><span class=\"wpcf7-list-item-label\">Imitation et analyse du bus CAN j1939 sur PC<\/span><\/span><span class=\"wpcf7-list-item\"><input type=\"checkbox\" name=\"checkbox-576[]\" value=\"Trier les messages FMS du CANbus vers l&#039;unit\u00e9 t\u00e9l\u00e9matique\" \/><span class=\"wpcf7-list-item-label\">Trier les messages FMS du CANbus vers l&#039;unit\u00e9 t\u00e9l\u00e9matique<\/span><\/span><span class=\"wpcf7-list-item last\"><input type=\"checkbox\" name=\"checkbox-576[]\" value=\"Convertir les signaux analogiques en messages CAN j1939 et vice versa\" \/><span class=\"wpcf7-list-item-label\">Convertir les signaux analogiques en messages CAN j1939 et vice versa<\/span><\/span><\/span><\/span>\n\t\t<\/p>\n\t<\/div>\n\t<div style=\"max-width: 860px;\">\n\t\t<p>Message<br \/>\n<span class=\"wpcf7-form-control-wrap\" data-name=\"textarea-74\"><textarea cols=\"40\" rows=\"10\" maxlength=\"2000\" class=\"wpcf7-form-control wpcf7-textarea\" aria-invalid=\"false\" placeholder=\"If possible, provide additional information that you consider important.\" name=\"textarea-74\"><\/textarea><\/span>\n\t\t<\/p>\n\t<\/div>\n\t<div style=\"max-width: 860px;  margin: 15px 0px;\">\n\t\t<p><span class=\"wpcf7-form-control-wrap\" data-name=\"acceptance-874\"><span class=\"wpcf7-form-control wpcf7-acceptance\"><span class=\"wpcf7-list-item\"><input type=\"checkbox\" name=\"acceptance-874\" value=\"1\" aria-invalid=\"false\" \/><\/span><\/span><\/span> J'ai lu <a target=\"_blank\" href=\"https:\/\/jv-technoton.com\/personal-data-privacy-policy\/\"> la politique de confidentialit\u00e9<\/a> et j'accepte l'utilisation et le traitement de mes donn\u00e9es personnelles.\n\t\t<\/p>\n\t<\/div>\n\t<div style=\"margin: 15px 0px;\">\n\t\t<p><span style=\"color: red;\">*<\/span> - Veuillez remplir les champs indiqu\u00e9s.\n\t\t<\/p>\n\t<\/div>\n\t<p><span class=\"wpcf7-form-control-wrap\" data-name=\"quiz-407\"><label><span class=\"wpcf7-quiz-label\">Please answer the question. 2+3= ?<\/span> <input size=\"40\" class=\"wpcf7-form-control wpcf7-quiz\" autocomplete=\"off\" aria-required=\"true\" aria-invalid=\"false\" type=\"text\" name=\"quiz-407\" \/><\/label><input type=\"hidden\" name=\"_wpcf7_quiz_answer_quiz-407\" value=\"0dd8aa2658e6b4efd0b5148b28b5eb22\" \/><\/span>\n\t<\/p>\n\t<div style=\"max-width: 860px;margin-bottom: 15px;\">\n\t\t<p><input class=\"wpcf7-form-control wpcf7-submit has-spinner\" type=\"submit\" value=\"Envoyer\" \/>\n\t\t<\/p>\n\t<\/div>\n<\/div><p style=\"display: none !important;\" class=\"akismet-fields-container\" data-prefix=\"_wpcf7_ak_\"><label>&#916;<textarea name=\"_wpcf7_ak_hp_textarea\" cols=\"45\" rows=\"8\" maxlength=\"100\"><\/textarea><\/label><input type=\"hidden\" id=\"ak_js_1\" name=\"_wpcf7_ak_js\" value=\"156\"\/><script>document.getElementById( \"ak_js_1\" ).setAttribute( \"value\", ( new Date() ).getTime() );<\/script><\/p><div class=\"wpcf7-response-output\" aria-hidden=\"true\"><\/div>\n<\/form>\n<\/div>\n<p>[\/vc_column_text][\/vc_column][\/vc_row]<\/p>\n<\/div>","protected":false},"excerpt":{"rendered":"<p>[vc_row][vc_column][vc_column_text css=\u00a0\u00bb\u00a0\u00bb] Demande d&rsquo;outils de bus CAN [\/vc_column_text][\/vc_column][\/vc_row][vc_row][vc_column][vc_column_text css=\u00a0\u00bb\u00a0\u00bb] Contactez-nous et les experts de Technoton vous aideront \u00e0 choisir les outils de bus CAN pour r\u00e9soudre vos probl\u00e8mes. [\/vc_column_text][\/vc_column][\/vc_row]<\/p>\n","protected":false},"author":8,"featured_media":0,"parent":113487,"menu_order":0,"comment_status":"closed","ping_status":"closed","template":"","meta":{"footnotes":""},"class_list":["post-113493","page","type-page","status-publish","hentry"],"yoast_head":"<!-- This site is optimized with the Yoast SEO plugin v27.3 - https:\/\/yoast.com\/product\/yoast-seo-wordpress\/ -->\n<title>Demande d&#039;outils de bus CAN | Technoton<\/title>\n<meta name=\"robots\" content=\"index, follow, max-snippet:-1, max-image-preview:large, max-video-preview:-1\" \/>\n<link rel=\"canonical\" href=\"https:\/\/jv-technoton.com\/fr\/produits-technoton\/outils-pour-bus-can\/demande-doutils-de-bus-can\/\" \/>\n<meta property=\"og:locale\" content=\"fr_FR\" \/>\n<meta property=\"og:type\" content=\"article\" \/>\n<meta property=\"og:title\" content=\"Demande d&#039;outils de bus CAN | Technoton\" \/>\n<meta property=\"og:description\" content=\"[vc_row][vc_column][vc_column_text css=\u00a0\u00bb\u00a0\u00bb] Demande d&rsquo;outils de bus CAN [\/vc_column_text][\/vc_column][\/vc_row][vc_row][vc_column][vc_column_text css=\u00a0\u00bb\u00a0\u00bb] Contactez-nous et les experts de Technoton vous aideront \u00e0 choisir les outils de bus CAN pour r\u00e9soudre vos probl\u00e8mes. [\/vc_column_text][\/vc_column][\/vc_row]\" \/>\n<meta property=\"og:url\" content=\"https:\/\/jv-technoton.com\/fr\/produits-technoton\/outils-pour-bus-can\/demande-doutils-de-bus-can\/\" \/>\n<meta property=\"og:site_name\" content=\"Technoton\" \/>\n<meta property=\"article:modified_time\" content=\"2024-12-18T10:30:50+00:00\" \/>\n<meta name=\"twitter:card\" content=\"summary_large_image\" \/>\n<meta name=\"twitter:label1\" content=\"Dur\u00e9e de lecture estim\u00e9e\" \/>\n\t<meta name=\"twitter:data1\" content=\"1 minute\" \/>\n<script type=\"application\/ld+json\" class=\"yoast-schema-graph\">{\"@context\":\"https:\\\/\\\/schema.org\",\"@graph\":[{\"@type\":\"WebPage\",\"@id\":\"https:\\\/\\\/jv-technoton.com\\\/fr\\\/produits-technoton\\\/outils-pour-bus-can\\\/demande-doutils-de-bus-can\\\/\",\"url\":\"https:\\\/\\\/jv-technoton.com\\\/fr\\\/produits-technoton\\\/outils-pour-bus-can\\\/demande-doutils-de-bus-can\\\/\",\"name\":\"Demande d'outils de bus CAN | Technoton\",\"isPartOf\":{\"@id\":\"https:\\\/\\\/jv-technoton.com\\\/#website\"},\"datePublished\":\"2024-12-18T10:28:45+00:00\",\"dateModified\":\"2024-12-18T10:30:50+00:00\",\"breadcrumb\":{\"@id\":\"https:\\\/\\\/jv-technoton.com\\\/fr\\\/produits-technoton\\\/outils-pour-bus-can\\\/demande-doutils-de-bus-can\\\/#breadcrumb\"},\"inLanguage\":\"fr-FR\",\"potentialAction\":[{\"@type\":\"ReadAction\",\"target\":[\"https:\\\/\\\/jv-technoton.com\\\/fr\\\/produits-technoton\\\/outils-pour-bus-can\\\/demande-doutils-de-bus-can\\\/\"]}]},{\"@type\":\"BreadcrumbList\",\"@id\":\"https:\\\/\\\/jv-technoton.com\\\/fr\\\/produits-technoton\\\/outils-pour-bus-can\\\/demande-doutils-de-bus-can\\\/#breadcrumb\",\"itemListElement\":[{\"@type\":\"ListItem\",\"position\":1,\"name\":\"Home\",\"item\":\"https:\\\/\\\/jv-technoton.com\\\/fr\\\/\"},{\"@type\":\"ListItem\",\"position\":2,\"name\":\"Produits Technoton\",\"item\":\"https:\\\/\\\/jv-technoton.com\\\/fr\\\/produits-technoton\\\/\"},{\"@type\":\"ListItem\",\"position\":3,\"name\":\"Outils pour le bus CAN\",\"item\":\"https:\\\/\\\/jv-technoton.com\\\/fr\\\/produits-technoton\\\/outils-pour-bus-can\\\/\"},{\"@type\":\"ListItem\",\"position\":4,\"name\":\"Demande d&#8217;outils de bus CAN\"}]},{\"@type\":\"WebSite\",\"@id\":\"https:\\\/\\\/jv-technoton.com\\\/#website\",\"url\":\"https:\\\/\\\/jv-technoton.com\\\/\",\"name\":\"Advanced machinery telematics and fuel monitoring\",\"description\":\"T\u00e9l\u00e9matique et suivi du carburant pour machines complexes\",\"publisher\":{\"@id\":\"https:\\\/\\\/jv-technoton.com\\\/#organization\"},\"potentialAction\":[{\"@type\":\"SearchAction\",\"target\":{\"@type\":\"EntryPoint\",\"urlTemplate\":\"https:\\\/\\\/jv-technoton.com\\\/?s={search_term_string}\"},\"query-input\":{\"@type\":\"PropertyValueSpecification\",\"valueRequired\":true,\"valueName\":\"search_term_string\"}}],\"inLanguage\":\"fr-FR\"},{\"@type\":\"Organization\",\"@id\":\"https:\\\/\\\/jv-technoton.com\\\/#organization\",\"name\":\"Technoton\",\"url\":\"https:\\\/\\\/jv-technoton.com\\\/\",\"logo\":{\"@type\":\"ImageObject\",\"inLanguage\":\"fr-FR\",\"@id\":\"https:\\\/\\\/jv-technoton.com\\\/#\\\/schema\\\/logo\\\/image\\\/\",\"url\":\"https:\\\/\\\/jv-technoton.com\\\/wp-content\\\/uploads\\\/2022\\\/02\\\/technoton_logo_web.png\",\"contentUrl\":\"https:\\\/\\\/jv-technoton.com\\\/wp-content\\\/uploads\\\/2022\\\/02\\\/technoton_logo_web.png\",\"width\":800,\"height\":329,\"caption\":\"Technoton\"},\"image\":{\"@id\":\"https:\\\/\\\/jv-technoton.com\\\/#\\\/schema\\\/logo\\\/image\\\/\"},\"sameAs\":[\"https:\\\/\\\/www.linkedin.com\\\/company\\\/technoton\"]}]}<\/script>\n<!-- \/ Yoast SEO plugin. -->","yoast_head_json":{"title":"Demande d'outils de bus CAN | Technoton","robots":{"index":"index","follow":"follow","max-snippet":"max-snippet:-1","max-image-preview":"max-image-preview:large","max-video-preview":"max-video-preview:-1"},"canonical":"https:\/\/jv-technoton.com\/fr\/produits-technoton\/outils-pour-bus-can\/demande-doutils-de-bus-can\/","og_locale":"fr_FR","og_type":"article","og_title":"Demande d'outils de bus CAN | Technoton","og_description":"[vc_row][vc_column][vc_column_text css=\u00a0\u00bb\u00a0\u00bb] Demande d&rsquo;outils de bus CAN [\/vc_column_text][\/vc_column][\/vc_row][vc_row][vc_column][vc_column_text css=\u00a0\u00bb\u00a0\u00bb] Contactez-nous et les experts de Technoton vous aideront \u00e0 choisir les outils de bus CAN pour r\u00e9soudre vos probl\u00e8mes. [\/vc_column_text][\/vc_column][\/vc_row]","og_url":"https:\/\/jv-technoton.com\/fr\/produits-technoton\/outils-pour-bus-can\/demande-doutils-de-bus-can\/","og_site_name":"Technoton","article_modified_time":"2024-12-18T10:30:50+00:00","twitter_card":"summary_large_image","twitter_misc":{"Dur\u00e9e de lecture estim\u00e9e":"1 minute"},"schema":{"@context":"https:\/\/schema.org","@graph":[{"@type":"WebPage","@id":"https:\/\/jv-technoton.com\/fr\/produits-technoton\/outils-pour-bus-can\/demande-doutils-de-bus-can\/","url":"https:\/\/jv-technoton.com\/fr\/produits-technoton\/outils-pour-bus-can\/demande-doutils-de-bus-can\/","name":"Demande d'outils de bus CAN | Technoton","isPartOf":{"@id":"https:\/\/jv-technoton.com\/#website"},"datePublished":"2024-12-18T10:28:45+00:00","dateModified":"2024-12-18T10:30:50+00:00","breadcrumb":{"@id":"https:\/\/jv-technoton.com\/fr\/produits-technoton\/outils-pour-bus-can\/demande-doutils-de-bus-can\/#breadcrumb"},"inLanguage":"fr-FR","potentialAction":[{"@type":"ReadAction","target":["https:\/\/jv-technoton.com\/fr\/produits-technoton\/outils-pour-bus-can\/demande-doutils-de-bus-can\/"]}]},{"@type":"BreadcrumbList","@id":"https:\/\/jv-technoton.com\/fr\/produits-technoton\/outils-pour-bus-can\/demande-doutils-de-bus-can\/#breadcrumb","itemListElement":[{"@type":"ListItem","position":1,"name":"Home","item":"https:\/\/jv-technoton.com\/fr\/"},{"@type":"ListItem","position":2,"name":"Produits Technoton","item":"https:\/\/jv-technoton.com\/fr\/produits-technoton\/"},{"@type":"ListItem","position":3,"name":"Outils pour le bus CAN","item":"https:\/\/jv-technoton.com\/fr\/produits-technoton\/outils-pour-bus-can\/"},{"@type":"ListItem","position":4,"name":"Demande d&#8217;outils de bus CAN"}]},{"@type":"WebSite","@id":"https:\/\/jv-technoton.com\/#website","url":"https:\/\/jv-technoton.com\/","name":"Advanced machinery telematics and fuel monitoring","description":"T\u00e9l\u00e9matique et suivi du carburant pour machines complexes","publisher":{"@id":"https:\/\/jv-technoton.com\/#organization"},"potentialAction":[{"@type":"SearchAction","target":{"@type":"EntryPoint","urlTemplate":"https:\/\/jv-technoton.com\/?s={search_term_string}"},"query-input":{"@type":"PropertyValueSpecification","valueRequired":true,"valueName":"search_term_string"}}],"inLanguage":"fr-FR"},{"@type":"Organization","@id":"https:\/\/jv-technoton.com\/#organization","name":"Technoton","url":"https:\/\/jv-technoton.com\/","logo":{"@type":"ImageObject","inLanguage":"fr-FR","@id":"https:\/\/jv-technoton.com\/#\/schema\/logo\/image\/","url":"https:\/\/jv-technoton.com\/wp-content\/uploads\/2022\/02\/technoton_logo_web.png","contentUrl":"https:\/\/jv-technoton.com\/wp-content\/uploads\/2022\/02\/technoton_logo_web.png","width":800,"height":329,"caption":"Technoton"},"image":{"@id":"https:\/\/jv-technoton.com\/#\/schema\/logo\/image\/"},"sameAs":["https:\/\/www.linkedin.com\/company\/technoton"]}]}},"rttpg_featured_image_url":null,"rttpg_author":{"display_name":"Tretyakov Sergey","author_link":"https:\/\/jv-technoton.com\/fr\/author\/sergei_tretyakov\/"},"rttpg_comment":0,"rttpg_category":false,"rttpg_excerpt":"[vc_row][vc_column][vc_column_text css=\u00a0\u00bb\u00a0\u00bb] Demande d&rsquo;outils de bus CAN [\/vc_column_text][\/vc_column][\/vc_row][vc_row][vc_column][vc_column_text css=\u00a0\u00bb\u00a0\u00bb] Contactez-nous et les experts de Technoton vous aideront \u00e0 choisir les outils de bus CAN pour r\u00e9soudre vos probl\u00e8mes. [\/vc_column_text][\/vc_column][\/vc_row]","_links":{"self":[{"href":"https:\/\/jv-technoton.com\/fr\/wp-json\/wp\/v2\/pages\/113493","targetHints":{"allow":["GET"]}}],"collection":[{"href":"https:\/\/jv-technoton.com\/fr\/wp-json\/wp\/v2\/pages"}],"about":[{"href":"https:\/\/jv-technoton.com\/fr\/wp-json\/wp\/v2\/types\/page"}],"author":[{"embeddable":true,"href":"https:\/\/jv-technoton.com\/fr\/wp-json\/wp\/v2\/users\/8"}],"replies":[{"embeddable":true,"href":"https:\/\/jv-technoton.com\/fr\/wp-json\/wp\/v2\/comments?post=113493"}],"version-history":[{"count":2,"href":"https:\/\/jv-technoton.com\/fr\/wp-json\/wp\/v2\/pages\/113493\/revisions"}],"predecessor-version":[{"id":113497,"href":"https:\/\/jv-technoton.com\/fr\/wp-json\/wp\/v2\/pages\/113493\/revisions\/113497"}],"up":[{"embeddable":true,"href":"https:\/\/jv-technoton.com\/fr\/wp-json\/wp\/v2\/pages\/113487"}],"wp:attachment":[{"href":"https:\/\/jv-technoton.com\/fr\/wp-json\/wp\/v2\/media?parent=113493"}],"curies":[{"name":"wp","href":"https:\/\/api.w.org\/{rel}","templated":true}]}}