{"id":113590,"date":"2024-12-18T15:49:40","date_gmt":"2024-12-18T12:49:40","guid":{"rendered":"https:\/\/jv-technoton.com\/?page_id=113590"},"modified":"2025-12-23T09:32:59","modified_gmt":"2025-12-23T06:32:59","slug":"section-supplementaire-dut-e-pour-capteur-de-niveau-de-carburant","status":"publish","type":"page","link":"https:\/\/jv-technoton.com\/fr\/produits-technoton\/section-supplementaire-dut-e-pour-capteur-de-niveau-de-carburant\/","title":{"rendered":"Section suppl\u00e9mentaire DUT-E pour le capteur de niveau de carburant"},"content":{"rendered":"<div class=\"wpb-content-wrapper\"><p>[vc_row][vc_column]<div class=\"ult-spacer spacer-69db90df55444\" data-id=\"69db90df55444\" data-height=\"30\" data-height-mobile=\"30\" data-height-tab=\"30\" data-height-tab-portrait=\"\" data-height-mobile-landscape=\"\" style=\"clear:both;display:block;\"><\/div>[vc_column_text css=\u00a0\u00bb\u00a0\u00bb]<\/p>\n<h1>Section suppl\u00e9mentaire DUT-E pour le capteur de niveau de carburant<\/h1>\n<p>[\/vc_column_text][\/vc_column][\/vc_row][vc_row][vc_column width=\u00a0\u00bb1\/2&Prime;][vc_single_image image=\u00a0\u00bb3630&Prime; img_size=\u00a0\u00bb400&#215;253&Prime;]<div class=\"ult-spacer spacer-69db90df5547d\" data-id=\"69db90df5547d\" data-height=\"20\" data-height-mobile=\"20\" data-height-tab=\"20\" data-height-tab-portrait=\"\" data-height-mobile-landscape=\"\" style=\"clear:both;display:block;\"><\/div>[vc_separator][vc_column_text css=\u00a0\u00bb\u00a0\u00bb]<\/p>\n<h2 style=\"text-align: center;\"><strong>Application<\/strong><\/h2>\n<p>[\/vc_column_text]<div class=\"ult-spacer spacer-69db90df554a3\" data-id=\"69db90df554a3\" data-height=\"30\" data-height-mobile=\"30\" data-height-tab=\"30\" data-height-tab-portrait=\"\" data-height-mobile-landscape=\"\" style=\"clear:both;display:block;\"><\/div>[vc_row_inner content_placement=\u00a0\u00bbmiddle\u00a0\u00bb][vc_column_inner width=\u00a0\u00bb1\/3&Prime;][vc_single_image image=\u00a0\u00bb69970&Prime; img_size=\u00a0\u00bb128 x 25&Prime;][\/vc_column_inner][vc_column_inner width=\u00a0\u00bb1\/3&Prime;][vc_single_image image=\u00a0\u00bb69966&Prime;][\/vc_column_inner][vc_column_inner width=\u00a0\u00bb1\/3&Prime;][vc_single_image image=\u00a0\u00bb69974&Prime; img_size=\u00a0\u00bb129 x 25&Prime;][\/vc_column_inner][\/vc_row_inner]<div class=\"ult-spacer spacer-69db90df554c2\" data-id=\"69db90df554c2\" data-height=\"20\" data-height-mobile=\"20\" data-height-tab=\"20\" data-height-tab-portrait=\"\" data-height-mobile-landscape=\"\" style=\"clear:both;display:block;\"><\/div>[\/vc_column][vc_column width=\u00a0\u00bb1\/2&Prime;][vc_column_text css=\u00a0\u00bb\u00a0\u00bb]La section suppl\u00e9mentaire DUT-E est con\u00e7ue pour augmenter la longueur de la partie de mesure des capteurs de niveau de carburant, y compris les mod\u00e8les raccourcis.<\/p>\n<p>Nous proposons les mod\u00e8les suivants : KDC 250, KDC 500, KDC 1000.<\/p>\n<ul>\n<li>Permet d\u2019allonger les capteurs de niveau de carburant jusqu\u2019\u00e0 6000 mm;<\/li>\n<li>Une connexion fiable garantit un signal de qualit\u00e9 ;<\/li>\n<li>R\u00e9duit les co\u00fbts de livraison.<\/li>\n<\/ul>\n<p>[\/vc_column_text][\/vc_column][\/vc_row][vc_row][vc_column][vc_separator]<div class=\"ult-spacer spacer-69db90df554e6\" data-id=\"69db90df554e6\" data-height=\"30\" data-height-mobile=\"30\" data-height-tab=\"30\" data-height-tab-portrait=\"\" data-height-mobile-landscape=\"\" style=\"clear:both;display:block;\"><\/div>[\/vc_column][\/vc_row][vc_row][vc_column width=\u00a0\u00bb1\/2&Prime;][vc_column_text css=\u00a0\u00bb\u00a0\u00bb]<\/p>\n<h2 style=\"text-align: center;\">Augmentation de la longueur des DUT-E, DUT-E GSM, DUT-E 2Bio<\/h2>\n<p>[\/vc_column_text]<div class=\"ult-spacer spacer-69db90df5550b\" data-id=\"69db90df5550b\" data-height=\"20\" data-height-mobile=\"20\" data-height-tab=\"20\" data-height-tab-portrait=\"\" data-height-mobile-landscape=\"\" style=\"clear:both;display:block;\"><\/div>[vc_column_text css=\u00a0\u00bb\u00a0\u00bb]Il est possible d&rsquo;augmenter la longueur des capteurs, qu&rsquo;ils soient raccourcis ou neufs. La longueur de ces capteurs peut \u00eatre augment\u00e9e \u00e0 n&rsquo;importe quelle dimension, y compris au-del\u00e0 de la longueur nominale. La longueur maximale d&rsquo;un DUT-E avec des sections suppl\u00e9mentaires ne doit pas d\u00e9passer 6000 mm.<\/p>\n<p>Il est n\u00e9cessaire de calibrer le DUT-E \u00e0 l&rsquo;aide du kit de service DUT-E apr\u00e8s avoir augment\u00e9 ou r\u00e9duit la longueur, mais avant la calibration du r\u00e9servoir.<\/p>\n<h3>Exemples :<\/h3>\n<ul>\n<li><strong>Exemple 1<\/strong> :<br \/>\nLe DUT-E 2Bio de 1000 mm a \u00e9t\u00e9 raccourci jusqu\u2019\u00e0 800 mm. Il doit \u00eatre install\u00e9 dans un r\u00e9servoir de 900 mm de profondeur. Il est n\u00e9cessaire d&rsquo;augmenter la longueur du DUT-E 232 avec une section suppl\u00e9mentaire KDC 250 pour atteindre 1050 mm (800 + 250 = 1050 mm), puis de couper 150 mm.<\/li>\n<li><strong>Exemple 2<\/strong> :<br \/>\nPour \u00e9quiper un r\u00e9servoir de 1900 mm de profondeur, le DUT-E 232 de 1000 mm doit \u00eatre prolong\u00e9 avec une section KDC 1000, puis coup\u00e9 de 100 mm.<\/li>\n<li><strong>Exemple 3<\/strong> :<br \/>\nPour \u00e9quiper un r\u00e9servoir de 4400 mm de profondeur, le DUT-E GSM de 1000 mm doit \u00eatre prolong\u00e9 avec 3 sections KDC 1000 et 1 section KDC 500, puis coup\u00e9 de 100 mm.<\/li>\n<\/ul>\n<p>[\/vc_column_text][\/vc_column][vc_column width=\u00a0\u00bb1\/2&Prime;][vc_column_text css=\u00a0\u00bb\u00a0\u00bb]<\/p>\n<h2 style=\"text-align: center;\">Augmentation de la longueur<\/h2>\n<p>[\/vc_column_text][vc_column_text]<img decoding=\"async\" class=\"wp-image-5730 size-full aligncenter\" src=\"https:\/\/jv-technoton.com\/wp-content\/uploads\/2018\/01\/dut_e_kdc.gif\" alt=\"\" width=\"240\" height=\"400\" \/>[\/vc_column_text][vc_btn title=\u00a0\u00bbGuide \u00e9tape par \u00e9tape sur YouTube\u00a0\u00bb color=\u00a0\u00bbprimary\u00a0\u00bb align=\u00a0\u00bbcenter\u00a0\u00bb i_align=\u00a0\u00bbright\u00a0\u00bb i_icon_fontawesome=\u00a0\u00bbfas fa-arrow-right\u00a0\u00bb css=\u00a0\u00bb\u00a0\u00bb add_icon=\u00a0\u00bbtrue\u00a0\u00bb link=\u00a0\u00bburl:https%3A%2F%2Fwww.youtube.com%2Fwatch%3Fv%3D_btkM-efMT4|target:_blank\u00a0\u00bb]<div class=\"ult-spacer spacer-69db90df5552b\" data-id=\"69db90df5552b\" data-height=\"30\" data-height-mobile=\"30\" data-height-tab=\"30\" data-height-tab-portrait=\"\" data-height-mobile-landscape=\"\" style=\"clear:both;display:block;\"><\/div>[\/vc_column][\/vc_row]<\/p>\n<\/div>","protected":false},"excerpt":{"rendered":"<p>[vc_row][vc_column][vc_column_text css=\u00a0\u00bb\u00a0\u00bb] Section suppl\u00e9mentaire DUT-E pour le capteur de niveau de carburant [\/vc_column_text][\/vc_column][\/vc_row][vc_row][vc_column width=\u00a0\u00bb1\/2&Prime;][vc_single_image image=\u00a0\u00bb3630&Prime; img_size=\u00a0\u00bb400&#215;253&Prime;][vc_separator][vc_column_text css=\u00a0\u00bb\u00a0\u00bb] Application [\/vc_column_text][vc_row_inner content_placement=\u00a0\u00bbmiddle\u00a0\u00bb][vc_column_inner width=\u00a0\u00bb1\/3&Prime;][vc_single_image image=\u00a0\u00bb69970&Prime; img_size=\u00a0\u00bb128 x 25&Prime;][\/vc_column_inner][vc_column_inner width=\u00a0\u00bb1\/3&Prime;][vc_single_image image=\u00a0\u00bb69966&Prime;][\/vc_column_inner][vc_column_inner width=\u00a0\u00bb1\/3&Prime;][vc_single_image image=\u00a0\u00bb69974&Prime; img_size=\u00a0\u00bb129 x 25&Prime;][\/vc_column_inner][\/vc_row_inner][\/vc_column][vc_column width=\u00a0\u00bb1\/2&Prime;][vc_column_text css=\u00a0\u00bb\u00a0\u00bb]La section suppl\u00e9mentaire DUT-E est con\u00e7ue pour augmenter la longueur de la partie de mesure des capteurs de niveau de carburant, y [&hellip;]<\/p>\n","protected":false},"author":8,"featured_media":0,"parent":113091,"menu_order":0,"comment_status":"closed","ping_status":"closed","template":"","meta":{"footnotes":""},"class_list":["post-113590","page","type-page","status-publish","hentry"],"yoast_head":"<!-- This site is optimized with the Yoast SEO plugin v27.3 - https:\/\/yoast.com\/product\/yoast-seo-wordpress\/ -->\n<title>Section suppl\u00e9mentaire DUT-E pour le capteur de niveau de carburant | Technoton<\/title>\n<meta name=\"description\" content=\"La section suppl\u00e9mentaire est con\u00e7ue pour augmenter la longueur de tous les capteurs de niveau de carburant : DUT-E, DUT-E GSM, DUT-E 2Bi\" \/>\n<meta name=\"robots\" content=\"index, follow, max-snippet:-1, max-image-preview:large, max-video-preview:-1\" \/>\n<link rel=\"canonical\" href=\"https:\/\/jv-technoton.com\/fr\/produits-technoton\/section-supplementaire-dut-e-pour-capteur-de-niveau-de-carburant\/\" \/>\n<meta property=\"og:locale\" content=\"fr_FR\" \/>\n<meta property=\"og:type\" content=\"article\" \/>\n<meta property=\"og:title\" content=\"Section suppl\u00e9mentaire DUT-E pour le capteur de niveau de carburant | Technoton\" \/>\n<meta property=\"og:description\" content=\"La section suppl\u00e9mentaire est con\u00e7ue pour augmenter la longueur de tous les capteurs de niveau de carburant : DUT-E, DUT-E GSM, DUT-E 2Bi\" \/>\n<meta property=\"og:url\" content=\"https:\/\/jv-technoton.com\/fr\/produits-technoton\/section-supplementaire-dut-e-pour-capteur-de-niveau-de-carburant\/\" \/>\n<meta property=\"og:site_name\" content=\"Technoton\" \/>\n<meta property=\"article:modified_time\" content=\"2025-12-23T06:32:59+00:00\" \/>\n<meta property=\"og:image\" content=\"https:\/\/jv-technoton.com\/wp-content\/uploads\/2018\/01\/dut_e_kdc.gif\" \/>\n<meta name=\"twitter:card\" content=\"summary_large_image\" \/>\n<meta name=\"twitter:label1\" content=\"Dur\u00e9e de lecture estim\u00e9e\" \/>\n\t<meta name=\"twitter:data1\" content=\"3 minutes\" \/>\n<script type=\"application\/ld+json\" class=\"yoast-schema-graph\">{\"@context\":\"https:\\\/\\\/schema.org\",\"@graph\":[{\"@type\":\"WebPage\",\"@id\":\"https:\\\/\\\/jv-technoton.com\\\/fr\\\/produits-technoton\\\/section-supplementaire-dut-e-pour-capteur-de-niveau-de-carburant\\\/\",\"url\":\"https:\\\/\\\/jv-technoton.com\\\/fr\\\/produits-technoton\\\/section-supplementaire-dut-e-pour-capteur-de-niveau-de-carburant\\\/\",\"name\":\"Section suppl\u00e9mentaire DUT-E pour le capteur de niveau de carburant | Technoton\",\"isPartOf\":{\"@id\":\"https:\\\/\\\/jv-technoton.com\\\/#website\"},\"primaryImageOfPage\":{\"@id\":\"https:\\\/\\\/jv-technoton.com\\\/fr\\\/produits-technoton\\\/section-supplementaire-dut-e-pour-capteur-de-niveau-de-carburant\\\/#primaryimage\"},\"image\":{\"@id\":\"https:\\\/\\\/jv-technoton.com\\\/fr\\\/produits-technoton\\\/section-supplementaire-dut-e-pour-capteur-de-niveau-de-carburant\\\/#primaryimage\"},\"thumbnailUrl\":\"https:\\\/\\\/jv-technoton.com\\\/wp-content\\\/uploads\\\/2018\\\/01\\\/dut_e_kdc.gif\",\"datePublished\":\"2024-12-18T12:49:40+00:00\",\"dateModified\":\"2025-12-23T06:32:59+00:00\",\"description\":\"La section suppl\u00e9mentaire est con\u00e7ue pour augmenter la longueur de tous les capteurs de niveau de carburant : DUT-E, DUT-E GSM, DUT-E 2Bi\",\"breadcrumb\":{\"@id\":\"https:\\\/\\\/jv-technoton.com\\\/fr\\\/produits-technoton\\\/section-supplementaire-dut-e-pour-capteur-de-niveau-de-carburant\\\/#breadcrumb\"},\"inLanguage\":\"fr-FR\",\"potentialAction\":[{\"@type\":\"ReadAction\",\"target\":[\"https:\\\/\\\/jv-technoton.com\\\/fr\\\/produits-technoton\\\/section-supplementaire-dut-e-pour-capteur-de-niveau-de-carburant\\\/\"]}]},{\"@type\":\"ImageObject\",\"inLanguage\":\"fr-FR\",\"@id\":\"https:\\\/\\\/jv-technoton.com\\\/fr\\\/produits-technoton\\\/section-supplementaire-dut-e-pour-capteur-de-niveau-de-carburant\\\/#primaryimage\",\"url\":\"https:\\\/\\\/jv-technoton.com\\\/wp-content\\\/uploads\\\/2018\\\/01\\\/dut_e_kdc.gif\",\"contentUrl\":\"https:\\\/\\\/jv-technoton.com\\\/wp-content\\\/uploads\\\/2018\\\/01\\\/dut_e_kdc.gif\"},{\"@type\":\"BreadcrumbList\",\"@id\":\"https:\\\/\\\/jv-technoton.com\\\/fr\\\/produits-technoton\\\/section-supplementaire-dut-e-pour-capteur-de-niveau-de-carburant\\\/#breadcrumb\",\"itemListElement\":[{\"@type\":\"ListItem\",\"position\":1,\"name\":\"Home\",\"item\":\"https:\\\/\\\/jv-technoton.com\\\/fr\\\/\"},{\"@type\":\"ListItem\",\"position\":2,\"name\":\"Produits Technoton\",\"item\":\"https:\\\/\\\/jv-technoton.com\\\/fr\\\/produits-technoton\\\/\"},{\"@type\":\"ListItem\",\"position\":3,\"name\":\"Section suppl\u00e9mentaire DUT-E pour le capteur de niveau de carburant\"}]},{\"@type\":\"WebSite\",\"@id\":\"https:\\\/\\\/jv-technoton.com\\\/#website\",\"url\":\"https:\\\/\\\/jv-technoton.com\\\/\",\"name\":\"Advanced machinery telematics and fuel monitoring\",\"description\":\"T\u00e9l\u00e9matique et suivi du carburant pour machines complexes\",\"publisher\":{\"@id\":\"https:\\\/\\\/jv-technoton.com\\\/#organization\"},\"potentialAction\":[{\"@type\":\"SearchAction\",\"target\":{\"@type\":\"EntryPoint\",\"urlTemplate\":\"https:\\\/\\\/jv-technoton.com\\\/?s={search_term_string}\"},\"query-input\":{\"@type\":\"PropertyValueSpecification\",\"valueRequired\":true,\"valueName\":\"search_term_string\"}}],\"inLanguage\":\"fr-FR\"},{\"@type\":\"Organization\",\"@id\":\"https:\\\/\\\/jv-technoton.com\\\/#organization\",\"name\":\"Technoton\",\"url\":\"https:\\\/\\\/jv-technoton.com\\\/\",\"logo\":{\"@type\":\"ImageObject\",\"inLanguage\":\"fr-FR\",\"@id\":\"https:\\\/\\\/jv-technoton.com\\\/#\\\/schema\\\/logo\\\/image\\\/\",\"url\":\"https:\\\/\\\/jv-technoton.com\\\/wp-content\\\/uploads\\\/2022\\\/02\\\/technoton_logo_web.png\",\"contentUrl\":\"https:\\\/\\\/jv-technoton.com\\\/wp-content\\\/uploads\\\/2022\\\/02\\\/technoton_logo_web.png\",\"width\":800,\"height\":329,\"caption\":\"Technoton\"},\"image\":{\"@id\":\"https:\\\/\\\/jv-technoton.com\\\/#\\\/schema\\\/logo\\\/image\\\/\"},\"sameAs\":[\"https:\\\/\\\/www.linkedin.com\\\/company\\\/technoton\"]}]}<\/script>\n<!-- \/ Yoast SEO plugin. -->","yoast_head_json":{"title":"Section suppl\u00e9mentaire DUT-E pour le capteur de niveau de carburant | Technoton","description":"La section suppl\u00e9mentaire est con\u00e7ue pour augmenter la longueur de tous les capteurs de niveau de carburant : DUT-E, DUT-E GSM, DUT-E 2Bi","robots":{"index":"index","follow":"follow","max-snippet":"max-snippet:-1","max-image-preview":"max-image-preview:large","max-video-preview":"max-video-preview:-1"},"canonical":"https:\/\/jv-technoton.com\/fr\/produits-technoton\/section-supplementaire-dut-e-pour-capteur-de-niveau-de-carburant\/","og_locale":"fr_FR","og_type":"article","og_title":"Section suppl\u00e9mentaire DUT-E pour le capteur de niveau de carburant | Technoton","og_description":"La section suppl\u00e9mentaire est con\u00e7ue pour augmenter la longueur de tous les capteurs de niveau de carburant : DUT-E, DUT-E GSM, DUT-E 2Bi","og_url":"https:\/\/jv-technoton.com\/fr\/produits-technoton\/section-supplementaire-dut-e-pour-capteur-de-niveau-de-carburant\/","og_site_name":"Technoton","article_modified_time":"2025-12-23T06:32:59+00:00","og_image":[{"url":"https:\/\/jv-technoton.com\/wp-content\/uploads\/2018\/01\/dut_e_kdc.gif","type":"","width":"","height":""}],"twitter_card":"summary_large_image","twitter_misc":{"Dur\u00e9e de lecture estim\u00e9e":"3 minutes"},"schema":{"@context":"https:\/\/schema.org","@graph":[{"@type":"WebPage","@id":"https:\/\/jv-technoton.com\/fr\/produits-technoton\/section-supplementaire-dut-e-pour-capteur-de-niveau-de-carburant\/","url":"https:\/\/jv-technoton.com\/fr\/produits-technoton\/section-supplementaire-dut-e-pour-capteur-de-niveau-de-carburant\/","name":"Section suppl\u00e9mentaire DUT-E pour le capteur de niveau de carburant | Technoton","isPartOf":{"@id":"https:\/\/jv-technoton.com\/#website"},"primaryImageOfPage":{"@id":"https:\/\/jv-technoton.com\/fr\/produits-technoton\/section-supplementaire-dut-e-pour-capteur-de-niveau-de-carburant\/#primaryimage"},"image":{"@id":"https:\/\/jv-technoton.com\/fr\/produits-technoton\/section-supplementaire-dut-e-pour-capteur-de-niveau-de-carburant\/#primaryimage"},"thumbnailUrl":"https:\/\/jv-technoton.com\/wp-content\/uploads\/2018\/01\/dut_e_kdc.gif","datePublished":"2024-12-18T12:49:40+00:00","dateModified":"2025-12-23T06:32:59+00:00","description":"La section suppl\u00e9mentaire est con\u00e7ue pour augmenter la longueur de tous les capteurs de niveau de carburant : DUT-E, DUT-E GSM, DUT-E 2Bi","breadcrumb":{"@id":"https:\/\/jv-technoton.com\/fr\/produits-technoton\/section-supplementaire-dut-e-pour-capteur-de-niveau-de-carburant\/#breadcrumb"},"inLanguage":"fr-FR","potentialAction":[{"@type":"ReadAction","target":["https:\/\/jv-technoton.com\/fr\/produits-technoton\/section-supplementaire-dut-e-pour-capteur-de-niveau-de-carburant\/"]}]},{"@type":"ImageObject","inLanguage":"fr-FR","@id":"https:\/\/jv-technoton.com\/fr\/produits-technoton\/section-supplementaire-dut-e-pour-capteur-de-niveau-de-carburant\/#primaryimage","url":"https:\/\/jv-technoton.com\/wp-content\/uploads\/2018\/01\/dut_e_kdc.gif","contentUrl":"https:\/\/jv-technoton.com\/wp-content\/uploads\/2018\/01\/dut_e_kdc.gif"},{"@type":"BreadcrumbList","@id":"https:\/\/jv-technoton.com\/fr\/produits-technoton\/section-supplementaire-dut-e-pour-capteur-de-niveau-de-carburant\/#breadcrumb","itemListElement":[{"@type":"ListItem","position":1,"name":"Home","item":"https:\/\/jv-technoton.com\/fr\/"},{"@type":"ListItem","position":2,"name":"Produits Technoton","item":"https:\/\/jv-technoton.com\/fr\/produits-technoton\/"},{"@type":"ListItem","position":3,"name":"Section suppl\u00e9mentaire DUT-E pour le capteur de niveau de carburant"}]},{"@type":"WebSite","@id":"https:\/\/jv-technoton.com\/#website","url":"https:\/\/jv-technoton.com\/","name":"Advanced machinery telematics and fuel monitoring","description":"T\u00e9l\u00e9matique et suivi du carburant pour machines complexes","publisher":{"@id":"https:\/\/jv-technoton.com\/#organization"},"potentialAction":[{"@type":"SearchAction","target":{"@type":"EntryPoint","urlTemplate":"https:\/\/jv-technoton.com\/?s={search_term_string}"},"query-input":{"@type":"PropertyValueSpecification","valueRequired":true,"valueName":"search_term_string"}}],"inLanguage":"fr-FR"},{"@type":"Organization","@id":"https:\/\/jv-technoton.com\/#organization","name":"Technoton","url":"https:\/\/jv-technoton.com\/","logo":{"@type":"ImageObject","inLanguage":"fr-FR","@id":"https:\/\/jv-technoton.com\/#\/schema\/logo\/image\/","url":"https:\/\/jv-technoton.com\/wp-content\/uploads\/2022\/02\/technoton_logo_web.png","contentUrl":"https:\/\/jv-technoton.com\/wp-content\/uploads\/2022\/02\/technoton_logo_web.png","width":800,"height":329,"caption":"Technoton"},"image":{"@id":"https:\/\/jv-technoton.com\/#\/schema\/logo\/image\/"},"sameAs":["https:\/\/www.linkedin.com\/company\/technoton"]}]}},"rttpg_featured_image_url":null,"rttpg_author":{"display_name":"Tretyakov Sergey","author_link":"https:\/\/jv-technoton.com\/fr\/author\/sergei_tretyakov\/"},"rttpg_comment":0,"rttpg_category":false,"rttpg_excerpt":"[vc_row][vc_column][vc_column_text css=\u00a0\u00bb\u00a0\u00bb] Section suppl\u00e9mentaire DUT-E pour le capteur de niveau de carburant [\/vc_column_text][\/vc_column][\/vc_row][vc_row][vc_column width=\u00a0\u00bb1\/2&Prime;][vc_single_image image=\u00a0\u00bb3630&Prime; img_size=\u00a0\u00bb400&#215;253&Prime;][vc_separator][vc_column_text css=\u00a0\u00bb\u00a0\u00bb] Application [\/vc_column_text][vc_row_inner content_placement=\u00a0\u00bbmiddle\u00a0\u00bb][vc_column_inner width=\u00a0\u00bb1\/3&Prime;][vc_single_image image=\u00a0\u00bb69970&Prime; img_size=\u00a0\u00bb128 x 25&Prime;][\/vc_column_inner][vc_column_inner width=\u00a0\u00bb1\/3&Prime;][vc_single_image image=\u00a0\u00bb69966&Prime;][\/vc_column_inner][vc_column_inner width=\u00a0\u00bb1\/3&Prime;][vc_single_image image=\u00a0\u00bb69974&Prime; img_size=\u00a0\u00bb129 x 25&Prime;][\/vc_column_inner][\/vc_row_inner][\/vc_column][vc_column width=\u00a0\u00bb1\/2&Prime;][vc_column_text css=\u00a0\u00bb\u00a0\u00bb]La section suppl\u00e9mentaire DUT-E est con\u00e7ue pour augmenter la longueur de la partie de mesure des capteurs de niveau de carburant, y\u2026","_links":{"self":[{"href":"https:\/\/jv-technoton.com\/fr\/wp-json\/wp\/v2\/pages\/113590","targetHints":{"allow":["GET"]}}],"collection":[{"href":"https:\/\/jv-technoton.com\/fr\/wp-json\/wp\/v2\/pages"}],"about":[{"href":"https:\/\/jv-technoton.com\/fr\/wp-json\/wp\/v2\/types\/page"}],"author":[{"embeddable":true,"href":"https:\/\/jv-technoton.com\/fr\/wp-json\/wp\/v2\/users\/8"}],"replies":[{"embeddable":true,"href":"https:\/\/jv-technoton.com\/fr\/wp-json\/wp\/v2\/comments?post=113590"}],"version-history":[{"count":2,"href":"https:\/\/jv-technoton.com\/fr\/wp-json\/wp\/v2\/pages\/113590\/revisions"}],"predecessor-version":[{"id":130373,"href":"https:\/\/jv-technoton.com\/fr\/wp-json\/wp\/v2\/pages\/113590\/revisions\/130373"}],"up":[{"embeddable":true,"href":"https:\/\/jv-technoton.com\/fr\/wp-json\/wp\/v2\/pages\/113091"}],"wp:attachment":[{"href":"https:\/\/jv-technoton.com\/fr\/wp-json\/wp\/v2\/media?parent=113590"}],"curies":[{"name":"wp","href":"https:\/\/api.w.org\/{rel}","templated":true}]}}