{"id":113846,"date":"2024-12-23T10:59:59","date_gmt":"2024-12-23T07:59:59","guid":{"rendered":"https:\/\/jv-technoton.com\/?page_id=113846"},"modified":"2024-12-23T17:03:56","modified_gmt":"2024-12-23T14:03:56","slug":"demande-de-surveillance-du-temps-et-des-modes","status":"publish","type":"page","link":"https:\/\/jv-technoton.com\/fr\/solutions\/suivi-du-temps-et-modes-de-fonctionnement-des-machines\/demande-de-surveillance-du-temps-et-des-modes\/","title":{"rendered":"Demande de surveillance du temps et des modes de fonctionnement des machines"},"content":{"rendered":"<div class=\"wpb-content-wrapper\"><p>[vc_row][vc_column]<div class=\"ult-spacer spacer-69e4c57acc671\" data-id=\"69e4c57acc671\" data-height=\"22\" data-height-mobile=\"22\" data-height-tab=\"22\" data-height-tab-portrait=\"\" data-height-mobile-landscape=\"\" style=\"clear:both;display:block;\"><\/div>[vc_column_text]<\/p>\n<h1>Demande de surveillance du temps et des modes de fonctionnement des machines<\/h1>\n<p>[\/vc_column_text][vc_column_text]Veuillez remplir le formulaire ci-dessous afin que nos sp\u00e9cialistes techniques et commerciaux puissent pr\u00e9parer les informations n\u00e9cessaires pour la t\u00e2che de <a href=\"\/fr\/solutions\/suivi-du-temps-et-modes-de-fonctionnement-des-machines\/\">surveillance du temps et des modes de fonctionnement des machines<\/a>, en fonction de vos besoins.[\/vc_column_text][\/vc_column][\/vc_row][vc_row][vc_column width=\u00a0\u00bb1\/4&Prime;][\/vc_column][vc_column width=\u00a0\u00bb1\/2&Prime;][vc_column_text]\n<div class=\"wpcf7 no-js\" id=\"wpcf7-f113849-o1\" lang=\"en-US\" dir=\"ltr\" data-wpcf7-id=\"113849\">\n<div class=\"screen-reader-response\"><p role=\"status\" aria-live=\"polite\" aria-atomic=\"true\"><\/p> <ul><\/ul><\/div>\n<form action=\"\/fr\/wp-json\/wp\/v2\/pages\/113846#wpcf7-f113849-o1\" method=\"post\" class=\"wpcf7-form init\" aria-label=\"Contact form\" novalidate=\"novalidate\" data-status=\"init\">\n<fieldset class=\"hidden-fields-container\"><input type=\"hidden\" name=\"_wpcf7\" value=\"113849\" \/><input type=\"hidden\" name=\"_wpcf7_version\" value=\"6.1.5\" \/><input type=\"hidden\" name=\"_wpcf7_locale\" value=\"en_US\" \/><input type=\"hidden\" name=\"_wpcf7_unit_tag\" value=\"wpcf7-f113849-o1\" \/><input type=\"hidden\" name=\"_wpcf7_container_post\" value=\"0\" \/><input type=\"hidden\" name=\"_wpcf7_posted_data_hash\" value=\"\" \/>\n<\/fieldset>\n<p><label> Votre nom *<br \/>\n<span class=\"wpcf7-form-control-wrap\" data-name=\"your-name\"><input size=\"40\" maxlength=\"400\" class=\"wpcf7-form-control wpcf7-text wpcf7-validates-as-required\" aria-required=\"true\" aria-invalid=\"false\" value=\"\" type=\"text\" name=\"your-name\" \/><\/span> <\/label>\n<\/p>\n<p><label> Entreprise *<br \/>\n<span class=\"wpcf7-form-control-wrap\" data-name=\"comp\"><input size=\"40\" maxlength=\"400\" class=\"wpcf7-form-control wpcf7-text wpcf7-validates-as-required\" aria-required=\"true\" aria-invalid=\"false\" value=\"\" type=\"text\" name=\"comp\" \/><\/span> <\/label>\n<\/p>\n<p><label> T\u00e9l\u00e9phone *<br \/>\n<span class=\"wpcf7-form-control-wrap\" data-name=\"tel-114\"><input size=\"40\" maxlength=\"400\" class=\"wpcf7-form-control wpcf7-tel wpcf7-validates-as-required wpcf7-text wpcf7-validates-as-tel\" aria-required=\"true\" aria-invalid=\"false\" value=\"\" type=\"tel\" name=\"tel-114\" \/><\/span><\/label>\n<\/p>\n<p><label> E-mail *<br \/>\n<span class=\"wpcf7-form-control-wrap\" data-name=\"your-email\"><input size=\"40\" maxlength=\"400\" class=\"wpcf7-form-control wpcf7-email wpcf7-validates-as-required wpcf7-text wpcf7-validates-as-email\" aria-required=\"true\" aria-invalid=\"false\" value=\"\" type=\"email\" name=\"your-email\" \/><\/span> <\/label>\n<\/p>\n<p><label> Pays *<br \/>\n<span class=\"wpcf7-form-control-wrap\" data-name=\"text-299\"><input size=\"40\" maxlength=\"400\" class=\"wpcf7-form-control wpcf7-text wpcf7-validates-as-required\" aria-required=\"true\" aria-invalid=\"false\" value=\"\" type=\"text\" name=\"text-299\" \/><\/span><\/label>\n<\/p>\n<p><label> Message *<br \/>\n<span class=\"wpcf7-form-control-wrap\" data-name=\"your-message\"><textarea cols=\"40\" rows=\"10\" maxlength=\"2000\" class=\"wpcf7-form-control wpcf7-textarea wpcf7-validates-as-required\" aria-required=\"true\" aria-invalid=\"false\" name=\"your-message\"><\/textarea><\/span><\/label>\n<\/p>\n<div style=\"padding:10px 0;\">\n\t<p><span class=\"wpcf7-form-control-wrap\" data-name=\"acceptance-682\"><span class=\"wpcf7-form-control wpcf7-acceptance\"><span class=\"wpcf7-list-item\"><label><input type=\"checkbox\" name=\"acceptance-682\" value=\"1\" aria-invalid=\"false\" \/><span class=\"wpcf7-list-item-label\">J'accepte le traitement des donn\u00e9es personnelles<\/span><\/label><\/span><\/span><\/span>\n\t<\/p>\n<\/div>\n<p><input class=\"wpcf7-form-control wpcf7-submit has-spinner\" type=\"submit\" value=\"Envoyer\" \/>\n<\/p><p style=\"display: none !important;\" class=\"akismet-fields-container\" data-prefix=\"_wpcf7_ak_\"><label>&#916;<textarea name=\"_wpcf7_ak_hp_textarea\" cols=\"45\" rows=\"8\" maxlength=\"100\"><\/textarea><\/label><input type=\"hidden\" id=\"ak_js_1\" name=\"_wpcf7_ak_js\" value=\"19\"\/><script>document.getElementById( \"ak_js_1\" ).setAttribute( \"value\", ( new Date() ).getTime() );<\/script><\/p><div class=\"wpcf7-response-output\" aria-hidden=\"true\"><\/div>\n<\/form>\n<\/div>\n[\/vc_column_text][\/vc_column][vc_column width=\u00a0\u00bb1\/4&Prime;][\/vc_column][\/vc_row]<\/p>\n<\/div>","protected":false},"excerpt":{"rendered":"<p>[vc_row][vc_column][vc_column_text] Demande de surveillance du temps et des modes de fonctionnement des machines [\/vc_column_text][vc_column_text]Veuillez remplir le formulaire ci-dessous afin que nos sp\u00e9cialistes techniques et commerciaux puissent pr\u00e9parer les informations n\u00e9cessaires pour la t\u00e2che de surveillance du temps et des modes de fonctionnement des machines, en fonction de vos besoins.[\/vc_column_text][\/vc_column][\/vc_row][vc_row][vc_column width=\u00a0\u00bb1\/4&Prime;][\/vc_column][vc_column width=\u00a0\u00bb1\/2&Prime;][vc_column_text][\/vc_column_text][\/vc_column][vc_column width=\u00a0\u00bb1\/4&Prime;][\/vc_column][\/vc_row]<\/p>\n","protected":false},"author":14,"featured_media":0,"parent":113772,"menu_order":0,"comment_status":"closed","ping_status":"closed","template":"","meta":{"_kad_post_transparent":"","_kad_post_title":"","_kad_post_layout":"","_kad_post_sidebar_id":"","_kad_post_content_style":"","_kad_post_vertical_padding":"","_kad_post_feature":"","_kad_post_feature_position":"","_kad_post_header":false,"_kad_post_footer":false,"_kad_post_classname":"","footnotes":""},"class_list":["post-113846","page","type-page","status-publish","hentry"],"yoast_head":"<!-- This site is optimized with the Yoast SEO plugin v27.4 - https:\/\/yoast.com\/product\/yoast-seo-wordpress\/ -->\n<title>Demande de surveillance du temps et des modes de fonctionnement des machines | Technoton<\/title>\n<meta name=\"robots\" content=\"index, follow, max-snippet:-1, max-image-preview:large, max-video-preview:-1\" \/>\n<link rel=\"canonical\" href=\"https:\/\/jv-technoton.com\/fr\/solutions\/suivi-du-temps-et-modes-de-fonctionnement-des-machines\/demande-de-surveillance-du-temps-et-des-modes\/\" \/>\n<meta property=\"og:locale\" content=\"fr_FR\" \/>\n<meta property=\"og:type\" content=\"article\" \/>\n<meta property=\"og:title\" content=\"Demande de surveillance du temps et des modes de fonctionnement des machines | Technoton\" \/>\n<meta property=\"og:description\" content=\"[vc_row][vc_column][vc_column_text] Demande de surveillance du temps et des modes de fonctionnement des machines [\/vc_column_text][vc_column_text]Veuillez remplir le formulaire ci-dessous afin que nos sp\u00e9cialistes techniques et commerciaux puissent pr\u00e9parer les informations n\u00e9cessaires pour la t\u00e2che de surveillance du temps et des modes de fonctionnement des machines, en fonction de vos besoins.[\/vc_column_text][\/vc_column][\/vc_row][vc_row][vc_column width=\u00a0\u00bb1\/4&Prime;][\/vc_column][vc_column width=\u00a0\u00bb1\/2&Prime;][vc_column_text][\/vc_column_text][\/vc_column][vc_column width=\u00a0\u00bb1\/4&Prime;][\/vc_column][\/vc_row]\" \/>\n<meta property=\"og:url\" content=\"https:\/\/jv-technoton.com\/fr\/solutions\/suivi-du-temps-et-modes-de-fonctionnement-des-machines\/demande-de-surveillance-du-temps-et-des-modes\/\" \/>\n<meta property=\"og:site_name\" content=\"Technoton\" \/>\n<meta property=\"article:modified_time\" content=\"2024-12-23T14:03:56+00:00\" \/>\n<meta name=\"twitter:card\" content=\"summary_large_image\" \/>\n<meta name=\"twitter:label1\" content=\"Dur\u00e9e de lecture estim\u00e9e\" \/>\n\t<meta name=\"twitter:data1\" content=\"1 minute\" \/>\n<script type=\"application\/ld+json\" class=\"yoast-schema-graph\">{\"@context\":\"https:\\\/\\\/schema.org\",\"@graph\":[{\"@type\":\"WebPage\",\"@id\":\"https:\\\/\\\/jv-technoton.com\\\/fr\\\/solutions\\\/suivi-du-temps-et-modes-de-fonctionnement-des-machines\\\/demande-de-surveillance-du-temps-et-des-modes\\\/\",\"url\":\"https:\\\/\\\/jv-technoton.com\\\/fr\\\/solutions\\\/suivi-du-temps-et-modes-de-fonctionnement-des-machines\\\/demande-de-surveillance-du-temps-et-des-modes\\\/\",\"name\":\"Demande de surveillance du temps et des modes de fonctionnement des machines | Technoton\",\"isPartOf\":{\"@id\":\"https:\\\/\\\/jv-technoton.com\\\/#website\"},\"datePublished\":\"2024-12-23T07:59:59+00:00\",\"dateModified\":\"2024-12-23T14:03:56+00:00\",\"breadcrumb\":{\"@id\":\"https:\\\/\\\/jv-technoton.com\\\/fr\\\/solutions\\\/suivi-du-temps-et-modes-de-fonctionnement-des-machines\\\/demande-de-surveillance-du-temps-et-des-modes\\\/#breadcrumb\"},\"inLanguage\":\"fr-FR\",\"potentialAction\":[{\"@type\":\"ReadAction\",\"target\":[\"https:\\\/\\\/jv-technoton.com\\\/fr\\\/solutions\\\/suivi-du-temps-et-modes-de-fonctionnement-des-machines\\\/demande-de-surveillance-du-temps-et-des-modes\\\/\"]}]},{\"@type\":\"BreadcrumbList\",\"@id\":\"https:\\\/\\\/jv-technoton.com\\\/fr\\\/solutions\\\/suivi-du-temps-et-modes-de-fonctionnement-des-machines\\\/demande-de-surveillance-du-temps-et-des-modes\\\/#breadcrumb\",\"itemListElement\":[{\"@type\":\"ListItem\",\"position\":1,\"name\":\"Home\",\"item\":\"https:\\\/\\\/jv-technoton.com\\\/fr\\\/\"},{\"@type\":\"ListItem\",\"position\":2,\"name\":\"Solutions aux t\u00e2ches actuelles de t\u00e9l\u00e9matique\",\"item\":\"https:\\\/\\\/jv-technoton.com\\\/fr\\\/solutions\\\/\"},{\"@type\":\"ListItem\",\"position\":3,\"name\":\"Suivi du temps et des modes de fonctionnement des machines\",\"item\":\"https:\\\/\\\/jv-technoton.com\\\/fr\\\/solutions\\\/suivi-du-temps-et-modes-de-fonctionnement-des-machines\\\/\"},{\"@type\":\"ListItem\",\"position\":4,\"name\":\"Demande de surveillance du temps et des modes de fonctionnement des machines\"}]},{\"@type\":\"WebSite\",\"@id\":\"https:\\\/\\\/jv-technoton.com\\\/#website\",\"url\":\"https:\\\/\\\/jv-technoton.com\\\/\",\"name\":\"Advanced machinery telematics and fuel monitoring\",\"description\":\"T\u00e9l\u00e9matique et suivi du carburant pour machines complexes\",\"publisher\":{\"@id\":\"https:\\\/\\\/jv-technoton.com\\\/#organization\"},\"potentialAction\":[{\"@type\":\"SearchAction\",\"target\":{\"@type\":\"EntryPoint\",\"urlTemplate\":\"https:\\\/\\\/jv-technoton.com\\\/?s={search_term_string}\"},\"query-input\":{\"@type\":\"PropertyValueSpecification\",\"valueRequired\":true,\"valueName\":\"search_term_string\"}}],\"inLanguage\":\"fr-FR\"},{\"@type\":\"Organization\",\"@id\":\"https:\\\/\\\/jv-technoton.com\\\/#organization\",\"name\":\"Technoton\",\"url\":\"https:\\\/\\\/jv-technoton.com\\\/\",\"logo\":{\"@type\":\"ImageObject\",\"inLanguage\":\"fr-FR\",\"@id\":\"https:\\\/\\\/jv-technoton.com\\\/#\\\/schema\\\/logo\\\/image\\\/\",\"url\":\"https:\\\/\\\/jv-technoton.com\\\/wp-content\\\/uploads\\\/2022\\\/02\\\/technoton_logo_web.png\",\"contentUrl\":\"https:\\\/\\\/jv-technoton.com\\\/wp-content\\\/uploads\\\/2022\\\/02\\\/technoton_logo_web.png\",\"width\":800,\"height\":329,\"caption\":\"Technoton\"},\"image\":{\"@id\":\"https:\\\/\\\/jv-technoton.com\\\/#\\\/schema\\\/logo\\\/image\\\/\"},\"sameAs\":[\"https:\\\/\\\/www.linkedin.com\\\/company\\\/technoton\"]}]}<\/script>\n<!-- \/ Yoast SEO plugin. -->","yoast_head_json":{"title":"Demande de surveillance du temps et des modes de fonctionnement des machines | Technoton","robots":{"index":"index","follow":"follow","max-snippet":"max-snippet:-1","max-image-preview":"max-image-preview:large","max-video-preview":"max-video-preview:-1"},"canonical":"https:\/\/jv-technoton.com\/fr\/solutions\/suivi-du-temps-et-modes-de-fonctionnement-des-machines\/demande-de-surveillance-du-temps-et-des-modes\/","og_locale":"fr_FR","og_type":"article","og_title":"Demande de surveillance du temps et des modes de fonctionnement des machines | Technoton","og_description":"[vc_row][vc_column][vc_column_text] Demande de surveillance du temps et des modes de fonctionnement des machines [\/vc_column_text][vc_column_text]Veuillez remplir le formulaire ci-dessous afin que nos sp\u00e9cialistes techniques et commerciaux puissent pr\u00e9parer les informations n\u00e9cessaires pour la t\u00e2che de surveillance du temps et des modes de fonctionnement des machines, en fonction de vos besoins.[\/vc_column_text][\/vc_column][\/vc_row][vc_row][vc_column width=\u00a0\u00bb1\/4&Prime;][\/vc_column][vc_column width=\u00a0\u00bb1\/2&Prime;][vc_column_text][\/vc_column_text][\/vc_column][vc_column width=\u00a0\u00bb1\/4&Prime;][\/vc_column][\/vc_row]","og_url":"https:\/\/jv-technoton.com\/fr\/solutions\/suivi-du-temps-et-modes-de-fonctionnement-des-machines\/demande-de-surveillance-du-temps-et-des-modes\/","og_site_name":"Technoton","article_modified_time":"2024-12-23T14:03:56+00:00","twitter_card":"summary_large_image","twitter_misc":{"Dur\u00e9e de lecture estim\u00e9e":"1 minute"},"schema":{"@context":"https:\/\/schema.org","@graph":[{"@type":"WebPage","@id":"https:\/\/jv-technoton.com\/fr\/solutions\/suivi-du-temps-et-modes-de-fonctionnement-des-machines\/demande-de-surveillance-du-temps-et-des-modes\/","url":"https:\/\/jv-technoton.com\/fr\/solutions\/suivi-du-temps-et-modes-de-fonctionnement-des-machines\/demande-de-surveillance-du-temps-et-des-modes\/","name":"Demande de surveillance du temps et des modes de fonctionnement des machines | Technoton","isPartOf":{"@id":"https:\/\/jv-technoton.com\/#website"},"datePublished":"2024-12-23T07:59:59+00:00","dateModified":"2024-12-23T14:03:56+00:00","breadcrumb":{"@id":"https:\/\/jv-technoton.com\/fr\/solutions\/suivi-du-temps-et-modes-de-fonctionnement-des-machines\/demande-de-surveillance-du-temps-et-des-modes\/#breadcrumb"},"inLanguage":"fr-FR","potentialAction":[{"@type":"ReadAction","target":["https:\/\/jv-technoton.com\/fr\/solutions\/suivi-du-temps-et-modes-de-fonctionnement-des-machines\/demande-de-surveillance-du-temps-et-des-modes\/"]}]},{"@type":"BreadcrumbList","@id":"https:\/\/jv-technoton.com\/fr\/solutions\/suivi-du-temps-et-modes-de-fonctionnement-des-machines\/demande-de-surveillance-du-temps-et-des-modes\/#breadcrumb","itemListElement":[{"@type":"ListItem","position":1,"name":"Home","item":"https:\/\/jv-technoton.com\/fr\/"},{"@type":"ListItem","position":2,"name":"Solutions aux t\u00e2ches actuelles de t\u00e9l\u00e9matique","item":"https:\/\/jv-technoton.com\/fr\/solutions\/"},{"@type":"ListItem","position":3,"name":"Suivi du temps et des modes de fonctionnement des machines","item":"https:\/\/jv-technoton.com\/fr\/solutions\/suivi-du-temps-et-modes-de-fonctionnement-des-machines\/"},{"@type":"ListItem","position":4,"name":"Demande de surveillance du temps et des modes de fonctionnement des machines"}]},{"@type":"WebSite","@id":"https:\/\/jv-technoton.com\/#website","url":"https:\/\/jv-technoton.com\/","name":"Advanced machinery telematics and fuel monitoring","description":"T\u00e9l\u00e9matique et suivi du carburant pour machines complexes","publisher":{"@id":"https:\/\/jv-technoton.com\/#organization"},"potentialAction":[{"@type":"SearchAction","target":{"@type":"EntryPoint","urlTemplate":"https:\/\/jv-technoton.com\/?s={search_term_string}"},"query-input":{"@type":"PropertyValueSpecification","valueRequired":true,"valueName":"search_term_string"}}],"inLanguage":"fr-FR"},{"@type":"Organization","@id":"https:\/\/jv-technoton.com\/#organization","name":"Technoton","url":"https:\/\/jv-technoton.com\/","logo":{"@type":"ImageObject","inLanguage":"fr-FR","@id":"https:\/\/jv-technoton.com\/#\/schema\/logo\/image\/","url":"https:\/\/jv-technoton.com\/wp-content\/uploads\/2022\/02\/technoton_logo_web.png","contentUrl":"https:\/\/jv-technoton.com\/wp-content\/uploads\/2022\/02\/technoton_logo_web.png","width":800,"height":329,"caption":"Technoton"},"image":{"@id":"https:\/\/jv-technoton.com\/#\/schema\/logo\/image\/"},"sameAs":["https:\/\/www.linkedin.com\/company\/technoton"]}]}},"rttpg_featured_image_url":null,"rttpg_author":{"display_name":"Ruslan_Lednik","author_link":"https:\/\/jv-technoton.com\/fr\/author\/ruslan_lednik\/"},"rttpg_comment":0,"rttpg_category":false,"rttpg_excerpt":"[vc_row][vc_column][vc_column_text] Demande de surveillance du temps et des modes de fonctionnement des machines [\/vc_column_text][vc_column_text]Veuillez remplir le formulaire ci-dessous afin que nos sp\u00e9cialistes techniques et commerciaux puissent pr\u00e9parer les informations n\u00e9cessaires pour la t\u00e2che de surveillance du temps et des modes de fonctionnement des machines, en fonction de vos besoins.[\/vc_column_text][\/vc_column][\/vc_row][vc_row][vc_column width=\u00a0\u00bb1\/4&Prime;][\/vc_column][vc_column width=\u00a0\u00bb1\/2&Prime;][vc_column_text][\/vc_column_text][\/vc_column][vc_column width=\u00a0\u00bb1\/4&Prime;][\/vc_column][\/vc_row]","_links":{"self":[{"href":"https:\/\/jv-technoton.com\/fr\/wp-json\/wp\/v2\/pages\/113846","targetHints":{"allow":["GET"]}}],"collection":[{"href":"https:\/\/jv-technoton.com\/fr\/wp-json\/wp\/v2\/pages"}],"about":[{"href":"https:\/\/jv-technoton.com\/fr\/wp-json\/wp\/v2\/types\/page"}],"author":[{"embeddable":true,"href":"https:\/\/jv-technoton.com\/fr\/wp-json\/wp\/v2\/users\/14"}],"replies":[{"embeddable":true,"href":"https:\/\/jv-technoton.com\/fr\/wp-json\/wp\/v2\/comments?post=113846"}],"version-history":[{"count":2,"href":"https:\/\/jv-technoton.com\/fr\/wp-json\/wp\/v2\/pages\/113846\/revisions"}],"predecessor-version":[{"id":113889,"href":"https:\/\/jv-technoton.com\/fr\/wp-json\/wp\/v2\/pages\/113846\/revisions\/113889"}],"up":[{"embeddable":true,"href":"https:\/\/jv-technoton.com\/fr\/wp-json\/wp\/v2\/pages\/113772"}],"wp:attachment":[{"href":"https:\/\/jv-technoton.com\/fr\/wp-json\/wp\/v2\/media?parent=113846"}],"curies":[{"name":"wp","href":"https:\/\/api.w.org\/{rel}","templated":true}]}}