{"id":113871,"date":"2024-12-23T13:24:55","date_gmt":"2024-12-23T10:24:55","guid":{"rendered":"https:\/\/jv-technoton.com\/?page_id=113871"},"modified":"2025-07-25T10:31:23","modified_gmt":"2025-07-25T07:31:23","slug":"obtenez-plus-dinformations-sur-canup","status":"publish","type":"page","link":"https:\/\/jv-technoton.com\/fr\/obtenez-plus-dinformations-sur-canup\/","title":{"rendered":"Obtenez plus d&rsquo;informations sur CANUp"},"content":{"rendered":"<div class=\"wpb-content-wrapper\"><p>[vc_row][vc_column]<div class=\"ult-spacer spacer-69e18e4129cd6\" data-id=\"69e18e4129cd6\" data-height=\"22\" data-height-mobile=\"22\" data-height-tab=\"22\" data-height-tab-portrait=\"\" data-height-mobile-landscape=\"\" style=\"clear:both;display:block;\"><\/div>[vc_column_text]<\/p>\n<h1>Obtenez plus d&rsquo;informations sur CANUp<\/h1>\n<p>[\/vc_column_text]<div class=\"ult-spacer spacer-69e18e4129d0f\" data-id=\"69e18e4129d0f\" data-height=\"22\" data-height-mobile=\"22\" data-height-tab=\"22\" data-height-tab-portrait=\"\" data-height-mobile-landscape=\"\" style=\"clear:both;display:block;\"><\/div>[\/vc_column][\/vc_row][vc_row][vc_column][vc_column_text css=\u00a0\u00bb\u00a0\u00bb]<\/p>\n<p style=\"text-align: center;\">Contactez notre \u00e9quipe pour obtenir de l&rsquo;aide afin de s\u00e9lectionner le mod\u00e8le exact de la <a href=\"\/fr\/produits-technoton\/passerelle-telematique\/\">passerelle t\u00e9l\u00e9matique CANUp<\/a>.<\/p>\n<div class=\"wpcf7 no-js\" id=\"wpcf7-f113870-o1\" lang=\"en-US\" dir=\"ltr\" data-wpcf7-id=\"113870\">\n<div class=\"screen-reader-response\"><p role=\"status\" aria-live=\"polite\" aria-atomic=\"true\"><\/p> <ul><\/ul><\/div>\n<form action=\"\/fr\/wp-json\/wp\/v2\/pages\/113871#wpcf7-f113870-o1\" method=\"post\" class=\"wpcf7-form init\" aria-label=\"Contact form\" novalidate=\"novalidate\" data-status=\"init\">\n<fieldset class=\"hidden-fields-container\"><input type=\"hidden\" name=\"_wpcf7\" value=\"113870\" \/><input type=\"hidden\" name=\"_wpcf7_version\" value=\"6.1.5\" \/><input type=\"hidden\" name=\"_wpcf7_locale\" value=\"en_US\" \/><input type=\"hidden\" name=\"_wpcf7_unit_tag\" value=\"wpcf7-f113870-o1\" \/><input type=\"hidden\" name=\"_wpcf7_container_post\" value=\"0\" \/><input type=\"hidden\" name=\"_wpcf7_posted_data_hash\" value=\"\" \/>\n<\/fieldset>\n<div style=\"max-width: 900px; margin: 0px auto;\">\n\t<p><label>Pays<span style=\"color: red;\">*<\/span><br \/>\n<span class=\"wpcf7-form-control-wrap\" data-name=\"text-832\"><input size=\"40\" maxlength=\"400\" class=\"wpcf7-form-control wpcf7-text wpcf7-validates-as-required\" aria-required=\"true\" aria-invalid=\"false\" value=\"\" type=\"text\" name=\"text-832\" \/><\/span><\/label>\n\t<\/p>\n\t<div style=\"width: 410px; display: inline-block; margin-right: 30px;\">\n\t\t<p>Nom<span style=\"color: red;\">*<\/span><br \/>\n<span class=\"wpcf7-form-control-wrap\" data-name=\"your-name\"><input size=\"40\" maxlength=\"400\" class=\"wpcf7-form-control wpcf7-text wpcf7-validates-as-required\" aria-required=\"true\" aria-invalid=\"false\" value=\"\" type=\"text\" name=\"your-name\" \/><\/span>\n\t\t<\/p>\n\t<\/div>\n\t<div style=\"width: 410px; display: inline-block; margin-bottom: 15px; margin-right: 30px;\">\n\t\t<p>Nom de l'entreprise<span style=\"color: red;\">*<\/span><br \/>\n<span class=\"wpcf7-form-control-wrap\" data-name=\"text-912\"><input size=\"40\" maxlength=\"400\" class=\"wpcf7-form-control wpcf7-text\" aria-invalid=\"false\" value=\"\" type=\"text\" name=\"text-912\" \/><\/span>\n\t\t<\/p>\n\t<\/div>\n\t<div style=\"width: 410px; display: inline-block; margin-bottom: 15px;margin-right: 30px;\">\n\t\t<p>Votre e-mail<span style=\"color: red;\">*<\/span><br \/>\n<span class=\"wpcf7-form-control-wrap\" data-name=\"your-email\"><input size=\"40\" maxlength=\"400\" class=\"wpcf7-form-control wpcf7-email wpcf7-validates-as-required wpcf7-text wpcf7-validates-as-email\" aria-required=\"true\" aria-invalid=\"false\" value=\"\" type=\"email\" name=\"your-email\" \/><\/span>\n\t\t<\/p>\n\t<\/div>\n\t<div style=\"width: 410px; display: inline-block; margin-bottom: 15px; margin-right: 30px;\">\n\t\t<p>Num\u00e9ro de t\u00e9l\u00e9phone<span style=\"color: red;\">*<\/span><br \/>\n<span class=\"wpcf7-form-control-wrap\" data-name=\"tel-529\"><input size=\"40\" maxlength=\"400\" class=\"wpcf7-form-control wpcf7-tel wpcf7-validates-as-required wpcf7-text wpcf7-validates-as-tel\" aria-required=\"true\" aria-invalid=\"false\" value=\"\" type=\"tel\" name=\"tel-529\" \/><\/span>\n\t\t<\/p>\n\t<\/div>\n\t<div style=\"width: 410px; display: inline-block; margin-bottom: 15px; margin-right: 30px;\">\n\t\t<p>Marque et mod\u00e8le du v\u00e9hicule\/\u00e9quipement<br \/>\n<span class=\"wpcf7-form-control-wrap\" data-name=\"technika1\"><input size=\"40\" maxlength=\"400\" class=\"wpcf7-form-control wpcf7-text\" aria-invalid=\"false\" value=\"\" type=\"text\" name=\"technika1\" \/><\/span>\n\t\t<\/p>\n\t<\/div>\n\t<div style=\"width: 191px; display: inline-block; margin-bottom: 15px; margin-right: 30px;\">\n\t\t<p>Quantit\u00e9<br \/>\n<span class=\"wpcf7-form-control-wrap\" data-name=\"number-7\"><input class=\"wpcf7-form-control wpcf7-number wpcf7-validates-as-number\" aria-invalid=\"false\" value=\"\" type=\"number\" name=\"number-7\" \/><\/span>\n\t\t<\/p>\n\t<\/div>\n\t<div style=\"max-width: 300px; display: inline-block; margin-bottom: 15px; margin-right: 30px;\">\n\t\t<p>Norme de transfert de donn\u00e9es<br \/>\n<span class=\"wpcf7-form-control-wrap\" data-name=\"checkbox-576\"><span class=\"wpcf7-form-control wpcf7-checkbox\"><span class=\"wpcf7-list-item first\"><input type=\"checkbox\" name=\"checkbox-576[]\" value=\"2G\" \/><span class=\"wpcf7-list-item-label\">2G<\/span><\/span><span class=\"wpcf7-list-item\"><input type=\"checkbox\" name=\"checkbox-576[]\" value=\"3G\" \/><span class=\"wpcf7-list-item-label\">3G<\/span><\/span><span class=\"wpcf7-list-item\"><input type=\"checkbox\" name=\"checkbox-576[]\" value=\"4G (LTE)\" \/><span class=\"wpcf7-list-item-label\">4G (LTE)<\/span><\/span><span class=\"wpcf7-list-item last\"><input type=\"checkbox\" name=\"checkbox-576[]\" value=\"Wi-Fi\" \/><span class=\"wpcf7-list-item-label\">Wi-Fi<\/span><\/span><\/span><\/span>\n\t\t<\/p>\n\t<\/div>\n\t<div style=\"max-width: 860px; display: inline-block; margin-bottom: 15px; margin-right: 30px;\">\n\t\t<p>Interfaces<br \/>\n<span class=\"wpcf7-form-control-wrap\" data-name=\"checkbox-577\"><span class=\"wpcf7-form-control wpcf7-checkbox\"><span class=\"wpcf7-list-item first\"><input type=\"checkbox\" name=\"checkbox-577[]\" value=\"Wired CAN J1939\/S6\" \/><span class=\"wpcf7-list-item-label\">Wired CAN J1939\/S6<\/span><\/span><span class=\"wpcf7-list-item\"><input type=\"checkbox\" name=\"checkbox-577[]\" value=\"Wireless Bluetooth 4.1\" \/><span class=\"wpcf7-list-item-label\">Wireless Bluetooth 4.1<\/span><\/span><span class=\"wpcf7-list-item last\"><input type=\"checkbox\" name=\"checkbox-577[]\" value=\"Second CAN-interface\" \/><span class=\"wpcf7-list-item-label\">Second CAN-interface<\/span><\/span><\/span><\/span>\n\t\t<\/p>\n\t<\/div>\n\t<div style=\"max-width: 860px; display: inline-block; margin-bottom: 15px; margin-right: 30px;\">\n\t\t<p>But d'utilisation<span style=\"color: red;\">*<\/span><br \/>\n<span class=\"wpcf7-form-control-wrap\" data-name=\"checkbox-578\"><span class=\"wpcf7-form-control wpcf7-checkbox wpcf7-validates-as-required\"><span class=\"wpcf7-list-item first\"><input type=\"checkbox\" name=\"checkbox-578[]\" value=\"Mesurer les param\u00e8tres de la machine \u00e0 l&#039;aide des capteurs Technoton\" \/><span class=\"wpcf7-list-item-label\">Mesurer les param\u00e8tres de la machine \u00e0 l&#039;aide des capteurs Technoton<\/span><\/span><span class=\"wpcf7-list-item\"><input type=\"checkbox\" name=\"checkbox-578[]\" value=\"Obtenir les donn\u00e9es de fonctionnement du v\u00e9hicule \u00e0 partir de capteurs suppl\u00e9mentaires tiers\" \/><span class=\"wpcf7-list-item-label\">Obtenir les donn\u00e9es de fonctionnement du v\u00e9hicule \u00e0 partir de capteurs suppl\u00e9mentaires tiers<\/span><\/span><span class=\"wpcf7-list-item\"><input type=\"checkbox\" name=\"checkbox-578[]\" value=\"Scanner et analyser les messages CAN J1939\/71 et ISOBUS\" \/><span class=\"wpcf7-list-item-label\">Scanner et analyser les messages CAN J1939\/71 et ISOBUS<\/span><\/span><span class=\"wpcf7-list-item last\"><input type=\"checkbox\" name=\"checkbox-578[]\" value=\"Num\u00e9riser les signaux des \u00e9quipements analogiques standard de la machine\" \/><span class=\"wpcf7-list-item-label\">Num\u00e9riser les signaux des \u00e9quipements analogiques standard de la machine<\/span><\/span><\/span><\/span>\n\t\t<\/p>\n\t<\/div>\n\t<div style=\"max-width: 860px;\">\n\t\t<p>Message<br \/>\n<span class=\"wpcf7-form-control-wrap\" data-name=\"textarea-74\"><textarea cols=\"40\" rows=\"10\" maxlength=\"2000\" class=\"wpcf7-form-control wpcf7-textarea\" aria-invalid=\"false\" placeholder=\"Si possible, fournissez des informations suppl\u00e9mentaires que vous jugez importantes..\" name=\"textarea-74\"><\/textarea><\/span>\n\t\t<\/p>\n\t<\/div>\n\t<div style=\"max-width: 860px;  margin: 15px 0px;\">\n\t\t<p><span class=\"wpcf7-form-control-wrap\" data-name=\"acceptance-874\"><span class=\"wpcf7-form-control wpcf7-acceptance\"><span class=\"wpcf7-list-item\"><input type=\"checkbox\" name=\"acceptance-874\" value=\"1\" aria-invalid=\"false\" \/><\/span><\/span><\/span>J'ai lu <a target=\"_blank\" href=\"https:\/\/jv-technoton.com\/personal-data-privacy-policy\/\">la politique de confidentialit\u00e9<\/a> et j'accepte l'utilisation et le traitement de mes donn\u00e9es personnelles.\n\t\t<\/p>\n\t<\/div>\n\t<div style=\"margin: 15px 0px;\">\n\t\t<p><span style=\"color: red;\">*<\/span> - Veuillez remplir les champs indiqu\u00e9s..\n\t\t<\/p>\n\t<\/div>\n\t<p><span class=\"wpcf7-form-control-wrap\" data-name=\"quiz-407\"><label><span class=\"wpcf7-quiz-label\">Please answer the question. 12+35= ?<\/span> <input size=\"40\" class=\"wpcf7-form-control wpcf7-quiz\" autocomplete=\"off\" aria-required=\"true\" aria-invalid=\"false\" type=\"text\" name=\"quiz-407\" \/><\/label><input type=\"hidden\" name=\"_wpcf7_quiz_answer_quiz-407\" value=\"c3a9ee42bac81ce2e93f8cfc6dd57130\" \/><\/span>\n\t<\/p>\n\t<div style=\"max-width: 860px;margin-bottom: 15px;\">\n\t\t<p><input class=\"wpcf7-form-control wpcf7-submit has-spinner\" type=\"submit\" value=\"Envoyer\" \/>\n\t\t<\/p>\n\t<\/div>\n<\/div><p style=\"display: none !important;\" class=\"akismet-fields-container\" data-prefix=\"_wpcf7_ak_\"><label>&#916;<textarea name=\"_wpcf7_ak_hp_textarea\" cols=\"45\" rows=\"8\" maxlength=\"100\"><\/textarea><\/label><input type=\"hidden\" id=\"ak_js_1\" name=\"_wpcf7_ak_js\" value=\"220\"\/><script>document.getElementById( \"ak_js_1\" ).setAttribute( \"value\", ( new Date() ).getTime() );<\/script><\/p><div class=\"wpcf7-response-output\" aria-hidden=\"true\"><\/div>\n<\/form>\n<\/div>\n[\/vc_column_text][\/vc_column][\/vc_row]<\/p>\n<\/div>","protected":false},"excerpt":{"rendered":"<p>[vc_row][vc_column][vc_column_text] Obtenez plus d&rsquo;informations sur CANUp [\/vc_column_text][\/vc_column][\/vc_row][vc_row][vc_column][vc_column_text css=\u00a0\u00bb\u00a0\u00bb] Contactez notre \u00e9quipe pour obtenir de l&rsquo;aide afin de s\u00e9lectionner le mod\u00e8le exact de la passerelle t\u00e9l\u00e9matique CANUp. [\/vc_column_text][\/vc_column][\/vc_row]<\/p>\n","protected":false},"author":8,"featured_media":0,"parent":0,"menu_order":0,"comment_status":"closed","ping_status":"closed","template":"","meta":{"footnotes":""},"class_list":["post-113871","page","type-page","status-publish","hentry"],"yoast_head":"<!-- This site is optimized with the Yoast SEO plugin v27.3 - https:\/\/yoast.com\/product\/yoast-seo-wordpress\/ -->\n<title>Obtenez plus d&#039;informations sur CANUp | Technoton<\/title>\n<meta name=\"robots\" content=\"index, follow, max-snippet:-1, max-image-preview:large, max-video-preview:-1\" \/>\n<link rel=\"canonical\" href=\"https:\/\/jv-technoton.com\/fr\/obtenez-plus-dinformations-sur-canup\/\" \/>\n<meta property=\"og:locale\" content=\"fr_FR\" \/>\n<meta property=\"og:type\" content=\"article\" \/>\n<meta property=\"og:title\" content=\"Obtenez plus d&#039;informations sur CANUp | Technoton\" \/>\n<meta property=\"og:description\" content=\"[vc_row][vc_column][vc_column_text] Obtenez plus d&rsquo;informations sur CANUp [\/vc_column_text][\/vc_column][\/vc_row][vc_row][vc_column][vc_column_text css=\u00a0\u00bb\u00a0\u00bb] Contactez notre \u00e9quipe pour obtenir de l&rsquo;aide afin de s\u00e9lectionner le mod\u00e8le exact de la passerelle t\u00e9l\u00e9matique CANUp. [\/vc_column_text][\/vc_column][\/vc_row]\" \/>\n<meta property=\"og:url\" content=\"https:\/\/jv-technoton.com\/fr\/obtenez-plus-dinformations-sur-canup\/\" \/>\n<meta property=\"og:site_name\" content=\"Technoton\" \/>\n<meta property=\"article:modified_time\" content=\"2025-07-25T07:31:23+00:00\" \/>\n<meta name=\"twitter:card\" content=\"summary_large_image\" \/>\n<meta name=\"twitter:label1\" content=\"Dur\u00e9e de lecture estim\u00e9e\" \/>\n\t<meta name=\"twitter:data1\" content=\"1 minute\" \/>\n<script type=\"application\/ld+json\" class=\"yoast-schema-graph\">{\"@context\":\"https:\\\/\\\/schema.org\",\"@graph\":[{\"@type\":\"WebPage\",\"@id\":\"https:\\\/\\\/jv-technoton.com\\\/fr\\\/obtenez-plus-dinformations-sur-canup\\\/\",\"url\":\"https:\\\/\\\/jv-technoton.com\\\/fr\\\/obtenez-plus-dinformations-sur-canup\\\/\",\"name\":\"Obtenez plus d'informations sur CANUp | Technoton\",\"isPartOf\":{\"@id\":\"https:\\\/\\\/jv-technoton.com\\\/#website\"},\"datePublished\":\"2024-12-23T10:24:55+00:00\",\"dateModified\":\"2025-07-25T07:31:23+00:00\",\"breadcrumb\":{\"@id\":\"https:\\\/\\\/jv-technoton.com\\\/fr\\\/obtenez-plus-dinformations-sur-canup\\\/#breadcrumb\"},\"inLanguage\":\"fr-FR\",\"potentialAction\":[{\"@type\":\"ReadAction\",\"target\":[\"https:\\\/\\\/jv-technoton.com\\\/fr\\\/obtenez-plus-dinformations-sur-canup\\\/\"]}]},{\"@type\":\"BreadcrumbList\",\"@id\":\"https:\\\/\\\/jv-technoton.com\\\/fr\\\/obtenez-plus-dinformations-sur-canup\\\/#breadcrumb\",\"itemListElement\":[{\"@type\":\"ListItem\",\"position\":1,\"name\":\"Home\",\"item\":\"https:\\\/\\\/jv-technoton.com\\\/fr\\\/\"},{\"@type\":\"ListItem\",\"position\":2,\"name\":\"Obtenez plus d&#8217;informations sur CANUp\"}]},{\"@type\":\"WebSite\",\"@id\":\"https:\\\/\\\/jv-technoton.com\\\/#website\",\"url\":\"https:\\\/\\\/jv-technoton.com\\\/\",\"name\":\"Advanced machinery telematics and fuel monitoring\",\"description\":\"T\u00e9l\u00e9matique et suivi du carburant pour machines complexes\",\"publisher\":{\"@id\":\"https:\\\/\\\/jv-technoton.com\\\/#organization\"},\"potentialAction\":[{\"@type\":\"SearchAction\",\"target\":{\"@type\":\"EntryPoint\",\"urlTemplate\":\"https:\\\/\\\/jv-technoton.com\\\/?s={search_term_string}\"},\"query-input\":{\"@type\":\"PropertyValueSpecification\",\"valueRequired\":true,\"valueName\":\"search_term_string\"}}],\"inLanguage\":\"fr-FR\"},{\"@type\":\"Organization\",\"@id\":\"https:\\\/\\\/jv-technoton.com\\\/#organization\",\"name\":\"Technoton\",\"url\":\"https:\\\/\\\/jv-technoton.com\\\/\",\"logo\":{\"@type\":\"ImageObject\",\"inLanguage\":\"fr-FR\",\"@id\":\"https:\\\/\\\/jv-technoton.com\\\/#\\\/schema\\\/logo\\\/image\\\/\",\"url\":\"https:\\\/\\\/jv-technoton.com\\\/wp-content\\\/uploads\\\/2022\\\/02\\\/technoton_logo_web.png\",\"contentUrl\":\"https:\\\/\\\/jv-technoton.com\\\/wp-content\\\/uploads\\\/2022\\\/02\\\/technoton_logo_web.png\",\"width\":800,\"height\":329,\"caption\":\"Technoton\"},\"image\":{\"@id\":\"https:\\\/\\\/jv-technoton.com\\\/#\\\/schema\\\/logo\\\/image\\\/\"},\"sameAs\":[\"https:\\\/\\\/www.linkedin.com\\\/company\\\/technoton\"]}]}<\/script>\n<!-- \/ Yoast SEO plugin. -->","yoast_head_json":{"title":"Obtenez plus d'informations sur CANUp | Technoton","robots":{"index":"index","follow":"follow","max-snippet":"max-snippet:-1","max-image-preview":"max-image-preview:large","max-video-preview":"max-video-preview:-1"},"canonical":"https:\/\/jv-technoton.com\/fr\/obtenez-plus-dinformations-sur-canup\/","og_locale":"fr_FR","og_type":"article","og_title":"Obtenez plus d'informations sur CANUp | Technoton","og_description":"[vc_row][vc_column][vc_column_text] Obtenez plus d&rsquo;informations sur CANUp [\/vc_column_text][\/vc_column][\/vc_row][vc_row][vc_column][vc_column_text css=\u00a0\u00bb\u00a0\u00bb] Contactez notre \u00e9quipe pour obtenir de l&rsquo;aide afin de s\u00e9lectionner le mod\u00e8le exact de la passerelle t\u00e9l\u00e9matique CANUp. [\/vc_column_text][\/vc_column][\/vc_row]","og_url":"https:\/\/jv-technoton.com\/fr\/obtenez-plus-dinformations-sur-canup\/","og_site_name":"Technoton","article_modified_time":"2025-07-25T07:31:23+00:00","twitter_card":"summary_large_image","twitter_misc":{"Dur\u00e9e de lecture estim\u00e9e":"1 minute"},"schema":{"@context":"https:\/\/schema.org","@graph":[{"@type":"WebPage","@id":"https:\/\/jv-technoton.com\/fr\/obtenez-plus-dinformations-sur-canup\/","url":"https:\/\/jv-technoton.com\/fr\/obtenez-plus-dinformations-sur-canup\/","name":"Obtenez plus d'informations sur CANUp | Technoton","isPartOf":{"@id":"https:\/\/jv-technoton.com\/#website"},"datePublished":"2024-12-23T10:24:55+00:00","dateModified":"2025-07-25T07:31:23+00:00","breadcrumb":{"@id":"https:\/\/jv-technoton.com\/fr\/obtenez-plus-dinformations-sur-canup\/#breadcrumb"},"inLanguage":"fr-FR","potentialAction":[{"@type":"ReadAction","target":["https:\/\/jv-technoton.com\/fr\/obtenez-plus-dinformations-sur-canup\/"]}]},{"@type":"BreadcrumbList","@id":"https:\/\/jv-technoton.com\/fr\/obtenez-plus-dinformations-sur-canup\/#breadcrumb","itemListElement":[{"@type":"ListItem","position":1,"name":"Home","item":"https:\/\/jv-technoton.com\/fr\/"},{"@type":"ListItem","position":2,"name":"Obtenez plus d&#8217;informations sur CANUp"}]},{"@type":"WebSite","@id":"https:\/\/jv-technoton.com\/#website","url":"https:\/\/jv-technoton.com\/","name":"Advanced machinery telematics and fuel monitoring","description":"T\u00e9l\u00e9matique et suivi du carburant pour machines complexes","publisher":{"@id":"https:\/\/jv-technoton.com\/#organization"},"potentialAction":[{"@type":"SearchAction","target":{"@type":"EntryPoint","urlTemplate":"https:\/\/jv-technoton.com\/?s={search_term_string}"},"query-input":{"@type":"PropertyValueSpecification","valueRequired":true,"valueName":"search_term_string"}}],"inLanguage":"fr-FR"},{"@type":"Organization","@id":"https:\/\/jv-technoton.com\/#organization","name":"Technoton","url":"https:\/\/jv-technoton.com\/","logo":{"@type":"ImageObject","inLanguage":"fr-FR","@id":"https:\/\/jv-technoton.com\/#\/schema\/logo\/image\/","url":"https:\/\/jv-technoton.com\/wp-content\/uploads\/2022\/02\/technoton_logo_web.png","contentUrl":"https:\/\/jv-technoton.com\/wp-content\/uploads\/2022\/02\/technoton_logo_web.png","width":800,"height":329,"caption":"Technoton"},"image":{"@id":"https:\/\/jv-technoton.com\/#\/schema\/logo\/image\/"},"sameAs":["https:\/\/www.linkedin.com\/company\/technoton"]}]}},"rttpg_featured_image_url":null,"rttpg_author":{"display_name":"Tretyakov Sergey","author_link":"https:\/\/jv-technoton.com\/fr\/author\/sergei_tretyakov\/"},"rttpg_comment":0,"rttpg_category":false,"rttpg_excerpt":"[vc_row][vc_column][vc_column_text] Obtenez plus d&rsquo;informations sur CANUp [\/vc_column_text][\/vc_column][\/vc_row][vc_row][vc_column][vc_column_text css=\u00a0\u00bb\u00a0\u00bb] Contactez notre \u00e9quipe pour obtenir de l&rsquo;aide afin de s\u00e9lectionner le mod\u00e8le exact de la passerelle t\u00e9l\u00e9matique CANUp. [\/vc_column_text][\/vc_column][\/vc_row]","_links":{"self":[{"href":"https:\/\/jv-technoton.com\/fr\/wp-json\/wp\/v2\/pages\/113871","targetHints":{"allow":["GET"]}}],"collection":[{"href":"https:\/\/jv-technoton.com\/fr\/wp-json\/wp\/v2\/pages"}],"about":[{"href":"https:\/\/jv-technoton.com\/fr\/wp-json\/wp\/v2\/types\/page"}],"author":[{"embeddable":true,"href":"https:\/\/jv-technoton.com\/fr\/wp-json\/wp\/v2\/users\/8"}],"replies":[{"embeddable":true,"href":"https:\/\/jv-technoton.com\/fr\/wp-json\/wp\/v2\/comments?post=113871"}],"version-history":[{"count":1,"href":"https:\/\/jv-technoton.com\/fr\/wp-json\/wp\/v2\/pages\/113871\/revisions"}],"predecessor-version":[{"id":113874,"href":"https:\/\/jv-technoton.com\/fr\/wp-json\/wp\/v2\/pages\/113871\/revisions\/113874"}],"wp:attachment":[{"href":"https:\/\/jv-technoton.com\/fr\/wp-json\/wp\/v2\/media?parent=113871"}],"curies":[{"name":"wp","href":"https:\/\/api.w.org\/{rel}","templated":true}]}}