{"id":113903,"date":"2024-12-24T08:36:35","date_gmt":"2024-12-24T05:36:35","guid":{"rendered":"https:\/\/jv-technoton.com\/?page_id=113903"},"modified":"2025-07-28T14:43:29","modified_gmt":"2025-07-28T11:43:29","slug":"kit-de-montage-mk-dp","status":"publish","type":"page","link":"https:\/\/jv-technoton.com\/fr\/produits-technoton\/kit-de-montage-mk-dp\/","title":{"rendered":"Kit de montage MK DP"},"content":{"rendered":"<div class=\"wpb-content-wrapper\"><p>[vc_row][vc_column]<div class=\"ult-spacer spacer-69d0f9c9ea136\" data-id=\"69d0f9c9ea136\" data-height=\"40\" data-height-mobile=\"20\" data-height-tab=\"20\" data-height-tab-portrait=\"20\" data-height-mobile-landscape=\"20\" style=\"clear:both;display:block;\"><\/div>[vc_column_text css=\u00a0\u00bb\u00a0\u00bb]<\/p>\n<h1>Kit de montage GNOM MK DP<\/h1>\n<p>[\/vc_column_text][\/vc_column][\/vc_row][vc_row][vc_column width=\u00a0\u00bb1\/2&Prime;]<div class=\"ult-spacer spacer-69d0f9c9ea178\" data-id=\"69d0f9c9ea178\" data-height=\"40\" data-height-mobile=\"20\" data-height-tab=\"20\" data-height-tab-portrait=\"20\" data-height-mobile-landscape=\"20\" style=\"clear:both;display:block;\"><\/div>[vc_single_image image=\u00a0\u00bb25501&Prime; img_size=\u00a0\u00bb800&#215;315&Prime; alignment=\u00a0\u00bbcenter\u00a0\u00bb]<div class=\"ult-spacer spacer-69d0f9c9ea1a5\" data-id=\"69d0f9c9ea1a5\" data-height=\"40\" data-height-mobile=\"20\" data-height-tab=\"20\" data-height-tab-portrait=\"20\" data-height-mobile-landscape=\"20\" style=\"clear:both;display:block;\"><\/div>[vc_separator][vc_column_text]<\/p>\n<h2 style=\"text-align: center;\"><span style=\"font-size: 16px;\">Application<\/span><\/h2>\n<p>[\/vc_column_text]<div class=\"ult-spacer spacer-69d0f9c9ea1cb\" data-id=\"69d0f9c9ea1cb\" data-height=\"20\" data-height-mobile=\"20\" data-height-tab=\"20\" data-height-tab-portrait=\"20\" data-height-mobile-landscape=\"20\" style=\"clear:both;display:block;\"><\/div>[vc_single_image image=\u00a0\u00bb2231&Prime; img_size=\u00a0\u00bb164 x 25&Prime; alignment=\u00a0\u00bbcenter\u00a0\u00bb]<div class=\"ult-spacer spacer-69d0f9c9ea1ef\" data-id=\"69d0f9c9ea1ef\" data-height=\"40\" data-height-mobile=\"20\" data-height-tab=\"20\" data-height-tab-portrait=\"20\" data-height-mobile-landscape=\"20\" style=\"clear:both;display:block;\"><\/div>[\/vc_column][vc_column width=\u00a0\u00bb1\/2&Prime;]<div class=\"ult-spacer spacer-69d0f9c9ea212\" data-id=\"69d0f9c9ea212\" data-height=\"60\" data-height-mobile=\"20\" data-height-tab=\"20\" data-height-tab-portrait=\"20\" data-height-mobile-landscape=\"20\" style=\"clear:both;display:block;\"><\/div>[vc_column_text css=\u00a0\u00bb\u00a0\u00bb]Le kit de montage GNOM MK DP est utilis\u00e9 pour l&rsquo;installation du GNOM DP sur des v\u00e9hicules \u00e0 deux ou trois essieux avec une suspension \u00e0 ressorts \u00e0 lames.<br data-start=\"189\" data-end=\"192\" \/>Le GNOM MK DP contient uniquement des composants de haute qualit\u00e9 con\u00e7us pour \u00eatre mont\u00e9s sur des v\u00e9hicules.[\/vc_column_text]<div class=\"ult-spacer spacer-69d0f9c9ea234\" data-id=\"69d0f9c9ea234\" data-height=\"40\" data-height-mobile=\"20\" data-height-tab=\"20\" data-height-tab-portrait=\"20\" data-height-mobile-landscape=\"20\" style=\"clear:both;display:block;\"><\/div>[\/vc_column][\/vc_row][vc_row][vc_column][vc_separator][\/vc_column][\/vc_row][vc_row][vc_column][ult_tab_element tab_style=\u00a0\u00bbStyle_4&Prime;][single_tab title=\u00a0\u00bbKit de montage complet\u00a0\u00bb tab_id=\u00a0\u00bb1515063150933-8&Prime;][vc_single_image image=\u00a0\u00bb25501&Prime; img_size=\u00a0\u00bb637&#215;258&Prime; alignment=\u00a0\u00bbcenter\u00a0\u00bb][vc_column_text css=\u00a0\u00bb\u00a0\u00bb]<\/p>\n<ol>\n<li data-start=\"57\" data-end=\"75\">Levier \u2013 1 pi\u00e8ce<\/li>\n<li data-start=\"57\" data-end=\"75\">Douille \u2013 1 pi\u00e8ce<\/li>\n<li data-start=\"57\" data-end=\"75\">Tige \u2013 2 pi\u00e8ces<\/li>\n<li data-start=\"57\" data-end=\"75\">Boulon 6 \u2013 2 pi\u00e8ces<\/li>\n<li data-start=\"57\" data-end=\"75\">Boulon M8 \u2013 6 pi\u00e8ces<\/li>\n<li data-start=\"57\" data-end=\"75\">Boulon M8 \u2013 2 pi\u00e8ces<\/li>\n<li data-start=\"57\" data-end=\"75\">\u00c9crou M6 \u2013 2 pi\u00e8ces<\/li>\n<li data-start=\"57\" data-end=\"75\">\u00c9crou M8 \u2013 10 pi\u00e8ces<\/li>\n<li data-start=\"57\" data-end=\"75\">Rondelle \u00e9lastique M6 \u2013 4 pi\u00e8ces<\/li>\n<li data-start=\"57\" data-end=\"75\">Rondelle \u00e9lastique M8 \u2013 19 pi\u00e8ces<\/li>\n<li data-start=\"57\" data-end=\"75\">Rondelle M8 \u2013 2 pi\u00e8ces<\/li>\n<li data-start=\"57\" data-end=\"75\">Raccord de tige \u2013 3 pi\u00e8ces<\/li>\n<li data-start=\"57\" data-end=\"75\">Boulon pivotant \u2013 2 pi\u00e8ces<\/li>\n<li data-start=\"57\" data-end=\"75\">Tige de r\u00e9gulateur \u2013 1 pi\u00e8ce<\/li>\n<li data-start=\"57\" data-end=\"75\">Tige de r\u00e9gulateur angulaire \u2013 1 pi\u00e8ce<\/li>\n<li data-start=\"57\" data-end=\"75\">\u00c9l\u00e9ment \u00e9lastique \u2013 1 pi\u00e8ce<\/li>\n<li data-start=\"57\" data-end=\"75\">Collier \u2013 4 pi\u00e8ces<\/li>\n<li data-start=\"57\" data-end=\"75\">Goupille fendue \u2013 2 pi\u00e8ces<\/li>\n<li data-start=\"57\" data-end=\"75\">Boulon M12 \u2013 1 pi\u00e8ce<\/li>\n<li data-start=\"57\" data-end=\"75\">Rondelle \u00e9lastique M12 \u2013 1 pi\u00e8ce<\/li>\n<\/ol>\n<p>[\/vc_column_text][\/single_tab][single_tab title=\u00a0\u00bbAdjusting GNOM MK DP rod and lever for GNOM DP mounting\u00a0\u00bb tab_id=\u00a0\u00bb1515063151041-8&Prime;][vc_single_image image=\u00a0\u00bb4956&Prime; img_size=\u00a0\u00bb800&#215;520&Prime; alignment=\u00a0\u00bbcenter\u00a0\u00bb][\/single_tab][single_tab title=\u00a0\u00bbSch\u00e9ma typique de montage du GNOM DP sur un v\u00e9hicule \u00e0 deux essieux\u00a0\u00bb tab_id=\u00a0\u00bb1515063255274-2-4&Prime;][vc_single_image image=\u00a0\u00bb4948&Prime; img_size=\u00a0\u00bb800&#215;433&Prime; alignment=\u00a0\u00bbcenter\u00a0\u00bb][\/single_tab][single_tab title=\u00a0\u00bbSch\u00e9ma typique de montage du GNOM DP sur un v\u00e9hicule \u00e0 trois essieux\u00a0\u00bb tab_id=\u00a0\u00bb1515063270353-3-0&Prime;][vc_single_image image=\u00a0\u00bb4952&Prime; img_size=\u00a0\u00bb800&#215;432&Prime;][\/single_tab][\/ult_tab_element][\/vc_column][\/vc_row]<\/p>\n<\/div>","protected":false},"excerpt":{"rendered":"<p>[vc_row][vc_column][vc_column_text css=\u00a0\u00bb\u00a0\u00bb] Kit de montage GNOM MK DP [\/vc_column_text][\/vc_column][\/vc_row][vc_row][vc_column width=\u00a0\u00bb1\/2&Prime;][vc_single_image image=\u00a0\u00bb25501&Prime; img_size=\u00a0\u00bb800&#215;315&Prime; alignment=\u00a0\u00bbcenter\u00a0\u00bb][vc_separator][vc_column_text] Application [\/vc_column_text][vc_single_image image=\u00a0\u00bb2231&Prime; img_size=\u00a0\u00bb164 x 25&Prime; alignment=\u00a0\u00bbcenter\u00a0\u00bb][\/vc_column][vc_column width=\u00a0\u00bb1\/2&Prime;][vc_column_text css=\u00a0\u00bb\u00a0\u00bb]Le kit de montage GNOM MK DP est utilis\u00e9 pour l&rsquo;installation du GNOM DP sur des v\u00e9hicules \u00e0 deux ou trois essieux avec une suspension \u00e0 ressorts \u00e0 lames.Le GNOM MK DP contient uniquement [&hellip;]<\/p>\n","protected":false},"author":8,"featured_media":0,"parent":113091,"menu_order":0,"comment_status":"closed","ping_status":"closed","template":"","meta":{"footnotes":""},"class_list":["post-113903","page","type-page","status-publish","hentry"],"yoast_head":"<!-- This site is optimized with the Yoast SEO Premium plugin v18.1 (Yoast SEO v27.2) - https:\/\/yoast.com\/product\/yoast-seo-premium-wordpress\/ -->\n<title>Kit de montage MK DP | Technoton<\/title>\n<meta name=\"description\" content=\"Kit de montage MK-DP de Technoton : installation facile et s\u00e9curis\u00e9e des capteurs GNOM sur divers v\u00e9hicules pour un suivi pr\u00e9cis de la charge par essieu.\" \/>\n<meta name=\"robots\" content=\"index, follow, max-snippet:-1, max-image-preview:large, max-video-preview:-1\" \/>\n<link rel=\"canonical\" href=\"https:\/\/jv-technoton.com\/fr\/produits-technoton\/kit-de-montage-mk-dp\/\" \/>\n<meta property=\"og:locale\" content=\"fr_FR\" \/>\n<meta property=\"og:type\" content=\"article\" \/>\n<meta property=\"og:title\" content=\"Kit de montage MK DP\" \/>\n<meta property=\"og:description\" content=\"Kit de montage MK-DP de Technoton : installation facile et s\u00e9curis\u00e9e des capteurs GNOM sur divers v\u00e9hicules pour un suivi pr\u00e9cis de la charge par essieu.\" \/>\n<meta property=\"og:url\" content=\"https:\/\/jv-technoton.com\/fr\/produits-technoton\/kit-de-montage-mk-dp\/\" \/>\n<meta property=\"og:site_name\" content=\"Technoton\" \/>\n<meta property=\"article:modified_time\" content=\"2025-07-28T11:43:29+00:00\" \/>\n<meta name=\"twitter:card\" content=\"summary_large_image\" \/>\n<meta name=\"twitter:label1\" content=\"Dur\u00e9e de lecture estim\u00e9e\" \/>\n\t<meta name=\"twitter:data1\" content=\"2 minutes\" \/>\n<script type=\"application\/ld+json\" class=\"yoast-schema-graph\">{\"@context\":\"https:\/\/schema.org\",\"@graph\":[{\"@type\":\"WebPage\",\"@id\":\"https:\/\/jv-technoton.com\/fr\/produits-technoton\/kit-de-montage-mk-dp\/\",\"url\":\"https:\/\/jv-technoton.com\/fr\/produits-technoton\/kit-de-montage-mk-dp\/\",\"name\":\"Kit de montage MK DP | Technoton\",\"isPartOf\":{\"@id\":\"https:\/\/jv-technoton.com\/#website\"},\"datePublished\":\"2024-12-24T05:36:35+00:00\",\"dateModified\":\"2025-07-28T11:43:29+00:00\",\"description\":\"Kit de montage MK-DP de Technoton : installation facile et s\u00e9curis\u00e9e des capteurs GNOM sur divers v\u00e9hicules pour un suivi pr\u00e9cis de la charge par essieu.\",\"breadcrumb\":{\"@id\":\"https:\/\/jv-technoton.com\/fr\/produits-technoton\/kit-de-montage-mk-dp\/#breadcrumb\"},\"inLanguage\":\"fr-FR\",\"potentialAction\":[{\"@type\":\"ReadAction\",\"target\":[\"https:\/\/jv-technoton.com\/fr\/produits-technoton\/kit-de-montage-mk-dp\/\"]}]},{\"@type\":\"BreadcrumbList\",\"@id\":\"https:\/\/jv-technoton.com\/fr\/produits-technoton\/kit-de-montage-mk-dp\/#breadcrumb\",\"itemListElement\":[{\"@type\":\"ListItem\",\"position\":1,\"name\":\"Home\",\"item\":\"https:\/\/jv-technoton.com\/fr\/\"},{\"@type\":\"ListItem\",\"position\":2,\"name\":\"Produits Technoton\",\"item\":\"https:\/\/jv-technoton.com\/fr\/produits-technoton\/\"},{\"@type\":\"ListItem\",\"position\":3,\"name\":\"Kit de montage MK DP\"}]},{\"@type\":\"WebSite\",\"@id\":\"https:\/\/jv-technoton.com\/#website\",\"url\":\"https:\/\/jv-technoton.com\/\",\"name\":\"Advanced machinery telematics and fuel monitoring\",\"description\":\"T\u00e9l\u00e9matique et suivi du carburant pour machines complexes\",\"publisher\":{\"@id\":\"https:\/\/jv-technoton.com\/#organization\"},\"potentialAction\":[{\"@type\":\"SearchAction\",\"target\":{\"@type\":\"EntryPoint\",\"urlTemplate\":\"https:\/\/jv-technoton.com\/?s={search_term_string}\"},\"query-input\":{\"@type\":\"PropertyValueSpecification\",\"valueRequired\":true,\"valueName\":\"search_term_string\"}}],\"inLanguage\":\"fr-FR\"},{\"@type\":\"Organization\",\"@id\":\"https:\/\/jv-technoton.com\/#organization\",\"name\":\"Technoton\",\"url\":\"https:\/\/jv-technoton.com\/\",\"logo\":{\"@type\":\"ImageObject\",\"inLanguage\":\"fr-FR\",\"@id\":\"https:\/\/jv-technoton.com\/#\/schema\/logo\/image\/\",\"url\":\"https:\/\/jv-technoton.com\/wp-content\/uploads\/2022\/02\/technoton_logo_web.png\",\"contentUrl\":\"https:\/\/jv-technoton.com\/wp-content\/uploads\/2022\/02\/technoton_logo_web.png\",\"width\":800,\"height\":329,\"caption\":\"Technoton\"},\"image\":{\"@id\":\"https:\/\/jv-technoton.com\/#\/schema\/logo\/image\/\"},\"sameAs\":[\"https:\/\/www.linkedin.com\/company\/technoton\"]}]}<\/script>\n<!-- \/ Yoast SEO Premium plugin. -->","yoast_head_json":{"title":"Kit de montage MK DP | Technoton","description":"Kit de montage MK-DP de Technoton : installation facile et s\u00e9curis\u00e9e des capteurs GNOM sur divers v\u00e9hicules pour un suivi pr\u00e9cis de la charge par essieu.","robots":{"index":"index","follow":"follow","max-snippet":"max-snippet:-1","max-image-preview":"max-image-preview:large","max-video-preview":"max-video-preview:-1"},"canonical":"https:\/\/jv-technoton.com\/fr\/produits-technoton\/kit-de-montage-mk-dp\/","og_locale":"fr_FR","og_type":"article","og_title":"Kit de montage MK DP","og_description":"Kit de montage MK-DP de Technoton : installation facile et s\u00e9curis\u00e9e des capteurs GNOM sur divers v\u00e9hicules pour un suivi pr\u00e9cis de la charge par essieu.","og_url":"https:\/\/jv-technoton.com\/fr\/produits-technoton\/kit-de-montage-mk-dp\/","og_site_name":"Technoton","article_modified_time":"2025-07-28T11:43:29+00:00","twitter_card":"summary_large_image","twitter_misc":{"Dur\u00e9e de lecture estim\u00e9e":"2 minutes"},"schema":{"@context":"https:\/\/schema.org","@graph":[{"@type":"WebPage","@id":"https:\/\/jv-technoton.com\/fr\/produits-technoton\/kit-de-montage-mk-dp\/","url":"https:\/\/jv-technoton.com\/fr\/produits-technoton\/kit-de-montage-mk-dp\/","name":"Kit de montage MK DP | Technoton","isPartOf":{"@id":"https:\/\/jv-technoton.com\/#website"},"datePublished":"2024-12-24T05:36:35+00:00","dateModified":"2025-07-28T11:43:29+00:00","description":"Kit de montage MK-DP de Technoton : installation facile et s\u00e9curis\u00e9e des capteurs GNOM sur divers v\u00e9hicules pour un suivi pr\u00e9cis de la charge par essieu.","breadcrumb":{"@id":"https:\/\/jv-technoton.com\/fr\/produits-technoton\/kit-de-montage-mk-dp\/#breadcrumb"},"inLanguage":"fr-FR","potentialAction":[{"@type":"ReadAction","target":["https:\/\/jv-technoton.com\/fr\/produits-technoton\/kit-de-montage-mk-dp\/"]}]},{"@type":"BreadcrumbList","@id":"https:\/\/jv-technoton.com\/fr\/produits-technoton\/kit-de-montage-mk-dp\/#breadcrumb","itemListElement":[{"@type":"ListItem","position":1,"name":"Home","item":"https:\/\/jv-technoton.com\/fr\/"},{"@type":"ListItem","position":2,"name":"Produits Technoton","item":"https:\/\/jv-technoton.com\/fr\/produits-technoton\/"},{"@type":"ListItem","position":3,"name":"Kit de montage MK DP"}]},{"@type":"WebSite","@id":"https:\/\/jv-technoton.com\/#website","url":"https:\/\/jv-technoton.com\/","name":"Advanced machinery telematics and fuel monitoring","description":"T\u00e9l\u00e9matique et suivi du carburant pour machines complexes","publisher":{"@id":"https:\/\/jv-technoton.com\/#organization"},"potentialAction":[{"@type":"SearchAction","target":{"@type":"EntryPoint","urlTemplate":"https:\/\/jv-technoton.com\/?s={search_term_string}"},"query-input":{"@type":"PropertyValueSpecification","valueRequired":true,"valueName":"search_term_string"}}],"inLanguage":"fr-FR"},{"@type":"Organization","@id":"https:\/\/jv-technoton.com\/#organization","name":"Technoton","url":"https:\/\/jv-technoton.com\/","logo":{"@type":"ImageObject","inLanguage":"fr-FR","@id":"https:\/\/jv-technoton.com\/#\/schema\/logo\/image\/","url":"https:\/\/jv-technoton.com\/wp-content\/uploads\/2022\/02\/technoton_logo_web.png","contentUrl":"https:\/\/jv-technoton.com\/wp-content\/uploads\/2022\/02\/technoton_logo_web.png","width":800,"height":329,"caption":"Technoton"},"image":{"@id":"https:\/\/jv-technoton.com\/#\/schema\/logo\/image\/"},"sameAs":["https:\/\/www.linkedin.com\/company\/technoton"]}]}},"rttpg_featured_image_url":null,"rttpg_author":{"display_name":"Tretyakov Sergey","author_link":"https:\/\/jv-technoton.com\/fr\/author\/sergei_tretyakov\/"},"rttpg_comment":0,"rttpg_category":false,"rttpg_excerpt":"[vc_row][vc_column][vc_column_text css=\u00a0\u00bb\u00a0\u00bb] Kit de montage GNOM MK DP [\/vc_column_text][\/vc_column][\/vc_row][vc_row][vc_column width=\u00a0\u00bb1\/2&Prime;][vc_single_image image=\u00a0\u00bb25501&Prime; img_size=\u00a0\u00bb800&#215;315&Prime; alignment=\u00a0\u00bbcenter\u00a0\u00bb][vc_separator][vc_column_text] Application [\/vc_column_text][vc_single_image image=\u00a0\u00bb2231&Prime; img_size=\u00a0\u00bb164 x 25&Prime; alignment=\u00a0\u00bbcenter\u00a0\u00bb][\/vc_column][vc_column width=\u00a0\u00bb1\/2&Prime;][vc_column_text css=\u00a0\u00bb\u00a0\u00bb]Le kit de montage GNOM MK DP est utilis\u00e9 pour l&rsquo;installation du GNOM DP sur des v\u00e9hicules \u00e0 deux ou trois essieux avec une suspension \u00e0 ressorts \u00e0 lames.Le GNOM MK DP contient uniquement\u2026","_links":{"self":[{"href":"https:\/\/jv-technoton.com\/fr\/wp-json\/wp\/v2\/pages\/113903","targetHints":{"allow":["GET"]}}],"collection":[{"href":"https:\/\/jv-technoton.com\/fr\/wp-json\/wp\/v2\/pages"}],"about":[{"href":"https:\/\/jv-technoton.com\/fr\/wp-json\/wp\/v2\/types\/page"}],"author":[{"embeddable":true,"href":"https:\/\/jv-technoton.com\/fr\/wp-json\/wp\/v2\/users\/8"}],"replies":[{"embeddable":true,"href":"https:\/\/jv-technoton.com\/fr\/wp-json\/wp\/v2\/comments?post=113903"}],"version-history":[{"count":0,"href":"https:\/\/jv-technoton.com\/fr\/wp-json\/wp\/v2\/pages\/113903\/revisions"}],"up":[{"embeddable":true,"href":"https:\/\/jv-technoton.com\/fr\/wp-json\/wp\/v2\/pages\/113091"}],"wp:attachment":[{"href":"https:\/\/jv-technoton.com\/fr\/wp-json\/wp\/v2\/media?parent=113903"}],"curies":[{"name":"wp","href":"https:\/\/api.w.org\/{rel}","templated":true}]}}