{"id":113910,"date":"2024-12-24T09:05:33","date_gmt":"2024-12-24T06:05:33","guid":{"rendered":"https:\/\/jv-technoton.com\/?page_id=113910"},"modified":"2025-07-28T14:03:39","modified_gmt":"2025-07-28T11:03:39","slug":"kit-de-montage-gnom-mk-dde","status":"publish","type":"page","link":"https:\/\/jv-technoton.com\/fr\/produits-technoton\/kit-de-montage-gnom-mk-dde\/","title":{"rendered":"Kit de montage GNOM MK DDE"},"content":{"rendered":"<div class=\"wpb-content-wrapper\"><p>[vc_row][vc_column]<div class=\"ult-spacer spacer-69e1791e77661\" data-id=\"69e1791e77661\" data-height=\"20\" data-height-mobile=\"20\" data-height-tab=\"20\" data-height-tab-portrait=\"\" data-height-mobile-landscape=\"\" style=\"clear:both;display:block;\"><\/div>[vc_column_text css=\u00a0\u00bb\u00a0\u00bb]<\/p>\n<h1>Kit de montage GNOM MK DDE<\/h1>\n<p>[\/vc_column_text][\/vc_column][\/vc_row][vc_row][vc_column width=\u00a0\u00bb1\/2&Prime;]<div class=\"ult-spacer spacer-69e1791e776a1\" data-id=\"69e1791e776a1\" data-height=\"20\" data-height-mobile=\"20\" data-height-tab=\"20\" data-height-tab-portrait=\"\" data-height-mobile-landscape=\"\" style=\"clear:both;display:block;\"><\/div><div class=\"ult-spacer spacer-69e1791e776c9\" data-id=\"69e1791e776c9\" data-height=\"20\" data-height-mobile=\"20\" data-height-tab=\"20\" data-height-tab-portrait=\"\" data-height-mobile-landscape=\"\" style=\"clear:both;display:block;\"><\/div>[vc_single_image image=\u00a0\u00bb3947&Prime; img_size=\u00a0\u00bb800&#215;600&Prime; alignment=\u00a0\u00bbcenter\u00a0\u00bb]<div class=\"ult-spacer spacer-69e1791e776ea\" data-id=\"69e1791e776ea\" data-height=\"20\" data-height-mobile=\"20\" data-height-tab=\"20\" data-height-tab-portrait=\"\" data-height-mobile-landscape=\"\" style=\"clear:both;display:block;\"><\/div><div class=\"ult-spacer spacer-69e1791e77709\" data-id=\"69e1791e77709\" data-height=\"20\" data-height-mobile=\"20\" data-height-tab=\"20\" data-height-tab-portrait=\"\" data-height-mobile-landscape=\"\" style=\"clear:both;display:block;\"><\/div>[vc_separator][vc_column_text]<\/p>\n<h2 style=\"text-align: center;\"><span style=\"font-size: 16px;\">Application<\/span><\/h2>\n<p>[\/vc_column_text]<div class=\"ult-spacer spacer-69e1791e77725\" data-id=\"69e1791e77725\" data-height=\"20\" data-height-mobile=\"20\" data-height-tab=\"20\" data-height-tab-portrait=\"\" data-height-mobile-landscape=\"\" style=\"clear:both;display:block;\"><\/div>[vc_single_image image=\u00a0\u00bb3095&Prime; img_size=\u00a0\u00bb160 x 25&Prime; alignment=\u00a0\u00bbcenter\u00a0\u00bb]<div class=\"ult-spacer spacer-69e1791e77742\" data-id=\"69e1791e77742\" data-height=\"20\" data-height-mobile=\"20\" data-height-tab=\"20\" data-height-tab-portrait=\"\" data-height-mobile-landscape=\"\" style=\"clear:both;display:block;\"><\/div><div class=\"ult-spacer spacer-69e1791e7775d\" data-id=\"69e1791e7775d\" data-height=\"20\" data-height-mobile=\"20\" data-height-tab=\"20\" data-height-tab-portrait=\"\" data-height-mobile-landscape=\"\" style=\"clear:both;display:block;\"><\/div>[\/vc_column][vc_column width=\u00a0\u00bb1\/2&Prime;]<div class=\"ult-spacer spacer-69e1791e77779\" data-id=\"69e1791e77779\" data-height=\"20\" data-height-mobile=\"20\" data-height-tab=\"20\" data-height-tab-portrait=\"\" data-height-mobile-landscape=\"\" style=\"clear:both;display:block;\"><\/div>[vc_column_text css=\u00a0\u00bb\u00a0\u00bb]<\/p>\n<p data-start=\"39\" data-end=\"180\"><strong data-start=\"39\" data-end=\"180\">Le kit de montage GNOM MK DDE2 est utilis\u00e9 pour l\u2019installation du capteur GNOM DDE dans la suspension pneumatique dans les cas suivants :<\/strong><\/p>\n<ul data-start=\"182\" data-end=\"456\">\n<li data-start=\"182\" data-end=\"285\">\n<p data-start=\"184\" data-end=\"285\">Montage du GNOM DDE dans un orifice filet\u00e9 M22x1.5 avec reprise de l\u2019alimentation en air comprim\u00e9 ;<\/p>\n<\/li>\n<li data-start=\"286\" data-end=\"383\">\n<p data-start=\"288\" data-end=\"383\">Montage du GNOM DDE dans un tuyau d\u2019alimentation en air comprim\u00e9 avec un diam\u00e8tre de \u00d8=8 mm ;<\/p>\n<\/li>\n<li data-start=\"384\" data-end=\"456\">\n<p data-start=\"386\" data-end=\"456\">Montage du GNOM DDE dans un raccord de tuyau d\u2019alimentation de \u00d8=8 mm.<\/p>\n<\/li>\n<\/ul>\n<p data-start=\"458\" data-end=\"627\"><strong data-start=\"458\" data-end=\"627\">Le GNOM MK DDE2 contient uniquement des composants de haute qualit\u00e9 sp\u00e9cialement con\u00e7us pour une utilisation dans le syst\u00e8me de suspension pneumatique des v\u00e9hicules.<\/strong><\/p>\n<p>[\/vc_column_text]<div class=\"ult-spacer spacer-69e1791e77793\" data-id=\"69e1791e77793\" data-height=\"20\" data-height-mobile=\"20\" data-height-tab=\"20\" data-height-tab-portrait=\"\" data-height-mobile-landscape=\"\" style=\"clear:both;display:block;\"><\/div>[vc_column_text css=\u00a0\u00bb\u00a0\u00bb]<\/p>\n<h2 style=\"text-align: center;\">Kit de montage complet<\/h2>\n<p>[\/vc_column_text]<div class=\"ult-spacer spacer-69e1791e777ae\" data-id=\"69e1791e777ae\" data-height=\"20\" data-height-mobile=\"20\" data-height-tab=\"20\" data-height-tab-portrait=\"\" data-height-mobile-landscape=\"\" style=\"clear:both;display:block;\"><\/div>[vc_row_inner content_placement=\u00a0\u00bbtop\u00a0\u00bb gap=\u00a0\u00bb2&Prime;][vc_column_inner width=\u00a0\u00bb1\/2&Prime;][vc_column_text css=\u00a0\u00bb\u00a0\u00bb]<\/p>\n<ol>\n<li data-start=\"53\" data-end=\"86\">\n<p data-start=\"56\" data-end=\"86\">Douille conique \u2013 2 pi\u00e8ces ;<\/p>\n<\/li>\n<li data-start=\"53\" data-end=\"86\">\n<p data-start=\"56\" data-end=\"86\">Adaptateur de raccord (raccord en T) \u2013 1 pi\u00e8ce ;<\/p>\n<\/li>\n<li data-start=\"141\" data-end=\"181\">\n<p data-start=\"144\" data-end=\"181\">Raccord droit (nipple) \u2013 2 pi\u00e8ces ;<\/p>\n<\/li>\n<li data-start=\"182\" data-end=\"214\">\n<p data-start=\"185\" data-end=\"214\">Conduite \u00d8=8 mm \u2013 1 pi\u00e8ce ;<\/p>\n<\/li>\n<li data-start=\"215\" data-end=\"246\">\n<p data-start=\"218\" data-end=\"246\">Joint torique \u2013 2 pi\u00e8ces ;<\/p>\n<\/li>\n<li data-start=\"247\" data-end=\"277\">\n<p data-start=\"250\" data-end=\"277\">Joint torique \u2013 1 pi\u00e8ce ;<\/p>\n<\/li>\n<li data-start=\"278\" data-end=\"307\">\n<p data-start=\"281\" data-end=\"307\">\u00c9crou tournant \u2013 2 pi\u00e8ces.<\/p>\n<\/li>\n<\/ol>\n<p>[\/vc_column_text][\/vc_column_inner][vc_column_inner width=\u00a0\u00bb1\/2&Prime;][vc_column_text css=\u00a0\u00bb\u00a0\u00bb]<\/p>\n<ul>\n<li data-start=\"47\" data-end=\"75\">\n<p data-start=\"50\" data-end=\"75\">Rondelle 16 \u2013 1 pi\u00e8ce ;<\/p>\n<\/li>\n<li data-start=\"76\" data-end=\"112\">\n<p data-start=\"79\" data-end=\"112\">Support de fixation \u2013 1 pi\u00e8ce ;<\/p>\n<\/li>\n<li data-start=\"113\" data-end=\"140\">\n<p data-start=\"117\" data-end=\"140\">Vis M6x8 \u2013 2 pi\u00e8ces ;<\/p>\n<\/li>\n<li data-start=\"141\" data-end=\"185\">\n<p data-start=\"145\" data-end=\"185\">Vis autotaraudeuse 6.3&#215;13 \u2013 2 pi\u00e8ces ;<\/p>\n<\/li>\n<li data-start=\"186\" data-end=\"217\">\n<p data-start=\"190\" data-end=\"217\">Boulon M6x20 \u2013 2 pi\u00e8ces ;<\/p>\n<\/li>\n<li data-start=\"218\" data-end=\"245\">\n<p data-start=\"222\" data-end=\"245\">\u00c9crou M6 \u2013 2 pi\u00e8ces ;<\/p>\n<\/li>\n<li data-start=\"246\" data-end=\"273\">\n<p data-start=\"250\" data-end=\"273\">Rondelle M6 \u2013 2 pi\u00e8ces.<\/p>\n<\/li>\n<\/ul>\n<p>[\/vc_column_text][\/vc_column_inner][\/vc_row_inner]<div class=\"ult-spacer spacer-69e1791e777c9\" data-id=\"69e1791e777c9\" data-height=\"20\" data-height-mobile=\"20\" data-height-tab=\"20\" data-height-tab-portrait=\"\" data-height-mobile-landscape=\"\" style=\"clear:both;display:block;\"><\/div>[\/vc_column][\/vc_row][vc_row][vc_column][vc_separator][\/vc_column][\/vc_row]<\/p>\n<\/div>","protected":false},"excerpt":{"rendered":"<p>[vc_row][vc_column][vc_column_text css=\u00a0\u00bb\u00a0\u00bb] Kit de montage GNOM MK DDE [\/vc_column_text][\/vc_column][\/vc_row][vc_row][vc_column width=\u00a0\u00bb1\/2&Prime;][vc_single_image image=\u00a0\u00bb3947&Prime; img_size=\u00a0\u00bb800&#215;600&Prime; alignment=\u00a0\u00bbcenter\u00a0\u00bb][vc_separator][vc_column_text] Application [\/vc_column_text][vc_single_image image=\u00a0\u00bb3095&Prime; img_size=\u00a0\u00bb160 x 25&Prime; alignment=\u00a0\u00bbcenter\u00a0\u00bb][\/vc_column][vc_column width=\u00a0\u00bb1\/2&Prime;][vc_column_text css=\u00a0\u00bb\u00a0\u00bb] Le kit de montage GNOM MK DDE2 est utilis\u00e9 pour l\u2019installation du capteur GNOM DDE dans la suspension pneumatique dans les cas suivants : Montage du GNOM DDE dans un orifice filet\u00e9 M22x1.5 [&hellip;]<\/p>\n","protected":false},"author":8,"featured_media":0,"parent":113091,"menu_order":0,"comment_status":"closed","ping_status":"closed","template":"","meta":{"footnotes":""},"class_list":["post-113910","page","type-page","status-publish","hentry"],"yoast_head":"<!-- This site is optimized with the Yoast SEO plugin v27.3 - https:\/\/yoast.com\/product\/yoast-seo-wordpress\/ -->\n<title>Kit de montage GNOM MK DDE | Technoton<\/title>\n<meta name=\"description\" content=\"Kit de montage GNOM MK DDE de Technoton : installation facile des capteurs de charge par essieu pour un suivi pr\u00e9cis de la charge et une gestion efficace de la flotte.\" \/>\n<meta name=\"robots\" content=\"index, follow, max-snippet:-1, max-image-preview:large, max-video-preview:-1\" \/>\n<link rel=\"canonical\" href=\"https:\/\/jv-technoton.com\/fr\/produits-technoton\/kit-de-montage-gnom-mk-dde\/\" \/>\n<meta property=\"og:locale\" content=\"fr_FR\" \/>\n<meta property=\"og:type\" content=\"article\" \/>\n<meta property=\"og:title\" content=\"Kit de montage GNOM MK DDE | Technoton\" \/>\n<meta property=\"og:description\" content=\"Kit de montage GNOM MK DDE de Technoton : installation facile des capteurs de charge par essieu pour un suivi pr\u00e9cis de la charge et une gestion efficace de la flotte.\" \/>\n<meta property=\"og:url\" content=\"https:\/\/jv-technoton.com\/fr\/produits-technoton\/kit-de-montage-gnom-mk-dde\/\" \/>\n<meta property=\"og:site_name\" content=\"Technoton\" \/>\n<meta property=\"article:modified_time\" content=\"2025-07-28T11:03:39+00:00\" \/>\n<meta name=\"twitter:card\" content=\"summary_large_image\" \/>\n<meta name=\"twitter:label1\" content=\"Dur\u00e9e de lecture estim\u00e9e\" \/>\n\t<meta name=\"twitter:data1\" content=\"2 minutes\" \/>\n<script type=\"application\/ld+json\" class=\"yoast-schema-graph\">{\"@context\":\"https:\\\/\\\/schema.org\",\"@graph\":[{\"@type\":\"WebPage\",\"@id\":\"https:\\\/\\\/jv-technoton.com\\\/fr\\\/produits-technoton\\\/kit-de-montage-gnom-mk-dde\\\/\",\"url\":\"https:\\\/\\\/jv-technoton.com\\\/fr\\\/produits-technoton\\\/kit-de-montage-gnom-mk-dde\\\/\",\"name\":\"Kit de montage GNOM MK DDE | Technoton\",\"isPartOf\":{\"@id\":\"https:\\\/\\\/jv-technoton.com\\\/#website\"},\"datePublished\":\"2024-12-24T06:05:33+00:00\",\"dateModified\":\"2025-07-28T11:03:39+00:00\",\"description\":\"Kit de montage GNOM MK DDE de Technoton : installation facile des capteurs de charge par essieu pour un suivi pr\u00e9cis de la charge et une gestion efficace de la flotte.\",\"breadcrumb\":{\"@id\":\"https:\\\/\\\/jv-technoton.com\\\/fr\\\/produits-technoton\\\/kit-de-montage-gnom-mk-dde\\\/#breadcrumb\"},\"inLanguage\":\"fr-FR\",\"potentialAction\":[{\"@type\":\"ReadAction\",\"target\":[\"https:\\\/\\\/jv-technoton.com\\\/fr\\\/produits-technoton\\\/kit-de-montage-gnom-mk-dde\\\/\"]}]},{\"@type\":\"BreadcrumbList\",\"@id\":\"https:\\\/\\\/jv-technoton.com\\\/fr\\\/produits-technoton\\\/kit-de-montage-gnom-mk-dde\\\/#breadcrumb\",\"itemListElement\":[{\"@type\":\"ListItem\",\"position\":1,\"name\":\"Home\",\"item\":\"https:\\\/\\\/jv-technoton.com\\\/fr\\\/\"},{\"@type\":\"ListItem\",\"position\":2,\"name\":\"Produits Technoton\",\"item\":\"https:\\\/\\\/jv-technoton.com\\\/fr\\\/produits-technoton\\\/\"},{\"@type\":\"ListItem\",\"position\":3,\"name\":\"Kit de montage GNOM MK DDE\"}]},{\"@type\":\"WebSite\",\"@id\":\"https:\\\/\\\/jv-technoton.com\\\/#website\",\"url\":\"https:\\\/\\\/jv-technoton.com\\\/\",\"name\":\"Advanced machinery telematics and fuel monitoring\",\"description\":\"T\u00e9l\u00e9matique et suivi du carburant pour machines complexes\",\"publisher\":{\"@id\":\"https:\\\/\\\/jv-technoton.com\\\/#organization\"},\"potentialAction\":[{\"@type\":\"SearchAction\",\"target\":{\"@type\":\"EntryPoint\",\"urlTemplate\":\"https:\\\/\\\/jv-technoton.com\\\/?s={search_term_string}\"},\"query-input\":{\"@type\":\"PropertyValueSpecification\",\"valueRequired\":true,\"valueName\":\"search_term_string\"}}],\"inLanguage\":\"fr-FR\"},{\"@type\":\"Organization\",\"@id\":\"https:\\\/\\\/jv-technoton.com\\\/#organization\",\"name\":\"Technoton\",\"url\":\"https:\\\/\\\/jv-technoton.com\\\/\",\"logo\":{\"@type\":\"ImageObject\",\"inLanguage\":\"fr-FR\",\"@id\":\"https:\\\/\\\/jv-technoton.com\\\/#\\\/schema\\\/logo\\\/image\\\/\",\"url\":\"https:\\\/\\\/jv-technoton.com\\\/wp-content\\\/uploads\\\/2022\\\/02\\\/technoton_logo_web.png\",\"contentUrl\":\"https:\\\/\\\/jv-technoton.com\\\/wp-content\\\/uploads\\\/2022\\\/02\\\/technoton_logo_web.png\",\"width\":800,\"height\":329,\"caption\":\"Technoton\"},\"image\":{\"@id\":\"https:\\\/\\\/jv-technoton.com\\\/#\\\/schema\\\/logo\\\/image\\\/\"},\"sameAs\":[\"https:\\\/\\\/www.linkedin.com\\\/company\\\/technoton\"]}]}<\/script>\n<!-- \/ Yoast SEO plugin. -->","yoast_head_json":{"title":"Kit de montage GNOM MK DDE | Technoton","description":"Kit de montage GNOM MK DDE de Technoton : installation facile des capteurs de charge par essieu pour un suivi pr\u00e9cis de la charge et une gestion efficace de la flotte.","robots":{"index":"index","follow":"follow","max-snippet":"max-snippet:-1","max-image-preview":"max-image-preview:large","max-video-preview":"max-video-preview:-1"},"canonical":"https:\/\/jv-technoton.com\/fr\/produits-technoton\/kit-de-montage-gnom-mk-dde\/","og_locale":"fr_FR","og_type":"article","og_title":"Kit de montage GNOM MK DDE | Technoton","og_description":"Kit de montage GNOM MK DDE de Technoton : installation facile des capteurs de charge par essieu pour un suivi pr\u00e9cis de la charge et une gestion efficace de la flotte.","og_url":"https:\/\/jv-technoton.com\/fr\/produits-technoton\/kit-de-montage-gnom-mk-dde\/","og_site_name":"Technoton","article_modified_time":"2025-07-28T11:03:39+00:00","twitter_card":"summary_large_image","twitter_misc":{"Dur\u00e9e de lecture estim\u00e9e":"2 minutes"},"schema":{"@context":"https:\/\/schema.org","@graph":[{"@type":"WebPage","@id":"https:\/\/jv-technoton.com\/fr\/produits-technoton\/kit-de-montage-gnom-mk-dde\/","url":"https:\/\/jv-technoton.com\/fr\/produits-technoton\/kit-de-montage-gnom-mk-dde\/","name":"Kit de montage GNOM MK DDE | Technoton","isPartOf":{"@id":"https:\/\/jv-technoton.com\/#website"},"datePublished":"2024-12-24T06:05:33+00:00","dateModified":"2025-07-28T11:03:39+00:00","description":"Kit de montage GNOM MK DDE de Technoton : installation facile des capteurs de charge par essieu pour un suivi pr\u00e9cis de la charge et une gestion efficace de la flotte.","breadcrumb":{"@id":"https:\/\/jv-technoton.com\/fr\/produits-technoton\/kit-de-montage-gnom-mk-dde\/#breadcrumb"},"inLanguage":"fr-FR","potentialAction":[{"@type":"ReadAction","target":["https:\/\/jv-technoton.com\/fr\/produits-technoton\/kit-de-montage-gnom-mk-dde\/"]}]},{"@type":"BreadcrumbList","@id":"https:\/\/jv-technoton.com\/fr\/produits-technoton\/kit-de-montage-gnom-mk-dde\/#breadcrumb","itemListElement":[{"@type":"ListItem","position":1,"name":"Home","item":"https:\/\/jv-technoton.com\/fr\/"},{"@type":"ListItem","position":2,"name":"Produits Technoton","item":"https:\/\/jv-technoton.com\/fr\/produits-technoton\/"},{"@type":"ListItem","position":3,"name":"Kit de montage GNOM MK DDE"}]},{"@type":"WebSite","@id":"https:\/\/jv-technoton.com\/#website","url":"https:\/\/jv-technoton.com\/","name":"Advanced machinery telematics and fuel monitoring","description":"T\u00e9l\u00e9matique et suivi du carburant pour machines complexes","publisher":{"@id":"https:\/\/jv-technoton.com\/#organization"},"potentialAction":[{"@type":"SearchAction","target":{"@type":"EntryPoint","urlTemplate":"https:\/\/jv-technoton.com\/?s={search_term_string}"},"query-input":{"@type":"PropertyValueSpecification","valueRequired":true,"valueName":"search_term_string"}}],"inLanguage":"fr-FR"},{"@type":"Organization","@id":"https:\/\/jv-technoton.com\/#organization","name":"Technoton","url":"https:\/\/jv-technoton.com\/","logo":{"@type":"ImageObject","inLanguage":"fr-FR","@id":"https:\/\/jv-technoton.com\/#\/schema\/logo\/image\/","url":"https:\/\/jv-technoton.com\/wp-content\/uploads\/2022\/02\/technoton_logo_web.png","contentUrl":"https:\/\/jv-technoton.com\/wp-content\/uploads\/2022\/02\/technoton_logo_web.png","width":800,"height":329,"caption":"Technoton"},"image":{"@id":"https:\/\/jv-technoton.com\/#\/schema\/logo\/image\/"},"sameAs":["https:\/\/www.linkedin.com\/company\/technoton"]}]}},"rttpg_featured_image_url":null,"rttpg_author":{"display_name":"Tretyakov Sergey","author_link":"https:\/\/jv-technoton.com\/fr\/author\/sergei_tretyakov\/"},"rttpg_comment":0,"rttpg_category":false,"rttpg_excerpt":"[vc_row][vc_column][vc_column_text css=\u00a0\u00bb\u00a0\u00bb] Kit de montage GNOM MK DDE [\/vc_column_text][\/vc_column][\/vc_row][vc_row][vc_column width=\u00a0\u00bb1\/2&Prime;][vc_single_image image=\u00a0\u00bb3947&Prime; img_size=\u00a0\u00bb800&#215;600&Prime; alignment=\u00a0\u00bbcenter\u00a0\u00bb][vc_separator][vc_column_text] Application [\/vc_column_text][vc_single_image image=\u00a0\u00bb3095&Prime; img_size=\u00a0\u00bb160 x 25&Prime; alignment=\u00a0\u00bbcenter\u00a0\u00bb][\/vc_column][vc_column width=\u00a0\u00bb1\/2&Prime;][vc_column_text css=\u00a0\u00bb\u00a0\u00bb] Le kit de montage GNOM MK DDE2 est utilis\u00e9 pour l\u2019installation du capteur GNOM DDE dans la suspension pneumatique dans les cas suivants : Montage du GNOM DDE dans un orifice filet\u00e9 M22x1.5\u2026","_links":{"self":[{"href":"https:\/\/jv-technoton.com\/fr\/wp-json\/wp\/v2\/pages\/113910","targetHints":{"allow":["GET"]}}],"collection":[{"href":"https:\/\/jv-technoton.com\/fr\/wp-json\/wp\/v2\/pages"}],"about":[{"href":"https:\/\/jv-technoton.com\/fr\/wp-json\/wp\/v2\/types\/page"}],"author":[{"embeddable":true,"href":"https:\/\/jv-technoton.com\/fr\/wp-json\/wp\/v2\/users\/8"}],"replies":[{"embeddable":true,"href":"https:\/\/jv-technoton.com\/fr\/wp-json\/wp\/v2\/comments?post=113910"}],"version-history":[{"count":2,"href":"https:\/\/jv-technoton.com\/fr\/wp-json\/wp\/v2\/pages\/113910\/revisions"}],"predecessor-version":[{"id":123731,"href":"https:\/\/jv-technoton.com\/fr\/wp-json\/wp\/v2\/pages\/113910\/revisions\/123731"}],"up":[{"embeddable":true,"href":"https:\/\/jv-technoton.com\/fr\/wp-json\/wp\/v2\/pages\/113091"}],"wp:attachment":[{"href":"https:\/\/jv-technoton.com\/fr\/wp-json\/wp\/v2\/media?parent=113910"}],"curies":[{"name":"wp","href":"https:\/\/api.w.org\/{rel}","templated":true}]}}