{"id":113988,"date":"2024-12-26T08:51:37","date_gmt":"2024-12-26T05:51:37","guid":{"rendered":"https:\/\/jv-technoton.com\/?page_id=113988"},"modified":"2025-03-24T08:38:38","modified_gmt":"2025-03-24T05:38:38","slug":"kit-de-montage-mk-dut-e","status":"publish","type":"page","link":"https:\/\/jv-technoton.com\/fr\/produits-technoton\/kit-de-montage-mk-dut-e\/","title":{"rendered":"Kit de montage MK DUT-E"},"content":{"rendered":"<div class=\"wpb-content-wrapper\"><p>[vc_row][vc_column]<div class=\"ult-spacer spacer-69e996f1a0b31\" data-id=\"69e996f1a0b31\" data-height=\"22\" data-height-mobile=\"22\" data-height-tab=\"22\" data-height-tab-portrait=\"\" data-height-mobile-landscape=\"\" style=\"clear:both;display:block;\"><\/div>[vc_column_text css=\u00a0\u00bb\u00a0\u00bb]<\/p>\n<h1>Kit de montage MK DUT-E<\/h1>\n<p>[\/vc_column_text][\/vc_column][\/vc_row][vc_row][vc_column width=\u00a0\u00bb1\/2&Prime;][vc_column_text]<img loading=\"lazy\" decoding=\"async\" class=\"alignnone wp-image-21948 size-full\" title=\"Mounting kit MK DUT-E set\" src=\"https:\/\/jv-technoton.com\/wp-content\/uploads\/2019\/01\/montazhni-komplect-dut-e.png\" alt=\"\" width=\"509\" height=\"179\" srcset=\"https:\/\/jv-technoton.com\/wp-content\/uploads\/2019\/01\/montazhni-komplect-dut-e.png 509w, https:\/\/jv-technoton.com\/wp-content\/uploads\/2019\/01\/montazhni-komplect-dut-e-300x106.png 300w\" sizes=\"auto, (max-width: 509px) 100vw, 509px\" \/>[\/vc_column_text][vc_separator][vc_column_text]<\/p>\n<h2>Application<\/h2>\n<p>[\/vc_column_text][vc_row_inner][vc_column_inner width=\u00a0\u00bb1\/3&Prime;][vc_single_image image=\u00a0\u00bb4397&Prime; img_size=\u00a0\u00bb128 x 25&Prime;][\/vc_column_inner][vc_column_inner width=\u00a0\u00bb1\/3&Prime;][vc_single_image image=\u00a0\u00bb114718&Prime; css=\u00a0\u00bb\u00a0\u00bb][\/vc_column_inner][vc_column_inner width=\u00a0\u00bb1\/3&Prime;][vc_single_image image=\u00a0\u00bb619&Prime; img_size=\u00a0\u00bb129 x 25&Prime;][\/vc_column_inner][\/vc_row_inner][\/vc_column][vc_column width=\u00a0\u00bb1\/2&Prime;][vc_column_text css=\u00a0\u00bb\u00a0\u00bb]<\/p>\n<div class=\"flex-shrink-0 flex flex-col relative items-end\">\n<div>\n<div class=\"pt-0\">\n<div class=\"gizmo-bot-avatar flex h-8 w-8 items-center justify-center overflow-hidden rounded-full\">\n<div class=\"relative p-1 rounded-sm flex items-center justify-center bg-token-main-surface-primary text-token-text-primary h-8 w-8\"><\/div>\n<\/div>\n<\/div>\n<\/div>\n<\/div>\n<div class=\"group\/conversation-turn relative flex w-full min-w-0 flex-col agent-turn\">\n<div class=\"flex-col gap-1 md:gap-3\">\n<div class=\"flex max-w-full flex-col flex-grow\">\n<div class=\"min-h-8 text-message flex w-full flex-col items-end gap-2 whitespace-normal break-words text-start [.text-message+&amp;]:mt-5\" dir=\"auto\" data-message-author-role=\"assistant\" data-message-id=\"59c80001-d672-4c71-844b-d94a339d970e\" data-message-model-slug=\"gpt-4o\">\n<div class=\"flex w-full flex-col gap-1 empty:hidden first:pt-[3px]\">\n<div class=\"markdown prose w-full break-words dark:prose-invert light\">\n<p>Le kit de montage MK DUT-E est con\u00e7u pour l&rsquo;installation de capteurs dans un r\u00e9servoir de carburant. Les pi\u00e8ces incluses dans le MK DUT-E permettent de monter le capteur rapidement et avec pr\u00e9cision. Le joint en caoutchouc sous la plaque de montage \u00e9lastique sous la plaque de montage garantit une \u00e9tanch\u00e9it\u00e9 \u00e0 toute temp\u00e9rature.<\/p>\n<p>Selon l&rsquo;\u00e9paisseur et le mat\u00e9riau du r\u00e9servoir, vous pouvez utiliser soit des vis classiques, soit des vis sp\u00e9ciales. Pour une installation sur des r\u00e9servoirs m\u00e9talliques \u00e0 parois minces, des rivets filet\u00e9s sont inclus.<\/p>\n<p>La but\u00e9e inf\u00e9rieure offre une rigidit\u00e9 suppl\u00e9mentaire pour le montage du DUT-E dans le r\u00e9servoir. Le syst\u00e8me d&rsquo;\u00e9tanch\u00e9it\u00e9 emp\u00eache toute intervention non autoris\u00e9e sur le capteur.<\/p>\n<\/div>\n<\/div>\n<\/div>\n<\/div>\n<\/div>\n<\/div>\n<p>[\/vc_column_text][\/vc_column][\/vc_row][vc_row][vc_column][vc_separator][\/vc_column][\/vc_row][vc_row][vc_column width=\u00a0\u00bb1\/2&Prime;][vc_column_text css=\u00a0\u00bb\u00a0\u00bb]<\/p>\n<div class=\"flex-shrink-0 flex flex-col relative items-end\">\n<div>\n<div class=\"pt-0\">\n<div class=\"gizmo-bot-avatar flex h-8 w-8 items-center justify-center overflow-hidden rounded-full\">\n<div class=\"relative p-1 rounded-sm flex items-center justify-center bg-token-main-surface-primary text-token-text-primary h-8 w-8\"><\/div>\n<\/div>\n<\/div>\n<\/div>\n<\/div>\n<div class=\"group\/conversation-turn relative flex w-full min-w-0 flex-col agent-turn\">\n<div class=\"flex-col gap-1 md:gap-3\">\n<div class=\"flex max-w-full flex-col flex-grow\">\n<div class=\"min-h-8 text-message flex w-full flex-col items-end gap-2 whitespace-normal break-words text-start [.text-message+&amp;]:mt-5\" dir=\"auto\" data-message-author-role=\"assistant\" data-message-id=\"bef24d88-1bcf-49d2-b8a3-e5dbba5a9ad7\" data-message-model-slug=\"gpt-4o\">\n<div class=\"flex w-full flex-col gap-1 empty:hidden first:pt-[3px]\">\n<div class=\"markdown prose w-full break-words dark:prose-invert light\">\n<p>Kit de montage MK DUT-E :<\/p>\n<ul>\n<li>but\u00e9e inf\u00e9rieure \u2013 1 pi\u00e8ce ;<\/li>\n<li>plaque de montage en plastique \u2013 1 pi\u00e8ce ;<\/li>\n<li>gabarit de placement des trous \u2013 1 pi\u00e8ce ;<\/li>\n<li>joint en caoutchouc \u2013 2 pi\u00e8ces* ;<\/li>\n<li>bague d&rsquo;\u00e9tanch\u00e9it\u00e9 en caoutchouc de la plaque de montage en plastique \u2013 2 pi\u00e8ces* ;<\/li>\n<li>boulon \u2013 5 pi\u00e8ces ;<\/li>\n<li>rivet filet\u00e9 \u2013 5 pi\u00e8ces ;<\/li>\n<li>vis autoforeuse \u2013 5 pi\u00e8ces ;<\/li>\n<li>scell\u00e9 en plastique \u2013 2 pi\u00e8ces** ;<\/li>\n<li>corde de scellement \u2013 2 pi\u00e8ces ;<\/li>\n<li>fusible avec support (2 A) \u2013 2 pi\u00e8ces.<\/li>\n<\/ul>\n<p>* 1 pi\u00e8ce est utilis\u00e9e pour l&rsquo;installation du DUT-E et 1 pi\u00e8ce est une pi\u00e8ce de rechange. Peut \u00eatre compl\u00e9t\u00e9 avec un joint de 4 mm d&rsquo;\u00e9paisseur.<br \/>\n** L&rsquo;apparence du scell\u00e9 peut varier.<\/p>\n<\/div>\n<\/div>\n<\/div>\n<\/div>\n<\/div>\n<\/div>\n<p>[\/vc_column_text][\/vc_column][vc_column width=\u00a0\u00bb1\/2&Prime;][vc_column_text css=\u00a0\u00bb\u00a0\u00bb]Fixation ergonomique de type ba\u00efonnette pour gagner du temps lors de l&rsquo;installation.[\/vc_column_text][vc_single_image image=\u00a0\u00bb3517&Prime; img_size=\u00a0\u00bb200&#215;298&Prime; alignment=\u00a0\u00bbcenter\u00a0\u00bb][\/vc_column][\/vc_row]<\/p>\n<\/div>","protected":false},"excerpt":{"rendered":"<p>[vc_row][vc_column][vc_column_text css=\u00a0\u00bb\u00a0\u00bb] Kit de montage MK DUT-E [\/vc_column_text][\/vc_column][\/vc_row][vc_row][vc_column width=\u00a0\u00bb1\/2&Prime;][vc_column_text][\/vc_column_text][vc_separator][vc_column_text] Application [\/vc_column_text][vc_row_inner][vc_column_inner width=\u00a0\u00bb1\/3&Prime;][vc_single_image image=\u00a0\u00bb4397&Prime; img_size=\u00a0\u00bb128 x 25&Prime;][\/vc_column_inner][vc_column_inner width=\u00a0\u00bb1\/3&Prime;][vc_single_image image=\u00a0\u00bb114718&Prime; css=\u00a0\u00bb\u00a0\u00bb][\/vc_column_inner][vc_column_inner width=\u00a0\u00bb1\/3&Prime;][vc_single_image image=\u00a0\u00bb619&Prime; img_size=\u00a0\u00bb129 x 25&Prime;][\/vc_column_inner][\/vc_row_inner][\/vc_column][vc_column width=\u00a0\u00bb1\/2&Prime;][vc_column_text css=\u00a0\u00bb\u00a0\u00bb] Le kit de montage MK DUT-E est con\u00e7u pour l&rsquo;installation de capteurs dans un r\u00e9servoir de carburant. Les pi\u00e8ces incluses dans le MK DUT-E permettent de monter le capteur&#8230;<\/p>\n","protected":false},"author":8,"featured_media":0,"parent":113091,"menu_order":0,"comment_status":"closed","ping_status":"closed","template":"","meta":{"_kad_post_transparent":"","_kad_post_title":"","_kad_post_layout":"","_kad_post_sidebar_id":"","_kad_post_content_style":"","_kad_post_vertical_padding":"","_kad_post_feature":"","_kad_post_feature_position":"","_kad_post_header":false,"_kad_post_footer":false,"_kad_post_classname":"","footnotes":""},"class_list":["post-113988","page","type-page","status-publish","hentry"],"yoast_head":"<!-- This site is optimized with the Yoast SEO Premium plugin v18.1 (Yoast SEO v27.4) - https:\/\/yoast.com\/product\/yoast-seo-premium-wordpress\/ -->\n<title>Kit de montage MK DUT-E | Technoton<\/title>\n<meta name=\"robots\" content=\"index, follow, max-snippet:-1, max-image-preview:large, max-video-preview:-1\" \/>\n<link rel=\"canonical\" href=\"https:\/\/jv-technoton.com\/fr\/produits-technoton\/kit-de-montage-mk-dut-e\/\" \/>\n<meta property=\"og:locale\" content=\"fr_FR\" \/>\n<meta property=\"og:type\" content=\"article\" \/>\n<meta property=\"og:title\" content=\"Kit de montage MK DUT-E\" \/>\n<meta property=\"og:description\" content=\"[vc_row][vc_column][vc_column_text css=\u00a0\u00bb\u00a0\u00bb] Kit de montage MK DUT-E [\/vc_column_text][\/vc_column][\/vc_row][vc_row][vc_column width=\u00a0\u00bb1\/2&Prime;][vc_column_text][\/vc_column_text][vc_separator][vc_column_text] Application [\/vc_column_text][vc_row_inner][vc_column_inner width=\u00a0\u00bb1\/3&Prime;][vc_single_image image=\u00a0\u00bb4397&Prime; img_size=\u00a0\u00bb128 x 25&Prime;][\/vc_column_inner][vc_column_inner width=\u00a0\u00bb1\/3&Prime;][vc_single_image image=\u00a0\u00bb114718&Prime; css=\u00a0\u00bb\u00a0\u00bb][\/vc_column_inner][vc_column_inner width=\u00a0\u00bb1\/3&Prime;][vc_single_image image=\u00a0\u00bb619&Prime; img_size=\u00a0\u00bb129 x 25&Prime;][\/vc_column_inner][\/vc_row_inner][\/vc_column][vc_column width=\u00a0\u00bb1\/2&Prime;][vc_column_text css=\u00a0\u00bb\u00a0\u00bb] Le kit de montage MK DUT-E est con\u00e7u pour l&rsquo;installation de capteurs dans un r\u00e9servoir de carburant. Les pi\u00e8ces incluses dans le MK DUT-E permettent de monter le capteur...\" \/>\n<meta property=\"og:url\" content=\"https:\/\/jv-technoton.com\/fr\/produits-technoton\/kit-de-montage-mk-dut-e\/\" \/>\n<meta property=\"og:site_name\" content=\"Technoton\" \/>\n<meta property=\"article:modified_time\" content=\"2025-03-24T05:38:38+00:00\" \/>\n<meta property=\"og:image\" content=\"https:\/\/jv-technoton.com\/wp-content\/uploads\/2019\/01\/montazhni-komplect-dut-e.png\" \/>\n\t<meta property=\"og:image:width\" content=\"509\" \/>\n\t<meta property=\"og:image:height\" content=\"179\" \/>\n\t<meta property=\"og:image:type\" content=\"image\/png\" \/>\n<meta name=\"twitter:card\" content=\"summary_large_image\" \/>\n<meta name=\"twitter:label1\" content=\"Dur\u00e9e de lecture estim\u00e9e\" \/>\n\t<meta name=\"twitter:data1\" content=\"3 minutes\" \/>\n<script type=\"application\/ld+json\" class=\"yoast-schema-graph\">{\"@context\":\"https:\\\/\\\/schema.org\",\"@graph\":[{\"@type\":\"WebPage\",\"@id\":\"https:\\\/\\\/jv-technoton.com\\\/fr\\\/produits-technoton\\\/kit-de-montage-mk-dut-e\\\/\",\"url\":\"https:\\\/\\\/jv-technoton.com\\\/fr\\\/produits-technoton\\\/kit-de-montage-mk-dut-e\\\/\",\"name\":\"Kit de montage MK DUT-E | Technoton\",\"isPartOf\":{\"@id\":\"https:\\\/\\\/jv-technoton.com\\\/#website\"},\"primaryImageOfPage\":{\"@id\":\"https:\\\/\\\/jv-technoton.com\\\/fr\\\/produits-technoton\\\/kit-de-montage-mk-dut-e\\\/#primaryimage\"},\"image\":{\"@id\":\"https:\\\/\\\/jv-technoton.com\\\/fr\\\/produits-technoton\\\/kit-de-montage-mk-dut-e\\\/#primaryimage\"},\"thumbnailUrl\":\"https:\\\/\\\/jv-technoton.com\\\/wp-content\\\/uploads\\\/2019\\\/01\\\/montazhni-komplect-dut-e.png\",\"datePublished\":\"2024-12-26T05:51:37+00:00\",\"dateModified\":\"2025-03-24T05:38:38+00:00\",\"breadcrumb\":{\"@id\":\"https:\\\/\\\/jv-technoton.com\\\/fr\\\/produits-technoton\\\/kit-de-montage-mk-dut-e\\\/#breadcrumb\"},\"inLanguage\":\"fr-FR\",\"potentialAction\":[{\"@type\":\"ReadAction\",\"target\":[\"https:\\\/\\\/jv-technoton.com\\\/fr\\\/produits-technoton\\\/kit-de-montage-mk-dut-e\\\/\"]}]},{\"@type\":\"ImageObject\",\"inLanguage\":\"fr-FR\",\"@id\":\"https:\\\/\\\/jv-technoton.com\\\/fr\\\/produits-technoton\\\/kit-de-montage-mk-dut-e\\\/#primaryimage\",\"url\":\"https:\\\/\\\/jv-technoton.com\\\/wp-content\\\/uploads\\\/2019\\\/01\\\/montazhni-komplect-dut-e.png\",\"contentUrl\":\"https:\\\/\\\/jv-technoton.com\\\/wp-content\\\/uploads\\\/2019\\\/01\\\/montazhni-komplect-dut-e.png\"},{\"@type\":\"BreadcrumbList\",\"@id\":\"https:\\\/\\\/jv-technoton.com\\\/fr\\\/produits-technoton\\\/kit-de-montage-mk-dut-e\\\/#breadcrumb\",\"itemListElement\":[{\"@type\":\"ListItem\",\"position\":1,\"name\":\"Home\",\"item\":\"https:\\\/\\\/jv-technoton.com\\\/fr\\\/\"},{\"@type\":\"ListItem\",\"position\":2,\"name\":\"Produits Technoton\",\"item\":\"https:\\\/\\\/jv-technoton.com\\\/fr\\\/produits-technoton\\\/\"},{\"@type\":\"ListItem\",\"position\":3,\"name\":\"Kit de montage MK DUT-E\"}]},{\"@type\":\"WebSite\",\"@id\":\"https:\\\/\\\/jv-technoton.com\\\/#website\",\"url\":\"https:\\\/\\\/jv-technoton.com\\\/\",\"name\":\"Advanced machinery telematics and fuel monitoring\",\"description\":\"T\u00e9l\u00e9matique et suivi du carburant pour machines complexes\",\"publisher\":{\"@id\":\"https:\\\/\\\/jv-technoton.com\\\/#organization\"},\"potentialAction\":[{\"@type\":\"SearchAction\",\"target\":{\"@type\":\"EntryPoint\",\"urlTemplate\":\"https:\\\/\\\/jv-technoton.com\\\/?s={search_term_string}\"},\"query-input\":{\"@type\":\"PropertyValueSpecification\",\"valueRequired\":true,\"valueName\":\"search_term_string\"}}],\"inLanguage\":\"fr-FR\"},{\"@type\":\"Organization\",\"@id\":\"https:\\\/\\\/jv-technoton.com\\\/#organization\",\"name\":\"Technoton\",\"url\":\"https:\\\/\\\/jv-technoton.com\\\/\",\"logo\":{\"@type\":\"ImageObject\",\"inLanguage\":\"fr-FR\",\"@id\":\"https:\\\/\\\/jv-technoton.com\\\/#\\\/schema\\\/logo\\\/image\\\/\",\"url\":\"https:\\\/\\\/jv-technoton.com\\\/wp-content\\\/uploads\\\/2022\\\/02\\\/technoton_logo_web.png\",\"contentUrl\":\"https:\\\/\\\/jv-technoton.com\\\/wp-content\\\/uploads\\\/2022\\\/02\\\/technoton_logo_web.png\",\"width\":800,\"height\":329,\"caption\":\"Technoton\"},\"image\":{\"@id\":\"https:\\\/\\\/jv-technoton.com\\\/#\\\/schema\\\/logo\\\/image\\\/\"},\"sameAs\":[\"https:\\\/\\\/www.linkedin.com\\\/company\\\/technoton\"]}]}<\/script>\n<!-- \/ Yoast SEO Premium plugin. -->","yoast_head_json":{"title":"Kit de montage MK DUT-E | Technoton","robots":{"index":"index","follow":"follow","max-snippet":"max-snippet:-1","max-image-preview":"max-image-preview:large","max-video-preview":"max-video-preview:-1"},"canonical":"https:\/\/jv-technoton.com\/fr\/produits-technoton\/kit-de-montage-mk-dut-e\/","og_locale":"fr_FR","og_type":"article","og_title":"Kit de montage MK DUT-E","og_description":"[vc_row][vc_column][vc_column_text css=\u00a0\u00bb\u00a0\u00bb] Kit de montage MK DUT-E [\/vc_column_text][\/vc_column][\/vc_row][vc_row][vc_column width=\u00a0\u00bb1\/2&Prime;][vc_column_text][\/vc_column_text][vc_separator][vc_column_text] Application [\/vc_column_text][vc_row_inner][vc_column_inner width=\u00a0\u00bb1\/3&Prime;][vc_single_image image=\u00a0\u00bb4397&Prime; img_size=\u00a0\u00bb128 x 25&Prime;][\/vc_column_inner][vc_column_inner width=\u00a0\u00bb1\/3&Prime;][vc_single_image image=\u00a0\u00bb114718&Prime; css=\u00a0\u00bb\u00a0\u00bb][\/vc_column_inner][vc_column_inner width=\u00a0\u00bb1\/3&Prime;][vc_single_image image=\u00a0\u00bb619&Prime; img_size=\u00a0\u00bb129 x 25&Prime;][\/vc_column_inner][\/vc_row_inner][\/vc_column][vc_column width=\u00a0\u00bb1\/2&Prime;][vc_column_text css=\u00a0\u00bb\u00a0\u00bb] Le kit de montage MK DUT-E est con\u00e7u pour l&rsquo;installation de capteurs dans un r\u00e9servoir de carburant. Les pi\u00e8ces incluses dans le MK DUT-E permettent de monter le capteur...","og_url":"https:\/\/jv-technoton.com\/fr\/produits-technoton\/kit-de-montage-mk-dut-e\/","og_site_name":"Technoton","article_modified_time":"2025-03-24T05:38:38+00:00","og_image":[{"width":509,"height":179,"url":"https:\/\/jv-technoton.com\/wp-content\/uploads\/2019\/01\/montazhni-komplect-dut-e.png","type":"image\/png"}],"twitter_card":"summary_large_image","twitter_misc":{"Dur\u00e9e de lecture estim\u00e9e":"3 minutes"},"schema":{"@context":"https:\/\/schema.org","@graph":[{"@type":"WebPage","@id":"https:\/\/jv-technoton.com\/fr\/produits-technoton\/kit-de-montage-mk-dut-e\/","url":"https:\/\/jv-technoton.com\/fr\/produits-technoton\/kit-de-montage-mk-dut-e\/","name":"Kit de montage MK DUT-E | Technoton","isPartOf":{"@id":"https:\/\/jv-technoton.com\/#website"},"primaryImageOfPage":{"@id":"https:\/\/jv-technoton.com\/fr\/produits-technoton\/kit-de-montage-mk-dut-e\/#primaryimage"},"image":{"@id":"https:\/\/jv-technoton.com\/fr\/produits-technoton\/kit-de-montage-mk-dut-e\/#primaryimage"},"thumbnailUrl":"https:\/\/jv-technoton.com\/wp-content\/uploads\/2019\/01\/montazhni-komplect-dut-e.png","datePublished":"2024-12-26T05:51:37+00:00","dateModified":"2025-03-24T05:38:38+00:00","breadcrumb":{"@id":"https:\/\/jv-technoton.com\/fr\/produits-technoton\/kit-de-montage-mk-dut-e\/#breadcrumb"},"inLanguage":"fr-FR","potentialAction":[{"@type":"ReadAction","target":["https:\/\/jv-technoton.com\/fr\/produits-technoton\/kit-de-montage-mk-dut-e\/"]}]},{"@type":"ImageObject","inLanguage":"fr-FR","@id":"https:\/\/jv-technoton.com\/fr\/produits-technoton\/kit-de-montage-mk-dut-e\/#primaryimage","url":"https:\/\/jv-technoton.com\/wp-content\/uploads\/2019\/01\/montazhni-komplect-dut-e.png","contentUrl":"https:\/\/jv-technoton.com\/wp-content\/uploads\/2019\/01\/montazhni-komplect-dut-e.png"},{"@type":"BreadcrumbList","@id":"https:\/\/jv-technoton.com\/fr\/produits-technoton\/kit-de-montage-mk-dut-e\/#breadcrumb","itemListElement":[{"@type":"ListItem","position":1,"name":"Home","item":"https:\/\/jv-technoton.com\/fr\/"},{"@type":"ListItem","position":2,"name":"Produits Technoton","item":"https:\/\/jv-technoton.com\/fr\/produits-technoton\/"},{"@type":"ListItem","position":3,"name":"Kit de montage MK DUT-E"}]},{"@type":"WebSite","@id":"https:\/\/jv-technoton.com\/#website","url":"https:\/\/jv-technoton.com\/","name":"Advanced machinery telematics and fuel monitoring","description":"T\u00e9l\u00e9matique et suivi du carburant pour machines complexes","publisher":{"@id":"https:\/\/jv-technoton.com\/#organization"},"potentialAction":[{"@type":"SearchAction","target":{"@type":"EntryPoint","urlTemplate":"https:\/\/jv-technoton.com\/?s={search_term_string}"},"query-input":{"@type":"PropertyValueSpecification","valueRequired":true,"valueName":"search_term_string"}}],"inLanguage":"fr-FR"},{"@type":"Organization","@id":"https:\/\/jv-technoton.com\/#organization","name":"Technoton","url":"https:\/\/jv-technoton.com\/","logo":{"@type":"ImageObject","inLanguage":"fr-FR","@id":"https:\/\/jv-technoton.com\/#\/schema\/logo\/image\/","url":"https:\/\/jv-technoton.com\/wp-content\/uploads\/2022\/02\/technoton_logo_web.png","contentUrl":"https:\/\/jv-technoton.com\/wp-content\/uploads\/2022\/02\/technoton_logo_web.png","width":800,"height":329,"caption":"Technoton"},"image":{"@id":"https:\/\/jv-technoton.com\/#\/schema\/logo\/image\/"},"sameAs":["https:\/\/www.linkedin.com\/company\/technoton"]}]}},"rttpg_featured_image_url":null,"rttpg_author":{"display_name":"Tretyakov Sergey","author_link":"https:\/\/jv-technoton.com\/fr\/author\/sergei_tretyakov\/"},"rttpg_comment":0,"rttpg_category":false,"rttpg_excerpt":"[vc_row][vc_column][vc_column_text css=\u00a0\u00bb\u00a0\u00bb] Kit de montage MK DUT-E [\/vc_column_text][\/vc_column][\/vc_row][vc_row][vc_column width=\u00a0\u00bb1\/2&Prime;][vc_column_text][\/vc_column_text][vc_separator][vc_column_text] Application [\/vc_column_text][vc_row_inner][vc_column_inner width=\u00a0\u00bb1\/3&Prime;][vc_single_image image=\u00a0\u00bb4397&Prime; img_size=\u00a0\u00bb128 x 25&Prime;][\/vc_column_inner][vc_column_inner width=\u00a0\u00bb1\/3&Prime;][vc_single_image image=\u00a0\u00bb114718&Prime; css=\u00a0\u00bb\u00a0\u00bb][\/vc_column_inner][vc_column_inner width=\u00a0\u00bb1\/3&Prime;][vc_single_image image=\u00a0\u00bb619&Prime; img_size=\u00a0\u00bb129 x 25&Prime;][\/vc_column_inner][\/vc_row_inner][\/vc_column][vc_column width=\u00a0\u00bb1\/2&Prime;][vc_column_text css=\u00a0\u00bb\u00a0\u00bb] Le kit de montage MK DUT-E est con\u00e7u pour l&rsquo;installation de capteurs dans un r\u00e9servoir de carburant. Les pi\u00e8ces incluses dans le MK DUT-E permettent de monter le capteur...","_links":{"self":[{"href":"https:\/\/jv-technoton.com\/fr\/wp-json\/wp\/v2\/pages\/113988","targetHints":{"allow":["GET"]}}],"collection":[{"href":"https:\/\/jv-technoton.com\/fr\/wp-json\/wp\/v2\/pages"}],"about":[{"href":"https:\/\/jv-technoton.com\/fr\/wp-json\/wp\/v2\/types\/page"}],"author":[{"embeddable":true,"href":"https:\/\/jv-technoton.com\/fr\/wp-json\/wp\/v2\/users\/8"}],"replies":[{"embeddable":true,"href":"https:\/\/jv-technoton.com\/fr\/wp-json\/wp\/v2\/comments?post=113988"}],"version-history":[{"count":1,"href":"https:\/\/jv-technoton.com\/fr\/wp-json\/wp\/v2\/pages\/113988\/revisions"}],"predecessor-version":[{"id":117204,"href":"https:\/\/jv-technoton.com\/fr\/wp-json\/wp\/v2\/pages\/113988\/revisions\/117204"}],"up":[{"embeddable":true,"href":"https:\/\/jv-technoton.com\/fr\/wp-json\/wp\/v2\/pages\/113091"}],"wp:attachment":[{"href":"https:\/\/jv-technoton.com\/fr\/wp-json\/wp\/v2\/media?parent=113988"}],"curies":[{"name":"wp","href":"https:\/\/api.w.org\/{rel}","templated":true}]}}