{"id":114673,"date":"2025-01-14T14:08:21","date_gmt":"2025-01-14T11:08:21","guid":{"rendered":"https:\/\/jv-technoton.com\/?page_id=114673"},"modified":"2025-01-14T14:12:44","modified_gmt":"2025-01-14T11:12:44","slug":"demande-de-renseignements-sur-lunite-dautomatisation-de-lalimentation-en-carburant-dut-e-sau","status":"publish","type":"page","link":"https:\/\/jv-technoton.com\/fr\/produits-technoton\/unite-dautomatisation-de-lalimentation-en-carburant\/demande-de-renseignements-sur-lunite-dautomatisation-de-lalimentation-en-carburant-dut-e-sau\/","title":{"rendered":"Demande de renseignements sur l&rsquo;unit\u00e9 d&rsquo;automatisation de l&rsquo;alimentation en carburant DUT-E SAU"},"content":{"rendered":"<div class=\"wpb-content-wrapper\"><p>[vc_row][vc_column]<div class=\"ult-spacer spacer-69d7ad7998c8c\" data-id=\"69d7ad7998c8c\" data-height=\"40\" data-height-mobile=\"\" data-height-tab=\"20\" data-height-tab-portrait=\"\" data-height-mobile-landscape=\"\" style=\"clear:both;display:block;\"><\/div>[vc_column_text]<\/p>\n<h1>Demande de renseignements sur l&rsquo;unit\u00e9 d&rsquo;automatisation de l&rsquo;alimentation en carburant DUT-E SAU<\/h1>\n<p>[\/vc_column_text][\/vc_column][\/vc_row][vc_row][vc_column][vc_column_text css=\u00a0\u00bb\u00a0\u00bb]<\/p>\n<p style=\"text-align: center;\">Contactez-nous et les sp\u00e9cialistes de Technoton vous enverront une offre de prix pour l&rsquo;unit\u00e9 d&rsquo;automatisation de l&rsquo;alimentation en carburant DUT-E SAU.<\/p>\n<p style=\"text-align: center;\">\n<div class=\"wpcf7 no-js\" id=\"wpcf7-f114675-o1\" lang=\"en-US\" dir=\"ltr\" data-wpcf7-id=\"114675\">\n<div class=\"screen-reader-response\"><p role=\"status\" aria-live=\"polite\" aria-atomic=\"true\"><\/p> <ul><\/ul><\/div>\n<form action=\"\/fr\/wp-json\/wp\/v2\/pages\/114673#wpcf7-f114675-o1\" method=\"post\" class=\"wpcf7-form init\" aria-label=\"Contact form\" novalidate=\"novalidate\" data-status=\"init\">\n<fieldset class=\"hidden-fields-container\"><input type=\"hidden\" name=\"_wpcf7\" value=\"114675\" \/><input type=\"hidden\" name=\"_wpcf7_version\" value=\"6.1.5\" \/><input type=\"hidden\" name=\"_wpcf7_locale\" value=\"en_US\" \/><input type=\"hidden\" name=\"_wpcf7_unit_tag\" value=\"wpcf7-f114675-o1\" \/><input type=\"hidden\" name=\"_wpcf7_container_post\" value=\"0\" \/><input type=\"hidden\" name=\"_wpcf7_posted_data_hash\" value=\"\" \/>\n<\/fieldset>\n<p><label>Nom <span style=\"color: red;\">*<\/span><br \/>\n<span class=\"wpcf7-form-control-wrap\" data-name=\"your-name\"><input size=\"40\" maxlength=\"400\" class=\"wpcf7-form-control wpcf7-text wpcf7-validates-as-required\" aria-required=\"true\" aria-invalid=\"false\" value=\"\" type=\"text\" name=\"your-name\" \/><\/span><\/label><br \/>\n<label>Nom de l'entreprise <span style=\"color: red;\">*<\/span><br \/>\n<span class=\"wpcf7-form-control-wrap\" data-name=\"text-912\"><input size=\"40\" maxlength=\"400\" class=\"wpcf7-form-control wpcf7-text wpcf7-validates-as-required\" aria-required=\"true\" aria-invalid=\"false\" value=\"\" type=\"text\" name=\"text-912\" \/><\/span><\/label><br \/>\n<label>Votre e-mail <span style=\"color: red;\">*<\/span><br \/>\n<span class=\"wpcf7-form-control-wrap\" data-name=\"your-email\"><input size=\"40\" maxlength=\"400\" class=\"wpcf7-form-control wpcf7-email wpcf7-validates-as-required wpcf7-text wpcf7-validates-as-email\" aria-required=\"true\" aria-invalid=\"false\" value=\"\" type=\"email\" name=\"your-email\" \/><\/span><\/label><br \/>\n<label>Num\u00e9ro de t\u00e9l\u00e9phone <span style=\"color: red;\">*<\/span><br \/>\n<span class=\"wpcf7-form-control-wrap\" data-name=\"tel-529\"><input size=\"40\" maxlength=\"400\" class=\"wpcf7-form-control wpcf7-tel wpcf7-validates-as-required wpcf7-text wpcf7-validates-as-tel\" aria-required=\"true\" aria-invalid=\"false\" value=\"\" type=\"tel\" name=\"tel-529\" \/><\/span><\/label><br \/>\n<label>Pays <span style=\"color: red;\">*<\/span><br \/>\n<span class=\"wpcf7-form-control-wrap\" data-name=\"text-405\"><input size=\"40\" maxlength=\"400\" class=\"wpcf7-form-control wpcf7-text wpcf7-validates-as-required\" aria-required=\"true\" aria-invalid=\"false\" value=\"\" type=\"text\" name=\"text-405\" \/><\/span><\/label>\n<\/p>\n<p><label>Type d'\u00e9quipement sur lequel l'unit\u00e9 DUT-E SAU sera install\u00e9e <span style=\"color: red;\">*<\/span><br \/>\n<span class=\"wpcf7-form-control-wrap\" data-name=\"text-917\"><input size=\"40\" maxlength=\"400\" class=\"wpcf7-form-control wpcf7-text wpcf7-validates-as-required\" aria-required=\"true\" aria-invalid=\"false\" value=\"\" type=\"text\" name=\"text-917\" \/><\/span><\/label>\n<\/p>\n<p>Utilisez-vous actuellement un <a target=\"_blank\" href=\"https:\/\/jv-technoton.com\/products\/dut-e\/\">capteur de niveau DUT-E CAN<\/a>? <span style=\"color: red;\">*<\/span><br \/>\n<span class=\"wpcf7-form-control-wrap\" data-name=\"checkbox-277\"><span class=\"wpcf7-form-control wpcf7-checkbox wpcf7-validates-as-required\"><span class=\"wpcf7-list-item first\"><label><input type=\"checkbox\" name=\"checkbox-277[]\" value=\"oui\" \/><span class=\"wpcf7-list-item-label\">oui<\/span><\/label><\/span><span class=\"wpcf7-list-item last\"><label><input type=\"checkbox\" name=\"checkbox-277[]\" value=\"non\" \/><span class=\"wpcf7-list-item-label\">non<\/span><\/label><\/span><\/span><\/span>\n<\/p>\n<p><label>Message<br \/>\n<span class=\"wpcf7-form-control-wrap\" data-name=\"textarea-74\"><textarea cols=\"40\" rows=\"10\" maxlength=\"2000\" class=\"wpcf7-form-control wpcf7-textarea\" aria-invalid=\"false\" name=\"textarea-74\"><\/textarea><\/span><\/label>\n<\/p>\n<p><label><span class=\"wpcf7-form-control-wrap\" data-name=\"acceptance-874\"><span class=\"wpcf7-form-control wpcf7-acceptance\"><span class=\"wpcf7-list-item\"><input type=\"checkbox\" name=\"acceptance-874\" value=\"1\" aria-invalid=\"false\" \/><\/span><\/span><\/span> J'ai lu <a target=\"_blank\" href=\"https:\/\/jv-technoton.com\/personal-data-privacy-policy\/\">la politique de confidentialit\u00e9<\/a> et j'accepte l'utilisation et le traitement de mes donn\u00e9es personnelles.<\/label>\n<\/p>\n<p><label><span style=\"color: red;\">*<\/span> - Veuillez remplir les champs indiqu\u00e9s.<\/label>\n<\/p>\n<p><input class=\"wpcf7-form-control wpcf7-submit has-spinner\" type=\"submit\" value=\"Envoyer\" \/>\n<\/p><p style=\"display: none !important;\" class=\"akismet-fields-container\" data-prefix=\"_wpcf7_ak_\"><label>&#916;<textarea name=\"_wpcf7_ak_hp_textarea\" cols=\"45\" rows=\"8\" maxlength=\"100\"><\/textarea><\/label><input type=\"hidden\" id=\"ak_js_1\" name=\"_wpcf7_ak_js\" value=\"162\"\/><script>document.getElementById( \"ak_js_1\" ).setAttribute( \"value\", ( new Date() ).getTime() );<\/script><\/p><div class=\"wpcf7-response-output\" aria-hidden=\"true\"><\/div>\n<\/form>\n<\/div>\n<p>[\/vc_column_text][\/vc_column][\/vc_row]<\/p>\n<\/div>","protected":false},"excerpt":{"rendered":"<p>[vc_row][vc_column][vc_column_text] Demande de renseignements sur l&rsquo;unit\u00e9 d&rsquo;automatisation de l&rsquo;alimentation en carburant DUT-E SAU [\/vc_column_text][\/vc_column][\/vc_row][vc_row][vc_column][vc_column_text css=\u00a0\u00bb\u00a0\u00bb] Contactez-nous et les sp\u00e9cialistes de Technoton vous enverront une offre de prix pour l&rsquo;unit\u00e9 d&rsquo;automatisation de l&rsquo;alimentation en carburant DUT-E SAU. [\/vc_column_text][\/vc_column][\/vc_row]<\/p>\n","protected":false},"author":8,"featured_media":0,"parent":113586,"menu_order":0,"comment_status":"closed","ping_status":"closed","template":"","meta":{"footnotes":""},"class_list":["post-114673","page","type-page","status-publish","hentry"],"yoast_head":"<!-- This site is optimized with the Yoast SEO plugin v27.3 - https:\/\/yoast.com\/product\/yoast-seo-wordpress\/ -->\n<title>Demande de renseignements sur l&#039;unit\u00e9 d&#039;automatisation de l&#039;alimentation en carburant DUT-E SAU | Technoton<\/title>\n<meta name=\"robots\" content=\"index, follow, max-snippet:-1, max-image-preview:large, max-video-preview:-1\" \/>\n<link rel=\"canonical\" href=\"https:\/\/jv-technoton.com\/fr\/produits-technoton\/unite-dautomatisation-de-lalimentation-en-carburant\/demande-de-renseignements-sur-lunite-dautomatisation-de-lalimentation-en-carburant-dut-e-sau\/\" \/>\n<meta property=\"og:locale\" content=\"fr_FR\" \/>\n<meta property=\"og:type\" content=\"article\" \/>\n<meta property=\"og:title\" content=\"Demande de renseignements sur l&#039;unit\u00e9 d&#039;automatisation de l&#039;alimentation en carburant DUT-E SAU | Technoton\" \/>\n<meta property=\"og:description\" content=\"[vc_row][vc_column][vc_column_text] Demande de renseignements sur l&rsquo;unit\u00e9 d&rsquo;automatisation de l&rsquo;alimentation en carburant DUT-E SAU [\/vc_column_text][\/vc_column][\/vc_row][vc_row][vc_column][vc_column_text css=\u00a0\u00bb\u00a0\u00bb] Contactez-nous et les sp\u00e9cialistes de Technoton vous enverront une offre de prix pour l&rsquo;unit\u00e9 d&rsquo;automatisation de l&rsquo;alimentation en carburant DUT-E SAU. [\/vc_column_text][\/vc_column][\/vc_row]\" \/>\n<meta property=\"og:url\" content=\"https:\/\/jv-technoton.com\/fr\/produits-technoton\/unite-dautomatisation-de-lalimentation-en-carburant\/demande-de-renseignements-sur-lunite-dautomatisation-de-lalimentation-en-carburant-dut-e-sau\/\" \/>\n<meta property=\"og:site_name\" content=\"Technoton\" \/>\n<meta property=\"article:modified_time\" content=\"2025-01-14T11:12:44+00:00\" \/>\n<meta name=\"twitter:card\" content=\"summary_large_image\" \/>\n<meta name=\"twitter:label1\" content=\"Dur\u00e9e de lecture estim\u00e9e\" \/>\n\t<meta name=\"twitter:data1\" content=\"1 minute\" \/>\n<script type=\"application\/ld+json\" class=\"yoast-schema-graph\">{\"@context\":\"https:\\\/\\\/schema.org\",\"@graph\":[{\"@type\":\"WebPage\",\"@id\":\"https:\\\/\\\/jv-technoton.com\\\/fr\\\/produits-technoton\\\/unite-dautomatisation-de-lalimentation-en-carburant\\\/demande-de-renseignements-sur-lunite-dautomatisation-de-lalimentation-en-carburant-dut-e-sau\\\/\",\"url\":\"https:\\\/\\\/jv-technoton.com\\\/fr\\\/produits-technoton\\\/unite-dautomatisation-de-lalimentation-en-carburant\\\/demande-de-renseignements-sur-lunite-dautomatisation-de-lalimentation-en-carburant-dut-e-sau\\\/\",\"name\":\"Demande de renseignements sur l'unit\u00e9 d'automatisation de l'alimentation en carburant DUT-E SAU | Technoton\",\"isPartOf\":{\"@id\":\"https:\\\/\\\/jv-technoton.com\\\/#website\"},\"datePublished\":\"2025-01-14T11:08:21+00:00\",\"dateModified\":\"2025-01-14T11:12:44+00:00\",\"breadcrumb\":{\"@id\":\"https:\\\/\\\/jv-technoton.com\\\/fr\\\/produits-technoton\\\/unite-dautomatisation-de-lalimentation-en-carburant\\\/demande-de-renseignements-sur-lunite-dautomatisation-de-lalimentation-en-carburant-dut-e-sau\\\/#breadcrumb\"},\"inLanguage\":\"fr-FR\",\"potentialAction\":[{\"@type\":\"ReadAction\",\"target\":[\"https:\\\/\\\/jv-technoton.com\\\/fr\\\/produits-technoton\\\/unite-dautomatisation-de-lalimentation-en-carburant\\\/demande-de-renseignements-sur-lunite-dautomatisation-de-lalimentation-en-carburant-dut-e-sau\\\/\"]}]},{\"@type\":\"BreadcrumbList\",\"@id\":\"https:\\\/\\\/jv-technoton.com\\\/fr\\\/produits-technoton\\\/unite-dautomatisation-de-lalimentation-en-carburant\\\/demande-de-renseignements-sur-lunite-dautomatisation-de-lalimentation-en-carburant-dut-e-sau\\\/#breadcrumb\",\"itemListElement\":[{\"@type\":\"ListItem\",\"position\":1,\"name\":\"Home\",\"item\":\"https:\\\/\\\/jv-technoton.com\\\/fr\\\/\"},{\"@type\":\"ListItem\",\"position\":2,\"name\":\"Produits Technoton\",\"item\":\"https:\\\/\\\/jv-technoton.com\\\/fr\\\/produits-technoton\\\/\"},{\"@type\":\"ListItem\",\"position\":3,\"name\":\"Unit\u00e9 d&#8217;automatisation de l&#8217;alimentation en carburant\",\"item\":\"https:\\\/\\\/jv-technoton.com\\\/fr\\\/produits-technoton\\\/unite-dautomatisation-de-lalimentation-en-carburant\\\/\"},{\"@type\":\"ListItem\",\"position\":4,\"name\":\"Demande de renseignements sur l&#8217;unit\u00e9 d&#8217;automatisation de l&#8217;alimentation en carburant DUT-E SAU\"}]},{\"@type\":\"WebSite\",\"@id\":\"https:\\\/\\\/jv-technoton.com\\\/#website\",\"url\":\"https:\\\/\\\/jv-technoton.com\\\/\",\"name\":\"Advanced machinery telematics and fuel monitoring\",\"description\":\"T\u00e9l\u00e9matique et suivi du carburant pour machines complexes\",\"publisher\":{\"@id\":\"https:\\\/\\\/jv-technoton.com\\\/#organization\"},\"potentialAction\":[{\"@type\":\"SearchAction\",\"target\":{\"@type\":\"EntryPoint\",\"urlTemplate\":\"https:\\\/\\\/jv-technoton.com\\\/?s={search_term_string}\"},\"query-input\":{\"@type\":\"PropertyValueSpecification\",\"valueRequired\":true,\"valueName\":\"search_term_string\"}}],\"inLanguage\":\"fr-FR\"},{\"@type\":\"Organization\",\"@id\":\"https:\\\/\\\/jv-technoton.com\\\/#organization\",\"name\":\"Technoton\",\"url\":\"https:\\\/\\\/jv-technoton.com\\\/\",\"logo\":{\"@type\":\"ImageObject\",\"inLanguage\":\"fr-FR\",\"@id\":\"https:\\\/\\\/jv-technoton.com\\\/#\\\/schema\\\/logo\\\/image\\\/\",\"url\":\"https:\\\/\\\/jv-technoton.com\\\/wp-content\\\/uploads\\\/2022\\\/02\\\/technoton_logo_web.png\",\"contentUrl\":\"https:\\\/\\\/jv-technoton.com\\\/wp-content\\\/uploads\\\/2022\\\/02\\\/technoton_logo_web.png\",\"width\":800,\"height\":329,\"caption\":\"Technoton\"},\"image\":{\"@id\":\"https:\\\/\\\/jv-technoton.com\\\/#\\\/schema\\\/logo\\\/image\\\/\"},\"sameAs\":[\"https:\\\/\\\/www.linkedin.com\\\/company\\\/technoton\"]}]}<\/script>\n<!-- \/ Yoast SEO plugin. -->","yoast_head_json":{"title":"Demande de renseignements sur l'unit\u00e9 d'automatisation de l'alimentation en carburant DUT-E SAU | Technoton","robots":{"index":"index","follow":"follow","max-snippet":"max-snippet:-1","max-image-preview":"max-image-preview:large","max-video-preview":"max-video-preview:-1"},"canonical":"https:\/\/jv-technoton.com\/fr\/produits-technoton\/unite-dautomatisation-de-lalimentation-en-carburant\/demande-de-renseignements-sur-lunite-dautomatisation-de-lalimentation-en-carburant-dut-e-sau\/","og_locale":"fr_FR","og_type":"article","og_title":"Demande de renseignements sur l'unit\u00e9 d'automatisation de l'alimentation en carburant DUT-E SAU | Technoton","og_description":"[vc_row][vc_column][vc_column_text] Demande de renseignements sur l&rsquo;unit\u00e9 d&rsquo;automatisation de l&rsquo;alimentation en carburant DUT-E SAU [\/vc_column_text][\/vc_column][\/vc_row][vc_row][vc_column][vc_column_text css=\u00a0\u00bb\u00a0\u00bb] Contactez-nous et les sp\u00e9cialistes de Technoton vous enverront une offre de prix pour l&rsquo;unit\u00e9 d&rsquo;automatisation de l&rsquo;alimentation en carburant DUT-E SAU. [\/vc_column_text][\/vc_column][\/vc_row]","og_url":"https:\/\/jv-technoton.com\/fr\/produits-technoton\/unite-dautomatisation-de-lalimentation-en-carburant\/demande-de-renseignements-sur-lunite-dautomatisation-de-lalimentation-en-carburant-dut-e-sau\/","og_site_name":"Technoton","article_modified_time":"2025-01-14T11:12:44+00:00","twitter_card":"summary_large_image","twitter_misc":{"Dur\u00e9e de lecture estim\u00e9e":"1 minute"},"schema":{"@context":"https:\/\/schema.org","@graph":[{"@type":"WebPage","@id":"https:\/\/jv-technoton.com\/fr\/produits-technoton\/unite-dautomatisation-de-lalimentation-en-carburant\/demande-de-renseignements-sur-lunite-dautomatisation-de-lalimentation-en-carburant-dut-e-sau\/","url":"https:\/\/jv-technoton.com\/fr\/produits-technoton\/unite-dautomatisation-de-lalimentation-en-carburant\/demande-de-renseignements-sur-lunite-dautomatisation-de-lalimentation-en-carburant-dut-e-sau\/","name":"Demande de renseignements sur l'unit\u00e9 d'automatisation de l'alimentation en carburant DUT-E SAU | Technoton","isPartOf":{"@id":"https:\/\/jv-technoton.com\/#website"},"datePublished":"2025-01-14T11:08:21+00:00","dateModified":"2025-01-14T11:12:44+00:00","breadcrumb":{"@id":"https:\/\/jv-technoton.com\/fr\/produits-technoton\/unite-dautomatisation-de-lalimentation-en-carburant\/demande-de-renseignements-sur-lunite-dautomatisation-de-lalimentation-en-carburant-dut-e-sau\/#breadcrumb"},"inLanguage":"fr-FR","potentialAction":[{"@type":"ReadAction","target":["https:\/\/jv-technoton.com\/fr\/produits-technoton\/unite-dautomatisation-de-lalimentation-en-carburant\/demande-de-renseignements-sur-lunite-dautomatisation-de-lalimentation-en-carburant-dut-e-sau\/"]}]},{"@type":"BreadcrumbList","@id":"https:\/\/jv-technoton.com\/fr\/produits-technoton\/unite-dautomatisation-de-lalimentation-en-carburant\/demande-de-renseignements-sur-lunite-dautomatisation-de-lalimentation-en-carburant-dut-e-sau\/#breadcrumb","itemListElement":[{"@type":"ListItem","position":1,"name":"Home","item":"https:\/\/jv-technoton.com\/fr\/"},{"@type":"ListItem","position":2,"name":"Produits Technoton","item":"https:\/\/jv-technoton.com\/fr\/produits-technoton\/"},{"@type":"ListItem","position":3,"name":"Unit\u00e9 d&#8217;automatisation de l&#8217;alimentation en carburant","item":"https:\/\/jv-technoton.com\/fr\/produits-technoton\/unite-dautomatisation-de-lalimentation-en-carburant\/"},{"@type":"ListItem","position":4,"name":"Demande de renseignements sur l&#8217;unit\u00e9 d&#8217;automatisation de l&#8217;alimentation en carburant DUT-E SAU"}]},{"@type":"WebSite","@id":"https:\/\/jv-technoton.com\/#website","url":"https:\/\/jv-technoton.com\/","name":"Advanced machinery telematics and fuel monitoring","description":"T\u00e9l\u00e9matique et suivi du carburant pour machines complexes","publisher":{"@id":"https:\/\/jv-technoton.com\/#organization"},"potentialAction":[{"@type":"SearchAction","target":{"@type":"EntryPoint","urlTemplate":"https:\/\/jv-technoton.com\/?s={search_term_string}"},"query-input":{"@type":"PropertyValueSpecification","valueRequired":true,"valueName":"search_term_string"}}],"inLanguage":"fr-FR"},{"@type":"Organization","@id":"https:\/\/jv-technoton.com\/#organization","name":"Technoton","url":"https:\/\/jv-technoton.com\/","logo":{"@type":"ImageObject","inLanguage":"fr-FR","@id":"https:\/\/jv-technoton.com\/#\/schema\/logo\/image\/","url":"https:\/\/jv-technoton.com\/wp-content\/uploads\/2022\/02\/technoton_logo_web.png","contentUrl":"https:\/\/jv-technoton.com\/wp-content\/uploads\/2022\/02\/technoton_logo_web.png","width":800,"height":329,"caption":"Technoton"},"image":{"@id":"https:\/\/jv-technoton.com\/#\/schema\/logo\/image\/"},"sameAs":["https:\/\/www.linkedin.com\/company\/technoton"]}]}},"rttpg_featured_image_url":null,"rttpg_author":{"display_name":"Tretyakov Sergey","author_link":"https:\/\/jv-technoton.com\/fr\/author\/sergei_tretyakov\/"},"rttpg_comment":0,"rttpg_category":false,"rttpg_excerpt":"[vc_row][vc_column][vc_column_text] Demande de renseignements sur l&rsquo;unit\u00e9 d&rsquo;automatisation de l&rsquo;alimentation en carburant DUT-E SAU [\/vc_column_text][\/vc_column][\/vc_row][vc_row][vc_column][vc_column_text css=\u00a0\u00bb\u00a0\u00bb] Contactez-nous et les sp\u00e9cialistes de Technoton vous enverront une offre de prix pour l&rsquo;unit\u00e9 d&rsquo;automatisation de l&rsquo;alimentation en carburant DUT-E SAU. [\/vc_column_text][\/vc_column][\/vc_row]","_links":{"self":[{"href":"https:\/\/jv-technoton.com\/fr\/wp-json\/wp\/v2\/pages\/114673","targetHints":{"allow":["GET"]}}],"collection":[{"href":"https:\/\/jv-technoton.com\/fr\/wp-json\/wp\/v2\/pages"}],"about":[{"href":"https:\/\/jv-technoton.com\/fr\/wp-json\/wp\/v2\/types\/page"}],"author":[{"embeddable":true,"href":"https:\/\/jv-technoton.com\/fr\/wp-json\/wp\/v2\/users\/8"}],"replies":[{"embeddable":true,"href":"https:\/\/jv-technoton.com\/fr\/wp-json\/wp\/v2\/comments?post=114673"}],"version-history":[{"count":0,"href":"https:\/\/jv-technoton.com\/fr\/wp-json\/wp\/v2\/pages\/114673\/revisions"}],"up":[{"embeddable":true,"href":"https:\/\/jv-technoton.com\/fr\/wp-json\/wp\/v2\/pages\/113586"}],"wp:attachment":[{"href":"https:\/\/jv-technoton.com\/fr\/wp-json\/wp\/v2\/media?parent=114673"}],"curies":[{"name":"wp","href":"https:\/\/api.w.org\/{rel}","templated":true}]}}