{"id":114954,"date":"2025-01-17T10:25:53","date_gmt":"2025-01-17T07:25:53","guid":{"rendered":"https:\/\/jv-technoton.com\/?page_id=114954"},"modified":"2026-03-20T13:42:12","modified_gmt":"2026-03-20T10:42:12","slug":"logiciel-firmware","status":"publish","type":"page","link":"https:\/\/jv-technoton.com\/fr\/logiciel-firmware\/","title":{"rendered":"Logiciel \/ firmware"},"content":{"rendered":"<div class=\"wpb-content-wrapper\"><p>[vc_row full_width=\u00a0\u00bbstretch_row\u00a0\u00bb][vc_column]<div class=\"ult-spacer spacer-69da1a76f1690\" data-id=\"69da1a76f1690\" data-height=\"22\" data-height-mobile=\"22\" data-height-tab=\"22\" data-height-tab-portrait=\"\" data-height-mobile-landscape=\"\" style=\"clear:both;display:block;\"><\/div><div class=\"ult-spacer spacer-69da1a76f16c8\" data-id=\"69da1a76f16c8\" data-height=\"22\" data-height-mobile=\"22\" data-height-tab=\"22\" data-height-tab-portrait=\"\" data-height-mobile-landscape=\"\" style=\"clear:both;display:block;\"><\/div>[vc_column_text css=\u00a0\u00bb\u00a0\u00bb]<\/p>\n<h1>Logiciel \/ micrologiciel<\/h1>\n<p>[\/vc_column_text]<div class=\"ult-spacer spacer-69da1a76f16ee\" data-id=\"69da1a76f16ee\" data-height=\"22\" data-height-mobile=\"22\" data-height-tab=\"22\" data-height-tab-portrait=\"\" data-height-mobile-landscape=\"\" style=\"clear:both;display:block;\"><\/div>[\/vc_column][\/vc_row][vc_row][vc_column]<div class=\"ult-spacer spacer-69da1a76f170e\" data-id=\"69da1a76f170e\" data-height=\"22\" data-height-mobile=\"22\" data-height-tab=\"22\" data-height-tab-portrait=\"\" data-height-mobile-landscape=\"\" style=\"clear:both;display:block;\"><\/div>[\/vc_column][\/vc_row][vc_row][vc_column][vc_tta_tabs color=\u00a0\u00bbwhite\u00a0\u00bb active_section=\u00a0\u00bb1&Prime;][vc_tta_section title=\u00a0\u00bbLogiciel\u00a0\u00bb tab_id=\u00a0\u00bb1520418515652-752ada32-e2e1&Prime;][vc_column_text]<\/p>\n<table border=\"0\" width=\"100%\" cellspacing=\"0\" cellpadding=\"0\" align=\"center\">\n<tbody>\n<tr>\n<td width=\"20%\"><strong>Software<\/strong><\/td>\n<td width=\"30%\"><strong>Product<\/strong><\/td>\n<td width=\"30%\"><strong>Notation<\/strong><\/td>\n<\/tr>\n<\/tbody>\n<\/table>\n<p>[\/vc_column_text]<div class=\"ult-spacer spacer-69da1a76f172d\" data-id=\"69da1a76f172d\" data-height=\"10\" data-height-mobile=\"10\" data-height-tab=\"10\" data-height-tab-portrait=\"\" data-height-mobile-landscape=\"\" style=\"clear:both;display:block;\"><\/div>[vc_column_text css=\u00a0\u00bb\u00a0\u00bb el_class=\u00a0\u00bbtable_SV\u00a0\u00bb]<\/p>\n<table border=\"0\" width=\"100%\" cellspacing=\"0\" cellpadding=\"0\" align=\"center\">\n<tbody>\n<tr>\n<td width=\"20%\"><a id=\"Service DU\u0422-E for fuel level sensors DUT-E AF, DUT-E 232, DUT-E 485, DUT-E CAN\" href=\"https:\/\/jv-technoton.com\/data\/Service_DUT-E.zip\">Service DU\u0422-E v.3.26<\/a><\/td>\n<td width=\"30%\">DUT-E AF, DUT-E 232, DUT-E 485, DUT-E CAN<\/td>\n<td width=\"30%\"><\/td>\n<\/tr>\n<\/tbody>\n<\/table>\n<p>[\/vc_column_text]<div class=\"ult-spacer spacer-69da1a76f174a\" data-id=\"69da1a76f174a\" data-height=\"10\" data-height-mobile=\"10\" data-height-tab=\"10\" data-height-tab-portrait=\"\" data-height-mobile-landscape=\"\" style=\"clear:both;display:block;\"><\/div>[vc_column_text css=\u00a0\u00bb\u00a0\u00bb el_class=\u00a0\u00bbtable_SV\u00a0\u00bb]<\/p>\n<table border=\"0\" width=\"100%\" cellspacing=\"0\" cellpadding=\"0\" align=\"center\">\n<tbody>\n<tr>\n<td width=\"20%\"><a href=\"https:\/\/jv-technoton.com\/data\/ServiceS6_DUT-E.zip\">ServiceS6 DUT-E v.6.12<\/a><\/td>\n<td width=\"30%\">DUT-E 2Bio CAN, DUT-E CAN, DUT-E GSM, DUT-E AF<\/td>\n<td width=\"30%\">DUT-E CAN and DUT-E GSM &#8211; Pour les capteurs produits apr\u00e8s le 1er novembre 2017<br \/>\nDUT-E AF &#8211; Uniquement pour les capteurs dont le num\u00e9ro de s\u00e9rie commence par 05<\/td>\n<\/tr>\n<\/tbody>\n<\/table>\n<p>[\/vc_column_text]<div class=\"ult-spacer spacer-69da1a76f1767\" data-id=\"69da1a76f1767\" data-height=\"10\" data-height-mobile=\"10\" data-height-tab=\"10\" data-height-tab-portrait=\"\" data-height-mobile-landscape=\"\" style=\"clear:both;display:block;\"><\/div>[vc_column_text css=\u00a0\u00bb\u00a0\u00bb el_class=\u00a0\u00bbtable_SV\u00a0\u00bb]<\/p>\n<div style=\"display: none;\"><\/div>\n<div style=\"display: none;\"><\/div>\n<div style=\"display: none;\"><\/div>\n<table border=\"0\" width=\"100%\" cellspacing=\"0\" cellpadding=\"0\" align=\"center\">\n<tbody>\n<tr>\n<td width=\"20%\"><a href=\"https:\/\/jv-technoton.com\/data\/ServiceS6_DFM.zip\">Service S6 DFM v.4.04<\/a><\/td>\n<td width=\"30%\">DFM A232, DFM A485, DFM ACAN, DFM C232, DFM C485, DFM CCAN, DFM D232, DFM D485, DFM DCAN,\u00a0DFM AK,\u00a0DFM CK,\u00a0DFM DK<\/td>\n<td width=\"30%\">* Produits apr\u00e8s janvier 2016<\/td>\n<\/tr>\n<\/tbody>\n<\/table>\n<p>[\/vc_column_text]<div class=\"ult-spacer spacer-69da1a76f1785\" data-id=\"69da1a76f1785\" data-height=\"10\" data-height-mobile=\"10\" data-height-tab=\"10\" data-height-tab-portrait=\"\" data-height-mobile-landscape=\"\" style=\"clear:both;display:block;\"><\/div>[vc_column_text css=\u00a0\u00bb\u00a0\u00bb el_class=\u00a0\u00bbtable_SV\u00a0\u00bb]<\/p>\n<table border=\"0\" width=\"100%\" cellspacing=\"0\" cellpadding=\"0\" align=\"center\">\n<tbody>\n<tr>\n<td width=\"20%\"><a href=\"https:\/\/jv-technoton.com\/data\/ServiceDFM_v_4_1_Setup.zip\">Service DFM v.4.1<\/a><\/td>\n<td width=\"30%\">DFM AK\/CK\/D Avec un connecteur \u00e0 trois broches et DFM i<\/td>\n<td width=\"30%\">Produits avant janvier 2016<\/td>\n<\/tr>\n<\/tbody>\n<\/table>\n<p>[\/vc_column_text]<div class=\"ult-spacer spacer-69da1a76f17a2\" data-id=\"69da1a76f17a2\" data-height=\"10\" data-height-mobile=\"10\" data-height-tab=\"10\" data-height-tab-portrait=\"\" data-height-mobile-landscape=\"\" style=\"clear:both;display:block;\"><\/div>[vc_column_text css=\u00a0\u00bb\u00a0\u00bb el_class=\u00a0\u00bbtable_SV\u00a0\u00bb]<\/p>\n<table border=\"0\" width=\"100%\" cellspacing=\"0\" cellpadding=\"0\" align=\"center\">\n<tbody>\n<tr>\n<td width=\"20%\"><a href=\"https:\/\/jv-technoton.com\/data\/Service_DFM_Marine.zip\">Service DFM Marine v.5.05<\/a><\/td>\n<td width=\"30%\">DFM Marine<\/td>\n<td width=\"30%\"><\/td>\n<\/tr>\n<\/tbody>\n<\/table>\n<p>[\/vc_column_text]<div class=\"ult-spacer spacer-69da1a76f17be\" data-id=\"69da1a76f17be\" data-height=\"10\" data-height-mobile=\"10\" data-height-tab=\"10\" data-height-tab-portrait=\"\" data-height-mobile-landscape=\"\" style=\"clear:both;display:block;\"><\/div>[vc_column_text css=\u00a0\u00bb\u00a0\u00bb el_class=\u00a0\u00bbtable_SV\u00a0\u00bb]<\/p>\n<table border=\"0\" width=\"100%\" cellspacing=\"0\" cellpadding=\"0\" align=\"center\">\n<tbody>\n<tr>\n<td width=\"20%\"><a href=\"https:\/\/jv-technoton.com\/data\/service_dfm_Industrial.zip\">Service DFM Industrial v.2.03<\/a><\/td>\n<td width=\"30%\">DFM Industrial<\/td>\n<td width=\"30%\"><\/td>\n<\/tr>\n<\/tbody>\n<\/table>\n<p>[\/vc_column_text]<div class=\"ult-spacer spacer-69da1a76f17d9\" data-id=\"69da1a76f17d9\" data-height=\"10\" data-height-mobile=\"10\" data-height-tab=\"10\" data-height-tab-portrait=\"\" data-height-mobile-landscape=\"\" style=\"clear:both;display:block;\"><\/div>[vc_column_text css=\u00a0\u00bb\u00a0\u00bb el_class=\u00a0\u00bbtable_SV\u00a0\u00bb]<\/p>\n<table border=\"0\" width=\"100%\" cellspacing=\"0\" cellpadding=\"0\" align=\"center\">\n<tbody>\n<tr>\n<td width=\"20%\"><a id=\"Service MasterCAN for vehicle data interface MasterCAN\" href=\"https:\/\/jv-technoton.com\/data\/ServiceMasterCAN.zip\">Service MasterCAN v.3.3<\/a><\/td>\n<td width=\"30%\">MasterCAN V-GATE, MasterCAN C 232\/485, MasterCAN CC, MasterCAN Diagnostic<\/td>\n<td width=\"30%\"><\/td>\n<\/tr>\n<\/tbody>\n<\/table>\n<p>[\/vc_column_text]<div class=\"ult-spacer spacer-69da1a76f17f4\" data-id=\"69da1a76f17f4\" data-height=\"10\" data-height-mobile=\"10\" data-height-tab=\"10\" data-height-tab-portrait=\"\" data-height-mobile-landscape=\"\" style=\"clear:both;display:block;\"><\/div>[vc_column_text el_class=\u00a0\u00bbtable_SV\u00a0\u00bb]<\/p>\n<table class=\" cc_cursor\" border=\"0\" width=\"100%\" cellspacing=\"0\" cellpadding=\"0\" align=\"center\">\n<tbody>\n<tr>\n<td width=\"20%\"><a id=\"Service MasterCAN for vehicle data interface MasterCAN\" href=\"https:\/\/jv-technoton.com\/data\/Service_MasterCAN_Tool.zip\">Service MasterCAN Tool v.4.9.5<\/a><\/td>\n<td width=\"30%\">MasterCAN Tool<\/td>\n<td width=\"30%\"><\/td>\n<\/tr>\n<\/tbody>\n<\/table>\n<div id=\"gtx-trans\" style=\"position: absolute; left: 434px; top: 55.8667px;\">\n<div class=\"gtx-trans-icon\"><\/div>\n<\/div>\n<p>[\/vc_column_text]<div class=\"ult-spacer spacer-69da1a76f180f\" data-id=\"69da1a76f180f\" data-height=\"10\" data-height-mobile=\"10\" data-height-tab=\"10\" data-height-tab-portrait=\"\" data-height-mobile-landscape=\"\" style=\"clear:both;display:block;\"><\/div>[vc_column_text css=\u00a0\u00bb\u00a0\u00bb el_class=\u00a0\u00bbtable_SV\u00a0\u00bb]<\/p>\n<table border=\"0\" width=\"100%\" cellspacing=\"0\" cellpadding=\"0\" align=\"center\">\n<tbody>\n<tr>\n<td width=\"20%\"><a href=\"https:\/\/jv-technoton.com\/data\/ServiceS6_MasterCAN.zip\">ServiceS6 MasterCAN v.3.34<\/a><\/td>\n<td width=\"30%\">MasterCAN Display35, MasterCAN DAC15, MasterCAN DAC2113, MasterCAN RS2CAN, MasterCAN CAN2RS, MasterCAN P2CAN<\/td>\n<td width=\"30%\"><\/td>\n<\/tr>\n<\/tbody>\n<\/table>\n<p>[\/vc_column_text]<div class=\"ult-spacer spacer-69da1a76f182b\" data-id=\"69da1a76f182b\" data-height=\"10\" data-height-mobile=\"10\" data-height-tab=\"10\" data-height-tab-portrait=\"\" data-height-mobile-landscape=\"\" style=\"clear:both;display:block;\"><\/div>[vc_column_text css=\u00a0\u00bb\u00a0\u00bb el_class=\u00a0\u00bbtable_SV\u00a0\u00bb]<\/p>\n<table border=\"0\" width=\"100%\" cellspacing=\"0\" cellpadding=\"0\" align=\"center\">\n<tbody>\n<tr>\n<td width=\"15%\"><\/td>\n<td width=\"30%\"><\/td>\n<td width=\"30%\"><\/td>\n<\/tr>\n<tr>\n<td width=\"20%\"><a href=\"https:\/\/jv-technoton.com\/data\/Service_CANUp.zip\">Service CANUp\u00a0 v.7.22<\/a><\/td>\n<td width=\"30%\">CANUp 27 Standard, Pro 3G,\u00a0 Pro LTE, Pro Wi-Fi, Genset.<\/td>\n<td width=\"30%\"><\/td>\n<\/tr>\n<\/tbody>\n<\/table>\n<p>[\/vc_column_text]<div class=\"ult-spacer spacer-69da1a76f1846\" data-id=\"69da1a76f1846\" data-height=\"10\" data-height-mobile=\"10\" data-height-tab=\"10\" data-height-tab-portrait=\"\" data-height-mobile-landscape=\"\" style=\"clear:both;display:block;\"><\/div>[vc_column_text css=\u00a0\u00bb\u00a0\u00bb el_class=\u00a0\u00bbtable_SV\u00a0\u00bb]<\/p>\n<table border=\"0\" width=\"100%\" cellspacing=\"0\" cellpadding=\"0\" align=\"center\">\n<tbody>\n<tr>\n<td width=\"20%\"><a id=\"Firmware file for MasterCAN V-GATE\" href=\"https:\/\/jv-technoton.com\/data\/ServiceOffline_v1.2.10.zip\">ServiceOffline v.1.2.10<\/a><\/td>\n<td width=\"30%\">CKPT Hors ligne<\/td>\n<td width=\"30%\"><\/td>\n<\/tr>\n<\/tbody>\n<\/table>\n<p>[\/vc_column_text]<div class=\"ult-spacer spacer-69da1a76f185f\" data-id=\"69da1a76f185f\" data-height=\"10\" data-height-mobile=\"10\" data-height-tab=\"10\" data-height-tab-portrait=\"\" data-height-mobile-landscape=\"\" style=\"clear:both;display:block;\"><\/div>[\/vc_tta_section][vc_tta_section title=\u00a0\u00bbPilotes\u00a0\u00bb tab_id=\u00a0\u00bb1520418515679-e2460841-46e6&Prime;][vc_column_text]<a href=\"\/data\/CP210x_Windows_Drivers.zip\">CP210x USB to UART Bridge VCP Drivers<\/a>[\/vc_column_text][\/vc_tta_section][\/vc_tta_tabs][\/vc_column][\/vc_row]<\/p>\n<\/div>","protected":false},"excerpt":{"rendered":"<p>[vc_row full_width=\u00a0\u00bbstretch_row\u00a0\u00bb][vc_column][vc_column_text css=\u00a0\u00bb\u00a0\u00bb] Logiciel \/ micrologiciel [\/vc_column_text][\/vc_column][\/vc_row][vc_row][vc_column][\/vc_column][\/vc_row][vc_row][vc_column][vc_tta_tabs color=\u00a0\u00bbwhite\u00a0\u00bb active_section=\u00a0\u00bb1&Prime;][vc_tta_section title=\u00a0\u00bbLogiciel\u00a0\u00bb tab_id=\u00a0\u00bb1520418515652-752ada32-e2e1&Prime;][vc_column_text] Software Product Notation [\/vc_column_text][vc_column_text css=\u00a0\u00bb\u00a0\u00bb el_class=\u00a0\u00bbtable_SV\u00a0\u00bb] Service DU\u0422-E v.3.26 DUT-E AF, DUT-E 232, DUT-E 485, DUT-E CAN [\/vc_column_text][vc_column_text css=\u00a0\u00bb\u00a0\u00bb el_class=\u00a0\u00bbtable_SV\u00a0\u00bb] ServiceS6 DUT-E v.6.12 DUT-E 2Bio CAN, DUT-E CAN, DUT-E GSM, DUT-E AF DUT-E CAN and DUT-E GSM &#8211; Pour les capteurs produits apr\u00e8s le [&hellip;]<\/p>\n","protected":false},"author":8,"featured_media":0,"parent":0,"menu_order":0,"comment_status":"closed","ping_status":"closed","template":"","meta":{"footnotes":""},"class_list":["post-114954","page","type-page","status-publish","hentry"],"yoast_head":"<!-- This site is optimized with the Yoast SEO plugin v27.3 - https:\/\/yoast.com\/product\/yoast-seo-wordpress\/ -->\n<title>Logiciel \/ firmware | Technoton<\/title>\n<meta name=\"description\" content=\"Logiciel et micrologiciel pour le capteur de niveau de carburant DUT-E, le d\u00e9bitm\u00e8tre de carburant DFM et l&#039;interface de donn\u00e9es v\u00e9hicule MasterCAN.\" \/>\n<meta name=\"robots\" content=\"index, follow, max-snippet:-1, max-image-preview:large, max-video-preview:-1\" \/>\n<link rel=\"canonical\" href=\"https:\/\/jv-technoton.com\/fr\/logiciel-firmware\/\" \/>\n<meta property=\"og:locale\" content=\"fr_FR\" \/>\n<meta property=\"og:type\" content=\"article\" \/>\n<meta property=\"og:title\" content=\"Logiciel \/ firmware | Technoton\" \/>\n<meta property=\"og:description\" content=\"Logiciel et micrologiciel pour le capteur de niveau de carburant DUT-E, le d\u00e9bitm\u00e8tre de carburant DFM et l&#039;interface de donn\u00e9es v\u00e9hicule MasterCAN.\" \/>\n<meta property=\"og:url\" content=\"https:\/\/jv-technoton.com\/fr\/logiciel-firmware\/\" \/>\n<meta property=\"og:site_name\" content=\"Technoton\" \/>\n<meta property=\"article:modified_time\" content=\"2026-03-20T10:42:12+00:00\" \/>\n<meta name=\"twitter:card\" content=\"summary_large_image\" \/>\n<meta name=\"twitter:label1\" content=\"Dur\u00e9e de lecture estim\u00e9e\" \/>\n\t<meta name=\"twitter:data1\" content=\"2 minutes\" \/>\n<script type=\"application\/ld+json\" class=\"yoast-schema-graph\">{\"@context\":\"https:\\\/\\\/schema.org\",\"@graph\":[{\"@type\":\"WebPage\",\"@id\":\"https:\\\/\\\/jv-technoton.com\\\/fr\\\/logiciel-firmware\\\/\",\"url\":\"https:\\\/\\\/jv-technoton.com\\\/fr\\\/logiciel-firmware\\\/\",\"name\":\"Logiciel \\\/ firmware | Technoton\",\"isPartOf\":{\"@id\":\"https:\\\/\\\/jv-technoton.com\\\/#website\"},\"datePublished\":\"2025-01-17T07:25:53+00:00\",\"dateModified\":\"2026-03-20T10:42:12+00:00\",\"description\":\"Logiciel et micrologiciel pour le capteur de niveau de carburant DUT-E, le d\u00e9bitm\u00e8tre de carburant DFM et l'interface de donn\u00e9es v\u00e9hicule MasterCAN.\",\"breadcrumb\":{\"@id\":\"https:\\\/\\\/jv-technoton.com\\\/fr\\\/logiciel-firmware\\\/#breadcrumb\"},\"inLanguage\":\"fr-FR\",\"potentialAction\":[{\"@type\":\"ReadAction\",\"target\":[\"https:\\\/\\\/jv-technoton.com\\\/fr\\\/logiciel-firmware\\\/\"]}]},{\"@type\":\"BreadcrumbList\",\"@id\":\"https:\\\/\\\/jv-technoton.com\\\/fr\\\/logiciel-firmware\\\/#breadcrumb\",\"itemListElement\":[{\"@type\":\"ListItem\",\"position\":1,\"name\":\"Home\",\"item\":\"https:\\\/\\\/jv-technoton.com\\\/fr\\\/\"},{\"@type\":\"ListItem\",\"position\":2,\"name\":\"Logiciel \\\/ firmware\"}]},{\"@type\":\"WebSite\",\"@id\":\"https:\\\/\\\/jv-technoton.com\\\/#website\",\"url\":\"https:\\\/\\\/jv-technoton.com\\\/\",\"name\":\"Advanced machinery telematics and fuel monitoring\",\"description\":\"T\u00e9l\u00e9matique et suivi du carburant pour machines complexes\",\"publisher\":{\"@id\":\"https:\\\/\\\/jv-technoton.com\\\/#organization\"},\"potentialAction\":[{\"@type\":\"SearchAction\",\"target\":{\"@type\":\"EntryPoint\",\"urlTemplate\":\"https:\\\/\\\/jv-technoton.com\\\/?s={search_term_string}\"},\"query-input\":{\"@type\":\"PropertyValueSpecification\",\"valueRequired\":true,\"valueName\":\"search_term_string\"}}],\"inLanguage\":\"fr-FR\"},{\"@type\":\"Organization\",\"@id\":\"https:\\\/\\\/jv-technoton.com\\\/#organization\",\"name\":\"Technoton\",\"url\":\"https:\\\/\\\/jv-technoton.com\\\/\",\"logo\":{\"@type\":\"ImageObject\",\"inLanguage\":\"fr-FR\",\"@id\":\"https:\\\/\\\/jv-technoton.com\\\/#\\\/schema\\\/logo\\\/image\\\/\",\"url\":\"https:\\\/\\\/jv-technoton.com\\\/wp-content\\\/uploads\\\/2022\\\/02\\\/technoton_logo_web.png\",\"contentUrl\":\"https:\\\/\\\/jv-technoton.com\\\/wp-content\\\/uploads\\\/2022\\\/02\\\/technoton_logo_web.png\",\"width\":800,\"height\":329,\"caption\":\"Technoton\"},\"image\":{\"@id\":\"https:\\\/\\\/jv-technoton.com\\\/#\\\/schema\\\/logo\\\/image\\\/\"},\"sameAs\":[\"https:\\\/\\\/www.linkedin.com\\\/company\\\/technoton\"]}]}<\/script>\n<!-- \/ Yoast SEO plugin. -->","yoast_head_json":{"title":"Logiciel \/ firmware | Technoton","description":"Logiciel et micrologiciel pour le capteur de niveau de carburant DUT-E, le d\u00e9bitm\u00e8tre de carburant DFM et l'interface de donn\u00e9es v\u00e9hicule MasterCAN.","robots":{"index":"index","follow":"follow","max-snippet":"max-snippet:-1","max-image-preview":"max-image-preview:large","max-video-preview":"max-video-preview:-1"},"canonical":"https:\/\/jv-technoton.com\/fr\/logiciel-firmware\/","og_locale":"fr_FR","og_type":"article","og_title":"Logiciel \/ firmware | Technoton","og_description":"Logiciel et micrologiciel pour le capteur de niveau de carburant DUT-E, le d\u00e9bitm\u00e8tre de carburant DFM et l'interface de donn\u00e9es v\u00e9hicule MasterCAN.","og_url":"https:\/\/jv-technoton.com\/fr\/logiciel-firmware\/","og_site_name":"Technoton","article_modified_time":"2026-03-20T10:42:12+00:00","twitter_card":"summary_large_image","twitter_misc":{"Dur\u00e9e de lecture estim\u00e9e":"2 minutes"},"schema":{"@context":"https:\/\/schema.org","@graph":[{"@type":"WebPage","@id":"https:\/\/jv-technoton.com\/fr\/logiciel-firmware\/","url":"https:\/\/jv-technoton.com\/fr\/logiciel-firmware\/","name":"Logiciel \/ firmware | Technoton","isPartOf":{"@id":"https:\/\/jv-technoton.com\/#website"},"datePublished":"2025-01-17T07:25:53+00:00","dateModified":"2026-03-20T10:42:12+00:00","description":"Logiciel et micrologiciel pour le capteur de niveau de carburant DUT-E, le d\u00e9bitm\u00e8tre de carburant DFM et l'interface de donn\u00e9es v\u00e9hicule MasterCAN.","breadcrumb":{"@id":"https:\/\/jv-technoton.com\/fr\/logiciel-firmware\/#breadcrumb"},"inLanguage":"fr-FR","potentialAction":[{"@type":"ReadAction","target":["https:\/\/jv-technoton.com\/fr\/logiciel-firmware\/"]}]},{"@type":"BreadcrumbList","@id":"https:\/\/jv-technoton.com\/fr\/logiciel-firmware\/#breadcrumb","itemListElement":[{"@type":"ListItem","position":1,"name":"Home","item":"https:\/\/jv-technoton.com\/fr\/"},{"@type":"ListItem","position":2,"name":"Logiciel \/ firmware"}]},{"@type":"WebSite","@id":"https:\/\/jv-technoton.com\/#website","url":"https:\/\/jv-technoton.com\/","name":"Advanced machinery telematics and fuel monitoring","description":"T\u00e9l\u00e9matique et suivi du carburant pour machines complexes","publisher":{"@id":"https:\/\/jv-technoton.com\/#organization"},"potentialAction":[{"@type":"SearchAction","target":{"@type":"EntryPoint","urlTemplate":"https:\/\/jv-technoton.com\/?s={search_term_string}"},"query-input":{"@type":"PropertyValueSpecification","valueRequired":true,"valueName":"search_term_string"}}],"inLanguage":"fr-FR"},{"@type":"Organization","@id":"https:\/\/jv-technoton.com\/#organization","name":"Technoton","url":"https:\/\/jv-technoton.com\/","logo":{"@type":"ImageObject","inLanguage":"fr-FR","@id":"https:\/\/jv-technoton.com\/#\/schema\/logo\/image\/","url":"https:\/\/jv-technoton.com\/wp-content\/uploads\/2022\/02\/technoton_logo_web.png","contentUrl":"https:\/\/jv-technoton.com\/wp-content\/uploads\/2022\/02\/technoton_logo_web.png","width":800,"height":329,"caption":"Technoton"},"image":{"@id":"https:\/\/jv-technoton.com\/#\/schema\/logo\/image\/"},"sameAs":["https:\/\/www.linkedin.com\/company\/technoton"]}]}},"rttpg_featured_image_url":null,"rttpg_author":{"display_name":"Tretyakov Sergey","author_link":"https:\/\/jv-technoton.com\/fr\/author\/sergei_tretyakov\/"},"rttpg_comment":0,"rttpg_category":" <a href=\"https:\/\/jv-technoton.com\/fr\/?taxonomy=translation_priority&#038;term=%d0%bd%d0%b5%d0%be%d0%b1%d1%8f%d0%b7%d0%b0%d1%82%d0%b5%d0%bb%d1%8c%d0%bd%d1%8b%d0%b9-fr\" rel=\"tag\">\u041d\u0435\u043e\u0431\u044f\u0437\u0430\u0442\u0435\u043b\u044c\u043d\u044b\u0439<\/a>","rttpg_excerpt":"[vc_row full_width=\u00a0\u00bbstretch_row\u00a0\u00bb][vc_column][vc_column_text css=\u00a0\u00bb\u00a0\u00bb] Logiciel \/ micrologiciel [\/vc_column_text][\/vc_column][\/vc_row][vc_row][vc_column][\/vc_column][\/vc_row][vc_row][vc_column][vc_tta_tabs color=\u00a0\u00bbwhite\u00a0\u00bb active_section=\u00a0\u00bb1&Prime;][vc_tta_section title=\u00a0\u00bbLogiciel\u00a0\u00bb tab_id=\u00a0\u00bb1520418515652-752ada32-e2e1&Prime;][vc_column_text] Software Product Notation [\/vc_column_text][vc_column_text css=\u00a0\u00bb\u00a0\u00bb el_class=\u00a0\u00bbtable_SV\u00a0\u00bb] Service DU\u0422-E v.3.26 DUT-E AF, DUT-E 232, DUT-E 485, DUT-E CAN [\/vc_column_text][vc_column_text css=\u00a0\u00bb\u00a0\u00bb el_class=\u00a0\u00bbtable_SV\u00a0\u00bb] ServiceS6 DUT-E v.6.12 DUT-E 2Bio CAN, DUT-E CAN, DUT-E GSM, DUT-E AF DUT-E CAN and DUT-E GSM &#8211; Pour les capteurs produits apr\u00e8s le\u2026","_links":{"self":[{"href":"https:\/\/jv-technoton.com\/fr\/wp-json\/wp\/v2\/pages\/114954","targetHints":{"allow":["GET"]}}],"collection":[{"href":"https:\/\/jv-technoton.com\/fr\/wp-json\/wp\/v2\/pages"}],"about":[{"href":"https:\/\/jv-technoton.com\/fr\/wp-json\/wp\/v2\/types\/page"}],"author":[{"embeddable":true,"href":"https:\/\/jv-technoton.com\/fr\/wp-json\/wp\/v2\/users\/8"}],"replies":[{"embeddable":true,"href":"https:\/\/jv-technoton.com\/fr\/wp-json\/wp\/v2\/comments?post=114954"}],"version-history":[{"count":3,"href":"https:\/\/jv-technoton.com\/fr\/wp-json\/wp\/v2\/pages\/114954\/revisions"}],"predecessor-version":[{"id":133258,"href":"https:\/\/jv-technoton.com\/fr\/wp-json\/wp\/v2\/pages\/114954\/revisions\/133258"}],"wp:attachment":[{"href":"https:\/\/jv-technoton.com\/fr\/wp-json\/wp\/v2\/media?parent=114954"}],"curies":[{"name":"wp","href":"https:\/\/api.w.org\/{rel}","templated":true}]}}