{"id":114957,"date":"2025-01-17T10:33:40","date_gmt":"2025-01-17T07:33:40","guid":{"rendered":"https:\/\/jv-technoton.com\/?page_id=114957"},"modified":"2025-08-29T15:11:21","modified_gmt":"2025-08-29T12:11:21","slug":"abonnez-vous-a-la-newsletter","status":"publish","type":"page","link":"https:\/\/jv-technoton.com\/fr\/abonnez-vous-a-la-newsletter\/","title":{"rendered":"Abonnez-vous \u00e0 la newsletter"},"content":{"rendered":"<div class=\"wpb-content-wrapper\"><p>[vc_row][vc_column width=\u00a0\u00bb1\/2&Prime;]<div class=\"ult-spacer spacer-69e19fc3d187a\" data-id=\"69e19fc3d187a\" data-height=\"40\" data-height-mobile=\"40\" data-height-tab=\"40\" data-height-tab-portrait=\"\" data-height-mobile-landscape=\"\" style=\"clear:both;display:block;\"><\/div>[vc_column_text css=\u00a0\u00bb\u00a0\u00bb]<\/p>\n<h1>Abonnez-vous \u00e0 la newsletter<\/h1>\n<p>[\/vc_column_text][vc_column_text]<img decoding=\"async\" class=\"aligncenter wp-image-7974 size-full\" title=\"\u041f\u043e\u0434\u043f\u0438\u0441\u0430\u0442\u044c\u0441\u044f \u043d\u0430 \u0440\u0430\u0441\u0441\u044b\u043b\u043a\u0443 Technoton\" src=\"https:\/\/jv-technoton.com\/wp-content\/uploads\/2018\/02\/env.png\" alt=\"\u041f\u043e\u0434\u043f\u0438\u0441\u0430\u0442\u044c\u0441\u044f \u043d\u0430 \u0440\u0430\u0441\u0441\u044b\u043b\u043a\u0443 Technoton\" width=\"253\" height=\"249\" \/>[\/vc_column_text]<div class=\"ult-spacer spacer-69e19fc3d18b4\" data-id=\"69e19fc3d18b4\" data-height=\"20\" data-height-mobile=\"20\" data-height-tab=\"20\" data-height-tab-portrait=\"\" data-height-mobile-landscape=\"\" style=\"clear:both;display:block;\"><\/div>[\/vc_column][vc_column width=\u00a0\u00bb1\/2&Prime;]<div class=\"ult-spacer spacer-69e19fc3d18da\" data-id=\"69e19fc3d18da\" data-height=\"40\" data-height-mobile=\"40\" data-height-tab=\"40\" data-height-tab-portrait=\"\" data-height-mobile-landscape=\"\" style=\"clear:both;display:block;\"><\/div><div class=\"ult-spacer spacer-69e19fc3d18fa\" data-id=\"69e19fc3d18fa\" data-height=\"40\" data-height-mobile=\"40\" data-height-tab=\"40\" data-height-tab-portrait=\"\" data-height-mobile-landscape=\"\" style=\"clear:both;display:block;\"><\/div><div class=\"ult-spacer spacer-69e19fc3d1917\" data-id=\"69e19fc3d1917\" data-height=\"40\" data-height-mobile=\"40\" data-height-tab=\"40\" data-height-tab-portrait=\"\" data-height-mobile-landscape=\"\" style=\"clear:both;display:block;\"><\/div>[vc_column_text css=\u00a0\u00bb\u00a0\u00bb]Ce que nous allons vous envoyer\u00a0:<\/p>\n<p>Les derni\u00e8res nouvelles de Technoton<br \/>\nInformations sur les nouveaux produits<br \/>\nInformations sur les nouvelles applications<br \/>\nDe nouvelles solutions sectorielles<br \/>\nInvitations \u00e0 des salons, ateliers, webinaires<br \/>\nNotifications sur les mises \u00e0 jour de la documentation produit[\/vc_column_text][\/vc_column][\/vc_row][vc_row][vc_column][vc_raw_html css=\u00a0\u00bb\u00a0\u00bb]JTNDc2NyaXB0JTIwc3JjJTNEJTIyJTJGJTJGd2ViLndlYmZvcm1zY3IuY29tJTJGYXBwcyUyRmZjMyUyRmJ1aWxkJTJGbG9hZGVyLmpzJTIyJTIwYXN5bmMlMjBzcC1mb3JtLWlkJTNEJTIyN2NkMTdlMTZjMGM5YzExZTcyMTk2NWI4ZDcwNzJiNzhjZWQzZDZmMjA1ODI4MTFiN2MxZDUyZjgwMjA4MWE5MyUyMiUzRSUzQyUyRnNjcmlwdCUzRQ==[\/vc_raw_html][\/vc_column][\/vc_row]<\/p>\n<\/div>","protected":false},"excerpt":{"rendered":"<p>[vc_row][vc_column width=\u00a0\u00bb1\/2&Prime;][vc_column_text css=\u00a0\u00bb\u00a0\u00bb] Abonnez-vous \u00e0 la newsletter [\/vc_column_text][vc_column_text][\/vc_column_text][\/vc_column][vc_column width=\u00a0\u00bb1\/2&Prime;][vc_column_text css=\u00a0\u00bb\u00a0\u00bb]Ce que nous allons vous envoyer\u00a0: Les derni\u00e8res nouvelles de Technoton Informations sur les nouveaux produits Informations sur les nouvelles applications De nouvelles solutions sectorielles Invitations \u00e0 des salons, ateliers, webinaires Notifications sur les mises \u00e0 jour de la documentation produit[\/vc_column_text][\/vc_column][\/vc_row][vc_row][vc_column][vc_raw_html css=\u00a0\u00bb\u00a0\u00bb]JTNDc2NyaXB0JTIwc3JjJTNEJTIyJTJGJTJGd2ViLndlYmZvcm1zY3IuY29tJTJGYXBwcyUyRmZjMyUyRmJ1aWxkJTJGbG9hZGVyLmpzJTIyJTIwYXN5bmMlMjBzcC1mb3JtLWlkJTNEJTIyN2NkMTdlMTZjMGM5YzExZTcyMTk2NWI4ZDcwNzJiNzhjZWQzZDZmMjA1ODI4MTFiN2MxZDUyZjgwMjA4MWE5MyUyMiUzRSUzQyUyRnNjcmlwdCUzRQ==[\/vc_raw_html][\/vc_column][\/vc_row]<\/p>\n","protected":false},"author":8,"featured_media":0,"parent":0,"menu_order":0,"comment_status":"closed","ping_status":"closed","template":"","meta":{"footnotes":""},"class_list":["post-114957","page","type-page","status-publish","hentry"],"yoast_head":"<!-- This site is optimized with the Yoast SEO plugin v27.3 - https:\/\/yoast.com\/product\/yoast-seo-wordpress\/ -->\n<title>Abonnez-vous \u00e0 la newsletter | Technoton<\/title>\n<meta name=\"description\" content=\"Inscrivez-vous pour recevoir les derni\u00e8res nouvelles et mises \u00e0 jour de Technoton - produits, solutions, applications, \u00e9v\u00e9nements, documentation.\" \/>\n<meta name=\"robots\" content=\"index, follow, max-snippet:-1, max-image-preview:large, max-video-preview:-1\" \/>\n<link rel=\"canonical\" href=\"https:\/\/jv-technoton.com\/fr\/abonnez-vous-a-la-newsletter\/\" \/>\n<meta property=\"og:locale\" content=\"fr_FR\" \/>\n<meta property=\"og:type\" content=\"article\" \/>\n<meta property=\"og:title\" content=\"Abonnez-vous \u00e0 la newsletter | Technoton\" \/>\n<meta property=\"og:description\" content=\"Inscrivez-vous pour recevoir les derni\u00e8res nouvelles et mises \u00e0 jour de Technoton - produits, solutions, applications, \u00e9v\u00e9nements, documentation.\" \/>\n<meta property=\"og:url\" content=\"https:\/\/jv-technoton.com\/fr\/abonnez-vous-a-la-newsletter\/\" \/>\n<meta property=\"og:site_name\" content=\"Technoton\" \/>\n<meta property=\"article:modified_time\" content=\"2025-08-29T12:11:21+00:00\" \/>\n<meta property=\"og:image\" content=\"https:\/\/jv-technoton.com\/wp-content\/uploads\/2018\/02\/env.png\" \/>\n\t<meta property=\"og:image:width\" content=\"253\" \/>\n\t<meta property=\"og:image:height\" content=\"249\" \/>\n\t<meta property=\"og:image:type\" content=\"image\/png\" \/>\n<meta name=\"twitter:card\" content=\"summary_large_image\" \/>\n<meta name=\"twitter:label1\" content=\"Dur\u00e9e de lecture estim\u00e9e\" \/>\n\t<meta name=\"twitter:data1\" content=\"1 minute\" \/>\n<script type=\"application\/ld+json\" class=\"yoast-schema-graph\">{\"@context\":\"https:\\\/\\\/schema.org\",\"@graph\":[{\"@type\":\"WebPage\",\"@id\":\"https:\\\/\\\/jv-technoton.com\\\/fr\\\/abonnez-vous-a-la-newsletter\\\/\",\"url\":\"https:\\\/\\\/jv-technoton.com\\\/fr\\\/abonnez-vous-a-la-newsletter\\\/\",\"name\":\"Abonnez-vous \u00e0 la newsletter | Technoton\",\"isPartOf\":{\"@id\":\"https:\\\/\\\/jv-technoton.com\\\/#website\"},\"primaryImageOfPage\":{\"@id\":\"https:\\\/\\\/jv-technoton.com\\\/fr\\\/abonnez-vous-a-la-newsletter\\\/#primaryimage\"},\"image\":{\"@id\":\"https:\\\/\\\/jv-technoton.com\\\/fr\\\/abonnez-vous-a-la-newsletter\\\/#primaryimage\"},\"thumbnailUrl\":\"https:\\\/\\\/jv-technoton.com\\\/wp-content\\\/uploads\\\/2018\\\/02\\\/env.png\",\"datePublished\":\"2025-01-17T07:33:40+00:00\",\"dateModified\":\"2025-08-29T12:11:21+00:00\",\"description\":\"Inscrivez-vous pour recevoir les derni\u00e8res nouvelles et mises \u00e0 jour de Technoton - produits, solutions, applications, \u00e9v\u00e9nements, documentation.\",\"breadcrumb\":{\"@id\":\"https:\\\/\\\/jv-technoton.com\\\/fr\\\/abonnez-vous-a-la-newsletter\\\/#breadcrumb\"},\"inLanguage\":\"fr-FR\",\"potentialAction\":[{\"@type\":\"ReadAction\",\"target\":[\"https:\\\/\\\/jv-technoton.com\\\/fr\\\/abonnez-vous-a-la-newsletter\\\/\"]}]},{\"@type\":\"ImageObject\",\"inLanguage\":\"fr-FR\",\"@id\":\"https:\\\/\\\/jv-technoton.com\\\/fr\\\/abonnez-vous-a-la-newsletter\\\/#primaryimage\",\"url\":\"https:\\\/\\\/jv-technoton.com\\\/wp-content\\\/uploads\\\/2018\\\/02\\\/env.png\",\"contentUrl\":\"https:\\\/\\\/jv-technoton.com\\\/wp-content\\\/uploads\\\/2018\\\/02\\\/env.png\"},{\"@type\":\"BreadcrumbList\",\"@id\":\"https:\\\/\\\/jv-technoton.com\\\/fr\\\/abonnez-vous-a-la-newsletter\\\/#breadcrumb\",\"itemListElement\":[{\"@type\":\"ListItem\",\"position\":1,\"name\":\"Home\",\"item\":\"https:\\\/\\\/jv-technoton.com\\\/fr\\\/\"},{\"@type\":\"ListItem\",\"position\":2,\"name\":\"Abonnez-vous \u00e0 la newsletter\"}]},{\"@type\":\"WebSite\",\"@id\":\"https:\\\/\\\/jv-technoton.com\\\/#website\",\"url\":\"https:\\\/\\\/jv-technoton.com\\\/\",\"name\":\"Advanced machinery telematics and fuel monitoring\",\"description\":\"T\u00e9l\u00e9matique et suivi du carburant pour machines complexes\",\"publisher\":{\"@id\":\"https:\\\/\\\/jv-technoton.com\\\/#organization\"},\"potentialAction\":[{\"@type\":\"SearchAction\",\"target\":{\"@type\":\"EntryPoint\",\"urlTemplate\":\"https:\\\/\\\/jv-technoton.com\\\/?s={search_term_string}\"},\"query-input\":{\"@type\":\"PropertyValueSpecification\",\"valueRequired\":true,\"valueName\":\"search_term_string\"}}],\"inLanguage\":\"fr-FR\"},{\"@type\":\"Organization\",\"@id\":\"https:\\\/\\\/jv-technoton.com\\\/#organization\",\"name\":\"Technoton\",\"url\":\"https:\\\/\\\/jv-technoton.com\\\/\",\"logo\":{\"@type\":\"ImageObject\",\"inLanguage\":\"fr-FR\",\"@id\":\"https:\\\/\\\/jv-technoton.com\\\/#\\\/schema\\\/logo\\\/image\\\/\",\"url\":\"https:\\\/\\\/jv-technoton.com\\\/wp-content\\\/uploads\\\/2022\\\/02\\\/technoton_logo_web.png\",\"contentUrl\":\"https:\\\/\\\/jv-technoton.com\\\/wp-content\\\/uploads\\\/2022\\\/02\\\/technoton_logo_web.png\",\"width\":800,\"height\":329,\"caption\":\"Technoton\"},\"image\":{\"@id\":\"https:\\\/\\\/jv-technoton.com\\\/#\\\/schema\\\/logo\\\/image\\\/\"},\"sameAs\":[\"https:\\\/\\\/www.linkedin.com\\\/company\\\/technoton\"]}]}<\/script>\n<!-- \/ Yoast SEO plugin. -->","yoast_head_json":{"title":"Abonnez-vous \u00e0 la newsletter | Technoton","description":"Inscrivez-vous pour recevoir les derni\u00e8res nouvelles et mises \u00e0 jour de Technoton - produits, solutions, applications, \u00e9v\u00e9nements, documentation.","robots":{"index":"index","follow":"follow","max-snippet":"max-snippet:-1","max-image-preview":"max-image-preview:large","max-video-preview":"max-video-preview:-1"},"canonical":"https:\/\/jv-technoton.com\/fr\/abonnez-vous-a-la-newsletter\/","og_locale":"fr_FR","og_type":"article","og_title":"Abonnez-vous \u00e0 la newsletter | Technoton","og_description":"Inscrivez-vous pour recevoir les derni\u00e8res nouvelles et mises \u00e0 jour de Technoton - produits, solutions, applications, \u00e9v\u00e9nements, documentation.","og_url":"https:\/\/jv-technoton.com\/fr\/abonnez-vous-a-la-newsletter\/","og_site_name":"Technoton","article_modified_time":"2025-08-29T12:11:21+00:00","og_image":[{"width":253,"height":249,"url":"https:\/\/jv-technoton.com\/wp-content\/uploads\/2018\/02\/env.png","type":"image\/png"}],"twitter_card":"summary_large_image","twitter_misc":{"Dur\u00e9e de lecture estim\u00e9e":"1 minute"},"schema":{"@context":"https:\/\/schema.org","@graph":[{"@type":"WebPage","@id":"https:\/\/jv-technoton.com\/fr\/abonnez-vous-a-la-newsletter\/","url":"https:\/\/jv-technoton.com\/fr\/abonnez-vous-a-la-newsletter\/","name":"Abonnez-vous \u00e0 la newsletter | Technoton","isPartOf":{"@id":"https:\/\/jv-technoton.com\/#website"},"primaryImageOfPage":{"@id":"https:\/\/jv-technoton.com\/fr\/abonnez-vous-a-la-newsletter\/#primaryimage"},"image":{"@id":"https:\/\/jv-technoton.com\/fr\/abonnez-vous-a-la-newsletter\/#primaryimage"},"thumbnailUrl":"https:\/\/jv-technoton.com\/wp-content\/uploads\/2018\/02\/env.png","datePublished":"2025-01-17T07:33:40+00:00","dateModified":"2025-08-29T12:11:21+00:00","description":"Inscrivez-vous pour recevoir les derni\u00e8res nouvelles et mises \u00e0 jour de Technoton - produits, solutions, applications, \u00e9v\u00e9nements, documentation.","breadcrumb":{"@id":"https:\/\/jv-technoton.com\/fr\/abonnez-vous-a-la-newsletter\/#breadcrumb"},"inLanguage":"fr-FR","potentialAction":[{"@type":"ReadAction","target":["https:\/\/jv-technoton.com\/fr\/abonnez-vous-a-la-newsletter\/"]}]},{"@type":"ImageObject","inLanguage":"fr-FR","@id":"https:\/\/jv-technoton.com\/fr\/abonnez-vous-a-la-newsletter\/#primaryimage","url":"https:\/\/jv-technoton.com\/wp-content\/uploads\/2018\/02\/env.png","contentUrl":"https:\/\/jv-technoton.com\/wp-content\/uploads\/2018\/02\/env.png"},{"@type":"BreadcrumbList","@id":"https:\/\/jv-technoton.com\/fr\/abonnez-vous-a-la-newsletter\/#breadcrumb","itemListElement":[{"@type":"ListItem","position":1,"name":"Home","item":"https:\/\/jv-technoton.com\/fr\/"},{"@type":"ListItem","position":2,"name":"Abonnez-vous \u00e0 la newsletter"}]},{"@type":"WebSite","@id":"https:\/\/jv-technoton.com\/#website","url":"https:\/\/jv-technoton.com\/","name":"Advanced machinery telematics and fuel monitoring","description":"T\u00e9l\u00e9matique et suivi du carburant pour machines complexes","publisher":{"@id":"https:\/\/jv-technoton.com\/#organization"},"potentialAction":[{"@type":"SearchAction","target":{"@type":"EntryPoint","urlTemplate":"https:\/\/jv-technoton.com\/?s={search_term_string}"},"query-input":{"@type":"PropertyValueSpecification","valueRequired":true,"valueName":"search_term_string"}}],"inLanguage":"fr-FR"},{"@type":"Organization","@id":"https:\/\/jv-technoton.com\/#organization","name":"Technoton","url":"https:\/\/jv-technoton.com\/","logo":{"@type":"ImageObject","inLanguage":"fr-FR","@id":"https:\/\/jv-technoton.com\/#\/schema\/logo\/image\/","url":"https:\/\/jv-technoton.com\/wp-content\/uploads\/2022\/02\/technoton_logo_web.png","contentUrl":"https:\/\/jv-technoton.com\/wp-content\/uploads\/2022\/02\/technoton_logo_web.png","width":800,"height":329,"caption":"Technoton"},"image":{"@id":"https:\/\/jv-technoton.com\/#\/schema\/logo\/image\/"},"sameAs":["https:\/\/www.linkedin.com\/company\/technoton"]}]}},"rttpg_featured_image_url":null,"rttpg_author":{"display_name":"Tretyakov Sergey","author_link":"https:\/\/jv-technoton.com\/fr\/author\/sergei_tretyakov\/"},"rttpg_comment":0,"rttpg_category":false,"rttpg_excerpt":"[vc_row][vc_column width=\u00a0\u00bb1\/2&Prime;][vc_column_text css=\u00a0\u00bb\u00a0\u00bb] Abonnez-vous \u00e0 la newsletter [\/vc_column_text][vc_column_text][\/vc_column_text][\/vc_column][vc_column width=\u00a0\u00bb1\/2&Prime;][vc_column_text css=\u00a0\u00bb\u00a0\u00bb]Ce que nous allons vous envoyer\u00a0: Les derni\u00e8res nouvelles de Technoton Informations sur les nouveaux produits Informations sur les nouvelles applications De nouvelles solutions sectorielles Invitations \u00e0 des salons, ateliers, webinaires Notifications sur les mises \u00e0 jour de la documentation produit[\/vc_column_text][\/vc_column][\/vc_row][vc_row][vc_column][vc_raw_html css=\u00a0\u00bb\u00a0\u00bb]JTNDc2NyaXB0JTIwc3JjJTNEJTIyJTJGJTJGd2ViLndlYmZvcm1zY3IuY29tJTJGYXBwcyUyRmZjMyUyRmJ1aWxkJTJGbG9hZGVyLmpzJTIyJTIwYXN5bmMlMjBzcC1mb3JtLWlkJTNEJTIyN2NkMTdlMTZjMGM5YzExZTcyMTk2NWI4ZDcwNzJiNzhjZWQzZDZmMjA1ODI4MTFiN2MxZDUyZjgwMjA4MWE5MyUyMiUzRSUzQyUyRnNjcmlwdCUzRQ==[\/vc_raw_html][\/vc_column][\/vc_row]","_links":{"self":[{"href":"https:\/\/jv-technoton.com\/fr\/wp-json\/wp\/v2\/pages\/114957","targetHints":{"allow":["GET"]}}],"collection":[{"href":"https:\/\/jv-technoton.com\/fr\/wp-json\/wp\/v2\/pages"}],"about":[{"href":"https:\/\/jv-technoton.com\/fr\/wp-json\/wp\/v2\/types\/page"}],"author":[{"embeddable":true,"href":"https:\/\/jv-technoton.com\/fr\/wp-json\/wp\/v2\/users\/8"}],"replies":[{"embeddable":true,"href":"https:\/\/jv-technoton.com\/fr\/wp-json\/wp\/v2\/comments?post=114957"}],"version-history":[{"count":1,"href":"https:\/\/jv-technoton.com\/fr\/wp-json\/wp\/v2\/pages\/114957\/revisions"}],"predecessor-version":[{"id":124832,"href":"https:\/\/jv-technoton.com\/fr\/wp-json\/wp\/v2\/pages\/114957\/revisions\/124832"}],"wp:attachment":[{"href":"https:\/\/jv-technoton.com\/fr\/wp-json\/wp\/v2\/media?parent=114957"}],"curies":[{"name":"wp","href":"https:\/\/api.w.org\/{rel}","templated":true}]}}